{"id":10628,"date":"2022-10-21T12:44:16","date_gmt":"2022-10-21T12:44:16","guid":{"rendered":"https:\/\/www.globalfilter.com\/?page_id=10628"},"modified":"2022-10-21T15:08:32","modified_gmt":"2022-10-21T15:08:32","slug":"api-filtration","status":"publish","type":"page","link":"https:\/\/www.globalfilter.com\/de\/api-filtration\/","title":{"rendered":"API Filtration"},"content":{"rendered":"\n<div class=\"wp-block-cover alignfull is-light\" style=\"min-height:324px;aspect-ratio:unset;\"><span aria-hidden=\"true\" class=\"wp-block-cover__background has-background-dim\"><\/span><img decoding=\"async\" class=\"wp-block-cover__image-background wp-image-2265\" alt=\"Chemical Filtration \" src=\"https:\/\/www.globalfilter.com\/wp-content\/uploads\/2019\/09\/chemical.jpg\" data-object-fit=\"cover\" \/><div class=\"wp-block-cover__inner-container is-layout-flow wp-block-cover-is-layout-flow\">\n<h1 class=\"has-text-align-center has-light-gray-color has-text-color wp-block-heading\" id=\"\u201ch\u2014chemical\u201d\"><strong>Filtration pharmazeutischer Wirkstoffe (API) <\/strong>Filtration<\/h1>\n\n\n\n<p class=\"has-text-align-center has-light-gray-color has-text-color\"><em>Wir wissen um die Auswirkungen, die eine unsachgem\u00e4\u00dfe Filtration auf die von Ihnen hergestellten pharmazeutischen Pr\u00e4parate haben kann, und um die negativen Folgen, die eine mangelhafte Filtration f\u00fcr Ihr Unternehmen insgesamt haben kann. <\/em><\/p>\n\n\n\n<div class=\"wp-block-buttons is-content-justification-center is-layout-flex wp-container-core-buttons-is-layout-16018d1d wp-block-buttons-is-layout-flex\">\n<div class=\"wp-block-button\"><a class=\"wp-block-button__link has-green-background-color has-background\" href=\"https:\/\/www.globalfilter.com\/en-eu\/contact-us\/\">Kontaktieren Sie uns<\/a><\/div>\n<\/div>\n<\/div><\/div>\n\n\n\n<h2 class=\"wp-block-heading\" id=\"h-optimierung-des-api-filtrationsprozesses\">Optimierung des API-Filtrationsprozesses<\/h2>\n\n\n\n<p>In der feinchemischen Industrie ist es von entscheidender Bedeutung Prozessfl\u00fcssigkeiten mit qualitativ hochwertigen Filtern sicher zu filtern, um eine Verunreinigung durch Partikel und Mikroben zu verhindern und so die Sterilit\u00e4t und Qualit\u00e4t der Produkte zu gew\u00e4hrleisten, denn die Endprodukte dieser Prozesse gelangen als aktive pharmazeutische Wirkstoffe direkt in Pharmazeutika. Die Produktl\u00f6sungen von Global Filter tragen dazu bei, den Prozess vor Verunreinigungen zu sch\u00fctzen und gleichzeitig die Lebensdauer zu verl\u00e4ngern und die Betriebskosten zu senken. Global Filter entwickelt und fertigt Filterelemente und -geh\u00e4use, die in der API-Filtration weit verbreitet zum Einsatz kommen. Unsere 50-j\u00e4hrige Branchenerfahrung mit pharmazeutischen Pr\u00e4paraten hilft Ihnen bei der Optimierung Ihres Herstellungsprozesses.<\/p>\n\n\n\n<p><\/p>\n\n\n\n<h2 class=\"wp-block-heading\" id=\"h-beispiel-f-r-typische-prozessschritte-bei-der-herstellung-von-api-s\"><strong>Beispiel f\u00fcr typische Prozessschritte bei der Herstellung von API\u2018s<\/strong><\/h2>\n\n\n\n<figure class=\"wp-block-image size-large\"><img loading=\"lazy\" decoding=\"async\" width=\"1024\" height=\"430\" src=\"https:\/\/www.globalfilter.com\/wp-content\/uploads\/2022\/10\/API-process-DE-1-1024x430.png\" alt=\"API process DE\" class=\"wp-image-10629\" srcset=\"https:\/\/www.globalfilter.com\/wp-content\/uploads\/2022\/10\/API-process-DE-1-1024x430.png 1024w, https:\/\/www.globalfilter.com\/wp-content\/uploads\/2022\/10\/API-process-DE-1-300x126.png 300w, https:\/\/www.globalfilter.com\/wp-content\/uploads\/2022\/10\/API-process-DE-1-768x322.png 768w, https:\/\/www.globalfilter.com\/wp-content\/uploads\/2022\/10\/API-process-DE-1-1536x645.png 1536w, https:\/\/www.globalfilter.com\/wp-content\/uploads\/2022\/10\/API-process-DE-1.png 1761w\" sizes=\"auto, (max-width: 1024px) 100vw, 1024px\" \/><\/figure>\n\n\n\n<div class=\"wp-block-media-text alignwide is-stacked-on-mobile\"><figure class=\"wp-block-media-text__media\"><img loading=\"lazy\" decoding=\"async\" width=\"1024\" height=\"683\" src=\"https:\/\/www.globalfilter.com\/wp-content\/uploads\/2022\/05\/iStock-539342836-1024x683.jpg\" alt=\"\" class=\"wp-image-9532 size-full\" srcset=\"https:\/\/www.globalfilter.com\/wp-content\/uploads\/2022\/05\/iStock-539342836-1024x683.jpg 1024w, https:\/\/www.globalfilter.com\/wp-content\/uploads\/2022\/05\/iStock-539342836-300x200.jpg 300w, https:\/\/www.globalfilter.com\/wp-content\/uploads\/2022\/05\/iStock-539342836-768x512.jpg 768w, https:\/\/www.globalfilter.com\/wp-content\/uploads\/2022\/05\/iStock-539342836-1536x1024.jpg 1536w, https:\/\/www.globalfilter.com\/wp-content\/uploads\/2022\/05\/iStock-539342836-2048x1365.jpg 2048w, https:\/\/www.globalfilter.com\/wp-content\/uploads\/2022\/05\/iStock-539342836-272x182.jpg 272w\" sizes=\"auto, (max-width: 1024px) 100vw, 1024px\" \/><\/figure><div class=\"wp-block-media-text__content\">\n\n<h2 class=\"wp-block-heading\" id=\"h-api-filtration-vorgelagerter-prozess\">API-Filtration Vorgelagerter Prozess<\/h2>\n\n\n<p>Die Filtration von Rohstoffen ist wichtig, um eine optimale Produktivit\u00e4t bei der chemischen Reaktion oder Behandlung zu gew\u00e4hrleisten. Die Produktpalette von Global Filter bietet L\u00f6sungen zur Entfernung von Verunreinigungen von Feststoffpartikeln bis hin zu Mikroorganismen.<\/p>\n\n\n<p>Zun\u00e4chst empfehlen wir f\u00fcr die Partikelentfernung die <a href=\"https:\/\/www.globalfilter.com\/de\/meltblown-filterkerzen\/\">Meltblown-Filterkerzen der GCTB-Serie <\/a>von Global Filter zusammen mit dem <a href=\"https:\/\/www.globalfilter.com\/de\/produkte\/filtergehause\/kerzenfiltergehause\/\">GTCH-Serie Geh\u00e4use<\/a>. <\/p>\n\n\n<p>Dann empfehlen wir f\u00fcr den Point-of-Use-Filter zur Partikelentfernung unsere plissierte Tiefenfilterkerze (PP-Serie) mit einem <a href=\"https:\/\/www.globalfilter.com\/de\/produkte\/filtergehause\/kerzenfiltergehause\/\">GFHD-Einzelpl\u00e4tziges Kerzenfiltergeh\u00e4user.<\/a><\/p>\n\n\n<p>Dar\u00fcber hinaus raten wir zur Verwendung einer<a href=\"https:\/\/www.globalfilter.com\/de\/produkte\/membranfilterkerzen\/polyethersulfon\/\"> PES-Membranfilterkerze<\/a> mit einer Abscheidrate von 0,2 Mikron f\u00fcr die mikrobielle Retention f\u00fcr den Sterilisationsfilter.<\/p>\n\n\n<p>F\u00fcr den Gasfilter wird die Verwendung von PPTFE-Membranfilterkerzen (Sterilisationsqualit\u00e4t) zusammen mit dem <a href=\"https:\/\/www.globalfilter.com\/de\/produkte\/filtergehause\/kerzenfiltergehause\/\">GSTL-Hygienische Filterkerzengeh\u00e4use<\/a> empfohlen.<\/p>\n\n<\/div><\/div>\n\n\n\n<div class=\"wp-block-media-text alignwide has-media-on-the-right is-stacked-on-mobile\"><figure class=\"wp-block-media-text__media\"><img loading=\"lazy\" decoding=\"async\" width=\"1024\" height=\"683\" src=\"https:\/\/www.globalfilter.com\/wp-content\/uploads\/2022\/05\/iStock-906720020-1024x683.jpg\" alt=\"\" class=\"wp-image-9537 size-full\" srcset=\"https:\/\/www.globalfilter.com\/wp-content\/uploads\/2022\/05\/iStock-906720020-1024x683.jpg 1024w, https:\/\/www.globalfilter.com\/wp-content\/uploads\/2022\/05\/iStock-906720020-300x200.jpg 300w, https:\/\/www.globalfilter.com\/wp-content\/uploads\/2022\/05\/iStock-906720020-768x512.jpg 768w, https:\/\/www.globalfilter.com\/wp-content\/uploads\/2022\/05\/iStock-906720020-1536x1024.jpg 1536w, https:\/\/www.globalfilter.com\/wp-content\/uploads\/2022\/05\/iStock-906720020-2048x1365.jpg 2048w, https:\/\/www.globalfilter.com\/wp-content\/uploads\/2022\/05\/iStock-906720020-272x182.jpg 272w\" sizes=\"auto, (max-width: 1024px) 100vw, 1024px\" \/><\/figure><div class=\"wp-block-media-text__content\">\n<h2 class=\"wp-block-heading\" id=\"h-aktivkohle-oder-katalysatorentfernung\">Aktivkohle oder Katalysatorentfernung<\/h2>\n\n\n\n<p>W\u00e4hrend der Produktion kann es erforderlich sein, Feststoffe wie Aktivkohle oder Katalysatoren hinzuzuf\u00fcgen, die<br>die nach der Behandlung oder Reaktion entfernt werden. Je nach Feststoffmenge kann ein erster Hauptschritt erforderlich sein, um den Gro\u00dfteil der Katalysatoren zu entfernen. Der Cricket-Filter von Amafilter ist eine der besten L\u00f6sungen f\u00fcr diesen Schritt. F\u00fcr kleine Chargen oder nach der Hauptfiltration bieten wir auch verschiedene L\u00f6sungen in \u00dcbereinstimmung mit Ihrem Prozess an.<\/p>\n\n\n\n<p>Unsere <a href=\"https:\/\/www.globalfilter.com\/de\/produkte\/filterelemente-mit-hohem-durchsatz\/\">High Flow Filterkerze der HFB-Serie<\/a> ist eine der empfohlenen L\u00f6sungen, da sie eine sicherere und ges\u00fcndere Option darstellt. Die gefaltete <a href=\"https:\/\/www.globalfilter.com\/de\/produkte\/plissierte-filterkerzen\/polypropylen\/\">Tiefenfilterkerze der GHLS-Serie <\/a>von Global Filter bietet eine zuverl\u00e4ssige L\u00f6sung f\u00fcr die R\u00fcckgewinnung von Katalysatoren w\u00e4hrend ihrer gesamten Lebensdauer und insbesondere nach mehreren Zyklen.<\/p>\n\n\n\n<p><\/p>\n<\/div><\/div>\n\n\n\n<div class=\"wp-block-media-text alignwide is-stacked-on-mobile\"><figure class=\"wp-block-media-text__media\"><img loading=\"lazy\" decoding=\"async\" width=\"1024\" height=\"683\" src=\"https:\/\/www.globalfilter.com\/wp-content\/uploads\/2022\/05\/iStock-1298817518-1024x683.jpg\" alt=\"\" class=\"wp-image-9542 size-full\" srcset=\"https:\/\/www.globalfilter.com\/wp-content\/uploads\/2022\/05\/iStock-1298817518-1024x683.jpg 1024w, https:\/\/www.globalfilter.com\/wp-content\/uploads\/2022\/05\/iStock-1298817518-300x200.jpg 300w, https:\/\/www.globalfilter.com\/wp-content\/uploads\/2022\/05\/iStock-1298817518-768x512.jpg 768w, https:\/\/www.globalfilter.com\/wp-content\/uploads\/2022\/05\/iStock-1298817518-1536x1024.jpg 1536w, https:\/\/www.globalfilter.com\/wp-content\/uploads\/2022\/05\/iStock-1298817518-2048x1365.jpg 2048w, https:\/\/www.globalfilter.com\/wp-content\/uploads\/2022\/05\/iStock-1298817518-272x182.jpg 272w\" sizes=\"auto, (max-width: 1024px) 100vw, 1024px\" \/><\/figure><div class=\"wp-block-media-text__content\">\n\n<h2 class=\"wp-block-heading\" id=\"h-kristallisation-und-l-sungsmittelfiltration\">Kristallisation und L\u00f6sungsmittelfiltration<\/h2>\n\n\n<p>In mehreren Schritten werden L\u00f6sungsmittel ben\u00f6tigt, und die Herstellung hochreiner L\u00f6sungsmittel vor Ort kann sehr kosteng\u00fcnstig sein. Die <a href=\"https:\/\/www.globalfilter.com\/de\/produkte\/plissierte-filterkerzen\/polypropylen\/\">plissierten Filterkerzen der PP-Serie<\/a> und die <a href=\"https:\/\/www.globalfilter.com\/de\/produkte\/membranfilterkerzen\/ptfe\/\">GPFA-Membranfilterkerzen <\/a>mit absoluten Abscheidrate von bis zu 0,05 \u00b5m und hoher chemischer Kompatibilit\u00e4t sind die besten L\u00f6sungen, um Ihre Anforderungen in Bezug auf die L\u00f6sungsmittelfiltration zu erf\u00fcllen.  <\/p>\n\n<\/div><\/div>\n\n\n\n<h2 class=\"wp-block-heading\" id=\"h-literature\">Literature<\/h2>\n\n\n\n<p><strong><em>Laden Sie die untenstehende Literatur zur Filtration von pharmazeutischen Pr\u00e4paraten herunter, um mehr \u00fcber unsere Filtrationsl\u00f6sungen zu erfahren.<\/em><\/strong><\/p>\n\n\n\n<div class=\"wp-block-media-text alignwide is-stacked-on-mobile\" style=\"grid-template-columns:18% auto\"><figure class=\"wp-block-media-text__media\"><a href=\"https:\/\/www.globalfilter.com\/wp-content\/uploads\/2022\/09\/Whitepaper-pharmaceutical-preparations-EU.pdf\"><img loading=\"lazy\" decoding=\"async\" width=\"612\" height=\"797\" src=\"https:\/\/www.globalfilter.com\/wp-content\/uploads\/2022\/09\/API-white-paper-picture.png\" alt=\"API white paper\" class=\"wp-image-10368 size-full\" srcset=\"https:\/\/www.globalfilter.com\/wp-content\/uploads\/2022\/09\/API-white-paper-picture.png 612w, https:\/\/www.globalfilter.com\/wp-content\/uploads\/2022\/09\/API-white-paper-picture-230x300.png 230w\" sizes=\"auto, (max-width: 612px) 100vw, 612px\" \/><\/a><\/figure><div class=\"wp-block-media-text__content\">\n<p id=\"h-global-filter-designs-and-manufactures-vessels-and-filter-elements-used-in-the-beer-industry-our-expertise-enables-us-to-optimize-your-manufacturing-process\">In der feinchemischen Industrie ist es von entscheidender Bedeutung, Prozesskomponenten zu filtern, um eine Kontamination durch Partikel und Mikroben zu verhindern und so die Sterilit\u00e4t und Qualit\u00e4t der Produkte zu gew\u00e4hrleisten. Erfahren Sie, wie die Produktl\u00f6sungen von Global Filter zur Optimierung des API-Prozesses beitragen.<\/p>\n<\/div><\/div>\n\n\n\n<div class=\"wp-block-buttons is-content-justification-center is-layout-flex wp-container-core-buttons-is-layout-16018d1d wp-block-buttons-is-layout-flex\">\n<div class=\"wp-block-button\"><a class=\"wp-block-button__link has-green-background-color has-background\" href=\"https:\/\/www.globalfilter.com\/de\/kontaktieren-sie-uns\/\">Kontaktieren Sie uns!<\/a><\/div>\n<\/div>\n","protected":false},"excerpt":{"rendered":"<p>Optimierung des API-Filtrationsprozesses In der feinchemischen Industrie ist es von entscheidender Bedeutung Prozessfl\u00fcssigkeiten mit qualitativ hochwertigen Filtern sicher zu filtern, um eine Verunreinigung durch Partikel und Mikroben zu verhindern und so die Sterilit\u00e4t und Qualit\u00e4t der Produkte zu gew\u00e4hrleisten, denn die Endprodukte dieser Prozesse gelangen als aktive pharmazeutische Wirkstoffe direkt in Pharmazeutika. Die Produktl\u00f6sungen von [&hellip;]<\/p>\n","protected":false},"author":8,"featured_media":0,"parent":0,"menu_order":0,"comment_status":"closed","ping_status":"closed","template":"","meta":{"_acf_changed":false,"content-type":"","footnotes":""},"class_list":["post-10628","page","type-page","status-publish","hentry"],"acf":[],"yoast_head":"<!-- This site is optimized with the Yoast SEO plugin v27.3 - https:\/\/yoast.com\/product\/yoast-seo-wordpress\/ -->\n<title>API Filtration - Global Filter<\/title>\n<meta name=\"description\" content=\"Global Filter entwickelt und fertigt Filterelemente und -geh\u00e4usen, die in der API-Filtration weit verbreitet sind\" \/>\n<meta name=\"robots\" content=\"index, follow, max-snippet:-1, max-image-preview:large, max-video-preview:-1\" \/>\n<link rel=\"canonical\" href=\"https:\/\/www.globalfilter.com\/de\/api-filtration\/\" \/>\n<meta property=\"og:locale\" content=\"de_DE\" \/>\n<meta property=\"og:type\" content=\"article\" \/>\n<meta property=\"og:title\" content=\"API Filtration - Global Filter\" \/>\n<meta property=\"og:description\" content=\"Global Filter entwickelt und fertigt Filterelemente und -geh\u00e4usen, die in der API-Filtration weit verbreitet sind\" \/>\n<meta property=\"og:url\" content=\"https:\/\/www.globalfilter.com\/de\/api-filtration\/\" \/>\n<meta property=\"og:site_name\" content=\"Global Filter\" \/>\n<meta property=\"article:modified_time\" content=\"2022-10-21T15:08:32+00:00\" \/>\n<meta property=\"og:image\" content=\"https:\/\/www.globalfilter.com\/wp-content\/uploads\/2019\/09\/chemical.jpg\" \/>\n<meta name=\"twitter:card\" content=\"summary_large_image\" \/>\n<meta name=\"twitter:label1\" content=\"Gesch\u00e4tzte Lesezeit\" \/>\n\t<meta name=\"twitter:data1\" content=\"4 Minuten\" \/>\n<script type=\"application\/ld+json\" class=\"yoast-schema-graph\">{\"@context\":\"https:\\\/\\\/schema.org\",\"@graph\":[{\"@type\":\"WebPage\",\"@id\":\"https:\\\/\\\/www.globalfilter.com\\\/de\\\/api-filtration\\\/\",\"url\":\"https:\\\/\\\/www.globalfilter.com\\\/de\\\/api-filtration\\\/\",\"name\":\"API Filtration - Global Filter\",\"isPartOf\":{\"@id\":\"https:\\\/\\\/www.globalfilter.com\\\/de\\\/#website\"},\"primaryImageOfPage\":{\"@id\":\"https:\\\/\\\/www.globalfilter.com\\\/de\\\/api-filtration\\\/#primaryimage\"},\"image\":{\"@id\":\"https:\\\/\\\/www.globalfilter.com\\\/de\\\/api-filtration\\\/#primaryimage\"},\"thumbnailUrl\":\"https:\\\/\\\/www.globalfilter.com\\\/wp-content\\\/uploads\\\/2019\\\/09\\\/chemical.jpg\",\"datePublished\":\"2022-10-21T12:44:16+00:00\",\"dateModified\":\"2022-10-21T15:08:32+00:00\",\"description\":\"Global Filter entwickelt und fertigt Filterelemente und -geh\u00e4usen, die in der API-Filtration weit verbreitet sind\",\"breadcrumb\":{\"@id\":\"https:\\\/\\\/www.globalfilter.com\\\/de\\\/api-filtration\\\/#breadcrumb\"},\"inLanguage\":\"de-DE\",\"potentialAction\":[{\"@type\":\"ReadAction\",\"target\":[\"https:\\\/\\\/www.globalfilter.com\\\/de\\\/api-filtration\\\/\"]}]},{\"@type\":\"ImageObject\",\"inLanguage\":\"de-DE\",\"@id\":\"https:\\\/\\\/www.globalfilter.com\\\/de\\\/api-filtration\\\/#primaryimage\",\"url\":\"https:\\\/\\\/www.globalfilter.com\\\/wp-content\\\/uploads\\\/2019\\\/09\\\/chemical.jpg\",\"contentUrl\":\"https:\\\/\\\/www.globalfilter.com\\\/wp-content\\\/uploads\\\/2019\\\/09\\\/chemical.jpg\"},{\"@type\":\"BreadcrumbList\",\"@id\":\"https:\\\/\\\/www.globalfilter.com\\\/de\\\/api-filtration\\\/#breadcrumb\",\"itemListElement\":[{\"@type\":\"ListItem\",\"position\":1,\"name\":\"home\",\"item\":\"https:\\\/\\\/www.globalfilter.com\\\/de\\\/\"},{\"@type\":\"ListItem\",\"position\":2,\"name\":\"API Filtration\"}]},{\"@type\":\"WebSite\",\"@id\":\"https:\\\/\\\/www.globalfilter.com\\\/de\\\/#website\",\"url\":\"https:\\\/\\\/www.globalfilter.com\\\/de\\\/\",\"name\":\"Global Filter\",\"description\":\"Making the World Safer, Healthier and More Productive\",\"publisher\":{\"@id\":\"https:\\\/\\\/www.globalfilter.com\\\/de\\\/#organization\"},\"potentialAction\":[{\"@type\":\"SearchAction\",\"target\":{\"@type\":\"EntryPoint\",\"urlTemplate\":\"https:\\\/\\\/www.globalfilter.com\\\/de\\\/?s={search_term_string}\"},\"query-input\":{\"@type\":\"PropertyValueSpecification\",\"valueRequired\":true,\"valueName\":\"search_term_string\"}}],\"inLanguage\":\"de-DE\"},{\"@type\":\"Organization\",\"@id\":\"https:\\\/\\\/www.globalfilter.com\\\/de\\\/#organization\",\"name\":\"Global filter\",\"url\":\"https:\\\/\\\/www.globalfilter.com\\\/de\\\/\",\"logo\":{\"@type\":\"ImageObject\",\"inLanguage\":\"de-DE\",\"@id\":\"https:\\\/\\\/www.globalfilter.com\\\/de\\\/#\\\/schema\\\/logo\\\/image\\\/\",\"url\":\"https:\\\/\\\/www.globalfilter.com\\\/wp-content\\\/uploads\\\/2019\\\/06\\\/FGC-logo-1.png\",\"contentUrl\":\"https:\\\/\\\/www.globalfilter.com\\\/wp-content\\\/uploads\\\/2019\\\/06\\\/FGC-logo-1.png\",\"width\":1104,\"height\":224,\"caption\":\"Global filter\"},\"image\":{\"@id\":\"https:\\\/\\\/www.globalfilter.com\\\/de\\\/#\\\/schema\\\/logo\\\/image\\\/\"},\"sameAs\":[\"https:\\\/\\\/www.linkedin.com\\\/company\\\/global-filter-llc\"]}]}<\/script>\n<!-- \/ Yoast SEO plugin. -->","yoast_head_json":{"title":"API Filtration - Global Filter","description":"Global Filter entwickelt und fertigt Filterelemente und -geh\u00e4usen, die in der API-Filtration weit verbreitet sind","robots":{"index":"index","follow":"follow","max-snippet":"max-snippet:-1","max-image-preview":"max-image-preview:large","max-video-preview":"max-video-preview:-1"},"canonical":"https:\/\/www.globalfilter.com\/de\/api-filtration\/","og_locale":"de_DE","og_type":"article","og_title":"API Filtration - Global Filter","og_description":"Global Filter entwickelt und fertigt Filterelemente und -geh\u00e4usen, die in der API-Filtration weit verbreitet sind","og_url":"https:\/\/www.globalfilter.com\/de\/api-filtration\/","og_site_name":"Global Filter","article_modified_time":"2022-10-21T15:08:32+00:00","og_image":[{"url":"https:\/\/www.globalfilter.com\/wp-content\/uploads\/2019\/09\/chemical.jpg","type":"","width":"","height":""}],"twitter_card":"summary_large_image","twitter_misc":{"Gesch\u00e4tzte Lesezeit":"4 Minuten"},"schema":{"@context":"https:\/\/schema.org","@graph":[{"@type":"WebPage","@id":"https:\/\/www.globalfilter.com\/de\/api-filtration\/","url":"https:\/\/www.globalfilter.com\/de\/api-filtration\/","name":"API Filtration - Global Filter","isPartOf":{"@id":"https:\/\/www.globalfilter.com\/de\/#website"},"primaryImageOfPage":{"@id":"https:\/\/www.globalfilter.com\/de\/api-filtration\/#primaryimage"},"image":{"@id":"https:\/\/www.globalfilter.com\/de\/api-filtration\/#primaryimage"},"thumbnailUrl":"https:\/\/www.globalfilter.com\/wp-content\/uploads\/2019\/09\/chemical.jpg","datePublished":"2022-10-21T12:44:16+00:00","dateModified":"2022-10-21T15:08:32+00:00","description":"Global Filter entwickelt und fertigt Filterelemente und -geh\u00e4usen, die in der API-Filtration weit verbreitet sind","breadcrumb":{"@id":"https:\/\/www.globalfilter.com\/de\/api-filtration\/#breadcrumb"},"inLanguage":"de-DE","potentialAction":[{"@type":"ReadAction","target":["https:\/\/www.globalfilter.com\/de\/api-filtration\/"]}]},{"@type":"ImageObject","inLanguage":"de-DE","@id":"https:\/\/www.globalfilter.com\/de\/api-filtration\/#primaryimage","url":"https:\/\/www.globalfilter.com\/wp-content\/uploads\/2019\/09\/chemical.jpg","contentUrl":"https:\/\/www.globalfilter.com\/wp-content\/uploads\/2019\/09\/chemical.jpg"},{"@type":"BreadcrumbList","@id":"https:\/\/www.globalfilter.com\/de\/api-filtration\/#breadcrumb","itemListElement":[{"@type":"ListItem","position":1,"name":"home","item":"https:\/\/www.globalfilter.com\/de\/"},{"@type":"ListItem","position":2,"name":"API Filtration"}]},{"@type":"WebSite","@id":"https:\/\/www.globalfilter.com\/de\/#website","url":"https:\/\/www.globalfilter.com\/de\/","name":"Global Filter","description":"Making the World Safer, Healthier and More Productive","publisher":{"@id":"https:\/\/www.globalfilter.com\/de\/#organization"},"potentialAction":[{"@type":"SearchAction","target":{"@type":"EntryPoint","urlTemplate":"https:\/\/www.globalfilter.com\/de\/?s={search_term_string}"},"query-input":{"@type":"PropertyValueSpecification","valueRequired":true,"valueName":"search_term_string"}}],"inLanguage":"de-DE"},{"@type":"Organization","@id":"https:\/\/www.globalfilter.com\/de\/#organization","name":"Global filter","url":"https:\/\/www.globalfilter.com\/de\/","logo":{"@type":"ImageObject","inLanguage":"de-DE","@id":"https:\/\/www.globalfilter.com\/de\/#\/schema\/logo\/image\/","url":"https:\/\/www.globalfilter.com\/wp-content\/uploads\/2019\/06\/FGC-logo-1.png","contentUrl":"https:\/\/www.globalfilter.com\/wp-content\/uploads\/2019\/06\/FGC-logo-1.png","width":1104,"height":224,"caption":"Global filter"},"image":{"@id":"https:\/\/www.globalfilter.com\/de\/#\/schema\/logo\/image\/"},"sameAs":["https:\/\/www.linkedin.com\/company\/global-filter-llc"]}]}},"_links":{"self":[{"href":"https:\/\/www.globalfilter.com\/de\/wp-json\/wp\/v2\/pages\/10628","targetHints":{"allow":["GET"]}}],"collection":[{"href":"https:\/\/www.globalfilter.com\/de\/wp-json\/wp\/v2\/pages"}],"about":[{"href":"https:\/\/www.globalfilter.com\/de\/wp-json\/wp\/v2\/types\/page"}],"author":[{"embeddable":true,"href":"https:\/\/www.globalfilter.com\/de\/wp-json\/wp\/v2\/users\/8"}],"replies":[{"embeddable":true,"href":"https:\/\/www.globalfilter.com\/de\/wp-json\/wp\/v2\/comments?post=10628"}],"version-history":[{"count":0,"href":"https:\/\/www.globalfilter.com\/de\/wp-json\/wp\/v2\/pages\/10628\/revisions"}],"wp:attachment":[{"href":"https:\/\/www.globalfilter.com\/de\/wp-json\/wp\/v2\/media?parent=10628"}],"curies":[{"name":"wp","href":"https:\/\/api.w.org\/{rel}","templated":true}]}}