{"id":10804,"date":"2022-11-15T13:42:30","date_gmt":"2022-11-15T13:42:30","guid":{"rendered":"https:\/\/www.globalfilter.com\/?page_id=10804"},"modified":"2022-11-21T10:01:21","modified_gmt":"2022-11-21T10:01:21","slug":"loesungsmittelfiltration","status":"publish","type":"page","link":"https:\/\/www.globalfilter.com\/de\/loesungsmittelfiltration\/","title":{"rendered":"L\u00f6sungsmittelfiltration"},"content":{"rendered":"\n<div class=\"wp-block-cover alignfull is-light\" style=\"min-height:324px;aspect-ratio:unset;\"><span aria-hidden=\"true\" class=\"wp-block-cover__background has-background-dim\"><\/span><img decoding=\"async\" class=\"wp-block-cover__image-background wp-image-2265\" alt=\"Chemical Filtration \" src=\"https:\/\/www.globalfilter.com\/wp-content\/uploads\/2019\/09\/chemical.jpg\" data-object-fit=\"cover\" \/><div class=\"wp-block-cover__inner-container is-layout-flow wp-block-cover-is-layout-flow\">\n<h1 class=\"has-text-align-center has-light-gray-color has-text-color wp-block-heading\" id=\"\u201ch\u2014chemical\u201d\">L\u00f6sungsmittelfiltration<\/h1>\n\n\n\n<p class=\"has-text-align-center has-light-gray-color has-text-color\"><em>Wir sind uns der Auswirkungen bewusst, die eine unsachgem\u00e4\u00dfe Filtration auf die von Ihnen produzierten Feinchemikalien haben kann, und wissen um die negativen Folgen, die eine mangelhafte Filtration f\u00fcr Ihr Unternehmen haben kann. <\/em><\/p>\n\n\n\n<div class=\"wp-block-buttons is-content-justification-center is-layout-flex wp-container-core-buttons-is-layout-16018d1d wp-block-buttons-is-layout-flex\">\n<div class=\"wp-block-button\"><a class=\"wp-block-button__link has-green-background-color has-background\" href=\"https:\/\/www.globalfilter.com\/de\/kontaktieren-sie-uns\/\">Mit einem Experten sprechen<\/a><\/div>\n<\/div>\n<\/div><\/div>\n\n\n\n<h2 class=\"wp-block-heading\" id=\"h-filtration-von-organischen-l-sungsmitteln\">Filtration von organischen L\u00f6sungsmitteln<\/h2>\n\n\n\n<p>In der Feinchemie werden h\u00e4ufig organische L\u00f6sungsmittel verwendet. Die Filtration spielt in jeder Phase Ihrer Synthese eine wichtige Rolle: Filtration von Rohstoffen, chemische Filtration zwischen Reaktoren, Katalysatorfiltration und Sicherheitsfiltration. L\u00f6sungsmittel sind in der Regel gef\u00e4hrlich, und die Konzeption eines Filtersystems f\u00fcr die Filtration von L\u00f6sungsmitteln erfordert sorgf\u00e4ltige \u00dcberlegungen. \u00a0Bei der Auswahl, der f\u00fcr Ihren Prozess am besten geeigneten Filterkerze m\u00fcssen neben den herk\u00f6mmlichen Faktoren, (Durchflussmenge, Viskosit\u00e4t, Feststoffmenge) auch verschiedene Faktoren wie Temperatur und chemische Vertr\u00e4glichkeit ber\u00fccksichtigt werden.<\/p>\n\n\n\n<p>Bei organischen Chemikalien sind die Temperatur und die chemische Vertr\u00e4glichkeit in der Tat wichtige Aspekte:<\/p>\n\n\n\n<ul class=\"wp-block-list\"><li>Die chemische Vertr\u00e4glichkeit ist entscheidend, um die Freisetzung von Kunststoffpartikeln in Ihren Produkten zu verhindern.&nbsp; Das L\u00f6sungsmittel oder die L\u00f6sungsmittelmischung und die aktiven Molek\u00fcle k\u00f6nnen die chemische Kompatibilit\u00e4t der reaktiven Umgebung mit der verwendeten Filterkerze beeinflussen.<\/li><li>Auch die Temperatur der reaktiven Umgebung kann die Wahl der Filterkerze beeinflussen.<\/li><\/ul>\n\n\n\n<h2 class=\"wp-block-heading\" id=\"h-filterelemente-f-r-die-l-sungsmittelfiltration\">Filterelemente f\u00fcr die L\u00f6sungsmittelfiltration<\/h2>\n\n\n\n<p>F\u00fcr die L\u00f6sungsmittelfiltration empfehlen wir die Verwendung unserer <a href=\"https:\/\/www.globalfilter.com\/de\/produkte\/membranfilterkerzen\/ptfe\/\">GPFA-Serie Membranfilterkerzen<\/a> in Verbindung mit unseren <a href=\"https:\/\/www.globalfilter.com\/de\/produkte\/filtergehause\/kerzenfiltergehause\/\">Hygienischegeh\u00e4use<\/a>. Unsere Membranfilterkerzen mit absoluten Abscheidraten von bis zu 0,05 Mikron und mit hoher chemischer Kompatibilit\u00e4t sind die beste L\u00f6sung f\u00fcr Ihre Anforderungen. Unsere GPFA-Serie ist f\u00fcr Temperaturen bis zu 185\u00b0C geeignet und mit einer breiten Palette hochreaktiver Chemikalien kompatibel:<\/p>\n\n\n\n<p>\u2022 Essigs\u00e4ure (10%)<br>\u2022 Fluorwasserstoffs\u00e4ure (50%)<br>\u2022 Wasserstoffperoxid (30%)<br>\u2022 Salpeters\u00e4ure (konz.)<br>\u2022 Phosphors\u00e4ure (konz.)<br>\u2022 Schwefels\u00e4ure (konz.)<br>\u2022 Ammoniumhydroxid (konz.)<br>\u2022 Kaliumhydroxid (konz.)<br>\u2022 Natriumhydroxid (konz.)<br>\u2022 TMAH (5%)<br>\u2022 K\u00f6nigswasser (HNO3:HCl)<br>\u2022 BOE; NH4F:HF<br>\u2022 Gemischte \u00c4tzs\u00e4uren<br>\u2022 Chromphosphor-\u00c4tzmittel<br>\u2022 Piranha-\u00c4tzmittel<\/p>\n\n\n\n<p>Au\u00dferdem bieten wir eine gro\u00dfe Auswahl an Filterkerzenmedien (Polypropylen, Nylon, Glasfaser, Baumwolle, PTFE, Fluorpolymer, PES \u2026) f\u00fcr eine breite chemische Kompatibilit\u00e4t. Alle unsere Produkte verf\u00fcgen \u00fcber die von der Feinchemieindustrie geforderten Zertifikate.<\/p>\n\n\n\n<p><\/p>\n\n\n\n<p>Z\u00f6gern Sie nicht, uns f\u00fcr Ihren Bedarf an Filtration von Feinchemikalien und L\u00f6sungsmitteln zu kontaktieren. Wir k\u00f6nnen Ihnen helfen, Ihren Prozess und Ihre Filtrationskosten zu optimieren.<\/p>\n\n\n\n<div class=\"wp-block-buttons is-content-justification-center is-layout-flex wp-container-core-buttons-is-layout-16018d1d wp-block-buttons-is-layout-flex\">\n<div class=\"wp-block-button\"><a class=\"wp-block-button__link has-green-background-color has-background\" href=\"https:\/\/www.globalfilter.com\/de\/kontaktieren-sie-uns\/\">Kontaktieren Sie uns<\/a><\/div>\n<\/div>\n","protected":false},"excerpt":{"rendered":"<p>Filtration von organischen L\u00f6sungsmitteln In der Feinchemie werden h\u00e4ufig organische L\u00f6sungsmittel verwendet. Die Filtration spielt in jeder Phase Ihrer Synthese eine wichtige Rolle: Filtration von Rohstoffen, chemische Filtration zwischen Reaktoren, Katalysatorfiltration und Sicherheitsfiltration. L\u00f6sungsmittel sind in der Regel gef\u00e4hrlich, und die Konzeption eines Filtersystems f\u00fcr die Filtration von L\u00f6sungsmitteln erfordert sorgf\u00e4ltige \u00dcberlegungen. \u00a0Bei der Auswahl, [&hellip;]<\/p>\n","protected":false},"author":8,"featured_media":0,"parent":0,"menu_order":0,"comment_status":"closed","ping_status":"closed","template":"","meta":{"_acf_changed":false,"content-type":"","footnotes":""},"class_list":["post-10804","page","type-page","status-publish","hentry"],"acf":[],"yoast_head":"<!-- This site is optimized with the Yoast SEO plugin v27.3 - https:\/\/yoast.com\/product\/yoast-seo-wordpress\/ -->\n<title>L\u00f6sungsmittelfiltration - Global Filter<\/title>\n<meta name=\"description\" content=\"F\u00fcr die L\u00f6sungsmittelfiltration empfehlen wir die Verwendung unserer GPFA-Serie Membranfilterkerzen in Verbindung mit unseren Hygienischegeh\u00e4use. %L\u00f6sungsmittelfiltration\" \/>\n<meta name=\"robots\" content=\"index, follow, max-snippet:-1, max-image-preview:large, max-video-preview:-1\" \/>\n<link rel=\"canonical\" href=\"https:\/\/www.globalfilter.com\/de\/loesungsmittelfiltration\/\" \/>\n<meta property=\"og:locale\" content=\"de_DE\" \/>\n<meta property=\"og:type\" content=\"article\" \/>\n<meta property=\"og:title\" content=\"L\u00f6sungsmittelfiltration - Global Filter\" \/>\n<meta property=\"og:description\" content=\"F\u00fcr die L\u00f6sungsmittelfiltration empfehlen wir die Verwendung unserer GPFA-Serie Membranfilterkerzen in Verbindung mit unseren Hygienischegeh\u00e4use. %L\u00f6sungsmittelfiltration\" \/>\n<meta property=\"og:url\" content=\"https:\/\/www.globalfilter.com\/de\/loesungsmittelfiltration\/\" \/>\n<meta property=\"og:site_name\" content=\"Global Filter\" \/>\n<meta property=\"article:modified_time\" content=\"2022-11-21T10:01:21+00:00\" \/>\n<meta property=\"og:image\" content=\"https:\/\/www.globalfilter.com\/wp-content\/uploads\/2019\/09\/chemical.jpg\" \/>\n<meta name=\"twitter:card\" content=\"summary_large_image\" \/>\n<meta name=\"twitter:label1\" content=\"Gesch\u00e4tzte Lesezeit\" \/>\n\t<meta name=\"twitter:data1\" content=\"2 Minuten\" \/>\n<script type=\"application\/ld+json\" class=\"yoast-schema-graph\">{\"@context\":\"https:\\\/\\\/schema.org\",\"@graph\":[{\"@type\":\"WebPage\",\"@id\":\"https:\\\/\\\/www.globalfilter.com\\\/de\\\/loesungsmittelfiltration\\\/\",\"url\":\"https:\\\/\\\/www.globalfilter.com\\\/de\\\/loesungsmittelfiltration\\\/\",\"name\":\"L\u00f6sungsmittelfiltration - Global Filter\",\"isPartOf\":{\"@id\":\"https:\\\/\\\/www.globalfilter.com\\\/de\\\/#website\"},\"primaryImageOfPage\":{\"@id\":\"https:\\\/\\\/www.globalfilter.com\\\/de\\\/loesungsmittelfiltration\\\/#primaryimage\"},\"image\":{\"@id\":\"https:\\\/\\\/www.globalfilter.com\\\/de\\\/loesungsmittelfiltration\\\/#primaryimage\"},\"thumbnailUrl\":\"https:\\\/\\\/www.globalfilter.com\\\/wp-content\\\/uploads\\\/2019\\\/09\\\/chemical.jpg\",\"datePublished\":\"2022-11-15T13:42:30+00:00\",\"dateModified\":\"2022-11-21T10:01:21+00:00\",\"description\":\"F\u00fcr die L\u00f6sungsmittelfiltration empfehlen wir die Verwendung unserer GPFA-Serie Membranfilterkerzen in Verbindung mit unseren Hygienischegeh\u00e4use. %L\u00f6sungsmittelfiltration\",\"breadcrumb\":{\"@id\":\"https:\\\/\\\/www.globalfilter.com\\\/de\\\/loesungsmittelfiltration\\\/#breadcrumb\"},\"inLanguage\":\"de-DE\",\"potentialAction\":[{\"@type\":\"ReadAction\",\"target\":[\"https:\\\/\\\/www.globalfilter.com\\\/de\\\/loesungsmittelfiltration\\\/\"]}]},{\"@type\":\"ImageObject\",\"inLanguage\":\"de-DE\",\"@id\":\"https:\\\/\\\/www.globalfilter.com\\\/de\\\/loesungsmittelfiltration\\\/#primaryimage\",\"url\":\"https:\\\/\\\/www.globalfilter.com\\\/wp-content\\\/uploads\\\/2019\\\/09\\\/chemical.jpg\",\"contentUrl\":\"https:\\\/\\\/www.globalfilter.com\\\/wp-content\\\/uploads\\\/2019\\\/09\\\/chemical.jpg\"},{\"@type\":\"BreadcrumbList\",\"@id\":\"https:\\\/\\\/www.globalfilter.com\\\/de\\\/loesungsmittelfiltration\\\/#breadcrumb\",\"itemListElement\":[{\"@type\":\"ListItem\",\"position\":1,\"name\":\"home\",\"item\":\"https:\\\/\\\/www.globalfilter.com\\\/de\\\/\"},{\"@type\":\"ListItem\",\"position\":2,\"name\":\"L\u00f6sungsmittelfiltration\"}]},{\"@type\":\"WebSite\",\"@id\":\"https:\\\/\\\/www.globalfilter.com\\\/de\\\/#website\",\"url\":\"https:\\\/\\\/www.globalfilter.com\\\/de\\\/\",\"name\":\"Global Filter\",\"description\":\"Making the World Safer, Healthier and More Productive\",\"publisher\":{\"@id\":\"https:\\\/\\\/www.globalfilter.com\\\/de\\\/#organization\"},\"potentialAction\":[{\"@type\":\"SearchAction\",\"target\":{\"@type\":\"EntryPoint\",\"urlTemplate\":\"https:\\\/\\\/www.globalfilter.com\\\/de\\\/?s={search_term_string}\"},\"query-input\":{\"@type\":\"PropertyValueSpecification\",\"valueRequired\":true,\"valueName\":\"search_term_string\"}}],\"inLanguage\":\"de-DE\"},{\"@type\":\"Organization\",\"@id\":\"https:\\\/\\\/www.globalfilter.com\\\/de\\\/#organization\",\"name\":\"Global filter\",\"url\":\"https:\\\/\\\/www.globalfilter.com\\\/de\\\/\",\"logo\":{\"@type\":\"ImageObject\",\"inLanguage\":\"de-DE\",\"@id\":\"https:\\\/\\\/www.globalfilter.com\\\/de\\\/#\\\/schema\\\/logo\\\/image\\\/\",\"url\":\"https:\\\/\\\/www.globalfilter.com\\\/wp-content\\\/uploads\\\/2019\\\/06\\\/FGC-logo-1.png\",\"contentUrl\":\"https:\\\/\\\/www.globalfilter.com\\\/wp-content\\\/uploads\\\/2019\\\/06\\\/FGC-logo-1.png\",\"width\":1104,\"height\":224,\"caption\":\"Global filter\"},\"image\":{\"@id\":\"https:\\\/\\\/www.globalfilter.com\\\/de\\\/#\\\/schema\\\/logo\\\/image\\\/\"},\"sameAs\":[\"https:\\\/\\\/www.linkedin.com\\\/company\\\/global-filter-llc\"]}]}<\/script>\n<!-- \/ Yoast SEO plugin. -->","yoast_head_json":{"title":"L\u00f6sungsmittelfiltration - Global Filter","description":"F\u00fcr die L\u00f6sungsmittelfiltration empfehlen wir die Verwendung unserer GPFA-Serie Membranfilterkerzen in Verbindung mit unseren Hygienischegeh\u00e4use. %L\u00f6sungsmittelfiltration","robots":{"index":"index","follow":"follow","max-snippet":"max-snippet:-1","max-image-preview":"max-image-preview:large","max-video-preview":"max-video-preview:-1"},"canonical":"https:\/\/www.globalfilter.com\/de\/loesungsmittelfiltration\/","og_locale":"de_DE","og_type":"article","og_title":"L\u00f6sungsmittelfiltration - Global Filter","og_description":"F\u00fcr die L\u00f6sungsmittelfiltration empfehlen wir die Verwendung unserer GPFA-Serie Membranfilterkerzen in Verbindung mit unseren Hygienischegeh\u00e4use. %L\u00f6sungsmittelfiltration","og_url":"https:\/\/www.globalfilter.com\/de\/loesungsmittelfiltration\/","og_site_name":"Global Filter","article_modified_time":"2022-11-21T10:01:21+00:00","og_image":[{"url":"https:\/\/www.globalfilter.com\/wp-content\/uploads\/2019\/09\/chemical.jpg","type":"","width":"","height":""}],"twitter_card":"summary_large_image","twitter_misc":{"Gesch\u00e4tzte Lesezeit":"2 Minuten"},"schema":{"@context":"https:\/\/schema.org","@graph":[{"@type":"WebPage","@id":"https:\/\/www.globalfilter.com\/de\/loesungsmittelfiltration\/","url":"https:\/\/www.globalfilter.com\/de\/loesungsmittelfiltration\/","name":"L\u00f6sungsmittelfiltration - Global Filter","isPartOf":{"@id":"https:\/\/www.globalfilter.com\/de\/#website"},"primaryImageOfPage":{"@id":"https:\/\/www.globalfilter.com\/de\/loesungsmittelfiltration\/#primaryimage"},"image":{"@id":"https:\/\/www.globalfilter.com\/de\/loesungsmittelfiltration\/#primaryimage"},"thumbnailUrl":"https:\/\/www.globalfilter.com\/wp-content\/uploads\/2019\/09\/chemical.jpg","datePublished":"2022-11-15T13:42:30+00:00","dateModified":"2022-11-21T10:01:21+00:00","description":"F\u00fcr die L\u00f6sungsmittelfiltration empfehlen wir die Verwendung unserer GPFA-Serie Membranfilterkerzen in Verbindung mit unseren Hygienischegeh\u00e4use. %L\u00f6sungsmittelfiltration","breadcrumb":{"@id":"https:\/\/www.globalfilter.com\/de\/loesungsmittelfiltration\/#breadcrumb"},"inLanguage":"de-DE","potentialAction":[{"@type":"ReadAction","target":["https:\/\/www.globalfilter.com\/de\/loesungsmittelfiltration\/"]}]},{"@type":"ImageObject","inLanguage":"de-DE","@id":"https:\/\/www.globalfilter.com\/de\/loesungsmittelfiltration\/#primaryimage","url":"https:\/\/www.globalfilter.com\/wp-content\/uploads\/2019\/09\/chemical.jpg","contentUrl":"https:\/\/www.globalfilter.com\/wp-content\/uploads\/2019\/09\/chemical.jpg"},{"@type":"BreadcrumbList","@id":"https:\/\/www.globalfilter.com\/de\/loesungsmittelfiltration\/#breadcrumb","itemListElement":[{"@type":"ListItem","position":1,"name":"home","item":"https:\/\/www.globalfilter.com\/de\/"},{"@type":"ListItem","position":2,"name":"L\u00f6sungsmittelfiltration"}]},{"@type":"WebSite","@id":"https:\/\/www.globalfilter.com\/de\/#website","url":"https:\/\/www.globalfilter.com\/de\/","name":"Global Filter","description":"Making the World Safer, Healthier and More Productive","publisher":{"@id":"https:\/\/www.globalfilter.com\/de\/#organization"},"potentialAction":[{"@type":"SearchAction","target":{"@type":"EntryPoint","urlTemplate":"https:\/\/www.globalfilter.com\/de\/?s={search_term_string}"},"query-input":{"@type":"PropertyValueSpecification","valueRequired":true,"valueName":"search_term_string"}}],"inLanguage":"de-DE"},{"@type":"Organization","@id":"https:\/\/www.globalfilter.com\/de\/#organization","name":"Global filter","url":"https:\/\/www.globalfilter.com\/de\/","logo":{"@type":"ImageObject","inLanguage":"de-DE","@id":"https:\/\/www.globalfilter.com\/de\/#\/schema\/logo\/image\/","url":"https:\/\/www.globalfilter.com\/wp-content\/uploads\/2019\/06\/FGC-logo-1.png","contentUrl":"https:\/\/www.globalfilter.com\/wp-content\/uploads\/2019\/06\/FGC-logo-1.png","width":1104,"height":224,"caption":"Global filter"},"image":{"@id":"https:\/\/www.globalfilter.com\/de\/#\/schema\/logo\/image\/"},"sameAs":["https:\/\/www.linkedin.com\/company\/global-filter-llc"]}]}},"_links":{"self":[{"href":"https:\/\/www.globalfilter.com\/de\/wp-json\/wp\/v2\/pages\/10804","targetHints":{"allow":["GET"]}}],"collection":[{"href":"https:\/\/www.globalfilter.com\/de\/wp-json\/wp\/v2\/pages"}],"about":[{"href":"https:\/\/www.globalfilter.com\/de\/wp-json\/wp\/v2\/types\/page"}],"author":[{"embeddable":true,"href":"https:\/\/www.globalfilter.com\/de\/wp-json\/wp\/v2\/users\/8"}],"replies":[{"embeddable":true,"href":"https:\/\/www.globalfilter.com\/de\/wp-json\/wp\/v2\/comments?post=10804"}],"version-history":[{"count":0,"href":"https:\/\/www.globalfilter.com\/de\/wp-json\/wp\/v2\/pages\/10804\/revisions"}],"wp:attachment":[{"href":"https:\/\/www.globalfilter.com\/de\/wp-json\/wp\/v2\/media?parent=10804"}],"curies":[{"name":"wp","href":"https:\/\/api.w.org\/{rel}","templated":true}]}}