{"id":11682,"date":"2023-08-09T14:15:34","date_gmt":"2023-08-09T14:15:34","guid":{"rendered":"https:\/\/www.globalfilter.com\/?page_id=11682"},"modified":"2023-08-10T13:04:43","modified_gmt":"2023-08-10T13:04:43","slug":"tankentlueftungsfiltration","status":"publish","type":"page","link":"https:\/\/www.globalfilter.com\/de\/tankentlueftungsfiltration\/","title":{"rendered":"Tankentl\u00fcftungsfiltration"},"content":{"rendered":"\n<div class=\"wp-block-cover alignfull is-light\" style=\"min-height:264px;aspect-ratio:unset;\"><span aria-hidden=\"true\" class=\"wp-block-cover__background has-background-dim-40 has-background-dim\"><\/span><img loading=\"lazy\" decoding=\"async\" width=\"1392\" height=\"753\" class=\"wp-block-cover__image-background wp-image-11523\" alt=\"\" src=\"https:\/\/www.globalfilter.com\/wp-content\/uploads\/2023\/06\/Tank-Vent.jpg\" style=\"object-position:49% 51%\" data-object-fit=\"cover\" data-object-position=\"49% 51%\" srcset=\"https:\/\/www.globalfilter.com\/wp-content\/uploads\/2023\/06\/Tank-Vent.jpg 1392w, https:\/\/www.globalfilter.com\/wp-content\/uploads\/2023\/06\/Tank-Vent-300x162.jpg 300w, https:\/\/www.globalfilter.com\/wp-content\/uploads\/2023\/06\/Tank-Vent-1024x554.jpg 1024w, https:\/\/www.globalfilter.com\/wp-content\/uploads\/2023\/06\/Tank-Vent-768x415.jpg 768w\" sizes=\"auto, (max-width: 1392px) 100vw, 1392px\" \/><div class=\"wp-block-cover__inner-container is-layout-flow wp-block-cover-is-layout-flow\">\n<h2 class=\"has-text-align-center has-white-color has-text-color has-large-font-size wp-block-heading\" id=\"h-tankentl-ftungsfiltration\">Tankentl\u00fcftungsfiltration<\/h2>\n\n\n\n<p class=\"has-text-align-center has-white-color has-text-color\">Tankentl\u00fcftungsfilter spielen in vielen Prozessen eine entscheidende Rolle. Sie sch\u00fctzen Fl\u00fcssigkeiten, die in und aus Lagertanks gepumpt werden, vor Partikeln und mikrobiologischen Verunreinigungen in der Luft.<\/p>\n<\/div><\/div>\n\n\n\n<h2 class=\"wp-block-heading\" id=\"h-die-filtration-von-tankentl-ftungen-verstehen\">Die Filtration von Tankentl\u00fcftungen verstehen<\/h2>\n\n\n\n<p>Die Tankentl\u00fcftungsfilterung ist ein Filtersystem, das verhindern soll, dass Verunreinigungen in Lagertanks eindringen, die bei der Herstellung vieler Produkte verwendet werden. Sie beinhaltet die Verwendung spezieller Filter, die an den Tankentl\u00fcftungen angebracht werden, um luftgetragene Verunreinigungen wie Staubpartikel, Bakterien und fl\u00fcchtige organische Verbindungen (VOCs) einzufangen und zu entfernen, die die Qualit\u00e4t und Sicherheit des im Tank gelagerten Produkts beeintr\u00e4chtigen k\u00f6nnten. Die Filter der Tankentl\u00fcftungen m\u00fcssen richtig dimensioniert sein, damit sie den Luftstrom nicht behindern, um das Druckgleichgewicht aufrechtzuerhalten und Sch\u00e4den an den Lagertanks zu vermeiden. <\/p>\n\n\n\n<h2 class=\"wp-block-heading\" id=\"h-die-bedeutung-von-filtern-f-r-tankentl-ftungen\">Die Bedeutung von Filtern f\u00fcr Tankentl\u00fcftungen<\/h2>\n\n\n\n<ul class=\"wp-block-list\">\n<li><strong>Bewahrung der Produktqualit\u00e4t<\/strong>: Luftgetragene Schadstoffe wie Staub, Bakterien und VOCs k\u00f6nnen die Qualit\u00e4t des gelagerten Produkts beeintr\u00e4chtigen, indem sie unerw\u00fcnschte Ger\u00fcche oder Verunreinigungen einbringen. Tankentl\u00fcftungsfilter fungieren als Barriere, die sicherstellt, dass nur saubere Luft in die Lagertanks eindringt.<\/li>\n\n\n\n<li><strong>Aufrechterhaltung der Produkteinheitlichkeit<\/strong>: In der Industrie ist es entscheidend, dass Produkte die gleiche Leistung und das gleiche Aussehen haben. Tankentl\u00fcftungsfilter k\u00f6nnen Produktabweichungen minimieren, was zu einer zuverl\u00e4ssigen und zufriedenstellenden Erfahrung f\u00fcr den Kunden f\u00fchrt.<\/li>\n\n\n\n<li><strong>Einhaltung von Vorschriften<\/strong>: Industrieprodukte unterliegen strengen regulatorischen Anforderungen und Qualit\u00e4tsstandards. Tankentl\u00fcftungsfilter helfen der Produktion, diese von den Regulierungsbeh\u00f6rden festgelegten Anforderungen zu erf\u00fcllen.<\/li>\n<\/ul>\n\n\n\n<h2 class=\"wp-block-heading\" id=\"h-vorteile-von-filtern-f-r-tankentl-ftungen\">Vorteile von Filtern f\u00fcr Tankentl\u00fcftungen<\/h2>\n\n\n\n<ul class=\"wp-block-list\">\n<li><strong>H\u00f6here Sicherheit:<\/strong> Mit einem geringeren Risiko von Bakterien und VOCs k\u00f6nnen die Verbraucher sicher sein, dass das Produkt, das sie konsumieren, sicher ist, und die Fabrik kann sicher sein, dass sie die Vorschriften eingehalten werden.<\/li>\n\n\n\n<li><strong>L\u00e4ngere Haltbarkeit<\/strong>: Durch die Vermeidung von Kontaminationen wird die Haltbarkeit des Endprodukts verl\u00e4ngert, seine Frische bewahrt und seine Qualit\u00e4t im Laufe der Zeit gew\u00e4hrleistet.<\/li>\n\n\n\n<li><strong>Senkung der Produktions- und Ausr\u00fcstungskosten<\/strong>: Luftverunreinigungen k\u00f6nnen zu teuren Produktr\u00fcckrufen f\u00fchren und die nachgeschalteten Anlagen besch\u00e4digen. Ohne Entl\u00fcftungs\u00f6ffnungen w\u00fcrden die Produktlagertanks aufgrund von Druckschwankungen implodieren oder explodieren.<\/li>\n<\/ul>\n\n\n\n<h2 class=\"wp-block-heading\" id=\"h-anforderungen-an-tankentl-ftungen\">Anforderungen an Tankentl\u00fcftungen<\/h2>\n\n\n\n<ul class=\"wp-block-list\">\n<li><strong>Entfernung von Partikeln und Mikroorganismen<\/strong>: Die Filter zur Bel\u00fcftung von Tanks m\u00fcssen Staub, luftgetragene Tr\u00fcmmer, Bakterien, Viren und fl\u00fcchtige organische Verbindungen einfangen und wirksam entfernen. Eine hohe Effizienz bei der Filterung von Partikeln und Mikroorganismen ist entscheidend, um eine Kontamination des Endprodukts zu verhindern.<\/li>\n\n\n\n<li><strong>Luftstromkapazit\u00e4t:<\/strong> Die Luftstromkapazit\u00e4t muss ausreichen, um die Anforderungen an die Bel\u00fcftung und den Luftstrom der Speichertanks zu erf\u00fcllen. Achten Sie darauf, dass es keine \u00fcberm\u00e4\u00dfigen Druckabf\u00e4lle oder Einschr\u00e4nkungen des Luftstroms gibt, die die Lagertanks besch\u00e4digen k\u00f6nnten.<\/li>\n\n\n\n<li><strong>Langlebigkeit und Haltbarkeit<\/strong>: Filter sollten eine lange Lebensdauer haben und verschlei\u00dffest sein. Filter m\u00fcssen den Umweltbedingungen standhalten und ihre Filterwirkung \u00fcber einen l\u00e4ngeren Zeitraum aufrechterhalten k\u00f6nnen, ohne h\u00e4ufig ausgetauscht werden zu m\u00fcssen.<\/li>\n\n\n\n<li><strong>Einhaltung von Vorschriften<\/strong>: Die Filter m\u00fcssen die beh\u00f6rdlichen Anforderungen und Standards erf\u00fcllen, die von den zust\u00e4ndigen Beh\u00f6rden wie der Food and Drug Administration (FDA) oder anderen lokalen Regulierungsbeh\u00f6rden festgelegt wurden. Stellen Sie sicher, dass die ausgew\u00e4hlten Filter diesen Vorschriften entsprechen, um die Sicherheit und Qualit\u00e4t des Endprodukts zu gew\u00e4hrleisten.<\/li>\n\n\n\n<li><strong>Kompatibilit\u00e4t mit bestehenden Systemen<\/strong>: Die Tankentl\u00fcftungsfilter m\u00fcssen mit den vorhandenen L\u00fcftungssystemen und dem Design der im Prozess verwendeten Tanks kompatibel sein. Ber\u00fccksichtigen Sie die Kompatibilit\u00e4tsaspekte, um eine nahtlose Integration und einen reibungslosen Betrieb des Filtersystems zu gew\u00e4hrleisten.<\/li>\n<\/ul>\n\n\n\n<h2 class=\"wp-block-heading\" id=\"h-empfohlene-filter-f-r-die-tankentl-ftung\">Empfohlene Filter f\u00fcr die Tankentl\u00fcftung<\/h2>\n\n\n\n<p>Global Filter empfiehlt zwei Arten von Membrankerzen f\u00fcr die Filtration von Tankentl\u00fcftungen\u2026<\/p>\n\n\n\n<div class=\"wp-block-media-text alignwide is-stacked-on-mobile\"><figure class=\"wp-block-media-text__media\"><img loading=\"lazy\" decoding=\"async\" width=\"1024\" height=\"576\" src=\"https:\/\/www.globalfilter.com\/wp-content\/uploads\/2021\/02\/GHPS-Series-1-1024x576.jpg\" alt=\"\" class=\"wp-image-5449 size-full\" srcset=\"https:\/\/www.globalfilter.com\/wp-content\/uploads\/2021\/02\/GHPS-Series-1-1024x576.jpg 1024w, https:\/\/www.globalfilter.com\/wp-content\/uploads\/2021\/02\/GHPS-Series-1-300x169.jpg 300w, https:\/\/www.globalfilter.com\/wp-content\/uploads\/2021\/02\/GHPS-Series-1-768x432.jpg 768w, https:\/\/www.globalfilter.com\/wp-content\/uploads\/2021\/02\/GHPS-Series-1-1536x864.jpg 1536w, https:\/\/www.globalfilter.com\/wp-content\/uploads\/2021\/02\/GHPS-Series-1.jpg 1920w\" sizes=\"auto, (max-width: 1024px) 100vw, 1024px\" \/><\/figure><div class=\"wp-block-media-text__content\">\n<h2 class=\"wp-block-heading\" id=\"h-hydrophobe-polysulfonmembrane-filterkerzen\">Hydrophobe Polysulfonmembrane Filterkerzen<\/h2>\n\n\n\n<p>Global Filter empfiehlt die Verwendung unserer <a href=\"https:\/\/www.globalfilter.com\/de\/produkte\/membranfilterkerzen\/hydrophobes-polysulfon\/\">PSH-Series <\/a>Filterkerzen aus hydrophobem Polysulfon mit einer Abscheidrate von 0,2 Mikron. <\/p>\n\n\n\n<div class=\"wp-block-columns is-layout-flex wp-container-core-columns-is-layout-9d6595d7 wp-block-columns-is-layout-flex\">\n<div class=\"wp-block-column is-layout-flow wp-block-column-is-layout-flow\" style=\"flex-basis:100%\">\n<div class=\"wp-block-buttons is-layout-flex wp-block-buttons-is-layout-flex\">\n<div class=\"wp-block-button is-style-fill\"><a class=\"wp-block-button__link has-green-background-color has-background wp-element-button\" href=\"https:\/\/www.globalfilter.com\/de\/kontaktieren-sie-uns\/\">Kontaktieren Sie uns f\u00fcr mehr Informationen<\/a><\/div>\n<\/div>\n<\/div>\n<\/div>\n<\/div><\/div>\n\n\n\n<div class=\"wp-block-media-text alignwide is-stacked-on-mobile\"><figure class=\"wp-block-media-text__media\"><img loading=\"lazy\" decoding=\"async\" width=\"1024\" height=\"576\" src=\"https:\/\/www.globalfilter.com\/wp-content\/uploads\/2019\/09\/PTFE-1024x576.jpg\" alt=\"PTFE\" class=\"wp-image-600 size-full\" srcset=\"https:\/\/www.globalfilter.com\/wp-content\/uploads\/2019\/09\/PTFE-1024x576.jpg 1024w, https:\/\/www.globalfilter.com\/wp-content\/uploads\/2019\/09\/PTFE-300x169.jpg 300w, https:\/\/www.globalfilter.com\/wp-content\/uploads\/2019\/09\/PTFE-768x432.jpg 768w, https:\/\/www.globalfilter.com\/wp-content\/uploads\/2019\/09\/PTFE.jpg 1920w\" sizes=\"auto, (max-width: 1024px) 100vw, 1024px\" \/><\/figure><div class=\"wp-block-media-text__content\">\n<h2 class=\"wp-block-heading\" id=\"h-ptfe-membran-filterkerzen\">PTFE-Membran Filterkerzen<\/h2>\n\n\n\n<p>Global Filter empfiehlt die Verwendung unserer <a href=\"https:\/\/www.globalfilter.com\/de\/produkte\/membranfilterkerzen\/ptfe\/\">PPTFE-Series<\/a> Filterkerzen mit einer Abscheidrate von 0,2 Mikron.<\/p>\n\n\n\n<div class=\"wp-block-buttons is-layout-flex wp-block-buttons-is-layout-flex\">\n<div class=\"wp-block-button is-style-fill\"><a class=\"wp-block-button__link has-green-background-color has-background wp-element-button\" href=\"https:\/\/www.globalfilter.com\/de\/kontaktieren-sie-uns\/\">Kontaktieren Sie uns f\u00fcr mehr Informationen<\/a><\/div>\n<\/div>\n<\/div><\/div>\n","protected":false},"excerpt":{"rendered":"<p>Die Filtration von Tankentl\u00fcftungen verstehen Die Tankentl\u00fcftungsfilterung ist ein Filtersystem, das verhindern soll, dass Verunreinigungen in Lagertanks eindringen, die bei der Herstellung vieler Produkte verwendet werden. Sie beinhaltet die Verwendung spezieller Filter, die an den Tankentl\u00fcftungen angebracht werden, um luftgetragene Verunreinigungen wie Staubpartikel, Bakterien und fl\u00fcchtige organische Verbindungen (VOCs) einzufangen und zu entfernen, die die [&hellip;]<\/p>\n","protected":false},"author":8,"featured_media":11533,"parent":0,"menu_order":0,"comment_status":"closed","ping_status":"closed","template":"","meta":{"_acf_changed":false,"content-type":"","footnotes":""},"class_list":["post-11682","page","type-page","status-publish","has-post-thumbnail","hentry"],"acf":[],"yoast_head":"<!-- This site is optimized with the Yoast SEO plugin v27.3 - https:\/\/yoast.com\/product\/yoast-seo-wordpress\/ -->\n<title>Tankentl\u00fcftungsfiltration - Global Filter<\/title>\n<meta name=\"description\" content=\"Tankentl\u00fcftungsfiltration spielt in vielen Prozessen eine entscheidende Rolle. Sie sch\u00fctze Fl\u00fcssigkeiten, die in und aus Lagertanks gepumpt werden, vor Partikeln und mikrobiologischen Verunreinigungen in der Luft.\" \/>\n<meta name=\"robots\" content=\"index, follow, max-snippet:-1, max-image-preview:large, max-video-preview:-1\" \/>\n<link rel=\"canonical\" href=\"https:\/\/www.globalfilter.com\/de\/tankentlueftungsfiltration\/\" \/>\n<meta property=\"og:locale\" content=\"de_DE\" \/>\n<meta property=\"og:type\" content=\"article\" \/>\n<meta property=\"og:title\" content=\"Tankentl\u00fcftungsfiltration - Global Filter\" \/>\n<meta property=\"og:description\" content=\"Tankentl\u00fcftungsfiltration spielt in vielen Prozessen eine entscheidende Rolle. Sie sch\u00fctze Fl\u00fcssigkeiten, die in und aus Lagertanks gepumpt werden, vor Partikeln und mikrobiologischen Verunreinigungen in der Luft.\" \/>\n<meta property=\"og:url\" content=\"https:\/\/www.globalfilter.com\/de\/tankentlueftungsfiltration\/\" \/>\n<meta property=\"og:site_name\" content=\"Global Filter\" \/>\n<meta property=\"article:modified_time\" content=\"2023-08-10T13:04:43+00:00\" \/>\n<meta property=\"og:image\" content=\"https:\/\/www.globalfilter.com\/wp-content\/uploads\/2023\/06\/Tank-Vent-Filtration.png\" \/>\n\t<meta property=\"og:image:width\" content=\"1200\" \/>\n\t<meta property=\"og:image:height\" content=\"1200\" \/>\n\t<meta property=\"og:image:type\" content=\"image\/png\" \/>\n<meta name=\"twitter:card\" content=\"summary_large_image\" \/>\n<meta name=\"twitter:label1\" content=\"Gesch\u00e4tzte Lesezeit\" \/>\n\t<meta name=\"twitter:data1\" content=\"4 Minuten\" \/>\n<script type=\"application\/ld+json\" class=\"yoast-schema-graph\">{\"@context\":\"https:\\\/\\\/schema.org\",\"@graph\":[{\"@type\":\"WebPage\",\"@id\":\"https:\\\/\\\/www.globalfilter.com\\\/de\\\/tankentlueftungsfiltration\\\/\",\"url\":\"https:\\\/\\\/www.globalfilter.com\\\/de\\\/tankentlueftungsfiltration\\\/\",\"name\":\"Tankentl\u00fcftungsfiltration - Global Filter\",\"isPartOf\":{\"@id\":\"https:\\\/\\\/www.globalfilter.com\\\/de\\\/#website\"},\"primaryImageOfPage\":{\"@id\":\"https:\\\/\\\/www.globalfilter.com\\\/de\\\/tankentlueftungsfiltration\\\/#primaryimage\"},\"image\":{\"@id\":\"https:\\\/\\\/www.globalfilter.com\\\/de\\\/tankentlueftungsfiltration\\\/#primaryimage\"},\"thumbnailUrl\":\"https:\\\/\\\/www.globalfilter.com\\\/wp-content\\\/uploads\\\/2023\\\/06\\\/Tank-Vent-Filtration.png\",\"datePublished\":\"2023-08-09T14:15:34+00:00\",\"dateModified\":\"2023-08-10T13:04:43+00:00\",\"description\":\"Tankentl\u00fcftungsfiltration spielt in vielen Prozessen eine entscheidende Rolle. Sie sch\u00fctze Fl\u00fcssigkeiten, die in und aus Lagertanks gepumpt werden, vor Partikeln und mikrobiologischen Verunreinigungen in der Luft.\",\"breadcrumb\":{\"@id\":\"https:\\\/\\\/www.globalfilter.com\\\/de\\\/tankentlueftungsfiltration\\\/#breadcrumb\"},\"inLanguage\":\"de-DE\",\"potentialAction\":[{\"@type\":\"ReadAction\",\"target\":[\"https:\\\/\\\/www.globalfilter.com\\\/de\\\/tankentlueftungsfiltration\\\/\"]}]},{\"@type\":\"ImageObject\",\"inLanguage\":\"de-DE\",\"@id\":\"https:\\\/\\\/www.globalfilter.com\\\/de\\\/tankentlueftungsfiltration\\\/#primaryimage\",\"url\":\"https:\\\/\\\/www.globalfilter.com\\\/wp-content\\\/uploads\\\/2023\\\/06\\\/Tank-Vent-Filtration.png\",\"contentUrl\":\"https:\\\/\\\/www.globalfilter.com\\\/wp-content\\\/uploads\\\/2023\\\/06\\\/Tank-Vent-Filtration.png\",\"width\":1200,\"height\":1200},{\"@type\":\"BreadcrumbList\",\"@id\":\"https:\\\/\\\/www.globalfilter.com\\\/de\\\/tankentlueftungsfiltration\\\/#breadcrumb\",\"itemListElement\":[{\"@type\":\"ListItem\",\"position\":1,\"name\":\"home\",\"item\":\"https:\\\/\\\/www.globalfilter.com\\\/de\\\/\"},{\"@type\":\"ListItem\",\"position\":2,\"name\":\"Tankentl\u00fcftungsfiltration\"}]},{\"@type\":\"WebSite\",\"@id\":\"https:\\\/\\\/www.globalfilter.com\\\/de\\\/#website\",\"url\":\"https:\\\/\\\/www.globalfilter.com\\\/de\\\/\",\"name\":\"Global Filter\",\"description\":\"Making the World Safer, Healthier and More Productive\",\"publisher\":{\"@id\":\"https:\\\/\\\/www.globalfilter.com\\\/de\\\/#organization\"},\"potentialAction\":[{\"@type\":\"SearchAction\",\"target\":{\"@type\":\"EntryPoint\",\"urlTemplate\":\"https:\\\/\\\/www.globalfilter.com\\\/de\\\/?s={search_term_string}\"},\"query-input\":{\"@type\":\"PropertyValueSpecification\",\"valueRequired\":true,\"valueName\":\"search_term_string\"}}],\"inLanguage\":\"de-DE\"},{\"@type\":\"Organization\",\"@id\":\"https:\\\/\\\/www.globalfilter.com\\\/de\\\/#organization\",\"name\":\"Global filter\",\"url\":\"https:\\\/\\\/www.globalfilter.com\\\/de\\\/\",\"logo\":{\"@type\":\"ImageObject\",\"inLanguage\":\"de-DE\",\"@id\":\"https:\\\/\\\/www.globalfilter.com\\\/de\\\/#\\\/schema\\\/logo\\\/image\\\/\",\"url\":\"https:\\\/\\\/www.globalfilter.com\\\/wp-content\\\/uploads\\\/2019\\\/06\\\/FGC-logo-1.png\",\"contentUrl\":\"https:\\\/\\\/www.globalfilter.com\\\/wp-content\\\/uploads\\\/2019\\\/06\\\/FGC-logo-1.png\",\"width\":1104,\"height\":224,\"caption\":\"Global filter\"},\"image\":{\"@id\":\"https:\\\/\\\/www.globalfilter.com\\\/de\\\/#\\\/schema\\\/logo\\\/image\\\/\"},\"sameAs\":[\"https:\\\/\\\/www.linkedin.com\\\/company\\\/global-filter-llc\"]}]}<\/script>\n<!-- \/ Yoast SEO plugin. -->","yoast_head_json":{"title":"Tankentl\u00fcftungsfiltration - Global Filter","description":"Tankentl\u00fcftungsfiltration spielt in vielen Prozessen eine entscheidende Rolle. Sie sch\u00fctze Fl\u00fcssigkeiten, die in und aus Lagertanks gepumpt werden, vor Partikeln und mikrobiologischen Verunreinigungen in der Luft.","robots":{"index":"index","follow":"follow","max-snippet":"max-snippet:-1","max-image-preview":"max-image-preview:large","max-video-preview":"max-video-preview:-1"},"canonical":"https:\/\/www.globalfilter.com\/de\/tankentlueftungsfiltration\/","og_locale":"de_DE","og_type":"article","og_title":"Tankentl\u00fcftungsfiltration - Global Filter","og_description":"Tankentl\u00fcftungsfiltration spielt in vielen Prozessen eine entscheidende Rolle. Sie sch\u00fctze Fl\u00fcssigkeiten, die in und aus Lagertanks gepumpt werden, vor Partikeln und mikrobiologischen Verunreinigungen in der Luft.","og_url":"https:\/\/www.globalfilter.com\/de\/tankentlueftungsfiltration\/","og_site_name":"Global Filter","article_modified_time":"2023-08-10T13:04:43+00:00","og_image":[{"width":1200,"height":1200,"url":"https:\/\/www.globalfilter.com\/wp-content\/uploads\/2023\/06\/Tank-Vent-Filtration.png","type":"image\/png"}],"twitter_card":"summary_large_image","twitter_misc":{"Gesch\u00e4tzte Lesezeit":"4 Minuten"},"schema":{"@context":"https:\/\/schema.org","@graph":[{"@type":"WebPage","@id":"https:\/\/www.globalfilter.com\/de\/tankentlueftungsfiltration\/","url":"https:\/\/www.globalfilter.com\/de\/tankentlueftungsfiltration\/","name":"Tankentl\u00fcftungsfiltration - Global Filter","isPartOf":{"@id":"https:\/\/www.globalfilter.com\/de\/#website"},"primaryImageOfPage":{"@id":"https:\/\/www.globalfilter.com\/de\/tankentlueftungsfiltration\/#primaryimage"},"image":{"@id":"https:\/\/www.globalfilter.com\/de\/tankentlueftungsfiltration\/#primaryimage"},"thumbnailUrl":"https:\/\/www.globalfilter.com\/wp-content\/uploads\/2023\/06\/Tank-Vent-Filtration.png","datePublished":"2023-08-09T14:15:34+00:00","dateModified":"2023-08-10T13:04:43+00:00","description":"Tankentl\u00fcftungsfiltration spielt in vielen Prozessen eine entscheidende Rolle. Sie sch\u00fctze Fl\u00fcssigkeiten, die in und aus Lagertanks gepumpt werden, vor Partikeln und mikrobiologischen Verunreinigungen in der Luft.","breadcrumb":{"@id":"https:\/\/www.globalfilter.com\/de\/tankentlueftungsfiltration\/#breadcrumb"},"inLanguage":"de-DE","potentialAction":[{"@type":"ReadAction","target":["https:\/\/www.globalfilter.com\/de\/tankentlueftungsfiltration\/"]}]},{"@type":"ImageObject","inLanguage":"de-DE","@id":"https:\/\/www.globalfilter.com\/de\/tankentlueftungsfiltration\/#primaryimage","url":"https:\/\/www.globalfilter.com\/wp-content\/uploads\/2023\/06\/Tank-Vent-Filtration.png","contentUrl":"https:\/\/www.globalfilter.com\/wp-content\/uploads\/2023\/06\/Tank-Vent-Filtration.png","width":1200,"height":1200},{"@type":"BreadcrumbList","@id":"https:\/\/www.globalfilter.com\/de\/tankentlueftungsfiltration\/#breadcrumb","itemListElement":[{"@type":"ListItem","position":1,"name":"home","item":"https:\/\/www.globalfilter.com\/de\/"},{"@type":"ListItem","position":2,"name":"Tankentl\u00fcftungsfiltration"}]},{"@type":"WebSite","@id":"https:\/\/www.globalfilter.com\/de\/#website","url":"https:\/\/www.globalfilter.com\/de\/","name":"Global Filter","description":"Making the World Safer, Healthier and More Productive","publisher":{"@id":"https:\/\/www.globalfilter.com\/de\/#organization"},"potentialAction":[{"@type":"SearchAction","target":{"@type":"EntryPoint","urlTemplate":"https:\/\/www.globalfilter.com\/de\/?s={search_term_string}"},"query-input":{"@type":"PropertyValueSpecification","valueRequired":true,"valueName":"search_term_string"}}],"inLanguage":"de-DE"},{"@type":"Organization","@id":"https:\/\/www.globalfilter.com\/de\/#organization","name":"Global filter","url":"https:\/\/www.globalfilter.com\/de\/","logo":{"@type":"ImageObject","inLanguage":"de-DE","@id":"https:\/\/www.globalfilter.com\/de\/#\/schema\/logo\/image\/","url":"https:\/\/www.globalfilter.com\/wp-content\/uploads\/2019\/06\/FGC-logo-1.png","contentUrl":"https:\/\/www.globalfilter.com\/wp-content\/uploads\/2019\/06\/FGC-logo-1.png","width":1104,"height":224,"caption":"Global filter"},"image":{"@id":"https:\/\/www.globalfilter.com\/de\/#\/schema\/logo\/image\/"},"sameAs":["https:\/\/www.linkedin.com\/company\/global-filter-llc"]}]}},"_links":{"self":[{"href":"https:\/\/www.globalfilter.com\/de\/wp-json\/wp\/v2\/pages\/11682","targetHints":{"allow":["GET"]}}],"collection":[{"href":"https:\/\/www.globalfilter.com\/de\/wp-json\/wp\/v2\/pages"}],"about":[{"href":"https:\/\/www.globalfilter.com\/de\/wp-json\/wp\/v2\/types\/page"}],"author":[{"embeddable":true,"href":"https:\/\/www.globalfilter.com\/de\/wp-json\/wp\/v2\/users\/8"}],"replies":[{"embeddable":true,"href":"https:\/\/www.globalfilter.com\/de\/wp-json\/wp\/v2\/comments?post=11682"}],"version-history":[{"count":0,"href":"https:\/\/www.globalfilter.com\/de\/wp-json\/wp\/v2\/pages\/11682\/revisions"}],"wp:featuredmedia":[{"embeddable":true,"href":"https:\/\/www.globalfilter.com\/de\/wp-json\/wp\/v2\/media\/11533"}],"wp:attachment":[{"href":"https:\/\/www.globalfilter.com\/de\/wp-json\/wp\/v2\/media?parent=11682"}],"curies":[{"name":"wp","href":"https:\/\/api.w.org\/{rel}","templated":true}]}}