{"id":11758,"date":"2023-08-25T14:58:06","date_gmt":"2023-08-25T14:58:06","guid":{"rendered":"https:\/\/www.globalfilter.com\/?page_id=11758"},"modified":"2023-08-25T14:58:07","modified_gmt":"2023-08-25T14:58:07","slug":"gsdc-series-aktivkohle-filtermodule","status":"publish","type":"page","link":"https:\/\/www.globalfilter.com\/de\/gsdc-series-aktivkohle-filtermodule\/","title":{"rendered":"GSDC-Series Aktivkohle Filtermodule"},"content":{"rendered":"\n<h2 class=\"has-blue-color has-text-color has-huge-font-size wp-block-heading\" id=\"h-gsdc-series-aktivkohle-filtermodule\">GSDC-Series Aktivkohle Filtermodule<\/h2>\n\n\n\n<figure class=\"wp-block-image size-large\"><img loading=\"lazy\" decoding=\"async\" width=\"1024\" height=\"595\" src=\"https:\/\/www.globalfilter.com\/wp-content\/uploads\/2022\/09\/GSDC-Series-Stacked-Disc-Active-Carbon-1024x595.png\" alt=\"activ carbon lenticular module GSDC -Serie\" class=\"wp-image-10300\" srcset=\"https:\/\/www.globalfilter.com\/wp-content\/uploads\/2022\/09\/GSDC-Series-Stacked-Disc-Active-Carbon-1024x595.png 1024w, https:\/\/www.globalfilter.com\/wp-content\/uploads\/2022\/09\/GSDC-Series-Stacked-Disc-Active-Carbon-300x174.png 300w, https:\/\/www.globalfilter.com\/wp-content\/uploads\/2022\/09\/GSDC-Series-Stacked-Disc-Active-Carbon-768x446.png 768w, https:\/\/www.globalfilter.com\/wp-content\/uploads\/2022\/09\/GSDC-Series-Stacked-Disc-Active-Carbon.png 1102w\" sizes=\"auto, (max-width: 1024px) 100vw, 1024px\" \/><\/figure>\n\n\n\n<p class=\"has-text-align-left\">Die Tiefenfiltermodule der GSDC-Serie bestehen aus einer speziellen Filtermatrix, die reine Zellulose in Kombination mit Aktivkohle enth\u00e4lt. Diese Matrix ist eingebettet und wird abgedichtet durch einen stabilen St\u00fctzk\u00e4fig aus Polypropylen. Die Flachdich-tung f\u00fcr die Abdichtung der Module untereinander und zum Geh\u00e4use stehen in verschiedenen Materialien zur Verf\u00fcgung, um eine breite chemische Kompatibilit\u00e4t und so den Einsatz in einer Vielzahl von Fl\u00fcssigkeitsanwendungen zu erm\u00f6glichen. Auf Anfrage pr\u00fcfen wir gerne Ihren speziellen Wunsch. Die Filtermodule der GSDC-Module von Global Filter eignen sich sowohl f\u00fcr Laborumgebungen mit geringem Durchsatz als auch f\u00fcr gro\u00dfe Produktionsmengen und erm\u00f6glichen die Reinigung von L\u00f6sungen sowie die Entfernung von Geschmack, Geruch und Farbe. Die Tiefenfiltermodule der GSDC-Serie sind so konzipiert, dass die Freisetzung von Aktivkohle-Feinanteilen verhindert wird.<\/p>\n\n\n\n<p>Wir empfehlen die Verwendung der GSDC-Filtermodule f\u00fcr Anwendungen, die eine Entfernung von Geschmack, Geruch und Farbe erfordern. Linsenf\u00f6rmige Aktivkohlemodule werden h\u00e4ufig in Anwendungen wie API, chemischen Zwischenprodukten, S\u00fc\u00dfstoffen und Kosmetika eingesetzt.<\/p>\n\n\n<div\n\t\t\t\n\t\t\tclass=\"so-widget-sow-tabs so-widget-sow-tabs-default-93cb0341bd93\"\n\t\t\t\n\t\t><div class=\"sow-tabs\">\n\t<div class=\"sow-tabs-tab-container\" role=\"tablist\">\n\t\t\t<div\n\t\t\tclass=\"sow-tabs-tab\n\t\t\t sow-tabs-tab-selected\t\t\t\"\n\t\t\trole=\"tab\"\n\t\t\tdata-anchor-id=\"spezifikationen\"\n\t\t\taria-selected=\"true\"\n\t\t\ttabindex=\"0\"\n\t\t>\n\t\t\t<div class=\"sow-tabs-title sow-tabs-title-icon-left\">\n\t\t\t\t\t\t\t\tSpezifikationen\t\t\t\t\t\t\t<\/div>\n\t\t<\/div>\n\t\t\t<div\n\t\t\tclass=\"sow-tabs-tab\n\t\t\t\t\t\t\"\n\t\t\trole=\"tab\"\n\t\t\tdata-anchor-id=\"dokumente\"\n\t\t\taria-selected=\"false\"\n\t\t\ttabindex=\"0\"\n\t\t>\n\t\t\t<div class=\"sow-tabs-title sow-tabs-title-icon-left\">\n\t\t\t\t\t\t\t\tDokumente\t\t\t\t\t\t\t<\/div>\n\t\t<\/div>\n\t\t<\/div>\n\n\t<div class=\"sow-tabs-panel-container\">\n\t\t\t<div class=\"sow-tabs-panel\">\n\t\t\t<div\n\t\t\t\tclass=\"sow-tabs-panel-content\"\n\t\t\t\trole=\"tabpanel\"\n\t\t\t\taria-hidden=\"false\"\n\t\t\t>\n\t\t\t\t<h3>Typische Anwendungen<\/h3>\n<ul>\n<li>API<\/li>\n<li>\u00a0Chemische <br \/>Zwischenerzeugnisse<\/li>\n<li>Sirupe &amp; Aromen<\/li>\n<li>\u00a0Bier, Wein &amp; Spirituosen\u00a0<\/li>\n<li>Turbinenschmiermittel<\/li>\n<li>Kosmetik<\/li>\n<li>\u00a0Plasma &amp; N\u00e4hrmedien<\/li>\n<\/ul>\n<h3 id=\"h-construction-materials-1\">Verwendete Materialien<\/h3>\n<ul>\n<li><strong>Medien<\/strong>: Zellulose und Aktivkohle<\/li>\n<li><strong>Umrandung<\/strong>: Polypropylen<\/li>\n<li><strong>Abstandshalter &amp; Separator<\/strong>: Polypropylen<\/li>\n<li><strong>Dichtungshalterung<\/strong>: Polypropylen<\/li>\n<li><strong>O-Ringe\/Dichtungen<\/strong>: Buna, EPDM, Silikon, Viton\u00ae<\/li>\n<\/ul>\n\t\t\t<\/div>\n\t\t<\/div>\n\t\t\t<div class=\"sow-tabs-panel\">\n\t\t\t<div\n\t\t\t\tclass=\"sow-tabs-panel-content\"\n\t\t\t\trole=\"tabpanel\"\n\t\t\t\taria-hidden=\"true\"\n\t\t\t>\n\t\t\t\t<div id=\"attachment_10292\" style=\"width: 241px\" class=\"wp-caption alignnone\"><a href=\"https:\/\/www.globalfilter.com\/wp-content\/uploads\/2023\/08\/GSDC-Series-Stacked-Disc-DS-220906-DE.pdf\" target=\"_blank\" rel=\"https:\/\/www.globalfilter.com\/wp-content\/uploads\/2022\/09\/GSDC-Series-Stacked-Disc-DS-220906-EU.pdf noopener\"><img loading=\"lazy\" decoding=\"async\" aria-describedby=\"caption-attachment-10292\" class=\"wp-image-10292 size-medium\" title=\"GSDC lenticulaire charbon actif\" src=\"https:\/\/www.globalfilter.com\/wp-content\/uploads\/2022\/09\/photo-GSDC-fiche-technique-231x300.png\" alt=\"Fiche technique module lenticulaire charbon actif GSDC\" width=\"231\" height=\"300\" srcset=\"https:\/\/www.globalfilter.com\/wp-content\/uploads\/2022\/09\/photo-GSDC-fiche-technique-231x300.png 231w, https:\/\/www.globalfilter.com\/wp-content\/uploads\/2022\/09\/photo-GSDC-fiche-technique.png 613w\" sizes=\"auto, (max-width: 231px) 100vw, 231px\" \/><\/a><p id=\"caption-attachment-10292\" class=\"wp-caption-text\">GSDC-Series Datasheet<\/p><\/div>\n\t\t\t<\/div>\n\t\t<\/div>\n\t\t<\/div>\n<\/div>\n<\/div>","protected":false},"excerpt":{"rendered":"<p>GSDC-Series Aktivkohle Filtermodule Die Tiefenfiltermodule der GSDC-Serie bestehen aus einer speziellen Filtermatrix, die reine Zellulose in Kombination mit Aktivkohle enth\u00e4lt. Diese Matrix ist eingebettet und wird abgedichtet durch einen stabilen St\u00fctzk\u00e4fig aus Polypropylen. Die Flachdich-tung f\u00fcr die Abdichtung der Module untereinander und zum Geh\u00e4use stehen in verschiedenen Materialien zur Verf\u00fcgung, um eine breite chemische Kompatibilit\u00e4t [&hellip;]<\/p>\n","protected":false},"author":8,"featured_media":0,"parent":0,"menu_order":0,"comment_status":"closed","ping_status":"closed","template":"","meta":{"_acf_changed":false,"content-type":"","footnotes":""},"class_list":["post-11758","page","type-page","status-publish","hentry"],"acf":[],"yoast_head":"<!-- This site is optimized with the Yoast SEO plugin v27.3 - https:\/\/yoast.com\/product\/yoast-seo-wordpress\/ -->\n<title>GSDC-Series Aktivkohle Filtermodule - Global Filter<\/title>\n<meta name=\"description\" content=\"Die Tiefenfiltermodule der GSDC-Serie bestehen aus einer speziellen Filtermatrix, die reine Zellulose in Kombination mit Aktivkohle enth\u00e4lt\" \/>\n<meta name=\"robots\" content=\"index, follow, max-snippet:-1, max-image-preview:large, max-video-preview:-1\" \/>\n<link rel=\"canonical\" href=\"https:\/\/www.globalfilter.com\/de\/gsdc-series-aktivkohle-filtermodule\/\" \/>\n<meta property=\"og:locale\" content=\"de_DE\" \/>\n<meta property=\"og:type\" content=\"article\" \/>\n<meta property=\"og:title\" content=\"GSDC-Series Aktivkohle Filtermodule - Global Filter\" \/>\n<meta property=\"og:description\" content=\"Die Tiefenfiltermodule der GSDC-Serie bestehen aus einer speziellen Filtermatrix, die reine Zellulose in Kombination mit Aktivkohle enth\u00e4lt\" \/>\n<meta property=\"og:url\" content=\"https:\/\/www.globalfilter.com\/de\/gsdc-series-aktivkohle-filtermodule\/\" \/>\n<meta property=\"og:site_name\" content=\"Global Filter\" \/>\n<meta property=\"article:modified_time\" content=\"2023-08-25T14:58:07+00:00\" \/>\n<meta property=\"og:image\" content=\"https:\/\/www.globalfilter.com\/wp-content\/uploads\/2022\/09\/GSDC-Series-Stacked-Disc-Active-Carbon-1024x595.png\" \/>\n<meta name=\"twitter:card\" content=\"summary_large_image\" \/>\n<meta name=\"twitter:label1\" content=\"Gesch\u00e4tzte Lesezeit\" \/>\n\t<meta name=\"twitter:data1\" content=\"1 Minute\" \/>\n<script type=\"application\/ld+json\" class=\"yoast-schema-graph\">{\"@context\":\"https:\\\/\\\/schema.org\",\"@graph\":[{\"@type\":\"WebPage\",\"@id\":\"https:\\\/\\\/www.globalfilter.com\\\/de\\\/gsdc-series-aktivkohle-filtermodule\\\/\",\"url\":\"https:\\\/\\\/www.globalfilter.com\\\/de\\\/gsdc-series-aktivkohle-filtermodule\\\/\",\"name\":\"GSDC-Series Aktivkohle Filtermodule - Global Filter\",\"isPartOf\":{\"@id\":\"https:\\\/\\\/www.globalfilter.com\\\/de\\\/#website\"},\"primaryImageOfPage\":{\"@id\":\"https:\\\/\\\/www.globalfilter.com\\\/de\\\/gsdc-series-aktivkohle-filtermodule\\\/#primaryimage\"},\"image\":{\"@id\":\"https:\\\/\\\/www.globalfilter.com\\\/de\\\/gsdc-series-aktivkohle-filtermodule\\\/#primaryimage\"},\"thumbnailUrl\":\"https:\\\/\\\/www.globalfilter.com\\\/wp-content\\\/uploads\\\/2022\\\/09\\\/GSDC-Series-Stacked-Disc-Active-Carbon-1024x595.png\",\"datePublished\":\"2023-08-25T14:58:06+00:00\",\"dateModified\":\"2023-08-25T14:58:07+00:00\",\"description\":\"Die Tiefenfiltermodule der GSDC-Serie bestehen aus einer speziellen Filtermatrix, die reine Zellulose in Kombination mit Aktivkohle enth\u00e4lt\",\"breadcrumb\":{\"@id\":\"https:\\\/\\\/www.globalfilter.com\\\/de\\\/gsdc-series-aktivkohle-filtermodule\\\/#breadcrumb\"},\"inLanguage\":\"de-DE\",\"potentialAction\":[{\"@type\":\"ReadAction\",\"target\":[\"https:\\\/\\\/www.globalfilter.com\\\/de\\\/gsdc-series-aktivkohle-filtermodule\\\/\"]}]},{\"@type\":\"ImageObject\",\"inLanguage\":\"de-DE\",\"@id\":\"https:\\\/\\\/www.globalfilter.com\\\/de\\\/gsdc-series-aktivkohle-filtermodule\\\/#primaryimage\",\"url\":\"https:\\\/\\\/www.globalfilter.com\\\/wp-content\\\/uploads\\\/2022\\\/09\\\/GSDC-Series-Stacked-Disc-Active-Carbon-1024x595.png\",\"contentUrl\":\"https:\\\/\\\/www.globalfilter.com\\\/wp-content\\\/uploads\\\/2022\\\/09\\\/GSDC-Series-Stacked-Disc-Active-Carbon-1024x595.png\"},{\"@type\":\"BreadcrumbList\",\"@id\":\"https:\\\/\\\/www.globalfilter.com\\\/de\\\/gsdc-series-aktivkohle-filtermodule\\\/#breadcrumb\",\"itemListElement\":[{\"@type\":\"ListItem\",\"position\":1,\"name\":\"home\",\"item\":\"https:\\\/\\\/www.globalfilter.com\\\/de\\\/\"},{\"@type\":\"ListItem\",\"position\":2,\"name\":\"Aktivkohl Filtermodule\"}]},{\"@type\":\"WebSite\",\"@id\":\"https:\\\/\\\/www.globalfilter.com\\\/de\\\/#website\",\"url\":\"https:\\\/\\\/www.globalfilter.com\\\/de\\\/\",\"name\":\"Global Filter\",\"description\":\"Making the World Safer, Healthier and More Productive\",\"publisher\":{\"@id\":\"https:\\\/\\\/www.globalfilter.com\\\/de\\\/#organization\"},\"potentialAction\":[{\"@type\":\"SearchAction\",\"target\":{\"@type\":\"EntryPoint\",\"urlTemplate\":\"https:\\\/\\\/www.globalfilter.com\\\/de\\\/?s={search_term_string}\"},\"query-input\":{\"@type\":\"PropertyValueSpecification\",\"valueRequired\":true,\"valueName\":\"search_term_string\"}}],\"inLanguage\":\"de-DE\"},{\"@type\":\"Organization\",\"@id\":\"https:\\\/\\\/www.globalfilter.com\\\/de\\\/#organization\",\"name\":\"Global filter\",\"url\":\"https:\\\/\\\/www.globalfilter.com\\\/de\\\/\",\"logo\":{\"@type\":\"ImageObject\",\"inLanguage\":\"de-DE\",\"@id\":\"https:\\\/\\\/www.globalfilter.com\\\/de\\\/#\\\/schema\\\/logo\\\/image\\\/\",\"url\":\"https:\\\/\\\/www.globalfilter.com\\\/wp-content\\\/uploads\\\/2019\\\/06\\\/FGC-logo-1.png\",\"contentUrl\":\"https:\\\/\\\/www.globalfilter.com\\\/wp-content\\\/uploads\\\/2019\\\/06\\\/FGC-logo-1.png\",\"width\":1104,\"height\":224,\"caption\":\"Global filter\"},\"image\":{\"@id\":\"https:\\\/\\\/www.globalfilter.com\\\/de\\\/#\\\/schema\\\/logo\\\/image\\\/\"},\"sameAs\":[\"https:\\\/\\\/www.linkedin.com\\\/company\\\/global-filter-llc\"]}]}<\/script>\n<!-- \/ Yoast SEO plugin. -->","yoast_head_json":{"title":"GSDC-Series Aktivkohle Filtermodule - Global Filter","description":"Die Tiefenfiltermodule der GSDC-Serie bestehen aus einer speziellen Filtermatrix, die reine Zellulose in Kombination mit Aktivkohle enth\u00e4lt","robots":{"index":"index","follow":"follow","max-snippet":"max-snippet:-1","max-image-preview":"max-image-preview:large","max-video-preview":"max-video-preview:-1"},"canonical":"https:\/\/www.globalfilter.com\/de\/gsdc-series-aktivkohle-filtermodule\/","og_locale":"de_DE","og_type":"article","og_title":"GSDC-Series Aktivkohle Filtermodule - Global Filter","og_description":"Die Tiefenfiltermodule der GSDC-Serie bestehen aus einer speziellen Filtermatrix, die reine Zellulose in Kombination mit Aktivkohle enth\u00e4lt","og_url":"https:\/\/www.globalfilter.com\/de\/gsdc-series-aktivkohle-filtermodule\/","og_site_name":"Global Filter","article_modified_time":"2023-08-25T14:58:07+00:00","og_image":[{"url":"https:\/\/www.globalfilter.com\/wp-content\/uploads\/2022\/09\/GSDC-Series-Stacked-Disc-Active-Carbon-1024x595.png","type":"","width":"","height":""}],"twitter_card":"summary_large_image","twitter_misc":{"Gesch\u00e4tzte Lesezeit":"1 Minute"},"schema":{"@context":"https:\/\/schema.org","@graph":[{"@type":"WebPage","@id":"https:\/\/www.globalfilter.com\/de\/gsdc-series-aktivkohle-filtermodule\/","url":"https:\/\/www.globalfilter.com\/de\/gsdc-series-aktivkohle-filtermodule\/","name":"GSDC-Series Aktivkohle Filtermodule - Global Filter","isPartOf":{"@id":"https:\/\/www.globalfilter.com\/de\/#website"},"primaryImageOfPage":{"@id":"https:\/\/www.globalfilter.com\/de\/gsdc-series-aktivkohle-filtermodule\/#primaryimage"},"image":{"@id":"https:\/\/www.globalfilter.com\/de\/gsdc-series-aktivkohle-filtermodule\/#primaryimage"},"thumbnailUrl":"https:\/\/www.globalfilter.com\/wp-content\/uploads\/2022\/09\/GSDC-Series-Stacked-Disc-Active-Carbon-1024x595.png","datePublished":"2023-08-25T14:58:06+00:00","dateModified":"2023-08-25T14:58:07+00:00","description":"Die Tiefenfiltermodule der GSDC-Serie bestehen aus einer speziellen Filtermatrix, die reine Zellulose in Kombination mit Aktivkohle enth\u00e4lt","breadcrumb":{"@id":"https:\/\/www.globalfilter.com\/de\/gsdc-series-aktivkohle-filtermodule\/#breadcrumb"},"inLanguage":"de-DE","potentialAction":[{"@type":"ReadAction","target":["https:\/\/www.globalfilter.com\/de\/gsdc-series-aktivkohle-filtermodule\/"]}]},{"@type":"ImageObject","inLanguage":"de-DE","@id":"https:\/\/www.globalfilter.com\/de\/gsdc-series-aktivkohle-filtermodule\/#primaryimage","url":"https:\/\/www.globalfilter.com\/wp-content\/uploads\/2022\/09\/GSDC-Series-Stacked-Disc-Active-Carbon-1024x595.png","contentUrl":"https:\/\/www.globalfilter.com\/wp-content\/uploads\/2022\/09\/GSDC-Series-Stacked-Disc-Active-Carbon-1024x595.png"},{"@type":"BreadcrumbList","@id":"https:\/\/www.globalfilter.com\/de\/gsdc-series-aktivkohle-filtermodule\/#breadcrumb","itemListElement":[{"@type":"ListItem","position":1,"name":"home","item":"https:\/\/www.globalfilter.com\/de\/"},{"@type":"ListItem","position":2,"name":"Aktivkohl Filtermodule"}]},{"@type":"WebSite","@id":"https:\/\/www.globalfilter.com\/de\/#website","url":"https:\/\/www.globalfilter.com\/de\/","name":"Global Filter","description":"Making the World Safer, Healthier and More Productive","publisher":{"@id":"https:\/\/www.globalfilter.com\/de\/#organization"},"potentialAction":[{"@type":"SearchAction","target":{"@type":"EntryPoint","urlTemplate":"https:\/\/www.globalfilter.com\/de\/?s={search_term_string}"},"query-input":{"@type":"PropertyValueSpecification","valueRequired":true,"valueName":"search_term_string"}}],"inLanguage":"de-DE"},{"@type":"Organization","@id":"https:\/\/www.globalfilter.com\/de\/#organization","name":"Global filter","url":"https:\/\/www.globalfilter.com\/de\/","logo":{"@type":"ImageObject","inLanguage":"de-DE","@id":"https:\/\/www.globalfilter.com\/de\/#\/schema\/logo\/image\/","url":"https:\/\/www.globalfilter.com\/wp-content\/uploads\/2019\/06\/FGC-logo-1.png","contentUrl":"https:\/\/www.globalfilter.com\/wp-content\/uploads\/2019\/06\/FGC-logo-1.png","width":1104,"height":224,"caption":"Global filter"},"image":{"@id":"https:\/\/www.globalfilter.com\/de\/#\/schema\/logo\/image\/"},"sameAs":["https:\/\/www.linkedin.com\/company\/global-filter-llc"]}]}},"_links":{"self":[{"href":"https:\/\/www.globalfilter.com\/de\/wp-json\/wp\/v2\/pages\/11758","targetHints":{"allow":["GET"]}}],"collection":[{"href":"https:\/\/www.globalfilter.com\/de\/wp-json\/wp\/v2\/pages"}],"about":[{"href":"https:\/\/www.globalfilter.com\/de\/wp-json\/wp\/v2\/types\/page"}],"author":[{"embeddable":true,"href":"https:\/\/www.globalfilter.com\/de\/wp-json\/wp\/v2\/users\/8"}],"replies":[{"embeddable":true,"href":"https:\/\/www.globalfilter.com\/de\/wp-json\/wp\/v2\/comments?post=11758"}],"version-history":[{"count":0,"href":"https:\/\/www.globalfilter.com\/de\/wp-json\/wp\/v2\/pages\/11758\/revisions"}],"wp:attachment":[{"href":"https:\/\/www.globalfilter.com\/de\/wp-json\/wp\/v2\/media?parent=11758"}],"curies":[{"name":"wp","href":"https:\/\/api.w.org\/{rel}","templated":true}]}}