{"id":12446,"date":"2024-08-01T10:26:23","date_gmt":"2024-08-01T10:26:23","guid":{"rendered":"https:\/\/www.globalfilter.com\/?page_id=12446"},"modified":"2024-08-01T10:26:24","modified_gmt":"2024-08-01T10:26:24","slug":"kosmetik","status":"publish","type":"page","link":"https:\/\/www.globalfilter.com\/de\/kosmetik\/","title":{"rendered":"Kosmetik"},"content":{"rendered":"\n<div class=\"wp-block-cover alignfull is-light\" style=\"min-height:324px;aspect-ratio:unset;\"><span aria-hidden=\"true\" class=\"wp-block-cover__background has-background-dim\"><\/span><img loading=\"lazy\" decoding=\"async\" width=\"8256\" height=\"5504\" class=\"wp-block-cover__image-background wp-image-12248\" alt=\"\" src=\"https:\/\/www.globalfilter.com\/wp-content\/uploads\/2024\/05\/iStock-1460122345-1-1.jpg\" data-object-fit=\"cover\" srcset=\"https:\/\/www.globalfilter.com\/wp-content\/uploads\/2024\/05\/iStock-1460122345-1-1.jpg 8256w, https:\/\/www.globalfilter.com\/wp-content\/uploads\/2024\/05\/iStock-1460122345-1-1-300x200.jpg 300w, https:\/\/www.globalfilter.com\/wp-content\/uploads\/2024\/05\/iStock-1460122345-1-1-1024x683.jpg 1024w, https:\/\/www.globalfilter.com\/wp-content\/uploads\/2024\/05\/iStock-1460122345-1-1-768x512.jpg 768w, https:\/\/www.globalfilter.com\/wp-content\/uploads\/2024\/05\/iStock-1460122345-1-1-1536x1024.jpg 1536w\" sizes=\"auto, (max-width: 8256px) 100vw, 8256px\" \/><div class=\"wp-block-cover__inner-container is-layout-flow wp-block-cover-is-layout-flow\">\n<h1 class=\"wp-block-heading has-text-align-center has-light-gray-color has-text-color\" id=\"\u201ch\u2014chemical\u201d\">Kosmetik Filtration<\/h1>\n\n\n\n<p class=\"has-text-align-center has-light-gray-color has-text-color\"><em> Wir wissen um die Auswirkungen, die eine unzureichende Filtration auf die von Ihnen hergestellten kosmetischen Pr\u00e4parate haben kann, und um die insgesamt negativen Folgen, die eine mangelhafte Filtration f\u00fcr Ihr Unternehmen haben kann.<\/em><\/p>\n\n\n\n<div class=\"wp-block-buttons is-content-justification-center is-layout-flex wp-container-core-buttons-is-layout-16018d1d wp-block-buttons-is-layout-flex\">\n<div class=\"wp-block-button\"><a class=\"wp-block-button__link has-green-background-color has-background wp-element-button\" href=\"https:\/\/www.globalfilter.com\/de\/kontaktieren-sie-uns\/\">KONTAKTIEREN SIE UNS<\/a><\/div>\n<\/div>\n<\/div><\/div>\n\n\n\n<h2 class=\"wp-block-heading\">Optimierung des Kosmetikfiltrationsprozesses<\/h2>\n\n\n\n<p>Die Filtration ist ein entscheidender Schritt bei der Herstellung von Kosmetikprodukten. Obwohl es viele verschiedene kosme-tische Produkte gibt (Blumenwasser, Creme, Parf\u00fcm\u2026), erfordern sie alle kritische Vorg\u00e4nge, um die Integrit\u00e4t des Produk-tionsprozesses zu gew\u00e4hrleisten und perfekte Endprodukte herzustellen. Das richtige Filtersystem ist unerl\u00e4sslich, um die biologische Sicherheit, die Produktqualit\u00e4t und die Haltbarkeit zu gew\u00e4hrleisten und die Verarbeitungsanlagen zu sch\u00fctzen. Global Filter entwickelt und fertigt Fillergeh\u00e4use und Filterelemente f\u00fcr die Kosmetikindustrie. Dank unseres Fachwissens sind wir auch in der Lage, Ihren Herstellungsprozess zu optimieren.<\/p>\n\n\n\n<h2 class=\"wp-block-heading\">Typischer Kosmetikprozess<\/h2>\n\n\n<div class=\"wp-block-image\">\n<figure class=\"aligncenter size-medium\"><img loading=\"lazy\" decoding=\"async\" width=\"225\" height=\"300\" src=\"https:\/\/www.globalfilter.com\/wp-content\/uploads\/2024\/07\/cosmetics-process-flow-EN-225x300.png\" alt=\"\" class=\"wp-image-12389\" srcset=\"https:\/\/www.globalfilter.com\/wp-content\/uploads\/2024\/07\/cosmetics-process-flow-EN-225x300.png 225w, https:\/\/www.globalfilter.com\/wp-content\/uploads\/2024\/07\/cosmetics-process-flow-EN.png 637w\" sizes=\"auto, (max-width: 225px) 100vw, 225px\" \/><\/figure>\n<\/div>\n\n\n<div class=\"wp-block-media-text alignwide is-stacked-on-mobile\"><figure class=\"wp-block-media-text__media\"><img loading=\"lazy\" decoding=\"async\" width=\"1024\" height=\"683\" src=\"https:\/\/www.globalfilter.com\/wp-content\/uploads\/2022\/05\/iStock-539342836-1024x683.jpg\" alt=\"\" class=\"wp-image-9530 size-full\" srcset=\"https:\/\/www.globalfilter.com\/wp-content\/uploads\/2022\/05\/iStock-539342836-1024x683.jpg 1024w, https:\/\/www.globalfilter.com\/wp-content\/uploads\/2022\/05\/iStock-539342836-300x200.jpg 300w, https:\/\/www.globalfilter.com\/wp-content\/uploads\/2022\/05\/iStock-539342836-768x512.jpg 768w, https:\/\/www.globalfilter.com\/wp-content\/uploads\/2022\/05\/iStock-539342836-1536x1024.jpg 1536w, https:\/\/www.globalfilter.com\/wp-content\/uploads\/2022\/05\/iStock-539342836-2048x1365.jpg 2048w, https:\/\/www.globalfilter.com\/wp-content\/uploads\/2022\/05\/iStock-539342836-272x182.jpg 272w\" sizes=\"auto, (max-width: 1024px) 100vw, 1024px\" \/><\/figure><div class=\"wp-block-media-text__content\">\n<h2 class=\"wp-block-heading\" id=\"h-filtration-des-entrants\">Coarse Filtration<\/h2>\n\n\n\n<p>Wir arbeiten in drei wichtigen Phasen der Kosmetikpro-duktion: Zun\u00e4chst erfolgt eine Grobfiltration, um alle unerw\u00fcnschten gro\u00dfen Partikel wie kleine St\u00fccke von Zweigen, Bl\u00e4ttern und Bl\u00fctenbl\u00e4ttern zu entfernen und das Endprodukt optisch klar zu machen. <\/p>\n\n\n\n<p>F\u00fcr diesen Schritt empfehlen wir die<a href=\"https:\/\/www.globalfilter.com\/de\/meltblown-filterkerzen\/\"> Meltblown-Tiefenfilterkerze aus Polypropylen<\/a> von Global Filter mit einer Abscheidrate von 20 Mikron.<\/p>\n\n\n\n<p><\/p>\n\n\n\n<p><\/p>\n<\/div><\/div>\n\n\n\n<div class=\"wp-block-media-text alignwide has-media-on-the-right is-stacked-on-mobile\"><div class=\"wp-block-media-text__content\">\n<h2 class=\"wp-block-heading\" id=\"h-r-tention-de-catalyseur-ou-de-charbon-actif\">Cosmetics clarification<\/h2>\n\n\n\n<p>F\u00fcr die Kl\u00e4rstufe empfehlen wir je nach Zusammen-setzung des Kosmetikums (Feststoffgehalt, Gehalt an Mikroorganismen) die Verwendung von <a href=\"https:\/\/www.globalfilter.com\/de\/produkte\/plissierte-filterkerzen\/polypropylen\/\">plissierten Polypropylen-Filterkerzen<\/a> (PP-Serie) und\/oder plissier-ten Tiefen-Polypropylen-Kerzen (GHLS-Serie) von Global Filter mit einer Abscheidrate von 1 bis 3 Mikron. Die PP-Serie bietet einen niedrigen Druckabfall und eine hohe Belastbarkeit. Dieser Schritt sch\u00fctzt den Membranfilter auch davor, mit Partikeln \u00fcberla-den zu werden und vorzeitig zu verstopfen.<\/p>\n\n\n\n<p>F\u00fcr die Entfernung von mikrobiellen Verunreinigungen werden <a href=\"https:\/\/www.globalfilter.com\/de\/produkte\/membranfilterkerzen\/polyethersulfon\/\">PES Membranfilterkerzen<\/a> mit einer Abscheidrate von 0,2 Mikron empfohlen. Die Entfernung der Mikroorganismen sorgt f\u00fcr ein stabiles Produkt, das frei von mikrobiellen Verunreinigungen ist<\/p>\n\n\n\n<p><\/p>\n<\/div><figure class=\"wp-block-media-text__media\"><img loading=\"lazy\" decoding=\"async\" width=\"1024\" height=\"683\" src=\"https:\/\/www.globalfilter.com\/wp-content\/uploads\/2024\/05\/iStock-1460122345-1-1024x683.jpg\" alt=\"\" class=\"wp-image-12230 size-full\" srcset=\"https:\/\/www.globalfilter.com\/wp-content\/uploads\/2024\/05\/iStock-1460122345-1-1024x683.jpg 1024w, https:\/\/www.globalfilter.com\/wp-content\/uploads\/2024\/05\/iStock-1460122345-1-300x200.jpg 300w, https:\/\/www.globalfilter.com\/wp-content\/uploads\/2024\/05\/iStock-1460122345-1-768x512.jpg 768w, https:\/\/www.globalfilter.com\/wp-content\/uploads\/2024\/05\/iStock-1460122345-1-1536x1024.jpg 1536w\" sizes=\"auto, (max-width: 1024px) 100vw, 1024px\" \/><\/figure><\/div>\n\n\n\n<div class=\"wp-block-media-text alignwide is-stacked-on-mobile\"><figure class=\"wp-block-media-text__media\"><img loading=\"lazy\" decoding=\"async\" width=\"1024\" height=\"683\" src=\"https:\/\/www.globalfilter.com\/wp-content\/uploads\/2022\/05\/iStock-1298817518-1024x683.jpg\" alt=\"\" class=\"wp-image-9540 size-full\" srcset=\"https:\/\/www.globalfilter.com\/wp-content\/uploads\/2022\/05\/iStock-1298817518-1024x683.jpg 1024w, https:\/\/www.globalfilter.com\/wp-content\/uploads\/2022\/05\/iStock-1298817518-300x200.jpg 300w, https:\/\/www.globalfilter.com\/wp-content\/uploads\/2022\/05\/iStock-1298817518-768x512.jpg 768w, https:\/\/www.globalfilter.com\/wp-content\/uploads\/2022\/05\/iStock-1298817518-1536x1024.jpg 1536w, https:\/\/www.globalfilter.com\/wp-content\/uploads\/2022\/05\/iStock-1298817518-2048x1365.jpg 2048w, https:\/\/www.globalfilter.com\/wp-content\/uploads\/2022\/05\/iStock-1298817518-272x182.jpg 272w\" sizes=\"auto, (max-width: 1024px) 100vw, 1024px\" \/><\/figure><div class=\"wp-block-media-text__content\">\n<h2 class=\"wp-block-heading\" id=\"h-cristallisation-et-filtration-par-solvants\">Entl\u00fcftungsfilter f\u00fcr Kosmetiktanks<\/h2>\n\n\n\n<p>Die Produkte von Global Filter gew\u00e4hrleisten sterile Abw\u00e4sser ohne mikrobielle Verunreinigungen und sor-<br>gen f\u00fcr die Sauberkeit von Wasch-\/Sp\u00fclwasser und Fl\u00fcssigkeitsversorgungsleitungen.<\/p>\n\n\n\n<p>Die Entl\u00fcftungs\u00f6ffnungen von Lagertanks sollten mit<br>Filtern ausgestattet sein, um Verunreinigungen aus der Umgebungs- und Prozessluft zu entfernen.<\/p>\n\n\n\n<p><\/p>\n<\/div><\/div>\n\n\n\n<p><\/p>\n\n\n\n<p><\/p>\n\n\n\n<h2 class=\"wp-block-heading\" id=\"h-litt-rature\">Literatur zur Kosmetikfiltration<\/h2>\n\n\n\n<p>Laden Sie die nachstehende Dokumentation zur Kosmetikfiltration herunter, um mehr \u00fcber unsere Filtrationsl\u00f6sungen zu erfahren.<\/p>\n\n\n\n<div class=\"wp-block-media-text alignwide is-stacked-on-mobile\" style=\"grid-template-columns:18% auto\"><figure class=\"wp-block-media-text__media\"><a href=\"https:\/\/www.globalfilter.com\/wp-content\/uploads\/2022\/09\/Whitepaper-pharmaceutical-preparations-EU.pdf\"><img loading=\"lazy\" decoding=\"async\" width=\"678\" height=\"884\" src=\"https:\/\/www.globalfilter.com\/wp-content\/uploads\/2024\/07\/cosmetics-brochure-EN.png\" alt=\"\" class=\"wp-image-12404 size-full\" srcset=\"https:\/\/www.globalfilter.com\/wp-content\/uploads\/2024\/07\/cosmetics-brochure-EN.png 678w, https:\/\/www.globalfilter.com\/wp-content\/uploads\/2024\/07\/cosmetics-brochure-EN-230x300.png 230w\" sizes=\"auto, (max-width: 678px) 100vw, 678px\" \/><\/a><\/figure><div class=\"wp-block-media-text__content\">\n<p id=\"h-global-filter-designs-and-manufactures-vessels-and-filter-elements-used-in-the-beer-industry-our-expertise-enables-us-to-optimize-your-manufacturing-process\">In der Kosmetikindustrie ist es unerl\u00e4sslich, Prozesskomponenten zu filtern, um Verunreinigungen durch Partikel und Mikroorganismen zu verhindern und so die Qualit\u00e4t der Endprodukte zu gew\u00e4hrleisten. Erfahren Sie, wie die Produktl\u00f6sungen von Global Filter zur Optimierung des Herstellungsprozesses von Kosmetika beitragen.<\/p>\n\n\n\n<div class=\"wp-block-buttons is-layout-flex wp-block-buttons-is-layout-flex\">\n<div class=\"wp-block-button\"><a class=\"wp-block-button__link has-blue-background-color has-background wp-element-button\" href=\"https:\/\/www.globalfilter.com\/wp-content\/uploads\/2024\/08\/2024-05-29-Global-Filter-Cosmetics-Application-DE.pdf\">Download der Anwendungsbrosch\u00fcre f\u00fcr Kosmetika<\/a><\/div>\n<\/div>\n<\/div><\/div>\n\n\n\n<p><\/p>\n\n\n\n<div class=\"wp-block-buttons is-content-justification-center is-layout-flex wp-container-core-buttons-is-layout-16018d1d wp-block-buttons-is-layout-flex\">\n<div class=\"wp-block-button\"><a class=\"wp-block-button__link has-green-background-color has-background wp-element-button\" href=\"https:\/\/www.globalfilter.com\/de\/kontaktieren-sie-uns\/\">KONTAKTIEREN SIE UNS!<\/a><\/div>\n<\/div>\n\n\n\n<p><\/p>\n","protected":false},"excerpt":{"rendered":"<p>Optimierung des Kosmetikfiltrationsprozesses Die Filtration ist ein entscheidender Schritt bei der Herstellung von Kosmetikprodukten. Obwohl es viele verschiedene kosme-tische Produkte gibt (Blumenwasser, Creme, Parf\u00fcm\u2026), erfordern sie alle kritische Vorg\u00e4nge, um die Integrit\u00e4t des Produk-tionsprozesses zu gew\u00e4hrleisten und perfekte Endprodukte herzustellen. Das richtige Filtersystem ist unerl\u00e4sslich, um die biologische Sicherheit, die Produktqualit\u00e4t und die Haltbarkeit zu [&hellip;]<\/p>\n","protected":false},"author":8,"featured_media":0,"parent":0,"menu_order":0,"comment_status":"closed","ping_status":"closed","template":"","meta":{"_acf_changed":false,"content-type":"","footnotes":""},"class_list":["post-12446","page","type-page","status-publish","hentry"],"acf":[],"yoast_head":"<!-- This site is optimized with the Yoast SEO plugin v27.3 - https:\/\/yoast.com\/product\/yoast-seo-wordpress\/ -->\n<title>Kosmetik - Global Filter<\/title>\n<meta name=\"description\" content=\"Kosmetik Filtration: Wir wissen um die Auswirkungen, die eine unzureichende Filtration auf die von Ihnen hergestellten kosmetischen Pr\u00e4parate haben kann, und um die insgesamt negativen Folgen, die eine mangelhafte Filtration f\u00fcr Ihr Unternehmen haben kann.\" \/>\n<meta name=\"robots\" content=\"index, follow, max-snippet:-1, max-image-preview:large, max-video-preview:-1\" \/>\n<link rel=\"canonical\" href=\"https:\/\/www.globalfilter.com\/de\/kosmetik\/\" \/>\n<meta property=\"og:locale\" content=\"de_DE\" \/>\n<meta property=\"og:type\" content=\"article\" \/>\n<meta property=\"og:title\" content=\"Kosmetik - Global Filter\" \/>\n<meta property=\"og:description\" content=\"Kosmetik Filtration: Wir wissen um die Auswirkungen, die eine unzureichende Filtration auf die von Ihnen hergestellten kosmetischen Pr\u00e4parate haben kann, und um die insgesamt negativen Folgen, die eine mangelhafte Filtration f\u00fcr Ihr Unternehmen haben kann.\" \/>\n<meta property=\"og:url\" content=\"https:\/\/www.globalfilter.com\/de\/kosmetik\/\" \/>\n<meta property=\"og:site_name\" content=\"Global Filter\" \/>\n<meta property=\"article:modified_time\" content=\"2024-08-01T10:26:24+00:00\" \/>\n<meta property=\"og:image\" content=\"https:\/\/www.globalfilter.com\/wp-content\/uploads\/2024\/05\/iStock-1460122345-1-1.jpg\" \/>\n<meta name=\"twitter:card\" content=\"summary_large_image\" \/>\n<meta name=\"twitter:label1\" content=\"Gesch\u00e4tzte Lesezeit\" \/>\n\t<meta name=\"twitter:data1\" content=\"3 Minuten\" \/>\n<script type=\"application\/ld+json\" class=\"yoast-schema-graph\">{\"@context\":\"https:\\\/\\\/schema.org\",\"@graph\":[{\"@type\":\"WebPage\",\"@id\":\"https:\\\/\\\/www.globalfilter.com\\\/de\\\/kosmetik\\\/\",\"url\":\"https:\\\/\\\/www.globalfilter.com\\\/de\\\/kosmetik\\\/\",\"name\":\"Kosmetik - Global Filter\",\"isPartOf\":{\"@id\":\"https:\\\/\\\/www.globalfilter.com\\\/de\\\/#website\"},\"primaryImageOfPage\":{\"@id\":\"https:\\\/\\\/www.globalfilter.com\\\/de\\\/kosmetik\\\/#primaryimage\"},\"image\":{\"@id\":\"https:\\\/\\\/www.globalfilter.com\\\/de\\\/kosmetik\\\/#primaryimage\"},\"thumbnailUrl\":\"https:\\\/\\\/www.globalfilter.com\\\/wp-content\\\/uploads\\\/2024\\\/05\\\/iStock-1460122345-1-1.jpg\",\"datePublished\":\"2024-08-01T10:26:23+00:00\",\"dateModified\":\"2024-08-01T10:26:24+00:00\",\"description\":\"Kosmetik Filtration: Wir wissen um die Auswirkungen, die eine unzureichende Filtration auf die von Ihnen hergestellten kosmetischen Pr\u00e4parate haben kann, und um die insgesamt negativen Folgen, die eine mangelhafte Filtration f\u00fcr Ihr Unternehmen haben kann.\",\"breadcrumb\":{\"@id\":\"https:\\\/\\\/www.globalfilter.com\\\/de\\\/kosmetik\\\/#breadcrumb\"},\"inLanguage\":\"de-DE\",\"potentialAction\":[{\"@type\":\"ReadAction\",\"target\":[\"https:\\\/\\\/www.globalfilter.com\\\/de\\\/kosmetik\\\/\"]}]},{\"@type\":\"ImageObject\",\"inLanguage\":\"de-DE\",\"@id\":\"https:\\\/\\\/www.globalfilter.com\\\/de\\\/kosmetik\\\/#primaryimage\",\"url\":\"https:\\\/\\\/www.globalfilter.com\\\/wp-content\\\/uploads\\\/2024\\\/05\\\/iStock-1460122345-1-1.jpg\",\"contentUrl\":\"https:\\\/\\\/www.globalfilter.com\\\/wp-content\\\/uploads\\\/2024\\\/05\\\/iStock-1460122345-1-1.jpg\"},{\"@type\":\"BreadcrumbList\",\"@id\":\"https:\\\/\\\/www.globalfilter.com\\\/de\\\/kosmetik\\\/#breadcrumb\",\"itemListElement\":[{\"@type\":\"ListItem\",\"position\":1,\"name\":\"home\",\"item\":\"https:\\\/\\\/www.globalfilter.com\\\/de\\\/\"},{\"@type\":\"ListItem\",\"position\":2,\"name\":\"Kosmetik\"}]},{\"@type\":\"WebSite\",\"@id\":\"https:\\\/\\\/www.globalfilter.com\\\/de\\\/#website\",\"url\":\"https:\\\/\\\/www.globalfilter.com\\\/de\\\/\",\"name\":\"Global Filter\",\"description\":\"Making the World Safer, Healthier and More Productive\",\"publisher\":{\"@id\":\"https:\\\/\\\/www.globalfilter.com\\\/de\\\/#organization\"},\"potentialAction\":[{\"@type\":\"SearchAction\",\"target\":{\"@type\":\"EntryPoint\",\"urlTemplate\":\"https:\\\/\\\/www.globalfilter.com\\\/de\\\/?s={search_term_string}\"},\"query-input\":{\"@type\":\"PropertyValueSpecification\",\"valueRequired\":true,\"valueName\":\"search_term_string\"}}],\"inLanguage\":\"de-DE\"},{\"@type\":\"Organization\",\"@id\":\"https:\\\/\\\/www.globalfilter.com\\\/de\\\/#organization\",\"name\":\"Global filter\",\"url\":\"https:\\\/\\\/www.globalfilter.com\\\/de\\\/\",\"logo\":{\"@type\":\"ImageObject\",\"inLanguage\":\"de-DE\",\"@id\":\"https:\\\/\\\/www.globalfilter.com\\\/de\\\/#\\\/schema\\\/logo\\\/image\\\/\",\"url\":\"https:\\\/\\\/www.globalfilter.com\\\/wp-content\\\/uploads\\\/2019\\\/06\\\/FGC-logo-1.png\",\"contentUrl\":\"https:\\\/\\\/www.globalfilter.com\\\/wp-content\\\/uploads\\\/2019\\\/06\\\/FGC-logo-1.png\",\"width\":1104,\"height\":224,\"caption\":\"Global filter\"},\"image\":{\"@id\":\"https:\\\/\\\/www.globalfilter.com\\\/de\\\/#\\\/schema\\\/logo\\\/image\\\/\"},\"sameAs\":[\"https:\\\/\\\/www.linkedin.com\\\/company\\\/global-filter-llc\"]}]}<\/script>\n<!-- \/ Yoast SEO plugin. -->","yoast_head_json":{"title":"Kosmetik - Global Filter","description":"Kosmetik Filtration: Wir wissen um die Auswirkungen, die eine unzureichende Filtration auf die von Ihnen hergestellten kosmetischen Pr\u00e4parate haben kann, und um die insgesamt negativen Folgen, die eine mangelhafte Filtration f\u00fcr Ihr Unternehmen haben kann.","robots":{"index":"index","follow":"follow","max-snippet":"max-snippet:-1","max-image-preview":"max-image-preview:large","max-video-preview":"max-video-preview:-1"},"canonical":"https:\/\/www.globalfilter.com\/de\/kosmetik\/","og_locale":"de_DE","og_type":"article","og_title":"Kosmetik - Global Filter","og_description":"Kosmetik Filtration: Wir wissen um die Auswirkungen, die eine unzureichende Filtration auf die von Ihnen hergestellten kosmetischen Pr\u00e4parate haben kann, und um die insgesamt negativen Folgen, die eine mangelhafte Filtration f\u00fcr Ihr Unternehmen haben kann.","og_url":"https:\/\/www.globalfilter.com\/de\/kosmetik\/","og_site_name":"Global Filter","article_modified_time":"2024-08-01T10:26:24+00:00","og_image":[{"url":"https:\/\/www.globalfilter.com\/wp-content\/uploads\/2024\/05\/iStock-1460122345-1-1.jpg","type":"","width":"","height":""}],"twitter_card":"summary_large_image","twitter_misc":{"Gesch\u00e4tzte Lesezeit":"3 Minuten"},"schema":{"@context":"https:\/\/schema.org","@graph":[{"@type":"WebPage","@id":"https:\/\/www.globalfilter.com\/de\/kosmetik\/","url":"https:\/\/www.globalfilter.com\/de\/kosmetik\/","name":"Kosmetik - Global Filter","isPartOf":{"@id":"https:\/\/www.globalfilter.com\/de\/#website"},"primaryImageOfPage":{"@id":"https:\/\/www.globalfilter.com\/de\/kosmetik\/#primaryimage"},"image":{"@id":"https:\/\/www.globalfilter.com\/de\/kosmetik\/#primaryimage"},"thumbnailUrl":"https:\/\/www.globalfilter.com\/wp-content\/uploads\/2024\/05\/iStock-1460122345-1-1.jpg","datePublished":"2024-08-01T10:26:23+00:00","dateModified":"2024-08-01T10:26:24+00:00","description":"Kosmetik Filtration: Wir wissen um die Auswirkungen, die eine unzureichende Filtration auf die von Ihnen hergestellten kosmetischen Pr\u00e4parate haben kann, und um die insgesamt negativen Folgen, die eine mangelhafte Filtration f\u00fcr Ihr Unternehmen haben kann.","breadcrumb":{"@id":"https:\/\/www.globalfilter.com\/de\/kosmetik\/#breadcrumb"},"inLanguage":"de-DE","potentialAction":[{"@type":"ReadAction","target":["https:\/\/www.globalfilter.com\/de\/kosmetik\/"]}]},{"@type":"ImageObject","inLanguage":"de-DE","@id":"https:\/\/www.globalfilter.com\/de\/kosmetik\/#primaryimage","url":"https:\/\/www.globalfilter.com\/wp-content\/uploads\/2024\/05\/iStock-1460122345-1-1.jpg","contentUrl":"https:\/\/www.globalfilter.com\/wp-content\/uploads\/2024\/05\/iStock-1460122345-1-1.jpg"},{"@type":"BreadcrumbList","@id":"https:\/\/www.globalfilter.com\/de\/kosmetik\/#breadcrumb","itemListElement":[{"@type":"ListItem","position":1,"name":"home","item":"https:\/\/www.globalfilter.com\/de\/"},{"@type":"ListItem","position":2,"name":"Kosmetik"}]},{"@type":"WebSite","@id":"https:\/\/www.globalfilter.com\/de\/#website","url":"https:\/\/www.globalfilter.com\/de\/","name":"Global Filter","description":"Making the World Safer, Healthier and More Productive","publisher":{"@id":"https:\/\/www.globalfilter.com\/de\/#organization"},"potentialAction":[{"@type":"SearchAction","target":{"@type":"EntryPoint","urlTemplate":"https:\/\/www.globalfilter.com\/de\/?s={search_term_string}"},"query-input":{"@type":"PropertyValueSpecification","valueRequired":true,"valueName":"search_term_string"}}],"inLanguage":"de-DE"},{"@type":"Organization","@id":"https:\/\/www.globalfilter.com\/de\/#organization","name":"Global filter","url":"https:\/\/www.globalfilter.com\/de\/","logo":{"@type":"ImageObject","inLanguage":"de-DE","@id":"https:\/\/www.globalfilter.com\/de\/#\/schema\/logo\/image\/","url":"https:\/\/www.globalfilter.com\/wp-content\/uploads\/2019\/06\/FGC-logo-1.png","contentUrl":"https:\/\/www.globalfilter.com\/wp-content\/uploads\/2019\/06\/FGC-logo-1.png","width":1104,"height":224,"caption":"Global filter"},"image":{"@id":"https:\/\/www.globalfilter.com\/de\/#\/schema\/logo\/image\/"},"sameAs":["https:\/\/www.linkedin.com\/company\/global-filter-llc"]}]}},"_links":{"self":[{"href":"https:\/\/www.globalfilter.com\/de\/wp-json\/wp\/v2\/pages\/12446","targetHints":{"allow":["GET"]}}],"collection":[{"href":"https:\/\/www.globalfilter.com\/de\/wp-json\/wp\/v2\/pages"}],"about":[{"href":"https:\/\/www.globalfilter.com\/de\/wp-json\/wp\/v2\/types\/page"}],"author":[{"embeddable":true,"href":"https:\/\/www.globalfilter.com\/de\/wp-json\/wp\/v2\/users\/8"}],"replies":[{"embeddable":true,"href":"https:\/\/www.globalfilter.com\/de\/wp-json\/wp\/v2\/comments?post=12446"}],"version-history":[{"count":0,"href":"https:\/\/www.globalfilter.com\/de\/wp-json\/wp\/v2\/pages\/12446\/revisions"}],"wp:attachment":[{"href":"https:\/\/www.globalfilter.com\/de\/wp-json\/wp\/v2\/media?parent=12446"}],"curies":[{"name":"wp","href":"https:\/\/api.w.org\/{rel}","templated":true}]}}