{"id":12476,"date":"2024-08-21T15:36:14","date_gmt":"2024-08-21T15:36:14","guid":{"rendered":"https:\/\/www.globalfilter.com\/?page_id=12476"},"modified":"2024-08-21T15:36:15","modified_gmt":"2024-08-21T15:36:15","slug":"softdrink","status":"publish","type":"page","link":"https:\/\/www.globalfilter.com\/de\/softdrink\/","title":{"rendered":"Softdrink"},"content":{"rendered":"\n<div class=\"wp-block-cover alignfull is-light\"><span aria-hidden=\"true\" class=\"wp-block-cover__background has-background-dim\"><\/span><img loading=\"lazy\" decoding=\"async\" width=\"2121\" height=\"1414\" class=\"wp-block-cover__image-background wp-image-10185\" alt=\"\" src=\"https:\/\/www.globalfilter.com\/wp-content\/uploads\/2022\/08\/Soft-Drink-Filtration.jpg\" data-object-fit=\"cover\" srcset=\"https:\/\/www.globalfilter.com\/wp-content\/uploads\/2022\/08\/Soft-Drink-Filtration.jpg 2121w, https:\/\/www.globalfilter.com\/wp-content\/uploads\/2022\/08\/Soft-Drink-Filtration-300x200.jpg 300w, https:\/\/www.globalfilter.com\/wp-content\/uploads\/2022\/08\/Soft-Drink-Filtration-1024x683.jpg 1024w, https:\/\/www.globalfilter.com\/wp-content\/uploads\/2022\/08\/Soft-Drink-Filtration-768x512.jpg 768w, https:\/\/www.globalfilter.com\/wp-content\/uploads\/2022\/08\/Soft-Drink-Filtration-1536x1024.jpg 1536w, https:\/\/www.globalfilter.com\/wp-content\/uploads\/2022\/08\/Soft-Drink-Filtration-2048x1365.jpg 2048w, https:\/\/www.globalfilter.com\/wp-content\/uploads\/2022\/08\/Soft-Drink-Filtration-272x182.jpg 272w\" sizes=\"auto, (max-width: 2121px) 100vw, 2121px\" \/><div class=\"wp-block-cover__inner-container is-layout-flow wp-block-cover-is-layout-flow\">\n<h1 class=\"wp-block-heading has-text-align-center has-white-color has-text-color\" id=\"h-soft-drink-filtration-solutions\">Filtrationsl\u00f6sungen f\u00fcr die Softdrink-Industrie<\/h1>\n\n\n\n<p class=\"has-text-align-center has-white-color has-text-color\" style=\"font-size:20px\">In der Erfrischungsgetr\u00e4nkeindustrie sind geeignete Filtersysteme von entscheidender Bedeutung, um die biologische Sicherheit, Qualit\u00e4t und Haltbarkeit des Produkts zu gew\u00e4hrleisten und die nachgeschalteten Anlagen zu sch\u00fctzen.<\/p>\n<\/div><\/div>\n\n\n\n<h2 class=\"wp-block-heading\" id=\"h-global-filter-assists-in-creating-consistent-tasting-soft-drinks-that-are-safe-high-quality-and-shelf-stable-and-require-no-reprocessing\">Global Filter hilft bei der Herstellung von Erfrischungsgetr\u00e4nken mit gleichbleibendem Geschmack, die sicher, hochwertig und lagerstabil sind und nicht wieder aufbereitet werden m\u00fcssen.<\/h2>\n\n\n\n<p>Geeignete Filtersysteme sind entscheidend f\u00fcr die biologische Sicherheit, Qualit\u00e4t und Haltbarkeit des Produkts sowie f\u00fcr den Schutz der nachgeschalteten Anlagen. Um die geforderten Wasserqualit\u00e4tsstandards zu erf\u00fcllen und wettbewerbsf\u00e4hig zu blei-ben, m\u00fcssen die Systeme mehrere Filtrationsschritte vereinen, um Partikel zu reduzieren, Mikroorganismen zu entfernen und die Anlagen zu sch\u00fctzen. Wenn keine geeignete Filterkaskade installiert ist, k\u00f6nnen Bakterien und Partikel den Geschmack und die Gesamtqualit\u00e4t beeintr\u00e4chtigen, was f\u00fcr den menschlichen Verzehr potenziell sch\u00e4dlich sein kann.<\/p>\n\n\n\n<h2 class=\"wp-block-heading has-text-align-center\" id=\"h-soda-process-flow-diagram\">Flussdiagramm Soda-Prozess<\/h2>\n\n\n\n<figure class=\"wp-block-image size-large\"><img loading=\"lazy\" decoding=\"async\" width=\"1024\" height=\"142\" src=\"https:\/\/www.globalfilter.com\/wp-content\/uploads\/2024\/08\/2024-08-21-17_32_02-2022-DE-soft-drinks-application-brochure-220802-PDF-XChange-Editor-1024x142.png\" alt=\"\" class=\"wp-image-12483\" srcset=\"https:\/\/www.globalfilter.com\/wp-content\/uploads\/2024\/08\/2024-08-21-17_32_02-2022-DE-soft-drinks-application-brochure-220802-PDF-XChange-Editor-1024x142.png 1024w, https:\/\/www.globalfilter.com\/wp-content\/uploads\/2024\/08\/2024-08-21-17_32_02-2022-DE-soft-drinks-application-brochure-220802-PDF-XChange-Editor-300x42.png 300w, https:\/\/www.globalfilter.com\/wp-content\/uploads\/2024\/08\/2024-08-21-17_32_02-2022-DE-soft-drinks-application-brochure-220802-PDF-XChange-Editor-768x106.png 768w, https:\/\/www.globalfilter.com\/wp-content\/uploads\/2024\/08\/2024-08-21-17_32_02-2022-DE-soft-drinks-application-brochure-220802-PDF-XChange-Editor.png 1148w\" sizes=\"auto, (max-width: 1024px) 100vw, 1024px\" \/><\/figure>\n\n\n\n<div class=\"wp-block-media-text is-stacked-on-mobile alignwide\"><figure class=\"wp-block-media-text__media\"><img loading=\"lazy\" decoding=\"async\" width=\"1024\" height=\"683\" src=\"https:\/\/www.globalfilter.com\/wp-content\/uploads\/2022\/08\/Soda-Clarification--1024x683.jpg\" alt=\"Soft Drink Clarification Solutions \" class=\"wp-image-10197 size-full\" srcset=\"https:\/\/www.globalfilter.com\/wp-content\/uploads\/2022\/08\/Soda-Clarification--1024x683.jpg 1024w, https:\/\/www.globalfilter.com\/wp-content\/uploads\/2022\/08\/Soda-Clarification--300x200.jpg 300w, https:\/\/www.globalfilter.com\/wp-content\/uploads\/2022\/08\/Soda-Clarification--768x512.jpg 768w, https:\/\/www.globalfilter.com\/wp-content\/uploads\/2022\/08\/Soda-Clarification--1536x1024.jpg 1536w, https:\/\/www.globalfilter.com\/wp-content\/uploads\/2022\/08\/Soda-Clarification--2048x1365.jpg 2048w, https:\/\/www.globalfilter.com\/wp-content\/uploads\/2022\/08\/Soda-Clarification--272x182.jpg 272w\" sizes=\"auto, (max-width: 1024px) 100vw, 1024px\" \/><\/figure><div class=\"wp-block-media-text__content\">\n<h2 class=\"wp-block-heading\" id=\"h-soft-drink-clarification-solutions\">L\u00f6sungen f\u00fcr die Kl\u00e4rung von Softdrinks<\/h2>\n\n\n\n<p>F\u00fcr den Kl\u00e4rungsschritt empfehlen wir je nach Zusam-mensetzung des Getr\u00e4nks (Feststoffgehalt, Gehalt an Mikroorganismen) die Verwendung von <a href=\"https:\/\/www.globalfilter.com\/de\/produkte\/plissierte-filterkerzen\/mikroglasfaser\/\">plissierten Bo-rosilikatfilterkerzen (FG- &amp; HFFG-Serie) <\/a>und\/oder plissierten <a href=\"https:\/\/www.globalfilter.com\/de\/produkte\/plissierte-filterkerzen\/polypropylen\/\">Polypropylen-Filterkerzen (PP- &amp; HFPP-Serie<\/a>) von Global Filter mit einer Porengr\u00f6\u00dfe von 1 bis 10 Mikron. Die <a href=\"https:\/\/www.globalfilter.com\/de\/produkte\/plissierte-filterkerzen\/mikroglasfaser\/\">Filterkerzen der FG-Serie<\/a> bieten einen ge-ringen Druckabfall, eine hohe Schmutzaufnahmekapa-zit\u00e4t und eine hohe Effizienz, w\u00e4hrend sie aufgrund der dem Medium innewohnenden positiven Ladung bei der Beseitigung von Tr\u00fcbungen behilflich ist. Dieser Schritt sch\u00fctzt den Membranfilterkerze auch da-vor, mit Partikeln \u00fcberladen zu werden und vorzeitig zu verstopfen.<\/p>\n<\/div><\/div>\n\n\n\n<div class=\"wp-block-media-text has-media-on-the-right is-stacked-on-mobile alignwide\"><div class=\"wp-block-media-text__content\">\n<h2 class=\"wp-block-heading\" id=\"h-carbon-dioxide-filtration-solutions\">Kohlendioxid-Filtrationsl\u00f6sungen<\/h2>\n\n\n\n<p>Wenn diese Getr\u00e4nk Kohlens\u00e4ure zugesetzt wird, sollte es auch gefiltert werden, um m\u00f6gliche mikrobielle Verunreinigungen zu entfernen. F\u00fcr diesen Schritt empfeh-len wir die Verwendung einer PTFE-Membranfilterkerzen oder einer <a href=\"https:\/\/www.globalfilter.com\/de\/produkte\/membranfilterkerzen\/hydrophobes-polysulfon\/\">hydrophoben PS-Membran (PSH-Serie)<\/a>.<\/p>\n<\/div><figure class=\"wp-block-media-text__media\"><img loading=\"lazy\" decoding=\"async\" width=\"1024\" height=\"692\" src=\"https:\/\/www.globalfilter.com\/wp-content\/uploads\/2022\/08\/Soda-Bubbles-Image-1024x692.jpg\" alt=\"\" class=\"wp-image-10204 size-full\" srcset=\"https:\/\/www.globalfilter.com\/wp-content\/uploads\/2022\/08\/Soda-Bubbles-Image-1024x692.jpg 1024w, https:\/\/www.globalfilter.com\/wp-content\/uploads\/2022\/08\/Soda-Bubbles-Image-300x203.jpg 300w, https:\/\/www.globalfilter.com\/wp-content\/uploads\/2022\/08\/Soda-Bubbles-Image-768x519.jpg 768w, https:\/\/www.globalfilter.com\/wp-content\/uploads\/2022\/08\/Soda-Bubbles-Image-1536x1039.jpg 1536w, https:\/\/www.globalfilter.com\/wp-content\/uploads\/2022\/08\/Soda-Bubbles-Image-2048x1385.jpg 2048w\" sizes=\"auto, (max-width: 1024px) 100vw, 1024px\" \/><\/figure><\/div>\n\n\n\n<div class=\"wp-block-media-text is-stacked-on-mobile alignwide\"><figure class=\"wp-block-media-text__media\"><img loading=\"lazy\" decoding=\"async\" width=\"1024\" height=\"768\" src=\"https:\/\/www.globalfilter.com\/wp-content\/uploads\/2022\/05\/Microbes-1024x768.jpg\" alt=\"\" class=\"wp-image-9571 size-full\" srcset=\"https:\/\/www.globalfilter.com\/wp-content\/uploads\/2022\/05\/Microbes-1024x768.jpg 1024w, https:\/\/www.globalfilter.com\/wp-content\/uploads\/2022\/05\/Microbes-300x225.jpg 300w, https:\/\/www.globalfilter.com\/wp-content\/uploads\/2022\/05\/Microbes-768x576.jpg 768w, https:\/\/www.globalfilter.com\/wp-content\/uploads\/2022\/05\/Microbes-1536x1152.jpg 1536w, https:\/\/www.globalfilter.com\/wp-content\/uploads\/2022\/05\/Microbes.jpg 2000w\" sizes=\"auto, (max-width: 1024px) 100vw, 1024px\" \/><\/figure><div class=\"wp-block-media-text__content\">\n<h2 class=\"wp-block-heading\" id=\"h-microbial-removal-solutions\">L\u00f6sungen zur Entfernung von Mikroben<\/h2>\n\n\n\n<p>Vor der Abf\u00fcllung werden im zweiten und letzten Filtrationsschritt die restlichen mikrobiellen Verunreinigungen ent-fernt, die zu Geschmacksver\u00e4nderungen f\u00fchren k\u00f6nnen und die Haltbarkeit des Getr\u00e4nks beeintr\u00e4chtigen w\u00fcrden. Mikroorganismen k\u00f6nnen in der Tat durch verunreinigte Kohle-\/Sandbetten, Luft-\/Gaszufuhr und besch\u00e4digte Rohrleitungen\/Ventile in den Erfrischungsgetr\u00e4nkeprozess gelangen. Ihre Entfernung ist von entscheidender Bedeu-tung, um die Qualit\u00e4t zu gew\u00e4hrleisten und das Getr\u00e4nk f\u00fcr den menschlichen Verzehr sicher zu machen. F\u00fcr die Entfernung mikrobieller Verunreinigungen werden <a href=\"https:\/\/www.globalfilter.com\/de\/produkte\/membranfilterkerzen\/polyethersulfon\/\">PES-Membranfilterkerzen<\/a> mit 0,45 oder 0,65 Mikron empfohlen. Die Entfernung der Mikroorganismen sorgt f\u00fcr ein stabiles Produkt, das frei von mikrobiellen Verunreinigungen ist.<\/p>\n<\/div><\/div>\n\n\n\n<h3 class=\"wp-block-heading\" id=\"h-soft-drink-filtration-literature\">Literatur zur Filtration von Softdrinks<\/h3>\n\n\n\n<p><em><strong>Laden Sie die untenstehende Literatur zur Filtration von Softdrink herunter, um mehr \u00fcber unsere Filtrationsl\u00f6sungen zu erfahren.<\/strong><\/em><\/p>\n\n\n\n<div class=\"wp-block-columns is-layout-flex wp-container-core-columns-is-layout-9d6595d7 wp-block-columns-is-layout-flex\">\n<div class=\"wp-block-column is-layout-flow wp-block-column-is-layout-flow\">\n<div class=\"wp-block-media-text alignwide is-stacked-on-mobile\" style=\"grid-template-columns:57% auto\"><figure class=\"wp-block-media-text__media\"><a href=\"https:\/\/www.globalfilter.com\/wp-content\/uploads\/2022\/08\/US-soft-drinks-application-brochure-220802.pdf\"><img loading=\"lazy\" decoding=\"async\" width=\"680\" height=\"883\" src=\"https:\/\/www.globalfilter.com\/wp-content\/uploads\/2024\/08\/brochure-soda-DE.png\" alt=\"\" class=\"wp-image-12489 size-full\" srcset=\"https:\/\/www.globalfilter.com\/wp-content\/uploads\/2024\/08\/brochure-soda-DE.png 680w, https:\/\/www.globalfilter.com\/wp-content\/uploads\/2024\/08\/brochure-soda-DE-231x300.png 231w\" sizes=\"auto, (max-width: 680px) 100vw, 680px\" \/><\/a><\/figure><div class=\"wp-block-media-text__content\">\n<h3 class=\"wp-block-heading has-text-align-left\" id=\"h-soft-drink-application-brochure\">Brosch\u00fcre zur Anwendung von Softdrinks<\/h3>\n\n\n\n<p>Global filter entwickelt und fertigt Beh\u00e4lter und Filterelemente f\u00fcr die Softdrinkindustrie. Erfahren Sie, wie unsere L\u00f6sungen Ihren Erfrischungsgetr\u00e4nkeprozess optimieren k\u00f6nnen.<\/p>\n\n\n\n<div class=\"wp-block-buttons is-layout-flex wp-block-buttons-is-layout-flex\">\n<div class=\"wp-block-button\"><a class=\"wp-block-button__link has-green-background-color has-background wp-element-button\" href=\"https:\/\/www.globalfilter.com\/wp-content\/uploads\/2024\/08\/2022-DE-soft-drinks-application-brochure-220802-1.pdf\">Herunterladen<\/a><\/div>\n<\/div>\n<\/div><\/div>\n<\/div>\n\n\n\n<div class=\"wp-block-column is-layout-flow wp-block-column-is-layout-flow\"><\/div>\n<\/div>\n\n\n\n<div class=\"wp-block-cover alignfull\"><span aria-hidden=\"true\" class=\"wp-block-cover__background has-background-dim\"><\/span><img loading=\"lazy\" decoding=\"async\" width=\"2121\" height=\"1414\" class=\"wp-block-cover__image-background wp-image-10228\" alt=\"\" src=\"https:\/\/www.globalfilter.com\/wp-content\/uploads\/2022\/08\/Soda-Bottom-image-1.jpg\" data-object-fit=\"cover\" srcset=\"https:\/\/www.globalfilter.com\/wp-content\/uploads\/2022\/08\/Soda-Bottom-image-1.jpg 2121w, https:\/\/www.globalfilter.com\/wp-content\/uploads\/2022\/08\/Soda-Bottom-image-1-300x200.jpg 300w, https:\/\/www.globalfilter.com\/wp-content\/uploads\/2022\/08\/Soda-Bottom-image-1-1024x683.jpg 1024w, https:\/\/www.globalfilter.com\/wp-content\/uploads\/2022\/08\/Soda-Bottom-image-1-768x512.jpg 768w, https:\/\/www.globalfilter.com\/wp-content\/uploads\/2022\/08\/Soda-Bottom-image-1-1536x1024.jpg 1536w, https:\/\/www.globalfilter.com\/wp-content\/uploads\/2022\/08\/Soda-Bottom-image-1-2048x1365.jpg 2048w, https:\/\/www.globalfilter.com\/wp-content\/uploads\/2022\/08\/Soda-Bottom-image-1-272x182.jpg 272w\" sizes=\"auto, (max-width: 2121px) 100vw, 2121px\" \/><div class=\"wp-block-cover__inner-container is-layout-flow wp-block-cover-is-layout-flow\">\n<h2 class=\"wp-block-heading has-text-align-right\" id=\"h-contact-us-for-soda-filtration-solutions\">Kontaktieren Sie uns f\u00fcr alkoholfreie Filtrationsl\u00f6sungen<\/h2>\n\n\n\n<div class=\"wp-block-buttons is-content-justification-right is-layout-flex wp-container-core-buttons-is-layout-765c4724 wp-block-buttons-is-layout-flex\">\n<div class=\"wp-block-button\"><a class=\"wp-block-button__link has-green-background-color has-background wp-element-button\" href=\"https:\/\/www.globalfilter.com\/de\/kontaktieren-sie-uns\/\">Kontaktieren Sie uns<\/a><\/div>\n<\/div>\n<\/div><\/div>\n\n\n\n<p><\/p>\n","protected":false},"excerpt":{"rendered":"<p>Global Filter hilft bei der Herstellung von Erfrischungsgetr\u00e4nken mit gleichbleibendem Geschmack, die sicher, hochwertig und lagerstabil sind und nicht wieder aufbereitet werden m\u00fcssen. Geeignete Filtersysteme sind entscheidend f\u00fcr die biologische Sicherheit, Qualit\u00e4t und Haltbarkeit des Produkts sowie f\u00fcr den Schutz der nachgeschalteten Anlagen. Um die geforderten Wasserqualit\u00e4tsstandards zu erf\u00fcllen und wettbewerbsf\u00e4hig zu blei-ben, m\u00fcssen die [&hellip;]<\/p>\n","protected":false},"author":8,"featured_media":10231,"parent":0,"menu_order":-12,"comment_status":"closed","ping_status":"closed","template":"","meta":{"_acf_changed":false,"content-type":"","footnotes":""},"class_list":["post-12476","page","type-page","status-publish","has-post-thumbnail","hentry"],"acf":[],"yoast_head":"<!-- This site is optimized with the Yoast SEO plugin v27.3 - https:\/\/yoast.com\/product\/yoast-seo-wordpress\/ -->\n<title>Softdrink - Global Filter<\/title>\n<meta name=\"description\" content=\"Global Filter hilft bei der Herstellung von Softdrink mit gleichbleibendem Geschmack, die sicher, hochwertig und lagerstabil sind und nicht wieder aufbereitet werden m\u00fcssen.\" \/>\n<meta name=\"robots\" content=\"index, follow, max-snippet:-1, max-image-preview:large, max-video-preview:-1\" \/>\n<link rel=\"canonical\" href=\"https:\/\/www.globalfilter.com\/de\/softdrink\/\" \/>\n<meta property=\"og:locale\" content=\"de_DE\" \/>\n<meta property=\"og:type\" content=\"article\" \/>\n<meta property=\"og:title\" content=\"Softdrink - Global Filter\" \/>\n<meta property=\"og:description\" content=\"Global Filter hilft bei der Herstellung von Softdrink mit gleichbleibendem Geschmack, die sicher, hochwertig und lagerstabil sind und nicht wieder aufbereitet werden m\u00fcssen.\" \/>\n<meta property=\"og:url\" content=\"https:\/\/www.globalfilter.com\/de\/softdrink\/\" \/>\n<meta property=\"og:site_name\" content=\"Global Filter\" \/>\n<meta property=\"article:modified_time\" content=\"2024-08-21T15:36:15+00:00\" \/>\n<meta property=\"og:image\" content=\"https:\/\/www.globalfilter.com\/wp-content\/uploads\/2022\/08\/Soda-Bottom-image-1-1024x683.jpg\" \/>\n\t<meta property=\"og:image:width\" content=\"1024\" \/>\n\t<meta property=\"og:image:height\" content=\"683\" \/>\n\t<meta property=\"og:image:type\" content=\"image\/jpeg\" \/>\n<meta name=\"twitter:card\" content=\"summary_large_image\" \/>\n<meta name=\"twitter:label1\" content=\"Gesch\u00e4tzte Lesezeit\" \/>\n\t<meta name=\"twitter:data1\" content=\"4 Minuten\" \/>\n<script type=\"application\/ld+json\" class=\"yoast-schema-graph\">{\"@context\":\"https:\\\/\\\/schema.org\",\"@graph\":[{\"@type\":\"WebPage\",\"@id\":\"https:\\\/\\\/www.globalfilter.com\\\/de\\\/softdrink\\\/\",\"url\":\"https:\\\/\\\/www.globalfilter.com\\\/de\\\/softdrink\\\/\",\"name\":\"Softdrink - Global Filter\",\"isPartOf\":{\"@id\":\"https:\\\/\\\/www.globalfilter.com\\\/de\\\/#website\"},\"primaryImageOfPage\":{\"@id\":\"https:\\\/\\\/www.globalfilter.com\\\/de\\\/softdrink\\\/#primaryimage\"},\"image\":{\"@id\":\"https:\\\/\\\/www.globalfilter.com\\\/de\\\/softdrink\\\/#primaryimage\"},\"thumbnailUrl\":\"https:\\\/\\\/www.globalfilter.com\\\/wp-content\\\/uploads\\\/2022\\\/08\\\/Soda-Bottom-image-1.jpg\",\"datePublished\":\"2024-08-21T15:36:14+00:00\",\"dateModified\":\"2024-08-21T15:36:15+00:00\",\"description\":\"Global Filter hilft bei der Herstellung von Softdrink mit gleichbleibendem Geschmack, die sicher, hochwertig und lagerstabil sind und nicht wieder aufbereitet werden m\u00fcssen.\",\"breadcrumb\":{\"@id\":\"https:\\\/\\\/www.globalfilter.com\\\/de\\\/softdrink\\\/#breadcrumb\"},\"inLanguage\":\"de-DE\",\"potentialAction\":[{\"@type\":\"ReadAction\",\"target\":[\"https:\\\/\\\/www.globalfilter.com\\\/de\\\/softdrink\\\/\"]}]},{\"@type\":\"ImageObject\",\"inLanguage\":\"de-DE\",\"@id\":\"https:\\\/\\\/www.globalfilter.com\\\/de\\\/softdrink\\\/#primaryimage\",\"url\":\"https:\\\/\\\/www.globalfilter.com\\\/wp-content\\\/uploads\\\/2022\\\/08\\\/Soda-Bottom-image-1.jpg\",\"contentUrl\":\"https:\\\/\\\/www.globalfilter.com\\\/wp-content\\\/uploads\\\/2022\\\/08\\\/Soda-Bottom-image-1.jpg\",\"width\":2121,\"height\":1414,\"caption\":\"Fizz sparkling Cola water Refreshing bubbly Soda Pop with Ice Cubes. Cold soft drink cola carbonated liquid fresh and cool iced drink in a glasses . Refreshing and quench thirst concept .\"},{\"@type\":\"BreadcrumbList\",\"@id\":\"https:\\\/\\\/www.globalfilter.com\\\/de\\\/softdrink\\\/#breadcrumb\",\"itemListElement\":[{\"@type\":\"ListItem\",\"position\":1,\"name\":\"home\",\"item\":\"https:\\\/\\\/www.globalfilter.com\\\/de\\\/\"},{\"@type\":\"ListItem\",\"position\":2,\"name\":\"Softdrink\"}]},{\"@type\":\"WebSite\",\"@id\":\"https:\\\/\\\/www.globalfilter.com\\\/de\\\/#website\",\"url\":\"https:\\\/\\\/www.globalfilter.com\\\/de\\\/\",\"name\":\"Global Filter\",\"description\":\"Making the World Safer, Healthier and More Productive\",\"publisher\":{\"@id\":\"https:\\\/\\\/www.globalfilter.com\\\/de\\\/#organization\"},\"potentialAction\":[{\"@type\":\"SearchAction\",\"target\":{\"@type\":\"EntryPoint\",\"urlTemplate\":\"https:\\\/\\\/www.globalfilter.com\\\/de\\\/?s={search_term_string}\"},\"query-input\":{\"@type\":\"PropertyValueSpecification\",\"valueRequired\":true,\"valueName\":\"search_term_string\"}}],\"inLanguage\":\"de-DE\"},{\"@type\":\"Organization\",\"@id\":\"https:\\\/\\\/www.globalfilter.com\\\/de\\\/#organization\",\"name\":\"Global filter\",\"url\":\"https:\\\/\\\/www.globalfilter.com\\\/de\\\/\",\"logo\":{\"@type\":\"ImageObject\",\"inLanguage\":\"de-DE\",\"@id\":\"https:\\\/\\\/www.globalfilter.com\\\/de\\\/#\\\/schema\\\/logo\\\/image\\\/\",\"url\":\"https:\\\/\\\/www.globalfilter.com\\\/wp-content\\\/uploads\\\/2019\\\/06\\\/FGC-logo-1.png\",\"contentUrl\":\"https:\\\/\\\/www.globalfilter.com\\\/wp-content\\\/uploads\\\/2019\\\/06\\\/FGC-logo-1.png\",\"width\":1104,\"height\":224,\"caption\":\"Global filter\"},\"image\":{\"@id\":\"https:\\\/\\\/www.globalfilter.com\\\/de\\\/#\\\/schema\\\/logo\\\/image\\\/\"},\"sameAs\":[\"https:\\\/\\\/www.linkedin.com\\\/company\\\/global-filter-llc\"]}]}<\/script>\n<!-- \/ Yoast SEO plugin. -->","yoast_head_json":{"title":"Softdrink - Global Filter","description":"Global Filter hilft bei der Herstellung von Softdrink mit gleichbleibendem Geschmack, die sicher, hochwertig und lagerstabil sind und nicht wieder aufbereitet werden m\u00fcssen.","robots":{"index":"index","follow":"follow","max-snippet":"max-snippet:-1","max-image-preview":"max-image-preview:large","max-video-preview":"max-video-preview:-1"},"canonical":"https:\/\/www.globalfilter.com\/de\/softdrink\/","og_locale":"de_DE","og_type":"article","og_title":"Softdrink - Global Filter","og_description":"Global Filter hilft bei der Herstellung von Softdrink mit gleichbleibendem Geschmack, die sicher, hochwertig und lagerstabil sind und nicht wieder aufbereitet werden m\u00fcssen.","og_url":"https:\/\/www.globalfilter.com\/de\/softdrink\/","og_site_name":"Global Filter","article_modified_time":"2024-08-21T15:36:15+00:00","og_image":[{"width":1024,"height":683,"url":"https:\/\/www.globalfilter.com\/wp-content\/uploads\/2022\/08\/Soda-Bottom-image-1-1024x683.jpg","type":"image\/jpeg"}],"twitter_card":"summary_large_image","twitter_misc":{"Gesch\u00e4tzte Lesezeit":"4 Minuten"},"schema":{"@context":"https:\/\/schema.org","@graph":[{"@type":"WebPage","@id":"https:\/\/www.globalfilter.com\/de\/softdrink\/","url":"https:\/\/www.globalfilter.com\/de\/softdrink\/","name":"Softdrink - Global Filter","isPartOf":{"@id":"https:\/\/www.globalfilter.com\/de\/#website"},"primaryImageOfPage":{"@id":"https:\/\/www.globalfilter.com\/de\/softdrink\/#primaryimage"},"image":{"@id":"https:\/\/www.globalfilter.com\/de\/softdrink\/#primaryimage"},"thumbnailUrl":"https:\/\/www.globalfilter.com\/wp-content\/uploads\/2022\/08\/Soda-Bottom-image-1.jpg","datePublished":"2024-08-21T15:36:14+00:00","dateModified":"2024-08-21T15:36:15+00:00","description":"Global Filter hilft bei der Herstellung von Softdrink mit gleichbleibendem Geschmack, die sicher, hochwertig und lagerstabil sind und nicht wieder aufbereitet werden m\u00fcssen.","breadcrumb":{"@id":"https:\/\/www.globalfilter.com\/de\/softdrink\/#breadcrumb"},"inLanguage":"de-DE","potentialAction":[{"@type":"ReadAction","target":["https:\/\/www.globalfilter.com\/de\/softdrink\/"]}]},{"@type":"ImageObject","inLanguage":"de-DE","@id":"https:\/\/www.globalfilter.com\/de\/softdrink\/#primaryimage","url":"https:\/\/www.globalfilter.com\/wp-content\/uploads\/2022\/08\/Soda-Bottom-image-1.jpg","contentUrl":"https:\/\/www.globalfilter.com\/wp-content\/uploads\/2022\/08\/Soda-Bottom-image-1.jpg","width":2121,"height":1414,"caption":"Fizz sparkling Cola water Refreshing bubbly Soda Pop with Ice Cubes. Cold soft drink cola carbonated liquid fresh and cool iced drink in a glasses . Refreshing and quench thirst concept ."},{"@type":"BreadcrumbList","@id":"https:\/\/www.globalfilter.com\/de\/softdrink\/#breadcrumb","itemListElement":[{"@type":"ListItem","position":1,"name":"home","item":"https:\/\/www.globalfilter.com\/de\/"},{"@type":"ListItem","position":2,"name":"Softdrink"}]},{"@type":"WebSite","@id":"https:\/\/www.globalfilter.com\/de\/#website","url":"https:\/\/www.globalfilter.com\/de\/","name":"Global Filter","description":"Making the World Safer, Healthier and More Productive","publisher":{"@id":"https:\/\/www.globalfilter.com\/de\/#organization"},"potentialAction":[{"@type":"SearchAction","target":{"@type":"EntryPoint","urlTemplate":"https:\/\/www.globalfilter.com\/de\/?s={search_term_string}"},"query-input":{"@type":"PropertyValueSpecification","valueRequired":true,"valueName":"search_term_string"}}],"inLanguage":"de-DE"},{"@type":"Organization","@id":"https:\/\/www.globalfilter.com\/de\/#organization","name":"Global filter","url":"https:\/\/www.globalfilter.com\/de\/","logo":{"@type":"ImageObject","inLanguage":"de-DE","@id":"https:\/\/www.globalfilter.com\/de\/#\/schema\/logo\/image\/","url":"https:\/\/www.globalfilter.com\/wp-content\/uploads\/2019\/06\/FGC-logo-1.png","contentUrl":"https:\/\/www.globalfilter.com\/wp-content\/uploads\/2019\/06\/FGC-logo-1.png","width":1104,"height":224,"caption":"Global filter"},"image":{"@id":"https:\/\/www.globalfilter.com\/de\/#\/schema\/logo\/image\/"},"sameAs":["https:\/\/www.linkedin.com\/company\/global-filter-llc"]}]}},"_links":{"self":[{"href":"https:\/\/www.globalfilter.com\/de\/wp-json\/wp\/v2\/pages\/12476","targetHints":{"allow":["GET"]}}],"collection":[{"href":"https:\/\/www.globalfilter.com\/de\/wp-json\/wp\/v2\/pages"}],"about":[{"href":"https:\/\/www.globalfilter.com\/de\/wp-json\/wp\/v2\/types\/page"}],"author":[{"embeddable":true,"href":"https:\/\/www.globalfilter.com\/de\/wp-json\/wp\/v2\/users\/8"}],"replies":[{"embeddable":true,"href":"https:\/\/www.globalfilter.com\/de\/wp-json\/wp\/v2\/comments?post=12476"}],"version-history":[{"count":0,"href":"https:\/\/www.globalfilter.com\/de\/wp-json\/wp\/v2\/pages\/12476\/revisions"}],"wp:featuredmedia":[{"embeddable":true,"href":"https:\/\/www.globalfilter.com\/de\/wp-json\/wp\/v2\/media\/10231"}],"wp:attachment":[{"href":"https:\/\/www.globalfilter.com\/de\/wp-json\/wp\/v2\/media?parent=12476"}],"curies":[{"name":"wp","href":"https:\/\/api.w.org\/{rel}","templated":true}]}}