{"id":1500,"date":"2020-02-03T18:15:25","date_gmt":"2020-02-03T18:15:25","guid":{"rendered":"https:\/\/www.globalfilter.com\/plissierte-filterkerzen\/"},"modified":"2025-01-28T08:27:23","modified_gmt":"2025-01-28T08:27:23","slug":"plissierte-filterkerzen","status":"publish","type":"page","link":"https:\/\/www.globalfilter.com\/de\/produkte\/plissierte-filterkerzen\/","title":{"rendered":"Plissierte Filterkerzen"},"content":{"rendered":"\n<div class=\"wp-block-cover alignfull\" style=\"min-height:275px;aspect-ratio:unset;\"><span aria-hidden=\"true\" class=\"wp-block-cover__background has-blue-background-color has-background-dim\"><\/span><img decoding=\"async\" class=\"wp-block-cover__image-background wp-image-362\" alt=\"\" src=\"https:\/\/www.globalfilter.com\/wp-content\/uploads\/2021\/08\/Gen2-Web-Banner-origional.jpg\" data-object-fit=\"cover\" \/><div class=\"wp-block-cover__inner-container is-layout-flow wp-block-cover-is-layout-flow\">\n<h1 class=\"wp-block-heading has-text-align-center\" id=\"h-plissierte-filterkerzen\">Plissierte Filterkerzen<\/h1>\n<\/div><\/div>\n\n\n\n<!--Close-->\t\n<\/div><\/div><\/section>\n<!--Menu-->\n<div class=\"no-top-margin\">\n<div class=\"msb-sticky-bar\">\n<div class=\"container\">\n  <div class=\"row\">\n    <div class=\"col-sm text-center\">\n      <a href=\"https:\/\/www.globalfilter.com\/de\/kontaktieren-sie-uns\/\" class=\"btn btn-primary solution-trigger\">Fordern Sie ein Angebot an<\/a>\n    <\/div>\n  <\/div>\n<\/div>\n<\/div>\n<\/div>\n<!--Open-->\n<section class=\"container\"><div class=\"row\"><div class=\"col-md-12\">\n\n\n\n<p>Die mehrlagigen, faserbasierten Filtermaterialien erm\u00f6glichen eine wahre Tiefenbelastung f\u00fcr eine hocheffektive Entfernung bei niedrigen Ascheideraten. Das plissierte Design vergr\u00f6\u00dfert die Oberfl\u00e4che, was wiederum die Speicherkapazit\u00e4t erh\u00f6ht und h\u00f6here Durchflussraten erm\u00f6glicht.<\/p>\n\n\n\n<div class=\"wp-block-columns has-4-columns anm-columns is-layout-flex wp-container-core-columns-is-layout-9d6595d7 wp-block-columns-is-layout-flex\">\n<div class=\"wp-block-column is-layout-flow wp-block-column-is-layout-flow\">\n<h4 class=\"wp-block-heading\" id=\"h-polypropylen\">Polypropylen<\/h4>\n\n\n\n<p>Bietet ein gro\u00dffl\u00e4chiges Element aus 100&nbsp;% Polypropylen zum Entfernen von feinen oder groben Partikeln aus Fl\u00fcssigkeiten.<\/p>\n\n\n\n<div class=\"wp-block-button\"><a class=\"wp-block-button__link has-white-color has-green-background-color has-text-color has-background wp-element-button\" href=\"https:\/\/www.globalfilter.com\/de\/produkte\/plissierte-filterkerzen\/polypropylen\/\">Mehr erfahren<\/a><\/div>\n<\/div>\n\n\n\n<div class=\"wp-block-column is-layout-flow wp-block-column-is-layout-flow\">\n<h4 class=\"wp-block-heading\" id=\"h-mikroglasfaser\">Mikroglasfaser<\/h4>\n\n\n\n<p>Bietet eine hocheffiziente R\u00fcckhaltung von Partikeln aus fl\u00fcssigen und gasf\u00f6rmigen Fl\u00fcssigkeiten.<\/p>\n\n\n\n<div class=\"wp-block-button\"><a class=\"wp-block-button__link has-white-color has-green-background-color has-text-color has-background wp-element-button\" href=\"https:\/\/www.globalfilter.com\/de\/produkte\/plissierte-filterkerzen\/mikroglasfaser\/\">Mehr erfahren<\/a><\/div>\n<\/div>\n<\/div>\n","protected":false},"excerpt":{"rendered":"<p>Fordern Sie ein Angebot an Die mehrlagigen, faserbasierten Filtermaterialien erm\u00f6glichen eine wahre Tiefenbelastung f\u00fcr eine hocheffektive Entfernung bei niedrigen Ascheideraten. Das plissierte Design vergr\u00f6\u00dfert die Oberfl\u00e4che, was wiederum die Speicherkapazit\u00e4t erh\u00f6ht und h\u00f6here Durchflussraten erm\u00f6glicht. Polypropylen Bietet ein gro\u00dffl\u00e4chiges Element aus 100&nbsp;% Polypropylen zum Entfernen von feinen oder groben Partikeln aus Fl\u00fcssigkeiten. Mikroglasfaser Bietet eine [&hellip;]<\/p>\n","protected":false},"author":3,"featured_media":0,"parent":1504,"menu_order":0,"comment_status":"closed","ping_status":"closed","template":"","meta":{"_acf_changed":false,"content-type":"","footnotes":""},"class_list":["post-1500","page","type-page","status-publish","hentry"],"acf":[],"yoast_head":"<!-- This site is optimized with the Yoast SEO plugin v27.3 - https:\/\/yoast.com\/product\/yoast-seo-wordpress\/ -->\n<title>Plissierte Filterkerzen - Global Filter<\/title>\n<meta name=\"description\" content=\"Die mehrlagigen, faserbasierten Filtermaterialien die plissierten Filterkerzen erm\u00f6glichen eine wahre Tiefenbelastung f\u00fcr eine hocheffektive Entfernung bei niedrigen Ascheideraten.\" \/>\n<meta name=\"robots\" content=\"index, follow, max-snippet:-1, max-image-preview:large, max-video-preview:-1\" \/>\n<link rel=\"canonical\" href=\"https:\/\/www.globalfilter.com\/de\/produkte\/plissierte-filterkerzen\/\" \/>\n<meta property=\"og:locale\" content=\"de_DE\" \/>\n<meta property=\"og:type\" content=\"article\" \/>\n<meta property=\"og:title\" content=\"Plissierte Filterkerzen - Global Filter\" \/>\n<meta property=\"og:description\" content=\"Die mehrlagigen, faserbasierten Filtermaterialien die plissierten Filterkerzen erm\u00f6glichen eine wahre Tiefenbelastung f\u00fcr eine hocheffektive Entfernung bei niedrigen Ascheideraten.\" \/>\n<meta property=\"og:url\" content=\"https:\/\/www.globalfilter.com\/de\/produkte\/plissierte-filterkerzen\/\" \/>\n<meta property=\"og:site_name\" content=\"Global Filter\" \/>\n<meta property=\"article:modified_time\" content=\"2025-01-28T08:27:23+00:00\" \/>\n<meta property=\"og:image\" content=\"https:\/\/www.globalfilter.com\/wp-content\/uploads\/2019\/09\/blank.png\" \/>\n\t<meta property=\"og:image:width\" content=\"1\" \/>\n\t<meta property=\"og:image:height\" content=\"1\" \/>\n\t<meta property=\"og:image:type\" content=\"image\/png\" \/>\n<meta name=\"twitter:card\" content=\"summary_large_image\" \/>\n<meta name=\"twitter:label1\" content=\"Gesch\u00e4tzte Lesezeit\" \/>\n\t<meta name=\"twitter:data1\" content=\"1 Minute\" \/>\n<script type=\"application\/ld+json\" class=\"yoast-schema-graph\">{\"@context\":\"https:\\\/\\\/schema.org\",\"@graph\":[{\"@type\":\"WebPage\",\"@id\":\"https:\\\/\\\/www.globalfilter.com\\\/de\\\/produkte\\\/plissierte-filterkerzen\\\/\",\"url\":\"https:\\\/\\\/www.globalfilter.com\\\/de\\\/produkte\\\/plissierte-filterkerzen\\\/\",\"name\":\"Plissierte Filterkerzen - Global Filter\",\"isPartOf\":{\"@id\":\"https:\\\/\\\/www.globalfilter.com\\\/de\\\/#website\"},\"primaryImageOfPage\":{\"@id\":\"https:\\\/\\\/www.globalfilter.com\\\/de\\\/produkte\\\/plissierte-filterkerzen\\\/#primaryimage\"},\"image\":{\"@id\":\"https:\\\/\\\/www.globalfilter.com\\\/de\\\/produkte\\\/plissierte-filterkerzen\\\/#primaryimage\"},\"thumbnailUrl\":\"https:\\\/\\\/www.globalfilter.com\\\/wp-content\\\/uploads\\\/2021\\\/08\\\/Gen2-Web-Banner-origional.jpg\",\"datePublished\":\"2020-02-03T18:15:25+00:00\",\"dateModified\":\"2025-01-28T08:27:23+00:00\",\"description\":\"Die mehrlagigen, faserbasierten Filtermaterialien die plissierten Filterkerzen erm\u00f6glichen eine wahre Tiefenbelastung f\u00fcr eine hocheffektive Entfernung bei niedrigen Ascheideraten.\",\"breadcrumb\":{\"@id\":\"https:\\\/\\\/www.globalfilter.com\\\/de\\\/produkte\\\/plissierte-filterkerzen\\\/#breadcrumb\"},\"inLanguage\":\"de-DE\",\"potentialAction\":[{\"@type\":\"ReadAction\",\"target\":[\"https:\\\/\\\/www.globalfilter.com\\\/de\\\/produkte\\\/plissierte-filterkerzen\\\/\"]}]},{\"@type\":\"ImageObject\",\"inLanguage\":\"de-DE\",\"@id\":\"https:\\\/\\\/www.globalfilter.com\\\/de\\\/produkte\\\/plissierte-filterkerzen\\\/#primaryimage\",\"url\":\"https:\\\/\\\/www.globalfilter.com\\\/wp-content\\\/uploads\\\/2021\\\/08\\\/Gen2-Web-Banner-origional.jpg\",\"contentUrl\":\"https:\\\/\\\/www.globalfilter.com\\\/wp-content\\\/uploads\\\/2021\\\/08\\\/Gen2-Web-Banner-origional.jpg\"},{\"@type\":\"BreadcrumbList\",\"@id\":\"https:\\\/\\\/www.globalfilter.com\\\/de\\\/produkte\\\/plissierte-filterkerzen\\\/#breadcrumb\",\"itemListElement\":[{\"@type\":\"ListItem\",\"position\":1,\"name\":\"home\",\"item\":\"https:\\\/\\\/www.globalfilter.com\\\/de\\\/\"},{\"@type\":\"ListItem\",\"position\":2,\"name\":\"Produkte\",\"item\":\"https:\\\/\\\/www.globalfilter.com\\\/de\\\/produkte\\\/\"},{\"@type\":\"ListItem\",\"position\":3,\"name\":\"Plissierte Filterkerzen\"}]},{\"@type\":\"WebSite\",\"@id\":\"https:\\\/\\\/www.globalfilter.com\\\/de\\\/#website\",\"url\":\"https:\\\/\\\/www.globalfilter.com\\\/de\\\/\",\"name\":\"Global Filter\",\"description\":\"Making the World Safer, Healthier and More Productive\",\"publisher\":{\"@id\":\"https:\\\/\\\/www.globalfilter.com\\\/de\\\/#organization\"},\"potentialAction\":[{\"@type\":\"SearchAction\",\"target\":{\"@type\":\"EntryPoint\",\"urlTemplate\":\"https:\\\/\\\/www.globalfilter.com\\\/de\\\/?s={search_term_string}\"},\"query-input\":{\"@type\":\"PropertyValueSpecification\",\"valueRequired\":true,\"valueName\":\"search_term_string\"}}],\"inLanguage\":\"de-DE\"},{\"@type\":\"Organization\",\"@id\":\"https:\\\/\\\/www.globalfilter.com\\\/de\\\/#organization\",\"name\":\"Global filter\",\"url\":\"https:\\\/\\\/www.globalfilter.com\\\/de\\\/\",\"logo\":{\"@type\":\"ImageObject\",\"inLanguage\":\"de-DE\",\"@id\":\"https:\\\/\\\/www.globalfilter.com\\\/de\\\/#\\\/schema\\\/logo\\\/image\\\/\",\"url\":\"https:\\\/\\\/www.globalfilter.com\\\/wp-content\\\/uploads\\\/2019\\\/06\\\/FGC-logo-1.png\",\"contentUrl\":\"https:\\\/\\\/www.globalfilter.com\\\/wp-content\\\/uploads\\\/2019\\\/06\\\/FGC-logo-1.png\",\"width\":1104,\"height\":224,\"caption\":\"Global filter\"},\"image\":{\"@id\":\"https:\\\/\\\/www.globalfilter.com\\\/de\\\/#\\\/schema\\\/logo\\\/image\\\/\"},\"sameAs\":[\"https:\\\/\\\/www.linkedin.com\\\/company\\\/global-filter-llc\"]}]}<\/script>\n<!-- \/ Yoast SEO plugin. -->","yoast_head_json":{"title":"Plissierte Filterkerzen - Global Filter","description":"Die mehrlagigen, faserbasierten Filtermaterialien die plissierten Filterkerzen erm\u00f6glichen eine wahre Tiefenbelastung f\u00fcr eine hocheffektive Entfernung bei niedrigen Ascheideraten.","robots":{"index":"index","follow":"follow","max-snippet":"max-snippet:-1","max-image-preview":"max-image-preview:large","max-video-preview":"max-video-preview:-1"},"canonical":"https:\/\/www.globalfilter.com\/de\/produkte\/plissierte-filterkerzen\/","og_locale":"de_DE","og_type":"article","og_title":"Plissierte Filterkerzen - Global Filter","og_description":"Die mehrlagigen, faserbasierten Filtermaterialien die plissierten Filterkerzen erm\u00f6glichen eine wahre Tiefenbelastung f\u00fcr eine hocheffektive Entfernung bei niedrigen Ascheideraten.","og_url":"https:\/\/www.globalfilter.com\/de\/produkte\/plissierte-filterkerzen\/","og_site_name":"Global Filter","article_modified_time":"2025-01-28T08:27:23+00:00","og_image":[{"width":1,"height":1,"url":"https:\/\/www.globalfilter.com\/wp-content\/uploads\/2019\/09\/blank.png","type":"image\/png"}],"twitter_card":"summary_large_image","twitter_misc":{"Gesch\u00e4tzte Lesezeit":"1 Minute"},"schema":{"@context":"https:\/\/schema.org","@graph":[{"@type":"WebPage","@id":"https:\/\/www.globalfilter.com\/de\/produkte\/plissierte-filterkerzen\/","url":"https:\/\/www.globalfilter.com\/de\/produkte\/plissierte-filterkerzen\/","name":"Plissierte Filterkerzen - Global Filter","isPartOf":{"@id":"https:\/\/www.globalfilter.com\/de\/#website"},"primaryImageOfPage":{"@id":"https:\/\/www.globalfilter.com\/de\/produkte\/plissierte-filterkerzen\/#primaryimage"},"image":{"@id":"https:\/\/www.globalfilter.com\/de\/produkte\/plissierte-filterkerzen\/#primaryimage"},"thumbnailUrl":"https:\/\/www.globalfilter.com\/wp-content\/uploads\/2021\/08\/Gen2-Web-Banner-origional.jpg","datePublished":"2020-02-03T18:15:25+00:00","dateModified":"2025-01-28T08:27:23+00:00","description":"Die mehrlagigen, faserbasierten Filtermaterialien die plissierten Filterkerzen erm\u00f6glichen eine wahre Tiefenbelastung f\u00fcr eine hocheffektive Entfernung bei niedrigen Ascheideraten.","breadcrumb":{"@id":"https:\/\/www.globalfilter.com\/de\/produkte\/plissierte-filterkerzen\/#breadcrumb"},"inLanguage":"de-DE","potentialAction":[{"@type":"ReadAction","target":["https:\/\/www.globalfilter.com\/de\/produkte\/plissierte-filterkerzen\/"]}]},{"@type":"ImageObject","inLanguage":"de-DE","@id":"https:\/\/www.globalfilter.com\/de\/produkte\/plissierte-filterkerzen\/#primaryimage","url":"https:\/\/www.globalfilter.com\/wp-content\/uploads\/2021\/08\/Gen2-Web-Banner-origional.jpg","contentUrl":"https:\/\/www.globalfilter.com\/wp-content\/uploads\/2021\/08\/Gen2-Web-Banner-origional.jpg"},{"@type":"BreadcrumbList","@id":"https:\/\/www.globalfilter.com\/de\/produkte\/plissierte-filterkerzen\/#breadcrumb","itemListElement":[{"@type":"ListItem","position":1,"name":"home","item":"https:\/\/www.globalfilter.com\/de\/"},{"@type":"ListItem","position":2,"name":"Produkte","item":"https:\/\/www.globalfilter.com\/de\/produkte\/"},{"@type":"ListItem","position":3,"name":"Plissierte Filterkerzen"}]},{"@type":"WebSite","@id":"https:\/\/www.globalfilter.com\/de\/#website","url":"https:\/\/www.globalfilter.com\/de\/","name":"Global Filter","description":"Making the World Safer, Healthier and More Productive","publisher":{"@id":"https:\/\/www.globalfilter.com\/de\/#organization"},"potentialAction":[{"@type":"SearchAction","target":{"@type":"EntryPoint","urlTemplate":"https:\/\/www.globalfilter.com\/de\/?s={search_term_string}"},"query-input":{"@type":"PropertyValueSpecification","valueRequired":true,"valueName":"search_term_string"}}],"inLanguage":"de-DE"},{"@type":"Organization","@id":"https:\/\/www.globalfilter.com\/de\/#organization","name":"Global filter","url":"https:\/\/www.globalfilter.com\/de\/","logo":{"@type":"ImageObject","inLanguage":"de-DE","@id":"https:\/\/www.globalfilter.com\/de\/#\/schema\/logo\/image\/","url":"https:\/\/www.globalfilter.com\/wp-content\/uploads\/2019\/06\/FGC-logo-1.png","contentUrl":"https:\/\/www.globalfilter.com\/wp-content\/uploads\/2019\/06\/FGC-logo-1.png","width":1104,"height":224,"caption":"Global filter"},"image":{"@id":"https:\/\/www.globalfilter.com\/de\/#\/schema\/logo\/image\/"},"sameAs":["https:\/\/www.linkedin.com\/company\/global-filter-llc"]}]}},"_links":{"self":[{"href":"https:\/\/www.globalfilter.com\/de\/wp-json\/wp\/v2\/pages\/1500","targetHints":{"allow":["GET"]}}],"collection":[{"href":"https:\/\/www.globalfilter.com\/de\/wp-json\/wp\/v2\/pages"}],"about":[{"href":"https:\/\/www.globalfilter.com\/de\/wp-json\/wp\/v2\/types\/page"}],"author":[{"embeddable":true,"href":"https:\/\/www.globalfilter.com\/de\/wp-json\/wp\/v2\/users\/3"}],"replies":[{"embeddable":true,"href":"https:\/\/www.globalfilter.com\/de\/wp-json\/wp\/v2\/comments?post=1500"}],"version-history":[{"count":0,"href":"https:\/\/www.globalfilter.com\/de\/wp-json\/wp\/v2\/pages\/1500\/revisions"}],"up":[{"embeddable":true,"href":"https:\/\/www.globalfilter.com\/de\/wp-json\/wp\/v2\/pages\/1504"}],"wp:attachment":[{"href":"https:\/\/www.globalfilter.com\/de\/wp-json\/wp\/v2\/media?parent=1500"}],"curies":[{"name":"wp","href":"https:\/\/api.w.org\/{rel}","templated":true}]}}