{"id":1503,"date":"2020-02-03T18:15:26","date_gmt":"2020-02-03T18:15:26","guid":{"rendered":"https:\/\/www.globalfilter.com\/life-sciences\/"},"modified":"2022-11-07T14:19:26","modified_gmt":"2022-11-07T14:19:26","slug":"life-sciences","status":"publish","type":"page","link":"https:\/\/www.globalfilter.com\/de\/branchen\/life-sciences\/","title":{"rendered":"Life Sciences"},"content":{"rendered":"\n<div class=\"wp-block-cover alignfull has-background-dim\" style=\"min-height:198px;aspect-ratio:unset;\"><img loading=\"lazy\" decoding=\"async\" width=\"1920\" height=\"1080\" class=\"wp-block-cover__image-background wp-image-384\" alt=\"\" src=\"https:\/\/www.globalfilter.com\/wp-content\/uploads\/2019\/09\/life-sciences.jpg\" data-object-fit=\"cover\" srcset=\"https:\/\/www.globalfilter.com\/wp-content\/uploads\/2019\/09\/life-sciences.jpg 1920w, https:\/\/www.globalfilter.com\/wp-content\/uploads\/2019\/09\/life-sciences-300x169.jpg 300w, https:\/\/www.globalfilter.com\/wp-content\/uploads\/2019\/09\/life-sciences-768x432.jpg 768w, https:\/\/www.globalfilter.com\/wp-content\/uploads\/2019\/09\/life-sciences-1024x576.jpg 1024w\" sizes=\"auto, (max-width: 1920px) 100vw, 1920px\" \/><div class=\"wp-block-cover__inner-container is-layout-flow wp-block-cover-is-layout-flow\">\n\n<h1 class=\"has-text-align-center wp-block-heading\" id=\"h-biowissenschaftsbranche\">Biowissenschaftsbranche<\/h1>\n\n<\/div><\/div>\n\n\n\n<!--Close-->\t\n<\/div><\/div><\/section>\n<!--Menu-->\n<div class=\"no-top-margin\">\n<div class=\"msb-sticky-bar\">\n<div class=\"container\">\n  <div class=\"row\">\n    <div class=\"col-sm text-center\">\n      <a href=\"https:\/\/www.globalfilter.com\/de\/kontaktieren-sie-uns\/\" class=\"btn btn-primary solution-trigger\">WENDEN SIE SICH AN EINEN EXPERTEN<\/a>\n    <\/div>\n  <\/div>\n<\/div>\n<\/div>\n<\/div>\n<!--Open-->\n<section class=\"container\"><div class=\"row\"><div class=\"col-md-12\">\n\n\n\n<h2 class=\"wp-block-heading\" id=\"h-bereitstellung-hochreiner-filtrationsl-sungen-f-r-kritische-prozesse\">Bereitstellung hochreiner Filtrationsl\u00f6sungen f\u00fcr kritische Prozesse.<\/h2>\n\n\n\n<p>Global Filter verf\u00fcgt \u00fcber mehr als 20 Jahre Erfahrung mit hochreinen Filtrationsl\u00f6sungen in der Biowissenschaftsbranche. Da Wasser ein Hauptbestandteil f\u00fcr die Herstellung von Pharmazeutika, Biopharmazeutika und die Plasmafraktionierung ist, k\u00f6nnen wir unser technisches Fachwissen einbringen und eine Gesamtfiltrationsl\u00f6sung f\u00fcr die kritischen Punkte in Ihrem Prozess bewerten und entwickeln. <\/p>\n\n\n\n<p>Mit einer Vielzahl von Produkten, die die von der Industrie geforderten Zertifizierungen erf\u00fcllen, verstehen wir die Zusammenh\u00e4nge der Branche, in der Sie t\u00e4tig sind, und wie wichtig es ist, die Ihnen auferlegten Vorschriften einzuhalten.<\/p>\n\n\n\n<h3 class=\"wp-block-heading\" id=\"h-anwendungen\">Anwendungen:&nbsp;&nbsp; &nbsp;<\/h3>\n\n\n\n<ul class=\"wp-block-list\"><li>Kl\u00e4rung und Vorfiltration&nbsp;<\/li><li>Verringerung der biologischen Belastung und Sterilisation&nbsp;<\/li><li>L\u00fcftung und Gasfilterung&nbsp;<\/li><li>Reinstwasser und Versorgungsunternehmen<\/li><\/ul>\n","protected":false},"excerpt":{"rendered":"<p>WENDEN SIE SICH AN EINEN EXPERTEN Bereitstellung hochreiner Filtrationsl\u00f6sungen f\u00fcr kritische Prozesse. Global Filter verf\u00fcgt \u00fcber mehr als 20 Jahre Erfahrung mit hochreinen Filtrationsl\u00f6sungen in der Biowissenschaftsbranche. Da Wasser ein Hauptbestandteil f\u00fcr die Herstellung von Pharmazeutika, Biopharmazeutika und die Plasmafraktionierung ist, k\u00f6nnen wir unser technisches Fachwissen einbringen und eine Gesamtfiltrationsl\u00f6sung f\u00fcr die kritischen Punkte in [&hellip;]<\/p>\n","protected":false},"author":4,"featured_media":0,"parent":1510,"menu_order":0,"comment_status":"closed","ping_status":"closed","template":"","meta":{"_acf_changed":false,"content-type":"","footnotes":""},"class_list":["post-1503","page","type-page","status-publish","hentry"],"acf":[],"yoast_head":"<!-- This site is optimized with the Yoast SEO plugin v27.3 - https:\/\/yoast.com\/product\/yoast-seo-wordpress\/ -->\n<title>Life Sciences - Global Filter<\/title>\n<meta name=\"description\" content=\"Global Filter verf\u00fcgt \u00fcber mehr als 20 Jahre Erfahrung mit hochreinen Filtrationsl\u00f6sungen in der Biowissenschaftsbranche. Da Wasser ein Hauptbestandteil f\u00fcr die Herstellung von Pharmazeutika, Biopharmazeutika und die Plasmafraktionierung ist, k\u00f6nnen wir unser technisches Fachwissen einbringen und eine Gesamtfiltrationsl\u00f6sung f\u00fcr die kritischen Punkte in Ihrem Prozess bewerten und entwickeln.\" \/>\n<meta name=\"robots\" content=\"index, follow, max-snippet:-1, max-image-preview:large, max-video-preview:-1\" \/>\n<link rel=\"canonical\" href=\"https:\/\/www.globalfilter.com\/de\/branchen\/life-sciences\/\" \/>\n<meta property=\"og:locale\" content=\"de_DE\" \/>\n<meta property=\"og:type\" content=\"article\" \/>\n<meta property=\"og:title\" content=\"Life Sciences - Global Filter\" \/>\n<meta property=\"og:description\" content=\"Global Filter verf\u00fcgt \u00fcber mehr als 20 Jahre Erfahrung mit hochreinen Filtrationsl\u00f6sungen in der Biowissenschaftsbranche. Da Wasser ein Hauptbestandteil f\u00fcr die Herstellung von Pharmazeutika, Biopharmazeutika und die Plasmafraktionierung ist, k\u00f6nnen wir unser technisches Fachwissen einbringen und eine Gesamtfiltrationsl\u00f6sung f\u00fcr die kritischen Punkte in Ihrem Prozess bewerten und entwickeln.\" \/>\n<meta property=\"og:url\" content=\"https:\/\/www.globalfilter.com\/de\/branchen\/life-sciences\/\" \/>\n<meta property=\"og:site_name\" content=\"Global Filter\" \/>\n<meta property=\"article:modified_time\" content=\"2022-11-07T14:19:26+00:00\" \/>\n<meta property=\"og:image\" content=\"https:\/\/www.globalfilter.com\/wp-content\/uploads\/2019\/09\/life-sciences.jpg\" \/>\n<meta name=\"twitter:card\" content=\"summary_large_image\" \/>\n<meta name=\"twitter:label1\" content=\"Gesch\u00e4tzte Lesezeit\" \/>\n\t<meta name=\"twitter:data1\" content=\"1 Minute\" \/>\n<script type=\"application\/ld+json\" class=\"yoast-schema-graph\">{\"@context\":\"https:\\\/\\\/schema.org\",\"@graph\":[{\"@type\":\"WebPage\",\"@id\":\"https:\\\/\\\/www.globalfilter.com\\\/de\\\/branchen\\\/life-sciences\\\/\",\"url\":\"https:\\\/\\\/www.globalfilter.com\\\/de\\\/branchen\\\/life-sciences\\\/\",\"name\":\"Life Sciences - Global Filter\",\"isPartOf\":{\"@id\":\"https:\\\/\\\/www.globalfilter.com\\\/de\\\/#website\"},\"primaryImageOfPage\":{\"@id\":\"https:\\\/\\\/www.globalfilter.com\\\/de\\\/branchen\\\/life-sciences\\\/#primaryimage\"},\"image\":{\"@id\":\"https:\\\/\\\/www.globalfilter.com\\\/de\\\/branchen\\\/life-sciences\\\/#primaryimage\"},\"thumbnailUrl\":\"https:\\\/\\\/www.globalfilter.com\\\/wp-content\\\/uploads\\\/2019\\\/09\\\/life-sciences.jpg\",\"datePublished\":\"2020-02-03T18:15:26+00:00\",\"dateModified\":\"2022-11-07T14:19:26+00:00\",\"description\":\"Global Filter verf\u00fcgt \u00fcber mehr als 20 Jahre Erfahrung mit hochreinen Filtrationsl\u00f6sungen in der Biowissenschaftsbranche. Da Wasser ein Hauptbestandteil f\u00fcr die Herstellung von Pharmazeutika, Biopharmazeutika und die Plasmafraktionierung ist, k\u00f6nnen wir unser technisches Fachwissen einbringen und eine Gesamtfiltrationsl\u00f6sung f\u00fcr die kritischen Punkte in Ihrem Prozess bewerten und entwickeln.\",\"breadcrumb\":{\"@id\":\"https:\\\/\\\/www.globalfilter.com\\\/de\\\/branchen\\\/life-sciences\\\/#breadcrumb\"},\"inLanguage\":\"de-DE\",\"potentialAction\":[{\"@type\":\"ReadAction\",\"target\":[\"https:\\\/\\\/www.globalfilter.com\\\/de\\\/branchen\\\/life-sciences\\\/\"]}]},{\"@type\":\"ImageObject\",\"inLanguage\":\"de-DE\",\"@id\":\"https:\\\/\\\/www.globalfilter.com\\\/de\\\/branchen\\\/life-sciences\\\/#primaryimage\",\"url\":\"https:\\\/\\\/www.globalfilter.com\\\/wp-content\\\/uploads\\\/2019\\\/09\\\/life-sciences.jpg\",\"contentUrl\":\"https:\\\/\\\/www.globalfilter.com\\\/wp-content\\\/uploads\\\/2019\\\/09\\\/life-sciences.jpg\"},{\"@type\":\"BreadcrumbList\",\"@id\":\"https:\\\/\\\/www.globalfilter.com\\\/de\\\/branchen\\\/life-sciences\\\/#breadcrumb\",\"itemListElement\":[{\"@type\":\"ListItem\",\"position\":1,\"name\":\"home\",\"item\":\"https:\\\/\\\/www.globalfilter.com\\\/de\\\/\"},{\"@type\":\"ListItem\",\"position\":2,\"name\":\"Branchen\",\"item\":\"https:\\\/\\\/www.globalfilter.com\\\/de\\\/branchen\\\/\"},{\"@type\":\"ListItem\",\"position\":3,\"name\":\"Biowissenschaftsbranche\"}]},{\"@type\":\"WebSite\",\"@id\":\"https:\\\/\\\/www.globalfilter.com\\\/de\\\/#website\",\"url\":\"https:\\\/\\\/www.globalfilter.com\\\/de\\\/\",\"name\":\"Global Filter\",\"description\":\"Making the World Safer, Healthier and More Productive\",\"publisher\":{\"@id\":\"https:\\\/\\\/www.globalfilter.com\\\/de\\\/#organization\"},\"potentialAction\":[{\"@type\":\"SearchAction\",\"target\":{\"@type\":\"EntryPoint\",\"urlTemplate\":\"https:\\\/\\\/www.globalfilter.com\\\/de\\\/?s={search_term_string}\"},\"query-input\":{\"@type\":\"PropertyValueSpecification\",\"valueRequired\":true,\"valueName\":\"search_term_string\"}}],\"inLanguage\":\"de-DE\"},{\"@type\":\"Organization\",\"@id\":\"https:\\\/\\\/www.globalfilter.com\\\/de\\\/#organization\",\"name\":\"Global filter\",\"url\":\"https:\\\/\\\/www.globalfilter.com\\\/de\\\/\",\"logo\":{\"@type\":\"ImageObject\",\"inLanguage\":\"de-DE\",\"@id\":\"https:\\\/\\\/www.globalfilter.com\\\/de\\\/#\\\/schema\\\/logo\\\/image\\\/\",\"url\":\"https:\\\/\\\/www.globalfilter.com\\\/wp-content\\\/uploads\\\/2019\\\/06\\\/FGC-logo-1.png\",\"contentUrl\":\"https:\\\/\\\/www.globalfilter.com\\\/wp-content\\\/uploads\\\/2019\\\/06\\\/FGC-logo-1.png\",\"width\":1104,\"height\":224,\"caption\":\"Global filter\"},\"image\":{\"@id\":\"https:\\\/\\\/www.globalfilter.com\\\/de\\\/#\\\/schema\\\/logo\\\/image\\\/\"},\"sameAs\":[\"https:\\\/\\\/www.linkedin.com\\\/company\\\/global-filter-llc\"]}]}<\/script>\n<!-- \/ Yoast SEO plugin. -->","yoast_head_json":{"title":"Life Sciences - Global Filter","description":"Global Filter verf\u00fcgt \u00fcber mehr als 20 Jahre Erfahrung mit hochreinen Filtrationsl\u00f6sungen in der Biowissenschaftsbranche. Da Wasser ein Hauptbestandteil f\u00fcr die Herstellung von Pharmazeutika, Biopharmazeutika und die Plasmafraktionierung ist, k\u00f6nnen wir unser technisches Fachwissen einbringen und eine Gesamtfiltrationsl\u00f6sung f\u00fcr die kritischen Punkte in Ihrem Prozess bewerten und entwickeln.","robots":{"index":"index","follow":"follow","max-snippet":"max-snippet:-1","max-image-preview":"max-image-preview:large","max-video-preview":"max-video-preview:-1"},"canonical":"https:\/\/www.globalfilter.com\/de\/branchen\/life-sciences\/","og_locale":"de_DE","og_type":"article","og_title":"Life Sciences - Global Filter","og_description":"Global Filter verf\u00fcgt \u00fcber mehr als 20 Jahre Erfahrung mit hochreinen Filtrationsl\u00f6sungen in der Biowissenschaftsbranche. Da Wasser ein Hauptbestandteil f\u00fcr die Herstellung von Pharmazeutika, Biopharmazeutika und die Plasmafraktionierung ist, k\u00f6nnen wir unser technisches Fachwissen einbringen und eine Gesamtfiltrationsl\u00f6sung f\u00fcr die kritischen Punkte in Ihrem Prozess bewerten und entwickeln.","og_url":"https:\/\/www.globalfilter.com\/de\/branchen\/life-sciences\/","og_site_name":"Global Filter","article_modified_time":"2022-11-07T14:19:26+00:00","og_image":[{"url":"https:\/\/www.globalfilter.com\/wp-content\/uploads\/2019\/09\/life-sciences.jpg","type":"","width":"","height":""}],"twitter_card":"summary_large_image","twitter_misc":{"Gesch\u00e4tzte Lesezeit":"1 Minute"},"schema":{"@context":"https:\/\/schema.org","@graph":[{"@type":"WebPage","@id":"https:\/\/www.globalfilter.com\/de\/branchen\/life-sciences\/","url":"https:\/\/www.globalfilter.com\/de\/branchen\/life-sciences\/","name":"Life Sciences - Global Filter","isPartOf":{"@id":"https:\/\/www.globalfilter.com\/de\/#website"},"primaryImageOfPage":{"@id":"https:\/\/www.globalfilter.com\/de\/branchen\/life-sciences\/#primaryimage"},"image":{"@id":"https:\/\/www.globalfilter.com\/de\/branchen\/life-sciences\/#primaryimage"},"thumbnailUrl":"https:\/\/www.globalfilter.com\/wp-content\/uploads\/2019\/09\/life-sciences.jpg","datePublished":"2020-02-03T18:15:26+00:00","dateModified":"2022-11-07T14:19:26+00:00","description":"Global Filter verf\u00fcgt \u00fcber mehr als 20 Jahre Erfahrung mit hochreinen Filtrationsl\u00f6sungen in der Biowissenschaftsbranche. Da Wasser ein Hauptbestandteil f\u00fcr die Herstellung von Pharmazeutika, Biopharmazeutika und die Plasmafraktionierung ist, k\u00f6nnen wir unser technisches Fachwissen einbringen und eine Gesamtfiltrationsl\u00f6sung f\u00fcr die kritischen Punkte in Ihrem Prozess bewerten und entwickeln.","breadcrumb":{"@id":"https:\/\/www.globalfilter.com\/de\/branchen\/life-sciences\/#breadcrumb"},"inLanguage":"de-DE","potentialAction":[{"@type":"ReadAction","target":["https:\/\/www.globalfilter.com\/de\/branchen\/life-sciences\/"]}]},{"@type":"ImageObject","inLanguage":"de-DE","@id":"https:\/\/www.globalfilter.com\/de\/branchen\/life-sciences\/#primaryimage","url":"https:\/\/www.globalfilter.com\/wp-content\/uploads\/2019\/09\/life-sciences.jpg","contentUrl":"https:\/\/www.globalfilter.com\/wp-content\/uploads\/2019\/09\/life-sciences.jpg"},{"@type":"BreadcrumbList","@id":"https:\/\/www.globalfilter.com\/de\/branchen\/life-sciences\/#breadcrumb","itemListElement":[{"@type":"ListItem","position":1,"name":"home","item":"https:\/\/www.globalfilter.com\/de\/"},{"@type":"ListItem","position":2,"name":"Branchen","item":"https:\/\/www.globalfilter.com\/de\/branchen\/"},{"@type":"ListItem","position":3,"name":"Biowissenschaftsbranche"}]},{"@type":"WebSite","@id":"https:\/\/www.globalfilter.com\/de\/#website","url":"https:\/\/www.globalfilter.com\/de\/","name":"Global Filter","description":"Making the World Safer, Healthier and More Productive","publisher":{"@id":"https:\/\/www.globalfilter.com\/de\/#organization"},"potentialAction":[{"@type":"SearchAction","target":{"@type":"EntryPoint","urlTemplate":"https:\/\/www.globalfilter.com\/de\/?s={search_term_string}"},"query-input":{"@type":"PropertyValueSpecification","valueRequired":true,"valueName":"search_term_string"}}],"inLanguage":"de-DE"},{"@type":"Organization","@id":"https:\/\/www.globalfilter.com\/de\/#organization","name":"Global filter","url":"https:\/\/www.globalfilter.com\/de\/","logo":{"@type":"ImageObject","inLanguage":"de-DE","@id":"https:\/\/www.globalfilter.com\/de\/#\/schema\/logo\/image\/","url":"https:\/\/www.globalfilter.com\/wp-content\/uploads\/2019\/06\/FGC-logo-1.png","contentUrl":"https:\/\/www.globalfilter.com\/wp-content\/uploads\/2019\/06\/FGC-logo-1.png","width":1104,"height":224,"caption":"Global filter"},"image":{"@id":"https:\/\/www.globalfilter.com\/de\/#\/schema\/logo\/image\/"},"sameAs":["https:\/\/www.linkedin.com\/company\/global-filter-llc"]}]}},"_links":{"self":[{"href":"https:\/\/www.globalfilter.com\/de\/wp-json\/wp\/v2\/pages\/1503","targetHints":{"allow":["GET"]}}],"collection":[{"href":"https:\/\/www.globalfilter.com\/de\/wp-json\/wp\/v2\/pages"}],"about":[{"href":"https:\/\/www.globalfilter.com\/de\/wp-json\/wp\/v2\/types\/page"}],"author":[{"embeddable":true,"href":"https:\/\/www.globalfilter.com\/de\/wp-json\/wp\/v2\/users\/4"}],"replies":[{"embeddable":true,"href":"https:\/\/www.globalfilter.com\/de\/wp-json\/wp\/v2\/comments?post=1503"}],"version-history":[{"count":0,"href":"https:\/\/www.globalfilter.com\/de\/wp-json\/wp\/v2\/pages\/1503\/revisions"}],"up":[{"embeddable":true,"href":"https:\/\/www.globalfilter.com\/de\/wp-json\/wp\/v2\/pages\/1510"}],"wp:attachment":[{"href":"https:\/\/www.globalfilter.com\/de\/wp-json\/wp\/v2\/media?parent=1503"}],"curies":[{"name":"wp","href":"https:\/\/api.w.org\/{rel}","templated":true}]}}