{"id":1504,"date":"2020-02-03T18:15:27","date_gmt":"2020-02-03T18:15:27","guid":{"rendered":"https:\/\/www.globalfilter.com\/produkte\/"},"modified":"2024-03-12T11:45:12","modified_gmt":"2024-03-12T11:45:12","slug":"produkte","status":"publish","type":"page","link":"https:\/\/www.globalfilter.com\/de\/produkte\/","title":{"rendered":"Produkte"},"content":{"rendered":"\n<div class=\"wp-block-cover alignfull is-light\" style=\"min-height:324px;aspect-ratio:unset;\"><span aria-hidden=\"true\" class=\"wp-block-cover__background has-background-dim\"><\/span><img decoding=\"async\" class=\"wp-block-cover__image-background wp-image-2265\" alt=\"\" src=\"https:\/\/www.globalfilter.com\/wp-content\/uploads\/2019\/09\/homepage-hero-1_cropped_1.jpg\" data-object-fit=\"cover\" \/><div class=\"wp-block-cover__inner-container is-layout-flow wp-block-cover-is-layout-flow\">\n<h1 class=\"wp-block-heading has-text-align-center\" id=\"h-produkte\">Produkte<\/h1>\n\n\n\n<!--Close-->\t\n<\/div><\/div><\/section>\n<!--Menu-->\n<div class=\"no-top-margin\">\n<div class=\"msb-sticky-bar\">\n<div class=\"container\">\n  <div class=\"row\">\n    <div class=\"col-sm text-center\">\n      <a href=\"https:\/\/www.globalfilter.com\/de\/kontaktieren-sie-uns\/\" class=\"btn btn-primary solution-trigger\">Fordern Sie ein Angebot an<\/a>\n    <\/div>\n  <\/div>\n<\/div>\n<\/div>\n<\/div>\n<!--Open-->\n<section class=\"container\"><div class=\"row\"><div class=\"col-md-12\">\n\n\n\n<p>Mit unserer breiten Produktpalette k\u00f6nnen die Filterkerzen und -geh\u00e4use von Global Filter in einer Vielzahl von Anwendungen eingesetzt werden. Unser Ziel ist es, Ihren Prozess zu verbessern und schwierige Herausforderungen erfolgreich zu meistern. Unsere Ingenieure und Techniker arbeiten eng mit den Kunden zusammen, um spezifische Filtrationsbed\u00fcrfnisse zu erkennen. Sie bieten Forschungs- und Entwicklungsunterst\u00fctzung f\u00fcr gro\u00dfe Filtrationsprojekte. Dies geschieht unter Ber\u00fccksichtigung der Produktkosten und des Zeitplans.<\/p>\n\n\n\n<div class=\"wp-block-columns has-3-columns anm-columns is-layout-flex wp-container-core-columns-is-layout-9d6595d7 wp-block-columns-is-layout-flex\">\n<div class=\"wp-block-column is-layout-flow wp-block-column-is-layout-flow\">\n<figure class=\"wp-block-image size-large\"><img loading=\"lazy\" decoding=\"async\" width=\"300\" height=\"227\" src=\"https:\/\/www.globalfilter.com\/wp-content\/uploads\/2021\/08\/FG-Series-Pleated-Microglass-Media-1.png\" alt=\"\" class=\"wp-image-7545\" \/><\/figure>\n\n\n\n<h4 class=\"wp-block-heading\" id=\"h-plissierte-filterkerzen\">Plissierte Filterkerzen<\/h4>\n\n\n\n<p>Die mehrlagigen, faserbasierten Filtermaterialien erm\u00f6glichen eine wahre Tiefenbelastung f\u00fcr eine hocheffektive Entfernung bei niedrigen Abscheideraten.&nbsp;<\/p>\n\n\n\n<div class=\"wp-block-button is-style-default\"><a class=\"wp-block-button__link has-white-color has-green-background-color has-text-color has-background wp-element-button\" href=\"https:\/\/www.globalfilter.com\/de\/produkte\/plissierte-filterkerzen\/\">Mehr erfahren<\/a><\/div>\n<\/div>\n\n\n\n<div class=\"wp-block-column is-layout-flow wp-block-column-is-layout-flow\">\n<figure class=\"wp-block-image size-large\"><img loading=\"lazy\" decoding=\"async\" width=\"300\" height=\"230\" src=\"https:\/\/www.globalfilter.com\/wp-content\/uploads\/2021\/08\/Pleated-Membrane-222-and-226.png\" alt=\"\" class=\"wp-image-7549\" \/><\/figure>\n\n\n\n<h4 class=\"wp-block-heading\" id=\"h-plissierte-membranpatronen\">Plissierte Membranfilerkerzen<\/h4>\n\n\n\n<p>Bieten die gleichen Vorteile wie plissierte Standard-Tiefenpatronen, jedoch mit gezielten Medien zur Abscheidung partikelf\u00f6rmiger und mikrobieller Verunreinigungen, h\u00e4ufig f\u00fcr die Endfiltration in anspruchsvollen Anwendungen.<\/p>\n\n\n\n<div class=\"wp-block-button is-style-default\"><a class=\"wp-block-button__link has-white-color has-green-background-color has-text-color has-background wp-element-button\" href=\"https:\/\/www.globalfilter.com\/de\/produkte\/membranfilterkerzen\/\">Mehr erfahren<\/a><\/div>\n<\/div>\n\n\n\n<div class=\"wp-block-column is-layout-flow wp-block-column-is-layout-flow\">\n<figure class=\"wp-block-image size-large\"><img loading=\"lazy\" decoding=\"async\" width=\"300\" height=\"217\" src=\"https:\/\/www.globalfilter.com\/wp-content\/uploads\/2021\/08\/GF_EHF3_7_2014-no-blue-background.png\" alt=\"\" class=\"wp-image-7553\" \/><\/figure>\n\n\n\n<h4 class=\"wp-block-heading\" id=\"h-filterpatronen-mit-hohem-durchsatz\">Filterpatronen mit hohem Durchsatz<\/h4>\n\n\n\n<p>Filter mit hohem Durchsatz bieten die Vorteile und Wirkungsgrade von plissierten Filtern und die Eignung f\u00fcr eine gro\u00dfe Auswahl an Anwendungen mit h\u00f6heren Durchflussraten. Der vergr\u00f6\u00dferte Filteroberfl\u00e4chenbereich erm\u00f6glicht eine h\u00f6here Durchflusskapazit\u00e4t pro Filter und kann die Kosten in Verbindung mit dem Filteraustausch reduzieren.<\/p>\n\n\n\n<div class=\"wp-block-button is-style-default\"><a class=\"wp-block-button__link has-white-color has-green-background-color has-text-color has-background wp-element-button\" href=\"https:\/\/www.globalfilter.com\/de\/produkte\/filterelemente-mit-hohem-durchsatz\/\">Mehr erfahren<\/a><\/div>\n<\/div>\n<\/div>\n\n\n\n<div class=\"wp-block-columns has-3-columns anm-columns is-layout-flex wp-container-core-columns-is-layout-9d6595d7 wp-block-columns-is-layout-flex\">\n<div class=\"wp-block-column is-layout-flow wp-block-column-is-layout-flow\">\n<figure class=\"wp-block-image size-large\"><img loading=\"lazy\" decoding=\"async\" width=\"300\" height=\"164\" src=\"https:\/\/www.globalfilter.com\/wp-content\/uploads\/2021\/08\/meltblown_group-3-1.png\" alt=\"\" class=\"wp-image-7574\" \/><\/figure>\n\n\n\n<h4 class=\"wp-block-heading\" id=\"h-tiefenpatronen\">Tiefenpatronen<\/h4>\n\n\n\n<p>Ideal f\u00fcr die Verwendung als Vorfilter zum Schutz kostspieliger, nachgeschalteter plissierter Filterpatronen\/Ausr\u00fcstung oder als Endfilter in einer Vielzahl von Branchen und Anwendungen.<\/p>\n\n\n\n<div class=\"wp-block-button is-style-default\"><a class=\"wp-block-button__link has-white-color has-green-background-color has-text-color has-background wp-element-button\" href=\"https:\/\/www.globalfilter.com\/de\/produkte\/tiefenfilterkerzen\/\">Mehr erfahren<\/a><\/div>\n<\/div>\n\n\n\n<div class=\"wp-block-column is-layout-flow wp-block-column-is-layout-flow\"><div class=\"wp-block-image\">\n<figure class=\"aligncenter size-large is-resized\"><img loading=\"lazy\" decoding=\"async\" width=\"266\" height=\"266\" src=\"https:\/\/www.globalfilter.com\/wp-content\/uploads\/2021\/08\/Standard-Felt-Liquid-Filter-Bags-3-edited.png\" alt=\"\" class=\"wp-image-7604\" style=\"width:171px;height:171px\" srcset=\"https:\/\/www.globalfilter.com\/wp-content\/uploads\/2021\/08\/Standard-Felt-Liquid-Filter-Bags-3-edited.png 266w, https:\/\/www.globalfilter.com\/wp-content\/uploads\/2021\/08\/Standard-Felt-Liquid-Filter-Bags-3-edited-150x150.png 150w\" sizes=\"auto, (max-width: 266px) 100vw, 266px\" \/><\/figure>\n<\/div>\n\n\n<h4 class=\"wp-block-heading\" id=\"h-fl-ssigkeitsfilterbeutel\">Fl\u00fcssigkeitsfilterbeutel<\/h4>\n\n\n\n<p>Die Fl\u00fcssigkeitsfilterbeutel k\u00f6nnen an eine Vielzahl von Anwendungen angepasst werden und sind sowohl mit nominellen als auch mit absoluten Abscheidegraden mit Mikronfeinheiten von 1 bis 1500&nbsp;\u00b5m erh\u00e4ltlich. Diese \u00f6konomischen Filter sind vielseitig und erf\u00fcllen die Anforderungen verschiedenster Konfigurationen mit hohem Durchsatz.<\/p>\n\n\n\n<div class=\"wp-block-button is-style-default\"><a class=\"wp-block-button__link has-white-color has-green-background-color has-text-color has-background wp-element-button\" href=\"https:\/\/www.globalfilter.com\/de\/produkte\/flussigkeitsbeutelfilter\/\">Mehr erfahren<\/a><\/div>\n<\/div>\n\n\n\n<div class=\"wp-block-column is-layout-flow wp-block-column-is-layout-flow\">\n<figure class=\"wp-block-image size-large\"><img loading=\"lazy\" decoding=\"async\" width=\"300\" height=\"169\" src=\"https:\/\/www.globalfilter.com\/wp-content\/uploads\/2021\/08\/vessel-housing-group_ANM_homepage.png\" alt=\"\" class=\"wp-image-7566\" \/><\/figure>\n\n\n\n<h4 class=\"wp-block-heading\" id=\"h-filtergeh-use\"><strong>Filtergeh\u00e4use<\/strong><\/h4>\n\n\n\n<p>Die Filtergeh\u00e4use von Global Filter, die sowohl in ASME-Code-Designs als auch ohne Code-Designs angeboten werden, erf\u00fcllen die Prozessanforderungen f\u00fcr zahlreiche Anforderungen und Branchen.<\/p>\n\n\n\n<div class=\"wp-block-button is-style-default\"><a class=\"wp-block-button__link has-white-color has-green-background-color has-text-color has-background wp-element-button\" href=\"https:\/\/www.globalfilter.com\/de\/produkte\/filtergehause\/\">Mehr erfahren<\/a><\/div>\n<\/div>\n<\/div>\n<\/div><\/div>\n","protected":false},"excerpt":{"rendered":"","protected":false},"author":4,"featured_media":3446,"parent":0,"menu_order":0,"comment_status":"closed","ping_status":"closed","template":"","meta":{"_acf_changed":false,"content-type":"","footnotes":""},"class_list":["post-1504","page","type-page","status-publish","has-post-thumbnail","hentry"],"acf":[],"yoast_head":"<!-- This site is optimized with the Yoast SEO plugin v27.3 - https:\/\/yoast.com\/product\/yoast-seo-wordpress\/ -->\n<title>Produkte - Global Filter<\/title>\n<meta name=\"description\" content=\"Mit unserer breiten Produktpalette k\u00f6nnen die Filterkerzen und -geh\u00e4use von Global Filter in einer Vielzahl von Anwendungen eingesetzt werden. Unsere Ingenieure und Techniker arbeiten eng mit den Kunden zusammen, um spezifische Filtrationsbed\u00fcrfnisse zu erkennen. Sie bieten Forschungs- und Entwicklungsunterst\u00fctzung f\u00fcr gro\u00dfe Filtrationsprojekte. Gleichzeitig achten wir auf die Produktionskosten und den Zeitplan.\" \/>\n<meta name=\"robots\" content=\"index, follow, max-snippet:-1, max-image-preview:large, max-video-preview:-1\" \/>\n<link rel=\"canonical\" href=\"https:\/\/www.globalfilter.com\/de\/produkte\/\" \/>\n<meta property=\"og:locale\" content=\"de_DE\" \/>\n<meta property=\"og:type\" content=\"article\" \/>\n<meta property=\"og:title\" content=\"Produkte - Global Filter\" \/>\n<meta property=\"og:description\" content=\"Mit unserer breiten Produktpalette k\u00f6nnen die Filterkerzen und -geh\u00e4use von Global Filter in einer Vielzahl von Anwendungen eingesetzt werden. Unsere Ingenieure und Techniker arbeiten eng mit den Kunden zusammen, um spezifische Filtrationsbed\u00fcrfnisse zu erkennen. Sie bieten Forschungs- und Entwicklungsunterst\u00fctzung f\u00fcr gro\u00dfe Filtrationsprojekte. Gleichzeitig achten wir auf die Produktionskosten und den Zeitplan.\" \/>\n<meta property=\"og:url\" content=\"https:\/\/www.globalfilter.com\/de\/produkte\/\" \/>\n<meta property=\"og:site_name\" content=\"Global Filter\" \/>\n<meta property=\"article:modified_time\" content=\"2024-03-12T11:45:12+00:00\" \/>\n<meta property=\"og:image\" content=\"https:\/\/www.globalfilter.com\/wp-content\/uploads\/2020\/09\/IMG_Global-Filter-Product-Grouping-e1600118269667.png\" \/>\n\t<meta property=\"og:image:width\" content=\"1200\" \/>\n\t<meta property=\"og:image:height\" content=\"2035\" \/>\n\t<meta property=\"og:image:type\" content=\"image\/png\" \/>\n<meta name=\"twitter:card\" content=\"summary_large_image\" \/>\n<meta name=\"twitter:label1\" content=\"Gesch\u00e4tzte Lesezeit\" \/>\n\t<meta name=\"twitter:data1\" content=\"3 Minuten\" \/>\n<script type=\"application\/ld+json\" class=\"yoast-schema-graph\">{\"@context\":\"https:\\\/\\\/schema.org\",\"@graph\":[{\"@type\":\"WebPage\",\"@id\":\"https:\\\/\\\/www.globalfilter.com\\\/de\\\/produkte\\\/\",\"url\":\"https:\\\/\\\/www.globalfilter.com\\\/de\\\/produkte\\\/\",\"name\":\"Produkte - Global Filter\",\"isPartOf\":{\"@id\":\"https:\\\/\\\/www.globalfilter.com\\\/de\\\/#website\"},\"primaryImageOfPage\":{\"@id\":\"https:\\\/\\\/www.globalfilter.com\\\/de\\\/produkte\\\/#primaryimage\"},\"image\":{\"@id\":\"https:\\\/\\\/www.globalfilter.com\\\/de\\\/produkte\\\/#primaryimage\"},\"thumbnailUrl\":\"https:\\\/\\\/www.globalfilter.com\\\/wp-content\\\/uploads\\\/2020\\\/09\\\/IMG_Global-Filter-Product-Grouping-e1600118269667.png\",\"datePublished\":\"2020-02-03T18:15:27+00:00\",\"dateModified\":\"2024-03-12T11:45:12+00:00\",\"description\":\"Mit unserer breiten Produktpalette k\u00f6nnen die Filterkerzen und -geh\u00e4use von Global Filter in einer Vielzahl von Anwendungen eingesetzt werden. Unsere Ingenieure und Techniker arbeiten eng mit den Kunden zusammen, um spezifische Filtrationsbed\u00fcrfnisse zu erkennen. Sie bieten Forschungs- und Entwicklungsunterst\u00fctzung f\u00fcr gro\u00dfe Filtrationsprojekte. Gleichzeitig achten wir auf die Produktionskosten und den Zeitplan.\",\"breadcrumb\":{\"@id\":\"https:\\\/\\\/www.globalfilter.com\\\/de\\\/produkte\\\/#breadcrumb\"},\"inLanguage\":\"de-DE\",\"potentialAction\":[{\"@type\":\"ReadAction\",\"target\":[\"https:\\\/\\\/www.globalfilter.com\\\/de\\\/produkte\\\/\"]}]},{\"@type\":\"ImageObject\",\"inLanguage\":\"de-DE\",\"@id\":\"https:\\\/\\\/www.globalfilter.com\\\/de\\\/produkte\\\/#primaryimage\",\"url\":\"https:\\\/\\\/www.globalfilter.com\\\/wp-content\\\/uploads\\\/2020\\\/09\\\/IMG_Global-Filter-Product-Grouping-e1600118269667.png\",\"contentUrl\":\"https:\\\/\\\/www.globalfilter.com\\\/wp-content\\\/uploads\\\/2020\\\/09\\\/IMG_Global-Filter-Product-Grouping-e1600118269667.png\",\"width\":1200,\"height\":2035,\"caption\":\"Global Filter Product Line\"},{\"@type\":\"BreadcrumbList\",\"@id\":\"https:\\\/\\\/www.globalfilter.com\\\/de\\\/produkte\\\/#breadcrumb\",\"itemListElement\":[{\"@type\":\"ListItem\",\"position\":1,\"name\":\"home\",\"item\":\"https:\\\/\\\/www.globalfilter.com\\\/de\\\/\"},{\"@type\":\"ListItem\",\"position\":2,\"name\":\"Produkte\"}]},{\"@type\":\"WebSite\",\"@id\":\"https:\\\/\\\/www.globalfilter.com\\\/de\\\/#website\",\"url\":\"https:\\\/\\\/www.globalfilter.com\\\/de\\\/\",\"name\":\"Global Filter\",\"description\":\"Making the World Safer, Healthier and More Productive\",\"publisher\":{\"@id\":\"https:\\\/\\\/www.globalfilter.com\\\/de\\\/#organization\"},\"potentialAction\":[{\"@type\":\"SearchAction\",\"target\":{\"@type\":\"EntryPoint\",\"urlTemplate\":\"https:\\\/\\\/www.globalfilter.com\\\/de\\\/?s={search_term_string}\"},\"query-input\":{\"@type\":\"PropertyValueSpecification\",\"valueRequired\":true,\"valueName\":\"search_term_string\"}}],\"inLanguage\":\"de-DE\"},{\"@type\":\"Organization\",\"@id\":\"https:\\\/\\\/www.globalfilter.com\\\/de\\\/#organization\",\"name\":\"Global filter\",\"url\":\"https:\\\/\\\/www.globalfilter.com\\\/de\\\/\",\"logo\":{\"@type\":\"ImageObject\",\"inLanguage\":\"de-DE\",\"@id\":\"https:\\\/\\\/www.globalfilter.com\\\/de\\\/#\\\/schema\\\/logo\\\/image\\\/\",\"url\":\"https:\\\/\\\/www.globalfilter.com\\\/wp-content\\\/uploads\\\/2019\\\/06\\\/FGC-logo-1.png\",\"contentUrl\":\"https:\\\/\\\/www.globalfilter.com\\\/wp-content\\\/uploads\\\/2019\\\/06\\\/FGC-logo-1.png\",\"width\":1104,\"height\":224,\"caption\":\"Global filter\"},\"image\":{\"@id\":\"https:\\\/\\\/www.globalfilter.com\\\/de\\\/#\\\/schema\\\/logo\\\/image\\\/\"},\"sameAs\":[\"https:\\\/\\\/www.linkedin.com\\\/company\\\/global-filter-llc\"]}]}<\/script>\n<!-- \/ Yoast SEO plugin. -->","yoast_head_json":{"title":"Produkte - Global Filter","description":"Mit unserer breiten Produktpalette k\u00f6nnen die Filterkerzen und -geh\u00e4use von Global Filter in einer Vielzahl von Anwendungen eingesetzt werden. Unsere Ingenieure und Techniker arbeiten eng mit den Kunden zusammen, um spezifische Filtrationsbed\u00fcrfnisse zu erkennen. Sie bieten Forschungs- und Entwicklungsunterst\u00fctzung f\u00fcr gro\u00dfe Filtrationsprojekte. Gleichzeitig achten wir auf die Produktionskosten und den Zeitplan.","robots":{"index":"index","follow":"follow","max-snippet":"max-snippet:-1","max-image-preview":"max-image-preview:large","max-video-preview":"max-video-preview:-1"},"canonical":"https:\/\/www.globalfilter.com\/de\/produkte\/","og_locale":"de_DE","og_type":"article","og_title":"Produkte - Global Filter","og_description":"Mit unserer breiten Produktpalette k\u00f6nnen die Filterkerzen und -geh\u00e4use von Global Filter in einer Vielzahl von Anwendungen eingesetzt werden. Unsere Ingenieure und Techniker arbeiten eng mit den Kunden zusammen, um spezifische Filtrationsbed\u00fcrfnisse zu erkennen. Sie bieten Forschungs- und Entwicklungsunterst\u00fctzung f\u00fcr gro\u00dfe Filtrationsprojekte. Gleichzeitig achten wir auf die Produktionskosten und den Zeitplan.","og_url":"https:\/\/www.globalfilter.com\/de\/produkte\/","og_site_name":"Global Filter","article_modified_time":"2024-03-12T11:45:12+00:00","og_image":[{"width":1200,"height":2035,"url":"https:\/\/www.globalfilter.com\/wp-content\/uploads\/2020\/09\/IMG_Global-Filter-Product-Grouping-e1600118269667.png","type":"image\/png"}],"twitter_card":"summary_large_image","twitter_misc":{"Gesch\u00e4tzte Lesezeit":"3 Minuten"},"schema":{"@context":"https:\/\/schema.org","@graph":[{"@type":"WebPage","@id":"https:\/\/www.globalfilter.com\/de\/produkte\/","url":"https:\/\/www.globalfilter.com\/de\/produkte\/","name":"Produkte - Global Filter","isPartOf":{"@id":"https:\/\/www.globalfilter.com\/de\/#website"},"primaryImageOfPage":{"@id":"https:\/\/www.globalfilter.com\/de\/produkte\/#primaryimage"},"image":{"@id":"https:\/\/www.globalfilter.com\/de\/produkte\/#primaryimage"},"thumbnailUrl":"https:\/\/www.globalfilter.com\/wp-content\/uploads\/2020\/09\/IMG_Global-Filter-Product-Grouping-e1600118269667.png","datePublished":"2020-02-03T18:15:27+00:00","dateModified":"2024-03-12T11:45:12+00:00","description":"Mit unserer breiten Produktpalette k\u00f6nnen die Filterkerzen und -geh\u00e4use von Global Filter in einer Vielzahl von Anwendungen eingesetzt werden. Unsere Ingenieure und Techniker arbeiten eng mit den Kunden zusammen, um spezifische Filtrationsbed\u00fcrfnisse zu erkennen. Sie bieten Forschungs- und Entwicklungsunterst\u00fctzung f\u00fcr gro\u00dfe Filtrationsprojekte. Gleichzeitig achten wir auf die Produktionskosten und den Zeitplan.","breadcrumb":{"@id":"https:\/\/www.globalfilter.com\/de\/produkte\/#breadcrumb"},"inLanguage":"de-DE","potentialAction":[{"@type":"ReadAction","target":["https:\/\/www.globalfilter.com\/de\/produkte\/"]}]},{"@type":"ImageObject","inLanguage":"de-DE","@id":"https:\/\/www.globalfilter.com\/de\/produkte\/#primaryimage","url":"https:\/\/www.globalfilter.com\/wp-content\/uploads\/2020\/09\/IMG_Global-Filter-Product-Grouping-e1600118269667.png","contentUrl":"https:\/\/www.globalfilter.com\/wp-content\/uploads\/2020\/09\/IMG_Global-Filter-Product-Grouping-e1600118269667.png","width":1200,"height":2035,"caption":"Global Filter Product Line"},{"@type":"BreadcrumbList","@id":"https:\/\/www.globalfilter.com\/de\/produkte\/#breadcrumb","itemListElement":[{"@type":"ListItem","position":1,"name":"home","item":"https:\/\/www.globalfilter.com\/de\/"},{"@type":"ListItem","position":2,"name":"Produkte"}]},{"@type":"WebSite","@id":"https:\/\/www.globalfilter.com\/de\/#website","url":"https:\/\/www.globalfilter.com\/de\/","name":"Global Filter","description":"Making the World Safer, Healthier and More Productive","publisher":{"@id":"https:\/\/www.globalfilter.com\/de\/#organization"},"potentialAction":[{"@type":"SearchAction","target":{"@type":"EntryPoint","urlTemplate":"https:\/\/www.globalfilter.com\/de\/?s={search_term_string}"},"query-input":{"@type":"PropertyValueSpecification","valueRequired":true,"valueName":"search_term_string"}}],"inLanguage":"de-DE"},{"@type":"Organization","@id":"https:\/\/www.globalfilter.com\/de\/#organization","name":"Global filter","url":"https:\/\/www.globalfilter.com\/de\/","logo":{"@type":"ImageObject","inLanguage":"de-DE","@id":"https:\/\/www.globalfilter.com\/de\/#\/schema\/logo\/image\/","url":"https:\/\/www.globalfilter.com\/wp-content\/uploads\/2019\/06\/FGC-logo-1.png","contentUrl":"https:\/\/www.globalfilter.com\/wp-content\/uploads\/2019\/06\/FGC-logo-1.png","width":1104,"height":224,"caption":"Global filter"},"image":{"@id":"https:\/\/www.globalfilter.com\/de\/#\/schema\/logo\/image\/"},"sameAs":["https:\/\/www.linkedin.com\/company\/global-filter-llc"]}]}},"_links":{"self":[{"href":"https:\/\/www.globalfilter.com\/de\/wp-json\/wp\/v2\/pages\/1504","targetHints":{"allow":["GET"]}}],"collection":[{"href":"https:\/\/www.globalfilter.com\/de\/wp-json\/wp\/v2\/pages"}],"about":[{"href":"https:\/\/www.globalfilter.com\/de\/wp-json\/wp\/v2\/types\/page"}],"author":[{"embeddable":true,"href":"https:\/\/www.globalfilter.com\/de\/wp-json\/wp\/v2\/users\/4"}],"replies":[{"embeddable":true,"href":"https:\/\/www.globalfilter.com\/de\/wp-json\/wp\/v2\/comments?post=1504"}],"version-history":[{"count":0,"href":"https:\/\/www.globalfilter.com\/de\/wp-json\/wp\/v2\/pages\/1504\/revisions"}],"wp:featuredmedia":[{"embeddable":true,"href":"https:\/\/www.globalfilter.com\/de\/wp-json\/wp\/v2\/media\/3446"}],"wp:attachment":[{"href":"https:\/\/www.globalfilter.com\/de\/wp-json\/wp\/v2\/media?parent=1504"}],"curies":[{"name":"wp","href":"https:\/\/api.w.org\/{rel}","templated":true}]}}