{"id":1505,"date":"2020-02-03T18:15:27","date_gmt":"2020-02-03T18:15:27","guid":{"rendered":"https:\/\/www.globalfilter.com\/stellenangebote\/"},"modified":"2022-11-07T14:32:29","modified_gmt":"2022-11-07T14:32:29","slug":"stellenangebote","status":"publish","type":"page","link":"https:\/\/www.globalfilter.com\/de\/uber-uns\/stellenangebote\/","title":{"rendered":"Stellenangebote"},"content":{"rendered":"\n<div class=\"wp-block-cover alignfull is-light\"><span aria-hidden=\"true\" class=\"wp-block-cover__background has-background-dim\"><\/span><img loading=\"lazy\" decoding=\"async\" width=\"1920\" height=\"480\" class=\"wp-block-cover__image-background wp-image-649\" src=\"https:\/\/www.globalfilter.com\/wp-content\/uploads\/2019\/09\/hd_careers.jpg\" data-object-fit=\"cover\" srcset=\"https:\/\/www.globalfilter.com\/wp-content\/uploads\/2019\/09\/hd_careers.jpg 1920w, https:\/\/www.globalfilter.com\/wp-content\/uploads\/2019\/09\/hd_careers-300x75.jpg 300w, https:\/\/www.globalfilter.com\/wp-content\/uploads\/2019\/09\/hd_careers-768x192.jpg 768w, https:\/\/www.globalfilter.com\/wp-content\/uploads\/2019\/09\/hd_careers-1024x256.jpg 1024w\" sizes=\"auto, (max-width: 1920px) 100vw, 1920px\" \/><div class=\"wp-block-cover__inner-container is-layout-flow wp-block-cover-is-layout-flow\">\n<h1 class=\"has-text-align-center has-white-color has-text-color wp-block-heading\" id=\"h-stellenangebote\">Stellenangebote<\/h1>\n<\/div><\/div>\n\n\n\n<div class=\"wp-block-cover alignfull\" style=\"min-height:50px;aspect-ratio:unset;\"><span aria-hidden=\"true\" class=\"wp-block-cover__background has-light-gray-background-color has-background-dim\"><\/span><img loading=\"lazy\" decoding=\"async\" width=\"1\" height=\"1\" class=\"wp-block-cover__image-background wp-image-363\" src=\"https:\/\/www.globalfilter.com\/wp-content\/uploads\/2019\/09\/blank.png\" data-object-fit=\"cover\" \/><div class=\"wp-block-cover__inner-container is-layout-flow wp-block-cover-is-layout-flow\">\n<div class=\"wp-block-button aligncenter is-style-default\"><a class=\"wp-block-button__link has-white-color has-medium-gray-background-color has-text-color has-background\" href=\"https:\/\/www.globalfilter.com\/de\/kontaktieren-sie-uns\/?utm_source=Web&amp;utm_medium=LP\">Wenden Sie sich an einen Experten<\/a><\/div>\n<\/div><\/div>\n\n\n\n<p>Die <a href=\"http:\/\/www.filtrationgroup.com\/\">Filtration Group<\/a> ist eine Tochtergesellschaft von <a href=\"http:\/\/www.madison.net\/\">Madison Industries<\/a>, einem der gr\u00f6\u00dften und erfolgreichsten privaten Unternehmen der Welt. Madison baut unternehmerisch gepr\u00e4gte Marken-Marktf\u00fchrer auf, die sich daf\u00fcr einsetzen, die Welt sicherer, ges\u00fcnder und produktiver zu machen, indem sie innovative L\u00f6sungen entwickeln, die einen herausragenden Kundennutzen bieten.<\/p>\n\n\n\n<div class=\"wp-block-columns has-2-columns is-layout-flex wp-container-core-columns-is-layout-9d6595d7 wp-block-columns-is-layout-flex\">\n<div class=\"wp-block-column is-layout-flow wp-block-column-is-layout-flow\">\n<div class=\"wp-block-button blank btn-full-width\"><a class=\"wp-block-button__link has-white-color has-green-background-color has-text-color has-background\" href=\"https:\/\/careers-filtrationgroupcorp.icims.com\/jobs\/search?ss=1&amp;searchRelation=keyword_all&amp;searchCategory=25347\">OFFENE STELLEN IN DEN USA ANZEIGEN<\/a><\/div>\n<\/div>\n\n\n\n<div class=\"wp-block-column is-layout-flow wp-block-column-is-layout-flow\">\n<div class=\"wp-block-button blank btn-full-width\"><a class=\"wp-block-button__link has-white-color has-blue-background-color has-text-color has-background\" href=\"https:\/\/www.linkedin.com\/jobs\/search\/?locationId=OTHERS%2Eworldwide&amp;f_C=691913%2C943538%2C434777%2C1113726%2C576810%2C1008282%2C2039640%2C2061571%2C3048315%2C126524%2C1105210%2C73974&amp;trk=companyTopCard_top-card-button\">INTERNATIONALE OFFENE STELLEN ANZEIGEN<\/a><\/div>\n<\/div>\n<\/div>\n","protected":false},"excerpt":{"rendered":"<p>Die Filtration Group ist eine Tochtergesellschaft von Madison Industries, einem der gr\u00f6\u00dften und erfolgreichsten privaten Unternehmen der Welt. Madison baut unternehmerisch gepr\u00e4gte Marken-Marktf\u00fchrer auf, die sich daf\u00fcr einsetzen, die Welt sicherer, ges\u00fcnder und produktiver zu machen, indem sie innovative L\u00f6sungen entwickeln, die einen herausragenden Kundennutzen bieten.<\/p>\n","protected":false},"author":4,"featured_media":0,"parent":1606,"menu_order":0,"comment_status":"closed","ping_status":"closed","template":"","meta":{"_acf_changed":false,"content-type":"","footnotes":""},"class_list":["post-1505","page","type-page","status-publish","hentry"],"acf":[],"yoast_head":"<!-- This site is optimized with the Yoast SEO plugin v27.3 - https:\/\/yoast.com\/product\/yoast-seo-wordpress\/ -->\n<title>Stellenangebote - Global Filter<\/title>\n<meta name=\"robots\" content=\"index, follow, max-snippet:-1, max-image-preview:large, max-video-preview:-1\" \/>\n<link rel=\"canonical\" href=\"https:\/\/www.globalfilter.com\/de\/uber-uns\/stellenangebote\/\" \/>\n<meta property=\"og:locale\" content=\"de_DE\" \/>\n<meta property=\"og:type\" content=\"article\" \/>\n<meta property=\"og:title\" content=\"Stellenangebote - Global Filter\" \/>\n<meta property=\"og:description\" content=\"Die Filtration Group ist eine Tochtergesellschaft von Madison Industries, einem der gr\u00f6\u00dften und erfolgreichsten privaten Unternehmen der Welt. Madison baut unternehmerisch gepr\u00e4gte Marken-Marktf\u00fchrer auf, die sich daf\u00fcr einsetzen, die Welt sicherer, ges\u00fcnder und produktiver zu machen, indem sie innovative L\u00f6sungen entwickeln, die einen herausragenden Kundennutzen bieten.\" \/>\n<meta property=\"og:url\" content=\"https:\/\/www.globalfilter.com\/de\/uber-uns\/stellenangebote\/\" \/>\n<meta property=\"og:site_name\" content=\"Global Filter\" \/>\n<meta property=\"article:modified_time\" content=\"2022-11-07T14:32:29+00:00\" \/>\n<meta property=\"og:image\" content=\"https:\/\/www.globalfilter.com\/wp-content\/uploads\/2019\/09\/hd_careers.jpg\" \/>\n<meta name=\"twitter:card\" content=\"summary_large_image\" \/>\n<meta name=\"twitter:label1\" content=\"Gesch\u00e4tzte Lesezeit\" \/>\n\t<meta name=\"twitter:data1\" content=\"1 Minute\" \/>\n<script type=\"application\/ld+json\" class=\"yoast-schema-graph\">{\"@context\":\"https:\\\/\\\/schema.org\",\"@graph\":[{\"@type\":\"WebPage\",\"@id\":\"https:\\\/\\\/www.globalfilter.com\\\/de\\\/uber-uns\\\/stellenangebote\\\/\",\"url\":\"https:\\\/\\\/www.globalfilter.com\\\/de\\\/uber-uns\\\/stellenangebote\\\/\",\"name\":\"Stellenangebote - Global Filter\",\"isPartOf\":{\"@id\":\"https:\\\/\\\/www.globalfilter.com\\\/de\\\/#website\"},\"primaryImageOfPage\":{\"@id\":\"https:\\\/\\\/www.globalfilter.com\\\/de\\\/uber-uns\\\/stellenangebote\\\/#primaryimage\"},\"image\":{\"@id\":\"https:\\\/\\\/www.globalfilter.com\\\/de\\\/uber-uns\\\/stellenangebote\\\/#primaryimage\"},\"thumbnailUrl\":\"https:\\\/\\\/www.globalfilter.com\\\/wp-content\\\/uploads\\\/2019\\\/09\\\/hd_careers.jpg\",\"datePublished\":\"2020-02-03T18:15:27+00:00\",\"dateModified\":\"2022-11-07T14:32:29+00:00\",\"breadcrumb\":{\"@id\":\"https:\\\/\\\/www.globalfilter.com\\\/de\\\/uber-uns\\\/stellenangebote\\\/#breadcrumb\"},\"inLanguage\":\"de-DE\",\"potentialAction\":[{\"@type\":\"ReadAction\",\"target\":[\"https:\\\/\\\/www.globalfilter.com\\\/de\\\/uber-uns\\\/stellenangebote\\\/\"]}]},{\"@type\":\"ImageObject\",\"inLanguage\":\"de-DE\",\"@id\":\"https:\\\/\\\/www.globalfilter.com\\\/de\\\/uber-uns\\\/stellenangebote\\\/#primaryimage\",\"url\":\"https:\\\/\\\/www.globalfilter.com\\\/wp-content\\\/uploads\\\/2019\\\/09\\\/hd_careers.jpg\",\"contentUrl\":\"https:\\\/\\\/www.globalfilter.com\\\/wp-content\\\/uploads\\\/2019\\\/09\\\/hd_careers.jpg\"},{\"@type\":\"BreadcrumbList\",\"@id\":\"https:\\\/\\\/www.globalfilter.com\\\/de\\\/uber-uns\\\/stellenangebote\\\/#breadcrumb\",\"itemListElement\":[{\"@type\":\"ListItem\",\"position\":1,\"name\":\"home\",\"item\":\"https:\\\/\\\/www.globalfilter.com\\\/de\\\/\"},{\"@type\":\"ListItem\",\"position\":2,\"name\":\"Uber uns\",\"item\":\"https:\\\/\\\/www.globalfilter.com\\\/de\\\/uber-uns\\\/\"},{\"@type\":\"ListItem\",\"position\":3,\"name\":\"Stellenangebote\"}]},{\"@type\":\"WebSite\",\"@id\":\"https:\\\/\\\/www.globalfilter.com\\\/de\\\/#website\",\"url\":\"https:\\\/\\\/www.globalfilter.com\\\/de\\\/\",\"name\":\"Global Filter\",\"description\":\"Making the World Safer, Healthier and More Productive\",\"publisher\":{\"@id\":\"https:\\\/\\\/www.globalfilter.com\\\/de\\\/#organization\"},\"potentialAction\":[{\"@type\":\"SearchAction\",\"target\":{\"@type\":\"EntryPoint\",\"urlTemplate\":\"https:\\\/\\\/www.globalfilter.com\\\/de\\\/?s={search_term_string}\"},\"query-input\":{\"@type\":\"PropertyValueSpecification\",\"valueRequired\":true,\"valueName\":\"search_term_string\"}}],\"inLanguage\":\"de-DE\"},{\"@type\":\"Organization\",\"@id\":\"https:\\\/\\\/www.globalfilter.com\\\/de\\\/#organization\",\"name\":\"Global filter\",\"url\":\"https:\\\/\\\/www.globalfilter.com\\\/de\\\/\",\"logo\":{\"@type\":\"ImageObject\",\"inLanguage\":\"de-DE\",\"@id\":\"https:\\\/\\\/www.globalfilter.com\\\/de\\\/#\\\/schema\\\/logo\\\/image\\\/\",\"url\":\"https:\\\/\\\/www.globalfilter.com\\\/wp-content\\\/uploads\\\/2019\\\/06\\\/FGC-logo-1.png\",\"contentUrl\":\"https:\\\/\\\/www.globalfilter.com\\\/wp-content\\\/uploads\\\/2019\\\/06\\\/FGC-logo-1.png\",\"width\":1104,\"height\":224,\"caption\":\"Global filter\"},\"image\":{\"@id\":\"https:\\\/\\\/www.globalfilter.com\\\/de\\\/#\\\/schema\\\/logo\\\/image\\\/\"},\"sameAs\":[\"https:\\\/\\\/www.linkedin.com\\\/company\\\/global-filter-llc\"]}]}<\/script>\n<!-- \/ Yoast SEO plugin. -->","yoast_head_json":{"title":"Stellenangebote - Global Filter","robots":{"index":"index","follow":"follow","max-snippet":"max-snippet:-1","max-image-preview":"max-image-preview:large","max-video-preview":"max-video-preview:-1"},"canonical":"https:\/\/www.globalfilter.com\/de\/uber-uns\/stellenangebote\/","og_locale":"de_DE","og_type":"article","og_title":"Stellenangebote - Global Filter","og_description":"Die Filtration Group ist eine Tochtergesellschaft von Madison Industries, einem der gr\u00f6\u00dften und erfolgreichsten privaten Unternehmen der Welt. Madison baut unternehmerisch gepr\u00e4gte Marken-Marktf\u00fchrer auf, die sich daf\u00fcr einsetzen, die Welt sicherer, ges\u00fcnder und produktiver zu machen, indem sie innovative L\u00f6sungen entwickeln, die einen herausragenden Kundennutzen bieten.","og_url":"https:\/\/www.globalfilter.com\/de\/uber-uns\/stellenangebote\/","og_site_name":"Global Filter","article_modified_time":"2022-11-07T14:32:29+00:00","og_image":[{"url":"https:\/\/www.globalfilter.com\/wp-content\/uploads\/2019\/09\/hd_careers.jpg","type":"","width":"","height":""}],"twitter_card":"summary_large_image","twitter_misc":{"Gesch\u00e4tzte Lesezeit":"1 Minute"},"schema":{"@context":"https:\/\/schema.org","@graph":[{"@type":"WebPage","@id":"https:\/\/www.globalfilter.com\/de\/uber-uns\/stellenangebote\/","url":"https:\/\/www.globalfilter.com\/de\/uber-uns\/stellenangebote\/","name":"Stellenangebote - Global Filter","isPartOf":{"@id":"https:\/\/www.globalfilter.com\/de\/#website"},"primaryImageOfPage":{"@id":"https:\/\/www.globalfilter.com\/de\/uber-uns\/stellenangebote\/#primaryimage"},"image":{"@id":"https:\/\/www.globalfilter.com\/de\/uber-uns\/stellenangebote\/#primaryimage"},"thumbnailUrl":"https:\/\/www.globalfilter.com\/wp-content\/uploads\/2019\/09\/hd_careers.jpg","datePublished":"2020-02-03T18:15:27+00:00","dateModified":"2022-11-07T14:32:29+00:00","breadcrumb":{"@id":"https:\/\/www.globalfilter.com\/de\/uber-uns\/stellenangebote\/#breadcrumb"},"inLanguage":"de-DE","potentialAction":[{"@type":"ReadAction","target":["https:\/\/www.globalfilter.com\/de\/uber-uns\/stellenangebote\/"]}]},{"@type":"ImageObject","inLanguage":"de-DE","@id":"https:\/\/www.globalfilter.com\/de\/uber-uns\/stellenangebote\/#primaryimage","url":"https:\/\/www.globalfilter.com\/wp-content\/uploads\/2019\/09\/hd_careers.jpg","contentUrl":"https:\/\/www.globalfilter.com\/wp-content\/uploads\/2019\/09\/hd_careers.jpg"},{"@type":"BreadcrumbList","@id":"https:\/\/www.globalfilter.com\/de\/uber-uns\/stellenangebote\/#breadcrumb","itemListElement":[{"@type":"ListItem","position":1,"name":"home","item":"https:\/\/www.globalfilter.com\/de\/"},{"@type":"ListItem","position":2,"name":"Uber uns","item":"https:\/\/www.globalfilter.com\/de\/uber-uns\/"},{"@type":"ListItem","position":3,"name":"Stellenangebote"}]},{"@type":"WebSite","@id":"https:\/\/www.globalfilter.com\/de\/#website","url":"https:\/\/www.globalfilter.com\/de\/","name":"Global Filter","description":"Making the World Safer, Healthier and More Productive","publisher":{"@id":"https:\/\/www.globalfilter.com\/de\/#organization"},"potentialAction":[{"@type":"SearchAction","target":{"@type":"EntryPoint","urlTemplate":"https:\/\/www.globalfilter.com\/de\/?s={search_term_string}"},"query-input":{"@type":"PropertyValueSpecification","valueRequired":true,"valueName":"search_term_string"}}],"inLanguage":"de-DE"},{"@type":"Organization","@id":"https:\/\/www.globalfilter.com\/de\/#organization","name":"Global filter","url":"https:\/\/www.globalfilter.com\/de\/","logo":{"@type":"ImageObject","inLanguage":"de-DE","@id":"https:\/\/www.globalfilter.com\/de\/#\/schema\/logo\/image\/","url":"https:\/\/www.globalfilter.com\/wp-content\/uploads\/2019\/06\/FGC-logo-1.png","contentUrl":"https:\/\/www.globalfilter.com\/wp-content\/uploads\/2019\/06\/FGC-logo-1.png","width":1104,"height":224,"caption":"Global filter"},"image":{"@id":"https:\/\/www.globalfilter.com\/de\/#\/schema\/logo\/image\/"},"sameAs":["https:\/\/www.linkedin.com\/company\/global-filter-llc"]}]}},"_links":{"self":[{"href":"https:\/\/www.globalfilter.com\/de\/wp-json\/wp\/v2\/pages\/1505","targetHints":{"allow":["GET"]}}],"collection":[{"href":"https:\/\/www.globalfilter.com\/de\/wp-json\/wp\/v2\/pages"}],"about":[{"href":"https:\/\/www.globalfilter.com\/de\/wp-json\/wp\/v2\/types\/page"}],"author":[{"embeddable":true,"href":"https:\/\/www.globalfilter.com\/de\/wp-json\/wp\/v2\/users\/4"}],"replies":[{"embeddable":true,"href":"https:\/\/www.globalfilter.com\/de\/wp-json\/wp\/v2\/comments?post=1505"}],"version-history":[{"count":0,"href":"https:\/\/www.globalfilter.com\/de\/wp-json\/wp\/v2\/pages\/1505\/revisions"}],"up":[{"embeddable":true,"href":"https:\/\/www.globalfilter.com\/de\/wp-json\/wp\/v2\/pages\/1606"}],"wp:attachment":[{"href":"https:\/\/www.globalfilter.com\/de\/wp-json\/wp\/v2\/media?parent=1505"}],"curies":[{"name":"wp","href":"https:\/\/api.w.org\/{rel}","templated":true}]}}