{"id":1507,"date":"2020-02-03T18:15:28","date_gmt":"2020-02-03T18:15:28","guid":{"rendered":"https:\/\/www.globalfilter.com\/farben-tinten-und-beschichtungen\/"},"modified":"2022-11-07T14:13:10","modified_gmt":"2022-11-07T14:13:10","slug":"farben-tinten-und-beschichtungen","status":"publish","type":"page","link":"https:\/\/www.globalfilter.com\/de\/branchen\/farben-tinten-und-beschichtungen\/","title":{"rendered":"Farben, Tinten und Beschichtungen"},"content":{"rendered":"\n<div class=\"wp-block-cover alignfull has-background-dim\" style=\"min-height:182px;aspect-ratio:unset;\"><img loading=\"lazy\" decoding=\"async\" width=\"1920\" height=\"1081\" class=\"wp-block-cover__image-background wp-image-388\" alt=\"\" src=\"https:\/\/www.globalfilter.com\/wp-content\/uploads\/2019\/09\/paints-inks-coatings.jpg\" data-object-fit=\"cover\" srcset=\"https:\/\/www.globalfilter.com\/wp-content\/uploads\/2019\/09\/paints-inks-coatings.jpg 1920w, https:\/\/www.globalfilter.com\/wp-content\/uploads\/2019\/09\/paints-inks-coatings-300x169.jpg 300w, https:\/\/www.globalfilter.com\/wp-content\/uploads\/2019\/09\/paints-inks-coatings-768x432.jpg 768w, https:\/\/www.globalfilter.com\/wp-content\/uploads\/2019\/09\/paints-inks-coatings-1024x577.jpg 1024w\" sizes=\"auto, (max-width: 1920px) 100vw, 1920px\" \/><div class=\"wp-block-cover__inner-container is-layout-flow wp-block-cover-is-layout-flow\">\n\n<h1 class=\"has-text-align-center wp-block-heading\" id=\"h-farben-tinten-und-beschichtungen\">Farben, Tinten und Beschichtungen<\/h1>\n\n<\/div><\/div>\n\n\n\n<!--Close-->\t\n<\/div><\/div><\/section>\n<!--Menu-->\n<div class=\"no-top-margin\">\n<div class=\"msb-sticky-bar\">\n<div class=\"container\">\n  <div class=\"row\">\n    <div class=\"col-sm text-center\">\n      <a href=\"https:\/\/www.globalfilter.com\/de\/kontaktieren-sie-uns\/\" class=\"btn btn-primary solution-trigger\">WENDEN SIE SICH AN EINEN EXPERTEN<\/a>\n    <\/div>\n  <\/div>\n<\/div>\n<\/div>\n<\/div>\n<!--Open-->\n<section class=\"container\"><div class=\"row\"><div class=\"col-md-12\">\n\n\n\n<h2 class=\"wp-block-heading\" id=\"h-verbesserung-ihrer-prozesseffizienz\">Verbesserung Ihrer Prozesseffizienz<\/h2>\n\n\n\n<p>Unabh\u00e4ngig davon, ob Sie Farben, Tinten oder Beschichtungen herstellen, kann die Filtration einen erheblichen Einfluss auf Ihr Unternehmen haben. Bei Global Filter wissen wir, wie Ineffizienzen bei der Filtration der von Ihnen hergestellten Produkte die Gesamtqualit\u00e4t dieser Produkte und Ihren Umsatz beeinflussen k\u00f6nnen. Deshalb arbeiten wir mit Ihnen zusammen, um sicherzustellen, dass die von Ihnen implementierten Filtrationsl\u00f6sungen die Effizienz optimieren und Sie beim Erreichen Ihrer Gesch\u00e4ftsziele unterst\u00fctzen.<\/p>\n\n\n\n<h3 class=\"wp-block-heading\" id=\"h-anwendungen\"><strong>Anwendungen<\/strong>:<\/h3>\n\n\n\n<ul class=\"wp-block-list\"><li>Farbstoffe Hochreine Farben&nbsp;<\/li><li>Drucktinten&nbsp;<\/li><li>Autolacke&nbsp;<\/li><li>Lasertinten<\/li><li>Klarlacke<\/li><\/ul>\n","protected":false},"excerpt":{"rendered":"<p>WENDEN SIE SICH AN EINEN EXPERTEN Verbesserung Ihrer Prozesseffizienz Unabh\u00e4ngig davon, ob Sie Farben, Tinten oder Beschichtungen herstellen, kann die Filtration einen erheblichen Einfluss auf Ihr Unternehmen haben. Bei Global Filter wissen wir, wie Ineffizienzen bei der Filtration der von Ihnen hergestellten Produkte die Gesamtqualit\u00e4t dieser Produkte und Ihren Umsatz beeinflussen k\u00f6nnen. Deshalb arbeiten wir [&hellip;]<\/p>\n","protected":false},"author":4,"featured_media":0,"parent":1510,"menu_order":0,"comment_status":"closed","ping_status":"closed","template":"","meta":{"_acf_changed":false,"content-type":"","footnotes":""},"class_list":["post-1507","page","type-page","status-publish","hentry"],"acf":[],"yoast_head":"<!-- This site is optimized with the Yoast SEO plugin v27.3 - https:\/\/yoast.com\/product\/yoast-seo-wordpress\/ -->\n<title>Farben, Tinten und Beschichtungen - Global Filter<\/title>\n<meta name=\"description\" content=\"Unabh\u00e4ngig davon, ob Sie Farben, Tinten oder Beschichtungen herstellen, kann die Filtration einen erheblichen Einfluss auf Ihr Unternehmen haben. Bei Global Filter wissen wir, wie Ineffizienzen bei der Filtration der von Ihnen hergestellten Produkte die Gesamtqualit\u00e4t dieser Produkte und Ihren Umsatz beeinflussen k\u00f6nnen.\" \/>\n<meta name=\"robots\" content=\"index, follow, max-snippet:-1, max-image-preview:large, max-video-preview:-1\" \/>\n<link rel=\"canonical\" href=\"https:\/\/www.globalfilter.com\/de\/branchen\/farben-tinten-und-beschichtungen\/\" \/>\n<meta property=\"og:locale\" content=\"de_DE\" \/>\n<meta property=\"og:type\" content=\"article\" \/>\n<meta property=\"og:title\" content=\"Farben, Tinten und Beschichtungen - Global Filter\" \/>\n<meta property=\"og:description\" content=\"Unabh\u00e4ngig davon, ob Sie Farben, Tinten oder Beschichtungen herstellen, kann die Filtration einen erheblichen Einfluss auf Ihr Unternehmen haben. Bei Global Filter wissen wir, wie Ineffizienzen bei der Filtration der von Ihnen hergestellten Produkte die Gesamtqualit\u00e4t dieser Produkte und Ihren Umsatz beeinflussen k\u00f6nnen.\" \/>\n<meta property=\"og:url\" content=\"https:\/\/www.globalfilter.com\/de\/branchen\/farben-tinten-und-beschichtungen\/\" \/>\n<meta property=\"og:site_name\" content=\"Global Filter\" \/>\n<meta property=\"article:modified_time\" content=\"2022-11-07T14:13:10+00:00\" \/>\n<meta property=\"og:image\" content=\"https:\/\/www.globalfilter.com\/wp-content\/uploads\/2019\/09\/paints-inks-coatings.jpg\" \/>\n<meta name=\"twitter:card\" content=\"summary_large_image\" \/>\n<meta name=\"twitter:label1\" content=\"Gesch\u00e4tzte Lesezeit\" \/>\n\t<meta name=\"twitter:data1\" content=\"1 Minute\" \/>\n<script type=\"application\/ld+json\" class=\"yoast-schema-graph\">{\"@context\":\"https:\\\/\\\/schema.org\",\"@graph\":[{\"@type\":\"WebPage\",\"@id\":\"https:\\\/\\\/www.globalfilter.com\\\/de\\\/branchen\\\/farben-tinten-und-beschichtungen\\\/\",\"url\":\"https:\\\/\\\/www.globalfilter.com\\\/de\\\/branchen\\\/farben-tinten-und-beschichtungen\\\/\",\"name\":\"Farben, Tinten und Beschichtungen - Global Filter\",\"isPartOf\":{\"@id\":\"https:\\\/\\\/www.globalfilter.com\\\/de\\\/#website\"},\"primaryImageOfPage\":{\"@id\":\"https:\\\/\\\/www.globalfilter.com\\\/de\\\/branchen\\\/farben-tinten-und-beschichtungen\\\/#primaryimage\"},\"image\":{\"@id\":\"https:\\\/\\\/www.globalfilter.com\\\/de\\\/branchen\\\/farben-tinten-und-beschichtungen\\\/#primaryimage\"},\"thumbnailUrl\":\"https:\\\/\\\/www.globalfilter.com\\\/wp-content\\\/uploads\\\/2019\\\/09\\\/paints-inks-coatings.jpg\",\"datePublished\":\"2020-02-03T18:15:28+00:00\",\"dateModified\":\"2022-11-07T14:13:10+00:00\",\"description\":\"Unabh\u00e4ngig davon, ob Sie Farben, Tinten oder Beschichtungen herstellen, kann die Filtration einen erheblichen Einfluss auf Ihr Unternehmen haben. Bei Global Filter wissen wir, wie Ineffizienzen bei der Filtration der von Ihnen hergestellten Produkte die Gesamtqualit\u00e4t dieser Produkte und Ihren Umsatz beeinflussen k\u00f6nnen.\",\"breadcrumb\":{\"@id\":\"https:\\\/\\\/www.globalfilter.com\\\/de\\\/branchen\\\/farben-tinten-und-beschichtungen\\\/#breadcrumb\"},\"inLanguage\":\"de-DE\",\"potentialAction\":[{\"@type\":\"ReadAction\",\"target\":[\"https:\\\/\\\/www.globalfilter.com\\\/de\\\/branchen\\\/farben-tinten-und-beschichtungen\\\/\"]}]},{\"@type\":\"ImageObject\",\"inLanguage\":\"de-DE\",\"@id\":\"https:\\\/\\\/www.globalfilter.com\\\/de\\\/branchen\\\/farben-tinten-und-beschichtungen\\\/#primaryimage\",\"url\":\"https:\\\/\\\/www.globalfilter.com\\\/wp-content\\\/uploads\\\/2019\\\/09\\\/paints-inks-coatings.jpg\",\"contentUrl\":\"https:\\\/\\\/www.globalfilter.com\\\/wp-content\\\/uploads\\\/2019\\\/09\\\/paints-inks-coatings.jpg\"},{\"@type\":\"BreadcrumbList\",\"@id\":\"https:\\\/\\\/www.globalfilter.com\\\/de\\\/branchen\\\/farben-tinten-und-beschichtungen\\\/#breadcrumb\",\"itemListElement\":[{\"@type\":\"ListItem\",\"position\":1,\"name\":\"home\",\"item\":\"https:\\\/\\\/www.globalfilter.com\\\/de\\\/\"},{\"@type\":\"ListItem\",\"position\":2,\"name\":\"Branchen\",\"item\":\"https:\\\/\\\/www.globalfilter.com\\\/de\\\/branchen\\\/\"},{\"@type\":\"ListItem\",\"position\":3,\"name\":\"Farben\"}]},{\"@type\":\"WebSite\",\"@id\":\"https:\\\/\\\/www.globalfilter.com\\\/de\\\/#website\",\"url\":\"https:\\\/\\\/www.globalfilter.com\\\/de\\\/\",\"name\":\"Global Filter\",\"description\":\"Making the World Safer, Healthier and More Productive\",\"publisher\":{\"@id\":\"https:\\\/\\\/www.globalfilter.com\\\/de\\\/#organization\"},\"potentialAction\":[{\"@type\":\"SearchAction\",\"target\":{\"@type\":\"EntryPoint\",\"urlTemplate\":\"https:\\\/\\\/www.globalfilter.com\\\/de\\\/?s={search_term_string}\"},\"query-input\":{\"@type\":\"PropertyValueSpecification\",\"valueRequired\":true,\"valueName\":\"search_term_string\"}}],\"inLanguage\":\"de-DE\"},{\"@type\":\"Organization\",\"@id\":\"https:\\\/\\\/www.globalfilter.com\\\/de\\\/#organization\",\"name\":\"Global filter\",\"url\":\"https:\\\/\\\/www.globalfilter.com\\\/de\\\/\",\"logo\":{\"@type\":\"ImageObject\",\"inLanguage\":\"de-DE\",\"@id\":\"https:\\\/\\\/www.globalfilter.com\\\/de\\\/#\\\/schema\\\/logo\\\/image\\\/\",\"url\":\"https:\\\/\\\/www.globalfilter.com\\\/wp-content\\\/uploads\\\/2019\\\/06\\\/FGC-logo-1.png\",\"contentUrl\":\"https:\\\/\\\/www.globalfilter.com\\\/wp-content\\\/uploads\\\/2019\\\/06\\\/FGC-logo-1.png\",\"width\":1104,\"height\":224,\"caption\":\"Global filter\"},\"image\":{\"@id\":\"https:\\\/\\\/www.globalfilter.com\\\/de\\\/#\\\/schema\\\/logo\\\/image\\\/\"},\"sameAs\":[\"https:\\\/\\\/www.linkedin.com\\\/company\\\/global-filter-llc\"]}]}<\/script>\n<!-- \/ Yoast SEO plugin. -->","yoast_head_json":{"title":"Farben, Tinten und Beschichtungen - Global Filter","description":"Unabh\u00e4ngig davon, ob Sie Farben, Tinten oder Beschichtungen herstellen, kann die Filtration einen erheblichen Einfluss auf Ihr Unternehmen haben. Bei Global Filter wissen wir, wie Ineffizienzen bei der Filtration der von Ihnen hergestellten Produkte die Gesamtqualit\u00e4t dieser Produkte und Ihren Umsatz beeinflussen k\u00f6nnen.","robots":{"index":"index","follow":"follow","max-snippet":"max-snippet:-1","max-image-preview":"max-image-preview:large","max-video-preview":"max-video-preview:-1"},"canonical":"https:\/\/www.globalfilter.com\/de\/branchen\/farben-tinten-und-beschichtungen\/","og_locale":"de_DE","og_type":"article","og_title":"Farben, Tinten und Beschichtungen - Global Filter","og_description":"Unabh\u00e4ngig davon, ob Sie Farben, Tinten oder Beschichtungen herstellen, kann die Filtration einen erheblichen Einfluss auf Ihr Unternehmen haben. Bei Global Filter wissen wir, wie Ineffizienzen bei der Filtration der von Ihnen hergestellten Produkte die Gesamtqualit\u00e4t dieser Produkte und Ihren Umsatz beeinflussen k\u00f6nnen.","og_url":"https:\/\/www.globalfilter.com\/de\/branchen\/farben-tinten-und-beschichtungen\/","og_site_name":"Global Filter","article_modified_time":"2022-11-07T14:13:10+00:00","og_image":[{"url":"https:\/\/www.globalfilter.com\/wp-content\/uploads\/2019\/09\/paints-inks-coatings.jpg","type":"","width":"","height":""}],"twitter_card":"summary_large_image","twitter_misc":{"Gesch\u00e4tzte Lesezeit":"1 Minute"},"schema":{"@context":"https:\/\/schema.org","@graph":[{"@type":"WebPage","@id":"https:\/\/www.globalfilter.com\/de\/branchen\/farben-tinten-und-beschichtungen\/","url":"https:\/\/www.globalfilter.com\/de\/branchen\/farben-tinten-und-beschichtungen\/","name":"Farben, Tinten und Beschichtungen - Global Filter","isPartOf":{"@id":"https:\/\/www.globalfilter.com\/de\/#website"},"primaryImageOfPage":{"@id":"https:\/\/www.globalfilter.com\/de\/branchen\/farben-tinten-und-beschichtungen\/#primaryimage"},"image":{"@id":"https:\/\/www.globalfilter.com\/de\/branchen\/farben-tinten-und-beschichtungen\/#primaryimage"},"thumbnailUrl":"https:\/\/www.globalfilter.com\/wp-content\/uploads\/2019\/09\/paints-inks-coatings.jpg","datePublished":"2020-02-03T18:15:28+00:00","dateModified":"2022-11-07T14:13:10+00:00","description":"Unabh\u00e4ngig davon, ob Sie Farben, Tinten oder Beschichtungen herstellen, kann die Filtration einen erheblichen Einfluss auf Ihr Unternehmen haben. Bei Global Filter wissen wir, wie Ineffizienzen bei der Filtration der von Ihnen hergestellten Produkte die Gesamtqualit\u00e4t dieser Produkte und Ihren Umsatz beeinflussen k\u00f6nnen.","breadcrumb":{"@id":"https:\/\/www.globalfilter.com\/de\/branchen\/farben-tinten-und-beschichtungen\/#breadcrumb"},"inLanguage":"de-DE","potentialAction":[{"@type":"ReadAction","target":["https:\/\/www.globalfilter.com\/de\/branchen\/farben-tinten-und-beschichtungen\/"]}]},{"@type":"ImageObject","inLanguage":"de-DE","@id":"https:\/\/www.globalfilter.com\/de\/branchen\/farben-tinten-und-beschichtungen\/#primaryimage","url":"https:\/\/www.globalfilter.com\/wp-content\/uploads\/2019\/09\/paints-inks-coatings.jpg","contentUrl":"https:\/\/www.globalfilter.com\/wp-content\/uploads\/2019\/09\/paints-inks-coatings.jpg"},{"@type":"BreadcrumbList","@id":"https:\/\/www.globalfilter.com\/de\/branchen\/farben-tinten-und-beschichtungen\/#breadcrumb","itemListElement":[{"@type":"ListItem","position":1,"name":"home","item":"https:\/\/www.globalfilter.com\/de\/"},{"@type":"ListItem","position":2,"name":"Branchen","item":"https:\/\/www.globalfilter.com\/de\/branchen\/"},{"@type":"ListItem","position":3,"name":"Farben"}]},{"@type":"WebSite","@id":"https:\/\/www.globalfilter.com\/de\/#website","url":"https:\/\/www.globalfilter.com\/de\/","name":"Global Filter","description":"Making the World Safer, Healthier and More Productive","publisher":{"@id":"https:\/\/www.globalfilter.com\/de\/#organization"},"potentialAction":[{"@type":"SearchAction","target":{"@type":"EntryPoint","urlTemplate":"https:\/\/www.globalfilter.com\/de\/?s={search_term_string}"},"query-input":{"@type":"PropertyValueSpecification","valueRequired":true,"valueName":"search_term_string"}}],"inLanguage":"de-DE"},{"@type":"Organization","@id":"https:\/\/www.globalfilter.com\/de\/#organization","name":"Global filter","url":"https:\/\/www.globalfilter.com\/de\/","logo":{"@type":"ImageObject","inLanguage":"de-DE","@id":"https:\/\/www.globalfilter.com\/de\/#\/schema\/logo\/image\/","url":"https:\/\/www.globalfilter.com\/wp-content\/uploads\/2019\/06\/FGC-logo-1.png","contentUrl":"https:\/\/www.globalfilter.com\/wp-content\/uploads\/2019\/06\/FGC-logo-1.png","width":1104,"height":224,"caption":"Global filter"},"image":{"@id":"https:\/\/www.globalfilter.com\/de\/#\/schema\/logo\/image\/"},"sameAs":["https:\/\/www.linkedin.com\/company\/global-filter-llc"]}]}},"_links":{"self":[{"href":"https:\/\/www.globalfilter.com\/de\/wp-json\/wp\/v2\/pages\/1507","targetHints":{"allow":["GET"]}}],"collection":[{"href":"https:\/\/www.globalfilter.com\/de\/wp-json\/wp\/v2\/pages"}],"about":[{"href":"https:\/\/www.globalfilter.com\/de\/wp-json\/wp\/v2\/types\/page"}],"author":[{"embeddable":true,"href":"https:\/\/www.globalfilter.com\/de\/wp-json\/wp\/v2\/users\/4"}],"replies":[{"embeddable":true,"href":"https:\/\/www.globalfilter.com\/de\/wp-json\/wp\/v2\/comments?post=1507"}],"version-history":[{"count":0,"href":"https:\/\/www.globalfilter.com\/de\/wp-json\/wp\/v2\/pages\/1507\/revisions"}],"up":[{"embeddable":true,"href":"https:\/\/www.globalfilter.com\/de\/wp-json\/wp\/v2\/pages\/1510"}],"wp:attachment":[{"href":"https:\/\/www.globalfilter.com\/de\/wp-json\/wp\/v2\/media?parent=1507"}],"curies":[{"name":"wp","href":"https:\/\/api.w.org\/{rel}","templated":true}]}}