{"id":1508,"date":"2020-02-03T18:15:28","date_gmt":"2020-02-03T18:15:28","guid":{"rendered":"https:\/\/www.globalfilter.com\/ressourcen\/produktqualitat\/"},"modified":"2022-11-07T14:08:41","modified_gmt":"2022-11-07T14:08:41","slug":"produktqualitat","status":"publish","type":"page","link":"https:\/\/www.globalfilter.com\/de\/ressourcen\/produktqualitat\/","title":{"rendered":"Produktqualit\u00e4t"},"content":{"rendered":"\n<div class=\"wp-block-cover alignfull has-background-dim\" style=\"min-height:250px;aspect-ratio:unset;\"><img loading=\"lazy\" decoding=\"async\" width=\"1100\" height=\"275\" class=\"wp-block-cover__image-background wp-image-653\" alt=\"\" src=\"https:\/\/www.globalfilter.com\/wp-content\/uploads\/2019\/09\/hd_product-quality-e1628191977703.jpg\" data-object-fit=\"cover\" \/><div class=\"wp-block-cover__inner-container is-layout-flow wp-block-cover-is-layout-flow\">\n\n<h1 class=\"has-text-align-center wp-block-heading\" id=\"h-produktqualit-t\">Produktqualit\u00e4t<\/h1>\n\n<\/div><\/div>\n\n\n\n<!--Close-->\t\n<\/div><\/div><\/section>\n<!--Menu-->\n<div class=\"no-top-margin\">\n<div class=\"msb-sticky-bar\">\n<div class=\"container\">\n  <div class=\"row\">\n    <div class=\"col-sm text-center\">\n      <a href=\"https:\/\/www.globalfilter.com\/de\/kontaktieren-sie-uns\/\" class=\"btn btn-primary solution-trigger\">WENDEN SIE SICH AN EINEN EXPERTEN<\/a>\n    <\/div>\n  <\/div>\n<\/div>\n<\/div>\n<\/div>\n<!--Open-->\n<section class=\"container\"><div class=\"row\"><div class=\"col-md-12\">\n\n\n\n<p>Global Filter ist bestrebt, Filtrationsprodukte mit vorbildlichem Wert und engagiertem Service anzubieten, die unsere Kunden stets begeistern. Wir arbeiten daran, dies durch kontinuierliche Verbesserungen unserer Gesch\u00e4ftspraktiken und die sorgf\u00e4ltige Einhaltung unseres Qualit\u00e4tsmanagementsystems zu erreichen.&nbsp;<\/p>\n\n\n\n<p>Im Mittelpunkt dieses Engagements stehen unsere  Initiativen gem\u00e4\u00df unserer Qualit\u00e4tsstrategie:<\/p>\n\n\n\n<ul class=\"wp-block-list\"><li>Aufrechterhaltung einer hohen Kundenzufriedenheit durch effektive und kollaborative Kommunikation.<\/li><li>Ziel ist die Bereitstellung der k\u00fcrzesten Lieferzeiten in der Branche.<\/li><li>Umsetzung der ISO 9001-Norm als Grundlage unseres Qualit\u00e4tsmanagementsystems.<\/li><li>Wir konzentrieren uns auf die kontinuierliche Verbesserung unserer Produkte und Prozesse.<\/li><\/ul>\n\n\n\n<h2 class=\"has-text-align-center wp-block-heading\" id=\"h-unsere-partner-f-r-qualit-t\">Unsere Partner f\u00fcr Qualit\u00e4t<\/h2>\n\n\n\n<div class=\"wp-block-columns has-2-columns anm-columns is-layout-flex wp-container-core-columns-is-layout-9d6595d7 wp-block-columns-is-layout-flex\">\n<div class=\"wp-block-column is-layout-flow wp-block-column-is-layout-flow\">\n<h4 class=\"has-text-align-center wp-block-heading\" id=\"h-asme\">ASME<\/h4>\n\n\n\n<p class=\"has-text-align-center\">Global Filter bietet Filtergeh\u00e4use an, die gem\u00e4\u00df dem internationalen ASME Boiler and Pressure Vessel Code (Kessel- und Druckbeh\u00e4lterverordnung) konstruiert und gefertigt wurden, um ein robustes Design und eine sichere Verwendung zu gew\u00e4hrleisten.<\/p>\n\n\n\n<div class=\"wp-block-button aligncenter blank\"><a class=\"wp-block-button__link has-white-color has-green-background-color has-text-color has-background\" href=\"https:\/\/www.asme.org\/\">Besuchen Sie ASME<\/a><\/div>\n<\/div>\n\n\n\n<div class=\"wp-block-column is-layout-flow wp-block-column-is-layout-flow\">\n<h4 class=\"has-text-align-center wp-block-heading\" id=\"h-astm-international\">ASTM International<\/h4>\n\n\n\n<p class=\"has-text-align-center\">ASTM entwickelt und ver\u00f6ffentlicht konsensf\u00e4hige technische Standards f\u00fcr eine breite Palette von Materialien und Produkten, einschlie\u00dflich der von Global Filter angewandten Testmethoden.<\/p>\n\n\n\n<div class=\"wp-block-button aligncenter blank\"><a class=\"wp-block-button__link has-white-color has-green-background-color has-text-color has-background\" href=\"https:\/\/www.astm.org\/\">Besuchen Sie ASTM<\/a><\/div>\n<\/div>\n<\/div>\n\n\n\n<div class=\"wp-block-columns has-2-columns anm-columns is-layout-flex wp-container-core-columns-is-layout-9d6595d7 wp-block-columns-is-layout-flex\">\n<div class=\"wp-block-column is-layout-flow wp-block-column-is-layout-flow\">\n<h4 class=\"has-text-align-center wp-block-heading\" id=\"h-earthkosher\">EarthKosher<\/h4>\n\n\n\n<p class=\"has-text-align-center\">Global Filter-Produkte wurden von EarthKosher, einer f\u00fchrenden und vertrauensw\u00fcrdigen Zertifizierungsagentur, als koscher zertifiziert.<\/p>\n\n\n\n<div class=\"wp-block-button aligncenter blank\"><a class=\"wp-block-button__link has-white-color has-green-background-color has-text-color has-background\" href=\"https:\/\/earthkosher.com\/\">Besuchen Sie Earthkosher<\/a><\/div>\n<\/div>\n\n\n\n<div class=\"wp-block-column is-layout-flow wp-block-column-is-layout-flow\">\n<h4 class=\"has-text-align-center wp-block-heading\" id=\"h-islamic-services-of-america-isa\">Islamic Services of America (ISA)<\/h4>\n\n\n\n<p class=\"has-text-align-center\">Global Filter-Produkte wurden von Islamic Services of America, einer f\u00fchrenden und vertrauensw\u00fcrdigen \u00dcberwachungsorganisation, gepr\u00fcft und als halal zertifiziert.<\/p>\n\n\n\n<div class=\"wp-block-button aligncenter blank\"><a class=\"wp-block-button__link has-white-color has-green-background-color has-text-color has-background\" href=\"http:\/\/www.isaiowa.org\/\">Besuchen Sie ISA<\/a><\/div>\n<\/div>\n<\/div>\n\n\n\n<div class=\"wp-block-columns has-2-columns anm-columns is-layout-flex wp-container-core-columns-is-layout-9d6595d7 wp-block-columns-is-layout-flex\">\n<div class=\"wp-block-column is-layout-flow wp-block-column-is-layout-flow\">\n<h4 class=\"has-text-align-center wp-block-heading\" id=\"h-nsf-international\">NSF International<\/h4>\n\n\n\n<p class=\"has-text-align-center\">Global Filter bietet eine Reihe von Produkten an, die von NSF International, dem f\u00fchrenden Entwickler von Standards und Zertifizierungsprogrammen f\u00fcr die \u00f6ffentliche Gesundheit, getestet und zertifiziert wurden, um den Schutz von Lebensmitteln, Wasser, Verbraucherprodukten und der Umwelt weltweit zu gew\u00e4hrleisten.<\/p>\n\n\n\n<div class=\"wp-block-button aligncenter blank\"><a class=\"wp-block-button__link has-white-color has-green-background-color has-text-color has-background\" href=\"http:\/\/www.nsf.org\/\">Besuchen Sie NSF<\/a><\/div>\n<\/div>\n\n\n\n<div class=\"wp-block-column is-layout-flow wp-block-column-is-layout-flow\">\n<h4 class=\"has-text-align-center wp-block-heading\" id=\"h-us-amerikanische-nahrungs-und-arzneimittelbeh-rde-food-and-drug-administration-fda\">US-amerikanische Nahrungs- und Arzneimittelbeh\u00f6rde (Food and Drug Administration, FDA)<\/h4>\n\n\n\n<p class=\"has-text-align-center\">Die Konstruktionsmaterialien f\u00fcr die hochreinen Produkte von Global Filter entsprechen den von der US-amerikanischen Food and Drug Administration festgelegten Standards, um die Reinheit und sichere Verwendung von Lebensmitteln und Getr\u00e4nken f\u00fcr den menschlichen Verzehr zu gew\u00e4hrleisten.&nbsp;<\/p>\n\n\n\n<div class=\"wp-block-button aligncenter blank\"><a class=\"wp-block-button__link has-white-color has-green-background-color has-text-color has-background\" href=\"https:\/\/www.fda.gov\/\">Besuchen Sie die Website der FDA<\/a><\/div>\n<\/div>\n<\/div>\n\n\n\n<div class=\"wp-block-columns has-2-columns anm-columns is-layout-flex wp-container-core-columns-is-layout-9d6595d7 wp-block-columns-is-layout-flex\">\n<div class=\"wp-block-column is-layout-flow wp-block-column-is-layout-flow\">\n<h4 class=\"has-text-align-center wp-block-heading\" id=\"h-eu\">EU<\/h4>\n\n\n\n<p class=\"has-text-align-center\">Die Konstruktionsmaterialien f\u00fcr die hochreinen Produkte von Global Filter entsprechen den von der Europ\u00e4ischen Union festgelegten Standards, um die Reinheit und sichere Verwendung von Lebensmitteln und Getr\u00e4nken f\u00fcr den menschlichen Verzehr zu gew\u00e4hrleisten.<\/p>\n\n\n\n<div class=\"wp-block-button aligncenter blank\"><a class=\"wp-block-button__link has-white-color has-green-background-color has-text-color has-background\" href=\"https:\/\/europa.eu\/european-union\/index_en\">Besuchen Sie die Website der EU<\/a><\/div>\n<\/div>\n\n\n\n<div class=\"wp-block-column empty-column is-layout-flow wp-block-column-is-layout-flow\">\n<p><\/p>\n<\/div>\n<\/div>\n","protected":false},"excerpt":{"rendered":"<p>WENDEN SIE SICH AN EINEN EXPERTEN Global Filter ist bestrebt, Filtrationsprodukte mit vorbildlichem Wert und engagiertem Service anzubieten, die unsere Kunden stets begeistern. Wir arbeiten daran, dies durch kontinuierliche Verbesserungen unserer Gesch\u00e4ftspraktiken und die sorgf\u00e4ltige Einhaltung unseres Qualit\u00e4tsmanagementsystems zu erreichen.&nbsp; Im Mittelpunkt dieses Engagements stehen unsere Initiativen gem\u00e4\u00df unserer Qualit\u00e4tsstrategie: Aufrechterhaltung einer hohen Kundenzufriedenheit durch [&hellip;]<\/p>\n","protected":false},"author":3,"featured_media":0,"parent":1502,"menu_order":0,"comment_status":"closed","ping_status":"closed","template":"","meta":{"_acf_changed":false,"content-type":"","footnotes":""},"class_list":["post-1508","page","type-page","status-publish","hentry"],"acf":[],"yoast_head":"<!-- This site is optimized with the Yoast SEO plugin v27.3 - https:\/\/yoast.com\/product\/yoast-seo-wordpress\/ -->\n<title>Produktqualit\u00e4t - Global Filter<\/title>\n<meta name=\"description\" content=\"Global Filter ist bestrebt, Filtrationsprodukte mit vorbildlichem Wert und engagiertem Service anzubieten, die unsere Kunden stets begeistern. Wir arbeiten daran, dies durch kontinuierliche Verbesserungen unserer Gesch\u00e4ftspraktiken und die sorgf\u00e4ltige Einhaltung unseres Qualit\u00e4tsmanagementsystems zu erreichen.\" \/>\n<meta name=\"robots\" content=\"index, follow, max-snippet:-1, max-image-preview:large, max-video-preview:-1\" \/>\n<link rel=\"canonical\" href=\"https:\/\/www.globalfilter.com\/de\/ressourcen\/produktqualitat\/\" \/>\n<meta property=\"og:locale\" content=\"de_DE\" \/>\n<meta property=\"og:type\" content=\"article\" \/>\n<meta property=\"og:title\" content=\"Produktqualit\u00e4t - Global Filter\" \/>\n<meta property=\"og:description\" content=\"Global Filter ist bestrebt, Filtrationsprodukte mit vorbildlichem Wert und engagiertem Service anzubieten, die unsere Kunden stets begeistern. Wir arbeiten daran, dies durch kontinuierliche Verbesserungen unserer Gesch\u00e4ftspraktiken und die sorgf\u00e4ltige Einhaltung unseres Qualit\u00e4tsmanagementsystems zu erreichen.\" \/>\n<meta property=\"og:url\" content=\"https:\/\/www.globalfilter.com\/de\/ressourcen\/produktqualitat\/\" \/>\n<meta property=\"og:site_name\" content=\"Global Filter\" \/>\n<meta property=\"article:modified_time\" content=\"2022-11-07T14:08:41+00:00\" \/>\n<meta property=\"og:image\" content=\"https:\/\/www.globalfilter.com\/wp-content\/uploads\/2019\/09\/hd_product-quality-e1628191977703.jpg\" \/>\n<meta name=\"twitter:card\" content=\"summary_large_image\" \/>\n<meta name=\"twitter:label1\" content=\"Gesch\u00e4tzte Lesezeit\" \/>\n\t<meta name=\"twitter:data1\" content=\"2 Minuten\" \/>\n<script type=\"application\/ld+json\" class=\"yoast-schema-graph\">{\"@context\":\"https:\\\/\\\/schema.org\",\"@graph\":[{\"@type\":\"WebPage\",\"@id\":\"https:\\\/\\\/www.globalfilter.com\\\/de\\\/ressourcen\\\/produktqualitat\\\/\",\"url\":\"https:\\\/\\\/www.globalfilter.com\\\/de\\\/ressourcen\\\/produktqualitat\\\/\",\"name\":\"Produktqualit\u00e4t - Global Filter\",\"isPartOf\":{\"@id\":\"https:\\\/\\\/www.globalfilter.com\\\/de\\\/#website\"},\"primaryImageOfPage\":{\"@id\":\"https:\\\/\\\/www.globalfilter.com\\\/de\\\/ressourcen\\\/produktqualitat\\\/#primaryimage\"},\"image\":{\"@id\":\"https:\\\/\\\/www.globalfilter.com\\\/de\\\/ressourcen\\\/produktqualitat\\\/#primaryimage\"},\"thumbnailUrl\":\"https:\\\/\\\/www.globalfilter.com\\\/wp-content\\\/uploads\\\/2019\\\/09\\\/hd_product-quality-e1628191977703.jpg\",\"datePublished\":\"2020-02-03T18:15:28+00:00\",\"dateModified\":\"2022-11-07T14:08:41+00:00\",\"description\":\"Global Filter ist bestrebt, Filtrationsprodukte mit vorbildlichem Wert und engagiertem Service anzubieten, die unsere Kunden stets begeistern. Wir arbeiten daran, dies durch kontinuierliche Verbesserungen unserer Gesch\u00e4ftspraktiken und die sorgf\u00e4ltige Einhaltung unseres Qualit\u00e4tsmanagementsystems zu erreichen.\",\"breadcrumb\":{\"@id\":\"https:\\\/\\\/www.globalfilter.com\\\/de\\\/ressourcen\\\/produktqualitat\\\/#breadcrumb\"},\"inLanguage\":\"de-DE\",\"potentialAction\":[{\"@type\":\"ReadAction\",\"target\":[\"https:\\\/\\\/www.globalfilter.com\\\/de\\\/ressourcen\\\/produktqualitat\\\/\"]}]},{\"@type\":\"ImageObject\",\"inLanguage\":\"de-DE\",\"@id\":\"https:\\\/\\\/www.globalfilter.com\\\/de\\\/ressourcen\\\/produktqualitat\\\/#primaryimage\",\"url\":\"https:\\\/\\\/www.globalfilter.com\\\/wp-content\\\/uploads\\\/2019\\\/09\\\/hd_product-quality-e1628191977703.jpg\",\"contentUrl\":\"https:\\\/\\\/www.globalfilter.com\\\/wp-content\\\/uploads\\\/2019\\\/09\\\/hd_product-quality-e1628191977703.jpg\"},{\"@type\":\"BreadcrumbList\",\"@id\":\"https:\\\/\\\/www.globalfilter.com\\\/de\\\/ressourcen\\\/produktqualitat\\\/#breadcrumb\",\"itemListElement\":[{\"@type\":\"ListItem\",\"position\":1,\"name\":\"home\",\"item\":\"https:\\\/\\\/www.globalfilter.com\\\/de\\\/\"},{\"@type\":\"ListItem\",\"position\":2,\"name\":\"Ressourcen\",\"item\":\"https:\\\/\\\/www.globalfilter.com\\\/de\\\/ressourcen\\\/\"},{\"@type\":\"ListItem\",\"position\":3,\"name\":\"Produktqualit\u00e4t\"}]},{\"@type\":\"WebSite\",\"@id\":\"https:\\\/\\\/www.globalfilter.com\\\/de\\\/#website\",\"url\":\"https:\\\/\\\/www.globalfilter.com\\\/de\\\/\",\"name\":\"Global Filter\",\"description\":\"Making the World Safer, Healthier and More Productive\",\"publisher\":{\"@id\":\"https:\\\/\\\/www.globalfilter.com\\\/de\\\/#organization\"},\"potentialAction\":[{\"@type\":\"SearchAction\",\"target\":{\"@type\":\"EntryPoint\",\"urlTemplate\":\"https:\\\/\\\/www.globalfilter.com\\\/de\\\/?s={search_term_string}\"},\"query-input\":{\"@type\":\"PropertyValueSpecification\",\"valueRequired\":true,\"valueName\":\"search_term_string\"}}],\"inLanguage\":\"de-DE\"},{\"@type\":\"Organization\",\"@id\":\"https:\\\/\\\/www.globalfilter.com\\\/de\\\/#organization\",\"name\":\"Global filter\",\"url\":\"https:\\\/\\\/www.globalfilter.com\\\/de\\\/\",\"logo\":{\"@type\":\"ImageObject\",\"inLanguage\":\"de-DE\",\"@id\":\"https:\\\/\\\/www.globalfilter.com\\\/de\\\/#\\\/schema\\\/logo\\\/image\\\/\",\"url\":\"https:\\\/\\\/www.globalfilter.com\\\/wp-content\\\/uploads\\\/2019\\\/06\\\/FGC-logo-1.png\",\"contentUrl\":\"https:\\\/\\\/www.globalfilter.com\\\/wp-content\\\/uploads\\\/2019\\\/06\\\/FGC-logo-1.png\",\"width\":1104,\"height\":224,\"caption\":\"Global filter\"},\"image\":{\"@id\":\"https:\\\/\\\/www.globalfilter.com\\\/de\\\/#\\\/schema\\\/logo\\\/image\\\/\"},\"sameAs\":[\"https:\\\/\\\/www.linkedin.com\\\/company\\\/global-filter-llc\"]}]}<\/script>\n<!-- \/ Yoast SEO plugin. -->","yoast_head_json":{"title":"Produktqualit\u00e4t - Global Filter","description":"Global Filter ist bestrebt, Filtrationsprodukte mit vorbildlichem Wert und engagiertem Service anzubieten, die unsere Kunden stets begeistern. Wir arbeiten daran, dies durch kontinuierliche Verbesserungen unserer Gesch\u00e4ftspraktiken und die sorgf\u00e4ltige Einhaltung unseres Qualit\u00e4tsmanagementsystems zu erreichen.","robots":{"index":"index","follow":"follow","max-snippet":"max-snippet:-1","max-image-preview":"max-image-preview:large","max-video-preview":"max-video-preview:-1"},"canonical":"https:\/\/www.globalfilter.com\/de\/ressourcen\/produktqualitat\/","og_locale":"de_DE","og_type":"article","og_title":"Produktqualit\u00e4t - Global Filter","og_description":"Global Filter ist bestrebt, Filtrationsprodukte mit vorbildlichem Wert und engagiertem Service anzubieten, die unsere Kunden stets begeistern. Wir arbeiten daran, dies durch kontinuierliche Verbesserungen unserer Gesch\u00e4ftspraktiken und die sorgf\u00e4ltige Einhaltung unseres Qualit\u00e4tsmanagementsystems zu erreichen.","og_url":"https:\/\/www.globalfilter.com\/de\/ressourcen\/produktqualitat\/","og_site_name":"Global Filter","article_modified_time":"2022-11-07T14:08:41+00:00","og_image":[{"url":"https:\/\/www.globalfilter.com\/wp-content\/uploads\/2019\/09\/hd_product-quality-e1628191977703.jpg","type":"","width":"","height":""}],"twitter_card":"summary_large_image","twitter_misc":{"Gesch\u00e4tzte Lesezeit":"2 Minuten"},"schema":{"@context":"https:\/\/schema.org","@graph":[{"@type":"WebPage","@id":"https:\/\/www.globalfilter.com\/de\/ressourcen\/produktqualitat\/","url":"https:\/\/www.globalfilter.com\/de\/ressourcen\/produktqualitat\/","name":"Produktqualit\u00e4t - Global Filter","isPartOf":{"@id":"https:\/\/www.globalfilter.com\/de\/#website"},"primaryImageOfPage":{"@id":"https:\/\/www.globalfilter.com\/de\/ressourcen\/produktqualitat\/#primaryimage"},"image":{"@id":"https:\/\/www.globalfilter.com\/de\/ressourcen\/produktqualitat\/#primaryimage"},"thumbnailUrl":"https:\/\/www.globalfilter.com\/wp-content\/uploads\/2019\/09\/hd_product-quality-e1628191977703.jpg","datePublished":"2020-02-03T18:15:28+00:00","dateModified":"2022-11-07T14:08:41+00:00","description":"Global Filter ist bestrebt, Filtrationsprodukte mit vorbildlichem Wert und engagiertem Service anzubieten, die unsere Kunden stets begeistern. Wir arbeiten daran, dies durch kontinuierliche Verbesserungen unserer Gesch\u00e4ftspraktiken und die sorgf\u00e4ltige Einhaltung unseres Qualit\u00e4tsmanagementsystems zu erreichen.","breadcrumb":{"@id":"https:\/\/www.globalfilter.com\/de\/ressourcen\/produktqualitat\/#breadcrumb"},"inLanguage":"de-DE","potentialAction":[{"@type":"ReadAction","target":["https:\/\/www.globalfilter.com\/de\/ressourcen\/produktqualitat\/"]}]},{"@type":"ImageObject","inLanguage":"de-DE","@id":"https:\/\/www.globalfilter.com\/de\/ressourcen\/produktqualitat\/#primaryimage","url":"https:\/\/www.globalfilter.com\/wp-content\/uploads\/2019\/09\/hd_product-quality-e1628191977703.jpg","contentUrl":"https:\/\/www.globalfilter.com\/wp-content\/uploads\/2019\/09\/hd_product-quality-e1628191977703.jpg"},{"@type":"BreadcrumbList","@id":"https:\/\/www.globalfilter.com\/de\/ressourcen\/produktqualitat\/#breadcrumb","itemListElement":[{"@type":"ListItem","position":1,"name":"home","item":"https:\/\/www.globalfilter.com\/de\/"},{"@type":"ListItem","position":2,"name":"Ressourcen","item":"https:\/\/www.globalfilter.com\/de\/ressourcen\/"},{"@type":"ListItem","position":3,"name":"Produktqualit\u00e4t"}]},{"@type":"WebSite","@id":"https:\/\/www.globalfilter.com\/de\/#website","url":"https:\/\/www.globalfilter.com\/de\/","name":"Global Filter","description":"Making the World Safer, Healthier and More Productive","publisher":{"@id":"https:\/\/www.globalfilter.com\/de\/#organization"},"potentialAction":[{"@type":"SearchAction","target":{"@type":"EntryPoint","urlTemplate":"https:\/\/www.globalfilter.com\/de\/?s={search_term_string}"},"query-input":{"@type":"PropertyValueSpecification","valueRequired":true,"valueName":"search_term_string"}}],"inLanguage":"de-DE"},{"@type":"Organization","@id":"https:\/\/www.globalfilter.com\/de\/#organization","name":"Global filter","url":"https:\/\/www.globalfilter.com\/de\/","logo":{"@type":"ImageObject","inLanguage":"de-DE","@id":"https:\/\/www.globalfilter.com\/de\/#\/schema\/logo\/image\/","url":"https:\/\/www.globalfilter.com\/wp-content\/uploads\/2019\/06\/FGC-logo-1.png","contentUrl":"https:\/\/www.globalfilter.com\/wp-content\/uploads\/2019\/06\/FGC-logo-1.png","width":1104,"height":224,"caption":"Global filter"},"image":{"@id":"https:\/\/www.globalfilter.com\/de\/#\/schema\/logo\/image\/"},"sameAs":["https:\/\/www.linkedin.com\/company\/global-filter-llc"]}]}},"_links":{"self":[{"href":"https:\/\/www.globalfilter.com\/de\/wp-json\/wp\/v2\/pages\/1508","targetHints":{"allow":["GET"]}}],"collection":[{"href":"https:\/\/www.globalfilter.com\/de\/wp-json\/wp\/v2\/pages"}],"about":[{"href":"https:\/\/www.globalfilter.com\/de\/wp-json\/wp\/v2\/types\/page"}],"author":[{"embeddable":true,"href":"https:\/\/www.globalfilter.com\/de\/wp-json\/wp\/v2\/users\/3"}],"replies":[{"embeddable":true,"href":"https:\/\/www.globalfilter.com\/de\/wp-json\/wp\/v2\/comments?post=1508"}],"version-history":[{"count":0,"href":"https:\/\/www.globalfilter.com\/de\/wp-json\/wp\/v2\/pages\/1508\/revisions"}],"up":[{"embeddable":true,"href":"https:\/\/www.globalfilter.com\/de\/wp-json\/wp\/v2\/pages\/1502"}],"wp:attachment":[{"href":"https:\/\/www.globalfilter.com\/de\/wp-json\/wp\/v2\/media?parent=1508"}],"curies":[{"name":"wp","href":"https:\/\/api.w.org\/{rel}","templated":true}]}}