{"id":1514,"date":"2020-02-03T18:15:31","date_gmt":"2020-02-03T18:15:31","guid":{"rendered":"https:\/\/www.globalfilter.com\/fuhrungsteam\/"},"modified":"2020-03-27T00:02:30","modified_gmt":"2020-03-27T00:02:30","slug":"leadership-team-overview-de","status":"publish","type":"page","link":"https:\/\/www.globalfilter.com\/de\/leadership-team-overview-de\/","title":{"rendered":"F\u00fchrungsteam"},"content":{"rendered":"\n<div class=\"wp-block-cover alignfull has-black-background-color has-background-dim full-width\" style=\"background-image:url(https:\/\/www.globalfilter.com\/wp-content\/uploads\/2019\/09\/hd_leadership.jpg);background-position:50.588235294117645% 57.23529591279871%\"><div class=\"wp-block-cover__inner-container is-layout-flow wp-block-cover-is-layout-flow\">\n<h1 class=\"has-text-align-center headline headline-rule wp-block-heading\">Unternehmensleitung<\/h1>\n<\/div><\/div>\n\n\n\n<div class=\"wp-block-cover alignfull has-light-gray-background-color has-background-dim\" style=\"background-image:url(https:\/\/www.globalfilter.com\/wp-content\/uploads\/2019\/09\/blank.png);min-height:50px;aspect-ratio:unset;\"><div class=\"wp-block-cover__inner-container is-layout-flow wp-block-cover-is-layout-flow\">\n<div class=\"wp-block-button aligncenter is-style-default\"><a class=\"wp-block-button__link has-text-color has-white-color has-background has-medium-gray-background-color\" href=\"https:\/\/www.globalfilter.com\/de\/kontaktieren-sie-uns\/?utm_source=Web&amp;utm_medium=LP\">Wenden Sie sich an einen Experten<\/a><\/div>\n<\/div><\/div>\n\n\n\n<h2 class=\"wp-block-heading\">Eine Unternehmenskultur, die auf Kundenorientierung basiert<\/h2>\n\n\n\n<p><em>Unser Engagement f\u00fcr \u00fcberragende Reinheit, Effizienz, Qualit\u00e4t und Service basiert auf unserem Ziel, die Erwartungen unserer Kunden zu \u00fcbertreffen. Unser Ziel, absolute Kundenzufriedenheit zu erreichen, zeigt sich in all unseren Aktivit\u00e4ten.<\/em><\/p>\n","protected":false},"excerpt":{"rendered":"<p>Eine Unternehmenskultur, die auf Kundenorientierung basiert Unser Engagement f\u00fcr \u00fcberragende Reinheit, Effizienz, Qualit\u00e4t und Service basiert auf unserem Ziel, die Erwartungen unserer Kunden zu \u00fcbertreffen. Unser Ziel, absolute Kundenzufriedenheit zu erreichen, zeigt sich in all unseren Aktivit\u00e4ten.<\/p>\n","protected":false},"author":4,"featured_media":0,"parent":0,"menu_order":0,"comment_status":"closed","ping_status":"closed","template":"","meta":{"_acf_changed":false,"content-type":"","footnotes":""},"class_list":["post-1514","page","type-page","status-publish","hentry"],"acf":[],"yoast_head":"<!-- This site is optimized with the Yoast SEO plugin v27.3 - https:\/\/yoast.com\/product\/yoast-seo-wordpress\/ -->\n<title>F\u00fchrungsteam - Global Filter<\/title>\n<meta name=\"robots\" content=\"index, follow, max-snippet:-1, max-image-preview:large, max-video-preview:-1\" \/>\n<link rel=\"canonical\" href=\"https:\/\/www.globalfilter.com\/de\/leadership-team-overview-de\/\" \/>\n<meta property=\"og:locale\" content=\"de_DE\" \/>\n<meta property=\"og:type\" content=\"article\" \/>\n<meta property=\"og:title\" content=\"F\u00fchrungsteam - Global Filter\" \/>\n<meta property=\"og:description\" content=\"Eine Unternehmenskultur, die auf Kundenorientierung basiert Unser Engagement f\u00fcr \u00fcberragende Reinheit, Effizienz, Qualit\u00e4t und Service basiert auf unserem Ziel, die Erwartungen unserer Kunden zu \u00fcbertreffen. Unser Ziel, absolute Kundenzufriedenheit zu erreichen, zeigt sich in all unseren Aktivit\u00e4ten.\" \/>\n<meta property=\"og:url\" content=\"https:\/\/www.globalfilter.com\/de\/leadership-team-overview-de\/\" \/>\n<meta property=\"og:site_name\" content=\"Global Filter\" \/>\n<meta property=\"article:modified_time\" content=\"2020-03-27T00:02:30+00:00\" \/>\n<meta name=\"twitter:card\" content=\"summary_large_image\" \/>\n<script type=\"application\/ld+json\" class=\"yoast-schema-graph\">{\"@context\":\"https:\\\/\\\/schema.org\",\"@graph\":[{\"@type\":\"WebPage\",\"@id\":\"https:\\\/\\\/www.globalfilter.com\\\/de\\\/leadership-team-overview-de\\\/\",\"url\":\"https:\\\/\\\/www.globalfilter.com\\\/de\\\/leadership-team-overview-de\\\/\",\"name\":\"F\u00fchrungsteam - Global Filter\",\"isPartOf\":{\"@id\":\"https:\\\/\\\/www.globalfilter.com\\\/de\\\/#website\"},\"datePublished\":\"2020-02-03T18:15:31+00:00\",\"dateModified\":\"2020-03-27T00:02:30+00:00\",\"breadcrumb\":{\"@id\":\"https:\\\/\\\/www.globalfilter.com\\\/de\\\/leadership-team-overview-de\\\/#breadcrumb\"},\"inLanguage\":\"de-DE\",\"potentialAction\":[{\"@type\":\"ReadAction\",\"target\":[\"https:\\\/\\\/www.globalfilter.com\\\/de\\\/leadership-team-overview-de\\\/\"]}]},{\"@type\":\"BreadcrumbList\",\"@id\":\"https:\\\/\\\/www.globalfilter.com\\\/de\\\/leadership-team-overview-de\\\/#breadcrumb\",\"itemListElement\":[{\"@type\":\"ListItem\",\"position\":1,\"name\":\"home\",\"item\":\"https:\\\/\\\/www.globalfilter.com\\\/de\\\/\"},{\"@type\":\"ListItem\",\"position\":2,\"name\":\"F\u00fchrungsteam\"}]},{\"@type\":\"WebSite\",\"@id\":\"https:\\\/\\\/www.globalfilter.com\\\/de\\\/#website\",\"url\":\"https:\\\/\\\/www.globalfilter.com\\\/de\\\/\",\"name\":\"Global Filter\",\"description\":\"Making the World Safer, Healthier and More Productive\",\"publisher\":{\"@id\":\"https:\\\/\\\/www.globalfilter.com\\\/de\\\/#organization\"},\"potentialAction\":[{\"@type\":\"SearchAction\",\"target\":{\"@type\":\"EntryPoint\",\"urlTemplate\":\"https:\\\/\\\/www.globalfilter.com\\\/de\\\/?s={search_term_string}\"},\"query-input\":{\"@type\":\"PropertyValueSpecification\",\"valueRequired\":true,\"valueName\":\"search_term_string\"}}],\"inLanguage\":\"de-DE\"},{\"@type\":\"Organization\",\"@id\":\"https:\\\/\\\/www.globalfilter.com\\\/de\\\/#organization\",\"name\":\"Global filter\",\"url\":\"https:\\\/\\\/www.globalfilter.com\\\/de\\\/\",\"logo\":{\"@type\":\"ImageObject\",\"inLanguage\":\"de-DE\",\"@id\":\"https:\\\/\\\/www.globalfilter.com\\\/de\\\/#\\\/schema\\\/logo\\\/image\\\/\",\"url\":\"https:\\\/\\\/www.globalfilter.com\\\/wp-content\\\/uploads\\\/2019\\\/06\\\/FGC-logo-1.png\",\"contentUrl\":\"https:\\\/\\\/www.globalfilter.com\\\/wp-content\\\/uploads\\\/2019\\\/06\\\/FGC-logo-1.png\",\"width\":1104,\"height\":224,\"caption\":\"Global filter\"},\"image\":{\"@id\":\"https:\\\/\\\/www.globalfilter.com\\\/de\\\/#\\\/schema\\\/logo\\\/image\\\/\"},\"sameAs\":[\"https:\\\/\\\/www.linkedin.com\\\/company\\\/global-filter-llc\"]}]}<\/script>\n<!-- \/ Yoast SEO plugin. -->","yoast_head_json":{"title":"F\u00fchrungsteam - Global Filter","robots":{"index":"index","follow":"follow","max-snippet":"max-snippet:-1","max-image-preview":"max-image-preview:large","max-video-preview":"max-video-preview:-1"},"canonical":"https:\/\/www.globalfilter.com\/de\/leadership-team-overview-de\/","og_locale":"de_DE","og_type":"article","og_title":"F\u00fchrungsteam - Global Filter","og_description":"Eine Unternehmenskultur, die auf Kundenorientierung basiert Unser Engagement f\u00fcr \u00fcberragende Reinheit, Effizienz, Qualit\u00e4t und Service basiert auf unserem Ziel, die Erwartungen unserer Kunden zu \u00fcbertreffen. Unser Ziel, absolute Kundenzufriedenheit zu erreichen, zeigt sich in all unseren Aktivit\u00e4ten.","og_url":"https:\/\/www.globalfilter.com\/de\/leadership-team-overview-de\/","og_site_name":"Global Filter","article_modified_time":"2020-03-27T00:02:30+00:00","twitter_card":"summary_large_image","schema":{"@context":"https:\/\/schema.org","@graph":[{"@type":"WebPage","@id":"https:\/\/www.globalfilter.com\/de\/leadership-team-overview-de\/","url":"https:\/\/www.globalfilter.com\/de\/leadership-team-overview-de\/","name":"F\u00fchrungsteam - Global Filter","isPartOf":{"@id":"https:\/\/www.globalfilter.com\/de\/#website"},"datePublished":"2020-02-03T18:15:31+00:00","dateModified":"2020-03-27T00:02:30+00:00","breadcrumb":{"@id":"https:\/\/www.globalfilter.com\/de\/leadership-team-overview-de\/#breadcrumb"},"inLanguage":"de-DE","potentialAction":[{"@type":"ReadAction","target":["https:\/\/www.globalfilter.com\/de\/leadership-team-overview-de\/"]}]},{"@type":"BreadcrumbList","@id":"https:\/\/www.globalfilter.com\/de\/leadership-team-overview-de\/#breadcrumb","itemListElement":[{"@type":"ListItem","position":1,"name":"home","item":"https:\/\/www.globalfilter.com\/de\/"},{"@type":"ListItem","position":2,"name":"F\u00fchrungsteam"}]},{"@type":"WebSite","@id":"https:\/\/www.globalfilter.com\/de\/#website","url":"https:\/\/www.globalfilter.com\/de\/","name":"Global Filter","description":"Making the World Safer, Healthier and More Productive","publisher":{"@id":"https:\/\/www.globalfilter.com\/de\/#organization"},"potentialAction":[{"@type":"SearchAction","target":{"@type":"EntryPoint","urlTemplate":"https:\/\/www.globalfilter.com\/de\/?s={search_term_string}"},"query-input":{"@type":"PropertyValueSpecification","valueRequired":true,"valueName":"search_term_string"}}],"inLanguage":"de-DE"},{"@type":"Organization","@id":"https:\/\/www.globalfilter.com\/de\/#organization","name":"Global filter","url":"https:\/\/www.globalfilter.com\/de\/","logo":{"@type":"ImageObject","inLanguage":"de-DE","@id":"https:\/\/www.globalfilter.com\/de\/#\/schema\/logo\/image\/","url":"https:\/\/www.globalfilter.com\/wp-content\/uploads\/2019\/06\/FGC-logo-1.png","contentUrl":"https:\/\/www.globalfilter.com\/wp-content\/uploads\/2019\/06\/FGC-logo-1.png","width":1104,"height":224,"caption":"Global filter"},"image":{"@id":"https:\/\/www.globalfilter.com\/de\/#\/schema\/logo\/image\/"},"sameAs":["https:\/\/www.linkedin.com\/company\/global-filter-llc"]}]}},"_links":{"self":[{"href":"https:\/\/www.globalfilter.com\/de\/wp-json\/wp\/v2\/pages\/1514","targetHints":{"allow":["GET"]}}],"collection":[{"href":"https:\/\/www.globalfilter.com\/de\/wp-json\/wp\/v2\/pages"}],"about":[{"href":"https:\/\/www.globalfilter.com\/de\/wp-json\/wp\/v2\/types\/page"}],"author":[{"embeddable":true,"href":"https:\/\/www.globalfilter.com\/de\/wp-json\/wp\/v2\/users\/4"}],"replies":[{"embeddable":true,"href":"https:\/\/www.globalfilter.com\/de\/wp-json\/wp\/v2\/comments?post=1514"}],"version-history":[{"count":0,"href":"https:\/\/www.globalfilter.com\/de\/wp-json\/wp\/v2\/pages\/1514\/revisions"}],"wp:attachment":[{"href":"https:\/\/www.globalfilter.com\/de\/wp-json\/wp\/v2\/media?parent=1514"}],"curies":[{"name":"wp","href":"https:\/\/api.w.org\/{rel}","templated":true}]}}