{"id":1515,"date":"2020-02-03T18:15:31","date_gmt":"2020-02-03T18:15:31","guid":{"rendered":"https:\/\/www.globalfilter.com\/produkte\/filterelemente-mit-hohem-durchsatz\/"},"modified":"2022-11-07T14:24:43","modified_gmt":"2022-11-07T14:24:43","slug":"filterelemente-mit-hohem-durchsatz","status":"publish","type":"page","link":"https:\/\/www.globalfilter.com\/de\/produkte\/filterelemente-mit-hohem-durchsatz\/","title":{"rendered":"Filterelemente mit hohem Durchsatz"},"content":{"rendered":"\n<div class=\"wp-block-cover alignfull has-blue-background-color has-background-dim\" style=\"min-height:200px;aspect-ratio:unset;\"><img decoding=\"async\" class=\"wp-block-cover__image-background wp-image-362\" alt=\"\" src=\"\/\/www.globalfilter.com\/wp-content\/uploads\/2021\/08\/Gen2-Web-Banner-origional.jpg\" data-object-fit=\"cover\" \/><div class=\"wp-block-cover__inner-container is-layout-flow wp-block-cover-is-layout-flow\">\n\n<h1 class=\"has-text-align-center wp-block-heading\" id=\"h-filterelemente-mit-hohem-durchsatz\">Filterelemente mit hohem Durchsatz<\/h1>\n\n<\/div><\/div>\n\n\n\n<!--Close-->\t\n<\/div><\/div><\/section>\n<!--Menu-->\n<div class=\"no-top-margin\">\n<div class=\"msb-sticky-bar\">\n<div class=\"container\">\n  <div class=\"row\">\n    <div class=\"col-sm text-center\">\n      <a href=\"https:\/\/www.globalfilter.com\/de\/kontaktieren-sie-uns\/\" class=\"btn btn-primary solution-trigger\">Fordern Sie ein Angebot an<\/a>\n    <\/div>\n  <\/div>\n<\/div>\n<\/div>\n<\/div>\n<!--Open-->\n<section class=\"container\"><div class=\"row\"><div class=\"col-md-12\">\n\n\n\n<p>Mehrschichtige, faserbasierte Medien bieten echte Tiefenbelastung f\u00fcr eine hocheffiziente Entfernung bei geringen Abscheideraten. Das plissierte Design mit gr\u00f6\u00dferem Durchmesser bietet eine extrem gro\u00dfe Oberfl\u00e4che und erm\u00f6glicht eine hervorragende Belastung bei hoher Durchflussrate pro Einzelfilterelement. Dies reduziert die Anzahl der erforderlichen Filterelemente und damit die Gesamtkosten.<\/p>\n\n\n\n<div class=\"wp-block-columns has-2-columns is-layout-flex wp-container-core-columns-is-layout-9d6595d7 wp-block-columns-is-layout-flex\">\n<div class=\"wp-block-column is-layout-flow wp-block-column-is-layout-flow\">\n<figure class=\"wp-block-image\"><img loading=\"lazy\" decoding=\"async\" width=\"728\" height=\"409\" src=\"https:\/\/www.globalfilter.com\/wp-content\/uploads\/2019\/09\/HFB-Series-High-Flow-Pleated-Cartridges.jpg\" alt=\"HFB-Serie plissierte Filterelemente mit hohem Durchfluss\" class=\"wp-image-567\" srcset=\"https:\/\/www.globalfilter.com\/wp-content\/uploads\/2019\/09\/HFB-Series-High-Flow-Pleated-Cartridges.jpg 728w, https:\/\/www.globalfilter.com\/wp-content\/uploads\/2019\/09\/HFB-Series-High-Flow-Pleated-Cartridges-300x169.jpg 300w\" sizes=\"auto, (max-width: 728px) 100vw, 728px\" \/><\/figure>\n\n\n\n<div class=\"wp-block-file aligncenter btn-file\"><a href=\"https:\/\/www.globalfilter.com\/wp-content\/uploads\/2021\/03\/HFB-high-flow-filterkerzen-D062B-DE-1.pdf\" class=\"wp-block-file__button\">Datenblatt herunterladen<\/a><\/div>\n<\/div>\n\n\n\n<div class=\"wp-block-column is-layout-flow wp-block-column-is-layout-flow\">\n<h1 class=\"wp-block-heading\" id=\"h-hfb-serie-plissiert-hoher-durchfluss\">HFB-Serie, plissiert, hoher Durchfluss<\/h1>\n\n\n\n<p>Plissierte Filterelemente der HFB-Serie mit hohem Durchfluss dichten in den meisten Standard-Beutelfiltergeh\u00e4usen ab. Diese Filterelemente bieten hohe Wirkungsgrade, Durchflussraten und Schmutzaufnahmekapazit\u00e4ten bei extrem niedrigen Anfangsdruckverlusten. Aufgrund des Durchflusses von innen nach au\u00dfen werden alle Verunreinigungen im Inneren des Elements aufgefangen, um eine m\u00f6gliche Verunreinigung des gefilterten Produkts beim Auswechseln zu vermeiden. Die HFB-Serie verwendet Medien aus Polypropylen oder Mikroglasfasern sowie Polypropylen-Hardware und bietet eine breite chemische Best\u00e4ndigkeit. Mit bis zu 48,5&nbsp;ft<sup>2<\/sup> (4,5 m\u00b2) an Medium bietet die HFB-Serie einen au\u00dfergew\u00f6hnlichen Wert.<\/p>\n\n\n\n<h3 class=\"wp-block-heading\" id=\"h-ma-e\">Ma\u00dfe<\/h3>\n\n\n\n<p>L\u00e4nge: 12 Zoll (Gr\u00f6\u00dfe 1) <br> 24 Zoll (Gr\u00f6\u00dfe 2)<\/p>\n\n\n\n<p>Au\u00dfendurchmesser: 7,06 Zoll (Flansch) \/ 6 Zoll (Filterelement)<\/p>\n\n\n\n<h3 class=\"wp-block-heading\" id=\"h-typische-anwendung\">Typische Anwendung<\/h3>\n\n\n\n<ul class=\"wp-block-list\"><li>Prozesswasser<\/li><li>Entionisiertes Wasser<\/li><li>RO-Membran-Vorfiltration<\/li><li>Lebensmittel und Getr\u00e4nke<\/li><li>Kosmetika<\/li><li>Feinchemikalien<\/li><li>Produziertes Wasser<\/li><li>Abwasser<\/li><li>Amine<\/li><\/ul>\n<\/div>\n<\/div>\n\n\n\n<hr class=\"wp-block-separator has-css-opacity is-style-wide\" \/>\n\n\n\n<div class=\"wp-block-columns has-2-columns is-layout-flex wp-container-core-columns-is-layout-9d6595d7 wp-block-columns-is-layout-flex\">\n<div class=\"wp-block-column is-layout-flow wp-block-column-is-layout-flow\">\n<figure class=\"wp-block-image\"><img loading=\"lazy\" decoding=\"async\" width=\"435\" height=\"245\" src=\"https:\/\/www.globalfilter.com\/wp-content\/uploads\/2019\/09\/EHF3-Series-High-Flow-Cartridges.jpg\" alt=\"EHF3-Serie Filterelemente mit hohem Durchfluss\" class=\"wp-image-563\" srcset=\"https:\/\/www.globalfilter.com\/wp-content\/uploads\/2019\/09\/EHF3-Series-High-Flow-Cartridges.jpg 435w, https:\/\/www.globalfilter.com\/wp-content\/uploads\/2019\/09\/EHF3-Series-High-Flow-Cartridges-300x169.jpg 300w\" sizes=\"auto, (max-width: 435px) 100vw, 435px\" \/><\/figure>\n\n\n\n<div class=\"wp-block-file aligncenter btn-file\"><a href=\"https:\/\/www.globalfilter.com\/wp-content\/uploads\/2022\/02\/2021-high-flow-filterkerzen-EHF3.pdf\" class=\"wp-block-file__button\">Datenblatt herunterladen<\/a><\/div>\n<\/div>\n\n\n\n<div class=\"wp-block-column is-layout-flow wp-block-column-is-layout-flow\">\n<h1 class=\"wp-block-heading\" id=\"h-ehf3-serie-plissiert-hoher-durchfluss\">EHF3-Serie, plissiert, hoher Durchfluss<\/h1>\n\n\n\n<p>Die plissierten Filterelemente der EHF3-Serie f\u00fcr hohen Durchfluss wurden entwickelt, um den Filtrationsbedarf in kritischen Anwendungen mit hohem Durchfluss zu decken. Filter mit gro\u00dfem Durchmesser und gro\u00dfer Oberfl\u00e4che reduzieren Wartungs- und Produktionsausfallzeiten erheblich. Die EHF3-Patronen sind ein direkter Ersatz f\u00fcr die Patronen der High Flow-Serien von 3M\/Cuno\u2122. Die Patronen der EHF3-Serie sind sowohl mit Polypropylen- als auch mit Mikroglasfasermedien in einer Vielzahl von Abscheideraten erh\u00e4ltlich. Dieser Filter verwendet Polypropylen-Hardware f\u00fcr ein robustes Design. Sowohl das Polypropylen- als auch das Mikroglasfasermedium bieten eine breite chemische Vertr\u00e4glichkeit. Die Filtrationseffizienz \u00fcbersteigt 99&nbsp;%.<\/p>\n\n\n\n<h3 class=\"wp-block-heading\" id=\"h-ma-e-1\">Ma\u00dfe<\/h3>\n\n\n\n<p>L\u00e4nge: 40 und 60 Zoll<\/p>\n\n\n\n<p>Au\u00dfendurchmesser:&nbsp;6,5 Zoll<\/p>\n\n\n\n<p>Innendurchmesser:&nbsp;3,0 Zoll<\/p>\n<\/div>\n<\/div>\n\n\n\n<hr class=\"wp-block-separator has-css-opacity is-style-wide\" \/>\n\n\n\n<div class=\"wp-block-columns has-2-columns is-layout-flex wp-container-core-columns-is-layout-9d6595d7 wp-block-columns-is-layout-flex\">\n<div class=\"wp-block-column is-layout-flow wp-block-column-is-layout-flow\">\n<figure class=\"wp-block-image\"><img loading=\"lazy\" decoding=\"async\" width=\"1024\" height=\"576\" src=\"https:\/\/www.globalfilter.com\/wp-content\/uploads\/2019\/09\/HF-Series-High-Flow-Cartridges-1024x576.jpg\" alt=\"HF-Serie Filterelemente mit hohem Durchfluss\" class=\"wp-image-565\" srcset=\"https:\/\/www.globalfilter.com\/wp-content\/uploads\/2019\/09\/HF-Series-High-Flow-Cartridges-1024x576.jpg 1024w, https:\/\/www.globalfilter.com\/wp-content\/uploads\/2019\/09\/HF-Series-High-Flow-Cartridges-300x169.jpg 300w, https:\/\/www.globalfilter.com\/wp-content\/uploads\/2019\/09\/HF-Series-High-Flow-Cartridges-768x432.jpg 768w, https:\/\/www.globalfilter.com\/wp-content\/uploads\/2019\/09\/HF-Series-High-Flow-Cartridges.jpg 1920w\" sizes=\"auto, (max-width: 1024px) 100vw, 1024px\" \/><\/figure>\n\n\n\n<div class=\"wp-block-file aligncenter btn-file\"><a href=\"https:\/\/www.globalfilter.com\/wp-content\/uploads\/2021\/03\/HF-HF3-Serie-plissiert-hoher-Durchfluss-DS-2021.pdf\" class=\"wp-block-file__button\">Datenblatt herunterladen<\/a><\/div>\n<\/div>\n\n\n\n<div class=\"wp-block-column is-layout-flow wp-block-column-is-layout-flow\">\n<h1 class=\"wp-block-heading\" id=\"h-hf-hf3-serie-plissiert-hoher-durchfluss\">HF-\/HF3-Serie, plissiert, hoher Durchfluss<\/h1>\n\n\n\n<p>Die Filterelemente f\u00fcr hohen Durchfluss aus Polypropylen und Mikroglasfaser der HF-Serie erf\u00fcllen Ihre Anforderungen an Filterelemente mit absoluten Abscheideraten f\u00fcr Anwendungen mit hohem Durchfluss. Patronen der HF-Serie sind als direkter Ersatz f\u00fcr die Filterelemente Pall\u00ae Ultipleat\u00ae High Flow- und 3M 740\u2122 konzipiert. Die Filtrationseffizienz \u00fcbersteigt 99&nbsp;%.<\/p>\n\n\n\n<h3 class=\"wp-block-heading\" id=\"h-konstruktionsmaterialien\">Konstruktionsmaterialien<\/h3>\n\n\n\n<ul class=\"wp-block-list\"><li>Filtermedien \u2013 Polypropylen oder Mikrofaserglas<\/li><li>Tr\u00e4germedium \u2013 Polypropylen<\/li><li>Endkappen \u2013 Polypropylen<\/li><li>Innerer Kern \u2013 Polypropylen<\/li><li>\u00c4u\u00dferer St\u00fctzk\u00e4fig \u2013 Polypropylen<\/li><li>O-Ringe\/Dichtungen \u2013 Buna, EPDM, Viton, Silikon,<\/li><\/ul>\n\n\n\n<h3 class=\"wp-block-heading\" id=\"h-ma-e-2\">Ma\u00dfe<\/h3>\n\n\n\n<p>L\u00e4nge:<\/p>\n\n\n\n<ul class=\"wp-block-list\"><li>HF \u2013 20, 40, 60 Zoll<\/li><li>HF3 \u2013 39 Zoll<\/li><\/ul>\n\n\n\n<p>Au\u00dfendurchmesser:<\/p>\n\n\n\n<ul class=\"wp-block-list\"><li>6,25 Zoll<\/li><\/ul>\n<\/div>\n<\/div>\n","protected":false},"excerpt":{"rendered":"<p>Fordern Sie ein Angebot an Mehrschichtige, faserbasierte Medien bieten echte Tiefenbelastung f\u00fcr eine hocheffiziente Entfernung bei geringen Abscheideraten. Das plissierte Design mit gr\u00f6\u00dferem Durchmesser bietet eine extrem gro\u00dfe Oberfl\u00e4che und erm\u00f6glicht eine hervorragende Belastung bei hoher Durchflussrate pro Einzelfilterelement. Dies reduziert die Anzahl der erforderlichen Filterelemente und damit die Gesamtkosten. Datenblatt herunterladen HFB-Serie, plissiert, hoher [&hellip;]<\/p>\n","protected":false},"author":3,"featured_media":0,"parent":1504,"menu_order":0,"comment_status":"closed","ping_status":"closed","template":"","meta":{"_acf_changed":false,"content-type":"","footnotes":""},"class_list":["post-1515","page","type-page","status-publish","hentry"],"acf":[],"yoast_head":"<!-- This site is optimized with the Yoast SEO plugin v27.3 - https:\/\/yoast.com\/product\/yoast-seo-wordpress\/ -->\n<title>Filterelemente mit hohem Durchsatz - Global Filter<\/title>\n<meta name=\"robots\" content=\"index, follow, max-snippet:-1, max-image-preview:large, max-video-preview:-1\" \/>\n<link rel=\"canonical\" href=\"https:\/\/www.globalfilter.com\/de\/produkte\/filterelemente-mit-hohem-durchsatz\/\" \/>\n<meta property=\"og:locale\" content=\"de_DE\" \/>\n<meta property=\"og:type\" content=\"article\" \/>\n<meta property=\"og:title\" content=\"Filterelemente mit hohem Durchsatz - Global Filter\" \/>\n<meta property=\"og:description\" content=\"Fordern Sie ein Angebot an Mehrschichtige, faserbasierte Medien bieten echte Tiefenbelastung f\u00fcr eine hocheffiziente Entfernung bei geringen Abscheideraten. Das plissierte Design mit gr\u00f6\u00dferem Durchmesser bietet eine extrem gro\u00dfe Oberfl\u00e4che und erm\u00f6glicht eine hervorragende Belastung bei hoher Durchflussrate pro Einzelfilterelement. Dies reduziert die Anzahl der erforderlichen Filterelemente und damit die Gesamtkosten. Datenblatt herunterladen HFB-Serie, plissiert, hoher [&hellip;]\" \/>\n<meta property=\"og:url\" content=\"https:\/\/www.globalfilter.com\/de\/produkte\/filterelemente-mit-hohem-durchsatz\/\" \/>\n<meta property=\"og:site_name\" content=\"Global Filter\" \/>\n<meta property=\"article:modified_time\" content=\"2022-11-07T14:24:43+00:00\" \/>\n<meta property=\"og:image\" content=\"https:\/\/www.globalfilter.com\/wp-content\/uploads\/2019\/09\/HFB-Series-High-Flow-Pleated-Cartridges.jpg\" \/>\n<meta name=\"twitter:card\" content=\"summary_large_image\" \/>\n<meta name=\"twitter:label1\" content=\"Gesch\u00e4tzte Lesezeit\" \/>\n\t<meta name=\"twitter:data1\" content=\"3 Minuten\" \/>\n<script type=\"application\/ld+json\" class=\"yoast-schema-graph\">{\"@context\":\"https:\\\/\\\/schema.org\",\"@graph\":[{\"@type\":\"WebPage\",\"@id\":\"https:\\\/\\\/www.globalfilter.com\\\/de\\\/produkte\\\/filterelemente-mit-hohem-durchsatz\\\/\",\"url\":\"https:\\\/\\\/www.globalfilter.com\\\/de\\\/produkte\\\/filterelemente-mit-hohem-durchsatz\\\/\",\"name\":\"Filterelemente mit hohem Durchsatz - Global Filter\",\"isPartOf\":{\"@id\":\"https:\\\/\\\/www.globalfilter.com\\\/de\\\/#website\"},\"primaryImageOfPage\":{\"@id\":\"https:\\\/\\\/www.globalfilter.com\\\/de\\\/produkte\\\/filterelemente-mit-hohem-durchsatz\\\/#primaryimage\"},\"image\":{\"@id\":\"https:\\\/\\\/www.globalfilter.com\\\/de\\\/produkte\\\/filterelemente-mit-hohem-durchsatz\\\/#primaryimage\"},\"thumbnailUrl\":\"https:\\\/\\\/www.globalfilter.com\\\/wp-content\\\/uploads\\\/2019\\\/09\\\/HFB-Series-High-Flow-Pleated-Cartridges.jpg\",\"datePublished\":\"2020-02-03T18:15:31+00:00\",\"dateModified\":\"2022-11-07T14:24:43+00:00\",\"breadcrumb\":{\"@id\":\"https:\\\/\\\/www.globalfilter.com\\\/de\\\/produkte\\\/filterelemente-mit-hohem-durchsatz\\\/#breadcrumb\"},\"inLanguage\":\"de-DE\",\"potentialAction\":[{\"@type\":\"ReadAction\",\"target\":[\"https:\\\/\\\/www.globalfilter.com\\\/de\\\/produkte\\\/filterelemente-mit-hohem-durchsatz\\\/\"]}]},{\"@type\":\"ImageObject\",\"inLanguage\":\"de-DE\",\"@id\":\"https:\\\/\\\/www.globalfilter.com\\\/de\\\/produkte\\\/filterelemente-mit-hohem-durchsatz\\\/#primaryimage\",\"url\":\"https:\\\/\\\/www.globalfilter.com\\\/wp-content\\\/uploads\\\/2019\\\/09\\\/HFB-Series-High-Flow-Pleated-Cartridges.jpg\",\"contentUrl\":\"https:\\\/\\\/www.globalfilter.com\\\/wp-content\\\/uploads\\\/2019\\\/09\\\/HFB-Series-High-Flow-Pleated-Cartridges.jpg\"},{\"@type\":\"BreadcrumbList\",\"@id\":\"https:\\\/\\\/www.globalfilter.com\\\/de\\\/produkte\\\/filterelemente-mit-hohem-durchsatz\\\/#breadcrumb\",\"itemListElement\":[{\"@type\":\"ListItem\",\"position\":1,\"name\":\"home\",\"item\":\"https:\\\/\\\/www.globalfilter.com\\\/de\\\/\"},{\"@type\":\"ListItem\",\"position\":2,\"name\":\"Produkte\",\"item\":\"https:\\\/\\\/www.globalfilter.com\\\/de\\\/produkte\\\/\"},{\"@type\":\"ListItem\",\"position\":3,\"name\":\"Hohem Durschsatz\"}]},{\"@type\":\"WebSite\",\"@id\":\"https:\\\/\\\/www.globalfilter.com\\\/de\\\/#website\",\"url\":\"https:\\\/\\\/www.globalfilter.com\\\/de\\\/\",\"name\":\"Global Filter\",\"description\":\"Making the World Safer, Healthier and More Productive\",\"publisher\":{\"@id\":\"https:\\\/\\\/www.globalfilter.com\\\/de\\\/#organization\"},\"potentialAction\":[{\"@type\":\"SearchAction\",\"target\":{\"@type\":\"EntryPoint\",\"urlTemplate\":\"https:\\\/\\\/www.globalfilter.com\\\/de\\\/?s={search_term_string}\"},\"query-input\":{\"@type\":\"PropertyValueSpecification\",\"valueRequired\":true,\"valueName\":\"search_term_string\"}}],\"inLanguage\":\"de-DE\"},{\"@type\":\"Organization\",\"@id\":\"https:\\\/\\\/www.globalfilter.com\\\/de\\\/#organization\",\"name\":\"Global filter\",\"url\":\"https:\\\/\\\/www.globalfilter.com\\\/de\\\/\",\"logo\":{\"@type\":\"ImageObject\",\"inLanguage\":\"de-DE\",\"@id\":\"https:\\\/\\\/www.globalfilter.com\\\/de\\\/#\\\/schema\\\/logo\\\/image\\\/\",\"url\":\"https:\\\/\\\/www.globalfilter.com\\\/wp-content\\\/uploads\\\/2019\\\/06\\\/FGC-logo-1.png\",\"contentUrl\":\"https:\\\/\\\/www.globalfilter.com\\\/wp-content\\\/uploads\\\/2019\\\/06\\\/FGC-logo-1.png\",\"width\":1104,\"height\":224,\"caption\":\"Global filter\"},\"image\":{\"@id\":\"https:\\\/\\\/www.globalfilter.com\\\/de\\\/#\\\/schema\\\/logo\\\/image\\\/\"},\"sameAs\":[\"https:\\\/\\\/www.linkedin.com\\\/company\\\/global-filter-llc\"]}]}<\/script>\n<!-- \/ Yoast SEO plugin. -->","yoast_head_json":{"title":"Filterelemente mit hohem Durchsatz - Global Filter","robots":{"index":"index","follow":"follow","max-snippet":"max-snippet:-1","max-image-preview":"max-image-preview:large","max-video-preview":"max-video-preview:-1"},"canonical":"https:\/\/www.globalfilter.com\/de\/produkte\/filterelemente-mit-hohem-durchsatz\/","og_locale":"de_DE","og_type":"article","og_title":"Filterelemente mit hohem Durchsatz - Global Filter","og_description":"Fordern Sie ein Angebot an Mehrschichtige, faserbasierte Medien bieten echte Tiefenbelastung f\u00fcr eine hocheffiziente Entfernung bei geringen Abscheideraten. Das plissierte Design mit gr\u00f6\u00dferem Durchmesser bietet eine extrem gro\u00dfe Oberfl\u00e4che und erm\u00f6glicht eine hervorragende Belastung bei hoher Durchflussrate pro Einzelfilterelement. Dies reduziert die Anzahl der erforderlichen Filterelemente und damit die Gesamtkosten. Datenblatt herunterladen HFB-Serie, plissiert, hoher [&hellip;]","og_url":"https:\/\/www.globalfilter.com\/de\/produkte\/filterelemente-mit-hohem-durchsatz\/","og_site_name":"Global Filter","article_modified_time":"2022-11-07T14:24:43+00:00","og_image":[{"url":"https:\/\/www.globalfilter.com\/wp-content\/uploads\/2019\/09\/HFB-Series-High-Flow-Pleated-Cartridges.jpg","type":"","width":"","height":""}],"twitter_card":"summary_large_image","twitter_misc":{"Gesch\u00e4tzte Lesezeit":"3 Minuten"},"schema":{"@context":"https:\/\/schema.org","@graph":[{"@type":"WebPage","@id":"https:\/\/www.globalfilter.com\/de\/produkte\/filterelemente-mit-hohem-durchsatz\/","url":"https:\/\/www.globalfilter.com\/de\/produkte\/filterelemente-mit-hohem-durchsatz\/","name":"Filterelemente mit hohem Durchsatz - Global Filter","isPartOf":{"@id":"https:\/\/www.globalfilter.com\/de\/#website"},"primaryImageOfPage":{"@id":"https:\/\/www.globalfilter.com\/de\/produkte\/filterelemente-mit-hohem-durchsatz\/#primaryimage"},"image":{"@id":"https:\/\/www.globalfilter.com\/de\/produkte\/filterelemente-mit-hohem-durchsatz\/#primaryimage"},"thumbnailUrl":"https:\/\/www.globalfilter.com\/wp-content\/uploads\/2019\/09\/HFB-Series-High-Flow-Pleated-Cartridges.jpg","datePublished":"2020-02-03T18:15:31+00:00","dateModified":"2022-11-07T14:24:43+00:00","breadcrumb":{"@id":"https:\/\/www.globalfilter.com\/de\/produkte\/filterelemente-mit-hohem-durchsatz\/#breadcrumb"},"inLanguage":"de-DE","potentialAction":[{"@type":"ReadAction","target":["https:\/\/www.globalfilter.com\/de\/produkte\/filterelemente-mit-hohem-durchsatz\/"]}]},{"@type":"ImageObject","inLanguage":"de-DE","@id":"https:\/\/www.globalfilter.com\/de\/produkte\/filterelemente-mit-hohem-durchsatz\/#primaryimage","url":"https:\/\/www.globalfilter.com\/wp-content\/uploads\/2019\/09\/HFB-Series-High-Flow-Pleated-Cartridges.jpg","contentUrl":"https:\/\/www.globalfilter.com\/wp-content\/uploads\/2019\/09\/HFB-Series-High-Flow-Pleated-Cartridges.jpg"},{"@type":"BreadcrumbList","@id":"https:\/\/www.globalfilter.com\/de\/produkte\/filterelemente-mit-hohem-durchsatz\/#breadcrumb","itemListElement":[{"@type":"ListItem","position":1,"name":"home","item":"https:\/\/www.globalfilter.com\/de\/"},{"@type":"ListItem","position":2,"name":"Produkte","item":"https:\/\/www.globalfilter.com\/de\/produkte\/"},{"@type":"ListItem","position":3,"name":"Hohem Durschsatz"}]},{"@type":"WebSite","@id":"https:\/\/www.globalfilter.com\/de\/#website","url":"https:\/\/www.globalfilter.com\/de\/","name":"Global Filter","description":"Making the World Safer, Healthier and More Productive","publisher":{"@id":"https:\/\/www.globalfilter.com\/de\/#organization"},"potentialAction":[{"@type":"SearchAction","target":{"@type":"EntryPoint","urlTemplate":"https:\/\/www.globalfilter.com\/de\/?s={search_term_string}"},"query-input":{"@type":"PropertyValueSpecification","valueRequired":true,"valueName":"search_term_string"}}],"inLanguage":"de-DE"},{"@type":"Organization","@id":"https:\/\/www.globalfilter.com\/de\/#organization","name":"Global filter","url":"https:\/\/www.globalfilter.com\/de\/","logo":{"@type":"ImageObject","inLanguage":"de-DE","@id":"https:\/\/www.globalfilter.com\/de\/#\/schema\/logo\/image\/","url":"https:\/\/www.globalfilter.com\/wp-content\/uploads\/2019\/06\/FGC-logo-1.png","contentUrl":"https:\/\/www.globalfilter.com\/wp-content\/uploads\/2019\/06\/FGC-logo-1.png","width":1104,"height":224,"caption":"Global filter"},"image":{"@id":"https:\/\/www.globalfilter.com\/de\/#\/schema\/logo\/image\/"},"sameAs":["https:\/\/www.linkedin.com\/company\/global-filter-llc"]}]}},"_links":{"self":[{"href":"https:\/\/www.globalfilter.com\/de\/wp-json\/wp\/v2\/pages\/1515","targetHints":{"allow":["GET"]}}],"collection":[{"href":"https:\/\/www.globalfilter.com\/de\/wp-json\/wp\/v2\/pages"}],"about":[{"href":"https:\/\/www.globalfilter.com\/de\/wp-json\/wp\/v2\/types\/page"}],"author":[{"embeddable":true,"href":"https:\/\/www.globalfilter.com\/de\/wp-json\/wp\/v2\/users\/3"}],"replies":[{"embeddable":true,"href":"https:\/\/www.globalfilter.com\/de\/wp-json\/wp\/v2\/comments?post=1515"}],"version-history":[{"count":0,"href":"https:\/\/www.globalfilter.com\/de\/wp-json\/wp\/v2\/pages\/1515\/revisions"}],"up":[{"embeddable":true,"href":"https:\/\/www.globalfilter.com\/de\/wp-json\/wp\/v2\/pages\/1504"}],"wp:attachment":[{"href":"https:\/\/www.globalfilter.com\/de\/wp-json\/wp\/v2\/media?parent=1515"}],"curies":[{"name":"wp","href":"https:\/\/api.w.org\/{rel}","templated":true}]}}