{"id":1516,"date":"2020-02-03T18:15:31","date_gmt":"2020-02-03T18:15:31","guid":{"rendered":"https:\/\/www.globalfilter.com\/branchen\/wasseraufbereitung\/"},"modified":"2022-09-29T08:23:50","modified_gmt":"2022-09-29T08:23:50","slug":"wasseraufbereitung","status":"publish","type":"page","link":"https:\/\/www.globalfilter.com\/de\/branchen\/wasseraufbereitung\/","title":{"rendered":"Wasseraufbereitung"},"content":{"rendered":"\n<div class=\"wp-block-cover alignfull has-background-dim\" style=\"min-height:173px;aspect-ratio:unset;\"><img loading=\"lazy\" decoding=\"async\" width=\"1920\" height=\"1080\" class=\"wp-block-cover__image-background wp-image-390\" alt=\"\" src=\"https:\/\/www.globalfilter.com\/wp-content\/uploads\/2019\/09\/water-treatment.jpg\" data-object-fit=\"cover\" srcset=\"https:\/\/www.globalfilter.com\/wp-content\/uploads\/2019\/09\/water-treatment.jpg 1920w, https:\/\/www.globalfilter.com\/wp-content\/uploads\/2019\/09\/water-treatment-300x169.jpg 300w, https:\/\/www.globalfilter.com\/wp-content\/uploads\/2019\/09\/water-treatment-768x432.jpg 768w, https:\/\/www.globalfilter.com\/wp-content\/uploads\/2019\/09\/water-treatment-1024x576.jpg 1024w\" sizes=\"auto, (max-width: 1920px) 100vw, 1920px\" \/><div class=\"wp-block-cover__inner-container is-layout-flow wp-block-cover-is-layout-flow\">\n\n<h1 class=\"has-text-align-center wp-block-heading\" id=\"h-wasseraufbereitung\">Wasseraufbereitung<\/h1>\n\n<\/div><\/div>\n\n\n\n<!--Close-->\t\n<\/div><\/div><\/section>\n<!--Menu-->\n<div class=\"no-top-margin\">\n<div class=\"msb-sticky-bar\">\n<div class=\"container\">\n  <div class=\"row\">\n    <div class=\"col-sm text-center\">\n      <a href=\"https:\/\/www.globalfilter.com\/de\/kontaktieren-sie-uns\/\" class=\"btn btn-primary solution-trigger\">WENDEN SIE SICH AN EINEN EXPERTEN<\/a>\n    <\/div>\n  <\/div>\n<\/div>\n<\/div>\n<\/div>\n<!--Open-->\n<section class=\"container\"><div class=\"row\"><div class=\"col-md-12\">\n\n\n\n<h2 class=\"wp-block-heading\" id=\"h-global-filter-liefertl-sungenf-r-die-reinstwasserfiltration\"><strong>Global Filter liefertL\u00f6sungenf\u00fcr die Reinstwasserfiltration<\/strong><\/h2>\n\n\n\n<figure class=\"wp-block-image size-large\"><img loading=\"lazy\" decoding=\"async\" width=\"1024\" height=\"418\" src=\"https:\/\/www.globalfilter.com\/wp-content\/uploads\/2022\/09\/ultra-pure-process-DE-1024x418.png\" alt=\"ultra pure water process\" class=\"wp-image-10462\" srcset=\"https:\/\/www.globalfilter.com\/wp-content\/uploads\/2022\/09\/ultra-pure-process-DE-1024x418.png 1024w, https:\/\/www.globalfilter.com\/wp-content\/uploads\/2022\/09\/ultra-pure-process-DE-300x122.png 300w, https:\/\/www.globalfilter.com\/wp-content\/uploads\/2022\/09\/ultra-pure-process-DE-768x313.png 768w, https:\/\/www.globalfilter.com\/wp-content\/uploads\/2022\/09\/ultra-pure-process-DE-1536x626.png 1536w, https:\/\/www.globalfilter.com\/wp-content\/uploads\/2022\/09\/ultra-pure-process-DE.png 1552w\" sizes=\"auto, (max-width: 1024px) 100vw, 1024px\" \/><figcaption>Typische Wasseraufbereitung Process<\/figcaption><\/figure>\n\n\n\n<p><strong>Schritt 1,2,3<\/strong>: Der Schutz der Aktivkohle, der Entionisierungs-tanks und der Umkehrosmose- oder Ionenaustauscheinheiten (IEU) ist entscheidend. Oberfl\u00e4chen- oder Grundwasser wird in der Regel vor der Filtration mit einem Filter behandelt und enth\u00e4rtet, der Partikel mit einer Gr\u00f6\u00dfe von mehr als 10 \u00b5m entfernt, anschlie\u00dfend wird mit 1 &#8211; 5 \u00b5m filtriert, um die nachgeschaltete Installationen zu sch\u00fctzen.<\/p>\n\n\n\n<p><\/p>\n\n\n\n<p><strong>Schritt 4<\/strong>: Die Entl\u00fcftungsfilter f\u00fcr Lager- und F\u00fclltanks lassen bakterien- und partikelfreie Luft w\u00e4hrend des Bef\u00fcllens und Entleerens passieren und sch\u00fctzen den Lagertank und seinen Inhalt vor Verunreinigungen. Dieser Filter hat in der Regel eine Filterfeinheit von 0,2 \u00b5m und ist hydrophob sowie bakterienhemmend, was das Eindringen von feuchten Luftverunreinigungen in den Tank verhindert.<\/p>\n\n\n\n<p><\/p>\n\n\n\n<p><strong>Schritt 5<\/strong>: Entfernt feine Partikel und organische Schweb-stoffe und dient als Vorfilter f\u00fcr das RO- und Deionisierungs-system. Wenn das Wasser mit einer IEU behandelt wird, kann ein 5 \u00b5m Filter zwischen der IEU und dem Wasserspeicher installiert werden, um zu verhindern, dass Auswaschungen in das Wasser gelangen.<\/p>\n\n\n\n<p><\/p>\n\n\n\n<p><strong>Schritt 6&amp;7<\/strong>: Reduziert und entfernt praktisch alle Mikroorganismen und Verunreinigungen bis zu 0,2 \u00b5m als Endfiltration f\u00fcr hochreine Anwendungen und zur weiteren Aufbereitung in nachgeschalteten Reinstwassersystemen.<\/p>\n\n\n\n<h2 class=\"wp-block-heading\" id=\"h-wir-liefern-qualitativ-hochwertige-produkte-immer\">Wir liefern qualitativ hochwertige Produkte, immer.<\/h2>\n\n\n\n<p>Wasser ist ein wichtiger Bestandteil unseres Alltags, sei es das Wasser, das wir trinken, oder in den Produkten, die wir konsumieren und verwenden. Unser Team wei\u00df um die Bedeutung und die Auswirkungen, die Wasser haben kann, und um die Feinheiten seiner Herstellung. Egal, ob Sie Partikelfilter, Systemvorfilter, Tankentl\u00fcftungsfilter oder Filter zur Bakterienbek\u00e4mpfung ben\u00f6tigen. Global Filter hat eine L\u00f6sung f\u00fcr Ihren Prozess. Unser Team von Filtrationsexperten ist daf\u00fcr da, um mit Ihnen zusammenzuarbeiten und sicherzustellen, dass Sie die h\u00f6chste Prozesseffizienz erreichen und gleichzeitig die Vorschriften und Standards der Branche einhalten.<\/p>\n\n\n\n<h3 class=\"wp-block-heading\" id=\"h-anwendungen\"><strong>Anwendungen:&nbsp;&nbsp; &nbsp;<\/strong><\/h3>\n\n\n\n<ul class=\"wp-block-list\"><li>Prozesswasser&nbsp;<\/li><li>RO-Vorfiltration<\/li><li>Reinstwasser<\/li><li>St\u00e4dtisches Trinkwasser&nbsp;<\/li><li>Produziertes Wasser<\/li><li>Injektionswasser<\/li><\/ul>\n\n\n\n<div class=\"wp-block-buttons is-content-justification-center is-layout-flex wp-container-core-buttons-is-layout-16018d1d wp-block-buttons-is-layout-flex\">\n<div class=\"wp-block-button\"><a class=\"wp-block-button__link has-green-background-color has-background\" href=\"https:\/\/www.globalfilter.com\/de\/kontaktieren-sie-uns\/\">Kontaktieren Sie Uns!<\/a><\/div>\n<\/div>\n","protected":false},"excerpt":{"rendered":"<p>WENDEN SIE SICH AN EINEN EXPERTEN Global Filter liefertL\u00f6sungenf\u00fcr die Reinstwasserfiltration Schritt 1,2,3: Der Schutz der Aktivkohle, der Entionisierungs-tanks und der Umkehrosmose- oder Ionenaustauscheinheiten (IEU) ist entscheidend. Oberfl\u00e4chen- oder Grundwasser wird in der Regel vor der Filtration mit einem Filter behandelt und enth\u00e4rtet, der Partikel mit einer Gr\u00f6\u00dfe von mehr als 10 \u00b5m entfernt, anschlie\u00dfend [&hellip;]<\/p>\n","protected":false},"author":4,"featured_media":0,"parent":1510,"menu_order":0,"comment_status":"closed","ping_status":"closed","template":"","meta":{"_acf_changed":false,"content-type":"","footnotes":""},"class_list":["post-1516","page","type-page","status-publish","hentry"],"acf":[],"yoast_head":"<!-- This site is optimized with the Yoast SEO plugin v27.3 - https:\/\/yoast.com\/product\/yoast-seo-wordpress\/ -->\n<title>Wasseraufbereitung - Global Filter<\/title>\n<meta name=\"description\" content=\"Wasseraufbereitung. Wasser ist ein wichtiger Bestandteil unseres Alltags, sei es das Wasser, das wir trinken, oder in den Produkten, die wir konsumieren und verwenden. Wasseraufbereitung Reinstwasserfiltration\" \/>\n<meta name=\"robots\" content=\"index, follow, max-snippet:-1, max-image-preview:large, max-video-preview:-1\" \/>\n<link rel=\"canonical\" href=\"https:\/\/www.globalfilter.com\/de\/branchen\/wasseraufbereitung\/\" \/>\n<meta property=\"og:locale\" content=\"de_DE\" \/>\n<meta property=\"og:type\" content=\"article\" \/>\n<meta property=\"og:title\" content=\"Wasseraufbereitung - Global Filter\" \/>\n<meta property=\"og:description\" content=\"Wasseraufbereitung. Wasser ist ein wichtiger Bestandteil unseres Alltags, sei es das Wasser, das wir trinken, oder in den Produkten, die wir konsumieren und verwenden. Wasseraufbereitung Reinstwasserfiltration\" \/>\n<meta property=\"og:url\" content=\"https:\/\/www.globalfilter.com\/de\/branchen\/wasseraufbereitung\/\" \/>\n<meta property=\"og:site_name\" content=\"Global Filter\" \/>\n<meta property=\"article:modified_time\" content=\"2022-09-29T08:23:50+00:00\" \/>\n<meta property=\"og:image\" content=\"https:\/\/www.globalfilter.com\/wp-content\/uploads\/2019\/09\/water-treatment.jpg\" \/>\n<meta name=\"twitter:card\" content=\"summary_large_image\" \/>\n<meta name=\"twitter:label1\" content=\"Gesch\u00e4tzte Lesezeit\" \/>\n\t<meta name=\"twitter:data1\" content=\"2 Minuten\" \/>\n<script type=\"application\/ld+json\" class=\"yoast-schema-graph\">{\"@context\":\"https:\\\/\\\/schema.org\",\"@graph\":[{\"@type\":\"WebPage\",\"@id\":\"https:\\\/\\\/www.globalfilter.com\\\/de\\\/branchen\\\/wasseraufbereitung\\\/\",\"url\":\"https:\\\/\\\/www.globalfilter.com\\\/de\\\/branchen\\\/wasseraufbereitung\\\/\",\"name\":\"Wasseraufbereitung - Global Filter\",\"isPartOf\":{\"@id\":\"https:\\\/\\\/www.globalfilter.com\\\/de\\\/#website\"},\"primaryImageOfPage\":{\"@id\":\"https:\\\/\\\/www.globalfilter.com\\\/de\\\/branchen\\\/wasseraufbereitung\\\/#primaryimage\"},\"image\":{\"@id\":\"https:\\\/\\\/www.globalfilter.com\\\/de\\\/branchen\\\/wasseraufbereitung\\\/#primaryimage\"},\"thumbnailUrl\":\"https:\\\/\\\/www.globalfilter.com\\\/wp-content\\\/uploads\\\/2019\\\/09\\\/water-treatment.jpg\",\"datePublished\":\"2020-02-03T18:15:31+00:00\",\"dateModified\":\"2022-09-29T08:23:50+00:00\",\"description\":\"Wasseraufbereitung. Wasser ist ein wichtiger Bestandteil unseres Alltags, sei es das Wasser, das wir trinken, oder in den Produkten, die wir konsumieren und verwenden. Wasseraufbereitung Reinstwasserfiltration\",\"breadcrumb\":{\"@id\":\"https:\\\/\\\/www.globalfilter.com\\\/de\\\/branchen\\\/wasseraufbereitung\\\/#breadcrumb\"},\"inLanguage\":\"de-DE\",\"potentialAction\":[{\"@type\":\"ReadAction\",\"target\":[\"https:\\\/\\\/www.globalfilter.com\\\/de\\\/branchen\\\/wasseraufbereitung\\\/\"]}]},{\"@type\":\"ImageObject\",\"inLanguage\":\"de-DE\",\"@id\":\"https:\\\/\\\/www.globalfilter.com\\\/de\\\/branchen\\\/wasseraufbereitung\\\/#primaryimage\",\"url\":\"https:\\\/\\\/www.globalfilter.com\\\/wp-content\\\/uploads\\\/2019\\\/09\\\/water-treatment.jpg\",\"contentUrl\":\"https:\\\/\\\/www.globalfilter.com\\\/wp-content\\\/uploads\\\/2019\\\/09\\\/water-treatment.jpg\"},{\"@type\":\"BreadcrumbList\",\"@id\":\"https:\\\/\\\/www.globalfilter.com\\\/de\\\/branchen\\\/wasseraufbereitung\\\/#breadcrumb\",\"itemListElement\":[{\"@type\":\"ListItem\",\"position\":1,\"name\":\"home\",\"item\":\"https:\\\/\\\/www.globalfilter.com\\\/de\\\/\"},{\"@type\":\"ListItem\",\"position\":2,\"name\":\"Branchen\",\"item\":\"https:\\\/\\\/www.globalfilter.com\\\/de\\\/branchen\\\/\"},{\"@type\":\"ListItem\",\"position\":3,\"name\":\"Wasseraufbereitung\"}]},{\"@type\":\"WebSite\",\"@id\":\"https:\\\/\\\/www.globalfilter.com\\\/de\\\/#website\",\"url\":\"https:\\\/\\\/www.globalfilter.com\\\/de\\\/\",\"name\":\"Global Filter\",\"description\":\"Making the World Safer, Healthier and More Productive\",\"publisher\":{\"@id\":\"https:\\\/\\\/www.globalfilter.com\\\/de\\\/#organization\"},\"potentialAction\":[{\"@type\":\"SearchAction\",\"target\":{\"@type\":\"EntryPoint\",\"urlTemplate\":\"https:\\\/\\\/www.globalfilter.com\\\/de\\\/?s={search_term_string}\"},\"query-input\":{\"@type\":\"PropertyValueSpecification\",\"valueRequired\":true,\"valueName\":\"search_term_string\"}}],\"inLanguage\":\"de-DE\"},{\"@type\":\"Organization\",\"@id\":\"https:\\\/\\\/www.globalfilter.com\\\/de\\\/#organization\",\"name\":\"Global filter\",\"url\":\"https:\\\/\\\/www.globalfilter.com\\\/de\\\/\",\"logo\":{\"@type\":\"ImageObject\",\"inLanguage\":\"de-DE\",\"@id\":\"https:\\\/\\\/www.globalfilter.com\\\/de\\\/#\\\/schema\\\/logo\\\/image\\\/\",\"url\":\"https:\\\/\\\/www.globalfilter.com\\\/wp-content\\\/uploads\\\/2019\\\/06\\\/FGC-logo-1.png\",\"contentUrl\":\"https:\\\/\\\/www.globalfilter.com\\\/wp-content\\\/uploads\\\/2019\\\/06\\\/FGC-logo-1.png\",\"width\":1104,\"height\":224,\"caption\":\"Global filter\"},\"image\":{\"@id\":\"https:\\\/\\\/www.globalfilter.com\\\/de\\\/#\\\/schema\\\/logo\\\/image\\\/\"},\"sameAs\":[\"https:\\\/\\\/www.linkedin.com\\\/company\\\/global-filter-llc\"]}]}<\/script>\n<!-- \/ Yoast SEO plugin. -->","yoast_head_json":{"title":"Wasseraufbereitung - Global Filter","description":"Wasseraufbereitung. Wasser ist ein wichtiger Bestandteil unseres Alltags, sei es das Wasser, das wir trinken, oder in den Produkten, die wir konsumieren und verwenden. Wasseraufbereitung Reinstwasserfiltration","robots":{"index":"index","follow":"follow","max-snippet":"max-snippet:-1","max-image-preview":"max-image-preview:large","max-video-preview":"max-video-preview:-1"},"canonical":"https:\/\/www.globalfilter.com\/de\/branchen\/wasseraufbereitung\/","og_locale":"de_DE","og_type":"article","og_title":"Wasseraufbereitung - Global Filter","og_description":"Wasseraufbereitung. Wasser ist ein wichtiger Bestandteil unseres Alltags, sei es das Wasser, das wir trinken, oder in den Produkten, die wir konsumieren und verwenden. Wasseraufbereitung Reinstwasserfiltration","og_url":"https:\/\/www.globalfilter.com\/de\/branchen\/wasseraufbereitung\/","og_site_name":"Global Filter","article_modified_time":"2022-09-29T08:23:50+00:00","og_image":[{"url":"https:\/\/www.globalfilter.com\/wp-content\/uploads\/2019\/09\/water-treatment.jpg","type":"","width":"","height":""}],"twitter_card":"summary_large_image","twitter_misc":{"Gesch\u00e4tzte Lesezeit":"2 Minuten"},"schema":{"@context":"https:\/\/schema.org","@graph":[{"@type":"WebPage","@id":"https:\/\/www.globalfilter.com\/de\/branchen\/wasseraufbereitung\/","url":"https:\/\/www.globalfilter.com\/de\/branchen\/wasseraufbereitung\/","name":"Wasseraufbereitung - Global Filter","isPartOf":{"@id":"https:\/\/www.globalfilter.com\/de\/#website"},"primaryImageOfPage":{"@id":"https:\/\/www.globalfilter.com\/de\/branchen\/wasseraufbereitung\/#primaryimage"},"image":{"@id":"https:\/\/www.globalfilter.com\/de\/branchen\/wasseraufbereitung\/#primaryimage"},"thumbnailUrl":"https:\/\/www.globalfilter.com\/wp-content\/uploads\/2019\/09\/water-treatment.jpg","datePublished":"2020-02-03T18:15:31+00:00","dateModified":"2022-09-29T08:23:50+00:00","description":"Wasseraufbereitung. Wasser ist ein wichtiger Bestandteil unseres Alltags, sei es das Wasser, das wir trinken, oder in den Produkten, die wir konsumieren und verwenden. Wasseraufbereitung Reinstwasserfiltration","breadcrumb":{"@id":"https:\/\/www.globalfilter.com\/de\/branchen\/wasseraufbereitung\/#breadcrumb"},"inLanguage":"de-DE","potentialAction":[{"@type":"ReadAction","target":["https:\/\/www.globalfilter.com\/de\/branchen\/wasseraufbereitung\/"]}]},{"@type":"ImageObject","inLanguage":"de-DE","@id":"https:\/\/www.globalfilter.com\/de\/branchen\/wasseraufbereitung\/#primaryimage","url":"https:\/\/www.globalfilter.com\/wp-content\/uploads\/2019\/09\/water-treatment.jpg","contentUrl":"https:\/\/www.globalfilter.com\/wp-content\/uploads\/2019\/09\/water-treatment.jpg"},{"@type":"BreadcrumbList","@id":"https:\/\/www.globalfilter.com\/de\/branchen\/wasseraufbereitung\/#breadcrumb","itemListElement":[{"@type":"ListItem","position":1,"name":"home","item":"https:\/\/www.globalfilter.com\/de\/"},{"@type":"ListItem","position":2,"name":"Branchen","item":"https:\/\/www.globalfilter.com\/de\/branchen\/"},{"@type":"ListItem","position":3,"name":"Wasseraufbereitung"}]},{"@type":"WebSite","@id":"https:\/\/www.globalfilter.com\/de\/#website","url":"https:\/\/www.globalfilter.com\/de\/","name":"Global Filter","description":"Making the World Safer, Healthier and More Productive","publisher":{"@id":"https:\/\/www.globalfilter.com\/de\/#organization"},"potentialAction":[{"@type":"SearchAction","target":{"@type":"EntryPoint","urlTemplate":"https:\/\/www.globalfilter.com\/de\/?s={search_term_string}"},"query-input":{"@type":"PropertyValueSpecification","valueRequired":true,"valueName":"search_term_string"}}],"inLanguage":"de-DE"},{"@type":"Organization","@id":"https:\/\/www.globalfilter.com\/de\/#organization","name":"Global filter","url":"https:\/\/www.globalfilter.com\/de\/","logo":{"@type":"ImageObject","inLanguage":"de-DE","@id":"https:\/\/www.globalfilter.com\/de\/#\/schema\/logo\/image\/","url":"https:\/\/www.globalfilter.com\/wp-content\/uploads\/2019\/06\/FGC-logo-1.png","contentUrl":"https:\/\/www.globalfilter.com\/wp-content\/uploads\/2019\/06\/FGC-logo-1.png","width":1104,"height":224,"caption":"Global filter"},"image":{"@id":"https:\/\/www.globalfilter.com\/de\/#\/schema\/logo\/image\/"},"sameAs":["https:\/\/www.linkedin.com\/company\/global-filter-llc"]}]}},"_links":{"self":[{"href":"https:\/\/www.globalfilter.com\/de\/wp-json\/wp\/v2\/pages\/1516","targetHints":{"allow":["GET"]}}],"collection":[{"href":"https:\/\/www.globalfilter.com\/de\/wp-json\/wp\/v2\/pages"}],"about":[{"href":"https:\/\/www.globalfilter.com\/de\/wp-json\/wp\/v2\/types\/page"}],"author":[{"embeddable":true,"href":"https:\/\/www.globalfilter.com\/de\/wp-json\/wp\/v2\/users\/4"}],"replies":[{"embeddable":true,"href":"https:\/\/www.globalfilter.com\/de\/wp-json\/wp\/v2\/comments?post=1516"}],"version-history":[{"count":0,"href":"https:\/\/www.globalfilter.com\/de\/wp-json\/wp\/v2\/pages\/1516\/revisions"}],"up":[{"embeddable":true,"href":"https:\/\/www.globalfilter.com\/de\/wp-json\/wp\/v2\/pages\/1510"}],"wp:attachment":[{"href":"https:\/\/www.globalfilter.com\/de\/wp-json\/wp\/v2\/media?parent=1516"}],"curies":[{"name":"wp","href":"https:\/\/api.w.org\/{rel}","templated":true}]}}