{"id":1517,"date":"2020-02-03T18:15:31","date_gmt":"2020-02-03T18:15:31","guid":{"rendered":"https:\/\/www.globalfilter.com\/branchen\/lebensmittel-und-getranke\/"},"modified":"2022-11-07T14:13:55","modified_gmt":"2022-11-07T14:13:55","slug":"lebensmittel-und-getranke","status":"publish","type":"page","link":"https:\/\/www.globalfilter.com\/de\/branchen\/lebensmittel-und-getranke\/","title":{"rendered":"Lebensmittel und Getr\u00e4nke"},"content":{"rendered":"\n<div class=\"wp-block-cover alignfull has-background-dim\" style=\"min-height:250px;aspect-ratio:unset;\"><span aria-hidden=\"true\" class=\"has-background-dim-100 wp-block-cover__gradient-background has-background-dim\"><\/span><img loading=\"lazy\" decoding=\"async\" width=\"1920\" height=\"1081\" class=\"wp-block-cover__image-background wp-image-382\" alt=\"\" src=\"https:\/\/www.globalfilter.com\/wp-content\/uploads\/2019\/09\/food-beverage.jpg\" data-object-fit=\"cover\" srcset=\"https:\/\/www.globalfilter.com\/wp-content\/uploads\/2019\/09\/food-beverage.jpg 1920w, https:\/\/www.globalfilter.com\/wp-content\/uploads\/2019\/09\/food-beverage-300x169.jpg 300w, https:\/\/www.globalfilter.com\/wp-content\/uploads\/2019\/09\/food-beverage-768x432.jpg 768w, https:\/\/www.globalfilter.com\/wp-content\/uploads\/2019\/09\/food-beverage-1024x577.jpg 1024w\" sizes=\"auto, (max-width: 1920px) 100vw, 1920px\" \/><div class=\"wp-block-cover__inner-container is-layout-flow wp-block-cover-is-layout-flow\">\n\n<h1 class=\"has-text-align-center wp-block-heading\" id=\"h-lebensmittel-und-getr-nke\">Lebensmittel und Getr\u00e4nke<\/h1>\n\n\n<p class=\"has-text-align-center\">Wir sind stolz darauf, als f\u00fchrender Anbieter von Filterkerzen und -geh\u00e4usen f\u00fcr die Lebensmittel- und Getr\u00e4nkeindustrie anerkannt zu sein.<\/p>\n\n<\/div><\/div>\n\n\n\n<!--Close-->\t\n<\/div><\/div><\/section>\n<!--Menu-->\n<div class=\"no-top-margin\">\n<div class=\"msb-sticky-bar\">\n<div class=\"container\">\n  <div class=\"row\">\n    <div class=\"col-sm text-center\">\n      <a href=\"https:\/\/www.globalfilter.com\/de\/kontaktieren-sie-uns\/\" class=\"btn btn-primary solution-trigger\">WENDEN SIE SICH AN EINEN EXPERTEN<\/a>\n    <\/div>\n  <\/div>\n<\/div>\n<\/div>\n<\/div>\n<!--Open-->\n<section class=\"container\"><div class=\"row\"><div class=\"col-md-12\">\n\n\n\n<h2 class=\"wp-block-heading\" id=\"h-wir-verbessern-die-produktqualit-t-und-helfen-ihnen-den-verbraucher-zu-sch-tzen\">Wir verbessern die Produktqualit\u00e4t und helfen Ihnen, den Verbraucher zu sch\u00fctzen<\/h2>\n\n\n\n<p>Unsere Ingenieure haben jahrelang ein umfassendes Portfolio an Filtrationsl\u00f6sungen f\u00fcr die Lebensmittel- und Getr\u00e4nkeindustrie perfektioniert und entwickelt. Wir wissen, dass es in der Branche viele Anwendungen gibt, die jeweils ihren ganz eigenen Anforderungen und Filtrationsbed\u00fcrfnissen unterliegen. Unabh\u00e4ngig von der Anwendung wissen wir, dass die Filtration ein kritischer Bestandteil Ihres Prozesses ist. Aus diesem Grund arbeiten wir mit unseren Kunden zusammen, um sicherzustellen, dass die in ihrem Prozess implementierten Filtrationsl\u00f6sungen die Qualit\u00e4t verbessern und die Branchenvorschriften erf\u00fcllen. Egal, ob Sie nach Kl\u00e4r- und Vorfiltrationsl\u00f6sungen oder Bakterienkontrolle und Sterilisation suchen, unser Team von Spezialisten f\u00fcr Lebensmittel- und Getr\u00e4nkefiltration arbeitet mit Ihnen zusammen und setzen ihr Wissen ein, um sicherzustellen, dass die von Ihnen hergestellten Produkte von h\u00f6chster Qualit\u00e4t und f\u00fcr den Verzehr unbedenklich sind.<\/p>\n\n\n\n<h3 class=\"wp-block-heading\" id=\"h-anwendungen\"><strong>Anwendungen:<\/strong><\/h3>\n\n\n\n<ul class=\"wp-block-list\"><li>Mineralwasser<\/li><li>Molkereiprodukte<\/li><li>Apfelwein<\/li><li>Spirituosen<\/li><li>Lebensmittelzutaten<\/li><li>S\u00e4fte und alkoholfreie Getr\u00e4nke<\/li><li>Zuckerrohr- und Maissirup<\/li><li>Wein<\/li><li>Bier<\/li><\/ul>\n\n\n\n<figure class=\"wp-block-image size-medium\"><img loading=\"lazy\" decoding=\"async\" width=\"232\" height=\"300\" src=\"https:\/\/www.globalfilter.com\/wp-content\/uploads\/2022\/04\/brochure-bottled-water-232x300.png\" alt=\"picture of Global Filter bottled water brochure\" class=\"wp-image-9336\" srcset=\"https:\/\/www.globalfilter.com\/wp-content\/uploads\/2022\/04\/brochure-bottled-water-232x300.png 232w, https:\/\/www.globalfilter.com\/wp-content\/uploads\/2022\/04\/brochure-bottled-water.png 587w\" sizes=\"auto, (max-width: 232px) 100vw, 232px\" \/><\/figure>\n\n\n\n<div class=\"wp-block-buttons is-layout-flex wp-block-buttons-is-layout-flex\">\n<div class=\"wp-block-button\"><a class=\"wp-block-button__link has-green-background-color has-background\" href=\"https:\/\/www.globalfilter.com\/wp-content\/uploads\/2022\/04\/2022-bottled-water-application-brochure-German-3.pdf\" target=\"_blank\" rel=\"noreferrer noopener\">Minneralbr\u00fcnnen Broch\u00fcre Herunterladen<\/a><\/div>\n<\/div>\n","protected":false},"excerpt":{"rendered":"<p>WENDEN SIE SICH AN EINEN EXPERTEN Wir verbessern die Produktqualit\u00e4t und helfen Ihnen, den Verbraucher zu sch\u00fctzen Unsere Ingenieure haben jahrelang ein umfassendes Portfolio an Filtrationsl\u00f6sungen f\u00fcr die Lebensmittel- und Getr\u00e4nkeindustrie perfektioniert und entwickelt. Wir wissen, dass es in der Branche viele Anwendungen gibt, die jeweils ihren ganz eigenen Anforderungen und Filtrationsbed\u00fcrfnissen unterliegen. Unabh\u00e4ngig von [&hellip;]<\/p>\n","protected":false},"author":4,"featured_media":0,"parent":1510,"menu_order":0,"comment_status":"closed","ping_status":"closed","template":"","meta":{"_acf_changed":false,"content-type":"","footnotes":""},"class_list":["post-1517","page","type-page","status-publish","hentry"],"acf":[],"yoast_head":"<!-- This site is optimized with the Yoast SEO plugin v27.3 - https:\/\/yoast.com\/product\/yoast-seo-wordpress\/ -->\n<title>Lebensmittel und Getr\u00e4nke - Global Filter<\/title>\n<meta name=\"description\" content=\"Unsere Ingenieure haben jahrelang ein umfassendes Portfolio an Filtrationsl\u00f6sungen f\u00fcr die Lebensmittel- und Getr\u00e4nkeindustrie perfektioniert und entwickelt. Wir wissen, dass es in der Branche viele Anwendungen gibt, die jeweils ihren ganz eigenen Anforderungen und Filtrationsbed\u00fcrfnissen unterliegen. Unabh\u00e4ngig von der Anwendung wissen wir, dass die Filtration ein kritischer Bestandteil Ihres Prozesses ist.\" \/>\n<meta name=\"robots\" content=\"index, follow, max-snippet:-1, max-image-preview:large, max-video-preview:-1\" \/>\n<link rel=\"canonical\" href=\"https:\/\/www.globalfilter.com\/de\/branchen\/lebensmittel-und-getranke\/\" \/>\n<meta property=\"og:locale\" content=\"de_DE\" \/>\n<meta property=\"og:type\" content=\"article\" \/>\n<meta property=\"og:title\" content=\"Lebensmittel und Getr\u00e4nke - Global Filter\" \/>\n<meta property=\"og:description\" content=\"Unsere Ingenieure haben jahrelang ein umfassendes Portfolio an Filtrationsl\u00f6sungen f\u00fcr die Lebensmittel- und Getr\u00e4nkeindustrie perfektioniert und entwickelt. Wir wissen, dass es in der Branche viele Anwendungen gibt, die jeweils ihren ganz eigenen Anforderungen und Filtrationsbed\u00fcrfnissen unterliegen. Unabh\u00e4ngig von der Anwendung wissen wir, dass die Filtration ein kritischer Bestandteil Ihres Prozesses ist.\" \/>\n<meta property=\"og:url\" content=\"https:\/\/www.globalfilter.com\/de\/branchen\/lebensmittel-und-getranke\/\" \/>\n<meta property=\"og:site_name\" content=\"Global Filter\" \/>\n<meta property=\"article:modified_time\" content=\"2022-11-07T14:13:55+00:00\" \/>\n<meta property=\"og:image\" content=\"https:\/\/www.globalfilter.com\/wp-content\/uploads\/2019\/09\/food-beverage.jpg\" \/>\n<meta name=\"twitter:card\" content=\"summary_large_image\" \/>\n<meta name=\"twitter:label1\" content=\"Gesch\u00e4tzte Lesezeit\" \/>\n\t<meta name=\"twitter:data1\" content=\"2 Minuten\" \/>\n<script type=\"application\/ld+json\" class=\"yoast-schema-graph\">{\"@context\":\"https:\\\/\\\/schema.org\",\"@graph\":[{\"@type\":\"WebPage\",\"@id\":\"https:\\\/\\\/www.globalfilter.com\\\/de\\\/branchen\\\/lebensmittel-und-getranke\\\/\",\"url\":\"https:\\\/\\\/www.globalfilter.com\\\/de\\\/branchen\\\/lebensmittel-und-getranke\\\/\",\"name\":\"Lebensmittel und Getr\u00e4nke - Global Filter\",\"isPartOf\":{\"@id\":\"https:\\\/\\\/www.globalfilter.com\\\/de\\\/#website\"},\"primaryImageOfPage\":{\"@id\":\"https:\\\/\\\/www.globalfilter.com\\\/de\\\/branchen\\\/lebensmittel-und-getranke\\\/#primaryimage\"},\"image\":{\"@id\":\"https:\\\/\\\/www.globalfilter.com\\\/de\\\/branchen\\\/lebensmittel-und-getranke\\\/#primaryimage\"},\"thumbnailUrl\":\"https:\\\/\\\/www.globalfilter.com\\\/wp-content\\\/uploads\\\/2019\\\/09\\\/food-beverage.jpg\",\"datePublished\":\"2020-02-03T18:15:31+00:00\",\"dateModified\":\"2022-11-07T14:13:55+00:00\",\"description\":\"Unsere Ingenieure haben jahrelang ein umfassendes Portfolio an Filtrationsl\u00f6sungen f\u00fcr die Lebensmittel- und Getr\u00e4nkeindustrie perfektioniert und entwickelt. Wir wissen, dass es in der Branche viele Anwendungen gibt, die jeweils ihren ganz eigenen Anforderungen und Filtrationsbed\u00fcrfnissen unterliegen. Unabh\u00e4ngig von der Anwendung wissen wir, dass die Filtration ein kritischer Bestandteil Ihres Prozesses ist.\",\"breadcrumb\":{\"@id\":\"https:\\\/\\\/www.globalfilter.com\\\/de\\\/branchen\\\/lebensmittel-und-getranke\\\/#breadcrumb\"},\"inLanguage\":\"de-DE\",\"potentialAction\":[{\"@type\":\"ReadAction\",\"target\":[\"https:\\\/\\\/www.globalfilter.com\\\/de\\\/branchen\\\/lebensmittel-und-getranke\\\/\"]}]},{\"@type\":\"ImageObject\",\"inLanguage\":\"de-DE\",\"@id\":\"https:\\\/\\\/www.globalfilter.com\\\/de\\\/branchen\\\/lebensmittel-und-getranke\\\/#primaryimage\",\"url\":\"https:\\\/\\\/www.globalfilter.com\\\/wp-content\\\/uploads\\\/2019\\\/09\\\/food-beverage.jpg\",\"contentUrl\":\"https:\\\/\\\/www.globalfilter.com\\\/wp-content\\\/uploads\\\/2019\\\/09\\\/food-beverage.jpg\"},{\"@type\":\"BreadcrumbList\",\"@id\":\"https:\\\/\\\/www.globalfilter.com\\\/de\\\/branchen\\\/lebensmittel-und-getranke\\\/#breadcrumb\",\"itemListElement\":[{\"@type\":\"ListItem\",\"position\":1,\"name\":\"home\",\"item\":\"https:\\\/\\\/www.globalfilter.com\\\/de\\\/\"},{\"@type\":\"ListItem\",\"position\":2,\"name\":\"Branchen\",\"item\":\"https:\\\/\\\/www.globalfilter.com\\\/de\\\/branchen\\\/\"},{\"@type\":\"ListItem\",\"position\":3,\"name\":\"Lebensmittel und Getr\u00e4nke\"}]},{\"@type\":\"WebSite\",\"@id\":\"https:\\\/\\\/www.globalfilter.com\\\/de\\\/#website\",\"url\":\"https:\\\/\\\/www.globalfilter.com\\\/de\\\/\",\"name\":\"Global Filter\",\"description\":\"Making the World Safer, Healthier and More Productive\",\"publisher\":{\"@id\":\"https:\\\/\\\/www.globalfilter.com\\\/de\\\/#organization\"},\"potentialAction\":[{\"@type\":\"SearchAction\",\"target\":{\"@type\":\"EntryPoint\",\"urlTemplate\":\"https:\\\/\\\/www.globalfilter.com\\\/de\\\/?s={search_term_string}\"},\"query-input\":{\"@type\":\"PropertyValueSpecification\",\"valueRequired\":true,\"valueName\":\"search_term_string\"}}],\"inLanguage\":\"de-DE\"},{\"@type\":\"Organization\",\"@id\":\"https:\\\/\\\/www.globalfilter.com\\\/de\\\/#organization\",\"name\":\"Global filter\",\"url\":\"https:\\\/\\\/www.globalfilter.com\\\/de\\\/\",\"logo\":{\"@type\":\"ImageObject\",\"inLanguage\":\"de-DE\",\"@id\":\"https:\\\/\\\/www.globalfilter.com\\\/de\\\/#\\\/schema\\\/logo\\\/image\\\/\",\"url\":\"https:\\\/\\\/www.globalfilter.com\\\/wp-content\\\/uploads\\\/2019\\\/06\\\/FGC-logo-1.png\",\"contentUrl\":\"https:\\\/\\\/www.globalfilter.com\\\/wp-content\\\/uploads\\\/2019\\\/06\\\/FGC-logo-1.png\",\"width\":1104,\"height\":224,\"caption\":\"Global filter\"},\"image\":{\"@id\":\"https:\\\/\\\/www.globalfilter.com\\\/de\\\/#\\\/schema\\\/logo\\\/image\\\/\"},\"sameAs\":[\"https:\\\/\\\/www.linkedin.com\\\/company\\\/global-filter-llc\"]}]}<\/script>\n<!-- \/ Yoast SEO plugin. -->","yoast_head_json":{"title":"Lebensmittel und Getr\u00e4nke - Global Filter","description":"Unsere Ingenieure haben jahrelang ein umfassendes Portfolio an Filtrationsl\u00f6sungen f\u00fcr die Lebensmittel- und Getr\u00e4nkeindustrie perfektioniert und entwickelt. Wir wissen, dass es in der Branche viele Anwendungen gibt, die jeweils ihren ganz eigenen Anforderungen und Filtrationsbed\u00fcrfnissen unterliegen. Unabh\u00e4ngig von der Anwendung wissen wir, dass die Filtration ein kritischer Bestandteil Ihres Prozesses ist.","robots":{"index":"index","follow":"follow","max-snippet":"max-snippet:-1","max-image-preview":"max-image-preview:large","max-video-preview":"max-video-preview:-1"},"canonical":"https:\/\/www.globalfilter.com\/de\/branchen\/lebensmittel-und-getranke\/","og_locale":"de_DE","og_type":"article","og_title":"Lebensmittel und Getr\u00e4nke - Global Filter","og_description":"Unsere Ingenieure haben jahrelang ein umfassendes Portfolio an Filtrationsl\u00f6sungen f\u00fcr die Lebensmittel- und Getr\u00e4nkeindustrie perfektioniert und entwickelt. Wir wissen, dass es in der Branche viele Anwendungen gibt, die jeweils ihren ganz eigenen Anforderungen und Filtrationsbed\u00fcrfnissen unterliegen. Unabh\u00e4ngig von der Anwendung wissen wir, dass die Filtration ein kritischer Bestandteil Ihres Prozesses ist.","og_url":"https:\/\/www.globalfilter.com\/de\/branchen\/lebensmittel-und-getranke\/","og_site_name":"Global Filter","article_modified_time":"2022-11-07T14:13:55+00:00","og_image":[{"url":"https:\/\/www.globalfilter.com\/wp-content\/uploads\/2019\/09\/food-beverage.jpg","type":"","width":"","height":""}],"twitter_card":"summary_large_image","twitter_misc":{"Gesch\u00e4tzte Lesezeit":"2 Minuten"},"schema":{"@context":"https:\/\/schema.org","@graph":[{"@type":"WebPage","@id":"https:\/\/www.globalfilter.com\/de\/branchen\/lebensmittel-und-getranke\/","url":"https:\/\/www.globalfilter.com\/de\/branchen\/lebensmittel-und-getranke\/","name":"Lebensmittel und Getr\u00e4nke - Global Filter","isPartOf":{"@id":"https:\/\/www.globalfilter.com\/de\/#website"},"primaryImageOfPage":{"@id":"https:\/\/www.globalfilter.com\/de\/branchen\/lebensmittel-und-getranke\/#primaryimage"},"image":{"@id":"https:\/\/www.globalfilter.com\/de\/branchen\/lebensmittel-und-getranke\/#primaryimage"},"thumbnailUrl":"https:\/\/www.globalfilter.com\/wp-content\/uploads\/2019\/09\/food-beverage.jpg","datePublished":"2020-02-03T18:15:31+00:00","dateModified":"2022-11-07T14:13:55+00:00","description":"Unsere Ingenieure haben jahrelang ein umfassendes Portfolio an Filtrationsl\u00f6sungen f\u00fcr die Lebensmittel- und Getr\u00e4nkeindustrie perfektioniert und entwickelt. Wir wissen, dass es in der Branche viele Anwendungen gibt, die jeweils ihren ganz eigenen Anforderungen und Filtrationsbed\u00fcrfnissen unterliegen. Unabh\u00e4ngig von der Anwendung wissen wir, dass die Filtration ein kritischer Bestandteil Ihres Prozesses ist.","breadcrumb":{"@id":"https:\/\/www.globalfilter.com\/de\/branchen\/lebensmittel-und-getranke\/#breadcrumb"},"inLanguage":"de-DE","potentialAction":[{"@type":"ReadAction","target":["https:\/\/www.globalfilter.com\/de\/branchen\/lebensmittel-und-getranke\/"]}]},{"@type":"ImageObject","inLanguage":"de-DE","@id":"https:\/\/www.globalfilter.com\/de\/branchen\/lebensmittel-und-getranke\/#primaryimage","url":"https:\/\/www.globalfilter.com\/wp-content\/uploads\/2019\/09\/food-beverage.jpg","contentUrl":"https:\/\/www.globalfilter.com\/wp-content\/uploads\/2019\/09\/food-beverage.jpg"},{"@type":"BreadcrumbList","@id":"https:\/\/www.globalfilter.com\/de\/branchen\/lebensmittel-und-getranke\/#breadcrumb","itemListElement":[{"@type":"ListItem","position":1,"name":"home","item":"https:\/\/www.globalfilter.com\/de\/"},{"@type":"ListItem","position":2,"name":"Branchen","item":"https:\/\/www.globalfilter.com\/de\/branchen\/"},{"@type":"ListItem","position":3,"name":"Lebensmittel und Getr\u00e4nke"}]},{"@type":"WebSite","@id":"https:\/\/www.globalfilter.com\/de\/#website","url":"https:\/\/www.globalfilter.com\/de\/","name":"Global Filter","description":"Making the World Safer, Healthier and More Productive","publisher":{"@id":"https:\/\/www.globalfilter.com\/de\/#organization"},"potentialAction":[{"@type":"SearchAction","target":{"@type":"EntryPoint","urlTemplate":"https:\/\/www.globalfilter.com\/de\/?s={search_term_string}"},"query-input":{"@type":"PropertyValueSpecification","valueRequired":true,"valueName":"search_term_string"}}],"inLanguage":"de-DE"},{"@type":"Organization","@id":"https:\/\/www.globalfilter.com\/de\/#organization","name":"Global filter","url":"https:\/\/www.globalfilter.com\/de\/","logo":{"@type":"ImageObject","inLanguage":"de-DE","@id":"https:\/\/www.globalfilter.com\/de\/#\/schema\/logo\/image\/","url":"https:\/\/www.globalfilter.com\/wp-content\/uploads\/2019\/06\/FGC-logo-1.png","contentUrl":"https:\/\/www.globalfilter.com\/wp-content\/uploads\/2019\/06\/FGC-logo-1.png","width":1104,"height":224,"caption":"Global filter"},"image":{"@id":"https:\/\/www.globalfilter.com\/de\/#\/schema\/logo\/image\/"},"sameAs":["https:\/\/www.linkedin.com\/company\/global-filter-llc"]}]}},"_links":{"self":[{"href":"https:\/\/www.globalfilter.com\/de\/wp-json\/wp\/v2\/pages\/1517","targetHints":{"allow":["GET"]}}],"collection":[{"href":"https:\/\/www.globalfilter.com\/de\/wp-json\/wp\/v2\/pages"}],"about":[{"href":"https:\/\/www.globalfilter.com\/de\/wp-json\/wp\/v2\/types\/page"}],"author":[{"embeddable":true,"href":"https:\/\/www.globalfilter.com\/de\/wp-json\/wp\/v2\/users\/4"}],"replies":[{"embeddable":true,"href":"https:\/\/www.globalfilter.com\/de\/wp-json\/wp\/v2\/comments?post=1517"}],"version-history":[{"count":0,"href":"https:\/\/www.globalfilter.com\/de\/wp-json\/wp\/v2\/pages\/1517\/revisions"}],"up":[{"embeddable":true,"href":"https:\/\/www.globalfilter.com\/de\/wp-json\/wp\/v2\/pages\/1510"}],"wp:attachment":[{"href":"https:\/\/www.globalfilter.com\/de\/wp-json\/wp\/v2\/media?parent=1517"}],"curies":[{"name":"wp","href":"https:\/\/api.w.org\/{rel}","templated":true}]}}