{"id":1520,"date":"2020-02-03T18:15:33","date_gmt":"2020-02-03T18:15:33","guid":{"rendered":"https:\/\/www.globalfilter.com\/ressourcen\/produktliteratur\/"},"modified":"2023-03-29T14:08:20","modified_gmt":"2023-03-29T14:08:20","slug":"produktliteratur","status":"publish","type":"page","link":"https:\/\/www.globalfilter.com\/de\/ressourcen\/produktliteratur\/","title":{"rendered":"Produktliteratur"},"content":{"rendered":"\n<div class=\"wp-block-cover alignfull\" style=\"min-height:258px;aspect-ratio:unset;\"><span aria-hidden=\"true\" class=\"wp-block-cover__background has-background-dim\"><\/span><img decoding=\"async\" class=\"wp-block-cover__image-background wp-image-2265\" alt=\"\" src=\"https:\/\/www.globalfilter.com\/wp-content\/uploads\/2019\/10\/hd_catalog.jpg\" data-object-fit=\"cover\" \/><div class=\"wp-block-cover__inner-container is-layout-flow wp-block-cover-is-layout-flow\">\n<h1 class=\"has-text-align-center wp-block-heading\" id=\"\u201ch\u2014produktliteratur\u201d\"><strong>Produktliteratur<\/strong><\/h1>\n\n\n\n<div class=\"container\">\n\n\n\n<p class=\"has-text-align-center\"><em><\/em><\/p>\n<\/div><\/div>\n\n\n\n<!--Close-->\t\n<\/div><\/div><\/section>\n<!--Menu-->\n<div class=\"no-top-margin\">\n<div class=\"msb-sticky-bar\">\n<div class=\"container\">\n  <div class=\"row\">\n    <div class=\"col-sm text-center\">\n      <a href=\"https:\/\/www.globalfilter.com\/de\/kontaktieren-sie-uns\/\" class=\"btn btn-primary solution-trigger\">WENDEN SIE SICH AN EINEN EXPERTEN<\/a>\n    <\/div>\n  <\/div>\n<\/div>\n<\/div>\n<\/div>\n<!--Open-->\n<section class=\"container\"><div class=\"row\"><div class=\"col-md-12\">\n\n\n\n<div class=\"wp-block-group\"><div class=\"wp-block-group__inner-container is-layout-flow wp-block-group-is-layout-flow\">\n<div class=\"wp-block-columns is-layout-flex wp-container-core-columns-is-layout-9d6595d7 wp-block-columns-is-layout-flex\">\n<div class=\"wp-block-column is-layout-flow wp-block-column-is-layout-flow\" style=\"flex-basis:100%\">\n<div class=\"wp-block-columns has-2-columns anm-columns is-layout-flex wp-container-core-columns-is-layout-9d6595d7 wp-block-columns-is-layout-flex\">\n<div class=\"wp-block-column is-layout-flow wp-block-column-is-layout-flow\" style=\"flex-basis:100%\">\n<div class=\"wp-block-media-text alignwide is-stacked-on-mobile\"><figure class=\"wp-block-media-text__media\"><img loading=\"lazy\" decoding=\"async\" width=\"639\" height=\"817\" src=\"https:\/\/www.globalfilter.com\/wp-content\/uploads\/2020\/09\/Screen-Shot-2020-09-04-at-1.27.46-PM.png\" alt=\"\" class=\"wp-image-3267 size-full\" srcset=\"https:\/\/www.globalfilter.com\/wp-content\/uploads\/2020\/09\/Screen-Shot-2020-09-04-at-1.27.46-PM.png 639w, https:\/\/www.globalfilter.com\/wp-content\/uploads\/2020\/09\/Screen-Shot-2020-09-04-at-1.27.46-PM-235x300.png 235w\" sizes=\"auto, (max-width: 639px) 100vw, 639px\" \/><\/figure><div class=\"wp-block-media-text__content\">\n<h3 class=\"wp-block-heading\" id=\"h-global-filter-katalog\"><strong>Global Filter Katalog<\/strong><\/h3>\n\n\n\n<p>Der Katalog enth\u00e4lt die gesamte Produktlinie von Global Filter mit dem entsprechenden Datenblatt.<br><br><a rel=\"noreferrer noopener\" href=\"https:\/\/www.globalfilter.com\/wp-content\/uploads\/2020\/09\/Global-Filter-Catalog-Final-German-v4-3.pdf\" target=\"_blank\"><\/a><a href=\"https:\/\/www.globalfilter.com\/wp-content\/uploads\/2020\/09\/Global-Filter-Catalog-Final-German-v4-3.pdf\">Global Filter Katalog<\/a><\/p>\n<\/div><\/div>\n<\/div>\n\n\n\n<div class=\"wp-block-column is-layout-flow wp-block-column-is-layout-flow\" style=\"flex-basis:100%\">\n<div class=\"wp-block-media-text alignwide is-stacked-on-mobile\"><figure class=\"wp-block-media-text__media\"><img loading=\"lazy\" decoding=\"async\" width=\"588\" height=\"768\" src=\"https:\/\/www.globalfilter.com\/wp-content\/uploads\/2021\/08\/German-verview-cover.png\" alt=\"\" class=\"wp-image-7294 size-full\" srcset=\"https:\/\/www.globalfilter.com\/wp-content\/uploads\/2021\/08\/German-verview-cover.png 588w, https:\/\/www.globalfilter.com\/wp-content\/uploads\/2021\/08\/German-verview-cover-230x300.png 230w\" sizes=\"auto, (max-width: 588px) 100vw, 588px\" \/><\/figure><div class=\"wp-block-media-text__content\">\n<h3 class=\"wp-block-heading\" id=\"h-global-filter-produkt-bersicht\"><strong><strong>Global Filter Produkt\u00fcbersicht<\/strong><\/strong><\/h3>\n\n\n\n<p>Brosch\u00fcre mit dem Produktportfolio von Global Filter.<br><br><a href=\"https:\/\/www.globalfilter.com\/wp-content\/uploads\/2023\/03\/GF-product-overview-German-11-2022.pdf\" target=\"_blank\" rel=\"noreferrer noopener\">Global Filter Produkt\u00fcbersicht<\/a><\/p>\n<\/div><\/div>\n<\/div>\n<\/div>\n<\/div>\n<\/div>\n<\/div><\/div>\n","protected":false},"excerpt":{"rendered":"<p>WENDEN SIE SICH AN EINEN EXPERTEN Global Filter Katalog Der Katalog enth\u00e4lt die gesamte Produktlinie von Global Filter mit dem entsprechenden Datenblatt. Global Filter Katalog Global Filter Produkt\u00fcbersicht Brosch\u00fcre mit dem Produktportfolio von Global Filter. Global Filter Produkt\u00fcbersicht<\/p>\n","protected":false},"author":3,"featured_media":0,"parent":1502,"menu_order":0,"comment_status":"closed","ping_status":"closed","template":"","meta":{"_acf_changed":false,"content-type":"","footnotes":""},"class_list":["post-1520","page","type-page","status-publish","hentry"],"acf":[],"yoast_head":"<!-- This site is optimized with the Yoast SEO plugin v27.3 - https:\/\/yoast.com\/product\/yoast-seo-wordpress\/ -->\n<title>Produktliteratur - Global Filter<\/title>\n<meta name=\"description\" content=\"Hochwertige Produkte mit innovativem Design, die jeder Herausforderung f\u00fcr unseren globalen Kundenstamm gerecht werden.\" \/>\n<meta name=\"robots\" content=\"index, follow, max-snippet:-1, max-image-preview:large, max-video-preview:-1\" \/>\n<link rel=\"canonical\" href=\"https:\/\/www.globalfilter.com\/de\/ressourcen\/produktliteratur\/\" \/>\n<meta property=\"og:locale\" content=\"de_DE\" \/>\n<meta property=\"og:type\" content=\"article\" \/>\n<meta property=\"og:title\" content=\"Produktliteratur - Global Filter\" \/>\n<meta property=\"og:description\" content=\"Hochwertige Produkte mit innovativem Design, die jeder Herausforderung f\u00fcr unseren globalen Kundenstamm gerecht werden.\" \/>\n<meta property=\"og:url\" content=\"https:\/\/www.globalfilter.com\/de\/ressourcen\/produktliteratur\/\" \/>\n<meta property=\"og:site_name\" content=\"Global Filter\" \/>\n<meta property=\"article:modified_time\" content=\"2023-03-29T14:08:20+00:00\" \/>\n<meta property=\"og:image\" content=\"https:\/\/www.globalfilter.com\/wp-content\/uploads\/2019\/10\/hd_catalog.jpg\" \/>\n<meta name=\"twitter:card\" content=\"summary_large_image\" \/>\n<meta name=\"twitter:label1\" content=\"Gesch\u00e4tzte Lesezeit\" \/>\n\t<meta name=\"twitter:data1\" content=\"1 Minute\" \/>\n<script type=\"application\/ld+json\" class=\"yoast-schema-graph\">{\"@context\":\"https:\\\/\\\/schema.org\",\"@graph\":[{\"@type\":\"WebPage\",\"@id\":\"https:\\\/\\\/www.globalfilter.com\\\/de\\\/ressourcen\\\/produktliteratur\\\/\",\"url\":\"https:\\\/\\\/www.globalfilter.com\\\/de\\\/ressourcen\\\/produktliteratur\\\/\",\"name\":\"Produktliteratur - Global Filter\",\"isPartOf\":{\"@id\":\"https:\\\/\\\/www.globalfilter.com\\\/de\\\/#website\"},\"primaryImageOfPage\":{\"@id\":\"https:\\\/\\\/www.globalfilter.com\\\/de\\\/ressourcen\\\/produktliteratur\\\/#primaryimage\"},\"image\":{\"@id\":\"https:\\\/\\\/www.globalfilter.com\\\/de\\\/ressourcen\\\/produktliteratur\\\/#primaryimage\"},\"thumbnailUrl\":\"https:\\\/\\\/www.globalfilter.com\\\/wp-content\\\/uploads\\\/2019\\\/10\\\/hd_catalog.jpg\",\"datePublished\":\"2020-02-03T18:15:33+00:00\",\"dateModified\":\"2023-03-29T14:08:20+00:00\",\"description\":\"Hochwertige Produkte mit innovativem Design, die jeder Herausforderung f\u00fcr unseren globalen Kundenstamm gerecht werden.\",\"breadcrumb\":{\"@id\":\"https:\\\/\\\/www.globalfilter.com\\\/de\\\/ressourcen\\\/produktliteratur\\\/#breadcrumb\"},\"inLanguage\":\"de-DE\",\"potentialAction\":[{\"@type\":\"ReadAction\",\"target\":[\"https:\\\/\\\/www.globalfilter.com\\\/de\\\/ressourcen\\\/produktliteratur\\\/\"]}]},{\"@type\":\"ImageObject\",\"inLanguage\":\"de-DE\",\"@id\":\"https:\\\/\\\/www.globalfilter.com\\\/de\\\/ressourcen\\\/produktliteratur\\\/#primaryimage\",\"url\":\"https:\\\/\\\/www.globalfilter.com\\\/wp-content\\\/uploads\\\/2019\\\/10\\\/hd_catalog.jpg\",\"contentUrl\":\"https:\\\/\\\/www.globalfilter.com\\\/wp-content\\\/uploads\\\/2019\\\/10\\\/hd_catalog.jpg\"},{\"@type\":\"BreadcrumbList\",\"@id\":\"https:\\\/\\\/www.globalfilter.com\\\/de\\\/ressourcen\\\/produktliteratur\\\/#breadcrumb\",\"itemListElement\":[{\"@type\":\"ListItem\",\"position\":1,\"name\":\"home\",\"item\":\"https:\\\/\\\/www.globalfilter.com\\\/de\\\/\"},{\"@type\":\"ListItem\",\"position\":2,\"name\":\"Ressourcen\",\"item\":\"https:\\\/\\\/www.globalfilter.com\\\/de\\\/ressourcen\\\/\"},{\"@type\":\"ListItem\",\"position\":3,\"name\":\"Produktliteratur\"}]},{\"@type\":\"WebSite\",\"@id\":\"https:\\\/\\\/www.globalfilter.com\\\/de\\\/#website\",\"url\":\"https:\\\/\\\/www.globalfilter.com\\\/de\\\/\",\"name\":\"Global Filter\",\"description\":\"Making the World Safer, Healthier and More Productive\",\"publisher\":{\"@id\":\"https:\\\/\\\/www.globalfilter.com\\\/de\\\/#organization\"},\"potentialAction\":[{\"@type\":\"SearchAction\",\"target\":{\"@type\":\"EntryPoint\",\"urlTemplate\":\"https:\\\/\\\/www.globalfilter.com\\\/de\\\/?s={search_term_string}\"},\"query-input\":{\"@type\":\"PropertyValueSpecification\",\"valueRequired\":true,\"valueName\":\"search_term_string\"}}],\"inLanguage\":\"de-DE\"},{\"@type\":\"Organization\",\"@id\":\"https:\\\/\\\/www.globalfilter.com\\\/de\\\/#organization\",\"name\":\"Global filter\",\"url\":\"https:\\\/\\\/www.globalfilter.com\\\/de\\\/\",\"logo\":{\"@type\":\"ImageObject\",\"inLanguage\":\"de-DE\",\"@id\":\"https:\\\/\\\/www.globalfilter.com\\\/de\\\/#\\\/schema\\\/logo\\\/image\\\/\",\"url\":\"https:\\\/\\\/www.globalfilter.com\\\/wp-content\\\/uploads\\\/2019\\\/06\\\/FGC-logo-1.png\",\"contentUrl\":\"https:\\\/\\\/www.globalfilter.com\\\/wp-content\\\/uploads\\\/2019\\\/06\\\/FGC-logo-1.png\",\"width\":1104,\"height\":224,\"caption\":\"Global filter\"},\"image\":{\"@id\":\"https:\\\/\\\/www.globalfilter.com\\\/de\\\/#\\\/schema\\\/logo\\\/image\\\/\"},\"sameAs\":[\"https:\\\/\\\/www.linkedin.com\\\/company\\\/global-filter-llc\"]}]}<\/script>\n<!-- \/ Yoast SEO plugin. -->","yoast_head_json":{"title":"Produktliteratur - Global Filter","description":"Hochwertige Produkte mit innovativem Design, die jeder Herausforderung f\u00fcr unseren globalen Kundenstamm gerecht werden.","robots":{"index":"index","follow":"follow","max-snippet":"max-snippet:-1","max-image-preview":"max-image-preview:large","max-video-preview":"max-video-preview:-1"},"canonical":"https:\/\/www.globalfilter.com\/de\/ressourcen\/produktliteratur\/","og_locale":"de_DE","og_type":"article","og_title":"Produktliteratur - Global Filter","og_description":"Hochwertige Produkte mit innovativem Design, die jeder Herausforderung f\u00fcr unseren globalen Kundenstamm gerecht werden.","og_url":"https:\/\/www.globalfilter.com\/de\/ressourcen\/produktliteratur\/","og_site_name":"Global Filter","article_modified_time":"2023-03-29T14:08:20+00:00","og_image":[{"url":"https:\/\/www.globalfilter.com\/wp-content\/uploads\/2019\/10\/hd_catalog.jpg","type":"","width":"","height":""}],"twitter_card":"summary_large_image","twitter_misc":{"Gesch\u00e4tzte Lesezeit":"1 Minute"},"schema":{"@context":"https:\/\/schema.org","@graph":[{"@type":"WebPage","@id":"https:\/\/www.globalfilter.com\/de\/ressourcen\/produktliteratur\/","url":"https:\/\/www.globalfilter.com\/de\/ressourcen\/produktliteratur\/","name":"Produktliteratur - Global Filter","isPartOf":{"@id":"https:\/\/www.globalfilter.com\/de\/#website"},"primaryImageOfPage":{"@id":"https:\/\/www.globalfilter.com\/de\/ressourcen\/produktliteratur\/#primaryimage"},"image":{"@id":"https:\/\/www.globalfilter.com\/de\/ressourcen\/produktliteratur\/#primaryimage"},"thumbnailUrl":"https:\/\/www.globalfilter.com\/wp-content\/uploads\/2019\/10\/hd_catalog.jpg","datePublished":"2020-02-03T18:15:33+00:00","dateModified":"2023-03-29T14:08:20+00:00","description":"Hochwertige Produkte mit innovativem Design, die jeder Herausforderung f\u00fcr unseren globalen Kundenstamm gerecht werden.","breadcrumb":{"@id":"https:\/\/www.globalfilter.com\/de\/ressourcen\/produktliteratur\/#breadcrumb"},"inLanguage":"de-DE","potentialAction":[{"@type":"ReadAction","target":["https:\/\/www.globalfilter.com\/de\/ressourcen\/produktliteratur\/"]}]},{"@type":"ImageObject","inLanguage":"de-DE","@id":"https:\/\/www.globalfilter.com\/de\/ressourcen\/produktliteratur\/#primaryimage","url":"https:\/\/www.globalfilter.com\/wp-content\/uploads\/2019\/10\/hd_catalog.jpg","contentUrl":"https:\/\/www.globalfilter.com\/wp-content\/uploads\/2019\/10\/hd_catalog.jpg"},{"@type":"BreadcrumbList","@id":"https:\/\/www.globalfilter.com\/de\/ressourcen\/produktliteratur\/#breadcrumb","itemListElement":[{"@type":"ListItem","position":1,"name":"home","item":"https:\/\/www.globalfilter.com\/de\/"},{"@type":"ListItem","position":2,"name":"Ressourcen","item":"https:\/\/www.globalfilter.com\/de\/ressourcen\/"},{"@type":"ListItem","position":3,"name":"Produktliteratur"}]},{"@type":"WebSite","@id":"https:\/\/www.globalfilter.com\/de\/#website","url":"https:\/\/www.globalfilter.com\/de\/","name":"Global Filter","description":"Making the World Safer, Healthier and More Productive","publisher":{"@id":"https:\/\/www.globalfilter.com\/de\/#organization"},"potentialAction":[{"@type":"SearchAction","target":{"@type":"EntryPoint","urlTemplate":"https:\/\/www.globalfilter.com\/de\/?s={search_term_string}"},"query-input":{"@type":"PropertyValueSpecification","valueRequired":true,"valueName":"search_term_string"}}],"inLanguage":"de-DE"},{"@type":"Organization","@id":"https:\/\/www.globalfilter.com\/de\/#organization","name":"Global filter","url":"https:\/\/www.globalfilter.com\/de\/","logo":{"@type":"ImageObject","inLanguage":"de-DE","@id":"https:\/\/www.globalfilter.com\/de\/#\/schema\/logo\/image\/","url":"https:\/\/www.globalfilter.com\/wp-content\/uploads\/2019\/06\/FGC-logo-1.png","contentUrl":"https:\/\/www.globalfilter.com\/wp-content\/uploads\/2019\/06\/FGC-logo-1.png","width":1104,"height":224,"caption":"Global filter"},"image":{"@id":"https:\/\/www.globalfilter.com\/de\/#\/schema\/logo\/image\/"},"sameAs":["https:\/\/www.linkedin.com\/company\/global-filter-llc"]}]}},"_links":{"self":[{"href":"https:\/\/www.globalfilter.com\/de\/wp-json\/wp\/v2\/pages\/1520","targetHints":{"allow":["GET"]}}],"collection":[{"href":"https:\/\/www.globalfilter.com\/de\/wp-json\/wp\/v2\/pages"}],"about":[{"href":"https:\/\/www.globalfilter.com\/de\/wp-json\/wp\/v2\/types\/page"}],"author":[{"embeddable":true,"href":"https:\/\/www.globalfilter.com\/de\/wp-json\/wp\/v2\/users\/3"}],"replies":[{"embeddable":true,"href":"https:\/\/www.globalfilter.com\/de\/wp-json\/wp\/v2\/comments?post=1520"}],"version-history":[{"count":0,"href":"https:\/\/www.globalfilter.com\/de\/wp-json\/wp\/v2\/pages\/1520\/revisions"}],"up":[{"embeddable":true,"href":"https:\/\/www.globalfilter.com\/de\/wp-json\/wp\/v2\/pages\/1502"}],"wp:attachment":[{"href":"https:\/\/www.globalfilter.com\/de\/wp-json\/wp\/v2\/media?parent=1520"}],"curies":[{"name":"wp","href":"https:\/\/api.w.org\/{rel}","templated":true}]}}