{"id":1521,"date":"2020-02-03T18:15:33","date_gmt":"2020-02-03T18:15:33","guid":{"rendered":"https:\/\/www.globalfilter.com\/produkte\/filtergehause\/"},"modified":"2022-11-21T16:33:22","modified_gmt":"2022-11-21T16:33:22","slug":"filtergehause","status":"publish","type":"page","link":"https:\/\/www.globalfilter.com\/de\/produkte\/filtergehause\/","title":{"rendered":"Filtergeh\u00e4use"},"content":{"rendered":"\n<div class=\"wp-block-cover alignfull\" style=\"min-height:200px;aspect-ratio:unset;\"><span aria-hidden=\"true\" class=\"wp-block-cover__background has-blue-background-color has-background-dim\"><\/span><img decoding=\"async\" class=\"wp-block-cover__image-background wp-image-362\" alt=\"\" src=\"https:\/\/www.globalfilter.com\/wp-content\/uploads\/2021\/08\/Gen2-Web-Banner-origional.jpg\" data-object-fit=\"cover\" \/><div class=\"wp-block-cover__inner-container is-layout-flow wp-block-cover-is-layout-flow\">\n<h1 class=\"has-text-align-center wp-block-heading\" id=\"h-filtergeh-use\">Filtergeh\u00e4use<\/h1>\n<\/div><\/div>\n\n\n\n<!--Close-->\t\n<\/div><\/div><\/section>\n<!--Menu-->\n<div class=\"no-top-margin\">\n<div class=\"msb-sticky-bar\">\n<div class=\"container\">\n  <div class=\"row\">\n    <div class=\"col-sm text-center\">\n      <a href=\"https:\/\/www.globalfilter.com\/de\/kontaktieren-sie-uns\/\" class=\"btn btn-primary solution-trigger\">Fordern Sie ein Angebot an<\/a>\n    <\/div>\n  <\/div>\n<\/div>\n<\/div>\n<\/div>\n<!--Open-->\n<section class=\"container\"><div class=\"row\"><div class=\"col-md-12\">\n\n\n\n<div class=\"wp-block-buttons is-horizontal is-content-justification-center is-layout-flex wp-container-core-buttons-is-layout-499968f5 wp-block-buttons-is-layout-flex\">\n<div class=\"wp-block-button\"><a class=\"wp-block-button__link has-green-background-color has-background\" href=\"https:\/\/www.globalfilter.com\/wp-content\/uploads\/2022\/01\/Global-Filter-EU_Housing-Stock-list-23-April-2026.pdf\">Europ\u00e4isches Filtergeh\u00e4usesinvent\u00e4r Herunterladen <\/a><\/div>\n<\/div>\n\n\n\n<div class=\"wp-block-columns has-2-columns anm-columns is-layout-flex wp-container-core-columns-is-layout-9d6595d7 wp-block-columns-is-layout-flex\">\n<div class=\"wp-block-column is-layout-flow wp-block-column-is-layout-flow\">\n<figure class=\"wp-block-image\"><img loading=\"lazy\" decoding=\"async\" width=\"918\" height=\"516\" src=\"https:\/\/www.globalfilter.com\/wp-content\/uploads\/2019\/09\/Cartridge-Vessels.jpg\" alt=\"Filterkerzengeh\u00e4use\" class=\"wp-image-545\" srcset=\"https:\/\/www.globalfilter.com\/wp-content\/uploads\/2019\/09\/Cartridge-Vessels.jpg 918w, https:\/\/www.globalfilter.com\/wp-content\/uploads\/2019\/09\/Cartridge-Vessels-300x169.jpg 300w, https:\/\/www.globalfilter.com\/wp-content\/uploads\/2019\/09\/Cartridge-Vessels-768x432.jpg 768w\" sizes=\"auto, (max-width: 918px) 100vw, 918px\" \/><\/figure>\n\n\n\n<h4 class=\"wp-block-heading\" id=\"h-filterkerzengeh-use\">Filterkerzengeh\u00e4use<\/h4>\n\n\n\n<p>Anpassungsf\u00e4hig und geeignet f\u00fcr die Entfernung von Verunreinigungen in einer Vielzahl von industriellen und kommerziellen Anwendungen<\/p>\n\n\n\n<div class=\"wp-block-button\"><a class=\"wp-block-button__link has-white-color has-green-background-color has-text-color has-background\" href=\"https:\/\/www.globalfilter.com\/de\/produkte\/filtergehause\/kerzenfiltergehause\/\">Mehr erfahren<\/a><\/div>\n<\/div>\n\n\n\n<div class=\"wp-block-column is-layout-flow wp-block-column-is-layout-flow\">\n<figure class=\"wp-block-image\"><img loading=\"lazy\" decoding=\"async\" width=\"746\" height=\"420\" src=\"https:\/\/www.globalfilter.com\/wp-content\/uploads\/2019\/09\/Bag-Vessels.jpg\" alt=\"Beutelfiltergeh\u00e4use\" class=\"wp-image-543\" srcset=\"https:\/\/www.globalfilter.com\/wp-content\/uploads\/2019\/09\/Bag-Vessels.jpg 746w, https:\/\/www.globalfilter.com\/wp-content\/uploads\/2019\/09\/Bag-Vessels-300x169.jpg 300w\" sizes=\"auto, (max-width: 746px) 100vw, 746px\" \/><\/figure>\n\n\n\n<h4 class=\"wp-block-heading\" id=\"h-beutelfiltergeh-use\">Beutelfiltergeh\u00e4use<\/h4>\n\n\n\n<p>Anpassungsf\u00e4hig und geeignet f\u00fcr die Entfernung von Verunreinigungen in einer Vielzahl von industriellen und kommerziellen Anwendungen mit hohem Durchfluss<\/p>\n\n\n\n<div class=\"wp-block-button\"><a class=\"wp-block-button__link has-white-color has-green-background-color has-text-color has-background\" href=\"https:\/\/www.globalfilter.com\/de\/produkte\/filtergehause\/beutelfiltergehause\/\">Mehr erfahren<\/a><\/div>\n<\/div>\n<\/div>\n","protected":false},"excerpt":{"rendered":"<p>Fordern Sie ein Angebot an Filterkerzengeh\u00e4use Anpassungsf\u00e4hig und geeignet f\u00fcr die Entfernung von Verunreinigungen in einer Vielzahl von industriellen und kommerziellen Anwendungen Beutelfiltergeh\u00e4use Anpassungsf\u00e4hig und geeignet f\u00fcr die Entfernung von Verunreinigungen in einer Vielzahl von industriellen und kommerziellen Anwendungen mit hohem Durchfluss<\/p>\n","protected":false},"author":3,"featured_media":0,"parent":1504,"menu_order":0,"comment_status":"closed","ping_status":"closed","template":"","meta":{"_acf_changed":false,"content-type":"","footnotes":""},"class_list":["post-1521","page","type-page","status-publish","hentry"],"acf":[],"yoast_head":"<!-- This site is optimized with the Yoast SEO plugin v27.3 - https:\/\/yoast.com\/product\/yoast-seo-wordpress\/ -->\n<title>Filtergeh\u00e4use - Global Filter %<\/title>\n<meta name=\"description\" content=\"Die Filtergeh\u00e4use von Global Filter, die sowohl in ASME Code-Designs als auch ohne ASME Code-Designs angeboten werden, erf\u00fcllen die Prozessanforderungen f\u00fcr zahlreiche Anforderungen und Branchen. %Filtergeh\u00e4use auf Lager\" \/>\n<meta name=\"robots\" content=\"index, follow, max-snippet:-1, max-image-preview:large, max-video-preview:-1\" \/>\n<link rel=\"canonical\" href=\"https:\/\/www.globalfilter.com\/de\/produkte\/filtergehause\/\" \/>\n<meta property=\"og:locale\" content=\"de_DE\" \/>\n<meta property=\"og:type\" content=\"article\" \/>\n<meta property=\"og:title\" content=\"Filtergeh\u00e4use - Global Filter %\" \/>\n<meta property=\"og:description\" content=\"Die Filtergeh\u00e4use von Global Filter, die sowohl in ASME Code-Designs als auch ohne ASME Code-Designs angeboten werden, erf\u00fcllen die Prozessanforderungen f\u00fcr zahlreiche Anforderungen und Branchen. %Filtergeh\u00e4use auf Lager\" \/>\n<meta property=\"og:url\" content=\"https:\/\/www.globalfilter.com\/de\/produkte\/filtergehause\/\" \/>\n<meta property=\"og:site_name\" content=\"Global Filter\" \/>\n<meta property=\"article:modified_time\" content=\"2022-11-21T16:33:22+00:00\" \/>\n<meta property=\"og:image\" content=\"https:\/\/www.globalfilter.com\/wp-content\/uploads\/2021\/08\/Gen2-Web-Banner-origional.jpg\" \/>\n<meta name=\"twitter:card\" content=\"summary_large_image\" \/>\n<meta name=\"twitter:label1\" content=\"Gesch\u00e4tzte Lesezeit\" \/>\n\t<meta name=\"twitter:data1\" content=\"1 Minute\" \/>\n<script type=\"application\/ld+json\" class=\"yoast-schema-graph\">{\"@context\":\"https:\\\/\\\/schema.org\",\"@graph\":[{\"@type\":\"WebPage\",\"@id\":\"https:\\\/\\\/www.globalfilter.com\\\/de\\\/produkte\\\/filtergehause\\\/\",\"url\":\"https:\\\/\\\/www.globalfilter.com\\\/de\\\/produkte\\\/filtergehause\\\/\",\"name\":\"Filtergeh\u00e4use - Global Filter %\",\"isPartOf\":{\"@id\":\"https:\\\/\\\/www.globalfilter.com\\\/de\\\/#website\"},\"primaryImageOfPage\":{\"@id\":\"https:\\\/\\\/www.globalfilter.com\\\/de\\\/produkte\\\/filtergehause\\\/#primaryimage\"},\"image\":{\"@id\":\"https:\\\/\\\/www.globalfilter.com\\\/de\\\/produkte\\\/filtergehause\\\/#primaryimage\"},\"thumbnailUrl\":\"https:\\\/\\\/www.globalfilter.com\\\/wp-content\\\/uploads\\\/2021\\\/08\\\/Gen2-Web-Banner-origional.jpg\",\"datePublished\":\"2020-02-03T18:15:33+00:00\",\"dateModified\":\"2022-11-21T16:33:22+00:00\",\"description\":\"Die Filtergeh\u00e4use von Global Filter, die sowohl in ASME Code-Designs als auch ohne ASME Code-Designs angeboten werden, erf\u00fcllen die Prozessanforderungen f\u00fcr zahlreiche Anforderungen und Branchen. %Filtergeh\u00e4use auf Lager\",\"breadcrumb\":{\"@id\":\"https:\\\/\\\/www.globalfilter.com\\\/de\\\/produkte\\\/filtergehause\\\/#breadcrumb\"},\"inLanguage\":\"de-DE\",\"potentialAction\":[{\"@type\":\"ReadAction\",\"target\":[\"https:\\\/\\\/www.globalfilter.com\\\/de\\\/produkte\\\/filtergehause\\\/\"]}]},{\"@type\":\"ImageObject\",\"inLanguage\":\"de-DE\",\"@id\":\"https:\\\/\\\/www.globalfilter.com\\\/de\\\/produkte\\\/filtergehause\\\/#primaryimage\",\"url\":\"https:\\\/\\\/www.globalfilter.com\\\/wp-content\\\/uploads\\\/2021\\\/08\\\/Gen2-Web-Banner-origional.jpg\",\"contentUrl\":\"https:\\\/\\\/www.globalfilter.com\\\/wp-content\\\/uploads\\\/2021\\\/08\\\/Gen2-Web-Banner-origional.jpg\"},{\"@type\":\"BreadcrumbList\",\"@id\":\"https:\\\/\\\/www.globalfilter.com\\\/de\\\/produkte\\\/filtergehause\\\/#breadcrumb\",\"itemListElement\":[{\"@type\":\"ListItem\",\"position\":1,\"name\":\"home\",\"item\":\"https:\\\/\\\/www.globalfilter.com\\\/de\\\/\"},{\"@type\":\"ListItem\",\"position\":2,\"name\":\"Produkte\",\"item\":\"https:\\\/\\\/www.globalfilter.com\\\/de\\\/produkte\\\/\"},{\"@type\":\"ListItem\",\"position\":3,\"name\":\"Filtergeh\u00e4use\"}]},{\"@type\":\"WebSite\",\"@id\":\"https:\\\/\\\/www.globalfilter.com\\\/de\\\/#website\",\"url\":\"https:\\\/\\\/www.globalfilter.com\\\/de\\\/\",\"name\":\"Global Filter\",\"description\":\"Making the World Safer, Healthier and More Productive\",\"publisher\":{\"@id\":\"https:\\\/\\\/www.globalfilter.com\\\/de\\\/#organization\"},\"potentialAction\":[{\"@type\":\"SearchAction\",\"target\":{\"@type\":\"EntryPoint\",\"urlTemplate\":\"https:\\\/\\\/www.globalfilter.com\\\/de\\\/?s={search_term_string}\"},\"query-input\":{\"@type\":\"PropertyValueSpecification\",\"valueRequired\":true,\"valueName\":\"search_term_string\"}}],\"inLanguage\":\"de-DE\"},{\"@type\":\"Organization\",\"@id\":\"https:\\\/\\\/www.globalfilter.com\\\/de\\\/#organization\",\"name\":\"Global filter\",\"url\":\"https:\\\/\\\/www.globalfilter.com\\\/de\\\/\",\"logo\":{\"@type\":\"ImageObject\",\"inLanguage\":\"de-DE\",\"@id\":\"https:\\\/\\\/www.globalfilter.com\\\/de\\\/#\\\/schema\\\/logo\\\/image\\\/\",\"url\":\"https:\\\/\\\/www.globalfilter.com\\\/wp-content\\\/uploads\\\/2019\\\/06\\\/FGC-logo-1.png\",\"contentUrl\":\"https:\\\/\\\/www.globalfilter.com\\\/wp-content\\\/uploads\\\/2019\\\/06\\\/FGC-logo-1.png\",\"width\":1104,\"height\":224,\"caption\":\"Global filter\"},\"image\":{\"@id\":\"https:\\\/\\\/www.globalfilter.com\\\/de\\\/#\\\/schema\\\/logo\\\/image\\\/\"},\"sameAs\":[\"https:\\\/\\\/www.linkedin.com\\\/company\\\/global-filter-llc\"]}]}<\/script>\n<!-- \/ Yoast SEO plugin. -->","yoast_head_json":{"title":"Filtergeh\u00e4use - Global Filter %","description":"Die Filtergeh\u00e4use von Global Filter, die sowohl in ASME Code-Designs als auch ohne ASME Code-Designs angeboten werden, erf\u00fcllen die Prozessanforderungen f\u00fcr zahlreiche Anforderungen und Branchen. %Filtergeh\u00e4use auf Lager","robots":{"index":"index","follow":"follow","max-snippet":"max-snippet:-1","max-image-preview":"max-image-preview:large","max-video-preview":"max-video-preview:-1"},"canonical":"https:\/\/www.globalfilter.com\/de\/produkte\/filtergehause\/","og_locale":"de_DE","og_type":"article","og_title":"Filtergeh\u00e4use - Global Filter %","og_description":"Die Filtergeh\u00e4use von Global Filter, die sowohl in ASME Code-Designs als auch ohne ASME Code-Designs angeboten werden, erf\u00fcllen die Prozessanforderungen f\u00fcr zahlreiche Anforderungen und Branchen. %Filtergeh\u00e4use auf Lager","og_url":"https:\/\/www.globalfilter.com\/de\/produkte\/filtergehause\/","og_site_name":"Global Filter","article_modified_time":"2022-11-21T16:33:22+00:00","og_image":[{"url":"https:\/\/www.globalfilter.com\/wp-content\/uploads\/2021\/08\/Gen2-Web-Banner-origional.jpg","type":"","width":"","height":""}],"twitter_card":"summary_large_image","twitter_misc":{"Gesch\u00e4tzte Lesezeit":"1 Minute"},"schema":{"@context":"https:\/\/schema.org","@graph":[{"@type":"WebPage","@id":"https:\/\/www.globalfilter.com\/de\/produkte\/filtergehause\/","url":"https:\/\/www.globalfilter.com\/de\/produkte\/filtergehause\/","name":"Filtergeh\u00e4use - Global Filter %","isPartOf":{"@id":"https:\/\/www.globalfilter.com\/de\/#website"},"primaryImageOfPage":{"@id":"https:\/\/www.globalfilter.com\/de\/produkte\/filtergehause\/#primaryimage"},"image":{"@id":"https:\/\/www.globalfilter.com\/de\/produkte\/filtergehause\/#primaryimage"},"thumbnailUrl":"https:\/\/www.globalfilter.com\/wp-content\/uploads\/2021\/08\/Gen2-Web-Banner-origional.jpg","datePublished":"2020-02-03T18:15:33+00:00","dateModified":"2022-11-21T16:33:22+00:00","description":"Die Filtergeh\u00e4use von Global Filter, die sowohl in ASME Code-Designs als auch ohne ASME Code-Designs angeboten werden, erf\u00fcllen die Prozessanforderungen f\u00fcr zahlreiche Anforderungen und Branchen. %Filtergeh\u00e4use auf Lager","breadcrumb":{"@id":"https:\/\/www.globalfilter.com\/de\/produkte\/filtergehause\/#breadcrumb"},"inLanguage":"de-DE","potentialAction":[{"@type":"ReadAction","target":["https:\/\/www.globalfilter.com\/de\/produkte\/filtergehause\/"]}]},{"@type":"ImageObject","inLanguage":"de-DE","@id":"https:\/\/www.globalfilter.com\/de\/produkte\/filtergehause\/#primaryimage","url":"https:\/\/www.globalfilter.com\/wp-content\/uploads\/2021\/08\/Gen2-Web-Banner-origional.jpg","contentUrl":"https:\/\/www.globalfilter.com\/wp-content\/uploads\/2021\/08\/Gen2-Web-Banner-origional.jpg"},{"@type":"BreadcrumbList","@id":"https:\/\/www.globalfilter.com\/de\/produkte\/filtergehause\/#breadcrumb","itemListElement":[{"@type":"ListItem","position":1,"name":"home","item":"https:\/\/www.globalfilter.com\/de\/"},{"@type":"ListItem","position":2,"name":"Produkte","item":"https:\/\/www.globalfilter.com\/de\/produkte\/"},{"@type":"ListItem","position":3,"name":"Filtergeh\u00e4use"}]},{"@type":"WebSite","@id":"https:\/\/www.globalfilter.com\/de\/#website","url":"https:\/\/www.globalfilter.com\/de\/","name":"Global Filter","description":"Making the World Safer, Healthier and More Productive","publisher":{"@id":"https:\/\/www.globalfilter.com\/de\/#organization"},"potentialAction":[{"@type":"SearchAction","target":{"@type":"EntryPoint","urlTemplate":"https:\/\/www.globalfilter.com\/de\/?s={search_term_string}"},"query-input":{"@type":"PropertyValueSpecification","valueRequired":true,"valueName":"search_term_string"}}],"inLanguage":"de-DE"},{"@type":"Organization","@id":"https:\/\/www.globalfilter.com\/de\/#organization","name":"Global filter","url":"https:\/\/www.globalfilter.com\/de\/","logo":{"@type":"ImageObject","inLanguage":"de-DE","@id":"https:\/\/www.globalfilter.com\/de\/#\/schema\/logo\/image\/","url":"https:\/\/www.globalfilter.com\/wp-content\/uploads\/2019\/06\/FGC-logo-1.png","contentUrl":"https:\/\/www.globalfilter.com\/wp-content\/uploads\/2019\/06\/FGC-logo-1.png","width":1104,"height":224,"caption":"Global filter"},"image":{"@id":"https:\/\/www.globalfilter.com\/de\/#\/schema\/logo\/image\/"},"sameAs":["https:\/\/www.linkedin.com\/company\/global-filter-llc"]}]}},"_links":{"self":[{"href":"https:\/\/www.globalfilter.com\/de\/wp-json\/wp\/v2\/pages\/1521","targetHints":{"allow":["GET"]}}],"collection":[{"href":"https:\/\/www.globalfilter.com\/de\/wp-json\/wp\/v2\/pages"}],"about":[{"href":"https:\/\/www.globalfilter.com\/de\/wp-json\/wp\/v2\/types\/page"}],"author":[{"embeddable":true,"href":"https:\/\/www.globalfilter.com\/de\/wp-json\/wp\/v2\/users\/3"}],"replies":[{"embeddable":true,"href":"https:\/\/www.globalfilter.com\/de\/wp-json\/wp\/v2\/comments?post=1521"}],"version-history":[{"count":0,"href":"https:\/\/www.globalfilter.com\/de\/wp-json\/wp\/v2\/pages\/1521\/revisions"}],"up":[{"embeddable":true,"href":"https:\/\/www.globalfilter.com\/de\/wp-json\/wp\/v2\/pages\/1504"}],"wp:attachment":[{"href":"https:\/\/www.globalfilter.com\/de\/wp-json\/wp\/v2\/media?parent=1521"}],"curies":[{"name":"wp","href":"https:\/\/api.w.org\/{rel}","templated":true}]}}