{"id":1525,"date":"2020-02-03T18:15:36","date_gmt":"2020-02-03T18:15:36","guid":{"rendered":"https:\/\/www.globalfilter.com\/plissierte-filterkerzen\/mikroglasfaser\/"},"modified":"2026-01-05T16:51:40","modified_gmt":"2026-01-05T16:51:40","slug":"mikroglasfaser","status":"publish","type":"page","link":"https:\/\/www.globalfilter.com\/de\/produkte\/plissierte-filterkerzen\/mikroglasfaser\/","title":{"rendered":"Mikroglasfaser"},"content":{"rendered":"\n<div class=\"wp-block-cover alignfull\" style=\"min-height:200px;aspect-ratio:unset;\"><img decoding=\"async\" class=\"wp-block-cover__image-background wp-image-362\" alt=\"\" src=\"https:\/\/www.globalfilter.com\/wp-content\/uploads\/2021\/08\/Gen2-Web-Banner-origional.jpg\" data-object-fit=\"cover\" \/><span aria-hidden=\"true\" class=\"wp-block-cover__background has-blue-background-color has-background-dim\"><\/span><div class=\"wp-block-cover__inner-container is-layout-flow wp-block-cover-is-layout-flow\">\n<h1 class=\"wp-block-heading has-text-align-center\" id=\"h-plissierte-mikroglasfaser-filterkerzen\">Plissierte Mikroglasfaser-Filterkerzen<\/h1>\n<\/div><\/div>\n\n\n\n<p>Die hochreinen plissierten Borsilikat-Mikroglasfaser-Filtermedien bieten eine hocheffiziente Abscheidung von Partikeln aus fl\u00fcssigen und gasf\u00f6rmigen Medienstr\u00f6men. Diese Serie wird wegen ihrer \u00fcberlegenen R\u00fcckhalteeffizienz, dem geringen Druckabfall und der h\u00f6heren Schmutzaufnahmekapazit\u00e4t im Vergleich zu alternativen Medien gesch\u00e4tzt. Die Medien sind f\u00fcr den Kontakt mit Lebensmitteln und Trinkwasser geeignet und erf\u00fcllen die hohen Leistungsanforderungen in der Produktion von Lebensmitteln und Mineralwasser. Sie wird weit verbreitet auch bei Prozesswasser, Schmiermitteln und einer Reihe von Feinchemikalien eingesetzt. Hergestellt in einer Reinraumumgebung, um ein hohes Ma\u00df an Reinheit und Sauberkeit zu gew\u00e4hrleisten. Wird sowohl in absoluten (bis zu 99,98&nbsp;% Abscheidung) als auch nominalen (90&nbsp;% Abscheidung) Klassen in g\u00e4ngigen Adapterkonfigurationen angeboten. <\/p>\n\n\n\n<div class=\"wp-block-columns has-2-columns is-layout-flex wp-container-core-columns-is-layout-9d6595d7 wp-block-columns-is-layout-flex\">\n<div class=\"wp-block-column is-layout-flow wp-block-column-is-layout-flow\">\n<figure class=\"wp-block-image\"><img loading=\"lazy\" decoding=\"async\" width=\"884\" height=\"497\" src=\"https:\/\/www.globalfilter.com\/wp-content\/uploads\/2019\/09\/FGE-Series-Pleated-Depth-Cartridges.jpg\" alt=\"Plissierte Tiefenfilterkerzen der FGE-Serie\" class=\"wp-image-581\" srcset=\"https:\/\/www.globalfilter.com\/wp-content\/uploads\/2019\/09\/FGE-Series-Pleated-Depth-Cartridges.jpg 884w, https:\/\/www.globalfilter.com\/wp-content\/uploads\/2019\/09\/FGE-Series-Pleated-Depth-Cartridges-300x169.jpg 300w, https:\/\/www.globalfilter.com\/wp-content\/uploads\/2019\/09\/FGE-Series-Pleated-Depth-Cartridges-768x432.jpg 768w\" sizes=\"auto, (max-width: 884px) 100vw, 884px\" \/><\/figure>\n\n\n\n<div class=\"wp-block-file aligncenter btn-file\"><a href=\"https:\/\/www.globalfilter.com\/wp-content\/uploads\/2021\/03\/Plissierte-Economy-Mikroglasfasermedien-der-Serie-FGE-DS-2021.pdf\" class=\"wp-block-file__button\">Datenblatt herunterladen<\/a><\/div>\n<\/div>\n\n\n\n<div class=\"wp-block-column is-layout-flow wp-block-column-is-layout-flow\">\n<h2 class=\"wp-block-heading\" id=\"h-plissierte-economy-mikroglasfasermedien-der-serie-fge\">Plissierte Economy-Mikroglasfasermedien der Serie FGE<\/h2>\n\n\n\n<p>FGE-Series High Purity Economy Grade Pleated Borosilicate Microglass Filter Cartridges offer high-efficiency retention of particulate matter from liquid and gaseous fluid streams. Favored for its superior retention efficiency, low pressure drop, and greater contaminant loading capacity relative to alternative medias. The FGE-Series is often the preferred choice when the application calls for a more economical option or where the 2.5\u201d OD is required. Also, the polyester hardware construction allows extended temperature use (up to 200\u00b0F). <br><br>Suitable for food and potable water contact, the FGE-Series meets the high-performance demands in food and beverage production. Also suitable for use in a broad range of applications, including process water, lubricants, and a range of fine chemicals. Manufactured in a clean-room environment to maintain high standards of purity and cleanliness. <br><br>Offered in both absolute-rated (up to 99.98% retention) and nominally-rated (90% retention) grades in common adapter configurations. <\/p>\n\n\n\n<p><strong>Typische Anwendungen<\/strong><\/p>\n\n\n\n<ul class=\"wp-block-list\">\n<li>Lebensmittel und Getr\u00e4nke<\/li>\n\n\n\n<li>Entionisiertes Wasser<\/li>\n\n\n\n<li>Prozesswasser<\/li>\n\n\n\n<li>Feinchemikalien<\/li>\n\n\n\n<li>RO-Vorfiltration<\/li>\n\n\n\n<li>Abwasser<\/li>\n\n\n\n<li>Produziertes Wasser<\/li>\n\n\n\n<li>Weinkl\u00e4rung<\/li>\n\n\n\n<li>S\u00fc\u00dfstoffe<\/li>\n<\/ul>\n\n\n\n<p><strong>Ma\u00dfe<\/strong><\/p>\n\n\n\n<p>L\u00e4nge: 10 bis 40 Zoll (25,4 bis 101,6&nbsp;cm) nominal<\/p>\n\n\n\n<p>Au\u00dfendurchmesser: 2,5 Zoll (6,35&nbsp;cm) nominal<\/p>\n<\/div>\n<\/div>\n\n\n\n<hr class=\"wp-block-separator has-css-opacity is-style-wide\" \/>\n\n\n\n<div class=\"wp-block-columns has-2-columns is-layout-flex wp-container-core-columns-is-layout-9d6595d7 wp-block-columns-is-layout-flex\">\n<div class=\"wp-block-column is-layout-flow wp-block-column-is-layout-flow\">\n<figure class=\"wp-block-image\"><img loading=\"lazy\" decoding=\"async\" width=\"1024\" height=\"576\" src=\"https:\/\/www.globalfilter.com\/wp-content\/uploads\/2019\/09\/FG-Series-Pleated-Depth-Cartridges-1024x576.jpg\" alt=\"Plissierte Tiefenfilterkerzen der FG-Serie\" class=\"wp-image-579\" srcset=\"https:\/\/www.globalfilter.com\/wp-content\/uploads\/2019\/09\/FG-Series-Pleated-Depth-Cartridges-1024x576.jpg 1024w, https:\/\/www.globalfilter.com\/wp-content\/uploads\/2019\/09\/FG-Series-Pleated-Depth-Cartridges-300x169.jpg 300w, https:\/\/www.globalfilter.com\/wp-content\/uploads\/2019\/09\/FG-Series-Pleated-Depth-Cartridges-768x432.jpg 768w, https:\/\/www.globalfilter.com\/wp-content\/uploads\/2019\/09\/FG-Series-Pleated-Depth-Cartridges.jpg 1295w\" sizes=\"auto, (max-width: 1024px) 100vw, 1024px\" \/><\/figure>\n\n\n\n<div class=\"wp-block-file aligncenter btn-file\"><a href=\"https:\/\/www.globalfilter.com\/wp-content\/uploads\/2021\/03\/Plissierte-filterkerzen-FG-D015A-DE-1.pdf\" class=\"wp-block-file__button\">Datenblatt herunterladen<\/a><\/div>\n<\/div>\n\n\n\n<div class=\"wp-block-column is-layout-flow wp-block-column-is-layout-flow\">\n<h2 class=\"wp-block-heading\" id=\"h-plissierte-medien-aus-mikroglasfaser-der-fg-serie\">Plissierte Medien aus Mikroglasfaser der FG-Serie<\/h2>\n\n\n\n<p>Die hochreinen plissierten Borsilikat-Mikroglasfaser-Filterkerzen der FG-Serie bieten eine hocheffiziente R\u00fcckhaltung von Partikeln aus fl\u00fcssigen und gasf\u00f6rmigen Medienstr\u00f6men. Diese Serie wird wegen ihrer \u00fcberlegenen Abscheideeffizienz, dem geringen Differenzdruck und der h\u00f6heren Schmutzaufnahmekapazit\u00e4t im Vergleich zu alternativen Medien sehr gerne verwendet.<br>Die FG-Serie ist f\u00fcr den Kontakt mit Lebensmitteln und Trinkwasser geeignet und erf\u00fcllt die hohen Leistungsanforderungen in der Produktion von Lebensmitteln und Mineralwasser. Sie wird weit verbreitet auch bei Prozesswasser, Schmiermitteln und einer Reihe von Feinchemikalien eingesetzt.<br>Wird sowohl in absoluten (bis zu 99,98 %) als Auch nominalen (90 %) Abscheideeffizienzen und in allen Endkonfigurationen angeboten.<\/p>\n\n\n\n<p><strong>Typische Anwendungen<\/strong><\/p>\n\n\n\n<ul class=\"wp-block-list\">\n<li>Lebensmittel und Getr\u00e4nke<\/li>\n\n\n\n<li>Entionisiertes Wasser<\/li>\n\n\n\n<li>Prozesswasser<\/li>\n\n\n\n<li>Feinchemikalien<\/li>\n\n\n\n<li>Abwasser<\/li>\n\n\n\n<li>Produziertes Wasser<\/li>\n\n\n\n<li>Weinkl\u00e4rung<\/li>\n\n\n\n<li>S\u00fc\u00dfstoffe<\/li>\n<\/ul>\n<\/div>\n<\/div>\n","protected":false},"excerpt":{"rendered":"<p>Die hochreinen plissierten Borsilikat-Mikroglasfaser-Filtermedien bieten eine hocheffiziente Abscheidung von Partikeln aus fl\u00fcssigen und gasf\u00f6rmigen Medienstr\u00f6men. Diese Serie wird wegen ihrer \u00fcberlegenen R\u00fcckhalteeffizienz, dem geringen Druckabfall und der h\u00f6heren Schmutzaufnahmekapazit\u00e4t im Vergleich zu alternativen Medien gesch\u00e4tzt. Die Medien sind f\u00fcr den Kontakt mit Lebensmitteln und Trinkwasser geeignet und erf\u00fcllen die hohen Leistungsanforderungen in der Produktion von [&hellip;]<\/p>\n","protected":false},"author":3,"featured_media":0,"parent":1500,"menu_order":0,"comment_status":"closed","ping_status":"closed","template":"","meta":{"_acf_changed":false,"content-type":"","footnotes":""},"class_list":["post-1525","page","type-page","status-publish","hentry"],"acf":[],"yoast_head":"<!-- This site is optimized with the Yoast SEO plugin v27.3 - https:\/\/yoast.com\/product\/yoast-seo-wordpress\/ -->\n<title>Mikroglasfaser - Global Filter<\/title>\n<meta name=\"description\" content=\"Die hochreinen plissierten Borsilikat-Mikroglasfaser-Filtermedien bieten eine hocheffiziente Abscheidung von Partikeln aus fl\u00fcssigen und gasf\u00f6rmigen Medienstr\u00f6men. Diese Serie wird wegen ihrer \u00fcberlegenen R\u00fcckhalteeffizienz, dem geringen Druckabfall und der h\u00f6heren Schmutzaufnahmekapazit\u00e4t im Vergleich zu alternativen Medien gesch\u00e4tzt.\" \/>\n<meta name=\"robots\" content=\"index, follow, max-snippet:-1, max-image-preview:large, max-video-preview:-1\" \/>\n<link rel=\"canonical\" href=\"https:\/\/www.globalfilter.com\/de\/produkte\/plissierte-filterkerzen\/mikroglasfaser\/\" \/>\n<meta property=\"og:locale\" content=\"de_DE\" \/>\n<meta property=\"og:type\" content=\"article\" \/>\n<meta property=\"og:title\" content=\"Mikroglasfaser - Global Filter\" \/>\n<meta property=\"og:description\" content=\"Die hochreinen plissierten Borsilikat-Mikroglasfaser-Filtermedien bieten eine hocheffiziente Abscheidung von Partikeln aus fl\u00fcssigen und gasf\u00f6rmigen Medienstr\u00f6men. Diese Serie wird wegen ihrer \u00fcberlegenen R\u00fcckhalteeffizienz, dem geringen Druckabfall und der h\u00f6heren Schmutzaufnahmekapazit\u00e4t im Vergleich zu alternativen Medien gesch\u00e4tzt.\" \/>\n<meta property=\"og:url\" content=\"https:\/\/www.globalfilter.com\/de\/produkte\/plissierte-filterkerzen\/mikroglasfaser\/\" \/>\n<meta property=\"og:site_name\" content=\"Global Filter\" \/>\n<meta property=\"article:modified_time\" content=\"2026-01-05T16:51:40+00:00\" \/>\n<meta property=\"og:image\" content=\"https:\/\/www.globalfilter.com\/wp-content\/uploads\/2019\/09\/blank.png\" \/>\n\t<meta property=\"og:image:width\" content=\"1\" \/>\n\t<meta property=\"og:image:height\" content=\"1\" \/>\n\t<meta property=\"og:image:type\" content=\"image\/png\" \/>\n<meta name=\"twitter:card\" content=\"summary_large_image\" \/>\n<meta name=\"twitter:label1\" content=\"Gesch\u00e4tzte Lesezeit\" \/>\n\t<meta name=\"twitter:data1\" content=\"3 Minuten\" \/>\n<script type=\"application\/ld+json\" class=\"yoast-schema-graph\">{\"@context\":\"https:\\\/\\\/schema.org\",\"@graph\":[{\"@type\":\"WebPage\",\"@id\":\"https:\\\/\\\/www.globalfilter.com\\\/de\\\/produkte\\\/plissierte-filterkerzen\\\/mikroglasfaser\\\/\",\"url\":\"https:\\\/\\\/www.globalfilter.com\\\/de\\\/produkte\\\/plissierte-filterkerzen\\\/mikroglasfaser\\\/\",\"name\":\"Mikroglasfaser - Global Filter\",\"isPartOf\":{\"@id\":\"https:\\\/\\\/www.globalfilter.com\\\/de\\\/#website\"},\"primaryImageOfPage\":{\"@id\":\"https:\\\/\\\/www.globalfilter.com\\\/de\\\/produkte\\\/plissierte-filterkerzen\\\/mikroglasfaser\\\/#primaryimage\"},\"image\":{\"@id\":\"https:\\\/\\\/www.globalfilter.com\\\/de\\\/produkte\\\/plissierte-filterkerzen\\\/mikroglasfaser\\\/#primaryimage\"},\"thumbnailUrl\":\"https:\\\/\\\/www.globalfilter.com\\\/wp-content\\\/uploads\\\/2021\\\/08\\\/Gen2-Web-Banner-origional.jpg\",\"datePublished\":\"2020-02-03T18:15:36+00:00\",\"dateModified\":\"2026-01-05T16:51:40+00:00\",\"description\":\"Die hochreinen plissierten Borsilikat-Mikroglasfaser-Filtermedien bieten eine hocheffiziente Abscheidung von Partikeln aus fl\u00fcssigen und gasf\u00f6rmigen Medienstr\u00f6men. Diese Serie wird wegen ihrer \u00fcberlegenen R\u00fcckhalteeffizienz, dem geringen Druckabfall und der h\u00f6heren Schmutzaufnahmekapazit\u00e4t im Vergleich zu alternativen Medien gesch\u00e4tzt.\",\"breadcrumb\":{\"@id\":\"https:\\\/\\\/www.globalfilter.com\\\/de\\\/produkte\\\/plissierte-filterkerzen\\\/mikroglasfaser\\\/#breadcrumb\"},\"inLanguage\":\"de-DE\",\"potentialAction\":[{\"@type\":\"ReadAction\",\"target\":[\"https:\\\/\\\/www.globalfilter.com\\\/de\\\/produkte\\\/plissierte-filterkerzen\\\/mikroglasfaser\\\/\"]}]},{\"@type\":\"ImageObject\",\"inLanguage\":\"de-DE\",\"@id\":\"https:\\\/\\\/www.globalfilter.com\\\/de\\\/produkte\\\/plissierte-filterkerzen\\\/mikroglasfaser\\\/#primaryimage\",\"url\":\"https:\\\/\\\/www.globalfilter.com\\\/wp-content\\\/uploads\\\/2021\\\/08\\\/Gen2-Web-Banner-origional.jpg\",\"contentUrl\":\"https:\\\/\\\/www.globalfilter.com\\\/wp-content\\\/uploads\\\/2021\\\/08\\\/Gen2-Web-Banner-origional.jpg\"},{\"@type\":\"BreadcrumbList\",\"@id\":\"https:\\\/\\\/www.globalfilter.com\\\/de\\\/produkte\\\/plissierte-filterkerzen\\\/mikroglasfaser\\\/#breadcrumb\",\"itemListElement\":[{\"@type\":\"ListItem\",\"position\":1,\"name\":\"home\",\"item\":\"https:\\\/\\\/www.globalfilter.com\\\/de\\\/\"},{\"@type\":\"ListItem\",\"position\":2,\"name\":\"Produkte\",\"item\":\"https:\\\/\\\/www.globalfilter.com\\\/de\\\/produkte\\\/\"},{\"@type\":\"ListItem\",\"position\":3,\"name\":\"Plissierte Filterkerzen\",\"item\":\"https:\\\/\\\/www.globalfilter.com\\\/de\\\/produkte\\\/plissierte-filterkerzen\\\/\"},{\"@type\":\"ListItem\",\"position\":4,\"name\":\"Mikroglasfaser filterkerzen\"}]},{\"@type\":\"WebSite\",\"@id\":\"https:\\\/\\\/www.globalfilter.com\\\/de\\\/#website\",\"url\":\"https:\\\/\\\/www.globalfilter.com\\\/de\\\/\",\"name\":\"Global Filter\",\"description\":\"Making the World Safer, Healthier and More Productive\",\"publisher\":{\"@id\":\"https:\\\/\\\/www.globalfilter.com\\\/de\\\/#organization\"},\"potentialAction\":[{\"@type\":\"SearchAction\",\"target\":{\"@type\":\"EntryPoint\",\"urlTemplate\":\"https:\\\/\\\/www.globalfilter.com\\\/de\\\/?s={search_term_string}\"},\"query-input\":{\"@type\":\"PropertyValueSpecification\",\"valueRequired\":true,\"valueName\":\"search_term_string\"}}],\"inLanguage\":\"de-DE\"},{\"@type\":\"Organization\",\"@id\":\"https:\\\/\\\/www.globalfilter.com\\\/de\\\/#organization\",\"name\":\"Global filter\",\"url\":\"https:\\\/\\\/www.globalfilter.com\\\/de\\\/\",\"logo\":{\"@type\":\"ImageObject\",\"inLanguage\":\"de-DE\",\"@id\":\"https:\\\/\\\/www.globalfilter.com\\\/de\\\/#\\\/schema\\\/logo\\\/image\\\/\",\"url\":\"https:\\\/\\\/www.globalfilter.com\\\/wp-content\\\/uploads\\\/2019\\\/06\\\/FGC-logo-1.png\",\"contentUrl\":\"https:\\\/\\\/www.globalfilter.com\\\/wp-content\\\/uploads\\\/2019\\\/06\\\/FGC-logo-1.png\",\"width\":1104,\"height\":224,\"caption\":\"Global filter\"},\"image\":{\"@id\":\"https:\\\/\\\/www.globalfilter.com\\\/de\\\/#\\\/schema\\\/logo\\\/image\\\/\"},\"sameAs\":[\"https:\\\/\\\/www.linkedin.com\\\/company\\\/global-filter-llc\"]}]}<\/script>\n<!-- \/ Yoast SEO plugin. -->","yoast_head_json":{"title":"Mikroglasfaser - Global Filter","description":"Die hochreinen plissierten Borsilikat-Mikroglasfaser-Filtermedien bieten eine hocheffiziente Abscheidung von Partikeln aus fl\u00fcssigen und gasf\u00f6rmigen Medienstr\u00f6men. Diese Serie wird wegen ihrer \u00fcberlegenen R\u00fcckhalteeffizienz, dem geringen Druckabfall und der h\u00f6heren Schmutzaufnahmekapazit\u00e4t im Vergleich zu alternativen Medien gesch\u00e4tzt.","robots":{"index":"index","follow":"follow","max-snippet":"max-snippet:-1","max-image-preview":"max-image-preview:large","max-video-preview":"max-video-preview:-1"},"canonical":"https:\/\/www.globalfilter.com\/de\/produkte\/plissierte-filterkerzen\/mikroglasfaser\/","og_locale":"de_DE","og_type":"article","og_title":"Mikroglasfaser - Global Filter","og_description":"Die hochreinen plissierten Borsilikat-Mikroglasfaser-Filtermedien bieten eine hocheffiziente Abscheidung von Partikeln aus fl\u00fcssigen und gasf\u00f6rmigen Medienstr\u00f6men. Diese Serie wird wegen ihrer \u00fcberlegenen R\u00fcckhalteeffizienz, dem geringen Druckabfall und der h\u00f6heren Schmutzaufnahmekapazit\u00e4t im Vergleich zu alternativen Medien gesch\u00e4tzt.","og_url":"https:\/\/www.globalfilter.com\/de\/produkte\/plissierte-filterkerzen\/mikroglasfaser\/","og_site_name":"Global Filter","article_modified_time":"2026-01-05T16:51:40+00:00","og_image":[{"width":1,"height":1,"url":"https:\/\/www.globalfilter.com\/wp-content\/uploads\/2019\/09\/blank.png","type":"image\/png"}],"twitter_card":"summary_large_image","twitter_misc":{"Gesch\u00e4tzte Lesezeit":"3 Minuten"},"schema":{"@context":"https:\/\/schema.org","@graph":[{"@type":"WebPage","@id":"https:\/\/www.globalfilter.com\/de\/produkte\/plissierte-filterkerzen\/mikroglasfaser\/","url":"https:\/\/www.globalfilter.com\/de\/produkte\/plissierte-filterkerzen\/mikroglasfaser\/","name":"Mikroglasfaser - Global Filter","isPartOf":{"@id":"https:\/\/www.globalfilter.com\/de\/#website"},"primaryImageOfPage":{"@id":"https:\/\/www.globalfilter.com\/de\/produkte\/plissierte-filterkerzen\/mikroglasfaser\/#primaryimage"},"image":{"@id":"https:\/\/www.globalfilter.com\/de\/produkte\/plissierte-filterkerzen\/mikroglasfaser\/#primaryimage"},"thumbnailUrl":"https:\/\/www.globalfilter.com\/wp-content\/uploads\/2021\/08\/Gen2-Web-Banner-origional.jpg","datePublished":"2020-02-03T18:15:36+00:00","dateModified":"2026-01-05T16:51:40+00:00","description":"Die hochreinen plissierten Borsilikat-Mikroglasfaser-Filtermedien bieten eine hocheffiziente Abscheidung von Partikeln aus fl\u00fcssigen und gasf\u00f6rmigen Medienstr\u00f6men. Diese Serie wird wegen ihrer \u00fcberlegenen R\u00fcckhalteeffizienz, dem geringen Druckabfall und der h\u00f6heren Schmutzaufnahmekapazit\u00e4t im Vergleich zu alternativen Medien gesch\u00e4tzt.","breadcrumb":{"@id":"https:\/\/www.globalfilter.com\/de\/produkte\/plissierte-filterkerzen\/mikroglasfaser\/#breadcrumb"},"inLanguage":"de-DE","potentialAction":[{"@type":"ReadAction","target":["https:\/\/www.globalfilter.com\/de\/produkte\/plissierte-filterkerzen\/mikroglasfaser\/"]}]},{"@type":"ImageObject","inLanguage":"de-DE","@id":"https:\/\/www.globalfilter.com\/de\/produkte\/plissierte-filterkerzen\/mikroglasfaser\/#primaryimage","url":"https:\/\/www.globalfilter.com\/wp-content\/uploads\/2021\/08\/Gen2-Web-Banner-origional.jpg","contentUrl":"https:\/\/www.globalfilter.com\/wp-content\/uploads\/2021\/08\/Gen2-Web-Banner-origional.jpg"},{"@type":"BreadcrumbList","@id":"https:\/\/www.globalfilter.com\/de\/produkte\/plissierte-filterkerzen\/mikroglasfaser\/#breadcrumb","itemListElement":[{"@type":"ListItem","position":1,"name":"home","item":"https:\/\/www.globalfilter.com\/de\/"},{"@type":"ListItem","position":2,"name":"Produkte","item":"https:\/\/www.globalfilter.com\/de\/produkte\/"},{"@type":"ListItem","position":3,"name":"Plissierte Filterkerzen","item":"https:\/\/www.globalfilter.com\/de\/produkte\/plissierte-filterkerzen\/"},{"@type":"ListItem","position":4,"name":"Mikroglasfaser filterkerzen"}]},{"@type":"WebSite","@id":"https:\/\/www.globalfilter.com\/de\/#website","url":"https:\/\/www.globalfilter.com\/de\/","name":"Global Filter","description":"Making the World Safer, Healthier and More Productive","publisher":{"@id":"https:\/\/www.globalfilter.com\/de\/#organization"},"potentialAction":[{"@type":"SearchAction","target":{"@type":"EntryPoint","urlTemplate":"https:\/\/www.globalfilter.com\/de\/?s={search_term_string}"},"query-input":{"@type":"PropertyValueSpecification","valueRequired":true,"valueName":"search_term_string"}}],"inLanguage":"de-DE"},{"@type":"Organization","@id":"https:\/\/www.globalfilter.com\/de\/#organization","name":"Global filter","url":"https:\/\/www.globalfilter.com\/de\/","logo":{"@type":"ImageObject","inLanguage":"de-DE","@id":"https:\/\/www.globalfilter.com\/de\/#\/schema\/logo\/image\/","url":"https:\/\/www.globalfilter.com\/wp-content\/uploads\/2019\/06\/FGC-logo-1.png","contentUrl":"https:\/\/www.globalfilter.com\/wp-content\/uploads\/2019\/06\/FGC-logo-1.png","width":1104,"height":224,"caption":"Global filter"},"image":{"@id":"https:\/\/www.globalfilter.com\/de\/#\/schema\/logo\/image\/"},"sameAs":["https:\/\/www.linkedin.com\/company\/global-filter-llc"]}]}},"_links":{"self":[{"href":"https:\/\/www.globalfilter.com\/de\/wp-json\/wp\/v2\/pages\/1525","targetHints":{"allow":["GET"]}}],"collection":[{"href":"https:\/\/www.globalfilter.com\/de\/wp-json\/wp\/v2\/pages"}],"about":[{"href":"https:\/\/www.globalfilter.com\/de\/wp-json\/wp\/v2\/types\/page"}],"author":[{"embeddable":true,"href":"https:\/\/www.globalfilter.com\/de\/wp-json\/wp\/v2\/users\/3"}],"replies":[{"embeddable":true,"href":"https:\/\/www.globalfilter.com\/de\/wp-json\/wp\/v2\/comments?post=1525"}],"version-history":[{"count":0,"href":"https:\/\/www.globalfilter.com\/de\/wp-json\/wp\/v2\/pages\/1525\/revisions"}],"up":[{"embeddable":true,"href":"https:\/\/www.globalfilter.com\/de\/wp-json\/wp\/v2\/pages\/1500"}],"wp:attachment":[{"href":"https:\/\/www.globalfilter.com\/de\/wp-json\/wp\/v2\/media?parent=1525"}],"curies":[{"name":"wp","href":"https:\/\/api.w.org\/{rel}","templated":true}]}}