{"id":1532,"date":"2020-02-03T18:15:42","date_gmt":"2020-02-03T18:15:42","guid":{"rendered":"https:\/\/www.globalfilter.com\/ressourcen\/einkauf-ressourcen\/"},"modified":"2025-01-28T10:20:53","modified_gmt":"2025-01-28T10:20:53","slug":"einkauf-ressourcen","status":"publish","type":"page","link":"https:\/\/www.globalfilter.com\/de\/ressourcen\/einkauf-ressourcen\/","title":{"rendered":"Einkauf-Ressourcen"},"content":{"rendered":"\n<div class=\"wp-block-cover alignfull\"><span aria-hidden=\"true\" class=\"wp-block-cover__background has-background-dim\"><\/span><img loading=\"lazy\" decoding=\"async\" width=\"2000\" height=\"1333\" class=\"wp-block-cover__image-background wp-image-920\" src=\"https:\/\/www.globalfilter.com\/wp-content\/uploads\/2019\/11\/heroeng_0.jpg\" data-object-fit=\"cover\" srcset=\"https:\/\/www.globalfilter.com\/wp-content\/uploads\/2019\/11\/heroeng_0.jpg 2000w, https:\/\/www.globalfilter.com\/wp-content\/uploads\/2019\/11\/heroeng_0-300x200.jpg 300w, https:\/\/www.globalfilter.com\/wp-content\/uploads\/2019\/11\/heroeng_0-768x512.jpg 768w, https:\/\/www.globalfilter.com\/wp-content\/uploads\/2019\/11\/heroeng_0-1024x682.jpg 1024w, https:\/\/www.globalfilter.com\/wp-content\/uploads\/2019\/11\/heroeng_0-272x182.jpg 272w\" sizes=\"auto, (max-width: 2000px) 100vw, 2000px\" \/><div class=\"wp-block-cover__inner-container is-layout-flow wp-block-cover-is-layout-flow\">\n\n<h1 class=\"has-text-align-center wp-block-heading\" id=\"h-reinstwasserl-sungen\">Reinstwasserl\u00f6sungen<\/h1>\n\n<\/div><\/div>\n\n\n\n<h2 class=\"wp-block-heading\" id=\"h-global-filter-bereitstellung-von-l-sungen-f-r-rein-und-reinstwassersysteme-ultrapure-water-upw\">Global Filter: Bereitstellung von L\u00f6sungen f\u00fcr Rein- und Reinstwassersysteme (Ultrapure Water, UPW)<\/h2>\n\n\n\n<p>W\u00e4hrend das allgemeine Verfahren zur Herstellung von reinem oder hochreinem Wasser sich zwischen den verschiedenen Systemen nicht stark unterscheidet,  kennt Global Filter die vielen  Variablen, die Ihr System einzigartig machen.<\/p>\n\n\n\n<p>Um die Herausforderungen Ihres Wassersystems zu meistern, hilft Ihnen Global Filter mit dem n\u00f6tigen Know-how, den Technologien und den Gesamtl\u00f6sungen, die Ihren Prozess sicherer, ges\u00fcnder und produktiver gestalten.<\/p>\n\n\n\n<div class=\"wp-block-columns has-2-columns grayblock is-layout-flex wp-container-core-columns-is-layout-9d6595d7 wp-block-columns-is-layout-flex\">\n<div class=\"wp-block-column is-layout-flow wp-block-column-is-layout-flow\"><\/div>\n\n\n\n<div class=\"wp-block-column is-layout-flow wp-block-column-is-layout-flow\"><\/div>\n<\/div>\n\n\n\n<div class=\"wp-block-media-text alignwide\"><figure class=\"wp-block-media-text__media\"><img loading=\"lazy\" decoding=\"async\" width=\"1024\" height=\"663\" src=\"https:\/\/www.globalfilter.com\/wp-content\/uploads\/2019\/11\/UPW-Infographic-1024x663.jpg\" alt=\"\" class=\"wp-image-928\" srcset=\"https:\/\/www.globalfilter.com\/wp-content\/uploads\/2019\/11\/UPW-Infographic-1024x663.jpg 1024w, https:\/\/www.globalfilter.com\/wp-content\/uploads\/2019\/11\/UPW-Infographic-300x194.jpg 300w, https:\/\/www.globalfilter.com\/wp-content\/uploads\/2019\/11\/UPW-Infographic-768x497.jpg 768w, https:\/\/www.globalfilter.com\/wp-content\/uploads\/2019\/11\/UPW-Infographic.jpg 1224w\" sizes=\"auto, (max-width: 1024px) 100vw, 1024px\" \/><\/figure><div class=\"wp-block-media-text__content\">\n\n<h2 class=\"wp-block-heading\">Reinstwasser Gesamtkosten<\/h2>\n\n\n<p><strong>Global Filter bietet ma\u00dfgeschneiderte Filtrationsl\u00f6sungen f\u00fcr Ihre Anforderungen<\/strong><\/p>\n\n\n<p>Wir haben es uns zum Ziel gesetzt, die Welt durch umweltbewusste Produkte und Dienstleistungen, sicherer, ges\u00fcnder und \nproduktiver zu machen. Dies erm\u00f6glicht es unseren Kunden \n, ihre Prozesse zu optimieren und gleichzeitig ihre \nBetriebskosten zu erhalten.<\/p>\n\n<\/div><\/div>\n\n\n\n<hr class=\"wp-block-separator has-css-opacity is-style-wide\" \/>\n\n\n\n<h1 class=\"wp-block-heading\" id=\"h-global-filter-produktlinie\">Global Filter Produktlinie<\/h1>\n\n\n\n<p><em>Global Filter bietet alle Arten von Filterelementen f\u00fcr Wassersysteme an, die nach Abscheideleistung und -f\u00e4higkeiten klassifiziert sind.<\/em><\/p>\n\n\n\n<p>Die richtige Wahl des Global Filter-Produkts ist ein wichtiger Bestandteil Ihrer allgemeinen Wasseraufbereitungsstrategie zur Erreichung Ihrer Wasserqualit\u00e4tsziele. Global Filter bietet eine komplette Reihe von hochreinen Filtrationsl\u00f6sungen f\u00fcr alle Anwendungen im Wasserreinigungsprozess. Als f\u00fchrender Anbieter von Tiefenfilterkerzen, plissierten Tiefenfilterkerzen und plissierten Membranfilterkerzen ist Global Filter Ihr Anbieter mit allen Filtern f\u00fcr Ihre Filtrationsbed\u00fcrfnisse aus einer Hand.<\/p>\n\n\n\n<div class=\"wp-block-columns has-3-columns anm-columns is-layout-flex wp-container-core-columns-is-layout-9d6595d7 wp-block-columns-is-layout-flex\">\n<div class=\"wp-block-column is-layout-flow wp-block-column-is-layout-flow\">\n<figure class=\"wp-block-image\"><img loading=\"lazy\" decoding=\"async\" width=\"1024\" height=\"576\" src=\"https:\/\/www.globalfilter.com\/wp-content\/uploads\/2019\/09\/pleated-membrane-cartidridges-1024x576.jpg\" alt=\"Plissierte Membranfilterkerzen\" class=\"wp-image-519\" srcset=\"https:\/\/www.globalfilter.com\/wp-content\/uploads\/2019\/09\/pleated-membrane-cartidridges-1024x576.jpg 1024w, https:\/\/www.globalfilter.com\/wp-content\/uploads\/2019\/09\/pleated-membrane-cartidridges-300x169.jpg 300w, https:\/\/www.globalfilter.com\/wp-content\/uploads\/2019\/09\/pleated-membrane-cartidridges-768x432.jpg 768w, https:\/\/www.globalfilter.com\/wp-content\/uploads\/2019\/09\/pleated-membrane-cartidridges.jpg 1920w\" sizes=\"auto, (max-width: 1024px) 100vw, 1024px\" \/><\/figure>\n\n\n\n<h2 class=\"wp-block-heading\" id=\"h-empfehlungen-f-r-plissierte-membranen\">Empfehlungen f\u00fcr plissierte Membranen:<\/h2>\n\n\n\n<p><strong>Product Spec Sheets&nbsp;<br> (Stage 6 &amp; 7&nbsp;in the High Purity&nbsp;Water Process)<\/strong><br><br><a href=\"http:\/\/lp.filtrationgroup.com\/rs\/223-HWY-680\/images\/GFPES-Series-Food-and-Beverage-Grade-Polyethersulfone-6.15.18.pdf\" target=\"_blank\" rel=\"noreferrer noopener\" aria-label=\" (opens in a new tab)\">Food and Beverage Grade Polyethersulfone \u2013 GFPES<\/a><\/p>\n\n\n\n<p><a href=\"http:\/\/lp.filtrationgroup.com\/rs\/223-HWY-680\/images\/GEPES-Series-Electronics-Grade-Polyethersulfone-6.15.18.pdf\" target=\"_blank\" rel=\"noreferrer noopener\" aria-label=\" (opens in a new tab)\">GEPES Polyethersulfon in Elektronikqualit\u00e4t \u2013 GEPES<\/a><\/p>\n\n\n\n<p><a href=\"http:\/\/lp.filtrationgroup.com\/rs\/223-HWY-680\/images\/BRPES-Series-Bio-Burden-Reduction-Grade-Polyethersulfone-6.15.18.pdf\" target=\"_blank\" rel=\"noreferrer noopener\" aria-label=\" (opens in a new tab)\">Polyethersulfon zur Verringerung der Keimbelastung \u2013 BRPES<\/a>&nbsp;<\/p>\n\n\n\n<p><a href=\"http:\/\/lp.filtrationgroup.com\/rs\/223-HWY-680\/images\/PPES-Series-Pharmaceutical-Grade-Polyethersulfone-6.15.18.pdf\" target=\"_blank\" rel=\"noreferrer noopener\" aria-label=\" (opens in a new tab)\">Pharmaceutical Grade Polyethersulfone \u2013 PPES<\/a><br> &nbsp;<\/p>\n\n\n\n<p><strong>Product Spec Sheets&nbsp;<br>\n(Stage 4)<\/strong><\/p>\n\n\n\n<p><a href=\"http:\/\/lp.filtrationgroup.com\/rs\/223-HWY-680\/images\/BRPTFE-Series-Bio-Burden-Reduction-Grade-PTFE-6.15.18.pdf\" target=\"_blank\" rel=\"noreferrer noopener\" aria-label=\" (opens in a new tab)\">PTFE zur Verringerung der Keimbelastung \u2013 BRPTFE<\/a><\/p>\n\n\n\n<p><a href=\"http:\/\/lp.filtrationgroup.com\/rs\/223-HWY-680\/images\/PPTFE-Series-Pharmaceutical-Grade-PTFE-6.15.18.pdf\" target=\"_blank\" rel=\"noreferrer noopener\" aria-label=\" (opens in a new tab)\">Pharmazeutische Qualit\u00e4t PTFE \u2013 PPTFE<\/a><\/p>\n\n\n\n<div class=\"wp-block-button is-style-outline is-style-outline--1\"><a class=\"wp-block-button__link has-blue-color has-text-color wp-element-button\" href=\"https:\/\/www.globalfilter.com\/de\/produkte\/membranfilterkerzen\/\">Plissierte Membranfilterkerzen<\/a><\/div>\n<\/div>\n\n\n\n<div class=\"wp-block-column is-layout-flow wp-block-column-is-layout-flow\">\n<figure class=\"wp-block-image\"><img loading=\"lazy\" decoding=\"async\" width=\"1024\" height=\"577\" src=\"https:\/\/www.globalfilter.com\/wp-content\/uploads\/2019\/09\/pleated-cartridges-1024x577.jpg\" alt=\"Plissierte Filterkerzen\" class=\"wp-image-517\" srcset=\"https:\/\/www.globalfilter.com\/wp-content\/uploads\/2019\/09\/pleated-cartridges-1024x577.jpg 1024w, https:\/\/www.globalfilter.com\/wp-content\/uploads\/2019\/09\/pleated-cartridges-300x169.jpg 300w, https:\/\/www.globalfilter.com\/wp-content\/uploads\/2019\/09\/pleated-cartridges-768x432.jpg 768w, https:\/\/www.globalfilter.com\/wp-content\/uploads\/2019\/09\/pleated-cartridges.jpg 1236w\" sizes=\"auto, (max-width: 1024px) 100vw, 1024px\" \/><\/figure>\n\n\n\n<h2 class=\"wp-block-heading\" id=\"h-empfehlungen-f-r-die-plissierte-tiefenfilterkerzen\">Empfehlungen f\u00fcr die plissierte Tiefenfilterkerzen:<\/h2>\n\n\n\n<p><strong>Product Spec Sheets<br>\n(Stage 1, 2, 3, &amp;&nbsp;5 in the High Purity&nbsp;Water Process)<\/strong><\/p>\n\n\n\n<p><a href=\"http:\/\/lp.filtrationgroup.com\/rs\/223-HWY-680\/images\/PP-Series-Pleated-Polypropylene-6.15.18.pdf\" target=\"_blank\" rel=\"noreferrer noopener\" aria-label=\" (opens in a new tab)\">Plissierte Tiefenfilterkerzen der PP-Serie<\/a><\/p>\n\n\n\n<p><a href=\"http:\/\/lp.filtrationgroup.com\/rs\/223-HWY-680\/images\/FG-Series-Pleated-MicroGlass-Media-6.15.18.pdf\" target=\"_blank\" rel=\"noreferrer noopener\" aria-label=\" (opens in a new tab)\">Plissierte Tiefenfilterkerzen der FG-Serie<\/a><\/p>\n\n\n\n<div class=\"wp-block-button is-style-outline is-style-outline--2\"><a class=\"wp-block-button__link has-blue-color has-text-color wp-element-button\" href=\"https:\/\/www.globalfilter.com\/de\/produkte\/plissierte-filterkerzen\/\">Plissierte Filterkerzen<\/a><\/div>\n<\/div>\n\n\n\n<div class=\"wp-block-column is-layout-flow wp-block-column-is-layout-flow\">\n<figure class=\"wp-block-image\"><img loading=\"lazy\" decoding=\"async\" width=\"1024\" height=\"576\" src=\"https:\/\/www.globalfilter.com\/wp-content\/uploads\/2019\/09\/depth-cartridges-1024x576.jpg\" alt=\"Tiefenfilterkerzen\" class=\"wp-image-509\" srcset=\"https:\/\/www.globalfilter.com\/wp-content\/uploads\/2019\/09\/depth-cartridges.jpg 1024w, https:\/\/www.globalfilter.com\/wp-content\/uploads\/2019\/09\/depth-cartridges-300x169.jpg 300w, https:\/\/www.globalfilter.com\/wp-content\/uploads\/2019\/09\/depth-cartridges-768x432.jpg 768w\" sizes=\"auto, (max-width: 1024px) 100vw, 1024px\" \/><\/figure>\n\n\n\n<h2 class=\"wp-block-heading\" id=\"h-empfehlungen-f-r-meltblown-produkte\">Empfehlungen f\u00fcr meltblown Produkte:<\/h2>\n\n\n\n<p><strong>Product Spec Sheets<br>\n(Stage 1, 2, &amp; 3 in the High Purity&nbsp;Water Process)<\/strong><\/p>\n\n\n\n<p><a href=\"http:\/\/lp.filtrationgroup.com\/rs\/223-HWY-680\/images\/GWTB-Series-Water-Grade-Meltblown-6.15.18.pdf\" target=\"_blank\" rel=\"noreferrer noopener\" aria-label=\" (opens in a new tab)\">Wassertaugliche Polypropylen-Filterkerzen mit meltblown Polypropylen \u2013 GWTB<\/a><\/p>\n\n\n\n<p><a href=\"http:\/\/lp.filtrationgroup.com\/rs\/223-HWY-680\/images\/GCTB-Series-High-Performance-Meltblown-6.15.18.pdf\" target=\"_blank\" rel=\"noreferrer noopener\" aria-label=\" (opens in a new tab)\">High Performance Grade Polypropylene Meltblown Cartridge \u2013 GCTB<\/a><br><\/p>\n\n\n\n<p><a href=\"http:\/\/lp.filtrationgroup.com\/rs\/223-HWY-680\/images\/GATB-Series-Absolute-Rated-Meltblown-6.15.18.pdf\" target=\"_blank\" rel=\"noreferrer noopener\" aria-label=\" (opens in a new tab)\">Absolut spezifizierte meltblown Polypropylen-Filterkerzen \u2013 GATB<\/a><\/p>\n\n\n\n<p> <a href=\"http:\/\/lp.filtrationgroup.com\/rs\/223-HWY-680\/images\/GCTB-Series-High-Performance-Meltblown-6.15.18.pdf\" target=\"_blank\" rel=\"noreferrer noopener\" aria-label=\" (opens in a new tab)\">High Performance Grade Polypropylene Meltblown Cartridge \u2013 GCTB<\/a><br><\/p>\n\n\n\n<p><a href=\"http:\/\/lp.filtrationgroup.com\/rs\/223-HWY-680\/images\/GATB-Series-Absolute-Rated-Meltblown-6.15.18.pdf\" target=\"_blank\" rel=\"noreferrer noopener\" aria-label=\" (opens in a new tab)\">Absolut spezifizierte meltblown Polypropylen-Filterkerzen \u2013 GATB<\/a><\/p>\n\n\n\n<div class=\"wp-block-button is-style-outline is-style-outline--3\"><a class=\"wp-block-button__link has-blue-color has-text-color wp-element-button\" href=\"https:\/\/www.globalfilter.com\/de\/produkte\/tiefenfilterkerzen\/\">Tiefenfilterkerzen<\/a><\/div>\n<\/div>\n<\/div>\n\n\n\n<p class=\"grayblock\"><strong>ARTICLE: Discover your competitive edge with the Total Cost of Ownership<\/strong><br><br><em>Water,  water everywhere, nor any drop to drink. This well-known line from  Samuel Taylor Coleridge\u2019s \u2018The Rime of the Ancient Mariner,\u2019 describes  the plight of sailors on a stationary ship, surrounded by saltwater that  they could not drink. The story does not end well for the dehydrated  sailors. Today, innovative technology and a competitive industry has  changed all that.<\/em><br><br><a href=\"\/news\/discover-your-competitive-edge-with-the-total-cost-of-ownership\/\">Read More<\/a><\/p>\n\n\n\n<div class=\"wp-block-columns has-2-columns is-layout-flex wp-container-core-columns-is-layout-9d6595d7 wp-block-columns-is-layout-flex\">\n<div class=\"wp-block-column is-layout-flow wp-block-column-is-layout-flow\">\n<h1 class=\"wp-block-heading\" id=\"h-kostenloses-filtrations-audit\">Kostenloses Filtrations-Audit<\/h1>\n\n\n\n<h3 class=\"wp-block-heading\" id=\"h-kostenlose-filtrationsgestaltung-und-prozessbewertung\"><strong>KOSTENLOSE Filtrationsgestaltung und Prozessbewertung<\/strong><\/h3>\n\n\n\n<p>Besuchen Sie <a href=\"https:\/\/www.globalfilter.com\/en-US\">www.globalfilter.com<\/a>, um unsere vollst\u00e4ndige Produktpalette zu erkunden oder kontaktieren Sie uns noch heute, um einen Termin f\u00fcr Ihre KOSTENLOSE Bewertung Ihrer Filtrationsbed\u00fcrfnisse zu vereinbaren.<\/p>\n\n\n\n<ul class=\"wp-block-list\">\n<li>Evaluierung der identifizierten Bereiche zur Verbesserung und Optimierung<\/li>\n\n\n\n<li>Einblick in die branchenspezifische bew\u00e4hrte Praxis f\u00fcr die Filtration<\/li>\n\n\n\n<li>Einf\u00fchrung in lokale Support- und Lagerprogramme<\/li>\n<\/ul>\n<\/div>\n\n\n\n<div class=\"wp-block-column is-layout-flow wp-block-column-is-layout-flow\"><p>[marketo-form formid=&#8220;2267&#8243;]<\/p>\n<\/div>\n<\/div>\n\n\n\n<p><\/p>\n","protected":false},"excerpt":{"rendered":"<p>Global Filter: Bereitstellung von L\u00f6sungen f\u00fcr Rein- und Reinstwassersysteme (Ultrapure Water, UPW) W\u00e4hrend das allgemeine Verfahren zur Herstellung von reinem oder hochreinem Wasser sich zwischen den verschiedenen Systemen nicht stark unterscheidet, kennt Global Filter die vielen Variablen, die Ihr System einzigartig machen. Um die Herausforderungen Ihres Wassersystems zu meistern, hilft Ihnen Global Filter mit dem [&hellip;]<\/p>\n","protected":false},"author":3,"featured_media":0,"parent":1502,"menu_order":0,"comment_status":"closed","ping_status":"closed","template":"","meta":{"_acf_changed":false,"content-type":"","footnotes":""},"class_list":["post-1532","page","type-page","status-publish","hentry"],"acf":[],"yoast_head":"<!-- This site is optimized with the Yoast SEO plugin v27.3 - https:\/\/yoast.com\/product\/yoast-seo-wordpress\/ -->\n<title>Einkauf-Ressourcen - Global Filter<\/title>\n<meta name=\"robots\" content=\"index, follow, max-snippet:-1, max-image-preview:large, max-video-preview:-1\" \/>\n<link rel=\"canonical\" href=\"https:\/\/www.globalfilter.com\/de\/ressourcen\/einkauf-ressourcen\/\" \/>\n<meta property=\"og:locale\" content=\"de_DE\" \/>\n<meta property=\"og:type\" content=\"article\" \/>\n<meta property=\"og:title\" content=\"Einkauf-Ressourcen - Global Filter\" \/>\n<meta property=\"og:description\" content=\"Global Filter: Bereitstellung von L\u00f6sungen f\u00fcr Rein- und Reinstwassersysteme (Ultrapure Water, UPW) W\u00e4hrend das allgemeine Verfahren zur Herstellung von reinem oder hochreinem Wasser sich zwischen den verschiedenen Systemen nicht stark unterscheidet, kennt Global Filter die vielen Variablen, die Ihr System einzigartig machen. Um die Herausforderungen Ihres Wassersystems zu meistern, hilft Ihnen Global Filter mit dem [&hellip;]\" \/>\n<meta property=\"og:url\" content=\"https:\/\/www.globalfilter.com\/de\/ressourcen\/einkauf-ressourcen\/\" \/>\n<meta property=\"og:site_name\" content=\"Global Filter\" \/>\n<meta property=\"article:modified_time\" content=\"2025-01-28T10:20:53+00:00\" \/>\n<meta property=\"og:image\" content=\"https:\/\/www.globalfilter.com\/wp-content\/uploads\/2019\/11\/heroeng_0.jpg\" \/>\n\t<meta property=\"og:image:width\" content=\"2000\" \/>\n\t<meta property=\"og:image:height\" content=\"1333\" \/>\n\t<meta property=\"og:image:type\" content=\"image\/jpeg\" \/>\n<meta name=\"twitter:card\" content=\"summary_large_image\" \/>\n<meta name=\"twitter:label1\" content=\"Gesch\u00e4tzte Lesezeit\" \/>\n\t<meta name=\"twitter:data1\" content=\"3 Minuten\" \/>\n<script type=\"application\/ld+json\" class=\"yoast-schema-graph\">{\"@context\":\"https:\\\/\\\/schema.org\",\"@graph\":[{\"@type\":\"WebPage\",\"@id\":\"https:\\\/\\\/www.globalfilter.com\\\/de\\\/ressourcen\\\/einkauf-ressourcen\\\/\",\"url\":\"https:\\\/\\\/www.globalfilter.com\\\/de\\\/ressourcen\\\/einkauf-ressourcen\\\/\",\"name\":\"Einkauf-Ressourcen - Global Filter\",\"isPartOf\":{\"@id\":\"https:\\\/\\\/www.globalfilter.com\\\/de\\\/#website\"},\"primaryImageOfPage\":{\"@id\":\"https:\\\/\\\/www.globalfilter.com\\\/de\\\/ressourcen\\\/einkauf-ressourcen\\\/#primaryimage\"},\"image\":{\"@id\":\"https:\\\/\\\/www.globalfilter.com\\\/de\\\/ressourcen\\\/einkauf-ressourcen\\\/#primaryimage\"},\"thumbnailUrl\":\"https:\\\/\\\/www.globalfilter.com\\\/wp-content\\\/uploads\\\/2019\\\/11\\\/heroeng_0.jpg\",\"datePublished\":\"2020-02-03T18:15:42+00:00\",\"dateModified\":\"2025-01-28T10:20:53+00:00\",\"breadcrumb\":{\"@id\":\"https:\\\/\\\/www.globalfilter.com\\\/de\\\/ressourcen\\\/einkauf-ressourcen\\\/#breadcrumb\"},\"inLanguage\":\"de-DE\",\"potentialAction\":[{\"@type\":\"ReadAction\",\"target\":[\"https:\\\/\\\/www.globalfilter.com\\\/de\\\/ressourcen\\\/einkauf-ressourcen\\\/\"]}]},{\"@type\":\"ImageObject\",\"inLanguage\":\"de-DE\",\"@id\":\"https:\\\/\\\/www.globalfilter.com\\\/de\\\/ressourcen\\\/einkauf-ressourcen\\\/#primaryimage\",\"url\":\"https:\\\/\\\/www.globalfilter.com\\\/wp-content\\\/uploads\\\/2019\\\/11\\\/heroeng_0.jpg\",\"contentUrl\":\"https:\\\/\\\/www.globalfilter.com\\\/wp-content\\\/uploads\\\/2019\\\/11\\\/heroeng_0.jpg\"},{\"@type\":\"BreadcrumbList\",\"@id\":\"https:\\\/\\\/www.globalfilter.com\\\/de\\\/ressourcen\\\/einkauf-ressourcen\\\/#breadcrumb\",\"itemListElement\":[{\"@type\":\"ListItem\",\"position\":1,\"name\":\"home\",\"item\":\"https:\\\/\\\/www.globalfilter.com\\\/de\\\/\"},{\"@type\":\"ListItem\",\"position\":2,\"name\":\"Ressourcen\",\"item\":\"https:\\\/\\\/www.globalfilter.com\\\/de\\\/ressourcen\\\/\"},{\"@type\":\"ListItem\",\"position\":3,\"name\":\"Reinstwasserl\u00f6sungen\"}]},{\"@type\":\"WebSite\",\"@id\":\"https:\\\/\\\/www.globalfilter.com\\\/de\\\/#website\",\"url\":\"https:\\\/\\\/www.globalfilter.com\\\/de\\\/\",\"name\":\"Global Filter\",\"description\":\"Making the World Safer, Healthier and More Productive\",\"publisher\":{\"@id\":\"https:\\\/\\\/www.globalfilter.com\\\/de\\\/#organization\"},\"potentialAction\":[{\"@type\":\"SearchAction\",\"target\":{\"@type\":\"EntryPoint\",\"urlTemplate\":\"https:\\\/\\\/www.globalfilter.com\\\/de\\\/?s={search_term_string}\"},\"query-input\":{\"@type\":\"PropertyValueSpecification\",\"valueRequired\":true,\"valueName\":\"search_term_string\"}}],\"inLanguage\":\"de-DE\"},{\"@type\":\"Organization\",\"@id\":\"https:\\\/\\\/www.globalfilter.com\\\/de\\\/#organization\",\"name\":\"Global filter\",\"url\":\"https:\\\/\\\/www.globalfilter.com\\\/de\\\/\",\"logo\":{\"@type\":\"ImageObject\",\"inLanguage\":\"de-DE\",\"@id\":\"https:\\\/\\\/www.globalfilter.com\\\/de\\\/#\\\/schema\\\/logo\\\/image\\\/\",\"url\":\"https:\\\/\\\/www.globalfilter.com\\\/wp-content\\\/uploads\\\/2019\\\/06\\\/FGC-logo-1.png\",\"contentUrl\":\"https:\\\/\\\/www.globalfilter.com\\\/wp-content\\\/uploads\\\/2019\\\/06\\\/FGC-logo-1.png\",\"width\":1104,\"height\":224,\"caption\":\"Global filter\"},\"image\":{\"@id\":\"https:\\\/\\\/www.globalfilter.com\\\/de\\\/#\\\/schema\\\/logo\\\/image\\\/\"},\"sameAs\":[\"https:\\\/\\\/www.linkedin.com\\\/company\\\/global-filter-llc\"]}]}<\/script>\n<!-- \/ Yoast SEO plugin. -->","yoast_head_json":{"title":"Einkauf-Ressourcen - Global Filter","robots":{"index":"index","follow":"follow","max-snippet":"max-snippet:-1","max-image-preview":"max-image-preview:large","max-video-preview":"max-video-preview:-1"},"canonical":"https:\/\/www.globalfilter.com\/de\/ressourcen\/einkauf-ressourcen\/","og_locale":"de_DE","og_type":"article","og_title":"Einkauf-Ressourcen - Global Filter","og_description":"Global Filter: Bereitstellung von L\u00f6sungen f\u00fcr Rein- und Reinstwassersysteme (Ultrapure Water, UPW) W\u00e4hrend das allgemeine Verfahren zur Herstellung von reinem oder hochreinem Wasser sich zwischen den verschiedenen Systemen nicht stark unterscheidet, kennt Global Filter die vielen Variablen, die Ihr System einzigartig machen. Um die Herausforderungen Ihres Wassersystems zu meistern, hilft Ihnen Global Filter mit dem [&hellip;]","og_url":"https:\/\/www.globalfilter.com\/de\/ressourcen\/einkauf-ressourcen\/","og_site_name":"Global Filter","article_modified_time":"2025-01-28T10:20:53+00:00","og_image":[{"width":2000,"height":1333,"url":"https:\/\/www.globalfilter.com\/wp-content\/uploads\/2019\/11\/heroeng_0.jpg","type":"image\/jpeg"}],"twitter_card":"summary_large_image","twitter_misc":{"Gesch\u00e4tzte Lesezeit":"3 Minuten"},"schema":{"@context":"https:\/\/schema.org","@graph":[{"@type":"WebPage","@id":"https:\/\/www.globalfilter.com\/de\/ressourcen\/einkauf-ressourcen\/","url":"https:\/\/www.globalfilter.com\/de\/ressourcen\/einkauf-ressourcen\/","name":"Einkauf-Ressourcen - Global Filter","isPartOf":{"@id":"https:\/\/www.globalfilter.com\/de\/#website"},"primaryImageOfPage":{"@id":"https:\/\/www.globalfilter.com\/de\/ressourcen\/einkauf-ressourcen\/#primaryimage"},"image":{"@id":"https:\/\/www.globalfilter.com\/de\/ressourcen\/einkauf-ressourcen\/#primaryimage"},"thumbnailUrl":"https:\/\/www.globalfilter.com\/wp-content\/uploads\/2019\/11\/heroeng_0.jpg","datePublished":"2020-02-03T18:15:42+00:00","dateModified":"2025-01-28T10:20:53+00:00","breadcrumb":{"@id":"https:\/\/www.globalfilter.com\/de\/ressourcen\/einkauf-ressourcen\/#breadcrumb"},"inLanguage":"de-DE","potentialAction":[{"@type":"ReadAction","target":["https:\/\/www.globalfilter.com\/de\/ressourcen\/einkauf-ressourcen\/"]}]},{"@type":"ImageObject","inLanguage":"de-DE","@id":"https:\/\/www.globalfilter.com\/de\/ressourcen\/einkauf-ressourcen\/#primaryimage","url":"https:\/\/www.globalfilter.com\/wp-content\/uploads\/2019\/11\/heroeng_0.jpg","contentUrl":"https:\/\/www.globalfilter.com\/wp-content\/uploads\/2019\/11\/heroeng_0.jpg"},{"@type":"BreadcrumbList","@id":"https:\/\/www.globalfilter.com\/de\/ressourcen\/einkauf-ressourcen\/#breadcrumb","itemListElement":[{"@type":"ListItem","position":1,"name":"home","item":"https:\/\/www.globalfilter.com\/de\/"},{"@type":"ListItem","position":2,"name":"Ressourcen","item":"https:\/\/www.globalfilter.com\/de\/ressourcen\/"},{"@type":"ListItem","position":3,"name":"Reinstwasserl\u00f6sungen"}]},{"@type":"WebSite","@id":"https:\/\/www.globalfilter.com\/de\/#website","url":"https:\/\/www.globalfilter.com\/de\/","name":"Global Filter","description":"Making the World Safer, Healthier and More Productive","publisher":{"@id":"https:\/\/www.globalfilter.com\/de\/#organization"},"potentialAction":[{"@type":"SearchAction","target":{"@type":"EntryPoint","urlTemplate":"https:\/\/www.globalfilter.com\/de\/?s={search_term_string}"},"query-input":{"@type":"PropertyValueSpecification","valueRequired":true,"valueName":"search_term_string"}}],"inLanguage":"de-DE"},{"@type":"Organization","@id":"https:\/\/www.globalfilter.com\/de\/#organization","name":"Global filter","url":"https:\/\/www.globalfilter.com\/de\/","logo":{"@type":"ImageObject","inLanguage":"de-DE","@id":"https:\/\/www.globalfilter.com\/de\/#\/schema\/logo\/image\/","url":"https:\/\/www.globalfilter.com\/wp-content\/uploads\/2019\/06\/FGC-logo-1.png","contentUrl":"https:\/\/www.globalfilter.com\/wp-content\/uploads\/2019\/06\/FGC-logo-1.png","width":1104,"height":224,"caption":"Global filter"},"image":{"@id":"https:\/\/www.globalfilter.com\/de\/#\/schema\/logo\/image\/"},"sameAs":["https:\/\/www.linkedin.com\/company\/global-filter-llc"]}]}},"_links":{"self":[{"href":"https:\/\/www.globalfilter.com\/de\/wp-json\/wp\/v2\/pages\/1532","targetHints":{"allow":["GET"]}}],"collection":[{"href":"https:\/\/www.globalfilter.com\/de\/wp-json\/wp\/v2\/pages"}],"about":[{"href":"https:\/\/www.globalfilter.com\/de\/wp-json\/wp\/v2\/types\/page"}],"author":[{"embeddable":true,"href":"https:\/\/www.globalfilter.com\/de\/wp-json\/wp\/v2\/users\/3"}],"replies":[{"embeddable":true,"href":"https:\/\/www.globalfilter.com\/de\/wp-json\/wp\/v2\/comments?post=1532"}],"version-history":[{"count":0,"href":"https:\/\/www.globalfilter.com\/de\/wp-json\/wp\/v2\/pages\/1532\/revisions"}],"up":[{"embeddable":true,"href":"https:\/\/www.globalfilter.com\/de\/wp-json\/wp\/v2\/pages\/1502"}],"wp:attachment":[{"href":"https:\/\/www.globalfilter.com\/de\/wp-json\/wp\/v2\/media?parent=1532"}],"curies":[{"name":"wp","href":"https:\/\/api.w.org\/{rel}","templated":true}]}}