{"id":1606,"date":"2020-02-17T14:43:42","date_gmt":"2020-02-17T14:43:42","guid":{"rendered":"https:\/\/www.globalfilter.com\/uber-uns\/"},"modified":"2022-11-07T14:09:31","modified_gmt":"2022-11-07T14:09:31","slug":"uber-uns","status":"publish","type":"page","link":"https:\/\/www.globalfilter.com\/de\/uber-uns\/","title":{"rendered":"\u00dcber uns"},"content":{"rendered":"\n<div class=\"wp-block-cover alignfull has-background-dim full-width\"><img loading=\"lazy\" decoding=\"async\" width=\"1920\" height=\"480\" class=\"wp-block-cover__image-background wp-image-643\" alt=\"\" src=\"https:\/\/www.globalfilter.com\/wp-content\/uploads\/2019\/09\/hd_about-us.jpg\" data-object-fit=\"cover\" srcset=\"https:\/\/www.globalfilter.com\/wp-content\/uploads\/2019\/09\/hd_about-us.jpg 1920w, https:\/\/www.globalfilter.com\/wp-content\/uploads\/2019\/09\/hd_about-us-300x75.jpg 300w, https:\/\/www.globalfilter.com\/wp-content\/uploads\/2019\/09\/hd_about-us-768x192.jpg 768w, https:\/\/www.globalfilter.com\/wp-content\/uploads\/2019\/09\/hd_about-us-1024x256.jpg 1024w\" sizes=\"auto, (max-width: 1920px) 100vw, 1920px\" \/><div class=\"wp-block-cover__inner-container is-layout-flow wp-block-cover-is-layout-flow\">\n\n<h1 class=\"has-text-align-center wp-block-heading\" id=\"h-ber-uns\">\u00dcber uns<\/h1>\n\n<\/div><\/div>\n\n\n\n<p>Global Filter wurde 1999 in Cedar Rapids, Iowa, USA, gegr\u00fcndet und produziert hochreine Filterkerzen in unserer dem neuesten Stand der Technik entsprechenden Produktionsanlage. Aus bescheidenen Anf\u00e4ngen als Familienunternehmen mit Sitz in den eigenen vier W\u00e4nden heraus, bedient Global Filter heute Kunden, wie unser Name schon sagt, auf der ganzen Welt. Einige der gr\u00f6\u00dften weltweiten Unternehmen verlassen sich bei den kritischsten Filtrationsanforderungen auf Global Filter.<\/p>\n\n\n\n<p>Bei Global Filter k\u00fcmmern wir uns st\u00e4ndig darum, die Qualit\u00e4t unserer Produkte sowie die Prozesse, mit denen sie entwickelt und hergestellt werden, zu verbessern. Wir haben unsere Gesamtfl\u00e4che an Reinr\u00e4umen f\u00fcr die Produktion, Sp\u00fclung und Pr\u00fcfung unserer hochreinen Produkte stetig vergr\u00f6\u00dfert. Diese Verbesserungen haben zu einer Erh\u00f6hung der Kapazit\u00e4t und einer Verk\u00fcrzung der Vorlaufzeiten gef\u00fchrt und gleichzeitig die Sauberkeit unserer vorgesp\u00fclten Produkte und unseres gesamten Sortiments an Filterelementen verbessert.<\/p>\n\n\n\n<p>Die Weiterentwicklung unserer technologischen F\u00e4higkeiten ist eine S\u00e4ule des Gesch\u00e4fts von Global Filter und wir sind stolz auf unseren Ruf als Marktf\u00fchrer bei der Bew\u00e4ltigung schwieriger Herausforderungen. Unsere Ingenieure und Techniker arbeiten eng mit den Kunden zusammen, um spezifische Filtrationsbed\u00fcrfnisse zu erkennen, und bieten Entwicklungsunterst\u00fctzung f\u00fcr gro\u00dfe Filtrationsprojekte. Gleichzeitig achten wir auf die Produktionskosten und den Zeitplan. Wir unterst\u00fctzen unsere Programme mit kompetenten Testservices, um einen erstklassigen Nettonutzen zu erzielen.<\/p>\n\n\n\n<p>Unser Engagement f\u00fcr hervorragende Sauberkeit, Effizienz, Qualit\u00e4t und Spitzenservice basiert auf unserem Ziel, die Anforderungen unserer Kunden zu \u00fcbertreffen. Unser Ziel, absolute Kundenzufriedenheit zu erreichen, zeigt sich in all unseren Aktivit\u00e4ten.<\/p>\n","protected":false},"excerpt":{"rendered":"<p>Global Filter wurde 1999 in Cedar Rapids, Iowa, USA, gegr\u00fcndet und produziert hochreine Filterkerzen in unserer dem neuesten Stand der Technik entsprechenden Produktionsanlage. Aus bescheidenen Anf\u00e4ngen als Familienunternehmen mit Sitz in den eigenen vier W\u00e4nden heraus, bedient Global Filter heute Kunden, wie unser Name schon sagt, auf der ganzen Welt. Einige der gr\u00f6\u00dften weltweiten Unternehmen [&hellip;]<\/p>\n","protected":false},"author":4,"featured_media":0,"parent":0,"menu_order":0,"comment_status":"closed","ping_status":"closed","template":"","meta":{"_acf_changed":false,"content-type":"","footnotes":""},"class_list":["post-1606","page","type-page","status-publish","hentry"],"acf":[],"yoast_head":"<!-- This site is optimized with the Yoast SEO plugin v27.3 - https:\/\/yoast.com\/product\/yoast-seo-wordpress\/ -->\n<title>\u00dcber uns - Global Filter<\/title>\n<meta name=\"description\" content=\"Global Filter wurde 1999 in Cedar Rapids, Iowa, USA, gegr\u00fcndet und produziert hochreine Filterkerzen in unserer dem neuesten Stand der Technik entsprechenden Produktionsanlage. Aus bescheidenen Anf\u00e4ngen als Familienunternehmen mit Sitz in den eigenen vier W\u00e4nden heraus, bedient Global Filter heute Kunden, wie unser Name schon sagt, auf der ganzen Welt. Einige der gr\u00f6\u00dften weltweiten Unternehmen verlassen sich bei den kritischsten Filtrationsanforderungen auf Global Filter.\" \/>\n<meta name=\"robots\" content=\"index, follow, max-snippet:-1, max-image-preview:large, max-video-preview:-1\" \/>\n<link rel=\"canonical\" href=\"https:\/\/www.globalfilter.com\/de\/uber-uns\/\" \/>\n<meta property=\"og:locale\" content=\"de_DE\" \/>\n<meta property=\"og:type\" content=\"article\" \/>\n<meta property=\"og:title\" content=\"\u00dcber uns - Global Filter\" \/>\n<meta property=\"og:description\" content=\"Global Filter wurde 1999 in Cedar Rapids, Iowa, USA, gegr\u00fcndet und produziert hochreine Filterkerzen in unserer dem neuesten Stand der Technik entsprechenden Produktionsanlage. Aus bescheidenen Anf\u00e4ngen als Familienunternehmen mit Sitz in den eigenen vier W\u00e4nden heraus, bedient Global Filter heute Kunden, wie unser Name schon sagt, auf der ganzen Welt. Einige der gr\u00f6\u00dften weltweiten Unternehmen verlassen sich bei den kritischsten Filtrationsanforderungen auf Global Filter.\" \/>\n<meta property=\"og:url\" content=\"https:\/\/www.globalfilter.com\/de\/uber-uns\/\" \/>\n<meta property=\"og:site_name\" content=\"Global Filter\" \/>\n<meta property=\"article:modified_time\" content=\"2022-11-07T14:09:31+00:00\" \/>\n<meta property=\"og:image\" content=\"https:\/\/www.globalfilter.com\/wp-content\/uploads\/2019\/09\/hd_about-us.jpg\" \/>\n<meta name=\"twitter:card\" content=\"summary_large_image\" \/>\n<meta name=\"twitter:label1\" content=\"Gesch\u00e4tzte Lesezeit\" \/>\n\t<meta name=\"twitter:data1\" content=\"2 Minuten\" \/>\n<script type=\"application\/ld+json\" class=\"yoast-schema-graph\">{\"@context\":\"https:\\\/\\\/schema.org\",\"@graph\":[{\"@type\":\"WebPage\",\"@id\":\"https:\\\/\\\/www.globalfilter.com\\\/de\\\/uber-uns\\\/\",\"url\":\"https:\\\/\\\/www.globalfilter.com\\\/de\\\/uber-uns\\\/\",\"name\":\"\u00dcber uns - Global Filter\",\"isPartOf\":{\"@id\":\"https:\\\/\\\/www.globalfilter.com\\\/de\\\/#website\"},\"primaryImageOfPage\":{\"@id\":\"https:\\\/\\\/www.globalfilter.com\\\/de\\\/uber-uns\\\/#primaryimage\"},\"image\":{\"@id\":\"https:\\\/\\\/www.globalfilter.com\\\/de\\\/uber-uns\\\/#primaryimage\"},\"thumbnailUrl\":\"https:\\\/\\\/www.globalfilter.com\\\/wp-content\\\/uploads\\\/2019\\\/09\\\/hd_about-us.jpg\",\"datePublished\":\"2020-02-17T14:43:42+00:00\",\"dateModified\":\"2022-11-07T14:09:31+00:00\",\"description\":\"Global Filter wurde 1999 in Cedar Rapids, Iowa, USA, gegr\u00fcndet und produziert hochreine Filterkerzen in unserer dem neuesten Stand der Technik entsprechenden Produktionsanlage. Aus bescheidenen Anf\u00e4ngen als Familienunternehmen mit Sitz in den eigenen vier W\u00e4nden heraus, bedient Global Filter heute Kunden, wie unser Name schon sagt, auf der ganzen Welt. Einige der gr\u00f6\u00dften weltweiten Unternehmen verlassen sich bei den kritischsten Filtrationsanforderungen auf Global Filter.\",\"breadcrumb\":{\"@id\":\"https:\\\/\\\/www.globalfilter.com\\\/de\\\/uber-uns\\\/#breadcrumb\"},\"inLanguage\":\"de-DE\",\"potentialAction\":[{\"@type\":\"ReadAction\",\"target\":[\"https:\\\/\\\/www.globalfilter.com\\\/de\\\/uber-uns\\\/\"]}]},{\"@type\":\"ImageObject\",\"inLanguage\":\"de-DE\",\"@id\":\"https:\\\/\\\/www.globalfilter.com\\\/de\\\/uber-uns\\\/#primaryimage\",\"url\":\"https:\\\/\\\/www.globalfilter.com\\\/wp-content\\\/uploads\\\/2019\\\/09\\\/hd_about-us.jpg\",\"contentUrl\":\"https:\\\/\\\/www.globalfilter.com\\\/wp-content\\\/uploads\\\/2019\\\/09\\\/hd_about-us.jpg\"},{\"@type\":\"BreadcrumbList\",\"@id\":\"https:\\\/\\\/www.globalfilter.com\\\/de\\\/uber-uns\\\/#breadcrumb\",\"itemListElement\":[{\"@type\":\"ListItem\",\"position\":1,\"name\":\"home\",\"item\":\"https:\\\/\\\/www.globalfilter.com\\\/de\\\/\"},{\"@type\":\"ListItem\",\"position\":2,\"name\":\"Uber uns\"}]},{\"@type\":\"WebSite\",\"@id\":\"https:\\\/\\\/www.globalfilter.com\\\/de\\\/#website\",\"url\":\"https:\\\/\\\/www.globalfilter.com\\\/de\\\/\",\"name\":\"Global Filter\",\"description\":\"Making the World Safer, Healthier and More Productive\",\"publisher\":{\"@id\":\"https:\\\/\\\/www.globalfilter.com\\\/de\\\/#organization\"},\"potentialAction\":[{\"@type\":\"SearchAction\",\"target\":{\"@type\":\"EntryPoint\",\"urlTemplate\":\"https:\\\/\\\/www.globalfilter.com\\\/de\\\/?s={search_term_string}\"},\"query-input\":{\"@type\":\"PropertyValueSpecification\",\"valueRequired\":true,\"valueName\":\"search_term_string\"}}],\"inLanguage\":\"de-DE\"},{\"@type\":\"Organization\",\"@id\":\"https:\\\/\\\/www.globalfilter.com\\\/de\\\/#organization\",\"name\":\"Global filter\",\"url\":\"https:\\\/\\\/www.globalfilter.com\\\/de\\\/\",\"logo\":{\"@type\":\"ImageObject\",\"inLanguage\":\"de-DE\",\"@id\":\"https:\\\/\\\/www.globalfilter.com\\\/de\\\/#\\\/schema\\\/logo\\\/image\\\/\",\"url\":\"https:\\\/\\\/www.globalfilter.com\\\/wp-content\\\/uploads\\\/2019\\\/06\\\/FGC-logo-1.png\",\"contentUrl\":\"https:\\\/\\\/www.globalfilter.com\\\/wp-content\\\/uploads\\\/2019\\\/06\\\/FGC-logo-1.png\",\"width\":1104,\"height\":224,\"caption\":\"Global filter\"},\"image\":{\"@id\":\"https:\\\/\\\/www.globalfilter.com\\\/de\\\/#\\\/schema\\\/logo\\\/image\\\/\"},\"sameAs\":[\"https:\\\/\\\/www.linkedin.com\\\/company\\\/global-filter-llc\"]}]}<\/script>\n<!-- \/ Yoast SEO plugin. -->","yoast_head_json":{"title":"\u00dcber uns - Global Filter","description":"Global Filter wurde 1999 in Cedar Rapids, Iowa, USA, gegr\u00fcndet und produziert hochreine Filterkerzen in unserer dem neuesten Stand der Technik entsprechenden Produktionsanlage. Aus bescheidenen Anf\u00e4ngen als Familienunternehmen mit Sitz in den eigenen vier W\u00e4nden heraus, bedient Global Filter heute Kunden, wie unser Name schon sagt, auf der ganzen Welt. Einige der gr\u00f6\u00dften weltweiten Unternehmen verlassen sich bei den kritischsten Filtrationsanforderungen auf Global Filter.","robots":{"index":"index","follow":"follow","max-snippet":"max-snippet:-1","max-image-preview":"max-image-preview:large","max-video-preview":"max-video-preview:-1"},"canonical":"https:\/\/www.globalfilter.com\/de\/uber-uns\/","og_locale":"de_DE","og_type":"article","og_title":"\u00dcber uns - Global Filter","og_description":"Global Filter wurde 1999 in Cedar Rapids, Iowa, USA, gegr\u00fcndet und produziert hochreine Filterkerzen in unserer dem neuesten Stand der Technik entsprechenden Produktionsanlage. Aus bescheidenen Anf\u00e4ngen als Familienunternehmen mit Sitz in den eigenen vier W\u00e4nden heraus, bedient Global Filter heute Kunden, wie unser Name schon sagt, auf der ganzen Welt. Einige der gr\u00f6\u00dften weltweiten Unternehmen verlassen sich bei den kritischsten Filtrationsanforderungen auf Global Filter.","og_url":"https:\/\/www.globalfilter.com\/de\/uber-uns\/","og_site_name":"Global Filter","article_modified_time":"2022-11-07T14:09:31+00:00","og_image":[{"url":"https:\/\/www.globalfilter.com\/wp-content\/uploads\/2019\/09\/hd_about-us.jpg","type":"","width":"","height":""}],"twitter_card":"summary_large_image","twitter_misc":{"Gesch\u00e4tzte Lesezeit":"2 Minuten"},"schema":{"@context":"https:\/\/schema.org","@graph":[{"@type":"WebPage","@id":"https:\/\/www.globalfilter.com\/de\/uber-uns\/","url":"https:\/\/www.globalfilter.com\/de\/uber-uns\/","name":"\u00dcber uns - Global Filter","isPartOf":{"@id":"https:\/\/www.globalfilter.com\/de\/#website"},"primaryImageOfPage":{"@id":"https:\/\/www.globalfilter.com\/de\/uber-uns\/#primaryimage"},"image":{"@id":"https:\/\/www.globalfilter.com\/de\/uber-uns\/#primaryimage"},"thumbnailUrl":"https:\/\/www.globalfilter.com\/wp-content\/uploads\/2019\/09\/hd_about-us.jpg","datePublished":"2020-02-17T14:43:42+00:00","dateModified":"2022-11-07T14:09:31+00:00","description":"Global Filter wurde 1999 in Cedar Rapids, Iowa, USA, gegr\u00fcndet und produziert hochreine Filterkerzen in unserer dem neuesten Stand der Technik entsprechenden Produktionsanlage. Aus bescheidenen Anf\u00e4ngen als Familienunternehmen mit Sitz in den eigenen vier W\u00e4nden heraus, bedient Global Filter heute Kunden, wie unser Name schon sagt, auf der ganzen Welt. Einige der gr\u00f6\u00dften weltweiten Unternehmen verlassen sich bei den kritischsten Filtrationsanforderungen auf Global Filter.","breadcrumb":{"@id":"https:\/\/www.globalfilter.com\/de\/uber-uns\/#breadcrumb"},"inLanguage":"de-DE","potentialAction":[{"@type":"ReadAction","target":["https:\/\/www.globalfilter.com\/de\/uber-uns\/"]}]},{"@type":"ImageObject","inLanguage":"de-DE","@id":"https:\/\/www.globalfilter.com\/de\/uber-uns\/#primaryimage","url":"https:\/\/www.globalfilter.com\/wp-content\/uploads\/2019\/09\/hd_about-us.jpg","contentUrl":"https:\/\/www.globalfilter.com\/wp-content\/uploads\/2019\/09\/hd_about-us.jpg"},{"@type":"BreadcrumbList","@id":"https:\/\/www.globalfilter.com\/de\/uber-uns\/#breadcrumb","itemListElement":[{"@type":"ListItem","position":1,"name":"home","item":"https:\/\/www.globalfilter.com\/de\/"},{"@type":"ListItem","position":2,"name":"Uber uns"}]},{"@type":"WebSite","@id":"https:\/\/www.globalfilter.com\/de\/#website","url":"https:\/\/www.globalfilter.com\/de\/","name":"Global Filter","description":"Making the World Safer, Healthier and More Productive","publisher":{"@id":"https:\/\/www.globalfilter.com\/de\/#organization"},"potentialAction":[{"@type":"SearchAction","target":{"@type":"EntryPoint","urlTemplate":"https:\/\/www.globalfilter.com\/de\/?s={search_term_string}"},"query-input":{"@type":"PropertyValueSpecification","valueRequired":true,"valueName":"search_term_string"}}],"inLanguage":"de-DE"},{"@type":"Organization","@id":"https:\/\/www.globalfilter.com\/de\/#organization","name":"Global filter","url":"https:\/\/www.globalfilter.com\/de\/","logo":{"@type":"ImageObject","inLanguage":"de-DE","@id":"https:\/\/www.globalfilter.com\/de\/#\/schema\/logo\/image\/","url":"https:\/\/www.globalfilter.com\/wp-content\/uploads\/2019\/06\/FGC-logo-1.png","contentUrl":"https:\/\/www.globalfilter.com\/wp-content\/uploads\/2019\/06\/FGC-logo-1.png","width":1104,"height":224,"caption":"Global filter"},"image":{"@id":"https:\/\/www.globalfilter.com\/de\/#\/schema\/logo\/image\/"},"sameAs":["https:\/\/www.linkedin.com\/company\/global-filter-llc"]}]}},"_links":{"self":[{"href":"https:\/\/www.globalfilter.com\/de\/wp-json\/wp\/v2\/pages\/1606","targetHints":{"allow":["GET"]}}],"collection":[{"href":"https:\/\/www.globalfilter.com\/de\/wp-json\/wp\/v2\/pages"}],"about":[{"href":"https:\/\/www.globalfilter.com\/de\/wp-json\/wp\/v2\/types\/page"}],"author":[{"embeddable":true,"href":"https:\/\/www.globalfilter.com\/de\/wp-json\/wp\/v2\/users\/4"}],"replies":[{"embeddable":true,"href":"https:\/\/www.globalfilter.com\/de\/wp-json\/wp\/v2\/comments?post=1606"}],"version-history":[{"count":0,"href":"https:\/\/www.globalfilter.com\/de\/wp-json\/wp\/v2\/pages\/1606\/revisions"}],"wp:attachment":[{"href":"https:\/\/www.globalfilter.com\/de\/wp-json\/wp\/v2\/media?parent=1606"}],"curies":[{"name":"wp","href":"https:\/\/api.w.org\/{rel}","templated":true}]}}