{"id":1612,"date":"2020-02-17T14:45:26","date_gmt":"2020-02-17T14:45:26","guid":{"rendered":"https:\/\/www.globalfilter.com\/produkte\/flussigkeitsbeutelfilter\/"},"modified":"2025-11-05T22:20:51","modified_gmt":"2025-11-05T22:20:51","slug":"flussigkeitsbeutelfilter","status":"publish","type":"page","link":"https:\/\/www.globalfilter.com\/de\/produkte\/flussigkeitsbeutelfilter\/","title":{"rendered":"Fl\u00fcssigkeitsbeutelfilter"},"content":{"rendered":"\n<div class=\"wp-block-cover alignfull\" style=\"min-height:200px;aspect-ratio:unset;\"><img decoding=\"async\" class=\"wp-block-cover__image-background wp-image-362\" alt=\"\" src=\"https:\/\/www.globalfilter.com\/wp-content\/uploads\/2021\/08\/Gen2-Web-Banner-origional.jpg\" data-object-fit=\"cover\" \/><span aria-hidden=\"true\" class=\"wp-block-cover__background has-blue-background-color has-background-dim\"><\/span><div class=\"wp-block-cover__inner-container is-layout-flow wp-block-cover-is-layout-flow\">\n<h1 class=\"wp-block-heading has-text-align-center\">Fl\u00fcssigkeitsbeutelfilter<\/h1>\n\n\n\n<p><\/p>\n<\/div><\/div>\n\n\n\n<!--Close-->\t\n<\/div><\/div><\/section>\n<!--Menu-->\n<div class=\"no-top-margin\">\n<div class=\"msb-sticky-bar\">\n<div class=\"container\">\n  <div class=\"row\">\n    <div class=\"col-sm text-center\">\n      <a href=\"https:\/\/www.globalfilter.com\/de\/kontaktieren-sie-uns\/\" class=\"btn btn-primary solution-trigger\">Fordern Sie ein Angebot an<\/a>\n    <\/div>\n  <\/div>\n<\/div>\n<\/div>\n<\/div>\n<!--Open-->\n<section class=\"container\"><div class=\"row\"><div class=\"col-md-12\">\n\n\n\n<p>Die Fl\u00fcssigkeitsbeutelfilter k\u00f6nnen an eine Vielzahl von Anwendungen angepasst werden und sind sowohl mit nominellen als auch mit absoluten Abscheideraten von 1 bis 1500&nbsp;\u00b5m erh\u00e4ltlich.<\/p>\n\n\n\n<div class=\"wp-block-columns has-2-columns is-layout-flex wp-container-core-columns-is-layout-9d6595d7 wp-block-columns-is-layout-flex\">\n<div class=\"wp-block-column is-layout-flow wp-block-column-is-layout-flow\">\n<figure class=\"wp-block-image\"><img loading=\"lazy\" decoding=\"async\" width=\"1024\" height=\"576\" src=\"https:\/\/www.globalfilter.com\/wp-content\/uploads\/2019\/09\/Standard-Mesh-Liquid-Filter-Bags-1024x576.jpg\" alt=\"Standard Fl\u00fcssigkeitsbeutelfilter aus Gewebe\" class=\"wp-image-541\" srcset=\"https:\/\/www.globalfilter.com\/wp-content\/uploads\/2019\/09\/Standard-Mesh-Liquid-Filter-Bags-1024x576.jpg 1024w, https:\/\/www.globalfilter.com\/wp-content\/uploads\/2019\/09\/Standard-Mesh-Liquid-Filter-Bags-300x169.jpg 300w, https:\/\/www.globalfilter.com\/wp-content\/uploads\/2019\/09\/Standard-Mesh-Liquid-Filter-Bags-768x432.jpg 768w, https:\/\/www.globalfilter.com\/wp-content\/uploads\/2019\/09\/Standard-Mesh-Liquid-Filter-Bags.jpg 1920w\" sizes=\"auto, (max-width: 1024px) 100vw, 1024px\" \/><\/figure>\n\n\n\n<div class=\"wp-block-file aligncenter btn-file\"><a href=\"https:\/\/www.globalfilter.com\/wp-content\/uploads\/2025\/11\/DE-GPO-Standard-Felt-Liquid-Filter-Bags-D022A-DE.pdf\" class=\"wp-block-file__button\">Datenblatt herunterladen<\/a><\/div>\n<\/div>\n\n\n\n<div class=\"wp-block-column is-layout-flow wp-block-column-is-layout-flow\">\n<h2 class=\"wp-block-heading\">Polypropylen Nadelfilz Fl\u00fcssigkeitsfilterbeutel<\/h2>\n\n\n\n<h3 class=\"wp-block-heading\" id=\"StandardMesh\">Standard-Fl\u00fcssigkeitsbeutelfilter aus Polypropylen<\/h3>\n\n\n\n<ul class=\"wp-block-list\">\n<li>Abscheideraten von 1 bis 200 \u00b5m<\/li>\n\n\n\n<li>Alle branchen\u00fcblichen Gr\u00f6\u00dfen erh\u00e4ltlich<\/li>\n\n\n\n<li>Breite chemische Best\u00e4ndigkeit<\/li>\n\n\n\n<li>Filtermaterial erlaubt hohen Durchfluss bei<br>geringem Druckverlust<\/li>\n\n\n\n<li>Griffe serienma\u00dfig an allen Beuteln (Standard)<\/li>\n\n\n\n<li>Geschwei\u00dfte Konstruktion Standard, gen\u00e4hte<br>Konstruktion wahlweise<\/li>\n\n\n\n<li>Edelstahlring in Standard, geschwei\u00dfter<br>Polypropylenflansh als Option<\/li>\n<\/ul>\n\n\n\n<h3 class=\"wp-block-heading\">Typische Anwendungen<\/h3>\n\n\n\n<ul class=\"wp-block-list\">\n<li>\u00a0Farben und Beschichtungen<\/li>\n\n\n\n<li>\u00a0Druckfarben<\/li>\n\n\n\n<li>\u00a0Chemikalien<\/li>\n\n\n\n<li>\u00a0Prozesswasser<\/li>\n\n\n\n<li>\u00a0Getr\u00e4nke<\/li>\n<\/ul>\n<\/div>\n<\/div>\n\n\n\n<hr class=\"wp-block-separator has-css-opacity is-style-wide\" \/>\n\n\n\n<div class=\"wp-block-columns has-2-columns is-layout-flex wp-container-core-columns-is-layout-9d6595d7 wp-block-columns-is-layout-flex\">\n<div class=\"wp-block-column is-layout-flow wp-block-column-is-layout-flow\">\n<figure class=\"wp-block-image\"><img loading=\"lazy\" decoding=\"async\" width=\"1024\" height=\"576\" src=\"https:\/\/www.globalfilter.com\/wp-content\/uploads\/2019\/09\/Standard-Felt-Liquid-Filter-Bags-1024x576.jpg\" alt=\"Standard Fl\u00fcssigkeitsbeutelfilter aus Filz\" class=\"wp-image-539\" srcset=\"https:\/\/www.globalfilter.com\/wp-content\/uploads\/2019\/09\/Standard-Felt-Liquid-Filter-Bags-1024x576.jpg 1024w, https:\/\/www.globalfilter.com\/wp-content\/uploads\/2019\/09\/Standard-Felt-Liquid-Filter-Bags-300x169.jpg 300w, https:\/\/www.globalfilter.com\/wp-content\/uploads\/2019\/09\/Standard-Felt-Liquid-Filter-Bags-768x432.jpg 768w, https:\/\/www.globalfilter.com\/wp-content\/uploads\/2019\/09\/Standard-Felt-Liquid-Filter-Bags.jpg 1920w\" sizes=\"auto, (max-width: 1024px) 100vw, 1024px\" \/><\/figure>\n\n\n\n<div class=\"wp-block-file aligncenter btn-file\"><a href=\"https:\/\/www.globalfilter.com\/de\/polyester-fluessigkeitsfilterbeutel\/\" class=\"wp-block-file__button\">Datenblatt herunterladen<\/a><\/div>\n<\/div>\n\n\n\n<div class=\"wp-block-column is-layout-flow wp-block-column-is-layout-flow\">\n<h2 class=\"wp-block-heading\">Polyester Fl\u00fcssigkeitsfilterbeutel<\/h2>\n\n\n\n<h3 class=\"wp-block-heading\" id=\"StandardFelt\">Standard Fl\u00fcssigkeitsbeutelfilter aus Polyester<\/h3>\n\n\n\n<ul class=\"wp-block-list\">\n<li>Abscheideraten von 1 bis 200 \u00b5m<\/li>\n\n\n\n<li>Alle branchen\u00fcblichen Gr\u00f6\u00dfen erh\u00e4ltlich<\/li>\n\n\n\n<li>Breite chemische Best\u00e4ndigkeit<\/li>\n\n\n\n<li>Filtermaterial erlaubt hohen Durchfluss bei geringem<br>Druckverlust<\/li>\n\n\n\n<li>Griffe serienma\u00dfig an allen Beuteln (Standard)<\/li>\n\n\n\n<li>Geschwei\u00dfte Konstruktion Standard, gen\u00e4hte<br>Konstruktion wahlweise<\/li>\n\n\n\n<li>Edelstahlring in Standard, geschwei\u00dfter<br>Nylonflansch als Option<\/li>\n<\/ul>\n\n\n\n<h3 class=\"wp-block-heading\">Typische Anwendungen<\/h3>\n\n\n\n<ul class=\"wp-block-list\">\n<li>Farben und Beschichtungen \u2022 Druckfarben<\/li>\n\n\n\n<li>Chemikalien<\/li>\n\n\n\n<li>Prozesswasser<\/li>\n\n\n\n<li>Getr\u00e4nke<\/li>\n<\/ul>\n\n\n\n<p><\/p>\n<\/div>\n<\/div>\n\n\n\n<hr class=\"wp-block-separator has-css-opacity is-style-wide\" \/>\n\n\n\n<div class=\"wp-block-columns has-2-columns is-layout-flex wp-container-core-columns-is-layout-9d6595d7 wp-block-columns-is-layout-flex\">\n<div class=\"wp-block-column is-layout-flow wp-block-column-is-layout-flow\">\n<figure class=\"wp-block-image\"><img loading=\"lazy\" decoding=\"async\" width=\"1024\" height=\"576\" src=\"https:\/\/www.globalfilter.com\/wp-content\/uploads\/2019\/09\/High-Efficiency-Filter-Bags-1024x576.jpg\" alt=\"Hoch effiziente Filterbeutel\" class=\"wp-image-537\" srcset=\"https:\/\/www.globalfilter.com\/wp-content\/uploads\/2019\/09\/High-Efficiency-Filter-Bags-1024x576.jpg 1024w, https:\/\/www.globalfilter.com\/wp-content\/uploads\/2019\/09\/High-Efficiency-Filter-Bags-300x169.jpg 300w, https:\/\/www.globalfilter.com\/wp-content\/uploads\/2019\/09\/High-Efficiency-Filter-Bags-768x432.jpg 768w, https:\/\/www.globalfilter.com\/wp-content\/uploads\/2019\/09\/High-Efficiency-Filter-Bags.jpg 1920w\" sizes=\"auto, (max-width: 1024px) 100vw, 1024px\" \/><\/figure>\n\n\n\n<div class=\"wp-block-file aligncenter btn-file\"><a href=\"https:\/\/www.globalfilter.com\/de\/nylon-monofilament-fluessigkeitsfilterbeutel\/\" class=\"wp-block-file__button\">Datenblatt herunterladen<\/a><\/div>\n<\/div>\n\n\n\n<div class=\"wp-block-column is-layout-flow wp-block-column-is-layout-flow\">\n<h2 class=\"wp-block-heading\">Nylon Monofilament Fl\u00fcssigkeitsfilterbeute<\/h2>\n\n\n\n<h3 class=\"wp-block-heading\">Nylon Filterbeutel<\/h3>\n\n\n\n<ul class=\"wp-block-list\">\n<li>Abscheideraten von 10 bis 1600 \u00b5m<\/li>\n\n\n\n<li>Alle branchen\u00fcblichen und auf Anfrage auch<br>kundenspezifische Gr\u00f6\u00dfen erh\u00e4ltlich<\/li>\n\n\n\n<li>Filtermaterial erlaubt hohen Durchfluss bei geringem<br>Druckverlust<\/li>\n\n\n\n<li>Oberfl\u00e4chenfiltration<\/li>\n\n\n\n<li>Breite chemische Best\u00e4ndigkeit<\/li>\n\n\n\n<li>Nahtband<\/li>\n\n\n\n<li>Griffe serienma\u00dfig an allen Beuteln (Standard)<\/li>\n\n\n\n<li>Keine Faserabgabe<\/li>\n\n\n\n<li>Hohes R\u00fcckhalteverm\u00f6gen<\/li>\n\n\n\n<li>Temperaturbest\u00e4ndig bis 93\u00b0C<\/li>\n\n\n\n<li>Silikonfreie Ausf\u00fchrung<\/li>\n\n\n\n<li>Wirtschaftliche Entfernung von nicht verformbaren<br>Verunreinigungen<\/li>\n\n\n\n<li>Wahlweise Ring aus Edelstahl oder Nylonflansch<\/li>\n\n\n\n<li>Die FDA-Bestimmungen f\u00fcr den Kontakt mit Lebens-<br>mitteln gem\u00e4\u00df Absatz 21, Abschnitt 177.1520 und EC1935\/ 2004 &#8211; EU 10\/2011 werden eingehalten.<\/li>\n\n\n\n<li><\/li>\n<\/ul>\n\n\n\n<h3 class=\"wp-block-heading\">Typische Anwendungen<\/h3>\n\n\n\n<ul class=\"wp-block-list\">\n<li>Farben und Beschichtungen<\/li>\n\n\n\n<li>Druckfarben<\/li>\n\n\n\n<li>Chemikalien<\/li>\n\n\n\n<li>Prozesswasser<\/li>\n<\/ul>\n<\/div>\n<\/div>\n","protected":false},"excerpt":{"rendered":"<p>Fordern Sie ein Angebot an Die Fl\u00fcssigkeitsbeutelfilter k\u00f6nnen an eine Vielzahl von Anwendungen angepasst werden und sind sowohl mit nominellen als auch mit absoluten Abscheideraten von 1 bis 1500&nbsp;\u00b5m erh\u00e4ltlich. Datenblatt herunterladen Polypropylen Nadelfilz Fl\u00fcssigkeitsfilterbeutel Standard-Fl\u00fcssigkeitsbeutelfilter aus Polypropylen Typische Anwendungen Datenblatt herunterladen Polyester Fl\u00fcssigkeitsfilterbeutel Standard Fl\u00fcssigkeitsbeutelfilter aus Polyester Typische Anwendungen Datenblatt herunterladen Nylon Monofilament Fl\u00fcssigkeitsfilterbeute [&hellip;]<\/p>\n","protected":false},"author":3,"featured_media":0,"parent":1504,"menu_order":0,"comment_status":"closed","ping_status":"closed","template":"","meta":{"_acf_changed":false,"content-type":"","footnotes":""},"class_list":["post-1612","page","type-page","status-publish","hentry"],"acf":[],"yoast_head":"<!-- This site is optimized with the Yoast SEO plugin v27.3 - https:\/\/yoast.com\/product\/yoast-seo-wordpress\/ -->\n<title>Fl\u00fcssigkeitsbeutelfilter - Global Filter<\/title>\n<meta name=\"description\" content=\"Die Fl\u00fcssigkeitsbeutelfilter k\u00f6nnen an eine Vielzahl von Anwendungen angepasst werden und werden f\u00fcr verschiedene Materialien sowohl mit nominellen als auch mit absoluten Abscheideraten von 1 bis 1500\u00a0\u00b5m angeboten. Diese wirtschaftlichen Filter sind in allen Standard- sowie in Sondergr\u00f6\u00dfen erh\u00e4ltlich.\" \/>\n<meta name=\"robots\" content=\"index, follow, max-snippet:-1, max-image-preview:large, max-video-preview:-1\" \/>\n<link rel=\"canonical\" href=\"https:\/\/www.globalfilter.com\/de\/produkte\/flussigkeitsbeutelfilter\/\" \/>\n<meta property=\"og:locale\" content=\"de_DE\" \/>\n<meta property=\"og:type\" content=\"article\" \/>\n<meta property=\"og:title\" content=\"Fl\u00fcssigkeitsbeutelfilter - Global Filter\" \/>\n<meta property=\"og:description\" content=\"Die Fl\u00fcssigkeitsbeutelfilter k\u00f6nnen an eine Vielzahl von Anwendungen angepasst werden und werden f\u00fcr verschiedene Materialien sowohl mit nominellen als auch mit absoluten Abscheideraten von 1 bis 1500\u00a0\u00b5m angeboten. Diese wirtschaftlichen Filter sind in allen Standard- sowie in Sondergr\u00f6\u00dfen erh\u00e4ltlich.\" \/>\n<meta property=\"og:url\" content=\"https:\/\/www.globalfilter.com\/de\/produkte\/flussigkeitsbeutelfilter\/\" \/>\n<meta property=\"og:site_name\" content=\"Global Filter\" \/>\n<meta property=\"article:modified_time\" content=\"2025-11-05T22:20:51+00:00\" \/>\n<meta property=\"og:image\" content=\"https:\/\/www.globalfilter.com\/wp-content\/uploads\/2019\/09\/blank.png\" \/>\n\t<meta property=\"og:image:width\" content=\"1\" \/>\n\t<meta property=\"og:image:height\" content=\"1\" \/>\n\t<meta property=\"og:image:type\" content=\"image\/png\" \/>\n<meta name=\"twitter:card\" content=\"summary_large_image\" \/>\n<meta name=\"twitter:label1\" content=\"Gesch\u00e4tzte Lesezeit\" \/>\n\t<meta name=\"twitter:data1\" content=\"2 Minuten\" \/>\n<script type=\"application\/ld+json\" class=\"yoast-schema-graph\">{\"@context\":\"https:\\\/\\\/schema.org\",\"@graph\":[{\"@type\":\"WebPage\",\"@id\":\"https:\\\/\\\/www.globalfilter.com\\\/de\\\/produkte\\\/flussigkeitsbeutelfilter\\\/\",\"url\":\"https:\\\/\\\/www.globalfilter.com\\\/de\\\/produkte\\\/flussigkeitsbeutelfilter\\\/\",\"name\":\"Fl\u00fcssigkeitsbeutelfilter - Global Filter\",\"isPartOf\":{\"@id\":\"https:\\\/\\\/www.globalfilter.com\\\/de\\\/#website\"},\"primaryImageOfPage\":{\"@id\":\"https:\\\/\\\/www.globalfilter.com\\\/de\\\/produkte\\\/flussigkeitsbeutelfilter\\\/#primaryimage\"},\"image\":{\"@id\":\"https:\\\/\\\/www.globalfilter.com\\\/de\\\/produkte\\\/flussigkeitsbeutelfilter\\\/#primaryimage\"},\"thumbnailUrl\":\"https:\\\/\\\/www.globalfilter.com\\\/wp-content\\\/uploads\\\/2021\\\/08\\\/Gen2-Web-Banner-origional.jpg\",\"datePublished\":\"2020-02-17T14:45:26+00:00\",\"dateModified\":\"2025-11-05T22:20:51+00:00\",\"description\":\"Die Fl\u00fcssigkeitsbeutelfilter k\u00f6nnen an eine Vielzahl von Anwendungen angepasst werden und werden f\u00fcr verschiedene Materialien sowohl mit nominellen als auch mit absoluten Abscheideraten von 1 bis 1500\u00a0\u00b5m angeboten. Diese wirtschaftlichen Filter sind in allen Standard- sowie in Sondergr\u00f6\u00dfen erh\u00e4ltlich.\",\"breadcrumb\":{\"@id\":\"https:\\\/\\\/www.globalfilter.com\\\/de\\\/produkte\\\/flussigkeitsbeutelfilter\\\/#breadcrumb\"},\"inLanguage\":\"de-DE\",\"potentialAction\":[{\"@type\":\"ReadAction\",\"target\":[\"https:\\\/\\\/www.globalfilter.com\\\/de\\\/produkte\\\/flussigkeitsbeutelfilter\\\/\"]}]},{\"@type\":\"ImageObject\",\"inLanguage\":\"de-DE\",\"@id\":\"https:\\\/\\\/www.globalfilter.com\\\/de\\\/produkte\\\/flussigkeitsbeutelfilter\\\/#primaryimage\",\"url\":\"https:\\\/\\\/www.globalfilter.com\\\/wp-content\\\/uploads\\\/2021\\\/08\\\/Gen2-Web-Banner-origional.jpg\",\"contentUrl\":\"https:\\\/\\\/www.globalfilter.com\\\/wp-content\\\/uploads\\\/2021\\\/08\\\/Gen2-Web-Banner-origional.jpg\"},{\"@type\":\"BreadcrumbList\",\"@id\":\"https:\\\/\\\/www.globalfilter.com\\\/de\\\/produkte\\\/flussigkeitsbeutelfilter\\\/#breadcrumb\",\"itemListElement\":[{\"@type\":\"ListItem\",\"position\":1,\"name\":\"home\",\"item\":\"https:\\\/\\\/www.globalfilter.com\\\/de\\\/\"},{\"@type\":\"ListItem\",\"position\":2,\"name\":\"Produkte\",\"item\":\"https:\\\/\\\/www.globalfilter.com\\\/de\\\/produkte\\\/\"},{\"@type\":\"ListItem\",\"position\":3,\"name\":\"Fl\u00fcssigkeitsbeutelfilter\"}]},{\"@type\":\"WebSite\",\"@id\":\"https:\\\/\\\/www.globalfilter.com\\\/de\\\/#website\",\"url\":\"https:\\\/\\\/www.globalfilter.com\\\/de\\\/\",\"name\":\"Global Filter\",\"description\":\"Making the World Safer, Healthier and More Productive\",\"publisher\":{\"@id\":\"https:\\\/\\\/www.globalfilter.com\\\/de\\\/#organization\"},\"potentialAction\":[{\"@type\":\"SearchAction\",\"target\":{\"@type\":\"EntryPoint\",\"urlTemplate\":\"https:\\\/\\\/www.globalfilter.com\\\/de\\\/?s={search_term_string}\"},\"query-input\":{\"@type\":\"PropertyValueSpecification\",\"valueRequired\":true,\"valueName\":\"search_term_string\"}}],\"inLanguage\":\"de-DE\"},{\"@type\":\"Organization\",\"@id\":\"https:\\\/\\\/www.globalfilter.com\\\/de\\\/#organization\",\"name\":\"Global filter\",\"url\":\"https:\\\/\\\/www.globalfilter.com\\\/de\\\/\",\"logo\":{\"@type\":\"ImageObject\",\"inLanguage\":\"de-DE\",\"@id\":\"https:\\\/\\\/www.globalfilter.com\\\/de\\\/#\\\/schema\\\/logo\\\/image\\\/\",\"url\":\"https:\\\/\\\/www.globalfilter.com\\\/wp-content\\\/uploads\\\/2019\\\/06\\\/FGC-logo-1.png\",\"contentUrl\":\"https:\\\/\\\/www.globalfilter.com\\\/wp-content\\\/uploads\\\/2019\\\/06\\\/FGC-logo-1.png\",\"width\":1104,\"height\":224,\"caption\":\"Global filter\"},\"image\":{\"@id\":\"https:\\\/\\\/www.globalfilter.com\\\/de\\\/#\\\/schema\\\/logo\\\/image\\\/\"},\"sameAs\":[\"https:\\\/\\\/www.linkedin.com\\\/company\\\/global-filter-llc\"]}]}<\/script>\n<!-- \/ Yoast SEO plugin. -->","yoast_head_json":{"title":"Fl\u00fcssigkeitsbeutelfilter - Global Filter","description":"Die Fl\u00fcssigkeitsbeutelfilter k\u00f6nnen an eine Vielzahl von Anwendungen angepasst werden und werden f\u00fcr verschiedene Materialien sowohl mit nominellen als auch mit absoluten Abscheideraten von 1 bis 1500\u00a0\u00b5m angeboten. Diese wirtschaftlichen Filter sind in allen Standard- sowie in Sondergr\u00f6\u00dfen erh\u00e4ltlich.","robots":{"index":"index","follow":"follow","max-snippet":"max-snippet:-1","max-image-preview":"max-image-preview:large","max-video-preview":"max-video-preview:-1"},"canonical":"https:\/\/www.globalfilter.com\/de\/produkte\/flussigkeitsbeutelfilter\/","og_locale":"de_DE","og_type":"article","og_title":"Fl\u00fcssigkeitsbeutelfilter - Global Filter","og_description":"Die Fl\u00fcssigkeitsbeutelfilter k\u00f6nnen an eine Vielzahl von Anwendungen angepasst werden und werden f\u00fcr verschiedene Materialien sowohl mit nominellen als auch mit absoluten Abscheideraten von 1 bis 1500\u00a0\u00b5m angeboten. Diese wirtschaftlichen Filter sind in allen Standard- sowie in Sondergr\u00f6\u00dfen erh\u00e4ltlich.","og_url":"https:\/\/www.globalfilter.com\/de\/produkte\/flussigkeitsbeutelfilter\/","og_site_name":"Global Filter","article_modified_time":"2025-11-05T22:20:51+00:00","og_image":[{"width":1,"height":1,"url":"https:\/\/www.globalfilter.com\/wp-content\/uploads\/2019\/09\/blank.png","type":"image\/png"}],"twitter_card":"summary_large_image","twitter_misc":{"Gesch\u00e4tzte Lesezeit":"2 Minuten"},"schema":{"@context":"https:\/\/schema.org","@graph":[{"@type":"WebPage","@id":"https:\/\/www.globalfilter.com\/de\/produkte\/flussigkeitsbeutelfilter\/","url":"https:\/\/www.globalfilter.com\/de\/produkte\/flussigkeitsbeutelfilter\/","name":"Fl\u00fcssigkeitsbeutelfilter - Global Filter","isPartOf":{"@id":"https:\/\/www.globalfilter.com\/de\/#website"},"primaryImageOfPage":{"@id":"https:\/\/www.globalfilter.com\/de\/produkte\/flussigkeitsbeutelfilter\/#primaryimage"},"image":{"@id":"https:\/\/www.globalfilter.com\/de\/produkte\/flussigkeitsbeutelfilter\/#primaryimage"},"thumbnailUrl":"https:\/\/www.globalfilter.com\/wp-content\/uploads\/2021\/08\/Gen2-Web-Banner-origional.jpg","datePublished":"2020-02-17T14:45:26+00:00","dateModified":"2025-11-05T22:20:51+00:00","description":"Die Fl\u00fcssigkeitsbeutelfilter k\u00f6nnen an eine Vielzahl von Anwendungen angepasst werden und werden f\u00fcr verschiedene Materialien sowohl mit nominellen als auch mit absoluten Abscheideraten von 1 bis 1500\u00a0\u00b5m angeboten. Diese wirtschaftlichen Filter sind in allen Standard- sowie in Sondergr\u00f6\u00dfen erh\u00e4ltlich.","breadcrumb":{"@id":"https:\/\/www.globalfilter.com\/de\/produkte\/flussigkeitsbeutelfilter\/#breadcrumb"},"inLanguage":"de-DE","potentialAction":[{"@type":"ReadAction","target":["https:\/\/www.globalfilter.com\/de\/produkte\/flussigkeitsbeutelfilter\/"]}]},{"@type":"ImageObject","inLanguage":"de-DE","@id":"https:\/\/www.globalfilter.com\/de\/produkte\/flussigkeitsbeutelfilter\/#primaryimage","url":"https:\/\/www.globalfilter.com\/wp-content\/uploads\/2021\/08\/Gen2-Web-Banner-origional.jpg","contentUrl":"https:\/\/www.globalfilter.com\/wp-content\/uploads\/2021\/08\/Gen2-Web-Banner-origional.jpg"},{"@type":"BreadcrumbList","@id":"https:\/\/www.globalfilter.com\/de\/produkte\/flussigkeitsbeutelfilter\/#breadcrumb","itemListElement":[{"@type":"ListItem","position":1,"name":"home","item":"https:\/\/www.globalfilter.com\/de\/"},{"@type":"ListItem","position":2,"name":"Produkte","item":"https:\/\/www.globalfilter.com\/de\/produkte\/"},{"@type":"ListItem","position":3,"name":"Fl\u00fcssigkeitsbeutelfilter"}]},{"@type":"WebSite","@id":"https:\/\/www.globalfilter.com\/de\/#website","url":"https:\/\/www.globalfilter.com\/de\/","name":"Global Filter","description":"Making the World Safer, Healthier and More Productive","publisher":{"@id":"https:\/\/www.globalfilter.com\/de\/#organization"},"potentialAction":[{"@type":"SearchAction","target":{"@type":"EntryPoint","urlTemplate":"https:\/\/www.globalfilter.com\/de\/?s={search_term_string}"},"query-input":{"@type":"PropertyValueSpecification","valueRequired":true,"valueName":"search_term_string"}}],"inLanguage":"de-DE"},{"@type":"Organization","@id":"https:\/\/www.globalfilter.com\/de\/#organization","name":"Global filter","url":"https:\/\/www.globalfilter.com\/de\/","logo":{"@type":"ImageObject","inLanguage":"de-DE","@id":"https:\/\/www.globalfilter.com\/de\/#\/schema\/logo\/image\/","url":"https:\/\/www.globalfilter.com\/wp-content\/uploads\/2019\/06\/FGC-logo-1.png","contentUrl":"https:\/\/www.globalfilter.com\/wp-content\/uploads\/2019\/06\/FGC-logo-1.png","width":1104,"height":224,"caption":"Global filter"},"image":{"@id":"https:\/\/www.globalfilter.com\/de\/#\/schema\/logo\/image\/"},"sameAs":["https:\/\/www.linkedin.com\/company\/global-filter-llc"]}]}},"_links":{"self":[{"href":"https:\/\/www.globalfilter.com\/de\/wp-json\/wp\/v2\/pages\/1612","targetHints":{"allow":["GET"]}}],"collection":[{"href":"https:\/\/www.globalfilter.com\/de\/wp-json\/wp\/v2\/pages"}],"about":[{"href":"https:\/\/www.globalfilter.com\/de\/wp-json\/wp\/v2\/types\/page"}],"author":[{"embeddable":true,"href":"https:\/\/www.globalfilter.com\/de\/wp-json\/wp\/v2\/users\/3"}],"replies":[{"embeddable":true,"href":"https:\/\/www.globalfilter.com\/de\/wp-json\/wp\/v2\/comments?post=1612"}],"version-history":[{"count":0,"href":"https:\/\/www.globalfilter.com\/de\/wp-json\/wp\/v2\/pages\/1612\/revisions"}],"up":[{"embeddable":true,"href":"https:\/\/www.globalfilter.com\/de\/wp-json\/wp\/v2\/pages\/1504"}],"wp:attachment":[{"href":"https:\/\/www.globalfilter.com\/de\/wp-json\/wp\/v2\/media?parent=1612"}],"curies":[{"name":"wp","href":"https:\/\/api.w.org\/{rel}","templated":true}]}}