{"id":8697,"date":"2022-03-11T10:39:21","date_gmt":"2022-03-11T10:39:21","guid":{"rendered":"https:\/\/www.globalfilter.com\/?page_id=8697"},"modified":"2025-10-15T07:24:39","modified_gmt":"2025-10-15T07:24:39","slug":"meltblown-filterkerzen","status":"publish","type":"page","link":"https:\/\/www.globalfilter.com\/de\/meltblown-filterkerzen\/","title":{"rendered":"Meltblown Filterkerzen"},"content":{"rendered":"\n<div class=\"wp-block-cover alignfull is-light\" style=\"min-height:200px;aspect-ratio:unset;\"><img decoding=\"async\" class=\"wp-block-cover__image-background wp-image-1334\" alt=\"\" src=\"https:\/\/www.globalfilter.com\/wp-content\/uploads\/2021\/08\/Gen2-Web-Banner-origional.jpg\" data-object-fit=\"cover\" \/><span aria-hidden=\"true\" class=\"wp-block-cover__background has-blue-background-color has-background-dim-10 has-background-dim\"><\/span><div class=\"wp-block-cover__inner-container is-layout-flow wp-block-cover-is-layout-flow\">\n<h1 class=\"wp-block-heading has-text-align-center\" id=\"h-meltblown-filterkerzen\"><strong><strong><strong>Meltblown Filterkerzen<\/strong><\/strong><\/strong><\/h1>\n\n\n\n<div class=\"container\">\n\n\n\n<p class=\"has-text-align-center\"> Die Tiefenfilterkerzen von Global Filter bieten ein gro\u00dffl\u00e4chiges Element aus 100 % Polypropylen oder Nylon zum Entfernen von feinen oder groben Partikeln aus Fl\u00fcssigkeiten. Sie haben eine zunehmende Dichte zum Kern hin, diese sorgt f\u00fcr einen geringen Druckabfall und eine hohe Schmutzaufnahmekapazit\u00e4t. Die Meltblown Filterkerzen wird in absoluten oder nominalen Abscheideeffizienzen, in allen Endkonfigurationen und von 1\u00b5m bis 100 \u00b5m angeboten.<\/p>\n\n\n\n<\/div>\n\n\n\n<div style=\"height:30px\" aria-hidden=\"true\" class=\"wp-block-spacer\"><\/div>\n<\/div><\/div>\n\n\n\n<!--Close-->\t\r\n<\/div><\/div><\/section>\r\n<!--Menu-->\r\n<div class=\"no-top-margin\">\r\n<div class=\"msb-sticky-bar\">\r\n<div class=\"container\">\r\n  <div class=\"row\">\r\n    <div class=\"col-sm text-center\">\r\n      <a href=\"https:\/\/www.globalfilter.com\/de\/kontaktieren-sie-uns\/\" class=\"btn btn-primary solution-trigger\">Fordern Sie ein Angebot an<\/a>\r\n    <\/div>\r\n  <\/div>\r\n<\/div>\r\n<\/div>\r\n<\/div>\r\n<!--Open-->\r\n<section class=\"container\"><div class=\"row\"><div class=\"col-md-12\">\n\n\n\n<div class=\"wp-block-columns has-2-columns is-layout-flex wp-container-core-columns-is-layout-9d6595d7 wp-block-columns-is-layout-flex\">\n<div class=\"wp-block-column is-layout-flow wp-block-column-is-layout-flow\">\n<div class=\"wp-block-file aligncenter btn-file\"><a href=\"https:\/\/www.globalfilter.com\/wp-content\/uploads\/2025\/10\/D012A-GATB-DE.pdf\" class=\"wp-block-file__button\">Datenblatt herunterladen<\/a><\/div>\n\n\n\n<p><\/p>\n<\/div>\n\n\n\n<div class=\"wp-block-column is-layout-flow wp-block-column-is-layout-flow\">\n<h2 class=\"wp-block-heading\" id=\"h-gatb-serie-absolut-spezifiziertes-meltblown-polypropylen\">GATB-Serie Absolut spezifiziertes meltblown Polypropylen<\/h2>\n\n\n\n<p>Absolut spezifizierte meltblown Polypropylen-Filterkerzen der GATB-Serie:<\/p>\n\n\n\n<ul class=\"wp-block-list\">\n<li>Die pr\u00e4zise Prozesskontrolle des Faserdurchmessers und der Schichtdichte optimiert das Medium, um eine gezielte R\u00fcckhalteeffizienz zu erzielen und eine gleichbleibende Leistung sicherzustellen.<\/li>\n\n\n\n<li>Alle Polypropylen-Konstruktionen weisen eine hervorragende Vertr\u00e4glichkeit mit einer Vielzahl von Chemikalien auf.<\/li>\n\n\n\n<li>Widersteht dem Durchlass von Verunreinigungen, auch bei erh\u00f6hten Differenzdr\u00fccken.<\/li>\n\n\n\n<li>Alle Endkonfigurationen erh\u00e4ltlich (geklebt oder verschmolzen).<\/li>\n\n\n\n<li>Das geriffelte \u00c4u\u00dfere vergr\u00f6\u00dfert die Oberfl\u00e4che.<\/li>\n\n\n\n<li>Einfache Verbrennung und Entsorgung der Filterkerzen.<\/li>\n\n\n\n<li>Frei von Additiven, Benetzungsmitteln, Bindemitteln und Silikon.<\/li>\n<\/ul>\n\n\n\n<h3 class=\"wp-block-heading\" id=\"h-konstruktionsmaterialien\">Konstruktionsmaterialien<\/h3>\n\n\n\n<ul class=\"wp-block-list\">\n<li>Filtermedium \u2013 Polypropylen<\/li>\n\n\n\n<li>Endkappen \u2013 Polypropylen<\/li>\n\n\n\n<li>O-Ringe\/Dichtungen \u2013 Buna, EPDM, Polyfoam, Silikon, FKM<\/li>\n<\/ul>\n<\/div>\n<\/div>\n\n\n\n<div class=\"wp-block-columns is-layout-flex wp-container-core-columns-is-layout-9d6595d7 wp-block-columns-is-layout-flex\">\n<div class=\"wp-block-column is-layout-flow wp-block-column-is-layout-flow\">\n<div class=\"wp-block-buttons is-layout-flex wp-block-buttons-is-layout-flex\"><\/div>\n<\/div>\n<\/div>\n\n\n\n<hr class=\"wp-block-separator has-css-opacity is-style-wide\" \/>\n\n\n\n<div class=\"wp-block-columns has-2-columns is-layout-flex wp-container-core-columns-is-layout-9d6595d7 wp-block-columns-is-layout-flex\">\n<div class=\"wp-block-column is-layout-flow wp-block-column-is-layout-flow\">\n<div class=\"wp-block-file aligncenter btn-file\"><a href=\"https:\/\/www.globalfilter.com\/wp-content\/uploads\/2025\/10\/D007A-GCTB-DE.pdf\" class=\"wp-block-file__button\">Datenblatt herunterladen<\/a><\/div>\n<\/div>\n\n\n\n<div class=\"wp-block-column is-layout-flow wp-block-column-is-layout-flow\">\n<h2 class=\"wp-block-heading\" id=\"h-gctb-serie-hochleistungsf-higes-meltblown-polypropylen\">GCTB-Serie Hochleistungsf\u00e4higes meltblown Polypropylen<\/h2>\n\n\n\n<p>Hochleistungsfilterkerzen aus meltblown Polypropylen der GCTB-Serie:<\/p>\n\n\n\n<ul class=\"wp-block-list\">\n<li>Die pr\u00e4zise Prozesskontrolle des Faserdurchmessers und der Schichtdichte optimiert das Medium, um eine gezielte R\u00fcckhalteeffizienz zu erzielen und eine gleichbleibende Leistung sicherzustellen.<\/li>\n\n\n\n<li>Alle Polypropylen-Konstruktionen weisen eine hervorragende Vertr\u00e4glichkeit mit einer Vielzahl von Chemikalien auf.<\/li>\n\n\n\n<li>Widersteht dem Durchlass von Verunreinigungen, auch bei erh\u00f6hten Differenzdr\u00fccken.<\/li>\n\n\n\n<li>Alle Endkonfigurationen erh\u00e4ltlich (geklebt oder verschmolzen).<\/li>\n\n\n\n<li>Einfache Verbrennung und Entsorgung der Filterkerzen.<\/li>\n\n\n\n<li>Frei von Additiven, Benetzungsmitteln, Bindemitteln und Silikon.<\/li>\n<\/ul>\n\n\n\n<h3 class=\"wp-block-heading\" id=\"h-konstruktionsmaterialien-1\">Konstruktionsmaterialien<\/h3>\n\n\n\n<ul class=\"wp-block-list\">\n<li>Filtermedium \u2013 Polypropylen<\/li>\n\n\n\n<li>Endkappen \u2013 Polypropylen<\/li>\n\n\n\n<li>O-Ringe\/Dichtungen \u2013 Buna, EPDM, Polyfoam, Silikon, FKM<\/li>\n<\/ul>\n<\/div>\n<\/div>\n\n\n\n<hr class=\"wp-block-separator has-css-opacity is-style-wide\" \/>\n\n\n\n<div class=\"wp-block-columns has-2-columns is-layout-flex wp-container-core-columns-is-layout-9d6595d7 wp-block-columns-is-layout-flex\">\n<div class=\"wp-block-column is-layout-flow wp-block-column-is-layout-flow\">\n<div class=\"wp-block-file aligncenter btn-file\"><a href=\"https:\/\/www.globalfilter.com\/wp-content\/uploads\/2025\/10\/D003A-GWTB-DE.pdf\" class=\"wp-block-file__button\">Datenblatt herunterladen<\/a><\/div>\n\n\n\n<p><\/p>\n<\/div>\n\n\n\n<div class=\"wp-block-column is-layout-flow wp-block-column-is-layout-flow\">\n<h2 class=\"wp-block-heading\" id=\"h-gwtb-serie-water-grade-meltblown-polypropylen\">GWTB-Serie Water Grade Meltblown Polypropylen<\/h2>\n\n\n\n<p>Water Grade Polypropylen-Filterkerzen mit Meltblown Polypropylen der GWTB-Serie:<\/p>\n\n\n\n<ul class=\"wp-block-list\">\n<li>Eine Struktur mit zunehmender Dichte sorgt f\u00fcr einen geringen Druckabfall und eine hohe Schmutzaufnahmekapazit\u00e4t.<\/li>\n\n\n\n<li>Alle Polypropylen-Konstruktionen weisen eine hervorragende Vertr\u00e4glichkeit mit einer Vielzahl von Chemikalien auf.<\/li>\n\n\n\n<li>Widersteht dem Durchlass von Verunreinigungen, auch bei erh\u00f6hten Differenzdr\u00fccken.<\/li>\n\n\n\n<li>Alle Endkonfigurationen erh\u00e4ltlich (geklebt oder verschmolzen).<\/li>\n\n\n\n<li>Einfache Verbrennung und Entsorgung der Filterkerzen.<\/li>\n\n\n\n<li>Frei von Additiven, Benetzungsmitteln, Bindemitteln und Silikon.<\/li>\n<\/ul>\n\n\n\n<p>Filterkerzen der GWTB-Serie sind frei von Additiven, Benetzungsmitteln, Bindemitteln und Silikon. <\/p>\n\n\n\n<h3 class=\"wp-block-heading\" id=\"h-konstruktionsmaterialien-2\">Konstruktionsmaterialien<\/h3>\n\n\n\n<ul class=\"wp-block-list\">\n<li>Filtermedium \u2013 Polypropylen<\/li>\n\n\n\n<li>Endkappen \u2013 Polypropylen<\/li>\n\n\n\n<li>O-Ringe\/Dichtungen \u2013 Buna, EPDM, Polyfoam, Silikon, FKM<\/li>\n<\/ul>\n\n\n\n<p><\/p>\n<\/div>\n<\/div>\n\n\n\n<hr class=\"wp-block-separator has-css-opacity is-style-wide\" \/>\n\n\n\n<div class=\"wp-block-columns has-2-columns is-layout-flex wp-container-core-columns-is-layout-9d6595d7 wp-block-columns-is-layout-flex\">\n<div class=\"wp-block-column is-layout-flow wp-block-column-is-layout-flow\">\n<div class=\"wp-block-file aligncenter btn-file\"><a href=\"https:\/\/www.globalfilter.com\/wp-content\/uploads\/2021\/03\/GWTB-BB-Serie-Water-Grade-meltblown-Polypropylen-DS-2021.pdf\" class=\"wp-block-file__button\">Datenblatt herunterladen<\/a><\/div>\n<\/div>\n\n\n\n<div class=\"wp-block-column is-layout-flow wp-block-column-is-layout-flow\">\n<h2 class=\"wp-block-heading\" id=\"h-gwtb-bb-serie-water-grade-meltblown-polypropylen\">GWTB BB-Serie Water Grade meltblown Polypropylen<\/h2>\n\n\n\n<p>Water Grade Polypropylen-Filterkerzen mit meltblown Polypropylen der GWTB BB-Serie:<\/p>\n\n\n\n<ul class=\"wp-block-list\">\n<li>Eine Struktur mit zunehmender Dichte sorgt f\u00fcr einen geringen Druckabfall und eine hohe Schmutzaufnahmekapazit\u00e4t.<\/li>\n\n\n\n<li>Alle Polypropylen-Konstruktionen weisen eine hervorragende Vertr\u00e4glichkeit mit einer Vielzahl von Chemikalien auf.<\/li>\n\n\n\n<li>Widersteht dem Durchlass von Verunreinigungen, auch bei erh\u00f6hten Differenzdr\u00fccken.<\/li>\n\n\n\n<li>Einfache Verbrennung und Entsorgung der Filterkerzen.<\/li>\n\n\n\n<li>Frei von Additiven, Benetzungsmitteln, Bindemitteln und Silikon.<\/li>\n<\/ul>\n\n\n\n<p>Filterkerzen der GWTB-Serie sind frei von Additiven, Benetzungsmitteln, Bindemitteln und Silikon.<\/p>\n\n\n\n<h3 class=\"wp-block-heading\" id=\"h-konstruktionsmaterialien-3\">Konstruktionsmaterialien<\/h3>\n\n\n\n<ul class=\"wp-block-list\">\n<li>Filtermedium \u2013 Polypropylen<\/li>\n<\/ul>\n<\/div>\n<\/div>\n\n\n\n<div class=\"wp-block-buttons is-layout-flex wp-block-buttons-is-layout-flex\"><\/div>\n\n\n\n<hr class=\"wp-block-separator has-css-opacity is-style-wide\" \/>\n\n\n\n<div class=\"wp-block-columns has-2-columns is-layout-flex wp-container-core-columns-is-layout-9d6595d7 wp-block-columns-is-layout-flex\">\n<div class=\"wp-block-column is-layout-flow wp-block-column-is-layout-flow\">\n<figure class=\"wp-block-image\"><img loading=\"lazy\" decoding=\"async\" width=\"1024\" height=\"576\" src=\"https:\/\/www.globalfilter.com\/wp-content\/uploads\/2019\/09\/GNTB-Series-Depth-Cartridges-1024x576.jpg\" alt=\"GNTB-Serie Tiefenfilterkerzen\" class=\"wp-image-527\" srcset=\"https:\/\/www.globalfilter.com\/wp-content\/uploads\/2019\/09\/GNTB-Series-Depth-Cartridges-1024x576.jpg 1024w, https:\/\/www.globalfilter.com\/wp-content\/uploads\/2019\/09\/GNTB-Series-Depth-Cartridges-300x169.jpg 300w, https:\/\/www.globalfilter.com\/wp-content\/uploads\/2019\/09\/GNTB-Series-Depth-Cartridges-768x432.jpg 768w, https:\/\/www.globalfilter.com\/wp-content\/uploads\/2019\/09\/GNTB-Series-Depth-Cartridges.jpg 1920w\" sizes=\"auto, (max-width: 1024px) 100vw, 1024px\" \/><\/figure>\n\n\n\n<div class=\"wp-block-file aligncenter btn-file\"><a href=\"https:\/\/www.globalfilter.com\/wp-content\/uploads\/2025\/10\/D045A-GNTB-DE.pdf\" class=\"wp-block-file__button\">Datenblatt herunterladen<\/a><\/div>\n<\/div>\n\n\n\n<div class=\"wp-block-column is-layout-flow wp-block-column-is-layout-flow\">\n<h2 class=\"wp-block-heading\" id=\"h-gntb-serie-tiefenfilterkerzen\">GNTB-Serie Tiefenfilterkerzen<\/h2>\n\n\n\n<p>GNTB-Serie Hochleistungsf\u00e4hig meltblown<\/p>\n\n\n\n<ul class=\"wp-block-list\">\n<li>Der kontrollierte Faserdurchmesser und die abgestufte Dichte maximieren die Abscheideeffizienz und gew\u00e4hrleisten eine gleichm\u00e4\u00dfige Leistung<\/li>\n\n\n\n<li>Hervorragende Vertr\u00e4glichkeit mit einer Vielzahl von Chemikalien<\/li>\n\n\n\n<li>Einfache Verbrennung und Entsorgung der Patronen<\/li>\n\n\n\n<li>Vollkonstruktion mit Nylon 6,6<\/li>\n\n\n\n<li>Verf\u00fcgbar in einer Vielzahl von Endkonfigurationen<\/li>\n\n\n\n<li>Verhindert das Entladen von Verunreinigungen, auch bei hohen Differenzdr\u00fccken<\/li>\n\n\n\n<li>Thermisch verschwei\u00dfte Endkappen<\/li>\n\n\n\n<li>Hohe Temperaturbest\u00e4ndigkeit&nbsp;<\/li>\n<\/ul>\n\n\n\n<p><br><strong>Typical Applications:<\/strong><\/p>\n\n\n\n<ul class=\"wp-block-list\">\n<li>Aromatische Fl\u00fcssigkeiten<\/li>\n\n\n\n<li>Glykol<\/li>\n\n\n\n<li>Emulsionen<\/li>\n\n\n\n<li>Amine<\/li>\n\n\n\n<li>Wasser mit hoher Temperatur<\/li>\n\n\n\n<li>Farben und Beschichtungen auf L\u00f6semittelbasis<\/li>\n<\/ul>\n<\/div>\n<\/div>\n","protected":false},"excerpt":{"rendered":"<p>Fordern Sie ein Angebot an Datenblatt herunterladen GATB-Serie Absolut spezifiziertes meltblown Polypropylen Absolut spezifizierte meltblown Polypropylen-Filterkerzen der GATB-Serie: Konstruktionsmaterialien Datenblatt herunterladen GCTB-Serie Hochleistungsf\u00e4higes meltblown Polypropylen Hochleistungsfilterkerzen aus meltblown Polypropylen der GCTB-Serie: Konstruktionsmaterialien Datenblatt herunterladen GWTB-Serie Water Grade Meltblown Polypropylen Water Grade Polypropylen-Filterkerzen mit Meltblown Polypropylen der GWTB-Serie: Filterkerzen der GWTB-Serie sind frei von Additiven, Benetzungsmitteln, [&hellip;]<\/p>\n","protected":false},"author":8,"featured_media":0,"parent":0,"menu_order":0,"comment_status":"closed","ping_status":"closed","template":"","meta":{"_acf_changed":false,"content-type":"","footnotes":""},"class_list":["post-8697","page","type-page","status-publish","hentry"],"acf":[],"yoast_head":"<!-- This site is optimized with the Yoast SEO plugin v27.3 - https:\/\/yoast.com\/product\/yoast-seo-wordpress\/ -->\n<title>Meltblown Filterkerzen - Global Filter<\/title>\n<meta name=\"description\" content=\"Die Meltblown Filterkerzen von Global Filter bieten ein gro\u00dffl\u00e4chiges Element aus 100 % Polypropylen oder Nylon zum Entfernen von feinen oder groben Partikeln aus Fl\u00fcssigkeiten.\" \/>\n<meta name=\"robots\" content=\"index, follow, max-snippet:-1, max-image-preview:large, max-video-preview:-1\" \/>\n<link rel=\"canonical\" href=\"https:\/\/www.globalfilter.com\/de\/meltblown-filterkerzen\/\" \/>\n<meta property=\"og:locale\" content=\"de_DE\" \/>\n<meta property=\"og:type\" content=\"article\" \/>\n<meta property=\"og:title\" content=\"Meltblown Filterkerzen - Global Filter\" \/>\n<meta property=\"og:description\" content=\"Die Meltblown Filterkerzen von Global Filter bieten ein gro\u00dffl\u00e4chiges Element aus 100 % Polypropylen oder Nylon zum Entfernen von feinen oder groben Partikeln aus Fl\u00fcssigkeiten.\" \/>\n<meta property=\"og:url\" content=\"https:\/\/www.globalfilter.com\/de\/meltblown-filterkerzen\/\" \/>\n<meta property=\"og:site_name\" content=\"Global Filter\" \/>\n<meta property=\"article:modified_time\" content=\"2025-10-15T07:24:39+00:00\" \/>\n<meta name=\"twitter:card\" content=\"summary_large_image\" \/>\n<meta name=\"twitter:label1\" content=\"Gesch\u00e4tzte Lesezeit\" \/>\n\t<meta name=\"twitter:data1\" content=\"3 Minuten\" \/>\n<script type=\"application\/ld+json\" class=\"yoast-schema-graph\">{\"@context\":\"https:\\\/\\\/schema.org\",\"@graph\":[{\"@type\":\"WebPage\",\"@id\":\"https:\\\/\\\/www.globalfilter.com\\\/de\\\/meltblown-filterkerzen\\\/\",\"url\":\"https:\\\/\\\/www.globalfilter.com\\\/de\\\/meltblown-filterkerzen\\\/\",\"name\":\"Meltblown Filterkerzen - Global Filter\",\"isPartOf\":{\"@id\":\"https:\\\/\\\/www.globalfilter.com\\\/de\\\/#website\"},\"primaryImageOfPage\":{\"@id\":\"https:\\\/\\\/www.globalfilter.com\\\/de\\\/meltblown-filterkerzen\\\/#primaryimage\"},\"image\":{\"@id\":\"https:\\\/\\\/www.globalfilter.com\\\/de\\\/meltblown-filterkerzen\\\/#primaryimage\"},\"thumbnailUrl\":\"https:\\\/\\\/www.globalfilter.com\\\/wp-content\\\/uploads\\\/2021\\\/08\\\/Gen2-Web-Banner-origional.jpg\",\"datePublished\":\"2022-03-11T10:39:21+00:00\",\"dateModified\":\"2025-10-15T07:24:39+00:00\",\"description\":\"Die Meltblown Filterkerzen von Global Filter bieten ein gro\u00dffl\u00e4chiges Element aus 100 % Polypropylen oder Nylon zum Entfernen von feinen oder groben Partikeln aus Fl\u00fcssigkeiten.\",\"breadcrumb\":{\"@id\":\"https:\\\/\\\/www.globalfilter.com\\\/de\\\/meltblown-filterkerzen\\\/#breadcrumb\"},\"inLanguage\":\"de-DE\",\"potentialAction\":[{\"@type\":\"ReadAction\",\"target\":[\"https:\\\/\\\/www.globalfilter.com\\\/de\\\/meltblown-filterkerzen\\\/\"]}]},{\"@type\":\"ImageObject\",\"inLanguage\":\"de-DE\",\"@id\":\"https:\\\/\\\/www.globalfilter.com\\\/de\\\/meltblown-filterkerzen\\\/#primaryimage\",\"url\":\"https:\\\/\\\/www.globalfilter.com\\\/wp-content\\\/uploads\\\/2021\\\/08\\\/Gen2-Web-Banner-origional.jpg\",\"contentUrl\":\"https:\\\/\\\/www.globalfilter.com\\\/wp-content\\\/uploads\\\/2021\\\/08\\\/Gen2-Web-Banner-origional.jpg\"},{\"@type\":\"BreadcrumbList\",\"@id\":\"https:\\\/\\\/www.globalfilter.com\\\/de\\\/meltblown-filterkerzen\\\/#breadcrumb\",\"itemListElement\":[{\"@type\":\"ListItem\",\"position\":1,\"name\":\"home\",\"item\":\"https:\\\/\\\/www.globalfilter.com\\\/de\\\/\"},{\"@type\":\"ListItem\",\"position\":2,\"name\":\"Meltblown Filterkerzen\"}]},{\"@type\":\"WebSite\",\"@id\":\"https:\\\/\\\/www.globalfilter.com\\\/de\\\/#website\",\"url\":\"https:\\\/\\\/www.globalfilter.com\\\/de\\\/\",\"name\":\"Global Filter\",\"description\":\"Making the World Safer, Healthier and More Productive\",\"publisher\":{\"@id\":\"https:\\\/\\\/www.globalfilter.com\\\/de\\\/#organization\"},\"potentialAction\":[{\"@type\":\"SearchAction\",\"target\":{\"@type\":\"EntryPoint\",\"urlTemplate\":\"https:\\\/\\\/www.globalfilter.com\\\/de\\\/?s={search_term_string}\"},\"query-input\":{\"@type\":\"PropertyValueSpecification\",\"valueRequired\":true,\"valueName\":\"search_term_string\"}}],\"inLanguage\":\"de-DE\"},{\"@type\":\"Organization\",\"@id\":\"https:\\\/\\\/www.globalfilter.com\\\/de\\\/#organization\",\"name\":\"Global filter\",\"url\":\"https:\\\/\\\/www.globalfilter.com\\\/de\\\/\",\"logo\":{\"@type\":\"ImageObject\",\"inLanguage\":\"de-DE\",\"@id\":\"https:\\\/\\\/www.globalfilter.com\\\/de\\\/#\\\/schema\\\/logo\\\/image\\\/\",\"url\":\"https:\\\/\\\/www.globalfilter.com\\\/wp-content\\\/uploads\\\/2019\\\/06\\\/FGC-logo-1.png\",\"contentUrl\":\"https:\\\/\\\/www.globalfilter.com\\\/wp-content\\\/uploads\\\/2019\\\/06\\\/FGC-logo-1.png\",\"width\":1104,\"height\":224,\"caption\":\"Global filter\"},\"image\":{\"@id\":\"https:\\\/\\\/www.globalfilter.com\\\/de\\\/#\\\/schema\\\/logo\\\/image\\\/\"},\"sameAs\":[\"https:\\\/\\\/www.linkedin.com\\\/company\\\/global-filter-llc\"]}]}<\/script>\n<!-- \/ Yoast SEO plugin. -->","yoast_head_json":{"title":"Meltblown Filterkerzen - Global Filter","description":"Die Meltblown Filterkerzen von Global Filter bieten ein gro\u00dffl\u00e4chiges Element aus 100 % Polypropylen oder Nylon zum Entfernen von feinen oder groben Partikeln aus Fl\u00fcssigkeiten.","robots":{"index":"index","follow":"follow","max-snippet":"max-snippet:-1","max-image-preview":"max-image-preview:large","max-video-preview":"max-video-preview:-1"},"canonical":"https:\/\/www.globalfilter.com\/de\/meltblown-filterkerzen\/","og_locale":"de_DE","og_type":"article","og_title":"Meltblown Filterkerzen - Global Filter","og_description":"Die Meltblown Filterkerzen von Global Filter bieten ein gro\u00dffl\u00e4chiges Element aus 100 % Polypropylen oder Nylon zum Entfernen von feinen oder groben Partikeln aus Fl\u00fcssigkeiten.","og_url":"https:\/\/www.globalfilter.com\/de\/meltblown-filterkerzen\/","og_site_name":"Global Filter","article_modified_time":"2025-10-15T07:24:39+00:00","twitter_card":"summary_large_image","twitter_misc":{"Gesch\u00e4tzte Lesezeit":"3 Minuten"},"schema":{"@context":"https:\/\/schema.org","@graph":[{"@type":"WebPage","@id":"https:\/\/www.globalfilter.com\/de\/meltblown-filterkerzen\/","url":"https:\/\/www.globalfilter.com\/de\/meltblown-filterkerzen\/","name":"Meltblown Filterkerzen - Global Filter","isPartOf":{"@id":"https:\/\/www.globalfilter.com\/de\/#website"},"primaryImageOfPage":{"@id":"https:\/\/www.globalfilter.com\/de\/meltblown-filterkerzen\/#primaryimage"},"image":{"@id":"https:\/\/www.globalfilter.com\/de\/meltblown-filterkerzen\/#primaryimage"},"thumbnailUrl":"https:\/\/www.globalfilter.com\/wp-content\/uploads\/2021\/08\/Gen2-Web-Banner-origional.jpg","datePublished":"2022-03-11T10:39:21+00:00","dateModified":"2025-10-15T07:24:39+00:00","description":"Die Meltblown Filterkerzen von Global Filter bieten ein gro\u00dffl\u00e4chiges Element aus 100 % Polypropylen oder Nylon zum Entfernen von feinen oder groben Partikeln aus Fl\u00fcssigkeiten.","breadcrumb":{"@id":"https:\/\/www.globalfilter.com\/de\/meltblown-filterkerzen\/#breadcrumb"},"inLanguage":"de-DE","potentialAction":[{"@type":"ReadAction","target":["https:\/\/www.globalfilter.com\/de\/meltblown-filterkerzen\/"]}]},{"@type":"ImageObject","inLanguage":"de-DE","@id":"https:\/\/www.globalfilter.com\/de\/meltblown-filterkerzen\/#primaryimage","url":"https:\/\/www.globalfilter.com\/wp-content\/uploads\/2021\/08\/Gen2-Web-Banner-origional.jpg","contentUrl":"https:\/\/www.globalfilter.com\/wp-content\/uploads\/2021\/08\/Gen2-Web-Banner-origional.jpg"},{"@type":"BreadcrumbList","@id":"https:\/\/www.globalfilter.com\/de\/meltblown-filterkerzen\/#breadcrumb","itemListElement":[{"@type":"ListItem","position":1,"name":"home","item":"https:\/\/www.globalfilter.com\/de\/"},{"@type":"ListItem","position":2,"name":"Meltblown Filterkerzen"}]},{"@type":"WebSite","@id":"https:\/\/www.globalfilter.com\/de\/#website","url":"https:\/\/www.globalfilter.com\/de\/","name":"Global Filter","description":"Making the World Safer, Healthier and More Productive","publisher":{"@id":"https:\/\/www.globalfilter.com\/de\/#organization"},"potentialAction":[{"@type":"SearchAction","target":{"@type":"EntryPoint","urlTemplate":"https:\/\/www.globalfilter.com\/de\/?s={search_term_string}"},"query-input":{"@type":"PropertyValueSpecification","valueRequired":true,"valueName":"search_term_string"}}],"inLanguage":"de-DE"},{"@type":"Organization","@id":"https:\/\/www.globalfilter.com\/de\/#organization","name":"Global filter","url":"https:\/\/www.globalfilter.com\/de\/","logo":{"@type":"ImageObject","inLanguage":"de-DE","@id":"https:\/\/www.globalfilter.com\/de\/#\/schema\/logo\/image\/","url":"https:\/\/www.globalfilter.com\/wp-content\/uploads\/2019\/06\/FGC-logo-1.png","contentUrl":"https:\/\/www.globalfilter.com\/wp-content\/uploads\/2019\/06\/FGC-logo-1.png","width":1104,"height":224,"caption":"Global filter"},"image":{"@id":"https:\/\/www.globalfilter.com\/de\/#\/schema\/logo\/image\/"},"sameAs":["https:\/\/www.linkedin.com\/company\/global-filter-llc"]}]}},"_links":{"self":[{"href":"https:\/\/www.globalfilter.com\/de\/wp-json\/wp\/v2\/pages\/8697","targetHints":{"allow":["GET"]}}],"collection":[{"href":"https:\/\/www.globalfilter.com\/de\/wp-json\/wp\/v2\/pages"}],"about":[{"href":"https:\/\/www.globalfilter.com\/de\/wp-json\/wp\/v2\/types\/page"}],"author":[{"embeddable":true,"href":"https:\/\/www.globalfilter.com\/de\/wp-json\/wp\/v2\/users\/8"}],"replies":[{"embeddable":true,"href":"https:\/\/www.globalfilter.com\/de\/wp-json\/wp\/v2\/comments?post=8697"}],"version-history":[{"count":0,"href":"https:\/\/www.globalfilter.com\/de\/wp-json\/wp\/v2\/pages\/8697\/revisions"}],"wp:attachment":[{"href":"https:\/\/www.globalfilter.com\/de\/wp-json\/wp\/v2\/media?parent=8697"}],"curies":[{"name":"wp","href":"https:\/\/api.w.org\/{rel}","templated":true}]}}