{"id":9349,"date":"2022-04-21T15:31:40","date_gmt":"2022-04-21T15:31:40","guid":{"rendered":"https:\/\/www.globalfilter.com\/?page_id=9349"},"modified":"2022-06-10T16:14:50","modified_gmt":"2022-06-10T16:14:50","slug":"mineralbruennen","status":"publish","type":"page","link":"https:\/\/www.globalfilter.com\/de\/mineralbruennen\/","title":{"rendered":"Mineralbrunnen"},"content":{"rendered":"\n<div class=\"wp-block-cover alignfull is-light\" style=\"min-height:324px;aspect-ratio:unset;\"><span aria-hidden=\"true\" class=\"wp-block-cover__gradient-background has-background-dim\"><\/span><img decoding=\"async\" class=\"wp-block-cover__image-background wp-image-2265\" alt=\"\" src=\"https:\/\/www.globalfilter.com\/wp-content\/uploads\/2020\/04\/Bottle-hero-scaled.jpg\" data-object-fit=\"cover\" \/><div class=\"wp-block-cover__inner-container is-layout-flow wp-block-cover-is-layout-flow\">\n<h1 class=\"has-text-align-center has-white-color has-text-color wp-block-heading\" id=\"h-filtrationsl-sungen-f-r-die-mineralbrunnen\">Filtrationsl\u00f6sungen f\u00fcr die Mineralbrunnen <\/h1>\n\n\n\n<div class=\"container\">\n\n\n\n<p class=\"has-text-align-center has-white-color has-text-color\">Global Filter entwickelt innovative und effiziente Filtrationsl\u00f6sungen. Die Qualit\u00e4t unserer Produkte in Verbindung mit unserer Branchenkenntnis erm\u00f6glicht es Ihnen, Ihren Prozess und den Lebenszyklus der Filter zu optimieren. Dies tr\u00e4gt dazu bei, die Abfallmenge zu reduzieren und gleichzeitig die Produktivit\u00e4t zu erh\u00f6hen. Dar\u00fcber hinaus ist die Qualit\u00e4t und Konsistenz unserer Produkte ein wichtiger Faktor f\u00fcr die Aufrechterhaltung der Prozesssicherheit.<\/p>\n<\/div><\/div>\n\n\n\n<!--Close-->\t\n<\/div><\/div><\/section>\n<!--Menu-->\n<div class=\"no-top-margin\">\n<div class=\"msb-sticky-bar\">\n<div class=\"container\">\n  <div class=\"row\">\n    <div class=\"col-sm text-center\">\n      <a href=\"https:\/\/www.globalfilter.com\/contact-us\/\" class=\"btn btn-primary solution-trigger\">KONTAKTIEREN SIE UNS<\/a>\n    <\/div>\n  <\/div>\n<\/div>\n<\/div>\n<\/div>\n<!--Open-->\n<section class=\"container\"><div class=\"row\"><div class=\"col-md-12\">\n\n\n\n<figure class=\"wp-block-video\"><video height=\"1080\" style=\"aspect-ratio: 1920 \/ 1080;\" width=\"1920\" controls src=\"https:\/\/www.globalfilter.com\/wp-content\/uploads\/2022\/03\/Your-project-19-hd.mp4\"><\/video><\/figure>\n\n\n\n<h2 class=\"wp-block-heading\" id=\"h-filtration-von-mineralwasser\">Filtration von Mineralwasser<\/h2>\n\n\n\n<p> Mineralbrunnen Filtration. Bei der Abf\u00fcllung von Mineralwasser sind geeignete Filtersysteme ausschlaggebend, um die biologische Sicherheit, Qualit\u00e4t und Haltbarkeit des Produkts zu gew\u00e4hrleisten und die nachgeschalteten Anlagen zu sch\u00fctzen. Die Produktl\u00f6sungen von Global Filter tragen dazu bei, den Prozess vor Verunreinigungen zu sch\u00fctzen. Und gleichzeitig die Lebensdauer zu verl\u00e4ngern und die Betriebskosten zu senken. Global Filter entwickelt und produziert Filterelemente und -geh\u00e4use, die in der Mineralwasserabf\u00fcllung weit verbreitet sind. Unser langj\u00e4hriges Branchenwissen hilft Ihnen bei der Optimierung Ihres Herstellungsprozesses.<\/p>\n\n\n\n<p>Um die geforderten Wasserqualit\u00e4tsstandards zu erf\u00fcllen und wettbewerbsf\u00e4hig zu bleiben, m\u00fcssen die Systeme mehrere Filtrationsprozesse integrieren, um Partikel zu reduzieren, Mikroorganismen zu entfernen und die Anlagen zu sch\u00fctzen. Wenn keine geeignete Filterkaskade installiert ist, k\u00f6nnen Bakterien und Partikel den Geschmack und die Gesamtqualit\u00e4t beeintr\u00e4chtigen, was f\u00fcr den menschlichen Verzehr potenziell sch\u00e4dlich sein kann.<\/p>\n\n\n\n<h2 class=\"wp-block-heading\" id=\"h-quellwasser-filtrationsschritte\">Quellwasser Filtrationsschritte<\/h2>\n\n\n\n<p>Bei der Herstellung von Mineralwasser werden zwei wichtige Schritte durchgef\u00fchrt:. <\/p>\n\n\n\n<p>-Erstens einen Kl\u00e4rungsschritt, um alle unerw\u00fcnschten gro\u00dfen Partikel (Grobfiltration), die das Quellwasser enthalten kann, zu entfernen und das Quellwasser visuell klar zu machen. Als ersten Filtrationschritt empfehlen wir je nach Wasserzusammensetzung die Verwendung von plissierten Filterkerzen. Entweder die Borosilikatfilterkerzen (<a href=\"https:\/\/www.globalfilter.com\/de\/produkte\/plissierte-filterkerzen\/mikroglasfaser\/\" target=\"_blank\" rel=\"noreferrer noopener\">FG-Serie<\/a>) und\/oder plissierten Polypropylenfilterkerzen (<a href=\"https:\/\/www.globalfilter.com\/de\/produkte\/plissierte-filterkerzen\/polypropylen\/\" target=\"_blank\" rel=\"noreferrer noopener\">PP- Serie<\/a>) von Global Filter mit einer Feinheit von 1 bis 10 \u00b5m.  Dieser Schritt sch\u00fctzt den Membranfilter auch davor, mit Partikeln \u00fcberladen zu werden und vorzeitig zu verblocken.<\/p>\n\n\n\n<p>Vor der Abf\u00fcllung werden im zweiten und letzten Filtrationsschritt die restlichen mikrobiellen Verunreinigungen entfernt, die zu Geschmacksver\u00e4nderungen f\u00fchren k\u00f6nnen und die Konservierung des Wassers beeintr\u00e4chtigen w\u00fcr-den. Mikroorganismen k\u00f6nnen in der Tat durch verunrei-nigte Kohle-\/Sandbetten, Luft-\/Gaszufuhr und besch\u00e4digte Rohrleitungen\/Ventile in den Abf\u00fcllprozess gelangen. F\u00fcr die Entfernung mikrobieller Verunreinigungen werden <a href=\"https:\/\/www.globalfilter.com\/de\/produkte\/membranfilterkerzen\/polyethersulfon\/\" target=\"_blank\" rel=\"noreferrer noopener\">PES-Membran <\/a>Filterkerzen mit einer Feinheit von 0,45 oder 0,65 \u00b5m empfohlen. Durch die Entfernung der Mikroorganis-men entsteht ein stabiles Produkt, das frei von mikrobiellen Verunreinigungen ist.<\/p>\n\n\n\n<h2 class=\"has-blue-color has-text-color wp-block-heading\" id=\"h-global-filter-eine-erfolgreiche-partnerschaft-mit-brunnenbetrieben\">GLOBAL FILTER-EINE ERFOLGREICHE PARTNERSCHAFT mit Brunnenbetrieben<\/h2>\n\n\n\n<h2 class=\"wp-block-heading\" id=\"h-anwendungsblatter\">Anwendungsblatter<\/h2>\n\n\n\n<p>Laden Sie die untenstehende Literatur zur Mineralwasser herunter, um mehr \u00fcber unsere Filtrationsl\u00f6sungen zu erfahren.<\/p>\n\n\n\n<figure class=\"wp-block-image\"><img decoding=\"async\" src=\"https:\/\/www.globalfilter.com\/wp-content\/uploads\/2022\/04\/brochure-bottled-water-232x300.png\" alt=\"picture of Global Filter bottled water brochure\" \/><\/figure>\n\n\n\n<div class=\"wp-block-buttons is-layout-flex wp-block-buttons-is-layout-flex\">\n<div class=\"wp-block-button\"><a class=\"wp-block-button__link has-green-background-color has-background\" href=\"https:\/\/www.globalfilter.com\/wp-content\/uploads\/2022\/04\/2022-bottled-water-application-brochure-German-3.pdf\">Mineralbrunnen Brosch\u00fcre Herunterladen<\/a><\/div>\n<\/div>\n","protected":false},"excerpt":{"rendered":"<p>KONTAKTIEREN SIE UNS Filtration von Mineralwasser Mineralbrunnen Filtration. Bei der Abf\u00fcllung von Mineralwasser sind geeignete Filtersysteme ausschlaggebend, um die biologische Sicherheit, Qualit\u00e4t und Haltbarkeit des Produkts zu gew\u00e4hrleisten und die nachgeschalteten Anlagen zu sch\u00fctzen. Die Produktl\u00f6sungen von Global Filter tragen dazu bei, den Prozess vor Verunreinigungen zu sch\u00fctzen. Und gleichzeitig die Lebensdauer zu verl\u00e4ngern und [&hellip;]<\/p>\n","protected":false},"author":8,"featured_media":0,"parent":0,"menu_order":0,"comment_status":"closed","ping_status":"closed","template":"","meta":{"_acf_changed":false,"content-type":"","footnotes":""},"class_list":["post-9349","page","type-page","status-publish","hentry"],"acf":[],"yoast_head":"<!-- This site is optimized with the Yoast SEO plugin v27.3 - https:\/\/yoast.com\/product\/yoast-seo-wordpress\/ -->\n<title>Mineralbrunnen - Global Filter<\/title>\n<meta name=\"description\" content=\"Global Filter entwickelt und produziert Filterelemente und -geh\u00e4use, die in der Mineralwasserabf\u00fcllung weit verbreitet sind und unser langj\u00e4hriges Branchenwissen hilft Ihnen bei der Optimierung Ihres Herstellungsprozesses Mineralbrunnen Mineralbr\u00fcnnen Filtration Global Filter Filtrationsl\u00f6sungen f\u00fcr die Mineralbr\u00fcnnen\" \/>\n<meta name=\"robots\" content=\"index, follow, max-snippet:-1, max-image-preview:large, max-video-preview:-1\" \/>\n<link rel=\"canonical\" href=\"https:\/\/www.globalfilter.com\/de\/mineralbruennen\/\" \/>\n<meta property=\"og:locale\" content=\"de_DE\" \/>\n<meta property=\"og:type\" content=\"article\" \/>\n<meta property=\"og:title\" content=\"Mineralbrunnen - Global Filter\" \/>\n<meta property=\"og:description\" content=\"Global Filter entwickelt und produziert Filterelemente und -geh\u00e4use, die in der Mineralwasserabf\u00fcllung weit verbreitet sind und unser langj\u00e4hriges Branchenwissen hilft Ihnen bei der Optimierung Ihres Herstellungsprozesses Mineralbrunnen Mineralbr\u00fcnnen Filtration Global Filter Filtrationsl\u00f6sungen f\u00fcr die Mineralbr\u00fcnnen\" \/>\n<meta property=\"og:url\" content=\"https:\/\/www.globalfilter.com\/de\/mineralbruennen\/\" \/>\n<meta property=\"og:site_name\" content=\"Global Filter\" \/>\n<meta property=\"article:modified_time\" content=\"2022-06-10T16:14:50+00:00\" \/>\n<meta property=\"og:image\" content=\"https:\/\/www.globalfilter.com\/wp-content\/uploads\/2020\/04\/Bottle-hero-scaled.jpg\" \/>\n<meta name=\"twitter:card\" content=\"summary_large_image\" \/>\n<meta name=\"twitter:label1\" content=\"Gesch\u00e4tzte Lesezeit\" \/>\n\t<meta name=\"twitter:data1\" content=\"3 Minuten\" \/>\n<script type=\"application\/ld+json\" class=\"yoast-schema-graph\">{\"@context\":\"https:\\\/\\\/schema.org\",\"@graph\":[{\"@type\":\"WebPage\",\"@id\":\"https:\\\/\\\/www.globalfilter.com\\\/de\\\/mineralbruennen\\\/\",\"url\":\"https:\\\/\\\/www.globalfilter.com\\\/de\\\/mineralbruennen\\\/\",\"name\":\"Mineralbrunnen - Global Filter\",\"isPartOf\":{\"@id\":\"https:\\\/\\\/www.globalfilter.com\\\/de\\\/#website\"},\"primaryImageOfPage\":{\"@id\":\"https:\\\/\\\/www.globalfilter.com\\\/de\\\/mineralbruennen\\\/#primaryimage\"},\"image\":{\"@id\":\"https:\\\/\\\/www.globalfilter.com\\\/de\\\/mineralbruennen\\\/#primaryimage\"},\"thumbnailUrl\":\"https:\\\/\\\/www.globalfilter.com\\\/wp-content\\\/uploads\\\/2020\\\/04\\\/Bottle-hero-scaled.jpg\",\"datePublished\":\"2022-04-21T15:31:40+00:00\",\"dateModified\":\"2022-06-10T16:14:50+00:00\",\"description\":\"Global Filter entwickelt und produziert Filterelemente und -geh\u00e4use, die in der Mineralwasserabf\u00fcllung weit verbreitet sind und unser langj\u00e4hriges Branchenwissen hilft Ihnen bei der Optimierung Ihres Herstellungsprozesses Mineralbrunnen Mineralbr\u00fcnnen Filtration Global Filter Filtrationsl\u00f6sungen f\u00fcr die Mineralbr\u00fcnnen\",\"breadcrumb\":{\"@id\":\"https:\\\/\\\/www.globalfilter.com\\\/de\\\/mineralbruennen\\\/#breadcrumb\"},\"inLanguage\":\"de-DE\",\"potentialAction\":[{\"@type\":\"ReadAction\",\"target\":[\"https:\\\/\\\/www.globalfilter.com\\\/de\\\/mineralbruennen\\\/\"]}]},{\"@type\":\"ImageObject\",\"inLanguage\":\"de-DE\",\"@id\":\"https:\\\/\\\/www.globalfilter.com\\\/de\\\/mineralbruennen\\\/#primaryimage\",\"url\":\"https:\\\/\\\/www.globalfilter.com\\\/wp-content\\\/uploads\\\/2020\\\/04\\\/Bottle-hero-scaled.jpg\",\"contentUrl\":\"https:\\\/\\\/www.globalfilter.com\\\/wp-content\\\/uploads\\\/2020\\\/04\\\/Bottle-hero-scaled.jpg\"},{\"@type\":\"BreadcrumbList\",\"@id\":\"https:\\\/\\\/www.globalfilter.com\\\/de\\\/mineralbruennen\\\/#breadcrumb\",\"itemListElement\":[{\"@type\":\"ListItem\",\"position\":1,\"name\":\"home\",\"item\":\"https:\\\/\\\/www.globalfilter.com\\\/de\\\/\"},{\"@type\":\"ListItem\",\"position\":2,\"name\":\"Mineralbrunnen\"}]},{\"@type\":\"WebSite\",\"@id\":\"https:\\\/\\\/www.globalfilter.com\\\/de\\\/#website\",\"url\":\"https:\\\/\\\/www.globalfilter.com\\\/de\\\/\",\"name\":\"Global Filter\",\"description\":\"Making the World Safer, Healthier and More Productive\",\"publisher\":{\"@id\":\"https:\\\/\\\/www.globalfilter.com\\\/de\\\/#organization\"},\"potentialAction\":[{\"@type\":\"SearchAction\",\"target\":{\"@type\":\"EntryPoint\",\"urlTemplate\":\"https:\\\/\\\/www.globalfilter.com\\\/de\\\/?s={search_term_string}\"},\"query-input\":{\"@type\":\"PropertyValueSpecification\",\"valueRequired\":true,\"valueName\":\"search_term_string\"}}],\"inLanguage\":\"de-DE\"},{\"@type\":\"Organization\",\"@id\":\"https:\\\/\\\/www.globalfilter.com\\\/de\\\/#organization\",\"name\":\"Global filter\",\"url\":\"https:\\\/\\\/www.globalfilter.com\\\/de\\\/\",\"logo\":{\"@type\":\"ImageObject\",\"inLanguage\":\"de-DE\",\"@id\":\"https:\\\/\\\/www.globalfilter.com\\\/de\\\/#\\\/schema\\\/logo\\\/image\\\/\",\"url\":\"https:\\\/\\\/www.globalfilter.com\\\/wp-content\\\/uploads\\\/2019\\\/06\\\/FGC-logo-1.png\",\"contentUrl\":\"https:\\\/\\\/www.globalfilter.com\\\/wp-content\\\/uploads\\\/2019\\\/06\\\/FGC-logo-1.png\",\"width\":1104,\"height\":224,\"caption\":\"Global filter\"},\"image\":{\"@id\":\"https:\\\/\\\/www.globalfilter.com\\\/de\\\/#\\\/schema\\\/logo\\\/image\\\/\"},\"sameAs\":[\"https:\\\/\\\/www.linkedin.com\\\/company\\\/global-filter-llc\"]}]}<\/script>\n<!-- \/ Yoast SEO plugin. -->","yoast_head_json":{"title":"Mineralbrunnen - Global Filter","description":"Global Filter entwickelt und produziert Filterelemente und -geh\u00e4use, die in der Mineralwasserabf\u00fcllung weit verbreitet sind und unser langj\u00e4hriges Branchenwissen hilft Ihnen bei der Optimierung Ihres Herstellungsprozesses Mineralbrunnen Mineralbr\u00fcnnen Filtration Global Filter Filtrationsl\u00f6sungen f\u00fcr die Mineralbr\u00fcnnen","robots":{"index":"index","follow":"follow","max-snippet":"max-snippet:-1","max-image-preview":"max-image-preview:large","max-video-preview":"max-video-preview:-1"},"canonical":"https:\/\/www.globalfilter.com\/de\/mineralbruennen\/","og_locale":"de_DE","og_type":"article","og_title":"Mineralbrunnen - Global Filter","og_description":"Global Filter entwickelt und produziert Filterelemente und -geh\u00e4use, die in der Mineralwasserabf\u00fcllung weit verbreitet sind und unser langj\u00e4hriges Branchenwissen hilft Ihnen bei der Optimierung Ihres Herstellungsprozesses Mineralbrunnen Mineralbr\u00fcnnen Filtration Global Filter Filtrationsl\u00f6sungen f\u00fcr die Mineralbr\u00fcnnen","og_url":"https:\/\/www.globalfilter.com\/de\/mineralbruennen\/","og_site_name":"Global Filter","article_modified_time":"2022-06-10T16:14:50+00:00","og_image":[{"url":"https:\/\/www.globalfilter.com\/wp-content\/uploads\/2020\/04\/Bottle-hero-scaled.jpg","type":"","width":"","height":""}],"twitter_card":"summary_large_image","twitter_misc":{"Gesch\u00e4tzte Lesezeit":"3 Minuten"},"schema":{"@context":"https:\/\/schema.org","@graph":[{"@type":"WebPage","@id":"https:\/\/www.globalfilter.com\/de\/mineralbruennen\/","url":"https:\/\/www.globalfilter.com\/de\/mineralbruennen\/","name":"Mineralbrunnen - Global Filter","isPartOf":{"@id":"https:\/\/www.globalfilter.com\/de\/#website"},"primaryImageOfPage":{"@id":"https:\/\/www.globalfilter.com\/de\/mineralbruennen\/#primaryimage"},"image":{"@id":"https:\/\/www.globalfilter.com\/de\/mineralbruennen\/#primaryimage"},"thumbnailUrl":"https:\/\/www.globalfilter.com\/wp-content\/uploads\/2020\/04\/Bottle-hero-scaled.jpg","datePublished":"2022-04-21T15:31:40+00:00","dateModified":"2022-06-10T16:14:50+00:00","description":"Global Filter entwickelt und produziert Filterelemente und -geh\u00e4use, die in der Mineralwasserabf\u00fcllung weit verbreitet sind und unser langj\u00e4hriges Branchenwissen hilft Ihnen bei der Optimierung Ihres Herstellungsprozesses Mineralbrunnen Mineralbr\u00fcnnen Filtration Global Filter Filtrationsl\u00f6sungen f\u00fcr die Mineralbr\u00fcnnen","breadcrumb":{"@id":"https:\/\/www.globalfilter.com\/de\/mineralbruennen\/#breadcrumb"},"inLanguage":"de-DE","potentialAction":[{"@type":"ReadAction","target":["https:\/\/www.globalfilter.com\/de\/mineralbruennen\/"]}]},{"@type":"ImageObject","inLanguage":"de-DE","@id":"https:\/\/www.globalfilter.com\/de\/mineralbruennen\/#primaryimage","url":"https:\/\/www.globalfilter.com\/wp-content\/uploads\/2020\/04\/Bottle-hero-scaled.jpg","contentUrl":"https:\/\/www.globalfilter.com\/wp-content\/uploads\/2020\/04\/Bottle-hero-scaled.jpg"},{"@type":"BreadcrumbList","@id":"https:\/\/www.globalfilter.com\/de\/mineralbruennen\/#breadcrumb","itemListElement":[{"@type":"ListItem","position":1,"name":"home","item":"https:\/\/www.globalfilter.com\/de\/"},{"@type":"ListItem","position":2,"name":"Mineralbrunnen"}]},{"@type":"WebSite","@id":"https:\/\/www.globalfilter.com\/de\/#website","url":"https:\/\/www.globalfilter.com\/de\/","name":"Global Filter","description":"Making the World Safer, Healthier and More Productive","publisher":{"@id":"https:\/\/www.globalfilter.com\/de\/#organization"},"potentialAction":[{"@type":"SearchAction","target":{"@type":"EntryPoint","urlTemplate":"https:\/\/www.globalfilter.com\/de\/?s={search_term_string}"},"query-input":{"@type":"PropertyValueSpecification","valueRequired":true,"valueName":"search_term_string"}}],"inLanguage":"de-DE"},{"@type":"Organization","@id":"https:\/\/www.globalfilter.com\/de\/#organization","name":"Global filter","url":"https:\/\/www.globalfilter.com\/de\/","logo":{"@type":"ImageObject","inLanguage":"de-DE","@id":"https:\/\/www.globalfilter.com\/de\/#\/schema\/logo\/image\/","url":"https:\/\/www.globalfilter.com\/wp-content\/uploads\/2019\/06\/FGC-logo-1.png","contentUrl":"https:\/\/www.globalfilter.com\/wp-content\/uploads\/2019\/06\/FGC-logo-1.png","width":1104,"height":224,"caption":"Global filter"},"image":{"@id":"https:\/\/www.globalfilter.com\/de\/#\/schema\/logo\/image\/"},"sameAs":["https:\/\/www.linkedin.com\/company\/global-filter-llc"]}]}},"_links":{"self":[{"href":"https:\/\/www.globalfilter.com\/de\/wp-json\/wp\/v2\/pages\/9349","targetHints":{"allow":["GET"]}}],"collection":[{"href":"https:\/\/www.globalfilter.com\/de\/wp-json\/wp\/v2\/pages"}],"about":[{"href":"https:\/\/www.globalfilter.com\/de\/wp-json\/wp\/v2\/types\/page"}],"author":[{"embeddable":true,"href":"https:\/\/www.globalfilter.com\/de\/wp-json\/wp\/v2\/users\/8"}],"replies":[{"embeddable":true,"href":"https:\/\/www.globalfilter.com\/de\/wp-json\/wp\/v2\/comments?post=9349"}],"version-history":[{"count":0,"href":"https:\/\/www.globalfilter.com\/de\/wp-json\/wp\/v2\/pages\/9349\/revisions"}],"wp:attachment":[{"href":"https:\/\/www.globalfilter.com\/de\/wp-json\/wp\/v2\/media?parent=9349"}],"curies":[{"name":"wp","href":"https:\/\/api.w.org\/{rel}","templated":true}]}}