{"id":9370,"date":"2022-04-22T09:06:54","date_gmt":"2022-04-22T09:06:54","guid":{"rendered":"https:\/\/www.globalfilter.com\/?page_id=9370"},"modified":"2022-04-22T09:28:41","modified_gmt":"2022-04-22T09:28:41","slug":"weinfiltration","status":"publish","type":"page","link":"https:\/\/www.globalfilter.com\/de\/weinfiltration\/","title":{"rendered":"Wein"},"content":{"rendered":"\n<div class=\"wp-block-cover alignfull\" style=\"min-height:324px;aspect-ratio:unset;\"><span aria-hidden=\"true\" class=\"wp-block-cover__gradient-background has-background-dim\"><\/span><img decoding=\"async\" class=\"wp-block-cover__image-background wp-image-2265\" alt=\"\" src=\"https:\/\/www.globalfilter.com\/wp-content\/uploads\/2020\/04\/dreamstime_m_linkedin.-22.jpg\" data-object-fit=\"cover\" \/><div class=\"wp-block-cover__inner-container is-layout-flow wp-block-cover-is-layout-flow\">\n<h1 class=\"has-text-align-center wp-block-heading\" id=\"\u201ch\u2014wine\u201d\">Weinfiltration<\/h1>\n\n\n\n<div class=\"container\">\n\n\n\n<p class=\"has-text-align-center\">Weinfiltration. Global Filters Angebot an Filtrationsl\u00f6sungen f\u00fcr Wein respektiert die organoleptischen Eigenschaften des Weins.<\/p>\n<\/div><\/div>\n\n\n\n<!--Close-->\t\n<\/div><\/div><\/section>\n<!--Menu-->\n<div class=\"no-top-margin\">\n<div class=\"msb-sticky-bar\">\n<div class=\"container\">\n  <div class=\"row\">\n    <div class=\"col-sm text-center\">\n      <a href=\"https:\/\/www.globalfilter.com\/contact-us\/\" class=\"btn btn-primary solution-trigger\">KONTAKTIEREN SIE UNS<\/a>\n    <\/div>\n  <\/div>\n<\/div>\n<\/div>\n<\/div>\n<!--Open-->\n<section class=\"container\"><div class=\"row\"><div class=\"col-md-12\">\n\n\n\n<h2 class=\"wp-block-heading\" id=\"h-die-weinfiltration-ein-schl-sselschritt-in-der-weinproduktion\">Die Weinfiltration, ein Schl\u00fcsselschritt in der Weinproduktion<\/h2>\n\n\n\n<p>Weinfiltration. Die Filtration ist ein entscheidender Schritt in der Weinproduktion. Ziel ist es, den Wein klar und gl\u00e4nzend zu machen und seine gute Entwicklung in der Flasche sicherzustellen, ohne die Farbe oder den Geschmack zu ver\u00e4ndern. Global Filter bietet Filtrationsl\u00f6sungen an, um die aromatische Ausdruckskraft des Weins in den Vordergrund zu stellen und gleichzeitig die Zugabe von Schwefel zur Konservierung zu begrenzen. Global Filter entwickelt und fertigt Filtergeh\u00e4use und Verbrauchsmaterialien (Filterkerzen, Filterbeutel usw.) f\u00fcr die Weinindustrie. Unser Know-how erm\u00f6glicht es uns auch, Ihre Herstellungsprozesse zu optimieren. Dar\u00fcber hinaus erm\u00f6glichen uns die Qualit\u00e4t und R\u00fcckverfolgbarkeit unserer Produkte, die Wiederholbarkeit der Leistung sicherzustellen.<\/p>\n\n\n\n<h2 class=\"wp-block-heading\" id=\"h-die-schritte-der-weinfiltration\">Die Schritte der Weinfiltration<\/h2>\n\n\n\n<p>Wir arbeiten mit zwei wichtigen Schritten bei der Weinherstellung: einer ersten Filtration, um unerw\u00fcnschte Partikel zu entfernen und den Wein klar und gl\u00e4nzend zu machen. F\u00fcr diesen Schritt der Partikelfiltration empfehlen wir unsere Plissiertefilterkerzen:<\/p>\n\n\n\n<ul class=\"wp-block-list\"><li>Entweder des Glasfaserfilterkerzen (<a href=\"https:\/\/www.globalfilter.com\/de\/produkte\/plissierte-filterkerzen\/mikroglasfaser\/\" target=\"_blank\" rel=\"noreferrer noopener\">FG-Serie<\/a>) (Achtung, keine Soda auf Glasfaserfilterkerzen verwenden).<\/li><\/ul>\n\n\n\n<ul class=\"wp-block-list\"><li>Oder unsere Plissierte Polypropylen-Filterkerzen (<a href=\"https:\/\/www.globalfilter.com\/de\/produkte\/plissierte-filterkerzen\/polypropylen\/\" target=\"_blank\" rel=\"noreferrer noopener\">PP-Serie<\/a>) in 1 bis 5 Mikron.<br><\/li><\/ul>\n\n\n\n<div class=\"wp-block-group\"><div class=\"wp-block-group__inner-container is-layout-flow wp-block-group-is-layout-flow\"><\/div><\/div>\n\n\n\n<p>Die zweite, feinere Filtration entfernt Hefen und Bakterien, die sich in der Fl\u00fcssigkeit befinden. Diese k\u00f6nnen m\u00f6glicherweise zu einer erneuten G\u00e4rung in der Flasche f\u00fchren, was die Haltbarkeit des Weins beeintr\u00e4chtigen w\u00fcrde. F\u00fcr diese mikrobielle Filtration empfehlen wir unsere PES- MembranFilterkerzen (<a href=\"https:\/\/www.globalfilter.com\/de\/produkte\/membranfilterkerzen\/polyethersulfon\/\">GFPES-Serie<\/a>) mit einer Abscheidrate von 0,65 Mikron.<\/p>\n\n\n\n<p>Filterung von Tankentl\u00fcftungen zur Begrenzung der Kontamination durch<br>durch die Umwelt zu verringern. F\u00fcr die Sterilisation von Tankentl\u00fcftungen empfehlen wir unsere <a href=\"https:\/\/www.globalfilter.com\/de\/produkte\/membranfilterkerzen\/ptfe\/\" target=\"_blank\" rel=\"noreferrer noopener\">GGPTFE-Serie.<\/a><\/p>\n\n\n\n<p>Schlie\u00dflich k\u00f6nnen unsere Produkte eine bakteriologische Sicherheit gew\u00e4hrleisten durch<br>die Sterilisation von Wasch-, Sp\u00fcl- und Brauchwasser. Daf\u00fcr, empfehlen wir die Verwendung unserer Membrane Filterkerzen <a href=\"https:\/\/www.globalfilter.com\/de\/produkte\/membranfilterkerzen\/polyethersulfon\/\" target=\"_blank\" rel=\"noreferrer noopener\">WCPES- Serie.<\/a><\/p>\n\n\n\n<p><\/p>\n\n\n\n<h2 class=\"wp-block-heading\" id=\"h-anwendungsbl-tter\">Anwendungsbl\u00e4tter<\/h2>\n\n\n\n<p>Laden Sie unsere Weinbrosch\u00fcre herunter, um mehr \u00fcber unsere Filtrationsl\u00f6sungen speziell f\u00fcr Wein zu erfahren.<\/p>\n\n\n\n<div class=\"wp-block-columns alignwide has-3-columns is-layout-flex wp-container-core-columns-is-layout-9d6595d7 wp-block-columns-is-layout-flex\">\n<div class=\"wp-block-column is-layout-flow wp-block-column-is-layout-flow\">\n<div class=\"wp-block-columns has-2-columns is-layout-flex wp-container-core-columns-is-layout-9d6595d7 wp-block-columns-is-layout-flex\">\n<div class=\"wp-block-column is-layout-flow wp-block-column-is-layout-flow\"><\/div>\n\n\n\n<div class=\"wp-block-column is-vertically-aligned-top is-layout-flow wp-block-column-is-layout-flow\"><\/div>\n<\/div>\n<\/div>\n\n\n\n<div class=\"wp-block-column is-layout-flow wp-block-column-is-layout-flow\">\n<div class=\"wp-block-columns has-2-columns is-layout-flex wp-container-core-columns-is-layout-9d6595d7 wp-block-columns-is-layout-flex\">\n<div class=\"wp-block-column is-layout-flow wp-block-column-is-layout-flow\"><\/div>\n<\/div>\n<\/div>\n<\/div>\n\n\n\n<div class=\"wp-block-image is-style-default\"><figure class=\"alignleft size-medium\"><a href=\"https:\/\/www.globalfilter.com\/wp-content\/uploads\/2020\/06\/Brochure-vin-Global-Filter.pdf\"><img loading=\"lazy\" decoding=\"async\" width=\"210\" height=\"300\" src=\"https:\/\/www.globalfilter.com\/wp-content\/uploads\/2020\/06\/La-Filtration-210x300.jpg\" alt=\"\" class=\"wp-image-2669\" srcset=\"https:\/\/www.globalfilter.com\/wp-content\/uploads\/2020\/06\/La-Filtration-210x300.jpg 210w, https:\/\/www.globalfilter.com\/wp-content\/uploads\/2020\/06\/La-Filtration.jpg 541w\" sizes=\"auto, (max-width: 210px) 100vw, 210px\" \/><\/a><figcaption><a href=\"https:\/\/www.globalfilter.com\/wp-content\/uploads\/2020\/06\/Brochure-vin-Global-Filter.pdf\"><a href=\"https:\/\/www.globalfilter.com\/wp-content\/uploads\/2020\/09\/Filtration-in-der-Weinindustrie-Global-Filter.pdf\"><strong>WEINBROSCH\u00dcRE<\/strong><\/a><br><a href=\"https:\/\/www.globalfilter.com\/wp-content\/uploads\/2020\/09\/Filtration-in-der-Weinindustrie-Global-Filter.pdf\"><strong>HERUNTERLADEN<\/strong><\/a><br><\/a><a href=\"https:\/\/www.globalfilter.com\/wp-content\/uploads\/2020\/06\/Brochure-amiante-Global-Filter.pdf\"><br><\/a><\/figcaption><\/figure><\/div>\n\n\n\n<p><\/p>\n","protected":false},"excerpt":{"rendered":"<p>KONTAKTIEREN SIE UNS Die Weinfiltration, ein Schl\u00fcsselschritt in der Weinproduktion Weinfiltration. Die Filtration ist ein entscheidender Schritt in der Weinproduktion. Ziel ist es, den Wein klar und gl\u00e4nzend zu machen und seine gute Entwicklung in der Flasche sicherzustellen, ohne die Farbe oder den Geschmack zu ver\u00e4ndern. Global Filter bietet Filtrationsl\u00f6sungen an, um die aromatische Ausdruckskraft [&hellip;]<\/p>\n","protected":false},"author":8,"featured_media":0,"parent":0,"menu_order":0,"comment_status":"closed","ping_status":"closed","template":"","meta":{"_acf_changed":false,"content-type":"","footnotes":""},"class_list":["post-9370","page","type-page","status-publish","hentry"],"acf":[],"yoast_head":"<!-- This site is optimized with the Yoast SEO plugin v27.3 - https:\/\/yoast.com\/product\/yoast-seo-wordpress\/ -->\n<title>Wein - Global Filter<\/title>\n<meta name=\"description\" content=\"Global Filter bietet Filtrationsl\u00f6sungen an f\u00fcr die Weinfiltration. Kl\u00e4rungsschritte und mikrobiele Filtration. Wein Weinfiltration\" \/>\n<meta name=\"robots\" content=\"index, follow, max-snippet:-1, max-image-preview:large, max-video-preview:-1\" \/>\n<link rel=\"canonical\" href=\"https:\/\/www.globalfilter.com\/de\/weinfiltration\/\" \/>\n<meta property=\"og:locale\" content=\"de_DE\" \/>\n<meta property=\"og:type\" content=\"article\" \/>\n<meta property=\"og:title\" content=\"Wein - Global Filter\" \/>\n<meta property=\"og:description\" content=\"Global Filter bietet Filtrationsl\u00f6sungen an f\u00fcr die Weinfiltration. Kl\u00e4rungsschritte und mikrobiele Filtration. Wein Weinfiltration\" \/>\n<meta property=\"og:url\" content=\"https:\/\/www.globalfilter.com\/de\/weinfiltration\/\" \/>\n<meta property=\"og:site_name\" content=\"Global Filter\" \/>\n<meta property=\"article:modified_time\" content=\"2022-04-22T09:28:41+00:00\" \/>\n<meta property=\"og:image\" content=\"https:\/\/www.globalfilter.com\/wp-content\/uploads\/2020\/04\/dreamstime_m_linkedin.-22.jpg\" \/>\n<meta name=\"twitter:card\" content=\"summary_large_image\" \/>\n<meta name=\"twitter:label1\" content=\"Gesch\u00e4tzte Lesezeit\" \/>\n\t<meta name=\"twitter:data1\" content=\"2 Minuten\" \/>\n<script type=\"application\/ld+json\" class=\"yoast-schema-graph\">{\"@context\":\"https:\\\/\\\/schema.org\",\"@graph\":[{\"@type\":\"WebPage\",\"@id\":\"https:\\\/\\\/www.globalfilter.com\\\/de\\\/weinfiltration\\\/\",\"url\":\"https:\\\/\\\/www.globalfilter.com\\\/de\\\/weinfiltration\\\/\",\"name\":\"Wein - Global Filter\",\"isPartOf\":{\"@id\":\"https:\\\/\\\/www.globalfilter.com\\\/de\\\/#website\"},\"primaryImageOfPage\":{\"@id\":\"https:\\\/\\\/www.globalfilter.com\\\/de\\\/weinfiltration\\\/#primaryimage\"},\"image\":{\"@id\":\"https:\\\/\\\/www.globalfilter.com\\\/de\\\/weinfiltration\\\/#primaryimage\"},\"thumbnailUrl\":\"https:\\\/\\\/www.globalfilter.com\\\/wp-content\\\/uploads\\\/2020\\\/04\\\/dreamstime_m_linkedin.-22.jpg\",\"datePublished\":\"2022-04-22T09:06:54+00:00\",\"dateModified\":\"2022-04-22T09:28:41+00:00\",\"description\":\"Global Filter bietet Filtrationsl\u00f6sungen an f\u00fcr die Weinfiltration. Kl\u00e4rungsschritte und mikrobiele Filtration. Wein Weinfiltration\",\"breadcrumb\":{\"@id\":\"https:\\\/\\\/www.globalfilter.com\\\/de\\\/weinfiltration\\\/#breadcrumb\"},\"inLanguage\":\"de-DE\",\"potentialAction\":[{\"@type\":\"ReadAction\",\"target\":[\"https:\\\/\\\/www.globalfilter.com\\\/de\\\/weinfiltration\\\/\"]}]},{\"@type\":\"ImageObject\",\"inLanguage\":\"de-DE\",\"@id\":\"https:\\\/\\\/www.globalfilter.com\\\/de\\\/weinfiltration\\\/#primaryimage\",\"url\":\"https:\\\/\\\/www.globalfilter.com\\\/wp-content\\\/uploads\\\/2020\\\/04\\\/dreamstime_m_linkedin.-22.jpg\",\"contentUrl\":\"https:\\\/\\\/www.globalfilter.com\\\/wp-content\\\/uploads\\\/2020\\\/04\\\/dreamstime_m_linkedin.-22.jpg\"},{\"@type\":\"BreadcrumbList\",\"@id\":\"https:\\\/\\\/www.globalfilter.com\\\/de\\\/weinfiltration\\\/#breadcrumb\",\"itemListElement\":[{\"@type\":\"ListItem\",\"position\":1,\"name\":\"home\",\"item\":\"https:\\\/\\\/www.globalfilter.com\\\/de\\\/\"},{\"@type\":\"ListItem\",\"position\":2,\"name\":\"Wein\"}]},{\"@type\":\"WebSite\",\"@id\":\"https:\\\/\\\/www.globalfilter.com\\\/de\\\/#website\",\"url\":\"https:\\\/\\\/www.globalfilter.com\\\/de\\\/\",\"name\":\"Global Filter\",\"description\":\"Making the World Safer, Healthier and More Productive\",\"publisher\":{\"@id\":\"https:\\\/\\\/www.globalfilter.com\\\/de\\\/#organization\"},\"potentialAction\":[{\"@type\":\"SearchAction\",\"target\":{\"@type\":\"EntryPoint\",\"urlTemplate\":\"https:\\\/\\\/www.globalfilter.com\\\/de\\\/?s={search_term_string}\"},\"query-input\":{\"@type\":\"PropertyValueSpecification\",\"valueRequired\":true,\"valueName\":\"search_term_string\"}}],\"inLanguage\":\"de-DE\"},{\"@type\":\"Organization\",\"@id\":\"https:\\\/\\\/www.globalfilter.com\\\/de\\\/#organization\",\"name\":\"Global filter\",\"url\":\"https:\\\/\\\/www.globalfilter.com\\\/de\\\/\",\"logo\":{\"@type\":\"ImageObject\",\"inLanguage\":\"de-DE\",\"@id\":\"https:\\\/\\\/www.globalfilter.com\\\/de\\\/#\\\/schema\\\/logo\\\/image\\\/\",\"url\":\"https:\\\/\\\/www.globalfilter.com\\\/wp-content\\\/uploads\\\/2019\\\/06\\\/FGC-logo-1.png\",\"contentUrl\":\"https:\\\/\\\/www.globalfilter.com\\\/wp-content\\\/uploads\\\/2019\\\/06\\\/FGC-logo-1.png\",\"width\":1104,\"height\":224,\"caption\":\"Global filter\"},\"image\":{\"@id\":\"https:\\\/\\\/www.globalfilter.com\\\/de\\\/#\\\/schema\\\/logo\\\/image\\\/\"},\"sameAs\":[\"https:\\\/\\\/www.linkedin.com\\\/company\\\/global-filter-llc\"]}]}<\/script>\n<!-- \/ Yoast SEO plugin. -->","yoast_head_json":{"title":"Wein - Global Filter","description":"Global Filter bietet Filtrationsl\u00f6sungen an f\u00fcr die Weinfiltration. Kl\u00e4rungsschritte und mikrobiele Filtration. Wein Weinfiltration","robots":{"index":"index","follow":"follow","max-snippet":"max-snippet:-1","max-image-preview":"max-image-preview:large","max-video-preview":"max-video-preview:-1"},"canonical":"https:\/\/www.globalfilter.com\/de\/weinfiltration\/","og_locale":"de_DE","og_type":"article","og_title":"Wein - Global Filter","og_description":"Global Filter bietet Filtrationsl\u00f6sungen an f\u00fcr die Weinfiltration. Kl\u00e4rungsschritte und mikrobiele Filtration. Wein Weinfiltration","og_url":"https:\/\/www.globalfilter.com\/de\/weinfiltration\/","og_site_name":"Global Filter","article_modified_time":"2022-04-22T09:28:41+00:00","og_image":[{"url":"https:\/\/www.globalfilter.com\/wp-content\/uploads\/2020\/04\/dreamstime_m_linkedin.-22.jpg","type":"","width":"","height":""}],"twitter_card":"summary_large_image","twitter_misc":{"Gesch\u00e4tzte Lesezeit":"2 Minuten"},"schema":{"@context":"https:\/\/schema.org","@graph":[{"@type":"WebPage","@id":"https:\/\/www.globalfilter.com\/de\/weinfiltration\/","url":"https:\/\/www.globalfilter.com\/de\/weinfiltration\/","name":"Wein - Global Filter","isPartOf":{"@id":"https:\/\/www.globalfilter.com\/de\/#website"},"primaryImageOfPage":{"@id":"https:\/\/www.globalfilter.com\/de\/weinfiltration\/#primaryimage"},"image":{"@id":"https:\/\/www.globalfilter.com\/de\/weinfiltration\/#primaryimage"},"thumbnailUrl":"https:\/\/www.globalfilter.com\/wp-content\/uploads\/2020\/04\/dreamstime_m_linkedin.-22.jpg","datePublished":"2022-04-22T09:06:54+00:00","dateModified":"2022-04-22T09:28:41+00:00","description":"Global Filter bietet Filtrationsl\u00f6sungen an f\u00fcr die Weinfiltration. Kl\u00e4rungsschritte und mikrobiele Filtration. Wein Weinfiltration","breadcrumb":{"@id":"https:\/\/www.globalfilter.com\/de\/weinfiltration\/#breadcrumb"},"inLanguage":"de-DE","potentialAction":[{"@type":"ReadAction","target":["https:\/\/www.globalfilter.com\/de\/weinfiltration\/"]}]},{"@type":"ImageObject","inLanguage":"de-DE","@id":"https:\/\/www.globalfilter.com\/de\/weinfiltration\/#primaryimage","url":"https:\/\/www.globalfilter.com\/wp-content\/uploads\/2020\/04\/dreamstime_m_linkedin.-22.jpg","contentUrl":"https:\/\/www.globalfilter.com\/wp-content\/uploads\/2020\/04\/dreamstime_m_linkedin.-22.jpg"},{"@type":"BreadcrumbList","@id":"https:\/\/www.globalfilter.com\/de\/weinfiltration\/#breadcrumb","itemListElement":[{"@type":"ListItem","position":1,"name":"home","item":"https:\/\/www.globalfilter.com\/de\/"},{"@type":"ListItem","position":2,"name":"Wein"}]},{"@type":"WebSite","@id":"https:\/\/www.globalfilter.com\/de\/#website","url":"https:\/\/www.globalfilter.com\/de\/","name":"Global Filter","description":"Making the World Safer, Healthier and More Productive","publisher":{"@id":"https:\/\/www.globalfilter.com\/de\/#organization"},"potentialAction":[{"@type":"SearchAction","target":{"@type":"EntryPoint","urlTemplate":"https:\/\/www.globalfilter.com\/de\/?s={search_term_string}"},"query-input":{"@type":"PropertyValueSpecification","valueRequired":true,"valueName":"search_term_string"}}],"inLanguage":"de-DE"},{"@type":"Organization","@id":"https:\/\/www.globalfilter.com\/de\/#organization","name":"Global filter","url":"https:\/\/www.globalfilter.com\/de\/","logo":{"@type":"ImageObject","inLanguage":"de-DE","@id":"https:\/\/www.globalfilter.com\/de\/#\/schema\/logo\/image\/","url":"https:\/\/www.globalfilter.com\/wp-content\/uploads\/2019\/06\/FGC-logo-1.png","contentUrl":"https:\/\/www.globalfilter.com\/wp-content\/uploads\/2019\/06\/FGC-logo-1.png","width":1104,"height":224,"caption":"Global filter"},"image":{"@id":"https:\/\/www.globalfilter.com\/de\/#\/schema\/logo\/image\/"},"sameAs":["https:\/\/www.linkedin.com\/company\/global-filter-llc"]}]}},"_links":{"self":[{"href":"https:\/\/www.globalfilter.com\/de\/wp-json\/wp\/v2\/pages\/9370","targetHints":{"allow":["GET"]}}],"collection":[{"href":"https:\/\/www.globalfilter.com\/de\/wp-json\/wp\/v2\/pages"}],"about":[{"href":"https:\/\/www.globalfilter.com\/de\/wp-json\/wp\/v2\/types\/page"}],"author":[{"embeddable":true,"href":"https:\/\/www.globalfilter.com\/de\/wp-json\/wp\/v2\/users\/8"}],"replies":[{"embeddable":true,"href":"https:\/\/www.globalfilter.com\/de\/wp-json\/wp\/v2\/comments?post=9370"}],"version-history":[{"count":0,"href":"https:\/\/www.globalfilter.com\/de\/wp-json\/wp\/v2\/pages\/9370\/revisions"}],"wp:attachment":[{"href":"https:\/\/www.globalfilter.com\/de\/wp-json\/wp\/v2\/media?parent=9370"}],"curies":[{"name":"wp","href":"https:\/\/api.w.org\/{rel}","templated":true}]}}