{"id":9661,"date":"2022-06-14T15:12:37","date_gmt":"2022-06-14T15:12:37","guid":{"rendered":"https:\/\/www.globalfilter.com\/?page_id=9661"},"modified":"2022-06-27T12:21:38","modified_gmt":"2022-06-27T12:21:38","slug":"unser-auftrag","status":"publish","type":"page","link":"https:\/\/www.globalfilter.com\/de\/unser-auftrag\/","title":{"rendered":"Unser Auftrag"},"content":{"rendered":"\n<div class=\"wp-block-group\"><div class=\"wp-block-group__inner-container is-layout-flow wp-block-group-is-layout-flow\">\n<div class=\"wp-block-cover alignfull\"><span aria-hidden=\"true\" class=\"wp-block-cover__gradient-background has-background-dim\"><\/span><img loading=\"lazy\" decoding=\"async\" width=\"2309\" height=\"1299\" class=\"wp-block-cover__image-background wp-image-8826\" alt=\"\" src=\"https:\/\/www.globalfilter.com\/wp-content\/uploads\/2022\/03\/iStock-1342229191.jpg\" data-object-fit=\"cover\" srcset=\"https:\/\/www.globalfilter.com\/wp-content\/uploads\/2022\/03\/iStock-1342229191.jpg 2309w, https:\/\/www.globalfilter.com\/wp-content\/uploads\/2022\/03\/iStock-1342229191-300x169.jpg 300w, https:\/\/www.globalfilter.com\/wp-content\/uploads\/2022\/03\/iStock-1342229191-1024x576.jpg 1024w, https:\/\/www.globalfilter.com\/wp-content\/uploads\/2022\/03\/iStock-1342229191-768x432.jpg 768w, https:\/\/www.globalfilter.com\/wp-content\/uploads\/2022\/03\/iStock-1342229191-1536x864.jpg 1536w, https:\/\/www.globalfilter.com\/wp-content\/uploads\/2022\/03\/iStock-1342229191-2048x1152.jpg 2048w\" sizes=\"auto, (max-width: 2309px) 100vw, 2309px\" \/><div class=\"wp-block-cover__inner-container is-layout-flow wp-block-cover-is-layout-flow\">\n<h1 class=\"has-text-align-center wp-block-heading\">Wir engagieren uns f\u00fcr eine bessere Zukunft<\/h1>\n<\/div><\/div>\n\n\n\n<p>Unsere Auftrag? Global filter bietet Produkte und L\u00f6sungen, die dazu beitragen, die Welt sicherer, ges\u00fcnder und produktiver zu machen. Wir sind ein kundenorientiertes Unternehmen, das stets nach M\u00f6glichkeiten sucht, sich zu verbessern und Ihnen den bestm\u00f6glichen Service zu bieten.<\/p>\n\n\n\n<p class=\"has-blue-color has-text-color\">___________________________________________________________________________________________________<\/p>\n<\/div><\/div>\n\n\n\n<div class=\"wp-block-media-text alignwide is-stacked-on-mobile\"><figure class=\"wp-block-media-text__media\"><img loading=\"lazy\" decoding=\"async\" width=\"1024\" height=\"576\" src=\"https:\/\/www.globalfilter.com\/wp-content\/uploads\/2019\/09\/life-sciences-1024x576.jpg\" alt=\"Life Sciences\" class=\"wp-image-384 size-full\" srcset=\"https:\/\/www.globalfilter.com\/wp-content\/uploads\/2019\/09\/life-sciences-1024x576.jpg 1024w, https:\/\/www.globalfilter.com\/wp-content\/uploads\/2019\/09\/life-sciences-300x169.jpg 300w, https:\/\/www.globalfilter.com\/wp-content\/uploads\/2019\/09\/life-sciences-768x432.jpg 768w, https:\/\/www.globalfilter.com\/wp-content\/uploads\/2019\/09\/life-sciences.jpg 1920w\" sizes=\"auto, (max-width: 1024px) 100vw, 1024px\" \/><\/figure><div class=\"wp-block-media-text__content\">\n<h2 class=\"wp-block-heading\" id=\"h-sicherer\">Sicherer<\/h2>\n\n\n\n<p>Bis zum Jahr 2050 werden 2,3 Milliarden Menschen zus\u00e4tzlich auf der Erde leben. Der Bedarf an Nahrungsmitteln und Zugang zu sauberem Wasser wird steigen, ebenso die Nachfrage nach Gesundheitsversorgung und verbesserter Medizintechnik.<\/p>\n\n\n\n<p>Global Filter tr\u00e4gt dazu bei, die Herausforderungen des weltweiten Wachstums zu bew\u00e4ltigen. Wir entwickeln Filtrationsl\u00f6sungen, die unsere Lebensmittel sicherer machen. Wir halten Wasserleitungen sauber, damit Millionen von Menschen Zugang zu schadstofffreiem Wasser haben.\u00a0<\/p>\n<\/div><\/div>\n\n\n\n<p class=\"has-blue-color has-text-color\">___________________________________________________________________________________________________<\/p>\n\n\n\n<div class=\"wp-block-media-text alignwide has-media-on-the-right is-stacked-on-mobile\" style=\"grid-template-columns:auto 41%\"><figure class=\"wp-block-media-text__media\"><img loading=\"lazy\" decoding=\"async\" width=\"985\" height=\"1024\" src=\"https:\/\/www.globalfilter.com\/wp-content\/uploads\/2022\/03\/iStock-1030034716-2-985x1024.jpg\" alt=\"\" class=\"wp-image-8858 size-full\" srcset=\"https:\/\/www.globalfilter.com\/wp-content\/uploads\/2022\/03\/iStock-1030034716-2-985x1024.jpg 985w, https:\/\/www.globalfilter.com\/wp-content\/uploads\/2022\/03\/iStock-1030034716-2-289x300.jpg 289w, https:\/\/www.globalfilter.com\/wp-content\/uploads\/2022\/03\/iStock-1030034716-2-768x798.jpg 768w, https:\/\/www.globalfilter.com\/wp-content\/uploads\/2022\/03\/iStock-1030034716-2-1478x1536.jpg 1478w, https:\/\/www.globalfilter.com\/wp-content\/uploads\/2022\/03\/iStock-1030034716-2-1970x2048.jpg 1970w\" sizes=\"auto, (max-width: 985px) 100vw, 985px\" \/><\/figure><div class=\"wp-block-media-text__content\">\n<h2 class=\"has-text-align-left wp-block-heading\" id=\"h-ges-nder\">Ges\u00fcnder<\/h2>\n\n\n\n<p>Wasser, eines unserer kostbarsten G\u00fcter, ist oft ungesund und erfordert die L\u00f6sung komplexer Probleme bei der Kontaminationskontrolle. Die Wasserfiltrationsprodukte von Global Filter werden eingesetzt, um das Wasser, das wir verwenden und trinken, ges\u00fcnder zu machen. Unsere Filtrationsl\u00f6sungen \u00fcbertreffen die Sicherheitsstandards in einer Vielzahl von Branchen. Wir tragen dazu bei, Luft und Wasser zu reinigen, damit Millionen von Menschen auf der ganzen Welt ein ges\u00fcnderes Leben f\u00fchren k\u00f6nnen.<\/p>\n<\/div><\/div>\n\n\n\n<p class=\"has-blue-color has-text-color\">___________________________________________________________________________________________________<\/p>\n\n\n\n<div class=\"wp-block-media-text alignwide is-stacked-on-mobile\"><figure class=\"wp-block-media-text__media\"><img loading=\"lazy\" decoding=\"async\" width=\"1024\" height=\"576\" src=\"https:\/\/www.globalfilter.com\/wp-content\/uploads\/2019\/09\/water-treatment-1024x576.jpg\" alt=\"Water Treatment\" class=\"wp-image-390 size-full\" srcset=\"https:\/\/www.globalfilter.com\/wp-content\/uploads\/2019\/09\/water-treatment-1024x576.jpg 1024w, https:\/\/www.globalfilter.com\/wp-content\/uploads\/2019\/09\/water-treatment-300x169.jpg 300w, https:\/\/www.globalfilter.com\/wp-content\/uploads\/2019\/09\/water-treatment-768x432.jpg 768w, https:\/\/www.globalfilter.com\/wp-content\/uploads\/2019\/09\/water-treatment.jpg 1920w\" sizes=\"auto, (max-width: 1024px) 100vw, 1024px\" \/><\/figure><div class=\"wp-block-media-text__content\">\n<h2 class=\"wp-block-heading\" id=\"h-produktiver\">Produktiver<\/h2>\n\n\n\n<p>Ausfallzeiten aufgrund von Ger\u00e4tefehlern kosten Zeit und Geld und k\u00f6nnen zu unsicheren Arbeitsumgebungen f\u00fchren. Wir arbeiten eng mit unseren Kunden zusammen, um L\u00f6sungen zu entwickeln, zu testen und herzustellen, die die Effizienz und Produktivit\u00e4t verbessern.<\/p>\n<\/div><\/div>\n\n\n\n<p class=\"has-blue-color has-text-color\">___________________________________________________________________________________________________<\/p>\n\n\n\n<div class=\"wp-block-columns is-layout-flex wp-container-core-columns-is-layout-9d6595d7 wp-block-columns-is-layout-flex\">\n<div class=\"wp-block-column is-layout-flow wp-block-column-is-layout-flow\">\n<h2 class=\"wp-block-heading\" id=\"h-branchen\">Branchen<\/h2>\n\n\n\n<p class=\"has-blue-color has-text-color\">______________<\/p>\n\n\n\n<p>Unsere Filtrationsl\u00f6sungen wurden entwickelt, um den Anforderungen einer Vielzahl von Anwendungen und Branchen gerecht zu werden, in denen die Filtration von Fl\u00fcssigkeiten erforderlich ist.<\/p>\n\n\n\n<div class=\"wp-block-buttons is-layout-flex wp-block-buttons-is-layout-flex\">\n<div class=\"wp-block-button\"><a class=\"wp-block-button__link has-green-background-color has-background\" href=\"https:\/\/www.globalfilter.com\/de\/branchen\/\" target=\"_blank\" rel=\"noreferrer noopener\">Alle Branchen anzeigen<\/a><\/div>\n<\/div>\n<\/div>\n\n\n\n<div class=\"wp-block-column is-layout-flow wp-block-column-is-layout-flow\">\n<h2 class=\"wp-block-heading\" id=\"h-ressourcen\">Ressourcen<\/h2>\n\n\n\n<p class=\"has-blue-color has-text-color\">______________<\/p>\n\n\n\n<p>Global Filter liefert die Leistung, Qualit\u00e4t und Konsistenz, die Sie brauchen, um sich von der Konkurrenz abzuheben.<\/p>\n\n\n\n<div class=\"wp-block-buttons is-layout-flex wp-block-buttons-is-layout-flex\">\n<div class=\"wp-block-button\"><a class=\"wp-block-button__link has-green-background-color has-background\" href=\"https:\/\/www.globalfilter.com\/de\/ressourcen\/\" target=\"_blank\" rel=\"noreferrer noopener\"><strong>Alle Ressourcen anzeigen<\/strong><\/a><\/div>\n<\/div>\n<\/div>\n<\/div>\n","protected":false},"excerpt":{"rendered":"<p>Unsere Auftrag? Global filter bietet Produkte und L\u00f6sungen, die dazu beitragen, die Welt sicherer, ges\u00fcnder und produktiver zu machen. Wir sind ein kundenorientiertes Unternehmen, das stets nach M\u00f6glichkeiten sucht, sich zu verbessern und Ihnen den bestm\u00f6glichen Service zu bieten. ___________________________________________________________________________________________________ Sicherer Bis zum Jahr 2050 werden 2,3 Milliarden Menschen zus\u00e4tzlich auf der Erde leben. Der [&hellip;]<\/p>\n","protected":false},"author":8,"featured_media":0,"parent":0,"menu_order":0,"comment_status":"closed","ping_status":"closed","template":"","meta":{"_acf_changed":false,"content-type":"","footnotes":""},"class_list":["post-9661","page","type-page","status-publish","hentry"],"acf":[],"yoast_head":"<!-- This site is optimized with the Yoast SEO plugin v27.3 - https:\/\/yoast.com\/product\/yoast-seo-wordpress\/ -->\n<title>Unser Auftrag - Global Filter<\/title>\n<meta name=\"description\" content=\"Unsere Auftrag: Global filter bietet Produkte und L\u00f6sungen, die dazu beitragen, die Welt sicherer, ges\u00fcnder und produktiver zu machen\" \/>\n<meta name=\"robots\" content=\"index, follow, max-snippet:-1, max-image-preview:large, max-video-preview:-1\" \/>\n<link rel=\"canonical\" href=\"https:\/\/www.globalfilter.com\/de\/unser-auftrag\/\" \/>\n<meta property=\"og:locale\" content=\"de_DE\" \/>\n<meta property=\"og:type\" content=\"article\" \/>\n<meta property=\"og:title\" content=\"Unser Auftrag - Global Filter\" \/>\n<meta property=\"og:description\" content=\"Unsere Auftrag: Global filter bietet Produkte und L\u00f6sungen, die dazu beitragen, die Welt sicherer, ges\u00fcnder und produktiver zu machen\" \/>\n<meta property=\"og:url\" content=\"https:\/\/www.globalfilter.com\/de\/unser-auftrag\/\" \/>\n<meta property=\"og:site_name\" content=\"Global Filter\" \/>\n<meta property=\"article:modified_time\" content=\"2022-06-27T12:21:38+00:00\" \/>\n<meta property=\"og:image\" content=\"https:\/\/www.globalfilter.com\/wp-content\/uploads\/2022\/03\/iStock-1342229191.jpg\" \/>\n<meta name=\"twitter:card\" content=\"summary_large_image\" \/>\n<meta name=\"twitter:label1\" content=\"Gesch\u00e4tzte Lesezeit\" \/>\n\t<meta name=\"twitter:data1\" content=\"2 Minuten\" \/>\n<script type=\"application\/ld+json\" class=\"yoast-schema-graph\">{\"@context\":\"https:\\\/\\\/schema.org\",\"@graph\":[{\"@type\":\"WebPage\",\"@id\":\"https:\\\/\\\/www.globalfilter.com\\\/de\\\/unser-auftrag\\\/\",\"url\":\"https:\\\/\\\/www.globalfilter.com\\\/de\\\/unser-auftrag\\\/\",\"name\":\"Unser Auftrag - Global Filter\",\"isPartOf\":{\"@id\":\"https:\\\/\\\/www.globalfilter.com\\\/de\\\/#website\"},\"primaryImageOfPage\":{\"@id\":\"https:\\\/\\\/www.globalfilter.com\\\/de\\\/unser-auftrag\\\/#primaryimage\"},\"image\":{\"@id\":\"https:\\\/\\\/www.globalfilter.com\\\/de\\\/unser-auftrag\\\/#primaryimage\"},\"thumbnailUrl\":\"https:\\\/\\\/www.globalfilter.com\\\/wp-content\\\/uploads\\\/2022\\\/03\\\/iStock-1342229191.jpg\",\"datePublished\":\"2022-06-14T15:12:37+00:00\",\"dateModified\":\"2022-06-27T12:21:38+00:00\",\"description\":\"Unsere Auftrag: Global filter bietet Produkte und L\u00f6sungen, die dazu beitragen, die Welt sicherer, ges\u00fcnder und produktiver zu machen\",\"breadcrumb\":{\"@id\":\"https:\\\/\\\/www.globalfilter.com\\\/de\\\/unser-auftrag\\\/#breadcrumb\"},\"inLanguage\":\"de-DE\",\"potentialAction\":[{\"@type\":\"ReadAction\",\"target\":[\"https:\\\/\\\/www.globalfilter.com\\\/de\\\/unser-auftrag\\\/\"]}]},{\"@type\":\"ImageObject\",\"inLanguage\":\"de-DE\",\"@id\":\"https:\\\/\\\/www.globalfilter.com\\\/de\\\/unser-auftrag\\\/#primaryimage\",\"url\":\"https:\\\/\\\/www.globalfilter.com\\\/wp-content\\\/uploads\\\/2022\\\/03\\\/iStock-1342229191.jpg\",\"contentUrl\":\"https:\\\/\\\/www.globalfilter.com\\\/wp-content\\\/uploads\\\/2022\\\/03\\\/iStock-1342229191.jpg\"},{\"@type\":\"BreadcrumbList\",\"@id\":\"https:\\\/\\\/www.globalfilter.com\\\/de\\\/unser-auftrag\\\/#breadcrumb\",\"itemListElement\":[{\"@type\":\"ListItem\",\"position\":1,\"name\":\"home\",\"item\":\"https:\\\/\\\/www.globalfilter.com\\\/de\\\/\"},{\"@type\":\"ListItem\",\"position\":2,\"name\":\"Unser Auftrag\"}]},{\"@type\":\"WebSite\",\"@id\":\"https:\\\/\\\/www.globalfilter.com\\\/de\\\/#website\",\"url\":\"https:\\\/\\\/www.globalfilter.com\\\/de\\\/\",\"name\":\"Global Filter\",\"description\":\"Making the World Safer, Healthier and More Productive\",\"publisher\":{\"@id\":\"https:\\\/\\\/www.globalfilter.com\\\/de\\\/#organization\"},\"potentialAction\":[{\"@type\":\"SearchAction\",\"target\":{\"@type\":\"EntryPoint\",\"urlTemplate\":\"https:\\\/\\\/www.globalfilter.com\\\/de\\\/?s={search_term_string}\"},\"query-input\":{\"@type\":\"PropertyValueSpecification\",\"valueRequired\":true,\"valueName\":\"search_term_string\"}}],\"inLanguage\":\"de-DE\"},{\"@type\":\"Organization\",\"@id\":\"https:\\\/\\\/www.globalfilter.com\\\/de\\\/#organization\",\"name\":\"Global filter\",\"url\":\"https:\\\/\\\/www.globalfilter.com\\\/de\\\/\",\"logo\":{\"@type\":\"ImageObject\",\"inLanguage\":\"de-DE\",\"@id\":\"https:\\\/\\\/www.globalfilter.com\\\/de\\\/#\\\/schema\\\/logo\\\/image\\\/\",\"url\":\"https:\\\/\\\/www.globalfilter.com\\\/wp-content\\\/uploads\\\/2019\\\/06\\\/FGC-logo-1.png\",\"contentUrl\":\"https:\\\/\\\/www.globalfilter.com\\\/wp-content\\\/uploads\\\/2019\\\/06\\\/FGC-logo-1.png\",\"width\":1104,\"height\":224,\"caption\":\"Global filter\"},\"image\":{\"@id\":\"https:\\\/\\\/www.globalfilter.com\\\/de\\\/#\\\/schema\\\/logo\\\/image\\\/\"},\"sameAs\":[\"https:\\\/\\\/www.linkedin.com\\\/company\\\/global-filter-llc\"]}]}<\/script>\n<!-- \/ Yoast SEO plugin. -->","yoast_head_json":{"title":"Unser Auftrag - Global Filter","description":"Unsere Auftrag: Global filter bietet Produkte und L\u00f6sungen, die dazu beitragen, die Welt sicherer, ges\u00fcnder und produktiver zu machen","robots":{"index":"index","follow":"follow","max-snippet":"max-snippet:-1","max-image-preview":"max-image-preview:large","max-video-preview":"max-video-preview:-1"},"canonical":"https:\/\/www.globalfilter.com\/de\/unser-auftrag\/","og_locale":"de_DE","og_type":"article","og_title":"Unser Auftrag - Global Filter","og_description":"Unsere Auftrag: Global filter bietet Produkte und L\u00f6sungen, die dazu beitragen, die Welt sicherer, ges\u00fcnder und produktiver zu machen","og_url":"https:\/\/www.globalfilter.com\/de\/unser-auftrag\/","og_site_name":"Global Filter","article_modified_time":"2022-06-27T12:21:38+00:00","og_image":[{"url":"https:\/\/www.globalfilter.com\/wp-content\/uploads\/2022\/03\/iStock-1342229191.jpg","type":"","width":"","height":""}],"twitter_card":"summary_large_image","twitter_misc":{"Gesch\u00e4tzte Lesezeit":"2 Minuten"},"schema":{"@context":"https:\/\/schema.org","@graph":[{"@type":"WebPage","@id":"https:\/\/www.globalfilter.com\/de\/unser-auftrag\/","url":"https:\/\/www.globalfilter.com\/de\/unser-auftrag\/","name":"Unser Auftrag - Global Filter","isPartOf":{"@id":"https:\/\/www.globalfilter.com\/de\/#website"},"primaryImageOfPage":{"@id":"https:\/\/www.globalfilter.com\/de\/unser-auftrag\/#primaryimage"},"image":{"@id":"https:\/\/www.globalfilter.com\/de\/unser-auftrag\/#primaryimage"},"thumbnailUrl":"https:\/\/www.globalfilter.com\/wp-content\/uploads\/2022\/03\/iStock-1342229191.jpg","datePublished":"2022-06-14T15:12:37+00:00","dateModified":"2022-06-27T12:21:38+00:00","description":"Unsere Auftrag: Global filter bietet Produkte und L\u00f6sungen, die dazu beitragen, die Welt sicherer, ges\u00fcnder und produktiver zu machen","breadcrumb":{"@id":"https:\/\/www.globalfilter.com\/de\/unser-auftrag\/#breadcrumb"},"inLanguage":"de-DE","potentialAction":[{"@type":"ReadAction","target":["https:\/\/www.globalfilter.com\/de\/unser-auftrag\/"]}]},{"@type":"ImageObject","inLanguage":"de-DE","@id":"https:\/\/www.globalfilter.com\/de\/unser-auftrag\/#primaryimage","url":"https:\/\/www.globalfilter.com\/wp-content\/uploads\/2022\/03\/iStock-1342229191.jpg","contentUrl":"https:\/\/www.globalfilter.com\/wp-content\/uploads\/2022\/03\/iStock-1342229191.jpg"},{"@type":"BreadcrumbList","@id":"https:\/\/www.globalfilter.com\/de\/unser-auftrag\/#breadcrumb","itemListElement":[{"@type":"ListItem","position":1,"name":"home","item":"https:\/\/www.globalfilter.com\/de\/"},{"@type":"ListItem","position":2,"name":"Unser Auftrag"}]},{"@type":"WebSite","@id":"https:\/\/www.globalfilter.com\/de\/#website","url":"https:\/\/www.globalfilter.com\/de\/","name":"Global Filter","description":"Making the World Safer, Healthier and More Productive","publisher":{"@id":"https:\/\/www.globalfilter.com\/de\/#organization"},"potentialAction":[{"@type":"SearchAction","target":{"@type":"EntryPoint","urlTemplate":"https:\/\/www.globalfilter.com\/de\/?s={search_term_string}"},"query-input":{"@type":"PropertyValueSpecification","valueRequired":true,"valueName":"search_term_string"}}],"inLanguage":"de-DE"},{"@type":"Organization","@id":"https:\/\/www.globalfilter.com\/de\/#organization","name":"Global filter","url":"https:\/\/www.globalfilter.com\/de\/","logo":{"@type":"ImageObject","inLanguage":"de-DE","@id":"https:\/\/www.globalfilter.com\/de\/#\/schema\/logo\/image\/","url":"https:\/\/www.globalfilter.com\/wp-content\/uploads\/2019\/06\/FGC-logo-1.png","contentUrl":"https:\/\/www.globalfilter.com\/wp-content\/uploads\/2019\/06\/FGC-logo-1.png","width":1104,"height":224,"caption":"Global filter"},"image":{"@id":"https:\/\/www.globalfilter.com\/de\/#\/schema\/logo\/image\/"},"sameAs":["https:\/\/www.linkedin.com\/company\/global-filter-llc"]}]}},"_links":{"self":[{"href":"https:\/\/www.globalfilter.com\/de\/wp-json\/wp\/v2\/pages\/9661","targetHints":{"allow":["GET"]}}],"collection":[{"href":"https:\/\/www.globalfilter.com\/de\/wp-json\/wp\/v2\/pages"}],"about":[{"href":"https:\/\/www.globalfilter.com\/de\/wp-json\/wp\/v2\/types\/page"}],"author":[{"embeddable":true,"href":"https:\/\/www.globalfilter.com\/de\/wp-json\/wp\/v2\/users\/8"}],"replies":[{"embeddable":true,"href":"https:\/\/www.globalfilter.com\/de\/wp-json\/wp\/v2\/comments?post=9661"}],"version-history":[{"count":0,"href":"https:\/\/www.globalfilter.com\/de\/wp-json\/wp\/v2\/pages\/9661\/revisions"}],"wp:attachment":[{"href":"https:\/\/www.globalfilter.com\/de\/wp-json\/wp\/v2\/media?parent=9661"}],"curies":[{"name":"wp","href":"https:\/\/api.w.org\/{rel}","templated":true}]}}