{"id":12200,"date":"2024-04-19T15:16:32","date_gmt":"2024-04-19T15:16:32","guid":{"rendered":"https:\/\/www.globalfilter.com\/?page_id=12200"},"modified":"2024-04-19T15:16:33","modified_gmt":"2024-04-19T15:16:33","slug":"survey","status":"publish","type":"page","link":"https:\/\/www.globalfilter.com\/en-eu\/survey\/","title":{"rendered":"Survey"},"content":{"rendered":"\n<div class=\"wp-block-columns is-layout-flex wp-container-core-columns-is-layout-9d6595d7 wp-block-columns-is-layout-flex\">\n<div class=\"wp-block-column is-layout-flow wp-block-column-is-layout-flow\">\n<p>Votre avis nous int\u00e9resse!<\/p>\n\n\n\n<p>Merci de partagez votre avis avec nous sur votre achat et la livraison. Vos r\u00e9ponses  nous aideront \u00e0 mieux r\u00e9pondre \u00e0 vos attentes. <\/p>\n\n\n\n<div class=\"wp-block-buttons is-layout-flex wp-block-buttons-is-layout-flex\">\n<div class=\"wp-block-button\"><a class=\"wp-block-button__link has-green-background-color has-background wp-element-button\" href=\"https:\/\/docs.google.com\/forms\/d\/e\/1FAIpQLSd1uJr6QvWULDyXWyiI-dwT3kzp2trDFsmE74qb7eNIPapYKg\/viewform?usp=sf_link\">R\u00e9pondre au questionnaire<\/a><\/div>\n<\/div>\n<\/div>\n\n\n\n<div class=\"wp-block-column is-layout-flow wp-block-column-is-layout-flow\">\n<p>Ihre Meinung ist uns wichtig!<\/p>\n\n\n\n<p>Bitte teilen Sie uns Ihre Meinung zu Ihrem Einkauf und der Lieferung mit. Ihre Antworten helfen uns, Ihre Erwartungen besser zu erf\u00fcllen.<\/p>\n\n\n\n<div class=\"wp-block-buttons is-layout-flex wp-block-buttons-is-layout-flex\">\n<div class=\"wp-block-button\"><a class=\"wp-block-button__link has-blue-background-color has-background wp-element-button\" href=\"https:\/\/docs.google.com\/forms\/d\/e\/1FAIpQLSdHnGjhpuIpDTRzM4tFMMiSkPXRD-a504Og8D8nVgU-5yDkVQ\/viewform?usp=sf_link\">Fragebogen beantworten<\/a><\/div>\n<\/div>\n<\/div>\n\n\n\n<div class=\"wp-block-column is-layout-flow wp-block-column-is-layout-flow\">\n<p>We want to hear from you!<\/p>\n\n\n\n<p>Thank you for sharing your opinion with us about your purchase and delivery. Your answers will help us better meet your expectations.<\/p>\n\n\n\n<div class=\"wp-block-buttons is-layout-flex wp-block-buttons-is-layout-flex\">\n<div class=\"wp-block-button\"><a class=\"wp-block-button__link wp-element-button\" href=\"https:\/\/docs.google.com\/forms\/d\/e\/1FAIpQLSfmRa4zrYYF13woZolfzkdnHtf2GbdTtpeJNX4j00p3qvB94g\/viewform?usp=sf_link\">Take the survey<\/a><\/div>\n<\/div>\n<\/div>\n<\/div>\n\n\n\n<figure class=\"wp-block-image size-large\"><img loading=\"lazy\" decoding=\"async\" width=\"1024\" height=\"576\" src=\"https:\/\/www.globalfilter.com\/wp-content\/uploads\/2024\/04\/iStock-1471444483-1024x576.jpg\" alt=\"\" class=\"wp-image-12201\" srcset=\"https:\/\/www.globalfilter.com\/wp-content\/uploads\/2024\/04\/iStock-1471444483-1024x576.jpg 1024w, https:\/\/www.globalfilter.com\/wp-content\/uploads\/2024\/04\/iStock-1471444483-300x169.jpg 300w, https:\/\/www.globalfilter.com\/wp-content\/uploads\/2024\/04\/iStock-1471444483-768x432.jpg 768w, https:\/\/www.globalfilter.com\/wp-content\/uploads\/2024\/04\/iStock-1471444483-1536x864.jpg 1536w, https:\/\/www.globalfilter.com\/wp-content\/uploads\/2024\/04\/iStock-1471444483-2048x1152.jpg 2048w\" sizes=\"auto, (max-width: 1024px) 100vw, 1024px\" \/><\/figure>\n","protected":false},"excerpt":{"rendered":"<p>Votre avis nous int\u00e9resse! Merci de partagez votre avis avec nous sur votre achat et la livraison. Vos r\u00e9ponses nous aideront \u00e0 mieux r\u00e9pondre \u00e0 vos attentes. Ihre Meinung ist uns wichtig! Bitte teilen Sie uns Ihre Meinung zu Ihrem Einkauf und der Lieferung mit. Ihre Antworten helfen uns, Ihre Erwartungen besser zu erf\u00fcllen. We [&hellip;]<\/p>\n","protected":false},"author":8,"featured_media":0,"parent":0,"menu_order":0,"comment_status":"closed","ping_status":"closed","template":"","meta":{"_acf_changed":false,"content-type":"","footnotes":""},"class_list":["post-12200","page","type-page","status-publish","hentry"],"acf":[],"yoast_head":"<!-- This site is optimized with the Yoast SEO plugin v27.3 - https:\/\/yoast.com\/product\/yoast-seo-wordpress\/ -->\n<title>Survey - Global Filter<\/title>\n<meta name=\"description\" content=\"Global Filter customer survey.\" \/>\n<meta name=\"robots\" content=\"noindex, follow\" \/>\n<meta property=\"og:locale\" content=\"en_US\" \/>\n<meta property=\"og:type\" content=\"article\" \/>\n<meta property=\"og:title\" content=\"Survey - Global Filter\" \/>\n<meta property=\"og:description\" content=\"Global Filter customer survey.\" \/>\n<meta property=\"og:url\" content=\"https:\/\/www.globalfilter.com\/en-eu\/survey\/\" \/>\n<meta property=\"og:site_name\" content=\"Global Filter\" \/>\n<meta property=\"article:modified_time\" content=\"2024-04-19T15:16:33+00:00\" \/>\n<meta property=\"og:image\" content=\"https:\/\/www.globalfilter.com\/wp-content\/uploads\/2024\/04\/iStock-1471444483-1024x576.jpg\" \/>\n<meta name=\"twitter:card\" content=\"summary_large_image\" \/>\n<meta name=\"twitter:label1\" content=\"Est. reading time\" \/>\n\t<meta name=\"twitter:data1\" content=\"1 minute\" \/>\n<script type=\"application\/ld+json\" class=\"yoast-schema-graph\">{\"@context\":\"https:\\\/\\\/schema.org\",\"@graph\":[{\"@type\":\"WebPage\",\"@id\":\"https:\\\/\\\/www.globalfilter.com\\\/en-eu\\\/survey\\\/\",\"url\":\"https:\\\/\\\/www.globalfilter.com\\\/en-eu\\\/survey\\\/\",\"name\":\"Survey - Global Filter\",\"isPartOf\":{\"@id\":\"https:\\\/\\\/www.globalfilter.com\\\/en-eu\\\/#website\"},\"primaryImageOfPage\":{\"@id\":\"https:\\\/\\\/www.globalfilter.com\\\/en-eu\\\/survey\\\/#primaryimage\"},\"image\":{\"@id\":\"https:\\\/\\\/www.globalfilter.com\\\/en-eu\\\/survey\\\/#primaryimage\"},\"thumbnailUrl\":\"https:\\\/\\\/www.globalfilter.com\\\/wp-content\\\/uploads\\\/2024\\\/04\\\/iStock-1471444483-1024x576.jpg\",\"datePublished\":\"2024-04-19T15:16:32+00:00\",\"dateModified\":\"2024-04-19T15:16:33+00:00\",\"description\":\"Global Filter customer survey.\",\"breadcrumb\":{\"@id\":\"https:\\\/\\\/www.globalfilter.com\\\/en-eu\\\/survey\\\/#breadcrumb\"},\"inLanguage\":\"en-EU\",\"potentialAction\":[{\"@type\":\"ReadAction\",\"target\":[\"https:\\\/\\\/www.globalfilter.com\\\/en-eu\\\/survey\\\/\"]}]},{\"@type\":\"ImageObject\",\"inLanguage\":\"en-EU\",\"@id\":\"https:\\\/\\\/www.globalfilter.com\\\/en-eu\\\/survey\\\/#primaryimage\",\"url\":\"https:\\\/\\\/www.globalfilter.com\\\/wp-content\\\/uploads\\\/2024\\\/04\\\/iStock-1471444483-1024x576.jpg\",\"contentUrl\":\"https:\\\/\\\/www.globalfilter.com\\\/wp-content\\\/uploads\\\/2024\\\/04\\\/iStock-1471444483-1024x576.jpg\"},{\"@type\":\"BreadcrumbList\",\"@id\":\"https:\\\/\\\/www.globalfilter.com\\\/en-eu\\\/survey\\\/#breadcrumb\",\"itemListElement\":[{\"@type\":\"ListItem\",\"position\":1,\"name\":\"home\",\"item\":\"https:\\\/\\\/www.globalfilter.com\\\/en-eu\\\/\"},{\"@type\":\"ListItem\",\"position\":2,\"name\":\"Survey\"}]},{\"@type\":\"WebSite\",\"@id\":\"https:\\\/\\\/www.globalfilter.com\\\/en-eu\\\/#website\",\"url\":\"https:\\\/\\\/www.globalfilter.com\\\/en-eu\\\/\",\"name\":\"Global Filter\",\"description\":\"Making the World Safer, Healthier and More Productive\",\"publisher\":{\"@id\":\"https:\\\/\\\/www.globalfilter.com\\\/en-eu\\\/#organization\"},\"potentialAction\":[{\"@type\":\"SearchAction\",\"target\":{\"@type\":\"EntryPoint\",\"urlTemplate\":\"https:\\\/\\\/www.globalfilter.com\\\/en-eu\\\/?s={search_term_string}\"},\"query-input\":{\"@type\":\"PropertyValueSpecification\",\"valueRequired\":true,\"valueName\":\"search_term_string\"}}],\"inLanguage\":\"en-EU\"},{\"@type\":\"Organization\",\"@id\":\"https:\\\/\\\/www.globalfilter.com\\\/en-eu\\\/#organization\",\"name\":\"Global filter\",\"url\":\"https:\\\/\\\/www.globalfilter.com\\\/en-eu\\\/\",\"logo\":{\"@type\":\"ImageObject\",\"inLanguage\":\"en-EU\",\"@id\":\"https:\\\/\\\/www.globalfilter.com\\\/en-eu\\\/#\\\/schema\\\/logo\\\/image\\\/\",\"url\":\"https:\\\/\\\/www.globalfilter.com\\\/wp-content\\\/uploads\\\/2019\\\/06\\\/FGC-logo-1.png\",\"contentUrl\":\"https:\\\/\\\/www.globalfilter.com\\\/wp-content\\\/uploads\\\/2019\\\/06\\\/FGC-logo-1.png\",\"width\":1104,\"height\":224,\"caption\":\"Global filter\"},\"image\":{\"@id\":\"https:\\\/\\\/www.globalfilter.com\\\/en-eu\\\/#\\\/schema\\\/logo\\\/image\\\/\"},\"sameAs\":[\"https:\\\/\\\/www.linkedin.com\\\/company\\\/global-filter-llc\"]}]}<\/script>\n<!-- \/ Yoast SEO plugin. -->","yoast_head_json":{"title":"Survey - Global Filter","description":"Global Filter customer survey.","robots":{"index":"noindex","follow":"follow"},"og_locale":"en_US","og_type":"article","og_title":"Survey - Global Filter","og_description":"Global Filter customer survey.","og_url":"https:\/\/www.globalfilter.com\/en-eu\/survey\/","og_site_name":"Global Filter","article_modified_time":"2024-04-19T15:16:33+00:00","og_image":[{"url":"https:\/\/www.globalfilter.com\/wp-content\/uploads\/2024\/04\/iStock-1471444483-1024x576.jpg","type":"","width":"","height":""}],"twitter_card":"summary_large_image","twitter_misc":{"Est. reading time":"1 minute"},"schema":{"@context":"https:\/\/schema.org","@graph":[{"@type":"WebPage","@id":"https:\/\/www.globalfilter.com\/en-eu\/survey\/","url":"https:\/\/www.globalfilter.com\/en-eu\/survey\/","name":"Survey - Global Filter","isPartOf":{"@id":"https:\/\/www.globalfilter.com\/en-eu\/#website"},"primaryImageOfPage":{"@id":"https:\/\/www.globalfilter.com\/en-eu\/survey\/#primaryimage"},"image":{"@id":"https:\/\/www.globalfilter.com\/en-eu\/survey\/#primaryimage"},"thumbnailUrl":"https:\/\/www.globalfilter.com\/wp-content\/uploads\/2024\/04\/iStock-1471444483-1024x576.jpg","datePublished":"2024-04-19T15:16:32+00:00","dateModified":"2024-04-19T15:16:33+00:00","description":"Global Filter customer survey.","breadcrumb":{"@id":"https:\/\/www.globalfilter.com\/en-eu\/survey\/#breadcrumb"},"inLanguage":"en-EU","potentialAction":[{"@type":"ReadAction","target":["https:\/\/www.globalfilter.com\/en-eu\/survey\/"]}]},{"@type":"ImageObject","inLanguage":"en-EU","@id":"https:\/\/www.globalfilter.com\/en-eu\/survey\/#primaryimage","url":"https:\/\/www.globalfilter.com\/wp-content\/uploads\/2024\/04\/iStock-1471444483-1024x576.jpg","contentUrl":"https:\/\/www.globalfilter.com\/wp-content\/uploads\/2024\/04\/iStock-1471444483-1024x576.jpg"},{"@type":"BreadcrumbList","@id":"https:\/\/www.globalfilter.com\/en-eu\/survey\/#breadcrumb","itemListElement":[{"@type":"ListItem","position":1,"name":"home","item":"https:\/\/www.globalfilter.com\/en-eu\/"},{"@type":"ListItem","position":2,"name":"Survey"}]},{"@type":"WebSite","@id":"https:\/\/www.globalfilter.com\/en-eu\/#website","url":"https:\/\/www.globalfilter.com\/en-eu\/","name":"Global Filter","description":"Making the World Safer, Healthier and More Productive","publisher":{"@id":"https:\/\/www.globalfilter.com\/en-eu\/#organization"},"potentialAction":[{"@type":"SearchAction","target":{"@type":"EntryPoint","urlTemplate":"https:\/\/www.globalfilter.com\/en-eu\/?s={search_term_string}"},"query-input":{"@type":"PropertyValueSpecification","valueRequired":true,"valueName":"search_term_string"}}],"inLanguage":"en-EU"},{"@type":"Organization","@id":"https:\/\/www.globalfilter.com\/en-eu\/#organization","name":"Global filter","url":"https:\/\/www.globalfilter.com\/en-eu\/","logo":{"@type":"ImageObject","inLanguage":"en-EU","@id":"https:\/\/www.globalfilter.com\/en-eu\/#\/schema\/logo\/image\/","url":"https:\/\/www.globalfilter.com\/wp-content\/uploads\/2019\/06\/FGC-logo-1.png","contentUrl":"https:\/\/www.globalfilter.com\/wp-content\/uploads\/2019\/06\/FGC-logo-1.png","width":1104,"height":224,"caption":"Global filter"},"image":{"@id":"https:\/\/www.globalfilter.com\/en-eu\/#\/schema\/logo\/image\/"},"sameAs":["https:\/\/www.linkedin.com\/company\/global-filter-llc"]}]}},"_links":{"self":[{"href":"https:\/\/www.globalfilter.com\/en-eu\/wp-json\/wp\/v2\/pages\/12200","targetHints":{"allow":["GET"]}}],"collection":[{"href":"https:\/\/www.globalfilter.com\/en-eu\/wp-json\/wp\/v2\/pages"}],"about":[{"href":"https:\/\/www.globalfilter.com\/en-eu\/wp-json\/wp\/v2\/types\/page"}],"author":[{"embeddable":true,"href":"https:\/\/www.globalfilter.com\/en-eu\/wp-json\/wp\/v2\/users\/8"}],"replies":[{"embeddable":true,"href":"https:\/\/www.globalfilter.com\/en-eu\/wp-json\/wp\/v2\/comments?post=12200"}],"version-history":[{"count":0,"href":"https:\/\/www.globalfilter.com\/en-eu\/wp-json\/wp\/v2\/pages\/12200\/revisions"}],"wp:attachment":[{"href":"https:\/\/www.globalfilter.com\/en-eu\/wp-json\/wp\/v2\/media?parent=12200"}],"curies":[{"name":"wp","href":"https:\/\/api.w.org\/{rel}","templated":true}]}}