{"id":10243,"date":"2022-09-29T16:32:05","date_gmt":"2022-09-29T16:32:05","guid":{"rendered":"https:\/\/www.globalfilter.com\/?page_id=10243"},"modified":"2022-09-29T16:32:06","modified_gmt":"2022-09-29T16:32:06","slug":"filtration-des-sodas","status":"publish","type":"page","link":"https:\/\/www.globalfilter.com\/fr\/filtration-des-sodas\/","title":{"rendered":"Filtration des sodas"},"content":{"rendered":"\n<div class=\"wp-block-cover alignfull is-light\"><span aria-hidden=\"true\" class=\"wp-block-cover__background has-background-dim\"><\/span><img loading=\"lazy\" decoding=\"async\" width=\"2121\" height=\"1414\" class=\"wp-block-cover__image-background wp-image-10187\" alt=\"\" src=\"https:\/\/www.globalfilter.com\/wp-content\/uploads\/2022\/08\/Soft-Drink-Filtration.jpg\" data-object-fit=\"cover\" srcset=\"https:\/\/www.globalfilter.com\/wp-content\/uploads\/2022\/08\/Soft-Drink-Filtration.jpg 2121w, https:\/\/www.globalfilter.com\/wp-content\/uploads\/2022\/08\/Soft-Drink-Filtration-300x200.jpg 300w, https:\/\/www.globalfilter.com\/wp-content\/uploads\/2022\/08\/Soft-Drink-Filtration-1024x683.jpg 1024w, https:\/\/www.globalfilter.com\/wp-content\/uploads\/2022\/08\/Soft-Drink-Filtration-768x512.jpg 768w, https:\/\/www.globalfilter.com\/wp-content\/uploads\/2022\/08\/Soft-Drink-Filtration-1536x1024.jpg 1536w, https:\/\/www.globalfilter.com\/wp-content\/uploads\/2022\/08\/Soft-Drink-Filtration-2048x1365.jpg 2048w, https:\/\/www.globalfilter.com\/wp-content\/uploads\/2022\/08\/Soft-Drink-Filtration-272x182.jpg 272w\" sizes=\"auto, (max-width: 2121px) 100vw, 2121px\" \/><div class=\"wp-block-cover__inner-container is-layout-flow wp-block-cover-is-layout-flow\">\n<h1 class=\"has-text-align-center has-white-color has-text-color wp-block-heading\" id=\"h-solutions-de-filtration-des-sodas\">Solutions de filtration des sodas<\/h1>\n\n\n\n<p class=\"has-text-align-center has-white-color has-text-color\" style=\"font-size:20px\">Dans le secteur de la fabrication des sodas, les syst\u00e8mes de filtration appropri\u00e9s sont essentiels pour garantir la s\u00e9curit\u00e9 biologique, la qualit\u00e9 et une bonne conservation du produit, ainsi que pour prot\u00e9ger les \u00e9quipements en aval.<\/p>\n<\/div><\/div>\n\n\n\n<h2 class=\"wp-block-heading\" id=\"h-solutions-de-filtration-pour-l-industrie-des-sodas\">Solutions de filtration pour l&rsquo;industrie des sodas<\/h2>\n\n\n\n<p>Les syst\u00e8mes de filtration appropri\u00e9s sont essentiels pour garantir la s\u00e9curit\u00e9 biologique, la qualit\u00e9 et la dur\u00e9e de conservation du produit, ainsi que pour prot\u00e9ger les \u00e9quipements situ\u00e9s en aval. Pour r\u00e9pondre aux normes de qualit\u00e9 de l&rsquo;eau et rester comp\u00e9titifs, les processus de fabrication doivent comprendre plusieurs \u00e9tapes de filtration pour r\u00e9duire les particules, \u00e9liminer les micro-organismes et prot\u00e9ger les \u00e9quipements. Lorsqu&rsquo;une cascade de filtres appropri\u00e9e n&rsquo;est pas install\u00e9e, les bact\u00e9ries et les particules peuvent avoir un impact sur le go\u00fbt et la qualit\u00e9 g\u00e9n\u00e9rale, ce qui peut \u00eatre potentiellement n\u00e9faste pour la consommation humaine. <\/p>\n\n\n\n<h2 class=\"has-text-align-center wp-block-heading\" id=\"h-process-typique-de-la-fabrication-de-sodas\">Process typique de la fabrication de sodas<\/h2>\n\n\n\n<figure class=\"wp-block-image size-large\"><img loading=\"lazy\" decoding=\"async\" width=\"1024\" height=\"143\" src=\"https:\/\/www.globalfilter.com\/wp-content\/uploads\/2022\/09\/process-soda-FR-1024x143.png\" alt=\"\" class=\"wp-image-10479\" srcset=\"https:\/\/www.globalfilter.com\/wp-content\/uploads\/2022\/09\/process-soda-FR-1024x143.png 1024w, https:\/\/www.globalfilter.com\/wp-content\/uploads\/2022\/09\/process-soda-FR-300x42.png 300w, https:\/\/www.globalfilter.com\/wp-content\/uploads\/2022\/09\/process-soda-FR-768x107.png 768w, https:\/\/www.globalfilter.com\/wp-content\/uploads\/2022\/09\/process-soda-FR.png 1523w\" sizes=\"auto, (max-width: 1024px) 100vw, 1024px\" \/><\/figure>\n\n\n\n<div class=\"wp-block-media-text alignwide is-stacked-on-mobile\"><figure class=\"wp-block-media-text__media\"><img loading=\"lazy\" decoding=\"async\" width=\"1024\" height=\"683\" src=\"https:\/\/www.globalfilter.com\/wp-content\/uploads\/2022\/08\/Soda-Clarification--1024x683.jpg\" alt=\"Soft Drink Clarification Solutions \" class=\"wp-image-10199 size-full\" srcset=\"https:\/\/www.globalfilter.com\/wp-content\/uploads\/2022\/08\/Soda-Clarification--1024x683.jpg 1024w, https:\/\/www.globalfilter.com\/wp-content\/uploads\/2022\/08\/Soda-Clarification--300x200.jpg 300w, https:\/\/www.globalfilter.com\/wp-content\/uploads\/2022\/08\/Soda-Clarification--768x512.jpg 768w, https:\/\/www.globalfilter.com\/wp-content\/uploads\/2022\/08\/Soda-Clarification--1536x1024.jpg 1536w, https:\/\/www.globalfilter.com\/wp-content\/uploads\/2022\/08\/Soda-Clarification--2048x1365.jpg 2048w, https:\/\/www.globalfilter.com\/wp-content\/uploads\/2022\/08\/Soda-Clarification--272x182.jpg 272w\" sizes=\"auto, (max-width: 1024px) 100vw, 1024px\" \/><\/figure><div class=\"wp-block-media-text__content\">\n<h2 class=\"wp-block-heading\" id=\"h-solutions-pour-la-clarification-des-boissons-gazeuses\">Solutions pour la clarification des boissons gazeuses<\/h2>\n\n\n\n<p>Pour l&rsquo;\u00e9tape de clarification, en fonction de la composition de la boisson (contenu solide, contenu en micro-organismes), nous recommandons d&rsquo;utiliser les cartouches pliss\u00e9es vibre de verre Global Filter (<a href=\"https:\/\/www.globalfilter.com\/fr\/produits\/cartouches-plissees\/cartouche-plissee-fibre-de-verre\/\">s\u00e9ries FG &amp; HFFG<\/a>) et\/ou les cartouches pliss\u00e9es en polypropyl\u00e8ne (<a href=\"https:\/\/www.globalfilter.com\/fr\/produits\/cartouches-plissees\/cartouche-plissee-polypropylene\/\">s\u00e9ries PP &amp; HFPP<\/a>) de 1 \u00e0 10 microns. Les cartouches de la s\u00e9rie FG offrent une faible perte de charge, une capacit\u00e9 de charge \u00e9lev\u00e9e et une grande efficacit\u00e9, tout en contribuant \u00e0 l&rsquo;\u00e9limination des cendres gr\u00e2ce \u00e0 la charge positive inh\u00e9rente au m\u00e9dia. Cette \u00e9tape prot\u00e8ge \u00e9galement le filtre \u00e0 membrane contre une surcharge de particules et un colmatage pr\u00e9matur\u00e9.<\/p>\n<\/div><\/div>\n\n\n\n<div class=\"wp-block-media-text alignwide has-media-on-the-right is-stacked-on-mobile\"><figure class=\"wp-block-media-text__media\"><img loading=\"lazy\" decoding=\"async\" width=\"1024\" height=\"692\" src=\"https:\/\/www.globalfilter.com\/wp-content\/uploads\/2022\/08\/Soda-Bubbles-Image-1024x692.jpg\" alt=\"\" class=\"wp-image-10206 size-full\" srcset=\"https:\/\/www.globalfilter.com\/wp-content\/uploads\/2022\/08\/Soda-Bubbles-Image-1024x692.jpg 1024w, https:\/\/www.globalfilter.com\/wp-content\/uploads\/2022\/08\/Soda-Bubbles-Image-300x203.jpg 300w, https:\/\/www.globalfilter.com\/wp-content\/uploads\/2022\/08\/Soda-Bubbles-Image-768x519.jpg 768w, https:\/\/www.globalfilter.com\/wp-content\/uploads\/2022\/08\/Soda-Bubbles-Image-1536x1039.jpg 1536w, https:\/\/www.globalfilter.com\/wp-content\/uploads\/2022\/08\/Soda-Bubbles-Image-2048x1385.jpg 2048w\" sizes=\"auto, (max-width: 1024px) 100vw, 1024px\" \/><\/figure><div class=\"wp-block-media-text__content\">\n<h2 class=\"wp-block-heading\" id=\"h-solutions-de-filtration-du-dioxyde-de-carbone\">Solutions de filtration du dioxyde de carbone<\/h2>\n\n\n\n<p>Si de l&rsquo;acide carbonique est ajout\u00e9 \u00e0 la boisson, il doit \u00e9galement \u00eatre filtr\u00e9 pour \u00e9liminer tout contaminant microbien potentiel. Pour cette \u00e9tape, nous recommandons l&rsquo;utilisation de <a href=\"https:\/\/www.globalfilter.com\/fr\/produits\/cartouches-a-membrane-plissee\/ptfe\/\">cartouches membrane PTFE <\/a>ou de <a href=\"https:\/\/www.globalfilter.com\/fr\/produits\/cartouches-a-membrane-plissee\/polysulfone-hydrophobe\/\">membranes en polysulphone hydrophobe (Serie-PSH)<\/a>.<\/p>\n<\/div><\/div>\n\n\n\n<div class=\"wp-block-media-text alignwide is-stacked-on-mobile\"><figure class=\"wp-block-media-text__media\"><img loading=\"lazy\" decoding=\"async\" width=\"1024\" height=\"768\" src=\"https:\/\/www.globalfilter.com\/wp-content\/uploads\/2022\/05\/Microbes-1024x768.jpg\" alt=\"\" class=\"wp-image-9572 size-full\" srcset=\"https:\/\/www.globalfilter.com\/wp-content\/uploads\/2022\/05\/Microbes-1024x768.jpg 1024w, https:\/\/www.globalfilter.com\/wp-content\/uploads\/2022\/05\/Microbes-300x225.jpg 300w, https:\/\/www.globalfilter.com\/wp-content\/uploads\/2022\/05\/Microbes-768x576.jpg 768w, https:\/\/www.globalfilter.com\/wp-content\/uploads\/2022\/05\/Microbes-1536x1152.jpg 1536w, https:\/\/www.globalfilter.com\/wp-content\/uploads\/2022\/05\/Microbes.jpg 2000w\" sizes=\"auto, (max-width: 1024px) 100vw, 1024px\" \/><\/figure><div class=\"wp-block-media-text__content\">\n<h2 class=\"wp-block-heading\" id=\"h-solutions-pour-r-tention-bact-rienne\">Solutions pour r\u00e9tention bact\u00e9rienne<\/h2>\n\n\n\n<p>Avant la mise en bouteille, la deuxi\u00e8me et derni\u00e8re \u00e9tape de filtration \u00e9limine les contaminants microbiens r\u00e9siduels qui peuvent potentiellement induire une alt\u00e9ration du go\u00fbt et qui interf\u00e9reraient avec la conservation du soda. Les micro-organismes peuvent en effet p\u00e9n\u00e9trer dans le processus de fabrication des boissons gazeuses par le biais de lits de charbon\/sable contamin\u00e9s, de l&rsquo;arriv\u00e9e d&rsquo;air\/gaz et de canalisations\/soupapes endommag\u00e9es. Pour \u00e9liminer les contaminants microbiens, il est recommand\u00e9 d&rsquo;utiliser des <a href=\"https:\/\/www.globalfilter.com\/fr\/produits\/cartouches-a-membrane-plissee\/polyethersulfone\/\">cartouches membrane PES<\/a> de 0,45 ou 0,65\u00b5m. L&rsquo;\u00e9limination des micro-organismes permet d&rsquo;obtenir un produit stable, exempt de contaminants microbiens.<\/p>\n\n\n\n<p><br>Les \u00e9vents de cuves doivent \u00e9galement \u00eatre \u00e9quip\u00e9s de filtres pour \u00e9liminer les contaminants de l&rsquo;air ambiant. Pour cette \u00e9tape, nous recommandons d&rsquo;utiliser une cartouche \u00e0 <a href=\"https:\/\/www.globalfilter.com\/fr\/produits\/cartouches-a-membrane-plissee\/ptfe\/\">membrane en PTFE<\/a> ou une cartouche \u00e0 <a href=\"https:\/\/www.globalfilter.com\/fr\/produits\/cartouches-a-membrane-plissee\/polysulfone-hydrophobe\/\">membrane hydrophobe en polysulfone.<\/a><\/p>\n<\/div><\/div>\n\n\n\n<h3 class=\"wp-block-heading\" id=\"h-litt-rature-sur-les-boissons-gazeuses-et-sodas\">Litt\u00e9rature sur les boissons gazeuses et sodas <\/h3>\n\n\n\n<p>N&rsquo;h\u00e9sitez pas \u00e0 t\u00e9l\u00e9charger la documentation sur la filtration des boissons gazeuses ci-dessous pour plus de d\u00e9tails sur nos solutions de filtration<em><strong>. <\/strong><\/em><\/p>\n\n\n\n<div class=\"wp-block-columns is-layout-flex wp-container-core-columns-is-layout-9d6595d7 wp-block-columns-is-layout-flex\">\n<div class=\"wp-block-column is-layout-flow wp-block-column-is-layout-flow\">\n<div class=\"wp-block-media-text alignwide is-stacked-on-mobile\" style=\"grid-template-columns:57% auto\"><figure class=\"wp-block-media-text__media\"><a href=\"https:\/\/www.globalfilter.com\/wp-content\/uploads\/2022\/08\/US-soft-drinks-application-brochure-220802.pdf\"><img loading=\"lazy\" decoding=\"async\" width=\"587\" height=\"760\" src=\"https:\/\/www.globalfilter.com\/wp-content\/uploads\/2022\/09\/brochure-soda-FR.png\" alt=\"\" class=\"wp-image-10491 size-full\" srcset=\"https:\/\/www.globalfilter.com\/wp-content\/uploads\/2022\/09\/brochure-soda-FR.png 587w, https:\/\/www.globalfilter.com\/wp-content\/uploads\/2022\/09\/brochure-soda-FR-232x300.png 232w\" sizes=\"auto, (max-width: 587px) 100vw, 587px\" \/><\/a><\/figure><div class=\"wp-block-media-text__content\">\n<h3 class=\"has-text-align-left wp-block-heading\" id=\"h-brochure-sur-les-boissons-gazeuses\">Brochure sur les boissons gazeuses  <\/h3>\n\n\n\n<p>Global filter con\u00e7oit et fabrique des corps de filtres et des \u00e9l\u00e9ments filtrants pour l&rsquo;industrie des boissons gazeuses. D\u00e9couvrez comment nos solutions peuvent optimiser votre processus de production de sodas. <\/p>\n\n\n\n<div class=\"wp-block-buttons is-layout-flex wp-block-buttons-is-layout-flex\">\n<div class=\"wp-block-button\"><a class=\"wp-block-button__link has-green-background-color has-background\" href=\"https:\/\/www.globalfilter.com\/wp-content\/uploads\/2022\/09\/2022-FR-soft-drinks-application-brochure-220802.pdf\">Brochure sur la filtration des sodas<\/a><\/div>\n<\/div>\n<\/div><\/div>\n<\/div>\n\n\n\n<div class=\"wp-block-column is-layout-flow wp-block-column-is-layout-flow\"><\/div>\n<\/div>\n\n\n\n<div class=\"wp-block-cover alignfull\"><span aria-hidden=\"true\" class=\"wp-block-cover__background has-background-dim\"><\/span><img loading=\"lazy\" decoding=\"async\" width=\"2121\" height=\"1414\" class=\"wp-block-cover__image-background wp-image-10230\" alt=\"\" src=\"https:\/\/www.globalfilter.com\/wp-content\/uploads\/2022\/08\/Soda-Bottom-image-1.jpg\" data-object-fit=\"cover\" srcset=\"https:\/\/www.globalfilter.com\/wp-content\/uploads\/2022\/08\/Soda-Bottom-image-1.jpg 2121w, https:\/\/www.globalfilter.com\/wp-content\/uploads\/2022\/08\/Soda-Bottom-image-1-300x200.jpg 300w, https:\/\/www.globalfilter.com\/wp-content\/uploads\/2022\/08\/Soda-Bottom-image-1-1024x683.jpg 1024w, https:\/\/www.globalfilter.com\/wp-content\/uploads\/2022\/08\/Soda-Bottom-image-1-768x512.jpg 768w, https:\/\/www.globalfilter.com\/wp-content\/uploads\/2022\/08\/Soda-Bottom-image-1-1536x1024.jpg 1536w, https:\/\/www.globalfilter.com\/wp-content\/uploads\/2022\/08\/Soda-Bottom-image-1-2048x1365.jpg 2048w, https:\/\/www.globalfilter.com\/wp-content\/uploads\/2022\/08\/Soda-Bottom-image-1-272x182.jpg 272w\" sizes=\"auto, (max-width: 2121px) 100vw, 2121px\" \/><div class=\"wp-block-cover__inner-container is-layout-flow wp-block-cover-is-layout-flow\">\n<h2 class=\"has-text-align-right wp-block-heading\" id=\"h-une-question-sur-la-filtration-des-sodas\">Une question sur la filtration des sodas?<\/h2>\n\n\n\n<div class=\"wp-block-buttons is-content-justification-right is-layout-flex wp-container-core-buttons-is-layout-765c4724 wp-block-buttons-is-layout-flex\">\n<div class=\"wp-block-button\"><a class=\"wp-block-button__link has-green-background-color has-background\" href=\"https:\/\/www.globalfilter.com\/fr\/nous-contacter\/\">CONTACTEZ NOUS!<\/a><\/div>\n<\/div>\n<\/div><\/div>\n\n\n\n<p><\/p>\n","protected":false},"excerpt":{"rendered":"<p>Solutions de filtration pour l&rsquo;industrie des sodas Les syst\u00e8mes de filtration appropri\u00e9s sont essentiels pour garantir la s\u00e9curit\u00e9 biologique, la qualit\u00e9 et la dur\u00e9e de conservation du produit, ainsi que pour prot\u00e9ger les \u00e9quipements situ\u00e9s en aval. Pour r\u00e9pondre aux normes de qualit\u00e9 de l&rsquo;eau et rester comp\u00e9titifs, les processus de fabrication doivent comprendre plusieurs [&hellip;]<\/p>\n","protected":false},"author":8,"featured_media":10230,"parent":0,"menu_order":-12,"comment_status":"closed","ping_status":"closed","template":"","meta":{"_acf_changed":false,"content-type":"","footnotes":""},"class_list":["post-10243","page","type-page","status-publish","has-post-thumbnail","hentry"],"acf":[],"yoast_head":"<!-- This site is optimized with the Yoast SEO plugin v27.3 - https:\/\/yoast.com\/product\/yoast-seo-wordpress\/ -->\n<title>Filtration des sodas - Global Filter<\/title>\n<meta name=\"description\" content=\"Dans le secteur de la fabrication des sodas, les syst\u00e8mes de filtration appropri\u00e9s sont essentiels pour garantir la s\u00e9curit\u00e9 biologique, la qualit\u00e9 et une bonne conservation du produit, ainsi que pour prot\u00e9ger les \u00e9quipements en aval.\" \/>\n<meta name=\"robots\" content=\"index, follow, max-snippet:-1, max-image-preview:large, max-video-preview:-1\" \/>\n<link rel=\"canonical\" href=\"https:\/\/www.globalfilter.com\/fr\/filtration-des-sodas\/\" \/>\n<meta property=\"og:locale\" content=\"fr_FR\" \/>\n<meta property=\"og:type\" content=\"article\" \/>\n<meta property=\"og:title\" content=\"Filtration des sodas - Global Filter\" \/>\n<meta property=\"og:description\" content=\"Dans le secteur de la fabrication des sodas, les syst\u00e8mes de filtration appropri\u00e9s sont essentiels pour garantir la s\u00e9curit\u00e9 biologique, la qualit\u00e9 et une bonne conservation du produit, ainsi que pour prot\u00e9ger les \u00e9quipements en aval.\" \/>\n<meta property=\"og:url\" content=\"https:\/\/www.globalfilter.com\/fr\/filtration-des-sodas\/\" \/>\n<meta property=\"og:site_name\" content=\"Global Filter\" \/>\n<meta property=\"article:modified_time\" content=\"2022-09-29T16:32:06+00:00\" \/>\n<meta property=\"og:image\" content=\"https:\/\/www.globalfilter.com\/wp-content\/uploads\/2022\/08\/Soda-Bottom-image-1-1024x683.jpg\" \/>\n\t<meta property=\"og:image:width\" content=\"1024\" \/>\n\t<meta property=\"og:image:height\" content=\"683\" \/>\n\t<meta property=\"og:image:type\" content=\"image\/jpeg\" \/>\n<meta name=\"twitter:card\" content=\"summary_large_image\" \/>\n<meta name=\"twitter:label1\" content=\"Dur\u00e9e de lecture estim\u00e9e\" \/>\n\t<meta name=\"twitter:data1\" content=\"4 minutes\" \/>\n<script type=\"application\/ld+json\" class=\"yoast-schema-graph\">{\"@context\":\"https:\\\/\\\/schema.org\",\"@graph\":[{\"@type\":\"WebPage\",\"@id\":\"https:\\\/\\\/www.globalfilter.com\\\/fr\\\/filtration-des-sodas\\\/\",\"url\":\"https:\\\/\\\/www.globalfilter.com\\\/fr\\\/filtration-des-sodas\\\/\",\"name\":\"Filtration des sodas - Global Filter\",\"isPartOf\":{\"@id\":\"https:\\\/\\\/www.globalfilter.com\\\/fr\\\/#website\"},\"primaryImageOfPage\":{\"@id\":\"https:\\\/\\\/www.globalfilter.com\\\/fr\\\/filtration-des-sodas\\\/#primaryimage\"},\"image\":{\"@id\":\"https:\\\/\\\/www.globalfilter.com\\\/fr\\\/filtration-des-sodas\\\/#primaryimage\"},\"thumbnailUrl\":\"https:\\\/\\\/www.globalfilter.com\\\/wp-content\\\/uploads\\\/2022\\\/08\\\/Soda-Bottom-image-1.jpg\",\"datePublished\":\"2022-09-29T16:32:05+00:00\",\"dateModified\":\"2022-09-29T16:32:06+00:00\",\"description\":\"Dans le secteur de la fabrication des sodas, les syst\u00e8mes de filtration appropri\u00e9s sont essentiels pour garantir la s\u00e9curit\u00e9 biologique, la qualit\u00e9 et une bonne conservation du produit, ainsi que pour prot\u00e9ger les \u00e9quipements en aval.\",\"breadcrumb\":{\"@id\":\"https:\\\/\\\/www.globalfilter.com\\\/fr\\\/filtration-des-sodas\\\/#breadcrumb\"},\"inLanguage\":\"fr-FR\",\"potentialAction\":[{\"@type\":\"ReadAction\",\"target\":[\"https:\\\/\\\/www.globalfilter.com\\\/fr\\\/filtration-des-sodas\\\/\"]}]},{\"@type\":\"ImageObject\",\"inLanguage\":\"fr-FR\",\"@id\":\"https:\\\/\\\/www.globalfilter.com\\\/fr\\\/filtration-des-sodas\\\/#primaryimage\",\"url\":\"https:\\\/\\\/www.globalfilter.com\\\/wp-content\\\/uploads\\\/2022\\\/08\\\/Soda-Bottom-image-1.jpg\",\"contentUrl\":\"https:\\\/\\\/www.globalfilter.com\\\/wp-content\\\/uploads\\\/2022\\\/08\\\/Soda-Bottom-image-1.jpg\",\"width\":2121,\"height\":1414,\"caption\":\"Fizz sparkling Cola water Refreshing bubbly Soda Pop with Ice Cubes. Cold soft drink cola carbonated liquid fresh and cool iced drink in a glasses . Refreshing and quench thirst concept .\"},{\"@type\":\"BreadcrumbList\",\"@id\":\"https:\\\/\\\/www.globalfilter.com\\\/fr\\\/filtration-des-sodas\\\/#breadcrumb\",\"itemListElement\":[{\"@type\":\"ListItem\",\"position\":1,\"name\":\"home\",\"item\":\"https:\\\/\\\/www.globalfilter.com\\\/fr\\\/\"},{\"@type\":\"ListItem\",\"position\":2,\"name\":\"Filtration des sodas\"}]},{\"@type\":\"WebSite\",\"@id\":\"https:\\\/\\\/www.globalfilter.com\\\/fr\\\/#website\",\"url\":\"https:\\\/\\\/www.globalfilter.com\\\/fr\\\/\",\"name\":\"Global Filter\",\"description\":\"Making the World Safer, Healthier and More Productive\",\"publisher\":{\"@id\":\"https:\\\/\\\/www.globalfilter.com\\\/fr\\\/#organization\"},\"potentialAction\":[{\"@type\":\"SearchAction\",\"target\":{\"@type\":\"EntryPoint\",\"urlTemplate\":\"https:\\\/\\\/www.globalfilter.com\\\/fr\\\/?s={search_term_string}\"},\"query-input\":{\"@type\":\"PropertyValueSpecification\",\"valueRequired\":true,\"valueName\":\"search_term_string\"}}],\"inLanguage\":\"fr-FR\"},{\"@type\":\"Organization\",\"@id\":\"https:\\\/\\\/www.globalfilter.com\\\/fr\\\/#organization\",\"name\":\"Global filter\",\"url\":\"https:\\\/\\\/www.globalfilter.com\\\/fr\\\/\",\"logo\":{\"@type\":\"ImageObject\",\"inLanguage\":\"fr-FR\",\"@id\":\"https:\\\/\\\/www.globalfilter.com\\\/fr\\\/#\\\/schema\\\/logo\\\/image\\\/\",\"url\":\"https:\\\/\\\/www.globalfilter.com\\\/wp-content\\\/uploads\\\/2019\\\/06\\\/FGC-logo-1.png\",\"contentUrl\":\"https:\\\/\\\/www.globalfilter.com\\\/wp-content\\\/uploads\\\/2019\\\/06\\\/FGC-logo-1.png\",\"width\":1104,\"height\":224,\"caption\":\"Global filter\"},\"image\":{\"@id\":\"https:\\\/\\\/www.globalfilter.com\\\/fr\\\/#\\\/schema\\\/logo\\\/image\\\/\"},\"sameAs\":[\"https:\\\/\\\/www.linkedin.com\\\/company\\\/global-filter-llc\"]}]}<\/script>\n<!-- \/ Yoast SEO plugin. -->","yoast_head_json":{"title":"Filtration des sodas - Global Filter","description":"Dans le secteur de la fabrication des sodas, les syst\u00e8mes de filtration appropri\u00e9s sont essentiels pour garantir la s\u00e9curit\u00e9 biologique, la qualit\u00e9 et une bonne conservation du produit, ainsi que pour prot\u00e9ger les \u00e9quipements en aval.","robots":{"index":"index","follow":"follow","max-snippet":"max-snippet:-1","max-image-preview":"max-image-preview:large","max-video-preview":"max-video-preview:-1"},"canonical":"https:\/\/www.globalfilter.com\/fr\/filtration-des-sodas\/","og_locale":"fr_FR","og_type":"article","og_title":"Filtration des sodas - Global Filter","og_description":"Dans le secteur de la fabrication des sodas, les syst\u00e8mes de filtration appropri\u00e9s sont essentiels pour garantir la s\u00e9curit\u00e9 biologique, la qualit\u00e9 et une bonne conservation du produit, ainsi que pour prot\u00e9ger les \u00e9quipements en aval.","og_url":"https:\/\/www.globalfilter.com\/fr\/filtration-des-sodas\/","og_site_name":"Global Filter","article_modified_time":"2022-09-29T16:32:06+00:00","og_image":[{"width":1024,"height":683,"url":"https:\/\/www.globalfilter.com\/wp-content\/uploads\/2022\/08\/Soda-Bottom-image-1-1024x683.jpg","type":"image\/jpeg"}],"twitter_card":"summary_large_image","twitter_misc":{"Dur\u00e9e de lecture estim\u00e9e":"4 minutes"},"schema":{"@context":"https:\/\/schema.org","@graph":[{"@type":"WebPage","@id":"https:\/\/www.globalfilter.com\/fr\/filtration-des-sodas\/","url":"https:\/\/www.globalfilter.com\/fr\/filtration-des-sodas\/","name":"Filtration des sodas - Global Filter","isPartOf":{"@id":"https:\/\/www.globalfilter.com\/fr\/#website"},"primaryImageOfPage":{"@id":"https:\/\/www.globalfilter.com\/fr\/filtration-des-sodas\/#primaryimage"},"image":{"@id":"https:\/\/www.globalfilter.com\/fr\/filtration-des-sodas\/#primaryimage"},"thumbnailUrl":"https:\/\/www.globalfilter.com\/wp-content\/uploads\/2022\/08\/Soda-Bottom-image-1.jpg","datePublished":"2022-09-29T16:32:05+00:00","dateModified":"2022-09-29T16:32:06+00:00","description":"Dans le secteur de la fabrication des sodas, les syst\u00e8mes de filtration appropri\u00e9s sont essentiels pour garantir la s\u00e9curit\u00e9 biologique, la qualit\u00e9 et une bonne conservation du produit, ainsi que pour prot\u00e9ger les \u00e9quipements en aval.","breadcrumb":{"@id":"https:\/\/www.globalfilter.com\/fr\/filtration-des-sodas\/#breadcrumb"},"inLanguage":"fr-FR","potentialAction":[{"@type":"ReadAction","target":["https:\/\/www.globalfilter.com\/fr\/filtration-des-sodas\/"]}]},{"@type":"ImageObject","inLanguage":"fr-FR","@id":"https:\/\/www.globalfilter.com\/fr\/filtration-des-sodas\/#primaryimage","url":"https:\/\/www.globalfilter.com\/wp-content\/uploads\/2022\/08\/Soda-Bottom-image-1.jpg","contentUrl":"https:\/\/www.globalfilter.com\/wp-content\/uploads\/2022\/08\/Soda-Bottom-image-1.jpg","width":2121,"height":1414,"caption":"Fizz sparkling Cola water Refreshing bubbly Soda Pop with Ice Cubes. Cold soft drink cola carbonated liquid fresh and cool iced drink in a glasses . Refreshing and quench thirst concept ."},{"@type":"BreadcrumbList","@id":"https:\/\/www.globalfilter.com\/fr\/filtration-des-sodas\/#breadcrumb","itemListElement":[{"@type":"ListItem","position":1,"name":"home","item":"https:\/\/www.globalfilter.com\/fr\/"},{"@type":"ListItem","position":2,"name":"Filtration des sodas"}]},{"@type":"WebSite","@id":"https:\/\/www.globalfilter.com\/fr\/#website","url":"https:\/\/www.globalfilter.com\/fr\/","name":"Global Filter","description":"Making the World Safer, Healthier and More Productive","publisher":{"@id":"https:\/\/www.globalfilter.com\/fr\/#organization"},"potentialAction":[{"@type":"SearchAction","target":{"@type":"EntryPoint","urlTemplate":"https:\/\/www.globalfilter.com\/fr\/?s={search_term_string}"},"query-input":{"@type":"PropertyValueSpecification","valueRequired":true,"valueName":"search_term_string"}}],"inLanguage":"fr-FR"},{"@type":"Organization","@id":"https:\/\/www.globalfilter.com\/fr\/#organization","name":"Global filter","url":"https:\/\/www.globalfilter.com\/fr\/","logo":{"@type":"ImageObject","inLanguage":"fr-FR","@id":"https:\/\/www.globalfilter.com\/fr\/#\/schema\/logo\/image\/","url":"https:\/\/www.globalfilter.com\/wp-content\/uploads\/2019\/06\/FGC-logo-1.png","contentUrl":"https:\/\/www.globalfilter.com\/wp-content\/uploads\/2019\/06\/FGC-logo-1.png","width":1104,"height":224,"caption":"Global filter"},"image":{"@id":"https:\/\/www.globalfilter.com\/fr\/#\/schema\/logo\/image\/"},"sameAs":["https:\/\/www.linkedin.com\/company\/global-filter-llc"]}]}},"_links":{"self":[{"href":"https:\/\/www.globalfilter.com\/fr\/wp-json\/wp\/v2\/pages\/10243","targetHints":{"allow":["GET"]}}],"collection":[{"href":"https:\/\/www.globalfilter.com\/fr\/wp-json\/wp\/v2\/pages"}],"about":[{"href":"https:\/\/www.globalfilter.com\/fr\/wp-json\/wp\/v2\/types\/page"}],"author":[{"embeddable":true,"href":"https:\/\/www.globalfilter.com\/fr\/wp-json\/wp\/v2\/users\/8"}],"replies":[{"embeddable":true,"href":"https:\/\/www.globalfilter.com\/fr\/wp-json\/wp\/v2\/comments?post=10243"}],"version-history":[{"count":0,"href":"https:\/\/www.globalfilter.com\/fr\/wp-json\/wp\/v2\/pages\/10243\/revisions"}],"wp:featuredmedia":[{"embeddable":true,"href":"https:\/\/www.globalfilter.com\/fr\/wp-json\/wp\/v2\/media\/10230"}],"wp:attachment":[{"href":"https:\/\/www.globalfilter.com\/fr\/wp-json\/wp\/v2\/media?parent=10243"}],"curies":[{"name":"wp","href":"https:\/\/api.w.org\/{rel}","templated":true}]}}