{"id":10291,"date":"2022-09-09T15:38:32","date_gmt":"2022-09-09T15:38:32","guid":{"rendered":"https:\/\/www.globalfilter.com\/?page_id=10291"},"modified":"2022-09-09T15:38:32","modified_gmt":"2022-09-09T15:38:32","slug":"gsdc-serie-lenticulaires-charbon-actif","status":"publish","type":"page","link":"https:\/\/www.globalfilter.com\/fr\/gsdc-serie-lenticulaires-charbon-actif\/","title":{"rendered":"GSDC-S\u00e9rie Lenticulaires charbon actif"},"content":{"rendered":"\n<h2 class=\"has-blue-color has-text-color has-huge-font-size wp-block-heading\" id=\"h-gsdc-s-rie-lenticulaires-charbon-actif\">GSDC-S\u00e9rie Lenticulaires charbon actif<\/h2>\n\n\n\n<figure class=\"wp-block-image size-large\"><img loading=\"lazy\" decoding=\"async\" width=\"1024\" height=\"595\" src=\"https:\/\/www.globalfilter.com\/wp-content\/uploads\/2022\/09\/GSDC-Series-Stacked-Disc-Active-Carbon-1024x595.png\" alt=\"activ carbon lenticular module GSDC -Serie\" class=\"wp-image-10298\" srcset=\"https:\/\/www.globalfilter.com\/wp-content\/uploads\/2022\/09\/GSDC-Series-Stacked-Disc-Active-Carbon-1024x595.png 1024w, https:\/\/www.globalfilter.com\/wp-content\/uploads\/2022\/09\/GSDC-Series-Stacked-Disc-Active-Carbon-300x174.png 300w, https:\/\/www.globalfilter.com\/wp-content\/uploads\/2022\/09\/GSDC-Series-Stacked-Disc-Active-Carbon-768x446.png 768w, https:\/\/www.globalfilter.com\/wp-content\/uploads\/2022\/09\/GSDC-Series-Stacked-Disc-Active-Carbon.png 1102w\" sizes=\"auto, (max-width: 1024px) 100vw, 1024px\" \/><\/figure>\n\n\n\n<p class=\"has-text-align-left\">Les modules lenticulaires de la s\u00e9rie GSDC sont compos\u00e9s de m\u00e9dia sp\u00e9cifiques contenant de la cellulose pure et du charbon actif. La structure des lenticulaires GSDC est compos\u00e9e de polypropyl\u00e8ne 100% vierge. Les joints sont disponibles dans diff\u00e9rents mat\u00e9riaux pour permettre une large compatibilit\u00e9 chimique et une utilisation dans un grand nombre d&rsquo;applications liquides. Aussi bien adapt\u00e9s aux environnements de laboratoire \u00e0 faible capacit\u00e9 qu&rsquo;aux volumes de production \u00e0 grande \u00e9chelle, les modules lenticulaires GSDC de Global Filter permettent la purification de solutions tout comme l&rsquo;\u00e9limination des go\u00fbts, odeurs et couleurs. Les modules lenticulaires de la s\u00e9rie GSDC sont con\u00e7us de sorte \u00e0 \u00e9viter tout relargage de fines de charbon actif.<\/p>\n\n\n<div\n\t\t\t\n\t\t\tclass=\"so-widget-sow-tabs so-widget-sow-tabs-default-93cb0341bd93\"\n\t\t\t\n\t\t><div class=\"sow-tabs\">\n\t<div class=\"sow-tabs-tab-container\" role=\"tablist\">\n\t\t\t<div\n\t\t\tclass=\"sow-tabs-tab\n\t\t\t sow-tabs-tab-selected\t\t\t\"\n\t\t\trole=\"tab\"\n\t\t\tdata-anchor-id=\"specifications\"\n\t\t\taria-selected=\"true\"\n\t\t\ttabindex=\"0\"\n\t\t>\n\t\t\t<div class=\"sow-tabs-title sow-tabs-title-icon-left\">\n\t\t\t\t\t\t\t\tSp\u00e9cifications\t\t\t\t\t\t\t<\/div>\n\t\t<\/div>\n\t\t\t<div\n\t\t\tclass=\"sow-tabs-tab\n\t\t\t\t\t\t\"\n\t\t\trole=\"tab\"\n\t\t\tdata-anchor-id=\"documents\"\n\t\t\taria-selected=\"false\"\n\t\t\ttabindex=\"0\"\n\t\t>\n\t\t\t<div class=\"sow-tabs-title sow-tabs-title-icon-left\">\n\t\t\t\t\t\t\t\tDocuments\t\t\t\t\t\t\t<\/div>\n\t\t<\/div>\n\t\t<\/div>\n\n\t<div class=\"sow-tabs-panel-container\">\n\t\t\t<div class=\"sow-tabs-panel\">\n\t\t\t<div\n\t\t\t\tclass=\"sow-tabs-panel-content\"\n\t\t\t\trole=\"tabpanel\"\n\t\t\t\taria-hidden=\"false\"\n\t\t\t>\n\t\t\t\t<h3>Applications typiques<\/h3>\n<ul>\n<li>\u00a0API<\/li>\n<li>\u00a0Interm\u00e9diaires chimiques<\/li>\n<li>\u00a0Sirops &amp; \u00e9dulcorants<\/li>\n<li>Bi\u00e8res, vins, spiritueux<\/li>\n<li>Lubrifiants<\/li>\n<li>Cosm\u00e9tiques<\/li>\n<li>Plasma &amp; m\u00e9dia de<br \/>culture<\/li>\n<\/ul>\n<h3 id=\"h-construction-materials-1\">Sp\u00e9cificit\u00e9s<\/h3>\n<ul>\n<li><strong>M\u00e9dia filtrant: <\/strong>Charbon actif<br \/><strong>Structure:<\/strong> Polypropyl\u00e8ne<br \/><strong>S\u00e9parateurs:<\/strong> Polypropyl\u00e8ne<br \/><strong>Support de joint:<\/strong> Polypropyl\u00e8ne<br \/><strong>Joints: <\/strong>Buna, EPDM, Silicone, Viton\u00ae<\/li>\n<\/ul>\n\t\t\t<\/div>\n\t\t<\/div>\n\t\t\t<div class=\"sow-tabs-panel\">\n\t\t\t<div\n\t\t\t\tclass=\"sow-tabs-panel-content\"\n\t\t\t\trole=\"tabpanel\"\n\t\t\t\taria-hidden=\"true\"\n\t\t\t>\n\t\t\t\t<div id=\"attachment_10292\" style=\"width: 241px\" class=\"wp-caption alignnone\"><a href=\"https:\/\/www.globalfilter.com\/wp-content\/uploads\/2022\/09\/GSDC-Series-Stacked-Disc-Active-Carbon-DS-220906-French.pdf\"><img loading=\"lazy\" decoding=\"async\" aria-describedby=\"caption-attachment-10292\" class=\"wp-image-10292 size-medium\" title=\"GSDC lenticulaire charbon actif\" src=\"https:\/\/www.globalfilter.com\/wp-content\/uploads\/2022\/09\/photo-GSDC-fiche-technique-231x300.png\" alt=\"Fiche technique module lenticulaire charbon actif GSDC\" width=\"231\" height=\"300\" srcset=\"https:\/\/www.globalfilter.com\/wp-content\/uploads\/2022\/09\/photo-GSDC-fiche-technique-231x300.png 231w, https:\/\/www.globalfilter.com\/wp-content\/uploads\/2022\/09\/photo-GSDC-fiche-technique.png 613w\" sizes=\"auto, (max-width: 231px) 100vw, 231px\" \/><\/a><p id=\"caption-attachment-10292\" class=\"wp-caption-text\">fiche technique GSDC<\/p><\/div>\n<p>\u00a0<\/p>\n<p>\u00a0 \u00a0\u00a0<\/p>\n\t\t\t<\/div>\n\t\t<\/div>\n\t\t<\/div>\n<\/div>\n<\/div>","protected":false},"excerpt":{"rendered":"<p>GSDC-S\u00e9rie Lenticulaires charbon actif Les modules lenticulaires de la s\u00e9rie GSDC sont compos\u00e9s de m\u00e9dia sp\u00e9cifiques contenant de la cellulose pure et du charbon actif. La structure des lenticulaires GSDC est compos\u00e9e de polypropyl\u00e8ne 100% vierge. Les joints sont disponibles dans diff\u00e9rents mat\u00e9riaux pour permettre une large compatibilit\u00e9 chimique et une utilisation dans un grand [&hellip;]<\/p>\n","protected":false},"author":8,"featured_media":0,"parent":0,"menu_order":0,"comment_status":"closed","ping_status":"closed","template":"","meta":{"_acf_changed":false,"content-type":"","footnotes":""},"class_list":["post-10291","page","type-page","status-publish","hentry"],"acf":[],"yoast_head":"<!-- This site is optimized with the Yoast SEO plugin v27.3 - https:\/\/yoast.com\/product\/yoast-seo-wordpress\/ -->\n<title>GSDC-S\u00e9rie Lenticulaires charbon actif - Global Filter<\/title>\n<meta name=\"description\" content=\"Les modules lenticulaires charbon actif de Global Filter sont compos\u00e9s d&#039;un m\u00e9dia cellulose et charbon actif.\" \/>\n<meta name=\"robots\" content=\"index, follow, max-snippet:-1, max-image-preview:large, max-video-preview:-1\" \/>\n<link rel=\"canonical\" href=\"https:\/\/www.globalfilter.com\/fr\/gsdc-serie-lenticulaires-charbon-actif\/\" \/>\n<meta property=\"og:locale\" content=\"fr_FR\" \/>\n<meta property=\"og:type\" content=\"article\" \/>\n<meta property=\"og:title\" content=\"GSDC-S\u00e9rie Lenticulaires charbon actif - Global Filter\" \/>\n<meta property=\"og:description\" content=\"Les modules lenticulaires charbon actif de Global Filter sont compos\u00e9s d&#039;un m\u00e9dia cellulose et charbon actif.\" \/>\n<meta property=\"og:url\" content=\"https:\/\/www.globalfilter.com\/fr\/gsdc-serie-lenticulaires-charbon-actif\/\" \/>\n<meta property=\"og:site_name\" content=\"Global Filter\" \/>\n<meta property=\"og:image\" content=\"https:\/\/www.globalfilter.com\/wp-content\/uploads\/2022\/09\/GSDC-Series-Stacked-Disc-Active-Carbon-1024x595.png\" \/>\n<meta name=\"twitter:card\" content=\"summary_large_image\" \/>\n<meta name=\"twitter:label1\" content=\"Dur\u00e9e de lecture estim\u00e9e\" \/>\n\t<meta name=\"twitter:data1\" content=\"1 minute\" \/>\n<script type=\"application\/ld+json\" class=\"yoast-schema-graph\">{\"@context\":\"https:\\\/\\\/schema.org\",\"@graph\":[{\"@type\":\"WebPage\",\"@id\":\"https:\\\/\\\/www.globalfilter.com\\\/fr\\\/gsdc-serie-lenticulaires-charbon-actif\\\/\",\"url\":\"https:\\\/\\\/www.globalfilter.com\\\/fr\\\/gsdc-serie-lenticulaires-charbon-actif\\\/\",\"name\":\"GSDC-S\u00e9rie Lenticulaires charbon actif - Global Filter\",\"isPartOf\":{\"@id\":\"https:\\\/\\\/www.globalfilter.com\\\/fr\\\/#website\"},\"primaryImageOfPage\":{\"@id\":\"https:\\\/\\\/www.globalfilter.com\\\/fr\\\/gsdc-serie-lenticulaires-charbon-actif\\\/#primaryimage\"},\"image\":{\"@id\":\"https:\\\/\\\/www.globalfilter.com\\\/fr\\\/gsdc-serie-lenticulaires-charbon-actif\\\/#primaryimage\"},\"thumbnailUrl\":\"https:\\\/\\\/www.globalfilter.com\\\/wp-content\\\/uploads\\\/2022\\\/09\\\/GSDC-Series-Stacked-Disc-Active-Carbon-1024x595.png\",\"datePublished\":\"2022-09-09T15:38:32+00:00\",\"description\":\"Les modules lenticulaires charbon actif de Global Filter sont compos\u00e9s d'un m\u00e9dia cellulose et charbon actif.\",\"breadcrumb\":{\"@id\":\"https:\\\/\\\/www.globalfilter.com\\\/fr\\\/gsdc-serie-lenticulaires-charbon-actif\\\/#breadcrumb\"},\"inLanguage\":\"fr-FR\",\"potentialAction\":[{\"@type\":\"ReadAction\",\"target\":[\"https:\\\/\\\/www.globalfilter.com\\\/fr\\\/gsdc-serie-lenticulaires-charbon-actif\\\/\"]}]},{\"@type\":\"ImageObject\",\"inLanguage\":\"fr-FR\",\"@id\":\"https:\\\/\\\/www.globalfilter.com\\\/fr\\\/gsdc-serie-lenticulaires-charbon-actif\\\/#primaryimage\",\"url\":\"https:\\\/\\\/www.globalfilter.com\\\/wp-content\\\/uploads\\\/2022\\\/09\\\/GSDC-Series-Stacked-Disc-Active-Carbon-1024x595.png\",\"contentUrl\":\"https:\\\/\\\/www.globalfilter.com\\\/wp-content\\\/uploads\\\/2022\\\/09\\\/GSDC-Series-Stacked-Disc-Active-Carbon-1024x595.png\"},{\"@type\":\"BreadcrumbList\",\"@id\":\"https:\\\/\\\/www.globalfilter.com\\\/fr\\\/gsdc-serie-lenticulaires-charbon-actif\\\/#breadcrumb\",\"itemListElement\":[{\"@type\":\"ListItem\",\"position\":1,\"name\":\"home\",\"item\":\"https:\\\/\\\/www.globalfilter.com\\\/fr\\\/\"},{\"@type\":\"ListItem\",\"position\":2,\"name\":\"GSDC-S\u00e9rie Lenticulaires charbon actif\"}]},{\"@type\":\"WebSite\",\"@id\":\"https:\\\/\\\/www.globalfilter.com\\\/fr\\\/#website\",\"url\":\"https:\\\/\\\/www.globalfilter.com\\\/fr\\\/\",\"name\":\"Global Filter\",\"description\":\"Making the World Safer, Healthier and More Productive\",\"publisher\":{\"@id\":\"https:\\\/\\\/www.globalfilter.com\\\/fr\\\/#organization\"},\"potentialAction\":[{\"@type\":\"SearchAction\",\"target\":{\"@type\":\"EntryPoint\",\"urlTemplate\":\"https:\\\/\\\/www.globalfilter.com\\\/fr\\\/?s={search_term_string}\"},\"query-input\":{\"@type\":\"PropertyValueSpecification\",\"valueRequired\":true,\"valueName\":\"search_term_string\"}}],\"inLanguage\":\"fr-FR\"},{\"@type\":\"Organization\",\"@id\":\"https:\\\/\\\/www.globalfilter.com\\\/fr\\\/#organization\",\"name\":\"Global filter\",\"url\":\"https:\\\/\\\/www.globalfilter.com\\\/fr\\\/\",\"logo\":{\"@type\":\"ImageObject\",\"inLanguage\":\"fr-FR\",\"@id\":\"https:\\\/\\\/www.globalfilter.com\\\/fr\\\/#\\\/schema\\\/logo\\\/image\\\/\",\"url\":\"https:\\\/\\\/www.globalfilter.com\\\/wp-content\\\/uploads\\\/2019\\\/06\\\/FGC-logo-1.png\",\"contentUrl\":\"https:\\\/\\\/www.globalfilter.com\\\/wp-content\\\/uploads\\\/2019\\\/06\\\/FGC-logo-1.png\",\"width\":1104,\"height\":224,\"caption\":\"Global filter\"},\"image\":{\"@id\":\"https:\\\/\\\/www.globalfilter.com\\\/fr\\\/#\\\/schema\\\/logo\\\/image\\\/\"},\"sameAs\":[\"https:\\\/\\\/www.linkedin.com\\\/company\\\/global-filter-llc\"]}]}<\/script>\n<!-- \/ Yoast SEO plugin. -->","yoast_head_json":{"title":"GSDC-S\u00e9rie Lenticulaires charbon actif - Global Filter","description":"Les modules lenticulaires charbon actif de Global Filter sont compos\u00e9s d'un m\u00e9dia cellulose et charbon actif.","robots":{"index":"index","follow":"follow","max-snippet":"max-snippet:-1","max-image-preview":"max-image-preview:large","max-video-preview":"max-video-preview:-1"},"canonical":"https:\/\/www.globalfilter.com\/fr\/gsdc-serie-lenticulaires-charbon-actif\/","og_locale":"fr_FR","og_type":"article","og_title":"GSDC-S\u00e9rie Lenticulaires charbon actif - Global Filter","og_description":"Les modules lenticulaires charbon actif de Global Filter sont compos\u00e9s d'un m\u00e9dia cellulose et charbon actif.","og_url":"https:\/\/www.globalfilter.com\/fr\/gsdc-serie-lenticulaires-charbon-actif\/","og_site_name":"Global Filter","og_image":[{"url":"https:\/\/www.globalfilter.com\/wp-content\/uploads\/2022\/09\/GSDC-Series-Stacked-Disc-Active-Carbon-1024x595.png","type":"","width":"","height":""}],"twitter_card":"summary_large_image","twitter_misc":{"Dur\u00e9e de lecture estim\u00e9e":"1 minute"},"schema":{"@context":"https:\/\/schema.org","@graph":[{"@type":"WebPage","@id":"https:\/\/www.globalfilter.com\/fr\/gsdc-serie-lenticulaires-charbon-actif\/","url":"https:\/\/www.globalfilter.com\/fr\/gsdc-serie-lenticulaires-charbon-actif\/","name":"GSDC-S\u00e9rie Lenticulaires charbon actif - Global Filter","isPartOf":{"@id":"https:\/\/www.globalfilter.com\/fr\/#website"},"primaryImageOfPage":{"@id":"https:\/\/www.globalfilter.com\/fr\/gsdc-serie-lenticulaires-charbon-actif\/#primaryimage"},"image":{"@id":"https:\/\/www.globalfilter.com\/fr\/gsdc-serie-lenticulaires-charbon-actif\/#primaryimage"},"thumbnailUrl":"https:\/\/www.globalfilter.com\/wp-content\/uploads\/2022\/09\/GSDC-Series-Stacked-Disc-Active-Carbon-1024x595.png","datePublished":"2022-09-09T15:38:32+00:00","description":"Les modules lenticulaires charbon actif de Global Filter sont compos\u00e9s d'un m\u00e9dia cellulose et charbon actif.","breadcrumb":{"@id":"https:\/\/www.globalfilter.com\/fr\/gsdc-serie-lenticulaires-charbon-actif\/#breadcrumb"},"inLanguage":"fr-FR","potentialAction":[{"@type":"ReadAction","target":["https:\/\/www.globalfilter.com\/fr\/gsdc-serie-lenticulaires-charbon-actif\/"]}]},{"@type":"ImageObject","inLanguage":"fr-FR","@id":"https:\/\/www.globalfilter.com\/fr\/gsdc-serie-lenticulaires-charbon-actif\/#primaryimage","url":"https:\/\/www.globalfilter.com\/wp-content\/uploads\/2022\/09\/GSDC-Series-Stacked-Disc-Active-Carbon-1024x595.png","contentUrl":"https:\/\/www.globalfilter.com\/wp-content\/uploads\/2022\/09\/GSDC-Series-Stacked-Disc-Active-Carbon-1024x595.png"},{"@type":"BreadcrumbList","@id":"https:\/\/www.globalfilter.com\/fr\/gsdc-serie-lenticulaires-charbon-actif\/#breadcrumb","itemListElement":[{"@type":"ListItem","position":1,"name":"home","item":"https:\/\/www.globalfilter.com\/fr\/"},{"@type":"ListItem","position":2,"name":"GSDC-S\u00e9rie Lenticulaires charbon actif"}]},{"@type":"WebSite","@id":"https:\/\/www.globalfilter.com\/fr\/#website","url":"https:\/\/www.globalfilter.com\/fr\/","name":"Global Filter","description":"Making the World Safer, Healthier and More Productive","publisher":{"@id":"https:\/\/www.globalfilter.com\/fr\/#organization"},"potentialAction":[{"@type":"SearchAction","target":{"@type":"EntryPoint","urlTemplate":"https:\/\/www.globalfilter.com\/fr\/?s={search_term_string}"},"query-input":{"@type":"PropertyValueSpecification","valueRequired":true,"valueName":"search_term_string"}}],"inLanguage":"fr-FR"},{"@type":"Organization","@id":"https:\/\/www.globalfilter.com\/fr\/#organization","name":"Global filter","url":"https:\/\/www.globalfilter.com\/fr\/","logo":{"@type":"ImageObject","inLanguage":"fr-FR","@id":"https:\/\/www.globalfilter.com\/fr\/#\/schema\/logo\/image\/","url":"https:\/\/www.globalfilter.com\/wp-content\/uploads\/2019\/06\/FGC-logo-1.png","contentUrl":"https:\/\/www.globalfilter.com\/wp-content\/uploads\/2019\/06\/FGC-logo-1.png","width":1104,"height":224,"caption":"Global filter"},"image":{"@id":"https:\/\/www.globalfilter.com\/fr\/#\/schema\/logo\/image\/"},"sameAs":["https:\/\/www.linkedin.com\/company\/global-filter-llc"]}]}},"_links":{"self":[{"href":"https:\/\/www.globalfilter.com\/fr\/wp-json\/wp\/v2\/pages\/10291","targetHints":{"allow":["GET"]}}],"collection":[{"href":"https:\/\/www.globalfilter.com\/fr\/wp-json\/wp\/v2\/pages"}],"about":[{"href":"https:\/\/www.globalfilter.com\/fr\/wp-json\/wp\/v2\/types\/page"}],"author":[{"embeddable":true,"href":"https:\/\/www.globalfilter.com\/fr\/wp-json\/wp\/v2\/users\/8"}],"replies":[{"embeddable":true,"href":"https:\/\/www.globalfilter.com\/fr\/wp-json\/wp\/v2\/comments?post=10291"}],"version-history":[{"count":0,"href":"https:\/\/www.globalfilter.com\/fr\/wp-json\/wp\/v2\/pages\/10291\/revisions"}],"wp:attachment":[{"href":"https:\/\/www.globalfilter.com\/fr\/wp-json\/wp\/v2\/media?parent=10291"}],"curies":[{"name":"wp","href":"https:\/\/api.w.org\/{rel}","templated":true}]}}