{"id":10454,"date":"2022-09-29T13:21:14","date_gmt":"2022-09-29T13:21:14","guid":{"rendered":"https:\/\/www.globalfilter.com\/?page_id=10454"},"modified":"2022-09-29T13:32:42","modified_gmt":"2022-09-29T13:32:42","slug":"filtration-des-api","status":"publish","type":"page","link":"https:\/\/www.globalfilter.com\/fr\/filtration-des-api\/","title":{"rendered":"Filtration des API"},"content":{"rendered":"\n<div class=\"wp-block-cover alignfull is-light\" style=\"min-height:324px;aspect-ratio:unset;\"><span aria-hidden=\"true\" class=\"wp-block-cover__background has-background-dim\"><\/span><img decoding=\"async\" class=\"wp-block-cover__image-background wp-image-2265\" alt=\"Chemical Filtration \" src=\"https:\/\/www.globalfilter.com\/wp-content\/uploads\/2019\/09\/chemical.jpg\" data-object-fit=\"cover\" \/><div class=\"wp-block-cover__inner-container is-layout-flow wp-block-cover-is-layout-flow\">\n<h1 class=\"has-text-align-center has-light-gray-color has-text-color wp-block-heading\" id=\"\u201ch\u2014chemical\u201d\"><strong>Filtration des ingr\u00e9dients actifs pharmaceutiques (API)<\/strong><\/h1>\n\n\n\n<p class=\"has-text-align-center has-light-gray-color has-text-color\"><em> Nous comprenons l&rsquo;impact qu&rsquo;une filtration inad\u00e9quate peut avoir sur les pr\u00e9parations pharmaceutiques que vous produisez et l&rsquo;impact n\u00e9gatif global qu&rsquo;une filtration non conforme aux normes peut avoir sur votre entreprise. <\/em><\/p>\n\n\n\n<div class=\"wp-block-buttons is-content-justification-center is-layout-flex wp-container-core-buttons-is-layout-16018d1d wp-block-buttons-is-layout-flex\">\n<div class=\"wp-block-button\"><a class=\"wp-block-button__link has-green-background-color has-background\" href=\"https:\/\/www.globalfilter.com\/fr\/nous-contacter\/\">CONTACTER UN EXPERT<\/a><\/div>\n<\/div>\n<\/div><\/div>\n\n\n\n<h2 class=\"wp-block-heading\" id=\"h-optimisation-du-process-de-filtration-des-api\">Optimisation du process de filtration des API<\/h2>\n\n\n\n<p>Dans l&rsquo;industrie de la chimie fine, il est essentiel de filtrer les composants du processus pour emp\u00eacher la contamination particulaire et microbienne, contribuant ainsi \u00e0 garantir la st\u00e9rilit\u00e9 et la qualit\u00e9 des produits. Les solutions produits de Global Filter aident \u00e0 prot\u00e9ger le processus des contaminants tout en prolongeant la dur\u00e9e de vie et en r\u00e9duisant les co\u00fbts d&rsquo;exploitation. Global Filter con\u00e7oit et fabrique des \u00e9l\u00e9ments filtrants et des corps de filtres qui sont largement utilis\u00e9s dans la filtration des API. Nos 50 ann\u00e9es d&rsquo;expertise industrielle dans le domaine des pr\u00e9parations pharmaceutiques vous aideront \u00e0 optimiser votre process.<\/p>\n\n\n\n<p><\/p>\n\n\n\n<h2 class=\"wp-block-heading\" id=\"h-process-typique-de-fabrication-des-api\">Process typique de fabrication des API<\/h2>\n\n\n\n<figure class=\"wp-block-image size-large\"><img loading=\"lazy\" decoding=\"async\" width=\"1024\" height=\"427\" src=\"https:\/\/www.globalfilter.com\/wp-content\/uploads\/2022\/09\/Process-API-FR-1024x427.png\" alt=\"process API\" class=\"wp-image-10455\" srcset=\"https:\/\/www.globalfilter.com\/wp-content\/uploads\/2022\/09\/Process-API-FR-1024x427.png 1024w, https:\/\/www.globalfilter.com\/wp-content\/uploads\/2022\/09\/Process-API-FR-300x125.png 300w, https:\/\/www.globalfilter.com\/wp-content\/uploads\/2022\/09\/Process-API-FR-768x320.png 768w, https:\/\/www.globalfilter.com\/wp-content\/uploads\/2022\/09\/Process-API-FR-1536x640.png 1536w, https:\/\/www.globalfilter.com\/wp-content\/uploads\/2022\/09\/Process-API-FR.png 1776w\" sizes=\"auto, (max-width: 1024px) 100vw, 1024px\" \/><\/figure>\n\n\n\n<div class=\"wp-block-media-text alignwide is-stacked-on-mobile\"><figure class=\"wp-block-media-text__media\"><img loading=\"lazy\" decoding=\"async\" width=\"1024\" height=\"683\" src=\"https:\/\/www.globalfilter.com\/wp-content\/uploads\/2022\/05\/iStock-539342836-1024x683.jpg\" alt=\"\" class=\"wp-image-9531 size-full\" srcset=\"https:\/\/www.globalfilter.com\/wp-content\/uploads\/2022\/05\/iStock-539342836-1024x683.jpg 1024w, https:\/\/www.globalfilter.com\/wp-content\/uploads\/2022\/05\/iStock-539342836-300x200.jpg 300w, https:\/\/www.globalfilter.com\/wp-content\/uploads\/2022\/05\/iStock-539342836-768x512.jpg 768w, https:\/\/www.globalfilter.com\/wp-content\/uploads\/2022\/05\/iStock-539342836-1536x1024.jpg 1536w, https:\/\/www.globalfilter.com\/wp-content\/uploads\/2022\/05\/iStock-539342836-2048x1365.jpg 2048w, https:\/\/www.globalfilter.com\/wp-content\/uploads\/2022\/05\/iStock-539342836-272x182.jpg 272w\" sizes=\"auto, (max-width: 1024px) 100vw, 1024px\" \/><\/figure><div class=\"wp-block-media-text__content\">\n<h2 class=\"wp-block-heading\" id=\"h-filtration-des-entrants\">Filtration des entrants<\/h2>\n\n\n\n<p>La filtration des entrants est importante pour assurer la meilleure productivit\u00e9 pendant la r\u00e9action ou le traitement chimique. La gamme de produits Global Filter offre des solutions pour \u00e9liminer les contaminants allant des particules solides aux micro-organismes.<\/p>\n\n\n\n<p>Tout d&rsquo;abord, pour l&rsquo;\u00e9limination des particules, nous recommandons l&rsquo;utilisation des cartouches <a href=\"https:\/\/www.globalfilter.com\/fr\/serie-gctb\/\">Meltblown de la s\u00e9rie GCTB<\/a> de Global Filter avec <a href=\"https:\/\/www.globalfilter.com\/fr\/produits\/corps-de-filtre\/corps-de-filtre-a-cartouches\/\">le corps de filtre cartouches GTCH<\/a>.<\/p>\n\n\n\n<p>Ensuite, pour l&rsquo;\u00e9limination des particules, nous recommandons d&rsquo;utiliser notre cartouche pliss\u00e9e profondeur (<a href=\"https:\/\/www.globalfilter.com\/fr\/produits\/cartouches-plissees\/cartouche-plissee-polypropylene\/\">s\u00e9rie PP<\/a>) avec un corps de filtre <a href=\"https:\/\/www.globalfilter.com\/fr\/produits\/corps-de-filtre\/corps-de-filtre-a-cartouches\/\">mono-cartouche GFHD.<\/a><\/p>\n\n\n\n<p>De plus, nous conseillons d&rsquo;utiliser une cartouche  <a href=\"https:\/\/www.globalfilter.com\/fr\/produits\/cartouches-a-membrane-plissee\/polyethersulfone\/\">membrane PES<\/a> de 0,2 micron pour la r\u00e9tention microbienne.<\/p>\n\n\n\n<p>Enfin, pour le filtre \u00e0 gaz, nous recommandons l&rsquo;utilisation des <a href=\"https:\/\/www.globalfilter.com\/fr\/produits\/cartouches-a-membrane-plissee\/ptfe\/\">cartouches membrane de la s\u00e9rie PPTFE (qualit\u00e9 st\u00e9rilisante)<\/a> avec le <a href=\"https:\/\/www.globalfilter.com\/fr\/produits\/corps-de-filtre\/corps-de-filtre-a-cartouches\/\">corps de filtre sanitaire GSTL.<\/a><\/p>\n<\/div><\/div>\n\n\n\n<div class=\"wp-block-media-text alignwide has-media-on-the-right is-stacked-on-mobile\"><figure class=\"wp-block-media-text__media\"><img loading=\"lazy\" decoding=\"async\" width=\"1024\" height=\"683\" src=\"https:\/\/www.globalfilter.com\/wp-content\/uploads\/2022\/05\/iStock-906720020-1024x683.jpg\" alt=\"\" class=\"wp-image-9536 size-full\" srcset=\"https:\/\/www.globalfilter.com\/wp-content\/uploads\/2022\/05\/iStock-906720020-1024x683.jpg 1024w, https:\/\/www.globalfilter.com\/wp-content\/uploads\/2022\/05\/iStock-906720020-300x200.jpg 300w, https:\/\/www.globalfilter.com\/wp-content\/uploads\/2022\/05\/iStock-906720020-768x512.jpg 768w, https:\/\/www.globalfilter.com\/wp-content\/uploads\/2022\/05\/iStock-906720020-1536x1024.jpg 1536w, https:\/\/www.globalfilter.com\/wp-content\/uploads\/2022\/05\/iStock-906720020-2048x1365.jpg 2048w, https:\/\/www.globalfilter.com\/wp-content\/uploads\/2022\/05\/iStock-906720020-272x182.jpg 272w\" sizes=\"auto, (max-width: 1024px) 100vw, 1024px\" \/><\/figure><div class=\"wp-block-media-text__content\">\n<h2 class=\"wp-block-heading\" id=\"h-r-tention-de-catalyseur-ou-de-charbon-actif\">R\u00e9tention de catalyseur ou de  charbon actif <\/h2>\n\n\n\n<p>Pendant la production, il peut \u00eatre n\u00e9cessaire d&rsquo;ajouter des solides tels que du charbon actif ou des catalyseurs, qui seront r\u00e9utilis\u00e9s ou \u00e9limin\u00e9s apr\u00e8s le traitement ou r\u00e9action.<br>Selon la quantit\u00e9 de solides, une premi\u00e8re \u00e9tape peut \u00eatre n\u00e9cessaire pour \u00e9liminer la majorit\u00e9 des catalyseurs. Le <a href=\"https:\/\/www.amafiltration.com\/products\/systems\/cricketfilter\/\">filtre Cricket d&rsquo;Amafilter<\/a> est l&rsquo;une des meilleures solutions pour cette \u00e9tape. Pour les petits lots (batch) ou apr\u00e8s la filtration principale, nous proposons plusieurs solutions en fonction de votre proc\u00e9d\u00e9.<\/p>\n\n\n\n<p>Nos <a href=\"https:\/\/www.globalfilter.com\/fr\/produits\/cartouches-a-haut-debit\/\">cartouches High Flow HFB<\/a> sont l&rsquo;une des solutions recommand\u00e9es car elles offrent une option plus s\u00fbre et plus saine. Notre cartouche S\u00e9rie-GHLS est une solution fiable pour la r\u00e9cup\u00e9ration de la catalyse tout au long de sa dur\u00e9e de vie et surtout apr\u00e8s plusieurs cycles.<\/p>\n\n\n\n<p><\/p>\n<\/div><\/div>\n\n\n\n<div class=\"wp-block-media-text alignwide is-stacked-on-mobile\"><figure class=\"wp-block-media-text__media\"><img loading=\"lazy\" decoding=\"async\" width=\"1024\" height=\"683\" src=\"https:\/\/www.globalfilter.com\/wp-content\/uploads\/2022\/05\/iStock-1298817518-1024x683.jpg\" alt=\"\" class=\"wp-image-9541 size-full\" srcset=\"https:\/\/www.globalfilter.com\/wp-content\/uploads\/2022\/05\/iStock-1298817518-1024x683.jpg 1024w, https:\/\/www.globalfilter.com\/wp-content\/uploads\/2022\/05\/iStock-1298817518-300x200.jpg 300w, https:\/\/www.globalfilter.com\/wp-content\/uploads\/2022\/05\/iStock-1298817518-768x512.jpg 768w, https:\/\/www.globalfilter.com\/wp-content\/uploads\/2022\/05\/iStock-1298817518-1536x1024.jpg 1536w, https:\/\/www.globalfilter.com\/wp-content\/uploads\/2022\/05\/iStock-1298817518-2048x1365.jpg 2048w, https:\/\/www.globalfilter.com\/wp-content\/uploads\/2022\/05\/iStock-1298817518-272x182.jpg 272w\" sizes=\"auto, (max-width: 1024px) 100vw, 1024px\" \/><\/figure><div class=\"wp-block-media-text__content\">\n<h2 class=\"wp-block-heading\" id=\"h-cristallisation-et-filtration-par-solvants\">Cristallisation et filtration par solvants<\/h2>\n\n\n\n<p>Dans plusieurs \u00e9tapes des solvants sont n\u00e9cessaires et la production de solvants de haute puret\u00e9 sur site peut \u00eatre vraiment rentable. Nos <a href=\"https:\/\/www.globalfilter.com\/fr\/produits\/cartouches-plissees\/cartouche-plissee-polypropylene\/\">cartouches pliss\u00e9es de la s\u00e9rie PP<\/a> et nos <a href=\"https:\/\/www.globalfilter.com\/fr\/produits\/cartouches-a-membrane-plissee\/ptfe\/\">cartouches membrane de la s\u00e9rie GPFA<\/a>, avec des efficacit\u00e9s absolues allant jusqu&rsquo;\u00e0 0,05 et une compatibilit\u00e9 chimique \u00e9lev\u00e9e, sont les meilleures solutions pour r\u00e9pondre \u00e0 vos besoins de filtration de solvants<\/p>\n<\/div><\/div>\n\n\n\n<h2 class=\"wp-block-heading\" id=\"h-litt-rature\">Litt\u00e9rature<\/h2>\n\n\n\n<p>T\u00e9l\u00e9chargez la documentation sur la filtration des pr\u00e9parations pharmaceutiques ci-dessous pour plus de d\u00e9tails sur nos solutions de filtration.<\/p>\n\n\n\n<div class=\"wp-block-media-text alignwide is-stacked-on-mobile\" style=\"grid-template-columns:18% auto\"><figure class=\"wp-block-media-text__media\"><a href=\"https:\/\/www.globalfilter.com\/wp-content\/uploads\/2022\/09\/Whitepaper-pharmaceutical-preparations-EU.pdf\"><img loading=\"lazy\" decoding=\"async\" width=\"585\" height=\"755\" src=\"https:\/\/www.globalfilter.com\/wp-content\/uploads\/2022\/09\/API-white-paper-FR-picture.png\" alt=\"\" class=\"wp-image-10469 size-full\" srcset=\"https:\/\/www.globalfilter.com\/wp-content\/uploads\/2022\/09\/API-white-paper-FR-picture.png 585w, https:\/\/www.globalfilter.com\/wp-content\/uploads\/2022\/09\/API-white-paper-FR-picture-232x300.png 232w\" sizes=\"auto, (max-width: 585px) 100vw, 585px\" \/><\/a><\/figure><div class=\"wp-block-media-text__content\">\n<p id=\"h-global-filter-designs-and-manufactures-vessels-and-filter-elements-used-in-the-beer-industry-our-expertise-enables-us-to-optimize-your-manufacturing-process\">Dans l&rsquo;industrie de la chimie fine, il est essentiel de filtrer les composants du processus pour emp\u00eacher la contamination particulaire et microbienne, contribuant ainsi \u00e0 assurer la st\u00e9rilit\u00e9 et la qualit\u00e9 des produits. D\u00e9couvrez comment les solutions produits de Global Filter aident \u00e0 optimiser le processus API.<\/p>\n\n\n\n<div class=\"wp-block-buttons is-layout-flex wp-block-buttons-is-layout-flex\">\n<div class=\"wp-block-button\"><a class=\"wp-block-button__link has-blue-background-color has-background\" href=\"https:\/\/www.globalfilter.com\/wp-content\/uploads\/2022\/09\/Whitepaper-pharmaceutical-preparations-FR.pdf\">T\u00e9l\u00e9charger le livre blanc sur les API<\/a><\/div>\n<\/div>\n<\/div><\/div>\n\n\n\n<div class=\"wp-block-buttons is-content-justification-center is-layout-flex wp-container-core-buttons-is-layout-16018d1d wp-block-buttons-is-layout-flex\">\n<div class=\"wp-block-button\"><a class=\"wp-block-button__link has-green-background-color has-background\" href=\"https:\/\/www.globalfilter.com\/fr\/nous-contacter\/\">CONTACTEZ NOUS!<\/a><\/div>\n<\/div>\n","protected":false},"excerpt":{"rendered":"<p>Optimisation du process de filtration des API Dans l&rsquo;industrie de la chimie fine, il est essentiel de filtrer les composants du processus pour emp\u00eacher la contamination particulaire et microbienne, contribuant ainsi \u00e0 garantir la st\u00e9rilit\u00e9 et la qualit\u00e9 des produits. Les solutions produits de Global Filter aident \u00e0 prot\u00e9ger le processus des contaminants tout en [&hellip;]<\/p>\n","protected":false},"author":8,"featured_media":0,"parent":0,"menu_order":0,"comment_status":"closed","ping_status":"closed","template":"","meta":{"_acf_changed":false,"content-type":"","footnotes":""},"class_list":["post-10454","page","type-page","status-publish","hentry"],"acf":[],"yoast_head":"<!-- This site is optimized with the Yoast SEO plugin v27.3 - https:\/\/yoast.com\/product\/yoast-seo-wordpress\/ -->\n<title>Filtration des API - Global Filter<\/title>\n<meta name=\"robots\" content=\"index, follow, max-snippet:-1, max-image-preview:large, max-video-preview:-1\" \/>\n<link rel=\"canonical\" href=\"https:\/\/www.globalfilter.com\/fr\/filtration-des-api\/\" \/>\n<meta property=\"og:locale\" content=\"fr_FR\" \/>\n<meta property=\"og:type\" content=\"article\" \/>\n<meta property=\"og:title\" content=\"Filtration des API - Global Filter\" \/>\n<meta property=\"og:description\" content=\"Optimisation du process de filtration des API Dans l&rsquo;industrie de la chimie fine, il est essentiel de filtrer les composants du processus pour emp\u00eacher la contamination particulaire et microbienne, contribuant ainsi \u00e0 garantir la st\u00e9rilit\u00e9 et la qualit\u00e9 des produits. Les solutions produits de Global Filter aident \u00e0 prot\u00e9ger le processus des contaminants tout en [&hellip;]\" \/>\n<meta property=\"og:url\" content=\"https:\/\/www.globalfilter.com\/fr\/filtration-des-api\/\" \/>\n<meta property=\"og:site_name\" content=\"Global Filter\" \/>\n<meta property=\"article:modified_time\" content=\"2022-09-29T13:32:42+00:00\" \/>\n<meta property=\"og:image\" content=\"https:\/\/www.globalfilter.com\/wp-content\/uploads\/2019\/09\/chemical.jpg\" \/>\n<meta name=\"twitter:card\" content=\"summary_large_image\" \/>\n<meta name=\"twitter:label1\" content=\"Dur\u00e9e de lecture estim\u00e9e\" \/>\n\t<meta name=\"twitter:data1\" content=\"4 minutes\" \/>\n<script type=\"application\/ld+json\" class=\"yoast-schema-graph\">{\"@context\":\"https:\\\/\\\/schema.org\",\"@graph\":[{\"@type\":\"WebPage\",\"@id\":\"https:\\\/\\\/www.globalfilter.com\\\/fr\\\/filtration-des-api\\\/\",\"url\":\"https:\\\/\\\/www.globalfilter.com\\\/fr\\\/filtration-des-api\\\/\",\"name\":\"Filtration des API - Global Filter\",\"isPartOf\":{\"@id\":\"https:\\\/\\\/www.globalfilter.com\\\/fr\\\/#website\"},\"primaryImageOfPage\":{\"@id\":\"https:\\\/\\\/www.globalfilter.com\\\/fr\\\/filtration-des-api\\\/#primaryimage\"},\"image\":{\"@id\":\"https:\\\/\\\/www.globalfilter.com\\\/fr\\\/filtration-des-api\\\/#primaryimage\"},\"thumbnailUrl\":\"https:\\\/\\\/www.globalfilter.com\\\/wp-content\\\/uploads\\\/2019\\\/09\\\/chemical.jpg\",\"datePublished\":\"2022-09-29T13:21:14+00:00\",\"dateModified\":\"2022-09-29T13:32:42+00:00\",\"breadcrumb\":{\"@id\":\"https:\\\/\\\/www.globalfilter.com\\\/fr\\\/filtration-des-api\\\/#breadcrumb\"},\"inLanguage\":\"fr-FR\",\"potentialAction\":[{\"@type\":\"ReadAction\",\"target\":[\"https:\\\/\\\/www.globalfilter.com\\\/fr\\\/filtration-des-api\\\/\"]}]},{\"@type\":\"ImageObject\",\"inLanguage\":\"fr-FR\",\"@id\":\"https:\\\/\\\/www.globalfilter.com\\\/fr\\\/filtration-des-api\\\/#primaryimage\",\"url\":\"https:\\\/\\\/www.globalfilter.com\\\/wp-content\\\/uploads\\\/2019\\\/09\\\/chemical.jpg\",\"contentUrl\":\"https:\\\/\\\/www.globalfilter.com\\\/wp-content\\\/uploads\\\/2019\\\/09\\\/chemical.jpg\"},{\"@type\":\"BreadcrumbList\",\"@id\":\"https:\\\/\\\/www.globalfilter.com\\\/fr\\\/filtration-des-api\\\/#breadcrumb\",\"itemListElement\":[{\"@type\":\"ListItem\",\"position\":1,\"name\":\"home\",\"item\":\"https:\\\/\\\/www.globalfilter.com\\\/fr\\\/\"},{\"@type\":\"ListItem\",\"position\":2,\"name\":\"Filtration des API\"}]},{\"@type\":\"WebSite\",\"@id\":\"https:\\\/\\\/www.globalfilter.com\\\/fr\\\/#website\",\"url\":\"https:\\\/\\\/www.globalfilter.com\\\/fr\\\/\",\"name\":\"Global Filter\",\"description\":\"Making the World Safer, Healthier and More Productive\",\"publisher\":{\"@id\":\"https:\\\/\\\/www.globalfilter.com\\\/fr\\\/#organization\"},\"potentialAction\":[{\"@type\":\"SearchAction\",\"target\":{\"@type\":\"EntryPoint\",\"urlTemplate\":\"https:\\\/\\\/www.globalfilter.com\\\/fr\\\/?s={search_term_string}\"},\"query-input\":{\"@type\":\"PropertyValueSpecification\",\"valueRequired\":true,\"valueName\":\"search_term_string\"}}],\"inLanguage\":\"fr-FR\"},{\"@type\":\"Organization\",\"@id\":\"https:\\\/\\\/www.globalfilter.com\\\/fr\\\/#organization\",\"name\":\"Global filter\",\"url\":\"https:\\\/\\\/www.globalfilter.com\\\/fr\\\/\",\"logo\":{\"@type\":\"ImageObject\",\"inLanguage\":\"fr-FR\",\"@id\":\"https:\\\/\\\/www.globalfilter.com\\\/fr\\\/#\\\/schema\\\/logo\\\/image\\\/\",\"url\":\"https:\\\/\\\/www.globalfilter.com\\\/wp-content\\\/uploads\\\/2019\\\/06\\\/FGC-logo-1.png\",\"contentUrl\":\"https:\\\/\\\/www.globalfilter.com\\\/wp-content\\\/uploads\\\/2019\\\/06\\\/FGC-logo-1.png\",\"width\":1104,\"height\":224,\"caption\":\"Global filter\"},\"image\":{\"@id\":\"https:\\\/\\\/www.globalfilter.com\\\/fr\\\/#\\\/schema\\\/logo\\\/image\\\/\"},\"sameAs\":[\"https:\\\/\\\/www.linkedin.com\\\/company\\\/global-filter-llc\"]}]}<\/script>\n<!-- \/ Yoast SEO plugin. -->","yoast_head_json":{"title":"Filtration des API - Global Filter","robots":{"index":"index","follow":"follow","max-snippet":"max-snippet:-1","max-image-preview":"max-image-preview:large","max-video-preview":"max-video-preview:-1"},"canonical":"https:\/\/www.globalfilter.com\/fr\/filtration-des-api\/","og_locale":"fr_FR","og_type":"article","og_title":"Filtration des API - Global Filter","og_description":"Optimisation du process de filtration des API Dans l&rsquo;industrie de la chimie fine, il est essentiel de filtrer les composants du processus pour emp\u00eacher la contamination particulaire et microbienne, contribuant ainsi \u00e0 garantir la st\u00e9rilit\u00e9 et la qualit\u00e9 des produits. Les solutions produits de Global Filter aident \u00e0 prot\u00e9ger le processus des contaminants tout en [&hellip;]","og_url":"https:\/\/www.globalfilter.com\/fr\/filtration-des-api\/","og_site_name":"Global Filter","article_modified_time":"2022-09-29T13:32:42+00:00","og_image":[{"url":"https:\/\/www.globalfilter.com\/wp-content\/uploads\/2019\/09\/chemical.jpg","type":"","width":"","height":""}],"twitter_card":"summary_large_image","twitter_misc":{"Dur\u00e9e de lecture estim\u00e9e":"4 minutes"},"schema":{"@context":"https:\/\/schema.org","@graph":[{"@type":"WebPage","@id":"https:\/\/www.globalfilter.com\/fr\/filtration-des-api\/","url":"https:\/\/www.globalfilter.com\/fr\/filtration-des-api\/","name":"Filtration des API - Global Filter","isPartOf":{"@id":"https:\/\/www.globalfilter.com\/fr\/#website"},"primaryImageOfPage":{"@id":"https:\/\/www.globalfilter.com\/fr\/filtration-des-api\/#primaryimage"},"image":{"@id":"https:\/\/www.globalfilter.com\/fr\/filtration-des-api\/#primaryimage"},"thumbnailUrl":"https:\/\/www.globalfilter.com\/wp-content\/uploads\/2019\/09\/chemical.jpg","datePublished":"2022-09-29T13:21:14+00:00","dateModified":"2022-09-29T13:32:42+00:00","breadcrumb":{"@id":"https:\/\/www.globalfilter.com\/fr\/filtration-des-api\/#breadcrumb"},"inLanguage":"fr-FR","potentialAction":[{"@type":"ReadAction","target":["https:\/\/www.globalfilter.com\/fr\/filtration-des-api\/"]}]},{"@type":"ImageObject","inLanguage":"fr-FR","@id":"https:\/\/www.globalfilter.com\/fr\/filtration-des-api\/#primaryimage","url":"https:\/\/www.globalfilter.com\/wp-content\/uploads\/2019\/09\/chemical.jpg","contentUrl":"https:\/\/www.globalfilter.com\/wp-content\/uploads\/2019\/09\/chemical.jpg"},{"@type":"BreadcrumbList","@id":"https:\/\/www.globalfilter.com\/fr\/filtration-des-api\/#breadcrumb","itemListElement":[{"@type":"ListItem","position":1,"name":"home","item":"https:\/\/www.globalfilter.com\/fr\/"},{"@type":"ListItem","position":2,"name":"Filtration des API"}]},{"@type":"WebSite","@id":"https:\/\/www.globalfilter.com\/fr\/#website","url":"https:\/\/www.globalfilter.com\/fr\/","name":"Global Filter","description":"Making the World Safer, Healthier and More Productive","publisher":{"@id":"https:\/\/www.globalfilter.com\/fr\/#organization"},"potentialAction":[{"@type":"SearchAction","target":{"@type":"EntryPoint","urlTemplate":"https:\/\/www.globalfilter.com\/fr\/?s={search_term_string}"},"query-input":{"@type":"PropertyValueSpecification","valueRequired":true,"valueName":"search_term_string"}}],"inLanguage":"fr-FR"},{"@type":"Organization","@id":"https:\/\/www.globalfilter.com\/fr\/#organization","name":"Global filter","url":"https:\/\/www.globalfilter.com\/fr\/","logo":{"@type":"ImageObject","inLanguage":"fr-FR","@id":"https:\/\/www.globalfilter.com\/fr\/#\/schema\/logo\/image\/","url":"https:\/\/www.globalfilter.com\/wp-content\/uploads\/2019\/06\/FGC-logo-1.png","contentUrl":"https:\/\/www.globalfilter.com\/wp-content\/uploads\/2019\/06\/FGC-logo-1.png","width":1104,"height":224,"caption":"Global filter"},"image":{"@id":"https:\/\/www.globalfilter.com\/fr\/#\/schema\/logo\/image\/"},"sameAs":["https:\/\/www.linkedin.com\/company\/global-filter-llc"]}]}},"_links":{"self":[{"href":"https:\/\/www.globalfilter.com\/fr\/wp-json\/wp\/v2\/pages\/10454","targetHints":{"allow":["GET"]}}],"collection":[{"href":"https:\/\/www.globalfilter.com\/fr\/wp-json\/wp\/v2\/pages"}],"about":[{"href":"https:\/\/www.globalfilter.com\/fr\/wp-json\/wp\/v2\/types\/page"}],"author":[{"embeddable":true,"href":"https:\/\/www.globalfilter.com\/fr\/wp-json\/wp\/v2\/users\/8"}],"replies":[{"embeddable":true,"href":"https:\/\/www.globalfilter.com\/fr\/wp-json\/wp\/v2\/comments?post=10454"}],"version-history":[{"count":0,"href":"https:\/\/www.globalfilter.com\/fr\/wp-json\/wp\/v2\/pages\/10454\/revisions"}],"wp:attachment":[{"href":"https:\/\/www.globalfilter.com\/fr\/wp-json\/wp\/v2\/media?parent=10454"}],"curies":[{"name":"wp","href":"https:\/\/api.w.org\/{rel}","templated":true}]}}