{"id":10803,"date":"2022-11-14T14:42:43","date_gmt":"2022-11-14T14:42:43","guid":{"rendered":"https:\/\/www.globalfilter.com\/?page_id=10803"},"modified":"2022-11-14T14:42:44","modified_gmt":"2022-11-14T14:42:44","slug":"filtration-des-solvants","status":"publish","type":"page","link":"https:\/\/www.globalfilter.com\/fr\/filtration-des-solvants\/","title":{"rendered":"Filtration des solvants"},"content":{"rendered":"\n<div class=\"wp-block-cover alignfull is-light\" style=\"min-height:324px;aspect-ratio:unset;\"><span aria-hidden=\"true\" class=\"wp-block-cover__background has-background-dim\"><\/span><img decoding=\"async\" class=\"wp-block-cover__image-background wp-image-2265\" alt=\"Chemical Filtration \" src=\"https:\/\/www.globalfilter.com\/wp-content\/uploads\/2019\/09\/chemical.jpg\" data-object-fit=\"cover\" \/><div class=\"wp-block-cover__inner-container is-layout-flow wp-block-cover-is-layout-flow\">\n<h1 class=\"has-text-align-center has-light-gray-color has-text-color wp-block-heading\" id=\"\u201ch\u2014chemical\u201d\">Filtration des solvants<\/h1>\n\n\n\n<p class=\"has-text-align-center has-light-gray-color has-text-color\">Nous comprenons l&rsquo;impact qu&rsquo;une filtration inad\u00e9quate peut avoir sur les produits chimiques que vous produisez et l&rsquo;impact n\u00e9gatif global qu&rsquo;une filtration de qualit\u00e9 inf\u00e9rieure peut avoir sur votre entreprise.<em> <\/em><\/p>\n\n\n\n<div class=\"wp-block-buttons is-content-justification-center is-layout-flex wp-container-core-buttons-is-layout-16018d1d wp-block-buttons-is-layout-flex\">\n<div class=\"wp-block-button\"><a class=\"wp-block-button__link has-green-background-color has-background\" href=\"https:\/\/www.globalfilter.com\/fr\/nous-contacter\/\">CONTACTER UN EXPERT<\/a><\/div>\n<\/div>\n<\/div><\/div>\n\n\n\n<h2 class=\"wp-block-heading\" id=\"h-filtration-de-solvants-organiques\">Filtration de solvants organiques<\/h2>\n\n\n\n<p>Dans l&rsquo;industrie de la chimie fine, les solvants organiques sont largement utilis\u00e9s. La filtration joue un r\u00f4le cl\u00e9 \u00e0 chaque \u00e9tape de votre synth\u00e8se : Filtration des mati\u00e8res premi\u00e8res, filtration chimique inter-r\u00e9acteurs, filtration des catalyseurs et filtration de s\u00e9curit\u00e9. Les solvants sont g\u00e9n\u00e9ralement dangereux et la conception d&rsquo;un syst\u00e8me de filtration pour filtrer les solvants n\u00e9cessite une r\u00e9flexion approfondie. \u00a0Pour choisir la cartouche filtrante la plus adapt\u00e9e \u00e0 votre proc\u00e9d\u00e9, plusieurs \u00e9l\u00e9ments tels que la temp\u00e9rature et les compatibilit\u00e9s chimiques doivent \u00eatre pris en compte en plus des \u00e9l\u00e9ments traditionnels (d\u00e9bit, viscosit\u00e9, quantit\u00e9 de solides..).<\/p>\n\n\n\n<p>Dans le domaine de la chimie organique, la temp\u00e9rature du fluide ainsi que la compatibilit\u00e9 chimique sont en effet des aspects essentiels :<\/p>\n\n\n\n<ul class=\"wp-block-list\"><li>La compatibilit\u00e9 chimique est un \u00e9l\u00e9ment tr\u00e8s important pour \u00e9viter le relargage de certaines particules  plastique dans vos produits.\u00a0 Le solvant ou le m\u00e9lange de solvants et les mol\u00e9cules actives peuvent influencer sur la compatibilit\u00e9 chimique du milieu r\u00e9actionnel avec la cartouche utilis\u00e9e.<\/li><li>La temp\u00e9rature du milieu r\u00e9actionnel peut \u00e9galement influencer le choix de la cartouche.<\/li><\/ul>\n\n\n\n<h2 class=\"wp-block-heading\" id=\"h-el-ments-filtrants-pour-la-filtration-des-solvants\">El\u00e9ments filtrants pour la filtration des solvants<\/h2>\n\n\n\n<p>Pour la filtration des solvants, nous recommandons l&rsquo;utilisation de nos cartouches membranes <a href=\"https:\/\/www.globalfilter.com\/fr\/produits\/cartouches-a-membrane-plissee\/ptfe\/\">S\u00e9rie-GPFA <\/a>avec nos <a href=\"https:\/\/www.globalfilter.com\/fr\/produits\/corps-de-filtre\/corps-de-filtre-a-cartouches\/\">corps de filtres sanitaires.<\/a> Ces cartouches membranes avec une efficacit\u00e9 absolue jusqu&rsquo;\u00e0 0,05 micron et une haute compatibilit\u00e9 chimique sont la solution id\u00e9ale pour r\u00e9pondre \u00e0 vos besoins. Nos cartouches <a href=\"https:\/\/www.globalfilter.com\/fr\/produits\/cartouches-a-membrane-plissee\/ptfe\/\">membranes S\u00e9rie-GPFA <\/a>sont adapt\u00e9es jusqu&rsquo;\u00e0 185\u00b0C et sont compatibles avec une large gamme de produits chimiques tr\u00e8s r\u00e9actifs, notamment :<\/p>\n\n\n\n<p>\u2022 Acide ac\u00e9tique (10\u00a0%)<br>\u2022 Acide fluorhydrique (50\u00a0%)<br>\u2022 Peroxyde d\u2019hydrog\u00e8ne (30\u00a0%)<br>\u2022 Acide nitrique (conc.)<br>\u2022 Acide phosphorique (conc.)<br>\u2022 Acide sulfurique (conc.)<br>\u2022 Hydroxyde d\u2019ammonium (conc.)<br>\u2022 Hydroxyde de potassium (conc.)<br>\u2022 Hydroxyde de sodium (conc.)<br>\u2022 TMAH (5\u00a0%)<br>\u2022 Eau r\u00e9gale (HNO3:HCl)<br><\/p>\n\n\n\n<p>De plus, nous proposons une large gamme de cartouches (polypropyl\u00e8ne, nylon, fibre de verre, coton, PTFE, fluoropolym\u00e8re, PES \u2026) pour de larges compatibilit\u00e9s chimiques. Tous nos produits disposent des certificats requis par l&rsquo;industrie de la chimie fine.<\/p>\n\n\n\n<p><\/p>\n\n\n\n<p>N&rsquo;h\u00e9sitez pas \u00e0 nous contacter pour vos besoins en filtration de chimie fine et de solvants. Nous pouvons vous aider \u00e0 optimiser votre process ainsi que vos co\u00fbts de filtration.<\/p>\n\n\n\n<div class=\"wp-block-buttons is-content-justification-center is-layout-flex wp-container-core-buttons-is-layout-16018d1d wp-block-buttons-is-layout-flex\">\n<div class=\"wp-block-button\"><a class=\"wp-block-button__link has-green-background-color has-background\" href=\"https:\/\/www.globalfilter.com\/fr\/nous-contacter\/\">Nous contacter<\/a><\/div>\n<\/div>\n","protected":false},"excerpt":{"rendered":"<p>Filtration de solvants organiques Dans l&rsquo;industrie de la chimie fine, les solvants organiques sont largement utilis\u00e9s. La filtration joue un r\u00f4le cl\u00e9 \u00e0 chaque \u00e9tape de votre synth\u00e8se : Filtration des mati\u00e8res premi\u00e8res, filtration chimique inter-r\u00e9acteurs, filtration des catalyseurs et filtration de s\u00e9curit\u00e9. Les solvants sont g\u00e9n\u00e9ralement dangereux et la conception d&rsquo;un syst\u00e8me de filtration [&hellip;]<\/p>\n","protected":false},"author":8,"featured_media":0,"parent":0,"menu_order":0,"comment_status":"closed","ping_status":"closed","template":"","meta":{"_acf_changed":false,"content-type":"","footnotes":""},"class_list":["post-10803","page","type-page","status-publish","hentry"],"acf":[],"yoast_head":"<!-- This site is optimized with the Yoast SEO plugin v27.3 - https:\/\/yoast.com\/product\/yoast-seo-wordpress\/ -->\n<title>Filtration des solvants - Global Filter<\/title>\n<meta name=\"description\" content=\"Pour la filtration des solvants, nous recommandons l&#039;utilisation de nos cartouches membranes S\u00e9rie-GPFA avec nos corps de filtres sanitaires.\" \/>\n<meta name=\"robots\" content=\"index, follow, max-snippet:-1, max-image-preview:large, max-video-preview:-1\" \/>\n<link rel=\"canonical\" href=\"https:\/\/www.globalfilter.com\/fr\/filtration-des-solvants\/\" \/>\n<meta property=\"og:locale\" content=\"fr_FR\" \/>\n<meta property=\"og:type\" content=\"article\" \/>\n<meta property=\"og:title\" content=\"Filtration des solvants - Global Filter\" \/>\n<meta property=\"og:description\" content=\"Pour la filtration des solvants, nous recommandons l&#039;utilisation de nos cartouches membranes S\u00e9rie-GPFA avec nos corps de filtres sanitaires.\" \/>\n<meta property=\"og:url\" content=\"https:\/\/www.globalfilter.com\/fr\/filtration-des-solvants\/\" \/>\n<meta property=\"og:site_name\" content=\"Global Filter\" \/>\n<meta property=\"article:modified_time\" content=\"2022-11-14T14:42:44+00:00\" \/>\n<meta property=\"og:image\" content=\"https:\/\/www.globalfilter.com\/wp-content\/uploads\/2019\/09\/chemical.jpg\" \/>\n<meta name=\"twitter:card\" content=\"summary_large_image\" \/>\n<meta name=\"twitter:label1\" content=\"Dur\u00e9e de lecture estim\u00e9e\" \/>\n\t<meta name=\"twitter:data1\" content=\"2 minutes\" \/>\n<script type=\"application\/ld+json\" class=\"yoast-schema-graph\">{\"@context\":\"https:\\\/\\\/schema.org\",\"@graph\":[{\"@type\":\"WebPage\",\"@id\":\"https:\\\/\\\/www.globalfilter.com\\\/fr\\\/filtration-des-solvants\\\/\",\"url\":\"https:\\\/\\\/www.globalfilter.com\\\/fr\\\/filtration-des-solvants\\\/\",\"name\":\"Filtration des solvants - Global Filter\",\"isPartOf\":{\"@id\":\"https:\\\/\\\/www.globalfilter.com\\\/fr\\\/#website\"},\"primaryImageOfPage\":{\"@id\":\"https:\\\/\\\/www.globalfilter.com\\\/fr\\\/filtration-des-solvants\\\/#primaryimage\"},\"image\":{\"@id\":\"https:\\\/\\\/www.globalfilter.com\\\/fr\\\/filtration-des-solvants\\\/#primaryimage\"},\"thumbnailUrl\":\"https:\\\/\\\/www.globalfilter.com\\\/wp-content\\\/uploads\\\/2019\\\/09\\\/chemical.jpg\",\"datePublished\":\"2022-11-14T14:42:43+00:00\",\"dateModified\":\"2022-11-14T14:42:44+00:00\",\"description\":\"Pour la filtration des solvants, nous recommandons l'utilisation de nos cartouches membranes S\u00e9rie-GPFA avec nos corps de filtres sanitaires.\",\"breadcrumb\":{\"@id\":\"https:\\\/\\\/www.globalfilter.com\\\/fr\\\/filtration-des-solvants\\\/#breadcrumb\"},\"inLanguage\":\"fr-FR\",\"potentialAction\":[{\"@type\":\"ReadAction\",\"target\":[\"https:\\\/\\\/www.globalfilter.com\\\/fr\\\/filtration-des-solvants\\\/\"]}]},{\"@type\":\"ImageObject\",\"inLanguage\":\"fr-FR\",\"@id\":\"https:\\\/\\\/www.globalfilter.com\\\/fr\\\/filtration-des-solvants\\\/#primaryimage\",\"url\":\"https:\\\/\\\/www.globalfilter.com\\\/wp-content\\\/uploads\\\/2019\\\/09\\\/chemical.jpg\",\"contentUrl\":\"https:\\\/\\\/www.globalfilter.com\\\/wp-content\\\/uploads\\\/2019\\\/09\\\/chemical.jpg\"},{\"@type\":\"BreadcrumbList\",\"@id\":\"https:\\\/\\\/www.globalfilter.com\\\/fr\\\/filtration-des-solvants\\\/#breadcrumb\",\"itemListElement\":[{\"@type\":\"ListItem\",\"position\":1,\"name\":\"home\",\"item\":\"https:\\\/\\\/www.globalfilter.com\\\/fr\\\/\"},{\"@type\":\"ListItem\",\"position\":2,\"name\":\"Filtration des solvants\"}]},{\"@type\":\"WebSite\",\"@id\":\"https:\\\/\\\/www.globalfilter.com\\\/fr\\\/#website\",\"url\":\"https:\\\/\\\/www.globalfilter.com\\\/fr\\\/\",\"name\":\"Global Filter\",\"description\":\"Making the World Safer, Healthier and More Productive\",\"publisher\":{\"@id\":\"https:\\\/\\\/www.globalfilter.com\\\/fr\\\/#organization\"},\"potentialAction\":[{\"@type\":\"SearchAction\",\"target\":{\"@type\":\"EntryPoint\",\"urlTemplate\":\"https:\\\/\\\/www.globalfilter.com\\\/fr\\\/?s={search_term_string}\"},\"query-input\":{\"@type\":\"PropertyValueSpecification\",\"valueRequired\":true,\"valueName\":\"search_term_string\"}}],\"inLanguage\":\"fr-FR\"},{\"@type\":\"Organization\",\"@id\":\"https:\\\/\\\/www.globalfilter.com\\\/fr\\\/#organization\",\"name\":\"Global filter\",\"url\":\"https:\\\/\\\/www.globalfilter.com\\\/fr\\\/\",\"logo\":{\"@type\":\"ImageObject\",\"inLanguage\":\"fr-FR\",\"@id\":\"https:\\\/\\\/www.globalfilter.com\\\/fr\\\/#\\\/schema\\\/logo\\\/image\\\/\",\"url\":\"https:\\\/\\\/www.globalfilter.com\\\/wp-content\\\/uploads\\\/2019\\\/06\\\/FGC-logo-1.png\",\"contentUrl\":\"https:\\\/\\\/www.globalfilter.com\\\/wp-content\\\/uploads\\\/2019\\\/06\\\/FGC-logo-1.png\",\"width\":1104,\"height\":224,\"caption\":\"Global filter\"},\"image\":{\"@id\":\"https:\\\/\\\/www.globalfilter.com\\\/fr\\\/#\\\/schema\\\/logo\\\/image\\\/\"},\"sameAs\":[\"https:\\\/\\\/www.linkedin.com\\\/company\\\/global-filter-llc\"]}]}<\/script>\n<!-- \/ Yoast SEO plugin. -->","yoast_head_json":{"title":"Filtration des solvants - Global Filter","description":"Pour la filtration des solvants, nous recommandons l'utilisation de nos cartouches membranes S\u00e9rie-GPFA avec nos corps de filtres sanitaires.","robots":{"index":"index","follow":"follow","max-snippet":"max-snippet:-1","max-image-preview":"max-image-preview:large","max-video-preview":"max-video-preview:-1"},"canonical":"https:\/\/www.globalfilter.com\/fr\/filtration-des-solvants\/","og_locale":"fr_FR","og_type":"article","og_title":"Filtration des solvants - Global Filter","og_description":"Pour la filtration des solvants, nous recommandons l'utilisation de nos cartouches membranes S\u00e9rie-GPFA avec nos corps de filtres sanitaires.","og_url":"https:\/\/www.globalfilter.com\/fr\/filtration-des-solvants\/","og_site_name":"Global Filter","article_modified_time":"2022-11-14T14:42:44+00:00","og_image":[{"url":"https:\/\/www.globalfilter.com\/wp-content\/uploads\/2019\/09\/chemical.jpg","type":"","width":"","height":""}],"twitter_card":"summary_large_image","twitter_misc":{"Dur\u00e9e de lecture estim\u00e9e":"2 minutes"},"schema":{"@context":"https:\/\/schema.org","@graph":[{"@type":"WebPage","@id":"https:\/\/www.globalfilter.com\/fr\/filtration-des-solvants\/","url":"https:\/\/www.globalfilter.com\/fr\/filtration-des-solvants\/","name":"Filtration des solvants - Global Filter","isPartOf":{"@id":"https:\/\/www.globalfilter.com\/fr\/#website"},"primaryImageOfPage":{"@id":"https:\/\/www.globalfilter.com\/fr\/filtration-des-solvants\/#primaryimage"},"image":{"@id":"https:\/\/www.globalfilter.com\/fr\/filtration-des-solvants\/#primaryimage"},"thumbnailUrl":"https:\/\/www.globalfilter.com\/wp-content\/uploads\/2019\/09\/chemical.jpg","datePublished":"2022-11-14T14:42:43+00:00","dateModified":"2022-11-14T14:42:44+00:00","description":"Pour la filtration des solvants, nous recommandons l'utilisation de nos cartouches membranes S\u00e9rie-GPFA avec nos corps de filtres sanitaires.","breadcrumb":{"@id":"https:\/\/www.globalfilter.com\/fr\/filtration-des-solvants\/#breadcrumb"},"inLanguage":"fr-FR","potentialAction":[{"@type":"ReadAction","target":["https:\/\/www.globalfilter.com\/fr\/filtration-des-solvants\/"]}]},{"@type":"ImageObject","inLanguage":"fr-FR","@id":"https:\/\/www.globalfilter.com\/fr\/filtration-des-solvants\/#primaryimage","url":"https:\/\/www.globalfilter.com\/wp-content\/uploads\/2019\/09\/chemical.jpg","contentUrl":"https:\/\/www.globalfilter.com\/wp-content\/uploads\/2019\/09\/chemical.jpg"},{"@type":"BreadcrumbList","@id":"https:\/\/www.globalfilter.com\/fr\/filtration-des-solvants\/#breadcrumb","itemListElement":[{"@type":"ListItem","position":1,"name":"home","item":"https:\/\/www.globalfilter.com\/fr\/"},{"@type":"ListItem","position":2,"name":"Filtration des solvants"}]},{"@type":"WebSite","@id":"https:\/\/www.globalfilter.com\/fr\/#website","url":"https:\/\/www.globalfilter.com\/fr\/","name":"Global Filter","description":"Making the World Safer, Healthier and More Productive","publisher":{"@id":"https:\/\/www.globalfilter.com\/fr\/#organization"},"potentialAction":[{"@type":"SearchAction","target":{"@type":"EntryPoint","urlTemplate":"https:\/\/www.globalfilter.com\/fr\/?s={search_term_string}"},"query-input":{"@type":"PropertyValueSpecification","valueRequired":true,"valueName":"search_term_string"}}],"inLanguage":"fr-FR"},{"@type":"Organization","@id":"https:\/\/www.globalfilter.com\/fr\/#organization","name":"Global filter","url":"https:\/\/www.globalfilter.com\/fr\/","logo":{"@type":"ImageObject","inLanguage":"fr-FR","@id":"https:\/\/www.globalfilter.com\/fr\/#\/schema\/logo\/image\/","url":"https:\/\/www.globalfilter.com\/wp-content\/uploads\/2019\/06\/FGC-logo-1.png","contentUrl":"https:\/\/www.globalfilter.com\/wp-content\/uploads\/2019\/06\/FGC-logo-1.png","width":1104,"height":224,"caption":"Global filter"},"image":{"@id":"https:\/\/www.globalfilter.com\/fr\/#\/schema\/logo\/image\/"},"sameAs":["https:\/\/www.linkedin.com\/company\/global-filter-llc"]}]}},"_links":{"self":[{"href":"https:\/\/www.globalfilter.com\/fr\/wp-json\/wp\/v2\/pages\/10803","targetHints":{"allow":["GET"]}}],"collection":[{"href":"https:\/\/www.globalfilter.com\/fr\/wp-json\/wp\/v2\/pages"}],"about":[{"href":"https:\/\/www.globalfilter.com\/fr\/wp-json\/wp\/v2\/types\/page"}],"author":[{"embeddable":true,"href":"https:\/\/www.globalfilter.com\/fr\/wp-json\/wp\/v2\/users\/8"}],"replies":[{"embeddable":true,"href":"https:\/\/www.globalfilter.com\/fr\/wp-json\/wp\/v2\/comments?post=10803"}],"version-history":[{"count":0,"href":"https:\/\/www.globalfilter.com\/fr\/wp-json\/wp\/v2\/pages\/10803\/revisions"}],"wp:attachment":[{"href":"https:\/\/www.globalfilter.com\/fr\/wp-json\/wp\/v2\/media?parent=10803"}],"curies":[{"name":"wp","href":"https:\/\/api.w.org\/{rel}","templated":true}]}}