{"id":11395,"date":"2023-05-17T14:42:12","date_gmt":"2023-05-17T14:42:12","guid":{"rendered":"https:\/\/www.globalfilter.com\/?page_id=11395"},"modified":"2023-05-17T14:52:03","modified_gmt":"2023-05-17T14:52:03","slug":"filtration-deau-dans-lagroalimentaire","status":"publish","type":"page","link":"https:\/\/www.globalfilter.com\/fr\/filtration-deau-dans-lagroalimentaire\/","title":{"rendered":"Filtration d&rsquo;eau dans l&rsquo;agroalimentaire"},"content":{"rendered":"\n<h2 class=\"wp-block-heading\" id=\"h-l-importance-de-la-filtration-d-eau-dans-l-agroalimentaire\">L&rsquo;importance de la filtration d&rsquo;eau dans l&rsquo;agroalimentaire<\/h2>\n\n\n\n<p>La filtration est un \u00e9l\u00e9ment cl\u00e9 de la production d&rsquo;eau purifi\u00e9e utilis\u00e9e dans la transformation des aliments. Qu&rsquo;il s&rsquo;agisse d&rsquo;une simple op\u00e9ration en une \u00e9tape ou d&rsquo;un processus complexe incluant d&rsquo;autres technologies de s\u00e9paration, les cartouches membranes et les cartouches profondeur jouent un r\u00f4le essentiel dans l&rsquo;\u00e9limination des contaminants.<br>Pour rester comp\u00e9titif, il est plus important que jamais d&rsquo;optimiser l&rsquo;efficacit\u00e9 des proc\u00e9d\u00e9s afin de r\u00e9duire les co\u00fbts de production et d&rsquo;\u00e9viter les cons\u00e9quences des temps d&rsquo;arr\u00eat.<\/p>\n\n\n\n<h2 class=\"wp-block-heading\" id=\"h-optimiser-la-purification-d-eau-dans-les-process-agroalimentaires\">Optimiser la purification d&rsquo;eau dans les process agroalimentaires<\/h2>\n\n\n\n<figure class=\"wp-block-image size-large\"><img decoding=\"async\" src=\"https:\/\/www.globalfilter.com\/wp-content\/uploads\/2023\/05\/process-eau-agroalimentaire-1.png\" alt=\"\" \/><\/figure>\n\n\n\n<h4 class=\"has-white-color has-text-color has-background wp-block-heading\" style=\"background-color:#3ab291;font-size:18px\">Filtration des particules et pr\u00e9filtration pour osmose inverse (OI)<\/h4>\n\n\n\n<div class=\"wp-block-columns are-vertically-aligned-center is-layout-flex wp-container-core-columns-is-layout-9d6595d7 wp-block-columns-is-layout-flex\">\n<div class=\"wp-block-column is-vertically-aligned-center is-layout-flow wp-block-column-is-layout-flow\" style=\"flex-basis:50%\">\n<div class=\"wp-block-group\"><div class=\"wp-block-group__inner-container is-layout-flow wp-block-group-is-layout-flow\">\n<p><strong><a href=\"https:\/\/www.globalfilter.com\/fr\/produits\/cartouches-a-haut-debit\/\">Filtre particulaire haut d\u00e9bit<\/a><\/strong> &#8211; HFPP Series <\/p>\n\n\n\n<p class=\"has-black-color has-text-color\"><strong><a href=\"https:\/\/www.globalfilter.com\/fr\/serie-gwtb\/\" target=\"_blank\" rel=\"noreferrer noopener\">Cartouche meltblown<\/a><\/strong> &#8211; GWTB Series <\/p>\n\n\n\n<p class=\"has-black-color has-text-color\"><strong><a href=\"https:\/\/www.globalfilter.com\/fr\/produits\/cartouches-plissees\/cartouche-plissee-polypropylene\/\" target=\"_blank\" rel=\"noreferrer noopener\">Cartouche pliss\u00e9e polypropylene<\/a><\/strong> &#8211; PP Series<\/p>\n\n\n\n<p class=\"has-black-color has-text-color\"><strong><a href=\"https:\/\/www.globalfilter.com\/fr\/produits\/corps-de-filtre\/corps-de-filtre-a-cartouches\/\">Corps de filtre multi cartouches<\/a> <\/strong>&#8211; GTCH<\/p>\n<\/div><\/div>\n<\/div>\n\n\n\n<div class=\"wp-block-column is-vertically-aligned-center is-layout-flow wp-block-column-is-layout-flow\" style=\"flex-basis:50%\">\n<p> <\/p>\n\n\n\n<p class=\"has-text-align-left has-normal-font-size\">La protection du charbon actif, des r\u00e9servoirs de d\u00e9ionisation et de l&rsquo;osmoseur est essentielle pour garantir une dur\u00e9e d&rsquo;utilisation la plus longue possible. L&rsquo;eau ou l&rsquo;eau de source est g\u00e9n\u00e9ralement trait\u00e9e et adoucie avant d&rsquo;\u00eatre filtr\u00e9e avec un filtre qui \u00e9limine les particules de plus de 10 microns, puis filtr\u00e9e \u00e0 l&rsquo;aide d&rsquo;un filtre de un \u00e0 cinq microns pour prot\u00e9ger l&rsquo;\u00e9quipement situ\u00e9 en aval.<\/p>\n<\/div>\n<\/div>\n\n\n\n<h4 class=\"has-white-color has-medium-gray-background-color has-text-color has-background wp-block-heading\" id=\"h-filtre-charbon\" style=\"font-size:18px\">Filtre charbon<\/h4>\n\n\n\n<div class=\"wp-block-columns are-vertically-aligned-center is-layout-flex wp-container-core-columns-is-layout-9d6595d7 wp-block-columns-is-layout-flex\">\n<div class=\"wp-block-column is-vertically-aligned-center is-layout-flow wp-block-column-is-layout-flow\" style=\"flex-basis:50%\">\n<div class=\"wp-block-group\"><div class=\"wp-block-group__inner-container is-layout-flow wp-block-group-is-layout-flow\">\n<p><strong>Filtre charbon<\/strong> &#8211; GCC Series <\/p>\n\n\n\n<p class=\"has-black-color has-text-color\"><strong><a href=\"https:\/\/www.globalfilter.com\/fr\/produits\/corps-de-filtre\/corps-de-filtre-a-cartouches\/\">Corps de filtre multi cartouches<\/a> <\/strong>&#8211; GTCH<\/p>\n<\/div><\/div>\n<\/div>\n\n\n\n<div class=\"wp-block-column is-vertically-aligned-center is-layout-flow wp-block-column-is-layout-flow\" style=\"flex-basis:50%\">\n<p> <\/p>\n\n\n\n<p>Les cartouches de charbon fournissent une solution de purification ainsi qu&rsquo;une \u00e9limination du go\u00fbt, de l&rsquo;odeur et de la couleur. La qualit\u00e9 et l&rsquo;efficacit\u00e9 des cartouches pour \u00e9liminer le<br>chlore et les compos\u00e9s organiques sont importantes pour prot\u00e9ger vos r\u00e9servoirs de r\u00e9sine et \u00e9galement pour \u00e9liminer les micropolluants. Les cartouches de charbon actif de la s\u00e9rie GCC sont con\u00e7ues pour emp\u00eacher le relargage de fines de charbon actif.<\/p>\n<\/div>\n<\/div>\n\n\n\n<h4 class=\"has-white-color has-text-color has-background wp-block-heading\" id=\"h-filtres-r-sines\" style=\"background-color:#79d9d7;font-size:18px\">Filtres r\u00e9sines<\/h4>\n\n\n\n<div class=\"wp-block-columns are-vertically-aligned-center is-layout-flex wp-container-core-columns-is-layout-9d6595d7 wp-block-columns-is-layout-flex\">\n<div class=\"wp-block-column is-vertically-aligned-center is-layout-flow wp-block-column-is-layout-flow\" style=\"flex-basis:50%\">\n<div class=\"wp-block-group\"><div class=\"wp-block-group__inner-container is-layout-flow wp-block-group-is-layout-flow\">\n<p><strong><a href=\"https:\/\/www.globalfilter.com\/fr\/produits\/cartouches-plissees\/cartouche-plissee-polypropylene\/\">Cartouche pliss\u00e9e polypropyl\u00e8ne<\/a><\/strong> &#8211; PP Series <\/p>\n\n\n\n<p><strong><a href=\"https:\/\/www.globalfilter.com\/fr\/produits\/cartouches-plissees\/cartouche-plissee-polypropylene\/\">Cartouche pliss\u00e9e profondeur<\/a><\/strong> &#8211; GHLS<\/p>\n\n\n\n<p class=\"has-black-color has-text-color\"><strong><a href=\"https:\/\/www.globalfilter.com\/fr\/produits\/corps-de-filtre\/corps-de-filtre-a-cartouches\/\">Corps de filtre multi cartouches<\/a> <\/strong>&#8211; GTCH<\/p>\n<\/div><\/div>\n<\/div>\n\n\n\n<div class=\"wp-block-column is-vertically-aligned-center is-layout-flow wp-block-column-is-layout-flow\" style=\"flex-basis:50%\">\n<p> <\/p>\n\n\n\n<p>L&rsquo;\u00e9limination des ions de duret\u00e9 (calcium, magn\u00e9sium, etc.) aide \u00e0 pr\u00e9venir le colmatage pr\u00e9matur\u00e9 des membranes d&rsquo;osmose inverse. Les billes de r\u00e9sine pr\u00e9sentes dans les adoucisseurs se d\u00e9composent avec le temps et lib\u00e8rent des particules de r\u00e9sine dans l&rsquo;eau. Les filtres sont essentiels \u00e0 cette \u00e9tape pour retenir les particules fines et les emp\u00eacher de nuire au processus en situ\u00e9 en aval.<\/p>\n<\/div>\n<\/div>\n\n\n\n<h4 class=\"has-white-color has-blue-background-color has-text-color has-background wp-block-heading\" id=\"h-filtre-st-rilisant-0-1-m-et-0-2-m\" style=\"font-size:18px\">Filtre st\u00e9rilisant 0.1\u00b5m et 0.2\u00b5m<\/h4>\n\n\n\n<div class=\"wp-block-columns are-vertically-aligned-center is-layout-flex wp-container-core-columns-is-layout-9d6595d7 wp-block-columns-is-layout-flex\">\n<div class=\"wp-block-column is-vertically-aligned-center is-layout-flow wp-block-column-is-layout-flow\" style=\"flex-basis:50%\">\n<div class=\"wp-block-group\"><div class=\"wp-block-group__inner-container is-layout-flow wp-block-group-is-layout-flow\">\n<p><strong><a href=\"https:\/\/www.globalfilter.com\/fr\/produits\/cartouches-a-membrane-plissee\/polyethersulfone\/\">Cartouche membrane<\/a><\/strong> &#8211; WCPES Series <\/p>\n\n\n\n<p class=\"has-black-color has-text-color\"><strong><a href=\"https:\/\/www.globalfilter.com\/fr\/produits\/corps-de-filtre\/corps-de-filtre-a-cartouches\/\">Corps de filtre sanitaire<\/a> <\/strong>&#8211; GSTL<\/p>\n\n\n\n<p><strong><a href=\"https:\/\/www.globalfilter.com\/fr\/produits\/corps-de-filtre\/corps-de-filtre-a-cartouches\/\">Corps de filtre sanitaire multi cartouches<\/a><\/strong> &#8211; AFS<\/p>\n<\/div><\/div>\n<\/div>\n\n\n\n<div class=\"wp-block-column is-vertically-aligned-center is-layout-flow wp-block-column-is-layout-flow\" style=\"flex-basis:50%\">\n<p> <\/p>\n\n\n\n<p>R\u00e9duit et \u00e9limine les micro-organismes et les contaminants jusqu&rsquo;\u00e0 0,2 micron comme filtration finale pour les applications de haute puret\u00e9 et comme polissage suppl\u00e9mentaire dans les syst\u00e8mes d&rsquo;eau de tr\u00e8s haute puret\u00e9 situ\u00e9s en aval. Notre gamme de cartouches membrane peut r\u00e9pondre \u00e0 tous vos besoins, de l&rsquo;\u00e9limination des particules (s\u00e9rie WCPES) \u00e0 l&rsquo;\u00e9limination des endotoxines (BRHNY+), afin de r\u00e9pondre \u00e0 toutes vos exigences de qualit\u00e9.<\/p>\n<\/div>\n<\/div>\n\n\n\n<h4 class=\"has-white-color has-green-background-color has-text-color has-background wp-block-heading\" id=\"h-filtres-microbiens\" style=\"font-size:18px\">Filtres microbiens<\/h4>\n\n\n\n<div class=\"wp-block-columns are-vertically-aligned-center is-layout-flex wp-container-core-columns-is-layout-9d6595d7 wp-block-columns-is-layout-flex\">\n<div class=\"wp-block-column is-vertically-aligned-center is-layout-flow wp-block-column-is-layout-flow\" style=\"flex-basis:50%\">\n<div class=\"wp-block-group\"><div class=\"wp-block-group__inner-container is-layout-flow wp-block-group-is-layout-flow\">\n<p><strong><a href=\"https:\/\/www.globalfilter.com\/fr\/produits\/cartouches-a-membrane-plissee\/polyethersulfone\/\">Membrane PES-<\/a><\/strong> BRPES Series <\/p>\n\n\n\n<p class=\"has-black-color has-text-color\"><strong><a href=\"https:\/\/www.globalfilter.com\/fr\/produits\/cartouches-a-membrane-plissee\/nylon\/\">Membrane Nylon<\/a><\/strong> &#8211; BRHNY<\/p>\n\n\n\n<p><\/p>\n<\/div><\/div>\n<\/div>\n\n\n\n<div class=\"wp-block-column is-vertically-aligned-center is-layout-flow wp-block-column-is-layout-flow\" style=\"flex-basis:50%\">\n<p> <\/p>\n\n\n\n<p>Lors de l&rsquo;utilisation d&rsquo;un traitement UV dans le processus de purification, il reste souvent des endotoxines. Ces d\u00e9bris charg\u00e9s n\u00e9gativement peuvent \u00eatre \u00e9limin\u00e9s en utilisant un filtre en PES ou en Nylon 6.6 avec une charge positive.<\/p>\n<\/div>\n<\/div>\n\n\n\n<h2 class=\"wp-block-heading\" id=\"h-litterature\">Litterature<\/h2>\n\n\n\n<p>pour en savoir plus sur nos solutions de filtration de l&rsquo;eau dans l&rsquo;agroalimentaire: <\/p>\n\n\n\n<div class=\"wp-block-columns is-layout-flex wp-container-core-columns-is-layout-9d6595d7 wp-block-columns-is-layout-flex\">\n<div class=\"wp-block-column is-layout-flow wp-block-column-is-layout-flow\">\n<figure class=\"wp-block-image size-full\"><img loading=\"lazy\" decoding=\"async\" width=\"673\" height=\"785\" src=\"https:\/\/www.globalfilter.com\/wp-content\/uploads\/2023\/05\/whitepaper-agroalimentaire.png\" alt=\"\" class=\"wp-image-11387\" srcset=\"https:\/\/www.globalfilter.com\/wp-content\/uploads\/2023\/05\/whitepaper-agroalimentaire.png 673w, https:\/\/www.globalfilter.com\/wp-content\/uploads\/2023\/05\/whitepaper-agroalimentaire-257x300.png 257w\" sizes=\"auto, (max-width: 673px) 100vw, 673px\" \/><\/figure>\n<\/div>\n\n\n\n<div class=\"wp-block-column is-layout-flow wp-block-column-is-layout-flow\">\n<p><strong>White paper sur l&rsquo;optimisation de la filtration de l&rsquo;eau dans les process agroalimentaires<\/strong><\/p>\n\n\n\n<p>Global Filter con\u00e7oit et fabrique des corps de filtres et des \u00e9l\u00e9ments filtrants utilis\u00e9s dans l&rsquo;agroalimentaire. D\u00e9couvrez comment nos solutions peuvent optimiser votre processus alimentaires.<\/p>\n\n\n\n<div class=\"wp-block-buttons is-layout-flex wp-block-buttons-is-layout-flex\">\n<div class=\"wp-block-button is-style-fill\"><a class=\"wp-block-button__link has-green-background-color has-background wp-element-button\" href=\"https:\/\/www.globalfilter.com\/wp-content\/uploads\/2023\/05\/Whitepaper-water-filtration-in-food-bev-FR.pdf\" target=\"_blank\" rel=\"noreferrer noopener\">T\u00e9l\u00e9charger le whitepaper<\/a><\/div>\n<\/div>\n<\/div>\n\n\n\n<div class=\"wp-block-column is-layout-flow wp-block-column-is-layout-flow\"><\/div>\n<\/div>\n\n\n\n<p><\/p>\n","protected":false},"excerpt":{"rendered":"<p>L&rsquo;importance de la filtration d&rsquo;eau dans l&rsquo;agroalimentaire La filtration est un \u00e9l\u00e9ment cl\u00e9 de la production d&rsquo;eau purifi\u00e9e utilis\u00e9e dans la transformation des aliments. Qu&rsquo;il s&rsquo;agisse d&rsquo;une simple op\u00e9ration en une \u00e9tape ou d&rsquo;un processus complexe incluant d&rsquo;autres technologies de s\u00e9paration, les cartouches membranes et les cartouches profondeur jouent un r\u00f4le essentiel dans l&rsquo;\u00e9limination des [&hellip;]<\/p>\n","protected":false},"author":8,"featured_media":0,"parent":0,"menu_order":0,"comment_status":"closed","ping_status":"closed","template":"","meta":{"_acf_changed":false,"content-type":"","footnotes":""},"class_list":["post-11395","page","type-page","status-publish","hentry"],"acf":[],"yoast_head":"<!-- This site is optimized with the Yoast SEO plugin v27.3 - https:\/\/yoast.com\/product\/yoast-seo-wordpress\/ -->\n<title>Filtration d&#039;eau dans l&#039;agroalimentaire - Global Filter<\/title>\n<meta name=\"description\" content=\"la filtration d&#039;eau dans l&#039;agroalimentaire joue un role d\u00e9terminant. Global filter propose des solutions pour optimiser vos process.\" \/>\n<meta name=\"robots\" content=\"index, follow, max-snippet:-1, max-image-preview:large, max-video-preview:-1\" \/>\n<link rel=\"canonical\" href=\"https:\/\/www.globalfilter.com\/fr\/filtration-deau-dans-lagroalimentaire\/\" \/>\n<meta property=\"og:locale\" content=\"fr_FR\" \/>\n<meta property=\"og:type\" content=\"article\" \/>\n<meta property=\"og:title\" content=\"Filtration d&#039;eau dans l&#039;agroalimentaire - Global Filter\" \/>\n<meta property=\"og:description\" content=\"la filtration d&#039;eau dans l&#039;agroalimentaire joue un role d\u00e9terminant. Global filter propose des solutions pour optimiser vos process.\" \/>\n<meta property=\"og:url\" content=\"https:\/\/www.globalfilter.com\/fr\/filtration-deau-dans-lagroalimentaire\/\" \/>\n<meta property=\"og:site_name\" content=\"Global Filter\" \/>\n<meta property=\"article:modified_time\" content=\"2023-05-17T14:52:03+00:00\" \/>\n<meta property=\"og:image\" content=\"https:\/\/www.globalfilter.com\/wp-content\/uploads\/2023\/05\/process-eau-agroalimentaire-1.png\" \/>\n<meta name=\"twitter:card\" content=\"summary_large_image\" \/>\n<meta name=\"twitter:label1\" content=\"Dur\u00e9e de lecture estim\u00e9e\" \/>\n\t<meta name=\"twitter:data1\" content=\"3 minutes\" \/>\n<script type=\"application\/ld+json\" class=\"yoast-schema-graph\">{\"@context\":\"https:\\\/\\\/schema.org\",\"@graph\":[{\"@type\":\"WebPage\",\"@id\":\"https:\\\/\\\/www.globalfilter.com\\\/fr\\\/filtration-deau-dans-lagroalimentaire\\\/\",\"url\":\"https:\\\/\\\/www.globalfilter.com\\\/fr\\\/filtration-deau-dans-lagroalimentaire\\\/\",\"name\":\"Filtration d'eau dans l'agroalimentaire - Global Filter\",\"isPartOf\":{\"@id\":\"https:\\\/\\\/www.globalfilter.com\\\/fr\\\/#website\"},\"primaryImageOfPage\":{\"@id\":\"https:\\\/\\\/www.globalfilter.com\\\/fr\\\/filtration-deau-dans-lagroalimentaire\\\/#primaryimage\"},\"image\":{\"@id\":\"https:\\\/\\\/www.globalfilter.com\\\/fr\\\/filtration-deau-dans-lagroalimentaire\\\/#primaryimage\"},\"thumbnailUrl\":\"https:\\\/\\\/www.globalfilter.com\\\/wp-content\\\/uploads\\\/2023\\\/05\\\/process-eau-agroalimentaire-1.png\",\"datePublished\":\"2023-05-17T14:42:12+00:00\",\"dateModified\":\"2023-05-17T14:52:03+00:00\",\"description\":\"la filtration d'eau dans l'agroalimentaire joue un role d\u00e9terminant. Global filter propose des solutions pour optimiser vos process.\",\"breadcrumb\":{\"@id\":\"https:\\\/\\\/www.globalfilter.com\\\/fr\\\/filtration-deau-dans-lagroalimentaire\\\/#breadcrumb\"},\"inLanguage\":\"fr-FR\",\"potentialAction\":[{\"@type\":\"ReadAction\",\"target\":[\"https:\\\/\\\/www.globalfilter.com\\\/fr\\\/filtration-deau-dans-lagroalimentaire\\\/\"]}]},{\"@type\":\"ImageObject\",\"inLanguage\":\"fr-FR\",\"@id\":\"https:\\\/\\\/www.globalfilter.com\\\/fr\\\/filtration-deau-dans-lagroalimentaire\\\/#primaryimage\",\"url\":\"https:\\\/\\\/www.globalfilter.com\\\/wp-content\\\/uploads\\\/2023\\\/05\\\/process-eau-agroalimentaire-1.png\",\"contentUrl\":\"https:\\\/\\\/www.globalfilter.com\\\/wp-content\\\/uploads\\\/2023\\\/05\\\/process-eau-agroalimentaire-1.png\"},{\"@type\":\"BreadcrumbList\",\"@id\":\"https:\\\/\\\/www.globalfilter.com\\\/fr\\\/filtration-deau-dans-lagroalimentaire\\\/#breadcrumb\",\"itemListElement\":[{\"@type\":\"ListItem\",\"position\":1,\"name\":\"home\",\"item\":\"https:\\\/\\\/www.globalfilter.com\\\/fr\\\/\"},{\"@type\":\"ListItem\",\"position\":2,\"name\":\"Filtration d&#8217;eau dans l&#8217;agroalimentaire\"}]},{\"@type\":\"WebSite\",\"@id\":\"https:\\\/\\\/www.globalfilter.com\\\/fr\\\/#website\",\"url\":\"https:\\\/\\\/www.globalfilter.com\\\/fr\\\/\",\"name\":\"Global Filter\",\"description\":\"Making the World Safer, Healthier and More Productive\",\"publisher\":{\"@id\":\"https:\\\/\\\/www.globalfilter.com\\\/fr\\\/#organization\"},\"potentialAction\":[{\"@type\":\"SearchAction\",\"target\":{\"@type\":\"EntryPoint\",\"urlTemplate\":\"https:\\\/\\\/www.globalfilter.com\\\/fr\\\/?s={search_term_string}\"},\"query-input\":{\"@type\":\"PropertyValueSpecification\",\"valueRequired\":true,\"valueName\":\"search_term_string\"}}],\"inLanguage\":\"fr-FR\"},{\"@type\":\"Organization\",\"@id\":\"https:\\\/\\\/www.globalfilter.com\\\/fr\\\/#organization\",\"name\":\"Global filter\",\"url\":\"https:\\\/\\\/www.globalfilter.com\\\/fr\\\/\",\"logo\":{\"@type\":\"ImageObject\",\"inLanguage\":\"fr-FR\",\"@id\":\"https:\\\/\\\/www.globalfilter.com\\\/fr\\\/#\\\/schema\\\/logo\\\/image\\\/\",\"url\":\"https:\\\/\\\/www.globalfilter.com\\\/wp-content\\\/uploads\\\/2019\\\/06\\\/FGC-logo-1.png\",\"contentUrl\":\"https:\\\/\\\/www.globalfilter.com\\\/wp-content\\\/uploads\\\/2019\\\/06\\\/FGC-logo-1.png\",\"width\":1104,\"height\":224,\"caption\":\"Global filter\"},\"image\":{\"@id\":\"https:\\\/\\\/www.globalfilter.com\\\/fr\\\/#\\\/schema\\\/logo\\\/image\\\/\"},\"sameAs\":[\"https:\\\/\\\/www.linkedin.com\\\/company\\\/global-filter-llc\"]}]}<\/script>\n<!-- \/ Yoast SEO plugin. -->","yoast_head_json":{"title":"Filtration d'eau dans l'agroalimentaire - Global Filter","description":"la filtration d'eau dans l'agroalimentaire joue un role d\u00e9terminant. Global filter propose des solutions pour optimiser vos process.","robots":{"index":"index","follow":"follow","max-snippet":"max-snippet:-1","max-image-preview":"max-image-preview:large","max-video-preview":"max-video-preview:-1"},"canonical":"https:\/\/www.globalfilter.com\/fr\/filtration-deau-dans-lagroalimentaire\/","og_locale":"fr_FR","og_type":"article","og_title":"Filtration d'eau dans l'agroalimentaire - Global Filter","og_description":"la filtration d'eau dans l'agroalimentaire joue un role d\u00e9terminant. Global filter propose des solutions pour optimiser vos process.","og_url":"https:\/\/www.globalfilter.com\/fr\/filtration-deau-dans-lagroalimentaire\/","og_site_name":"Global Filter","article_modified_time":"2023-05-17T14:52:03+00:00","og_image":[{"url":"https:\/\/www.globalfilter.com\/wp-content\/uploads\/2023\/05\/process-eau-agroalimentaire-1.png","type":"","width":"","height":""}],"twitter_card":"summary_large_image","twitter_misc":{"Dur\u00e9e de lecture estim\u00e9e":"3 minutes"},"schema":{"@context":"https:\/\/schema.org","@graph":[{"@type":"WebPage","@id":"https:\/\/www.globalfilter.com\/fr\/filtration-deau-dans-lagroalimentaire\/","url":"https:\/\/www.globalfilter.com\/fr\/filtration-deau-dans-lagroalimentaire\/","name":"Filtration d'eau dans l'agroalimentaire - Global Filter","isPartOf":{"@id":"https:\/\/www.globalfilter.com\/fr\/#website"},"primaryImageOfPage":{"@id":"https:\/\/www.globalfilter.com\/fr\/filtration-deau-dans-lagroalimentaire\/#primaryimage"},"image":{"@id":"https:\/\/www.globalfilter.com\/fr\/filtration-deau-dans-lagroalimentaire\/#primaryimage"},"thumbnailUrl":"https:\/\/www.globalfilter.com\/wp-content\/uploads\/2023\/05\/process-eau-agroalimentaire-1.png","datePublished":"2023-05-17T14:42:12+00:00","dateModified":"2023-05-17T14:52:03+00:00","description":"la filtration d'eau dans l'agroalimentaire joue un role d\u00e9terminant. Global filter propose des solutions pour optimiser vos process.","breadcrumb":{"@id":"https:\/\/www.globalfilter.com\/fr\/filtration-deau-dans-lagroalimentaire\/#breadcrumb"},"inLanguage":"fr-FR","potentialAction":[{"@type":"ReadAction","target":["https:\/\/www.globalfilter.com\/fr\/filtration-deau-dans-lagroalimentaire\/"]}]},{"@type":"ImageObject","inLanguage":"fr-FR","@id":"https:\/\/www.globalfilter.com\/fr\/filtration-deau-dans-lagroalimentaire\/#primaryimage","url":"https:\/\/www.globalfilter.com\/wp-content\/uploads\/2023\/05\/process-eau-agroalimentaire-1.png","contentUrl":"https:\/\/www.globalfilter.com\/wp-content\/uploads\/2023\/05\/process-eau-agroalimentaire-1.png"},{"@type":"BreadcrumbList","@id":"https:\/\/www.globalfilter.com\/fr\/filtration-deau-dans-lagroalimentaire\/#breadcrumb","itemListElement":[{"@type":"ListItem","position":1,"name":"home","item":"https:\/\/www.globalfilter.com\/fr\/"},{"@type":"ListItem","position":2,"name":"Filtration d&#8217;eau dans l&#8217;agroalimentaire"}]},{"@type":"WebSite","@id":"https:\/\/www.globalfilter.com\/fr\/#website","url":"https:\/\/www.globalfilter.com\/fr\/","name":"Global Filter","description":"Making the World Safer, Healthier and More Productive","publisher":{"@id":"https:\/\/www.globalfilter.com\/fr\/#organization"},"potentialAction":[{"@type":"SearchAction","target":{"@type":"EntryPoint","urlTemplate":"https:\/\/www.globalfilter.com\/fr\/?s={search_term_string}"},"query-input":{"@type":"PropertyValueSpecification","valueRequired":true,"valueName":"search_term_string"}}],"inLanguage":"fr-FR"},{"@type":"Organization","@id":"https:\/\/www.globalfilter.com\/fr\/#organization","name":"Global filter","url":"https:\/\/www.globalfilter.com\/fr\/","logo":{"@type":"ImageObject","inLanguage":"fr-FR","@id":"https:\/\/www.globalfilter.com\/fr\/#\/schema\/logo\/image\/","url":"https:\/\/www.globalfilter.com\/wp-content\/uploads\/2019\/06\/FGC-logo-1.png","contentUrl":"https:\/\/www.globalfilter.com\/wp-content\/uploads\/2019\/06\/FGC-logo-1.png","width":1104,"height":224,"caption":"Global filter"},"image":{"@id":"https:\/\/www.globalfilter.com\/fr\/#\/schema\/logo\/image\/"},"sameAs":["https:\/\/www.linkedin.com\/company\/global-filter-llc"]}]}},"_links":{"self":[{"href":"https:\/\/www.globalfilter.com\/fr\/wp-json\/wp\/v2\/pages\/11395","targetHints":{"allow":["GET"]}}],"collection":[{"href":"https:\/\/www.globalfilter.com\/fr\/wp-json\/wp\/v2\/pages"}],"about":[{"href":"https:\/\/www.globalfilter.com\/fr\/wp-json\/wp\/v2\/types\/page"}],"author":[{"embeddable":true,"href":"https:\/\/www.globalfilter.com\/fr\/wp-json\/wp\/v2\/users\/8"}],"replies":[{"embeddable":true,"href":"https:\/\/www.globalfilter.com\/fr\/wp-json\/wp\/v2\/comments?post=11395"}],"version-history":[{"count":0,"href":"https:\/\/www.globalfilter.com\/fr\/wp-json\/wp\/v2\/pages\/11395\/revisions"}],"wp:attachment":[{"href":"https:\/\/www.globalfilter.com\/fr\/wp-json\/wp\/v2\/media?parent=11395"}],"curies":[{"name":"wp","href":"https:\/\/api.w.org\/{rel}","templated":true}]}}