{"id":11574,"date":"2023-08-02T15:16:46","date_gmt":"2023-08-02T15:16:46","guid":{"rendered":"https:\/\/www.globalfilter.com\/?page_id=11574"},"modified":"2025-07-18T13:03:31","modified_gmt":"2025-07-18T13:03:31","slug":"filtration-des-events-de-cuves","status":"publish","type":"page","link":"https:\/\/www.globalfilter.com\/fr\/filtration-des-events-de-cuves\/","title":{"rendered":"Filtration des \u00e9vents de cuves"},"content":{"rendered":"\n<div class=\"wp-block-cover alignfull is-light\" style=\"min-height:264px;aspect-ratio:unset;\"><span aria-hidden=\"true\" class=\"wp-block-cover__background has-background-dim-40 has-background-dim\"><\/span><img loading=\"lazy\" decoding=\"async\" width=\"1392\" height=\"753\" class=\"wp-block-cover__image-background wp-image-11523\" alt=\"\" src=\"https:\/\/www.globalfilter.com\/wp-content\/uploads\/2023\/06\/Tank-Vent.jpg\" style=\"object-position:49% 51%\" data-object-fit=\"cover\" data-object-position=\"49% 51%\" srcset=\"https:\/\/www.globalfilter.com\/wp-content\/uploads\/2023\/06\/Tank-Vent.jpg 1392w, https:\/\/www.globalfilter.com\/wp-content\/uploads\/2023\/06\/Tank-Vent-300x162.jpg 300w, https:\/\/www.globalfilter.com\/wp-content\/uploads\/2023\/06\/Tank-Vent-1024x554.jpg 1024w, https:\/\/www.globalfilter.com\/wp-content\/uploads\/2023\/06\/Tank-Vent-768x415.jpg 768w\" sizes=\"auto, (max-width: 1392px) 100vw, 1392px\" \/><div class=\"wp-block-cover__inner-container is-layout-flow wp-block-cover-is-layout-flow\">\n<h2 class=\"has-text-align-center has-white-color has-text-color has-large-font-size wp-block-heading\" id=\"h-filtration-des-vents-de-cuves\">Filtration des \u00e9vents de cuves<\/h2>\n\n\n\n<p class=\"has-text-align-center has-white-color has-text-color\">Les filtres d&rsquo;\u00e9vent de cuves jouent un r\u00f4le essentiel dans de nombreux processus. Ils prot\u00e8gent les liquides pomp\u00e9s dans et hors des r\u00e9servoirs de stockage contre les particules et les contaminants microbiologiques pr\u00e9sents dans l&rsquo;air.<\/p>\n<\/div><\/div>\n\n\n\n<h2 class=\"wp-block-heading\" id=\"h-comprendre-la-filtration-d-vents-de-cuves\">Comprendre la filtration d&rsquo;\u00e9vents de cuves<\/h2>\n\n\n\n<p>La filtration des \u00e9vents de cuves est un syst\u00e8me de filtration con\u00e7u pour emp\u00eacher les contaminants de p\u00e9n\u00e9trer dans les r\u00e9servoirs de stockage utilis\u00e9s dans la production de beaucoup de produits. Elle implique l&rsquo;utilisation de filtres sp\u00e9cialis\u00e9s install\u00e9s sur les \u00e9vents des r\u00e9servoirs pour capturer et \u00e9liminer les impuret\u00e9s en suspension dans l&rsquo;air, telles que les particules de poussi\u00e8re, les bact\u00e9ries et les compos\u00e9s organiques volatils (COV), qui pourraient compromettre la qualit\u00e9 et la s\u00e9curit\u00e9 du produits stock\u00e9 dans le r\u00e9servoir. Les filtres des \u00e9vents de cuves doivent \u00eatre correctement dimensionn\u00e9s pour ne pas entraver la circulation de l&rsquo;air, afin de maintenir l&rsquo;\u00e9quilibre de la pression et d&rsquo;\u00e9viter d&rsquo;endommager les r\u00e9servoirs de stockage. <\/p>\n\n\n\n<h2 class=\"wp-block-heading\" id=\"h-l-importance-des-filtres-pour-vents-de-cuves\">L&rsquo;importance des filtres pour \u00e9vents de cuves<\/h2>\n\n\n\n<ul class=\"wp-block-list\">\n<li><strong>Pr\u00e9server la qualit\u00e9 du produits<\/strong> : Les contaminants a\u00e9roport\u00e9s tels que la poussi\u00e8re, les bact\u00e9ries et les COV peuvent nuire \u00e0 la qualit\u00e9 du produit stock\u00e9 en introduisant des odeurs ou des impuret\u00e9s ind\u00e9sirables. Les filtres d&rsquo;\u00e9vent de r\u00e9servoir agissent comme une barri\u00e8re garantissant que seul de l&rsquo;air propre p\u00e9n\u00e8tre dans les r\u00e9servoirs de stockage.<\/li>\n\n\n\n<li><strong>Maintien de l&rsquo;uniformit\u00e9 des produits<\/strong> : Dans l&rsquo;industrie, il est essentiel que les produits aient les m\u00eames performances et la m\u00eame apparence. Les filtres d&rsquo;\u00e9vent de r\u00e9servoir peuvent minimiser les variations de produits, ce qui se traduit par une exp\u00e9rience fiable et satisfaisante pour le client.<\/li>\n\n\n\n<li><strong>Conformit\u00e9 aux r\u00e9glementations <\/strong>: Les produits industriels sont soumis \u00e0 des exigences r\u00e9glementaires et \u00e0 des normes de qualit\u00e9 strictes. Les filtres d&rsquo;\u00e9vent de cuves aident la production \u00e0 r\u00e9pondre \u00e0 ces exigences fix\u00e9es par les autorit\u00e9s r\u00e9glementaires.<\/li>\n<\/ul>\n\n\n\n<h2 class=\"wp-block-heading\" id=\"h-avantages-des-filtres-pour-vents-de-cuves\">Avantages des filtres pour \u00e9vents de cuves<\/h2>\n\n\n\n<ul class=\"wp-block-list\">\n<li><strong>S\u00e9curit\u00e9 accrue<\/strong> : Avec un risque r\u00e9duit de bact\u00e9ries et de COV, les consommateurs peuvent \u00eatre s\u00fbrs que le produit qu&rsquo;ils consomme est s\u00fbr et l&rsquo;usine peut \u00eatre s\u00fbre qu&rsquo;elle respectera les r\u00e9glementations.<\/li>\n\n\n\n<li><strong>Dur\u00e9e de conservation prolong\u00e9e<\/strong> : La pr\u00e9vention de la contamination permet de prolonger la dur\u00e9e de conservation du produit final, de pr\u00e9server sa fra\u00eecheur et de garantir sa qualit\u00e9 au fil du temps.<\/li>\n\n\n\n<li><strong>R\u00e9duction des co\u00fbts de production et d&rsquo;\u00e9quipement<\/strong> : La contamination par l&rsquo;air peut entra\u00eener des rappels de produits co\u00fbteux et endommager les \u00e9quipements en aval. Sans \u00e9vents, les r\u00e9servoirs de stockage de produits imploseraient ou exploseraient en raison des variations de pression.<\/li>\n<\/ul>\n\n\n\n<h2 class=\"wp-block-heading\" id=\"h-exigeances-des-vents-de-cuves\">Exigeances des \u00e9vents de cuves<\/h2>\n\n\n\n<ul class=\"wp-block-list\">\n<li><strong>\u00c9limination des particules et des micro-organismes<\/strong> : Les filtres d&rsquo;a\u00e9ration des r\u00e9servoirs doivent capturer et \u00e9liminer efficacement la poussi\u00e8re, les d\u00e9bris en suspension dans l&rsquo;air, les bact\u00e9ries, les virus et les compos\u00e9s organiques volatils. Une efficacit\u00e9 \u00e9lev\u00e9e de filtration des particules et des micro-organismes est essentielle pour pr\u00e9venir la contamination du produit final.<\/li>\n\n\n\n<li><strong>Capacit\u00e9 de d\u00e9bit d&rsquo;air<\/strong> : La capacit\u00e9 de d\u00e9bit d&rsquo;air doit \u00eatre suffisante pour r\u00e9pondre aux exigences de ventilation et de d\u00e9bit d&rsquo;air des r\u00e9servoirs. Veillez \u00e0 ce qu&rsquo;il n&rsquo;y ait pas de chutes de pression excessives ou de restrictions de d\u00e9bit, qui pourraient endommager les r\u00e9servoirs de stockage.<\/li>\n\n\n\n<li><strong>Long\u00e9vit\u00e9 et durabilit\u00e9<\/strong> : Les filtres doivent avoir une longue dur\u00e9e de vie et \u00eatre r\u00e9sistants \u00e0 l&rsquo;usure. Les filtres doivent pouvoir r\u00e9sister aux conditions environnementales et maintenir leur efficacit\u00e9 de filtration pendant une p\u00e9riode prolong\u00e9e sans \u00eatre remplac\u00e9s fr\u00e9quemment.<\/li>\n\n\n\n<li><strong>Conformit\u00e9 aux r\u00e9glementations :<\/strong> Les filtres doivent r\u00e9pondre aux exigences r\u00e9glementaires et aux normes fix\u00e9es par les autorit\u00e9s comp\u00e9tentes, telles que la Food and Drug Administration (FDA) ou d&rsquo;autres organismes de r\u00e9glementation locaux. Assurez-vous que les filtres s\u00e9lectionn\u00e9s sont conformes \u00e0 ces r\u00e9glementations afin de garantir la s\u00e9curit\u00e9 et la qualit\u00e9 du produit final.<\/li>\n\n\n\n<li><strong>Compatibilit\u00e9 avec les syst\u00e8mes existants<\/strong> : Les filtres d&rsquo;\u00e9vent de r\u00e9servoir doivent \u00eatre compatibles avec les syst\u00e8mes de ventilation existants et la conception des r\u00e9servoirs utilis\u00e9s dans le process. Tenez compte des aspects de compatibilit\u00e9 pour assurer une int\u00e9gration transparente et un bon fonctionnement du syst\u00e8me de filtration.<\/li>\n<\/ul>\n\n\n\n<h2 class=\"wp-block-heading\" id=\"h-filtres-recommand-s-pour-les-vents-de-cuves\">Filtres recommand\u00e9s pour les \u00e9vents de cuves<\/h2>\n\n\n\n<p>Global Filter recommande deux types de cartouches membranes pour la filtration des \u00e9vents de cuves.. <\/p>\n\n\n\n<div class=\"wp-block-media-text alignwide is-stacked-on-mobile\"><figure class=\"wp-block-media-text__media\"><img loading=\"lazy\" decoding=\"async\" width=\"1024\" height=\"576\" src=\"https:\/\/www.globalfilter.com\/wp-content\/uploads\/2021\/02\/GHPS-Series-1-1024x576.jpg\" alt=\"\" class=\"wp-image-5449 size-full\" srcset=\"https:\/\/www.globalfilter.com\/wp-content\/uploads\/2021\/02\/GHPS-Series-1-1024x576.jpg 1024w, https:\/\/www.globalfilter.com\/wp-content\/uploads\/2021\/02\/GHPS-Series-1-300x169.jpg 300w, https:\/\/www.globalfilter.com\/wp-content\/uploads\/2021\/02\/GHPS-Series-1-768x432.jpg 768w, https:\/\/www.globalfilter.com\/wp-content\/uploads\/2021\/02\/GHPS-Series-1-1536x864.jpg 1536w, https:\/\/www.globalfilter.com\/wp-content\/uploads\/2021\/02\/GHPS-Series-1.jpg 1920w\" sizes=\"auto, (max-width: 1024px) 100vw, 1024px\" \/><\/figure><div class=\"wp-block-media-text__content\">\n<h2 class=\"wp-block-heading\" id=\"h-cartouche-membrane-en-polysulfone-hydrophobe\">Cartouche Membrane en Polysulfone Hydrophobe<\/h2>\n\n\n\n<p>Global Filter recommande l&rsquo;utilisation de nos cartouches <a href=\"https:\/\/www.globalfilter.com\/fr\/produits\/cartouches-a-membrane-plissee\/polysulfone-hydrophobe\/\">PSH-Series<\/a> en polysulfone hydrophobe avec une r\u00e9tention de 0.2 micron. <\/p>\n\n\n\n<div class=\"wp-block-columns is-layout-flex wp-container-core-columns-is-layout-9d6595d7 wp-block-columns-is-layout-flex\">\n<div class=\"wp-block-column is-layout-flow wp-block-column-is-layout-flow\" style=\"flex-basis:100%\">\n<div class=\"wp-block-buttons is-layout-flex wp-block-buttons-is-layout-flex\">\n<div class=\"wp-block-button is-style-fill\"><a class=\"wp-block-button__link has-green-background-color has-background wp-element-button\" href=\"https:\/\/www.globalfilter.com\/fr\/nous-contacter\/\">Contactez nous pour plus d&rsquo;informations<\/a><\/div>\n<\/div>\n<\/div>\n<\/div>\n<\/div><\/div>\n\n\n\n<div class=\"wp-block-media-text alignwide is-stacked-on-mobile\"><figure class=\"wp-block-media-text__media\"><img loading=\"lazy\" decoding=\"async\" width=\"1024\" height=\"576\" src=\"https:\/\/www.globalfilter.com\/wp-content\/uploads\/2019\/09\/PTFE-1024x576.jpg\" alt=\"PTFE\" class=\"wp-image-600 size-full\" srcset=\"https:\/\/www.globalfilter.com\/wp-content\/uploads\/2019\/09\/PTFE-1024x576.jpg 1024w, https:\/\/www.globalfilter.com\/wp-content\/uploads\/2019\/09\/PTFE-300x169.jpg 300w, https:\/\/www.globalfilter.com\/wp-content\/uploads\/2019\/09\/PTFE-768x432.jpg 768w, https:\/\/www.globalfilter.com\/wp-content\/uploads\/2019\/09\/PTFE.jpg 1920w\" sizes=\"auto, (max-width: 1024px) 100vw, 1024px\" \/><\/figure><div class=\"wp-block-media-text__content\">\n<h2 class=\"wp-block-heading\" id=\"h-cartouche-membrane-ptfe\">Cartouche Membrane PTFE  <\/h2>\n\n\n\n<p>Global Filter recommande l&rsquo;utilisation de nos cartouches <a href=\"https:\/\/www.globalfilter.com\/fr\/produits\/cartouches-a-membrane-plissee\/ptfe\/\">PPTFE-Series<\/a> \u00e0 0.2micron. <\/p>\n\n\n\n<div class=\"wp-block-buttons is-layout-flex wp-block-buttons-is-layout-flex\">\n<div class=\"wp-block-button is-style-fill\"><a class=\"wp-block-button__link has-green-background-color has-background wp-element-button\" href=\"https:\/\/www.globalfilter.com\/fr\/nous-contacter\/\">Contactez nous pour plus d&rsquo;informations<\/a><\/div>\n<\/div>\n<\/div><\/div>\n","protected":false},"excerpt":{"rendered":"<p>Comprendre la filtration d&rsquo;\u00e9vents de cuves La filtration des \u00e9vents de cuves est un syst\u00e8me de filtration con\u00e7u pour emp\u00eacher les contaminants de p\u00e9n\u00e9trer dans les r\u00e9servoirs de stockage utilis\u00e9s dans la production de beaucoup de produits. Elle implique l&rsquo;utilisation de filtres sp\u00e9cialis\u00e9s install\u00e9s sur les \u00e9vents des r\u00e9servoirs pour capturer et \u00e9liminer les impuret\u00e9s [&hellip;]<\/p>\n","protected":false},"author":8,"featured_media":11532,"parent":0,"menu_order":0,"comment_status":"closed","ping_status":"closed","template":"","meta":{"_acf_changed":false,"content-type":"","footnotes":""},"class_list":["post-11574","page","type-page","status-publish","has-post-thumbnail","hentry"],"acf":[],"yoast_head":"<!-- This site is optimized with the Yoast SEO plugin v27.3 - https:\/\/yoast.com\/product\/yoast-seo-wordpress\/ -->\n<title>Filtration des \u00e9vents de cuves - Global Filter<\/title>\n<meta name=\"description\" content=\"La filtration des \u00e9vents de cuves est un syst\u00e8me de filtration con\u00e7u pour emp\u00eacher les contaminants de p\u00e9n\u00e9trer dans les r\u00e9servoirs de stockage utilis\u00e9s dans de nombreux process.\" \/>\n<meta name=\"robots\" content=\"index, follow, max-snippet:-1, max-image-preview:large, max-video-preview:-1\" \/>\n<link rel=\"canonical\" href=\"https:\/\/www.globalfilter.com\/fr\/filtration-des-events-de-cuves\/\" \/>\n<meta property=\"og:locale\" content=\"fr_FR\" \/>\n<meta property=\"og:type\" content=\"article\" \/>\n<meta property=\"og:title\" content=\"Filtration des \u00e9vents de cuves - Global Filter\" \/>\n<meta property=\"og:description\" content=\"La filtration des \u00e9vents de cuves est un syst\u00e8me de filtration con\u00e7u pour emp\u00eacher les contaminants de p\u00e9n\u00e9trer dans les r\u00e9servoirs de stockage utilis\u00e9s dans de nombreux process.\" \/>\n<meta property=\"og:url\" content=\"https:\/\/www.globalfilter.com\/fr\/filtration-des-events-de-cuves\/\" \/>\n<meta property=\"og:site_name\" content=\"Global Filter\" \/>\n<meta property=\"article:modified_time\" content=\"2025-07-18T13:03:31+00:00\" \/>\n<meta property=\"og:image\" content=\"https:\/\/www.globalfilter.com\/wp-content\/uploads\/2023\/06\/Tank-Vent-Filtration.png\" \/>\n\t<meta property=\"og:image:width\" content=\"1200\" \/>\n\t<meta property=\"og:image:height\" content=\"1200\" \/>\n\t<meta property=\"og:image:type\" content=\"image\/png\" \/>\n<meta name=\"twitter:card\" content=\"summary_large_image\" \/>\n<meta name=\"twitter:label1\" content=\"Dur\u00e9e de lecture estim\u00e9e\" \/>\n\t<meta name=\"twitter:data1\" content=\"4 minutes\" \/>\n<script type=\"application\/ld+json\" class=\"yoast-schema-graph\">{\"@context\":\"https:\\\/\\\/schema.org\",\"@graph\":[{\"@type\":\"WebPage\",\"@id\":\"https:\\\/\\\/www.globalfilter.com\\\/fr\\\/filtration-des-events-de-cuves\\\/\",\"url\":\"https:\\\/\\\/www.globalfilter.com\\\/fr\\\/filtration-des-events-de-cuves\\\/\",\"name\":\"Filtration des \u00e9vents de cuves - Global Filter\",\"isPartOf\":{\"@id\":\"https:\\\/\\\/www.globalfilter.com\\\/fr\\\/#website\"},\"primaryImageOfPage\":{\"@id\":\"https:\\\/\\\/www.globalfilter.com\\\/fr\\\/filtration-des-events-de-cuves\\\/#primaryimage\"},\"image\":{\"@id\":\"https:\\\/\\\/www.globalfilter.com\\\/fr\\\/filtration-des-events-de-cuves\\\/#primaryimage\"},\"thumbnailUrl\":\"https:\\\/\\\/www.globalfilter.com\\\/wp-content\\\/uploads\\\/2023\\\/06\\\/Tank-Vent-Filtration.png\",\"datePublished\":\"2023-08-02T15:16:46+00:00\",\"dateModified\":\"2025-07-18T13:03:31+00:00\",\"description\":\"La filtration des \u00e9vents de cuves est un syst\u00e8me de filtration con\u00e7u pour emp\u00eacher les contaminants de p\u00e9n\u00e9trer dans les r\u00e9servoirs de stockage utilis\u00e9s dans de nombreux process.\",\"breadcrumb\":{\"@id\":\"https:\\\/\\\/www.globalfilter.com\\\/fr\\\/filtration-des-events-de-cuves\\\/#breadcrumb\"},\"inLanguage\":\"fr-FR\",\"potentialAction\":[{\"@type\":\"ReadAction\",\"target\":[\"https:\\\/\\\/www.globalfilter.com\\\/fr\\\/filtration-des-events-de-cuves\\\/\"]}]},{\"@type\":\"ImageObject\",\"inLanguage\":\"fr-FR\",\"@id\":\"https:\\\/\\\/www.globalfilter.com\\\/fr\\\/filtration-des-events-de-cuves\\\/#primaryimage\",\"url\":\"https:\\\/\\\/www.globalfilter.com\\\/wp-content\\\/uploads\\\/2023\\\/06\\\/Tank-Vent-Filtration.png\",\"contentUrl\":\"https:\\\/\\\/www.globalfilter.com\\\/wp-content\\\/uploads\\\/2023\\\/06\\\/Tank-Vent-Filtration.png\",\"width\":1200,\"height\":1200},{\"@type\":\"BreadcrumbList\",\"@id\":\"https:\\\/\\\/www.globalfilter.com\\\/fr\\\/filtration-des-events-de-cuves\\\/#breadcrumb\",\"itemListElement\":[{\"@type\":\"ListItem\",\"position\":1,\"name\":\"home\",\"item\":\"https:\\\/\\\/www.globalfilter.com\\\/fr\\\/\"},{\"@type\":\"ListItem\",\"position\":2,\"name\":\"Filtration des \u00e9vents de cuves\"}]},{\"@type\":\"WebSite\",\"@id\":\"https:\\\/\\\/www.globalfilter.com\\\/fr\\\/#website\",\"url\":\"https:\\\/\\\/www.globalfilter.com\\\/fr\\\/\",\"name\":\"Global Filter\",\"description\":\"Making the World Safer, Healthier and More Productive\",\"publisher\":{\"@id\":\"https:\\\/\\\/www.globalfilter.com\\\/fr\\\/#organization\"},\"potentialAction\":[{\"@type\":\"SearchAction\",\"target\":{\"@type\":\"EntryPoint\",\"urlTemplate\":\"https:\\\/\\\/www.globalfilter.com\\\/fr\\\/?s={search_term_string}\"},\"query-input\":{\"@type\":\"PropertyValueSpecification\",\"valueRequired\":true,\"valueName\":\"search_term_string\"}}],\"inLanguage\":\"fr-FR\"},{\"@type\":\"Organization\",\"@id\":\"https:\\\/\\\/www.globalfilter.com\\\/fr\\\/#organization\",\"name\":\"Global filter\",\"url\":\"https:\\\/\\\/www.globalfilter.com\\\/fr\\\/\",\"logo\":{\"@type\":\"ImageObject\",\"inLanguage\":\"fr-FR\",\"@id\":\"https:\\\/\\\/www.globalfilter.com\\\/fr\\\/#\\\/schema\\\/logo\\\/image\\\/\",\"url\":\"https:\\\/\\\/www.globalfilter.com\\\/wp-content\\\/uploads\\\/2019\\\/06\\\/FGC-logo-1.png\",\"contentUrl\":\"https:\\\/\\\/www.globalfilter.com\\\/wp-content\\\/uploads\\\/2019\\\/06\\\/FGC-logo-1.png\",\"width\":1104,\"height\":224,\"caption\":\"Global filter\"},\"image\":{\"@id\":\"https:\\\/\\\/www.globalfilter.com\\\/fr\\\/#\\\/schema\\\/logo\\\/image\\\/\"},\"sameAs\":[\"https:\\\/\\\/www.linkedin.com\\\/company\\\/global-filter-llc\"]}]}<\/script>\n<!-- \/ Yoast SEO plugin. -->","yoast_head_json":{"title":"Filtration des \u00e9vents de cuves - Global Filter","description":"La filtration des \u00e9vents de cuves est un syst\u00e8me de filtration con\u00e7u pour emp\u00eacher les contaminants de p\u00e9n\u00e9trer dans les r\u00e9servoirs de stockage utilis\u00e9s dans de nombreux process.","robots":{"index":"index","follow":"follow","max-snippet":"max-snippet:-1","max-image-preview":"max-image-preview:large","max-video-preview":"max-video-preview:-1"},"canonical":"https:\/\/www.globalfilter.com\/fr\/filtration-des-events-de-cuves\/","og_locale":"fr_FR","og_type":"article","og_title":"Filtration des \u00e9vents de cuves - Global Filter","og_description":"La filtration des \u00e9vents de cuves est un syst\u00e8me de filtration con\u00e7u pour emp\u00eacher les contaminants de p\u00e9n\u00e9trer dans les r\u00e9servoirs de stockage utilis\u00e9s dans de nombreux process.","og_url":"https:\/\/www.globalfilter.com\/fr\/filtration-des-events-de-cuves\/","og_site_name":"Global Filter","article_modified_time":"2025-07-18T13:03:31+00:00","og_image":[{"width":1200,"height":1200,"url":"https:\/\/www.globalfilter.com\/wp-content\/uploads\/2023\/06\/Tank-Vent-Filtration.png","type":"image\/png"}],"twitter_card":"summary_large_image","twitter_misc":{"Dur\u00e9e de lecture estim\u00e9e":"4 minutes"},"schema":{"@context":"https:\/\/schema.org","@graph":[{"@type":"WebPage","@id":"https:\/\/www.globalfilter.com\/fr\/filtration-des-events-de-cuves\/","url":"https:\/\/www.globalfilter.com\/fr\/filtration-des-events-de-cuves\/","name":"Filtration des \u00e9vents de cuves - Global Filter","isPartOf":{"@id":"https:\/\/www.globalfilter.com\/fr\/#website"},"primaryImageOfPage":{"@id":"https:\/\/www.globalfilter.com\/fr\/filtration-des-events-de-cuves\/#primaryimage"},"image":{"@id":"https:\/\/www.globalfilter.com\/fr\/filtration-des-events-de-cuves\/#primaryimage"},"thumbnailUrl":"https:\/\/www.globalfilter.com\/wp-content\/uploads\/2023\/06\/Tank-Vent-Filtration.png","datePublished":"2023-08-02T15:16:46+00:00","dateModified":"2025-07-18T13:03:31+00:00","description":"La filtration des \u00e9vents de cuves est un syst\u00e8me de filtration con\u00e7u pour emp\u00eacher les contaminants de p\u00e9n\u00e9trer dans les r\u00e9servoirs de stockage utilis\u00e9s dans de nombreux process.","breadcrumb":{"@id":"https:\/\/www.globalfilter.com\/fr\/filtration-des-events-de-cuves\/#breadcrumb"},"inLanguage":"fr-FR","potentialAction":[{"@type":"ReadAction","target":["https:\/\/www.globalfilter.com\/fr\/filtration-des-events-de-cuves\/"]}]},{"@type":"ImageObject","inLanguage":"fr-FR","@id":"https:\/\/www.globalfilter.com\/fr\/filtration-des-events-de-cuves\/#primaryimage","url":"https:\/\/www.globalfilter.com\/wp-content\/uploads\/2023\/06\/Tank-Vent-Filtration.png","contentUrl":"https:\/\/www.globalfilter.com\/wp-content\/uploads\/2023\/06\/Tank-Vent-Filtration.png","width":1200,"height":1200},{"@type":"BreadcrumbList","@id":"https:\/\/www.globalfilter.com\/fr\/filtration-des-events-de-cuves\/#breadcrumb","itemListElement":[{"@type":"ListItem","position":1,"name":"home","item":"https:\/\/www.globalfilter.com\/fr\/"},{"@type":"ListItem","position":2,"name":"Filtration des \u00e9vents de cuves"}]},{"@type":"WebSite","@id":"https:\/\/www.globalfilter.com\/fr\/#website","url":"https:\/\/www.globalfilter.com\/fr\/","name":"Global Filter","description":"Making the World Safer, Healthier and More Productive","publisher":{"@id":"https:\/\/www.globalfilter.com\/fr\/#organization"},"potentialAction":[{"@type":"SearchAction","target":{"@type":"EntryPoint","urlTemplate":"https:\/\/www.globalfilter.com\/fr\/?s={search_term_string}"},"query-input":{"@type":"PropertyValueSpecification","valueRequired":true,"valueName":"search_term_string"}}],"inLanguage":"fr-FR"},{"@type":"Organization","@id":"https:\/\/www.globalfilter.com\/fr\/#organization","name":"Global filter","url":"https:\/\/www.globalfilter.com\/fr\/","logo":{"@type":"ImageObject","inLanguage":"fr-FR","@id":"https:\/\/www.globalfilter.com\/fr\/#\/schema\/logo\/image\/","url":"https:\/\/www.globalfilter.com\/wp-content\/uploads\/2019\/06\/FGC-logo-1.png","contentUrl":"https:\/\/www.globalfilter.com\/wp-content\/uploads\/2019\/06\/FGC-logo-1.png","width":1104,"height":224,"caption":"Global filter"},"image":{"@id":"https:\/\/www.globalfilter.com\/fr\/#\/schema\/logo\/image\/"},"sameAs":["https:\/\/www.linkedin.com\/company\/global-filter-llc"]}]}},"_links":{"self":[{"href":"https:\/\/www.globalfilter.com\/fr\/wp-json\/wp\/v2\/pages\/11574","targetHints":{"allow":["GET"]}}],"collection":[{"href":"https:\/\/www.globalfilter.com\/fr\/wp-json\/wp\/v2\/pages"}],"about":[{"href":"https:\/\/www.globalfilter.com\/fr\/wp-json\/wp\/v2\/types\/page"}],"author":[{"embeddable":true,"href":"https:\/\/www.globalfilter.com\/fr\/wp-json\/wp\/v2\/users\/8"}],"replies":[{"embeddable":true,"href":"https:\/\/www.globalfilter.com\/fr\/wp-json\/wp\/v2\/comments?post=11574"}],"version-history":[{"count":0,"href":"https:\/\/www.globalfilter.com\/fr\/wp-json\/wp\/v2\/pages\/11574\/revisions"}],"wp:featuredmedia":[{"embeddable":true,"href":"https:\/\/www.globalfilter.com\/fr\/wp-json\/wp\/v2\/media\/11532"}],"wp:attachment":[{"href":"https:\/\/www.globalfilter.com\/fr\/wp-json\/wp\/v2\/media?parent=11574"}],"curies":[{"name":"wp","href":"https:\/\/api.w.org\/{rel}","templated":true}]}}