{"id":11924,"date":"2023-10-31T18:27:31","date_gmt":"2023-10-31T18:27:31","guid":{"rendered":"https:\/\/www.globalfilter.com\/?page_id=11924"},"modified":"2023-10-31T18:27:33","modified_gmt":"2023-10-31T18:27:33","slug":"fermentation","status":"publish","type":"page","link":"https:\/\/www.globalfilter.com\/fr\/fermentation\/","title":{"rendered":"Fermentation"},"content":{"rendered":"\n<div class=\"wp-block-cover alignfull is-light\" style=\"min-height:324px;aspect-ratio:unset;\"><span aria-hidden=\"true\" class=\"wp-block-cover__background has-background-dim\"><\/span><img decoding=\"async\" class=\"wp-block-cover__image-background wp-image-2265\" alt=\"Chemical Filtration \" src=\"https:\/\/www.globalfilter.com\/wp-content\/uploads\/2019\/09\/chemical.jpg\" data-object-fit=\"cover\" \/><div class=\"wp-block-cover__inner-container is-layout-flow wp-block-cover-is-layout-flow\">\n<h1 class=\"has-text-align-center has-light-gray-color has-text-color wp-block-heading\" id=\"\u201ch\u2014chemical\u201d\">Fermentation<\/h1>\n\n\n\n<p class=\"has-text-align-center has-light-gray-color has-text-color\"><em>Nous comprenons l&rsquo;impact qu&rsquo;une filtration inad\u00e9quate peut avoir sur les pr\u00e9parations ferment\u00e9es que vous produisez et l&rsquo;impact n\u00e9gatif qu&rsquo;une filtration de qualit\u00e9 inf\u00e9rieure peut avoir sur votre process. <\/em><\/p>\n\n\n\n<div class=\"wp-block-buttons is-content-justification-center is-layout-flex wp-container-core-buttons-is-layout-16018d1d wp-block-buttons-is-layout-flex\">\n<div class=\"wp-block-button\"><a class=\"wp-block-button__link has-green-background-color has-background wp-element-button\" href=\"https:\/\/www.globalfilter.com\/fr\/nous-contacter\/\">CONTACTER UN EXPERT<\/a><\/div>\n<\/div>\n<\/div><\/div>\n\n\n\n<h2 class=\"wp-block-heading\">Optimiser le process de filtration dans la fermentation<\/h2>\n\n\n\n<p>Dans l&rsquo;industrie de la chimie fine, il est essentiel de filtrer les composants du process pour emp\u00eacher la contamination particulaire et microbienne, afin de garantir la st\u00e9rilit\u00e9 et la qualit\u00e9 du produit final. Les solutions de Global Filter aident \u00e0 prot\u00e9ger le processus des contaminants tout en prolongeant la dur\u00e9e de vie et en r\u00e9duisant les co\u00fbts d&rsquo;exploitation. Global Filter con\u00e7oit et fabrique des \u00e9l\u00e9ments filtrants et des corps de filtres qui sont largement utilis\u00e9s dans la fermentation. Nos 50 ans d&rsquo;expertise industrielle dans les pr\u00e9parations chimiques vous aideront \u00e0 optimiser votre processus de fabrication.<\/p>\n\n\n\n<h2 class=\"wp-block-heading\" id=\"h-processus-typique-dans-la-fermentation\">Processus typique dans la fermentation<\/h2>\n\n\n<div class=\"wp-block-image\">\n<figure class=\"aligncenter size-large\"><img loading=\"lazy\" decoding=\"async\" width=\"1024\" height=\"637\" src=\"https:\/\/www.globalfilter.com\/wp-content\/uploads\/2023\/10\/fermentation-process-FR-1024x637.png\" alt=\"\" class=\"wp-image-11925\" srcset=\"https:\/\/www.globalfilter.com\/wp-content\/uploads\/2023\/10\/fermentation-process-FR-1024x637.png 1024w, https:\/\/www.globalfilter.com\/wp-content\/uploads\/2023\/10\/fermentation-process-FR-300x187.png 300w, https:\/\/www.globalfilter.com\/wp-content\/uploads\/2023\/10\/fermentation-process-FR-768x478.png 768w, https:\/\/www.globalfilter.com\/wp-content\/uploads\/2023\/10\/fermentation-process-FR.png 1167w\" sizes=\"auto, (max-width: 1024px) 100vw, 1024px\" \/><\/figure>\n<\/div>\n\n\n<div class=\"wp-block-media-text alignwide is-stacked-on-mobile\"><figure class=\"wp-block-media-text__media\"><img loading=\"lazy\" decoding=\"async\" width=\"1024\" height=\"683\" src=\"https:\/\/www.globalfilter.com\/wp-content\/uploads\/2022\/05\/iStock-539342836-1024x683.jpg\" alt=\"\" class=\"wp-image-9530 size-full\" srcset=\"https:\/\/www.globalfilter.com\/wp-content\/uploads\/2022\/05\/iStock-539342836-1024x683.jpg 1024w, https:\/\/www.globalfilter.com\/wp-content\/uploads\/2022\/05\/iStock-539342836-300x200.jpg 300w, https:\/\/www.globalfilter.com\/wp-content\/uploads\/2022\/05\/iStock-539342836-768x512.jpg 768w, https:\/\/www.globalfilter.com\/wp-content\/uploads\/2022\/05\/iStock-539342836-1536x1024.jpg 1536w, https:\/\/www.globalfilter.com\/wp-content\/uploads\/2022\/05\/iStock-539342836-2048x1365.jpg 2048w, https:\/\/www.globalfilter.com\/wp-content\/uploads\/2022\/05\/iStock-539342836-272x182.jpg 272w\" sizes=\"auto, (max-width: 1024px) 100vw, 1024px\" \/><\/figure><div class=\"wp-block-media-text__content\">\n<h2 class=\"wp-block-heading\" id=\"h-filtration-particulaire\">Filtration particulaire<\/h2>\n\n\n\n<p>La filtration des mati\u00e8res premi\u00e8res est importante pour garantir une productivit\u00e9 optimale. La gamme de produits Global Filter offre des solutions pour \u00e9liminer les contaminants, des particules solides aux micro-organismes des pr\u00e9parations ferment\u00e9es.<\/p>\n\n\n\n<p>Cette \u00e9tape permet d&rsquo;\u00e9liminer les particules et de garantir la qualit\u00e9 de l&rsquo;ingr\u00e9dient. L&rsquo;objectif de l&rsquo;\u00e9tape de filtration particulaire, depuis la pr\u00e9-filtration et la post-filtration jusqu&rsquo;\u00e0 la microfiltration et l&rsquo;ultrafiltration, est d&rsquo;\u00e9liminer les particules grossi\u00e8res du produit fini. Situ\u00e9 en aval du filtre en terre de diatom\u00e9e, le filtre \u00e0 particules \u00e9liminera les fines de terre de diatom\u00e9e potentielles du produit final. Cela permet d&rsquo;assurer une haute qualit\u00e9 du processus et de minimiser les s\u00e9diments.<\/p>\n\n\n\n<p>Pour les filtres particulaires, nous recommandons l&rsquo;utilisation de nos cartouches GWTB-Series Meltblown de Global Filter, nos cartouches pliss\u00e9es (<a href=\"https:\/\/www.globalfilter.com\/fr\/produits\/cartouches-plissees\/cartouche-plissee-polypropylene\/\">PP-Series<\/a> ou <a href=\"https:\/\/www.globalfilter.com\/fr\/produits\/cartouches-plissees\/cartouche-plissee-fibre-de-verre\/\">FG Series<\/a>) ou nos cartouches pliss\u00e9es  profondeur (<a href=\"https:\/\/www.globalfilter.com\/fr\/produits\/cartouches-plissees\/cartouche-plissee-polypropylene\/\">GHLS-Series<\/a>).<\/p>\n\n\n\n<p><\/p>\n<\/div><\/div>\n\n\n\n<div class=\"wp-block-media-text alignwide has-media-on-the-right is-stacked-on-mobile\"><div class=\"wp-block-media-text__content\">\n<h2 class=\"wp-block-heading\" id=\"h-filtration-st-rilisante\">Filtration st\u00e9rilisante<\/h2>\n\n\n\n<p>R\u00e9duit et \u00e9limine les micro-organismes et les contaminants jusqu&rsquo;\u00e0 0,2 micron comme \u00e9tape finale de filtration pour les applications de haute puret\u00e9 (et en tant que polissage suppl\u00e9mentaire dans les syst\u00e8mes d&rsquo;eau de tr\u00e8s haute puret\u00e9 en aval ). Les r\u00e9servoirs et leur contenu sont ainsi prot\u00e9g\u00e9s de toute contamination. Nos cartouches st\u00e9rilisantes sont valid\u00e9es par l&rsquo;industrie pharmaceutique conform\u00e9ment aux r\u00e8gles de l&rsquo;HIMA.<\/p>\n\n\n\n<p>Notre s\u00e9rie PPES est l&rsquo;une des solutions recommand\u00e9es avec les corps de filtres sanitaires AFS. Les s\u00e9ries <a href=\"https:\/\/www.globalfilter.com\/fr\/produits\/cartouches-a-membrane-plissee\/polyethersulfone\/\">BRPES<\/a> et <a href=\"https:\/\/www.globalfilter.com\/fr\/produits\/cartouches-a-membrane-plissee\/nylon\/\">BRHNY<\/a> de Global Filter offrent une solution fiable pour la r\u00e9duction de la charge biologique et l&rsquo;\u00e9limination des endotoxines.<\/p>\n\n\n\n<p><\/p>\n<\/div><figure class=\"wp-block-media-text__media\"><img loading=\"lazy\" decoding=\"async\" width=\"1024\" height=\"680\" src=\"https:\/\/www.globalfilter.com\/wp-content\/uploads\/2023\/10\/iStock-157312298-1-1024x680.jpg\" alt=\"\" class=\"wp-image-11902 size-full\" srcset=\"https:\/\/www.globalfilter.com\/wp-content\/uploads\/2023\/10\/iStock-157312298-1-1024x680.jpg 1024w, https:\/\/www.globalfilter.com\/wp-content\/uploads\/2023\/10\/iStock-157312298-1-300x199.jpg 300w, https:\/\/www.globalfilter.com\/wp-content\/uploads\/2023\/10\/iStock-157312298-1-768x510.jpg 768w, https:\/\/www.globalfilter.com\/wp-content\/uploads\/2023\/10\/iStock-157312298-1-1536x1020.jpg 1536w, https:\/\/www.globalfilter.com\/wp-content\/uploads\/2023\/10\/iStock-157312298-1-2048x1361.jpg 2048w, https:\/\/www.globalfilter.com\/wp-content\/uploads\/2023\/10\/iStock-157312298-1-272x182.jpg 272w\" sizes=\"auto, (max-width: 1024px) 100vw, 1024px\" \/><\/figure><\/div>\n\n\n\n<div class=\"wp-block-media-text alignwide is-stacked-on-mobile\"><figure class=\"wp-block-media-text__media\"><img loading=\"lazy\" decoding=\"async\" width=\"1024\" height=\"683\" src=\"https:\/\/www.globalfilter.com\/wp-content\/uploads\/2022\/05\/iStock-1298817518-1024x683.jpg\" alt=\"\" class=\"wp-image-9540 size-full\" srcset=\"https:\/\/www.globalfilter.com\/wp-content\/uploads\/2022\/05\/iStock-1298817518-1024x683.jpg 1024w, https:\/\/www.globalfilter.com\/wp-content\/uploads\/2022\/05\/iStock-1298817518-300x200.jpg 300w, https:\/\/www.globalfilter.com\/wp-content\/uploads\/2022\/05\/iStock-1298817518-768x512.jpg 768w, https:\/\/www.globalfilter.com\/wp-content\/uploads\/2022\/05\/iStock-1298817518-1536x1024.jpg 1536w, https:\/\/www.globalfilter.com\/wp-content\/uploads\/2022\/05\/iStock-1298817518-2048x1365.jpg 2048w, https:\/\/www.globalfilter.com\/wp-content\/uploads\/2022\/05\/iStock-1298817518-272x182.jpg 272w\" sizes=\"auto, (max-width: 1024px) 100vw, 1024px\" \/><\/figure><div class=\"wp-block-media-text__content\">\n<h2 class=\"wp-block-heading\" id=\"h-filtration-des-vents-de-cuves\">Filtration des \u00e9vents de cuves<\/h2>\n\n\n\n<p>La filtration des \u00e9vents de cuves de stockage et de remplissage permet le passage d&rsquo;un air exempt de bact\u00e9ries et de particules pendant le remplissage et l&rsquo;\u00e9vacuation, prot\u00e9geant ainsi le r\u00e9servoir de stockage et son contenu de toute contamination. Ce filtre poss\u00e8de g\u00e9n\u00e9ralement un seuil de r\u00e9tention \u00e0 0,2 micron et un challenge bact\u00e9rien en plus d&rsquo;\u00eatre hydrophobe, ce qui emp\u00eache les contaminants atmosph\u00e9riques humides de p\u00e9n\u00e9trer dans le r\u00e9servoir. Notre s\u00e9rie <a href=\"https:\/\/www.globalfilter.com\/fr\/produits\/cartouches-a-membrane-plissee\/ptfe\/\">BRPTFE<\/a> peut \u00eatre utilis\u00e9e si une st\u00e9rilisation compl\u00e8te n&rsquo;est pas n\u00e9cessaire, mais elle a une valeur de r\u00e9duction biologique LRV. Vous retrouverez plus d&rsquo;informations sur la filtration des \u00e9vents de corps de filtres <a href=\"https:\/\/www.globalfilter.com\/fr\/filtration-des-events-de-cuves\/\">ici<\/a>. <\/p>\n<\/div><\/div>\n\n\n\n<h2 class=\"wp-block-heading\" id=\"h-litterature\">Litterature<\/h2>\n\n\n\n<p>T\u00e9l\u00e9charger la brochure sur la fermenation<\/p>\n\n\n\n<div class=\"wp-block-media-text alignwide is-stacked-on-mobile\" style=\"grid-template-columns:18% auto\"><figure class=\"wp-block-media-text__media\"><a href=\"https:\/\/www.globalfilter.com\/wp-content\/uploads\/2023\/10\/Fermentation-White-Paper-08-2023-EU.pdf\"><img loading=\"lazy\" decoding=\"async\" width=\"585\" height=\"760\" src=\"https:\/\/www.globalfilter.com\/wp-content\/uploads\/2023\/10\/fermentation-white-paper-cover.png\" alt=\"\" class=\"wp-image-11908 size-full\" srcset=\"https:\/\/www.globalfilter.com\/wp-content\/uploads\/2023\/10\/fermentation-white-paper-cover.png 585w, https:\/\/www.globalfilter.com\/wp-content\/uploads\/2023\/10\/fermentation-white-paper-cover-231x300.png 231w\" sizes=\"auto, (max-width: 585px) 100vw, 585px\" \/><\/a><\/figure><div class=\"wp-block-media-text__content\">\n<p id=\"h-global-filter-designs-and-manufactures-vessels-and-filter-elements-used-in-the-beer-industry-our-expertise-enables-us-to-optimize-your-manufacturing-process\">Dans l&rsquo;industrie de la chimie fine, il est essentiel de filtrer les composants du processus pour \u00e9viter la contamination particulaire et microbienne, afin de garantir la st\u00e9rilit\u00e9 et la qualit\u00e9 du produit. D\u00e9couvrez comment les solutions de Global Filter permettent d&rsquo;optimiser le processus de fermentation.<\/p>\n<\/div><\/div>\n\n\n\n<div class=\"wp-block-buttons is-content-justification-center is-layout-flex wp-container-core-buttons-is-layout-16018d1d wp-block-buttons-is-layout-flex\">\n<div class=\"wp-block-button\"><a class=\"wp-block-button__link has-green-background-color has-background wp-element-button\" href=\"https:\/\/www.globalfilter.com\/fr\/nous-contacter\/\">Nous contacter<\/a><\/div>\n<\/div>\n","protected":false},"excerpt":{"rendered":"<p>Optimiser le process de filtration dans la fermentation Dans l&rsquo;industrie de la chimie fine, il est essentiel de filtrer les composants du process pour emp\u00eacher la contamination particulaire et microbienne, afin de garantir la st\u00e9rilit\u00e9 et la qualit\u00e9 du produit final. Les solutions de Global Filter aident \u00e0 prot\u00e9ger le processus des contaminants tout en [&hellip;]<\/p>\n","protected":false},"author":8,"featured_media":0,"parent":0,"menu_order":0,"comment_status":"closed","ping_status":"closed","template":"","meta":{"_acf_changed":false,"content-type":"","footnotes":""},"class_list":["post-11924","page","type-page","status-publish","hentry"],"acf":[],"yoast_head":"<!-- This site is optimized with the Yoast SEO plugin v27.3 - https:\/\/yoast.com\/product\/yoast-seo-wordpress\/ -->\n<title>Fermentation - Global Filter<\/title>\n<meta name=\"description\" content=\"Global Filter con\u00e7oit et fabrique des \u00e9l\u00e9ments filtrants et des corps de filtres qui sont largement utilis\u00e9s dans la fermentation\" \/>\n<meta name=\"robots\" content=\"index, follow, max-snippet:-1, max-image-preview:large, max-video-preview:-1\" \/>\n<link rel=\"canonical\" href=\"https:\/\/www.globalfilter.com\/fr\/fermentation\/\" \/>\n<meta property=\"og:locale\" content=\"fr_FR\" \/>\n<meta property=\"og:type\" content=\"article\" \/>\n<meta property=\"og:title\" content=\"Fermentation - Global Filter\" \/>\n<meta property=\"og:description\" content=\"Global Filter con\u00e7oit et fabrique des \u00e9l\u00e9ments filtrants et des corps de filtres qui sont largement utilis\u00e9s dans la fermentation\" \/>\n<meta property=\"og:url\" content=\"https:\/\/www.globalfilter.com\/fr\/fermentation\/\" \/>\n<meta property=\"og:site_name\" content=\"Global Filter\" \/>\n<meta property=\"article:modified_time\" content=\"2023-10-31T18:27:33+00:00\" \/>\n<meta property=\"og:image\" content=\"https:\/\/www.globalfilter.com\/wp-content\/uploads\/2019\/09\/chemical.jpg\" \/>\n<meta name=\"twitter:card\" content=\"summary_large_image\" \/>\n<meta name=\"twitter:label1\" content=\"Dur\u00e9e de lecture estim\u00e9e\" \/>\n\t<meta name=\"twitter:data1\" content=\"4 minutes\" \/>\n<script type=\"application\/ld+json\" class=\"yoast-schema-graph\">{\"@context\":\"https:\\\/\\\/schema.org\",\"@graph\":[{\"@type\":\"WebPage\",\"@id\":\"https:\\\/\\\/www.globalfilter.com\\\/fr\\\/fermentation\\\/\",\"url\":\"https:\\\/\\\/www.globalfilter.com\\\/fr\\\/fermentation\\\/\",\"name\":\"Fermentation - Global Filter\",\"isPartOf\":{\"@id\":\"https:\\\/\\\/www.globalfilter.com\\\/fr\\\/#website\"},\"primaryImageOfPage\":{\"@id\":\"https:\\\/\\\/www.globalfilter.com\\\/fr\\\/fermentation\\\/#primaryimage\"},\"image\":{\"@id\":\"https:\\\/\\\/www.globalfilter.com\\\/fr\\\/fermentation\\\/#primaryimage\"},\"thumbnailUrl\":\"https:\\\/\\\/www.globalfilter.com\\\/wp-content\\\/uploads\\\/2019\\\/09\\\/chemical.jpg\",\"datePublished\":\"2023-10-31T18:27:31+00:00\",\"dateModified\":\"2023-10-31T18:27:33+00:00\",\"description\":\"Global Filter con\u00e7oit et fabrique des \u00e9l\u00e9ments filtrants et des corps de filtres qui sont largement utilis\u00e9s dans la fermentation\",\"breadcrumb\":{\"@id\":\"https:\\\/\\\/www.globalfilter.com\\\/fr\\\/fermentation\\\/#breadcrumb\"},\"inLanguage\":\"fr-FR\",\"potentialAction\":[{\"@type\":\"ReadAction\",\"target\":[\"https:\\\/\\\/www.globalfilter.com\\\/fr\\\/fermentation\\\/\"]}]},{\"@type\":\"ImageObject\",\"inLanguage\":\"fr-FR\",\"@id\":\"https:\\\/\\\/www.globalfilter.com\\\/fr\\\/fermentation\\\/#primaryimage\",\"url\":\"https:\\\/\\\/www.globalfilter.com\\\/wp-content\\\/uploads\\\/2019\\\/09\\\/chemical.jpg\",\"contentUrl\":\"https:\\\/\\\/www.globalfilter.com\\\/wp-content\\\/uploads\\\/2019\\\/09\\\/chemical.jpg\"},{\"@type\":\"BreadcrumbList\",\"@id\":\"https:\\\/\\\/www.globalfilter.com\\\/fr\\\/fermentation\\\/#breadcrumb\",\"itemListElement\":[{\"@type\":\"ListItem\",\"position\":1,\"name\":\"home\",\"item\":\"https:\\\/\\\/www.globalfilter.com\\\/fr\\\/\"},{\"@type\":\"ListItem\",\"position\":2,\"name\":\"Fermentation\"}]},{\"@type\":\"WebSite\",\"@id\":\"https:\\\/\\\/www.globalfilter.com\\\/fr\\\/#website\",\"url\":\"https:\\\/\\\/www.globalfilter.com\\\/fr\\\/\",\"name\":\"Global Filter\",\"description\":\"Making the World Safer, Healthier and More Productive\",\"publisher\":{\"@id\":\"https:\\\/\\\/www.globalfilter.com\\\/fr\\\/#organization\"},\"potentialAction\":[{\"@type\":\"SearchAction\",\"target\":{\"@type\":\"EntryPoint\",\"urlTemplate\":\"https:\\\/\\\/www.globalfilter.com\\\/fr\\\/?s={search_term_string}\"},\"query-input\":{\"@type\":\"PropertyValueSpecification\",\"valueRequired\":true,\"valueName\":\"search_term_string\"}}],\"inLanguage\":\"fr-FR\"},{\"@type\":\"Organization\",\"@id\":\"https:\\\/\\\/www.globalfilter.com\\\/fr\\\/#organization\",\"name\":\"Global filter\",\"url\":\"https:\\\/\\\/www.globalfilter.com\\\/fr\\\/\",\"logo\":{\"@type\":\"ImageObject\",\"inLanguage\":\"fr-FR\",\"@id\":\"https:\\\/\\\/www.globalfilter.com\\\/fr\\\/#\\\/schema\\\/logo\\\/image\\\/\",\"url\":\"https:\\\/\\\/www.globalfilter.com\\\/wp-content\\\/uploads\\\/2019\\\/06\\\/FGC-logo-1.png\",\"contentUrl\":\"https:\\\/\\\/www.globalfilter.com\\\/wp-content\\\/uploads\\\/2019\\\/06\\\/FGC-logo-1.png\",\"width\":1104,\"height\":224,\"caption\":\"Global filter\"},\"image\":{\"@id\":\"https:\\\/\\\/www.globalfilter.com\\\/fr\\\/#\\\/schema\\\/logo\\\/image\\\/\"},\"sameAs\":[\"https:\\\/\\\/www.linkedin.com\\\/company\\\/global-filter-llc\"]}]}<\/script>\n<!-- \/ Yoast SEO plugin. -->","yoast_head_json":{"title":"Fermentation - Global Filter","description":"Global Filter con\u00e7oit et fabrique des \u00e9l\u00e9ments filtrants et des corps de filtres qui sont largement utilis\u00e9s dans la fermentation","robots":{"index":"index","follow":"follow","max-snippet":"max-snippet:-1","max-image-preview":"max-image-preview:large","max-video-preview":"max-video-preview:-1"},"canonical":"https:\/\/www.globalfilter.com\/fr\/fermentation\/","og_locale":"fr_FR","og_type":"article","og_title":"Fermentation - Global Filter","og_description":"Global Filter con\u00e7oit et fabrique des \u00e9l\u00e9ments filtrants et des corps de filtres qui sont largement utilis\u00e9s dans la fermentation","og_url":"https:\/\/www.globalfilter.com\/fr\/fermentation\/","og_site_name":"Global Filter","article_modified_time":"2023-10-31T18:27:33+00:00","og_image":[{"url":"https:\/\/www.globalfilter.com\/wp-content\/uploads\/2019\/09\/chemical.jpg","type":"","width":"","height":""}],"twitter_card":"summary_large_image","twitter_misc":{"Dur\u00e9e de lecture estim\u00e9e":"4 minutes"},"schema":{"@context":"https:\/\/schema.org","@graph":[{"@type":"WebPage","@id":"https:\/\/www.globalfilter.com\/fr\/fermentation\/","url":"https:\/\/www.globalfilter.com\/fr\/fermentation\/","name":"Fermentation - Global Filter","isPartOf":{"@id":"https:\/\/www.globalfilter.com\/fr\/#website"},"primaryImageOfPage":{"@id":"https:\/\/www.globalfilter.com\/fr\/fermentation\/#primaryimage"},"image":{"@id":"https:\/\/www.globalfilter.com\/fr\/fermentation\/#primaryimage"},"thumbnailUrl":"https:\/\/www.globalfilter.com\/wp-content\/uploads\/2019\/09\/chemical.jpg","datePublished":"2023-10-31T18:27:31+00:00","dateModified":"2023-10-31T18:27:33+00:00","description":"Global Filter con\u00e7oit et fabrique des \u00e9l\u00e9ments filtrants et des corps de filtres qui sont largement utilis\u00e9s dans la fermentation","breadcrumb":{"@id":"https:\/\/www.globalfilter.com\/fr\/fermentation\/#breadcrumb"},"inLanguage":"fr-FR","potentialAction":[{"@type":"ReadAction","target":["https:\/\/www.globalfilter.com\/fr\/fermentation\/"]}]},{"@type":"ImageObject","inLanguage":"fr-FR","@id":"https:\/\/www.globalfilter.com\/fr\/fermentation\/#primaryimage","url":"https:\/\/www.globalfilter.com\/wp-content\/uploads\/2019\/09\/chemical.jpg","contentUrl":"https:\/\/www.globalfilter.com\/wp-content\/uploads\/2019\/09\/chemical.jpg"},{"@type":"BreadcrumbList","@id":"https:\/\/www.globalfilter.com\/fr\/fermentation\/#breadcrumb","itemListElement":[{"@type":"ListItem","position":1,"name":"home","item":"https:\/\/www.globalfilter.com\/fr\/"},{"@type":"ListItem","position":2,"name":"Fermentation"}]},{"@type":"WebSite","@id":"https:\/\/www.globalfilter.com\/fr\/#website","url":"https:\/\/www.globalfilter.com\/fr\/","name":"Global Filter","description":"Making the World Safer, Healthier and More Productive","publisher":{"@id":"https:\/\/www.globalfilter.com\/fr\/#organization"},"potentialAction":[{"@type":"SearchAction","target":{"@type":"EntryPoint","urlTemplate":"https:\/\/www.globalfilter.com\/fr\/?s={search_term_string}"},"query-input":{"@type":"PropertyValueSpecification","valueRequired":true,"valueName":"search_term_string"}}],"inLanguage":"fr-FR"},{"@type":"Organization","@id":"https:\/\/www.globalfilter.com\/fr\/#organization","name":"Global filter","url":"https:\/\/www.globalfilter.com\/fr\/","logo":{"@type":"ImageObject","inLanguage":"fr-FR","@id":"https:\/\/www.globalfilter.com\/fr\/#\/schema\/logo\/image\/","url":"https:\/\/www.globalfilter.com\/wp-content\/uploads\/2019\/06\/FGC-logo-1.png","contentUrl":"https:\/\/www.globalfilter.com\/wp-content\/uploads\/2019\/06\/FGC-logo-1.png","width":1104,"height":224,"caption":"Global filter"},"image":{"@id":"https:\/\/www.globalfilter.com\/fr\/#\/schema\/logo\/image\/"},"sameAs":["https:\/\/www.linkedin.com\/company\/global-filter-llc"]}]}},"_links":{"self":[{"href":"https:\/\/www.globalfilter.com\/fr\/wp-json\/wp\/v2\/pages\/11924","targetHints":{"allow":["GET"]}}],"collection":[{"href":"https:\/\/www.globalfilter.com\/fr\/wp-json\/wp\/v2\/pages"}],"about":[{"href":"https:\/\/www.globalfilter.com\/fr\/wp-json\/wp\/v2\/types\/page"}],"author":[{"embeddable":true,"href":"https:\/\/www.globalfilter.com\/fr\/wp-json\/wp\/v2\/users\/8"}],"replies":[{"embeddable":true,"href":"https:\/\/www.globalfilter.com\/fr\/wp-json\/wp\/v2\/comments?post=11924"}],"version-history":[{"count":0,"href":"https:\/\/www.globalfilter.com\/fr\/wp-json\/wp\/v2\/pages\/11924\/revisions"}],"wp:attachment":[{"href":"https:\/\/www.globalfilter.com\/fr\/wp-json\/wp\/v2\/media?parent=11924"}],"curies":[{"name":"wp","href":"https:\/\/api.w.org\/{rel}","templated":true}]}}