{"id":12057,"date":"2024-01-19T15:36:22","date_gmt":"2024-01-19T15:36:22","guid":{"rendered":"https:\/\/www.globalfilter.com\/?page_id=12057"},"modified":"2025-09-29T08:48:09","modified_gmt":"2025-09-29T08:48:09","slug":"cartouches-charbon-actif","status":"publish","type":"page","link":"https:\/\/www.globalfilter.com\/fr\/cartouches-charbon-actif\/","title":{"rendered":"Cartouches charbon actif"},"content":{"rendered":"\n<div class=\"wp-block-cover alignfull is-light\" style=\"min-height:200px;aspect-ratio:unset;\"><img decoding=\"async\" class=\"wp-block-cover__image-background wp-image-1334\" alt=\"\" src=\"https:\/\/www.globalfilter.com\/wp-content\/uploads\/2021\/08\/Gen2-Web-Banner-origional.jpg\" data-object-fit=\"cover\" \/><span aria-hidden=\"true\" class=\"wp-block-cover__background has-blue-background-color has-background-dim-10 has-background-dim\"><\/span><div class=\"wp-block-cover__inner-container is-layout-flow wp-block-cover-is-layout-flow\">\n<h1 class=\"wp-block-heading has-text-align-center has-white-color has-text-color has-link-color wp-elements-a0311ec1641a886e0c5ed6620d07a44e\" id=\"h-cartouches-en-acier-inoxydable\"><strong><strong><strong>Cartouches <\/strong><\/strong><\/strong>charbon actif<\/h1>\n\n\n\n<div class=\"container\">\n\n\n\n<p class=\"has-text-align-center has-white-color has-text-color has-link-color wp-elements-2e58c0ba08c57ee2223edbe91720b9a1\">Les cartouches charbon actif de la S\u00e9rie-GCCB+ de Global Filter ont \u00e9t\u00e9 con\u00e7ues pour \u00e9liminer le go\u00fbt, l\u2019odeur, le chlore, la couleur et les impuret\u00e9s organiques ind\u00e9sirables de l\u2019eau potable et d\u2019autres solutions aqueuses.<\/p>\n\n\n\n<\/div>\n\n\n\n<div style=\"height:30px\" aria-hidden=\"true\" class=\"wp-block-spacer\"><\/div>\n<\/div><\/div>\n\n\n\n<!--Close-->\t\n<\/div><\/div><\/section>\n<!--Menu-->\n<div class=\"no-top-margin\">\n<div class=\"msb-sticky-bar\">\n<div class=\"container\">\n  <div class=\"row\">\n    <div class=\"col-sm text-center\">\n      <a href=\"https:\/\/www.globalfilter.com\/fr\/nous-contacter\/\" class=\"btn btn-primary solution-trigger\">Parler \u00e0 un expert<\/a>\n    <\/div>\n  <\/div>\n<\/div>\n<\/div>\n<\/div>\n<!--Open-->\n<section class=\"container\"><div class=\"row\"><div class=\"col-md-12\">\n\n\n\n<div class=\"wp-block-media-text alignwide is-stacked-on-mobile\" style=\"grid-template-columns:29% auto\"><figure class=\"wp-block-media-text__media\"><img loading=\"lazy\" decoding=\"async\" width=\"379\" height=\"237\" src=\"https:\/\/www.globalfilter.com\/wp-content\/uploads\/2024\/01\/Cartouche-charbon-GCCB-DS13012023.png\" alt=\"\" class=\"wp-image-12058 size-large\" srcset=\"https:\/\/www.globalfilter.com\/wp-content\/uploads\/2024\/01\/Cartouche-charbon-GCCB-DS13012023.png 379w, https:\/\/www.globalfilter.com\/wp-content\/uploads\/2024\/01\/Cartouche-charbon-GCCB-DS13012023-300x188.png 300w\" sizes=\"auto, (max-width: 379px) 100vw, 379px\" \/><\/figure><div class=\"wp-block-media-text__content\">\n<h2 class=\"wp-block-heading\" id=\"h-gss-series-cartouches-pliss-es-en-acier-inoxydable\">GCCB+ Series Cartouches charbon actif<\/h2>\n\n\n\n<p>Le charbon \u00e0 matrice fixe et haute porosit\u00e9 maximise la capacit\u00e9 d&rsquo;adsorption tout en maintenant une excellente \u00e9limination des s\u00e9diments. Fabriqu\u00e9es enti\u00e8rement avec des mat\u00e9riaux adapt\u00e9s \u00e0 une utilisation alimentaire \/ eau, les cartouches filtrantes au charbon de Global Filter sont id\u00e9ales pour un grand nombre d&rsquo;applications agroalimentaires et industrielles. Utilisation id\u00e9ale pour une application avec une faible delta P initiale. Les cartouches GCCB+ sont disponibles en diam\u00e8tre standard (2,75 \u00ab\u00a0) et dans des longueurs allant de 9,75 \u00ab\u00a0\u00e0 40\u00a0\u00bb.<\/p>\n\n\n\n<div class=\"wp-block-buttons is-horizontal is-content-justification-left is-layout-flex wp-container-core-buttons-is-layout-7e5fce0a wp-block-buttons-is-layout-flex\">\n<div class=\"wp-block-button is-style-fill\"><a class=\"wp-block-button__link has-light-gray-color has-green-background-color has-text-color has-background wp-element-button\" href=\"https:\/\/www.globalfilter.com\/wp-content\/uploads\/2025\/09\/D002C-GCCB-FR.pdf\" style=\"border-radius:5px\">T\u00e9l\u00e9charger la fiche technique<\/a><\/div>\n<\/div>\n<\/div><\/div>\n\n\n\n<p>Utilis\u00e9es dans un grand nombre d&rsquo;applications:<\/p>\n\n\n\n<ul class=\"wp-block-list\">\n<li>Eau potable<\/li>\n\n\n\n<li>Traitement de surface<\/li>\n\n\n\n<li>Chimie fine<\/li>\n\n\n\n<li>Fluides industriels<\/li>\n<\/ul>\n\n\n\n<p><\/p>\n","protected":false},"excerpt":{"rendered":"<p>Parler \u00e0 un expert Utilis\u00e9es dans un grand nombre d&rsquo;applications:<\/p>\n","protected":false},"author":8,"featured_media":0,"parent":0,"menu_order":0,"comment_status":"closed","ping_status":"closed","template":"","meta":{"_acf_changed":false,"content-type":"","footnotes":""},"class_list":["post-12057","page","type-page","status-publish","hentry"],"acf":[],"yoast_head":"<!-- This site is optimized with the Yoast SEO plugin v27.3 - https:\/\/yoast.com\/product\/yoast-seo-wordpress\/ -->\n<title>Cartouches charbon actif - Global Filter<\/title>\n<meta name=\"description\" content=\"Les cartouches charbon actif de la S\u00e9rie-GCCB+ de Global Filter ont \u00e9t\u00e9 con\u00e7ues pour \u00e9liminer le go\u00fbt, l\u2019odeur, le chlore, la couleur et les impuret\u00e9s organiques ind\u00e9sirables de l&#039;eau potable et d&#039;autres solutions aqueuses\" \/>\n<meta name=\"robots\" content=\"index, follow, max-snippet:-1, max-image-preview:large, max-video-preview:-1\" \/>\n<link rel=\"canonical\" href=\"https:\/\/www.globalfilter.com\/fr\/cartouches-charbon-actif\/\" \/>\n<meta property=\"og:locale\" content=\"fr_FR\" \/>\n<meta property=\"og:type\" content=\"article\" \/>\n<meta property=\"og:title\" content=\"Cartouches charbon actif - Global Filter\" \/>\n<meta property=\"og:description\" content=\"Les cartouches charbon actif de la S\u00e9rie-GCCB+ de Global Filter ont \u00e9t\u00e9 con\u00e7ues pour \u00e9liminer le go\u00fbt, l\u2019odeur, le chlore, la couleur et les impuret\u00e9s organiques ind\u00e9sirables de l&#039;eau potable et d&#039;autres solutions aqueuses\" \/>\n<meta property=\"og:url\" content=\"https:\/\/www.globalfilter.com\/fr\/cartouches-charbon-actif\/\" \/>\n<meta property=\"og:site_name\" content=\"Global Filter\" \/>\n<meta property=\"article:modified_time\" content=\"2025-09-29T08:48:09+00:00\" \/>\n<meta name=\"twitter:card\" content=\"summary_large_image\" \/>\n<meta name=\"twitter:label1\" content=\"Dur\u00e9e de lecture estim\u00e9e\" \/>\n\t<meta name=\"twitter:data1\" content=\"2 minutes\" \/>\n<script type=\"application\/ld+json\" class=\"yoast-schema-graph\">{\"@context\":\"https:\\\/\\\/schema.org\",\"@graph\":[{\"@type\":\"WebPage\",\"@id\":\"https:\\\/\\\/www.globalfilter.com\\\/fr\\\/cartouches-charbon-actif\\\/\",\"url\":\"https:\\\/\\\/www.globalfilter.com\\\/fr\\\/cartouches-charbon-actif\\\/\",\"name\":\"Cartouches charbon actif - Global Filter\",\"isPartOf\":{\"@id\":\"https:\\\/\\\/www.globalfilter.com\\\/fr\\\/#website\"},\"primaryImageOfPage\":{\"@id\":\"https:\\\/\\\/www.globalfilter.com\\\/fr\\\/cartouches-charbon-actif\\\/#primaryimage\"},\"image\":{\"@id\":\"https:\\\/\\\/www.globalfilter.com\\\/fr\\\/cartouches-charbon-actif\\\/#primaryimage\"},\"thumbnailUrl\":\"https:\\\/\\\/www.globalfilter.com\\\/wp-content\\\/uploads\\\/2021\\\/08\\\/Gen2-Web-Banner-origional.jpg\",\"datePublished\":\"2024-01-19T15:36:22+00:00\",\"dateModified\":\"2025-09-29T08:48:09+00:00\",\"description\":\"Les cartouches charbon actif de la S\u00e9rie-GCCB+ de Global Filter ont \u00e9t\u00e9 con\u00e7ues pour \u00e9liminer le go\u00fbt, l\u2019odeur, le chlore, la couleur et les impuret\u00e9s organiques ind\u00e9sirables de l'eau potable et d'autres solutions aqueuses\",\"breadcrumb\":{\"@id\":\"https:\\\/\\\/www.globalfilter.com\\\/fr\\\/cartouches-charbon-actif\\\/#breadcrumb\"},\"inLanguage\":\"fr-FR\",\"potentialAction\":[{\"@type\":\"ReadAction\",\"target\":[\"https:\\\/\\\/www.globalfilter.com\\\/fr\\\/cartouches-charbon-actif\\\/\"]}]},{\"@type\":\"ImageObject\",\"inLanguage\":\"fr-FR\",\"@id\":\"https:\\\/\\\/www.globalfilter.com\\\/fr\\\/cartouches-charbon-actif\\\/#primaryimage\",\"url\":\"https:\\\/\\\/www.globalfilter.com\\\/wp-content\\\/uploads\\\/2021\\\/08\\\/Gen2-Web-Banner-origional.jpg\",\"contentUrl\":\"https:\\\/\\\/www.globalfilter.com\\\/wp-content\\\/uploads\\\/2021\\\/08\\\/Gen2-Web-Banner-origional.jpg\"},{\"@type\":\"BreadcrumbList\",\"@id\":\"https:\\\/\\\/www.globalfilter.com\\\/fr\\\/cartouches-charbon-actif\\\/#breadcrumb\",\"itemListElement\":[{\"@type\":\"ListItem\",\"position\":1,\"name\":\"home\",\"item\":\"https:\\\/\\\/www.globalfilter.com\\\/fr\\\/\"},{\"@type\":\"ListItem\",\"position\":2,\"name\":\"Cartouches charbon actif\"}]},{\"@type\":\"WebSite\",\"@id\":\"https:\\\/\\\/www.globalfilter.com\\\/fr\\\/#website\",\"url\":\"https:\\\/\\\/www.globalfilter.com\\\/fr\\\/\",\"name\":\"Global Filter\",\"description\":\"Making the World Safer, Healthier and More Productive\",\"publisher\":{\"@id\":\"https:\\\/\\\/www.globalfilter.com\\\/fr\\\/#organization\"},\"potentialAction\":[{\"@type\":\"SearchAction\",\"target\":{\"@type\":\"EntryPoint\",\"urlTemplate\":\"https:\\\/\\\/www.globalfilter.com\\\/fr\\\/?s={search_term_string}\"},\"query-input\":{\"@type\":\"PropertyValueSpecification\",\"valueRequired\":true,\"valueName\":\"search_term_string\"}}],\"inLanguage\":\"fr-FR\"},{\"@type\":\"Organization\",\"@id\":\"https:\\\/\\\/www.globalfilter.com\\\/fr\\\/#organization\",\"name\":\"Global filter\",\"url\":\"https:\\\/\\\/www.globalfilter.com\\\/fr\\\/\",\"logo\":{\"@type\":\"ImageObject\",\"inLanguage\":\"fr-FR\",\"@id\":\"https:\\\/\\\/www.globalfilter.com\\\/fr\\\/#\\\/schema\\\/logo\\\/image\\\/\",\"url\":\"https:\\\/\\\/www.globalfilter.com\\\/wp-content\\\/uploads\\\/2019\\\/06\\\/FGC-logo-1.png\",\"contentUrl\":\"https:\\\/\\\/www.globalfilter.com\\\/wp-content\\\/uploads\\\/2019\\\/06\\\/FGC-logo-1.png\",\"width\":1104,\"height\":224,\"caption\":\"Global filter\"},\"image\":{\"@id\":\"https:\\\/\\\/www.globalfilter.com\\\/fr\\\/#\\\/schema\\\/logo\\\/image\\\/\"},\"sameAs\":[\"https:\\\/\\\/www.linkedin.com\\\/company\\\/global-filter-llc\"]}]}<\/script>\n<!-- \/ Yoast SEO plugin. -->","yoast_head_json":{"title":"Cartouches charbon actif - Global Filter","description":"Les cartouches charbon actif de la S\u00e9rie-GCCB+ de Global Filter ont \u00e9t\u00e9 con\u00e7ues pour \u00e9liminer le go\u00fbt, l\u2019odeur, le chlore, la couleur et les impuret\u00e9s organiques ind\u00e9sirables de l'eau potable et d'autres solutions aqueuses","robots":{"index":"index","follow":"follow","max-snippet":"max-snippet:-1","max-image-preview":"max-image-preview:large","max-video-preview":"max-video-preview:-1"},"canonical":"https:\/\/www.globalfilter.com\/fr\/cartouches-charbon-actif\/","og_locale":"fr_FR","og_type":"article","og_title":"Cartouches charbon actif - Global Filter","og_description":"Les cartouches charbon actif de la S\u00e9rie-GCCB+ de Global Filter ont \u00e9t\u00e9 con\u00e7ues pour \u00e9liminer le go\u00fbt, l\u2019odeur, le chlore, la couleur et les impuret\u00e9s organiques ind\u00e9sirables de l'eau potable et d'autres solutions aqueuses","og_url":"https:\/\/www.globalfilter.com\/fr\/cartouches-charbon-actif\/","og_site_name":"Global Filter","article_modified_time":"2025-09-29T08:48:09+00:00","twitter_card":"summary_large_image","twitter_misc":{"Dur\u00e9e de lecture estim\u00e9e":"2 minutes"},"schema":{"@context":"https:\/\/schema.org","@graph":[{"@type":"WebPage","@id":"https:\/\/www.globalfilter.com\/fr\/cartouches-charbon-actif\/","url":"https:\/\/www.globalfilter.com\/fr\/cartouches-charbon-actif\/","name":"Cartouches charbon actif - Global Filter","isPartOf":{"@id":"https:\/\/www.globalfilter.com\/fr\/#website"},"primaryImageOfPage":{"@id":"https:\/\/www.globalfilter.com\/fr\/cartouches-charbon-actif\/#primaryimage"},"image":{"@id":"https:\/\/www.globalfilter.com\/fr\/cartouches-charbon-actif\/#primaryimage"},"thumbnailUrl":"https:\/\/www.globalfilter.com\/wp-content\/uploads\/2021\/08\/Gen2-Web-Banner-origional.jpg","datePublished":"2024-01-19T15:36:22+00:00","dateModified":"2025-09-29T08:48:09+00:00","description":"Les cartouches charbon actif de la S\u00e9rie-GCCB+ de Global Filter ont \u00e9t\u00e9 con\u00e7ues pour \u00e9liminer le go\u00fbt, l\u2019odeur, le chlore, la couleur et les impuret\u00e9s organiques ind\u00e9sirables de l'eau potable et d'autres solutions aqueuses","breadcrumb":{"@id":"https:\/\/www.globalfilter.com\/fr\/cartouches-charbon-actif\/#breadcrumb"},"inLanguage":"fr-FR","potentialAction":[{"@type":"ReadAction","target":["https:\/\/www.globalfilter.com\/fr\/cartouches-charbon-actif\/"]}]},{"@type":"ImageObject","inLanguage":"fr-FR","@id":"https:\/\/www.globalfilter.com\/fr\/cartouches-charbon-actif\/#primaryimage","url":"https:\/\/www.globalfilter.com\/wp-content\/uploads\/2021\/08\/Gen2-Web-Banner-origional.jpg","contentUrl":"https:\/\/www.globalfilter.com\/wp-content\/uploads\/2021\/08\/Gen2-Web-Banner-origional.jpg"},{"@type":"BreadcrumbList","@id":"https:\/\/www.globalfilter.com\/fr\/cartouches-charbon-actif\/#breadcrumb","itemListElement":[{"@type":"ListItem","position":1,"name":"home","item":"https:\/\/www.globalfilter.com\/fr\/"},{"@type":"ListItem","position":2,"name":"Cartouches charbon actif"}]},{"@type":"WebSite","@id":"https:\/\/www.globalfilter.com\/fr\/#website","url":"https:\/\/www.globalfilter.com\/fr\/","name":"Global Filter","description":"Making the World Safer, Healthier and More Productive","publisher":{"@id":"https:\/\/www.globalfilter.com\/fr\/#organization"},"potentialAction":[{"@type":"SearchAction","target":{"@type":"EntryPoint","urlTemplate":"https:\/\/www.globalfilter.com\/fr\/?s={search_term_string}"},"query-input":{"@type":"PropertyValueSpecification","valueRequired":true,"valueName":"search_term_string"}}],"inLanguage":"fr-FR"},{"@type":"Organization","@id":"https:\/\/www.globalfilter.com\/fr\/#organization","name":"Global filter","url":"https:\/\/www.globalfilter.com\/fr\/","logo":{"@type":"ImageObject","inLanguage":"fr-FR","@id":"https:\/\/www.globalfilter.com\/fr\/#\/schema\/logo\/image\/","url":"https:\/\/www.globalfilter.com\/wp-content\/uploads\/2019\/06\/FGC-logo-1.png","contentUrl":"https:\/\/www.globalfilter.com\/wp-content\/uploads\/2019\/06\/FGC-logo-1.png","width":1104,"height":224,"caption":"Global filter"},"image":{"@id":"https:\/\/www.globalfilter.com\/fr\/#\/schema\/logo\/image\/"},"sameAs":["https:\/\/www.linkedin.com\/company\/global-filter-llc"]}]}},"_links":{"self":[{"href":"https:\/\/www.globalfilter.com\/fr\/wp-json\/wp\/v2\/pages\/12057","targetHints":{"allow":["GET"]}}],"collection":[{"href":"https:\/\/www.globalfilter.com\/fr\/wp-json\/wp\/v2\/pages"}],"about":[{"href":"https:\/\/www.globalfilter.com\/fr\/wp-json\/wp\/v2\/types\/page"}],"author":[{"embeddable":true,"href":"https:\/\/www.globalfilter.com\/fr\/wp-json\/wp\/v2\/users\/8"}],"replies":[{"embeddable":true,"href":"https:\/\/www.globalfilter.com\/fr\/wp-json\/wp\/v2\/comments?post=12057"}],"version-history":[{"count":0,"href":"https:\/\/www.globalfilter.com\/fr\/wp-json\/wp\/v2\/pages\/12057\/revisions"}],"wp:attachment":[{"href":"https:\/\/www.globalfilter.com\/fr\/wp-json\/wp\/v2\/media?parent=12057"}],"curies":[{"name":"wp","href":"https:\/\/api.w.org\/{rel}","templated":true}]}}