{"id":12222,"date":"2024-05-15T17:55:14","date_gmt":"2024-05-15T17:55:14","guid":{"rendered":"https:\/\/www.globalfilter.com\/?page_id=12222"},"modified":"2024-05-15T17:55:15","modified_gmt":"2024-05-15T17:55:15","slug":"filtration-des-cosmetiques","status":"publish","type":"page","link":"https:\/\/www.globalfilter.com\/fr\/filtration-des-cosmetiques\/","title":{"rendered":"Filtration des cosm\u00e9tiques"},"content":{"rendered":"\n<div class=\"wp-block-cover alignfull is-light\" style=\"min-height:324px;aspect-ratio:unset;\"><span aria-hidden=\"true\" class=\"wp-block-cover__background has-background-dim\"><\/span><img loading=\"lazy\" decoding=\"async\" width=\"8256\" height=\"5504\" class=\"wp-block-cover__image-background wp-image-12248\" alt=\"\" src=\"https:\/\/www.globalfilter.com\/wp-content\/uploads\/2024\/05\/iStock-1460122345-1-1.jpg\" data-object-fit=\"cover\" srcset=\"https:\/\/www.globalfilter.com\/wp-content\/uploads\/2024\/05\/iStock-1460122345-1-1.jpg 8256w, https:\/\/www.globalfilter.com\/wp-content\/uploads\/2024\/05\/iStock-1460122345-1-1-300x200.jpg 300w, https:\/\/www.globalfilter.com\/wp-content\/uploads\/2024\/05\/iStock-1460122345-1-1-1024x683.jpg 1024w, https:\/\/www.globalfilter.com\/wp-content\/uploads\/2024\/05\/iStock-1460122345-1-1-768x512.jpg 768w, https:\/\/www.globalfilter.com\/wp-content\/uploads\/2024\/05\/iStock-1460122345-1-1-1536x1024.jpg 1536w\" sizes=\"auto, (max-width: 8256px) 100vw, 8256px\" \/><div class=\"wp-block-cover__inner-container is-layout-flow wp-block-cover-is-layout-flow\">\n<h1 class=\"wp-block-heading has-text-align-center has-light-gray-color has-text-color\" id=\"\u201ch\u2014chemical\u201d\"><strong>Filtration des cosm\u00e9tiques<\/strong><\/h1>\n\n\n\n<p class=\"has-text-align-center has-light-gray-color has-text-color\"><em> Nous comprenons l&rsquo;impact qu&rsquo;une filtration inad\u00e9quate peut avoir sur les pr\u00e9parations cosm\u00e9tiques que vous produisez et l&rsquo;impact n\u00e9gatif global qu&rsquo;une filtration non conforme aux normes peut avoir sur votre entreprise. <\/em><\/p>\n\n\n\n<div class=\"wp-block-buttons is-content-justification-center is-layout-flex wp-container-core-buttons-is-layout-16018d1d wp-block-buttons-is-layout-flex\">\n<div class=\"wp-block-button\"><a class=\"wp-block-button__link has-green-background-color has-background wp-element-button\" href=\"https:\/\/www.globalfilter.com\/fr\/nous-contacter\/\">CONTACTER UN EXPERT<\/a><\/div>\n<\/div>\n<\/div><\/div>\n\n\n\n<h2 class=\"wp-block-heading\">Optimisation du process de filtration des cosm\u00e9tiques<\/h2>\n\n\n\n<p>La filtration est une \u00e9tape cruciale dans la production de produits cosm\u00e9tiques. Bien qu&rsquo;il existe de nombreux produits cosm\u00e9tiques diff\u00e9rents (eau florale, cr\u00e8me, parfum\u2026), ils n\u00e9cessitent tous des op\u00e9rations critiques pour garantir l&rsquo;int\u00e9grit\u00e9 du processus de production et produire des produits finis parfaits. Un syst\u00e8me de filtration appropri\u00e9 est essentiel pour garantir la s\u00e9curit\u00e9 biologique, la qualit\u00e9 et la dur\u00e9e de conservation du produit, ainsi que pour prot\u00e9ger l&rsquo;\u00e9quipement de production. Global Filter con\u00e7oit et fabrique des corps de filtres et des \u00e9l\u00e9ments filtrants pour la cosm\u00e9tique. Notre expertise nous permet \u00e9galement d&rsquo;optimiser votre processus de fabrication.<\/p>\n\n\n\n<h2 class=\"wp-block-heading\">Process typique de fabrication des cosm\u00e9tiques<\/h2>\n\n\n<div class=\"wp-block-image\">\n<figure class=\"aligncenter size-medium\"><img loading=\"lazy\" decoding=\"async\" width=\"232\" height=\"300\" src=\"https:\/\/www.globalfilter.com\/wp-content\/uploads\/2024\/05\/process-cosmetique-FR-232x300.png\" alt=\"\" class=\"wp-image-12223\" srcset=\"https:\/\/www.globalfilter.com\/wp-content\/uploads\/2024\/05\/process-cosmetique-FR-232x300.png 232w, https:\/\/www.globalfilter.com\/wp-content\/uploads\/2024\/05\/process-cosmetique-FR.png 512w\" sizes=\"auto, (max-width: 232px) 100vw, 232px\" \/><\/figure>\n<\/div>\n\n\n<div class=\"wp-block-media-text alignwide is-stacked-on-mobile\"><figure class=\"wp-block-media-text__media\"><img loading=\"lazy\" decoding=\"async\" width=\"1024\" height=\"683\" src=\"https:\/\/www.globalfilter.com\/wp-content\/uploads\/2022\/05\/iStock-539342836-1024x683.jpg\" alt=\"\" class=\"wp-image-9530 size-full\" srcset=\"https:\/\/www.globalfilter.com\/wp-content\/uploads\/2022\/05\/iStock-539342836-1024x683.jpg 1024w, https:\/\/www.globalfilter.com\/wp-content\/uploads\/2022\/05\/iStock-539342836-300x200.jpg 300w, https:\/\/www.globalfilter.com\/wp-content\/uploads\/2022\/05\/iStock-539342836-768x512.jpg 768w, https:\/\/www.globalfilter.com\/wp-content\/uploads\/2022\/05\/iStock-539342836-1536x1024.jpg 1536w, https:\/\/www.globalfilter.com\/wp-content\/uploads\/2022\/05\/iStock-539342836-2048x1365.jpg 2048w, https:\/\/www.globalfilter.com\/wp-content\/uploads\/2022\/05\/iStock-539342836-272x182.jpg 272w\" sizes=\"auto, (max-width: 1024px) 100vw, 1024px\" \/><\/figure><div class=\"wp-block-media-text__content\">\n<h2 class=\"wp-block-heading\" id=\"h-filtration-des-entrants\">Filtration grossi\u00e8re<\/h2>\n\n\n\n<p>Nous intervenons lors des diff\u00e9rentes \u00e9tapes cl\u00e9s de toute production de cosm\u00e9tiques: Tout d&rsquo;abord, une \u00e9tape de filtration grossi\u00e8re, pour \u00e9liminer toutes les grosses particules ind\u00e9sirables telles que les petits morceaux de branches, de feuilles et de p\u00e9tales, afin d&rsquo;am\u00e9liorer les performances d&rsquo;extraction, les rendements des r\u00e9actions ou d&rsquo;\u00e9viter une filtration plus complexe des produits finis. <\/p>\n\n\n\n<p>Pour cette \u00e9tape, nous recommandons d&rsquo;utiliser une <a href=\"https:\/\/www.globalfilter.com\/fr\/serie-gctb\/\">cartouche de profondeur en polypropyl\u00e8ne meltblown<\/a> de Global Filter avec une porosit\u00e9 de 20 microns.<\/p>\n\n\n\n<p><\/p>\n\n\n\n<p><\/p>\n\n\n\n<p><\/p>\n\n\n\n<p><\/p>\n<\/div><\/div>\n\n\n\n<div class=\"wp-block-media-text alignwide has-media-on-the-right is-stacked-on-mobile\"><div class=\"wp-block-media-text__content\">\n<h2 class=\"wp-block-heading\" id=\"h-r-tention-de-catalyseur-ou-de-charbon-actif\">La clarification de produits cosm\u00e9tiques<\/h2>\n\n\n\n<p>Si une \u00e9tape de clarification est n\u00e9cessaire, en fonction de la composition du cosm\u00e9tique (teneur en solides, micro-organismes), nous recommandons d&rsquo;utiliser <a href=\"https:\/\/www.globalfilter.com\/fr\/produits\/cartouches-plissees\/cartouche-plissee-polypropylene\/\">les cartouches pliss\u00e9es en polypropyl\u00e8ne de Global Filter (s\u00e9rie PP)<\/a> et\/ou les cartouches pliss\u00e9es en profondeur en polypropyl\u00e8ne (s\u00e9rie GHLS) avec une r\u00e9tention de 1 \u00e0 3 microns. Les cartouches de la s\u00e9rie PP offrent une faible perte de charge et une capacit\u00e9 de charge \u00e9lev\u00e9e. Cette \u00e9tape prot\u00e8ge \u00e9galement les membranes d&rsquo;une surcharge de particules et d&rsquo;un colmatage pr\u00e9matur\u00e9.<\/p>\n\n\n\n<p>Pour l&rsquo;\u00e9limination des contaminants microbiens, nous recommandons l&rsquo;utilisation de <a href=\"https:\/\/www.globalfilter.com\/fr\/produits\/cartouches-a-membrane-plissee\/polyethersulfone\/\">cartouches membrane PES de 0,2 micron (BRPES &#8211; Series)<\/a>. L&rsquo;\u00e9limination des micro-organismes permet d&rsquo;obtenir un produit stable, exempt de contaminants microbiens.<\/p>\n\n\n\n<p><\/p>\n<\/div><figure class=\"wp-block-media-text__media\"><img loading=\"lazy\" decoding=\"async\" width=\"1024\" height=\"683\" src=\"https:\/\/www.globalfilter.com\/wp-content\/uploads\/2024\/05\/iStock-1460122345-1-1024x683.jpg\" alt=\"\" class=\"wp-image-12230 size-full\" srcset=\"https:\/\/www.globalfilter.com\/wp-content\/uploads\/2024\/05\/iStock-1460122345-1-1024x683.jpg 1024w, https:\/\/www.globalfilter.com\/wp-content\/uploads\/2024\/05\/iStock-1460122345-1-300x200.jpg 300w, https:\/\/www.globalfilter.com\/wp-content\/uploads\/2024\/05\/iStock-1460122345-1-768x512.jpg 768w, https:\/\/www.globalfilter.com\/wp-content\/uploads\/2024\/05\/iStock-1460122345-1-1536x1024.jpg 1536w\" sizes=\"auto, (max-width: 1024px) 100vw, 1024px\" \/><\/figure><\/div>\n\n\n\n<div class=\"wp-block-media-text alignwide is-stacked-on-mobile\"><figure class=\"wp-block-media-text__media\"><img loading=\"lazy\" decoding=\"async\" width=\"1024\" height=\"683\" src=\"https:\/\/www.globalfilter.com\/wp-content\/uploads\/2022\/05\/iStock-1298817518-1024x683.jpg\" alt=\"\" class=\"wp-image-9540 size-full\" srcset=\"https:\/\/www.globalfilter.com\/wp-content\/uploads\/2022\/05\/iStock-1298817518-1024x683.jpg 1024w, https:\/\/www.globalfilter.com\/wp-content\/uploads\/2022\/05\/iStock-1298817518-300x200.jpg 300w, https:\/\/www.globalfilter.com\/wp-content\/uploads\/2022\/05\/iStock-1298817518-768x512.jpg 768w, https:\/\/www.globalfilter.com\/wp-content\/uploads\/2022\/05\/iStock-1298817518-1536x1024.jpg 1536w, https:\/\/www.globalfilter.com\/wp-content\/uploads\/2022\/05\/iStock-1298817518-2048x1365.jpg 2048w, https:\/\/www.globalfilter.com\/wp-content\/uploads\/2022\/05\/iStock-1298817518-272x182.jpg 272w\" sizes=\"auto, (max-width: 1024px) 100vw, 1024px\" \/><\/figure><div class=\"wp-block-media-text__content\">\n<h2 class=\"wp-block-heading\" id=\"h-cristallisation-et-filtration-par-solvants\">Filtration des \u00e9vents de cuves<\/h2>\n\n\n\n<p>Les produits de Global Filter peuvent garantir un effluent st\u00e9rile exempt de contaminants microbiens, assurant la propret\u00e9 de l&rsquo;eau de lavage\/rin\u00e7age et des conduites de fluides.<\/p>\n\n\n\n<p>Les \u00e9vents de cuves de stockage doivent \u00eatre filtr\u00e9s pour \u00e9liminer tous les contaminants de l&rsquo;air ambiant et<br>assurer une conservation en milieu st\u00e9rile si n\u00e9cessaire.<\/p>\n\n\n\n<p><\/p>\n<\/div><\/div>\n\n\n\n<p><\/p>\n\n\n\n<p><\/p>\n\n\n\n<h2 class=\"wp-block-heading\" id=\"h-litt-rature\">Litt\u00e9rature sur la filtration des cosm\u00e9tiques<\/h2>\n\n\n\n<p>T\u00e9l\u00e9chargez la documentation sur la filtration des cosm\u00e9tiques ci-dessous pour plus de d\u00e9tails sur nos solutions de filtration.<\/p>\n\n\n\n<div class=\"wp-block-media-text alignwide is-stacked-on-mobile\" style=\"grid-template-columns:18% auto\"><figure class=\"wp-block-media-text__media\"><a href=\"https:\/\/www.globalfilter.com\/wp-content\/uploads\/2022\/09\/Whitepaper-pharmaceutical-preparations-EU.pdf\"><img loading=\"lazy\" decoding=\"async\" width=\"680\" height=\"880\" src=\"https:\/\/www.globalfilter.com\/wp-content\/uploads\/2024\/05\/cosmetic-brochure-FR.png\" alt=\"\" class=\"wp-image-12242 size-full\" srcset=\"https:\/\/www.globalfilter.com\/wp-content\/uploads\/2024\/05\/cosmetic-brochure-FR.png 680w, https:\/\/www.globalfilter.com\/wp-content\/uploads\/2024\/05\/cosmetic-brochure-FR-232x300.png 232w\" sizes=\"auto, (max-width: 680px) 100vw, 680px\" \/><\/a><\/figure><div class=\"wp-block-media-text__content\">\n<p id=\"h-global-filter-designs-and-manufactures-vessels-and-filter-elements-used-in-the-beer-industry-our-expertise-enables-us-to-optimize-your-manufacturing-process\">Dans l&rsquo;industrie de la cosm\u00e9tique, il est essentiel de filtrer les composants du processus pour emp\u00eacher la contamination particulaire et microbienne, contribuant ainsi \u00e0 assurer la qualit\u00e9 des produits finis. D\u00e9couvrez comment les solutions produits de Global Filter aident \u00e0 optimiser le processus de fabrication des cosm\u00e9tiques.<\/p>\n\n\n\n<div class=\"wp-block-buttons is-layout-flex wp-block-buttons-is-layout-flex\">\n<div class=\"wp-block-button\"><a class=\"wp-block-button__link has-blue-background-color has-background wp-element-button\" href=\"https:\/\/www.globalfilter.com\/wp-content\/uploads\/2024\/05\/2024-04-18-Global-Filter-Cosmetics-Application-FR.pdf\">T\u00e9l\u00e9charger la brochure sur les cosm\u00e9tiques<\/a><\/div>\n<\/div>\n<\/div><\/div>\n\n\n\n<p><\/p>\n\n\n\n<div class=\"wp-block-buttons is-content-justification-center is-layout-flex wp-container-core-buttons-is-layout-16018d1d wp-block-buttons-is-layout-flex\">\n<div class=\"wp-block-button\"><a class=\"wp-block-button__link has-green-background-color has-background wp-element-button\" href=\"https:\/\/www.globalfilter.com\/fr\/nous-contacter\/\">CONTACTEZ NOUS!<\/a><\/div>\n<\/div>\n\n\n\n<p><\/p>\n","protected":false},"excerpt":{"rendered":"<p>Optimisation du process de filtration des cosm\u00e9tiques La filtration est une \u00e9tape cruciale dans la production de produits cosm\u00e9tiques. Bien qu&rsquo;il existe de nombreux produits cosm\u00e9tiques diff\u00e9rents (eau florale, cr\u00e8me, parfum\u2026), ils n\u00e9cessitent tous des op\u00e9rations critiques pour garantir l&rsquo;int\u00e9grit\u00e9 du processus de production et produire des produits finis parfaits. Un syst\u00e8me de filtration appropri\u00e9 [&hellip;]<\/p>\n","protected":false},"author":8,"featured_media":0,"parent":0,"menu_order":0,"comment_status":"closed","ping_status":"closed","template":"","meta":{"_acf_changed":false,"content-type":"","footnotes":""},"class_list":["post-12222","page","type-page","status-publish","hentry"],"acf":[],"yoast_head":"<!-- This site is optimized with the Yoast SEO plugin v27.3 - https:\/\/yoast.com\/product\/yoast-seo-wordpress\/ -->\n<title>Filtration des cosm\u00e9tiques - Global Filter<\/title>\n<meta name=\"description\" content=\"Global Filter propose des solution de filtration des cosm\u00e9tiques adapt\u00e9es \u00e0 vos exigences de production. Filtration des cosm\u00e9tiques Filtration des cosm\u00e9tiques\" \/>\n<meta name=\"robots\" content=\"index, follow, max-snippet:-1, max-image-preview:large, max-video-preview:-1\" \/>\n<link rel=\"canonical\" href=\"https:\/\/www.globalfilter.com\/fr\/filtration-des-cosmetiques\/\" \/>\n<meta property=\"og:locale\" content=\"fr_FR\" \/>\n<meta property=\"og:type\" content=\"article\" \/>\n<meta property=\"og:title\" content=\"Filtration des cosm\u00e9tiques - Global Filter\" \/>\n<meta property=\"og:description\" content=\"Global Filter propose des solution de filtration des cosm\u00e9tiques adapt\u00e9es \u00e0 vos exigences de production. Filtration des cosm\u00e9tiques Filtration des cosm\u00e9tiques\" \/>\n<meta property=\"og:url\" content=\"https:\/\/www.globalfilter.com\/fr\/filtration-des-cosmetiques\/\" \/>\n<meta property=\"og:site_name\" content=\"Global Filter\" \/>\n<meta property=\"article:modified_time\" content=\"2024-05-15T17:55:15+00:00\" \/>\n<meta property=\"og:image\" content=\"https:\/\/www.globalfilter.com\/wp-content\/uploads\/2024\/05\/iStock-1460122345-1-1.jpg\" \/>\n<meta name=\"twitter:card\" content=\"summary_large_image\" \/>\n<meta name=\"twitter:label1\" content=\"Dur\u00e9e de lecture estim\u00e9e\" \/>\n\t<meta name=\"twitter:data1\" content=\"4 minutes\" \/>\n<script type=\"application\/ld+json\" class=\"yoast-schema-graph\">{\"@context\":\"https:\\\/\\\/schema.org\",\"@graph\":[{\"@type\":\"WebPage\",\"@id\":\"https:\\\/\\\/www.globalfilter.com\\\/fr\\\/filtration-des-cosmetiques\\\/\",\"url\":\"https:\\\/\\\/www.globalfilter.com\\\/fr\\\/filtration-des-cosmetiques\\\/\",\"name\":\"Filtration des cosm\u00e9tiques - Global Filter\",\"isPartOf\":{\"@id\":\"https:\\\/\\\/www.globalfilter.com\\\/fr\\\/#website\"},\"primaryImageOfPage\":{\"@id\":\"https:\\\/\\\/www.globalfilter.com\\\/fr\\\/filtration-des-cosmetiques\\\/#primaryimage\"},\"image\":{\"@id\":\"https:\\\/\\\/www.globalfilter.com\\\/fr\\\/filtration-des-cosmetiques\\\/#primaryimage\"},\"thumbnailUrl\":\"https:\\\/\\\/www.globalfilter.com\\\/wp-content\\\/uploads\\\/2024\\\/05\\\/iStock-1460122345-1-1.jpg\",\"datePublished\":\"2024-05-15T17:55:14+00:00\",\"dateModified\":\"2024-05-15T17:55:15+00:00\",\"description\":\"Global Filter propose des solution de filtration des cosm\u00e9tiques adapt\u00e9es \u00e0 vos exigences de production. Filtration des cosm\u00e9tiques Filtration des cosm\u00e9tiques\",\"breadcrumb\":{\"@id\":\"https:\\\/\\\/www.globalfilter.com\\\/fr\\\/filtration-des-cosmetiques\\\/#breadcrumb\"},\"inLanguage\":\"fr-FR\",\"potentialAction\":[{\"@type\":\"ReadAction\",\"target\":[\"https:\\\/\\\/www.globalfilter.com\\\/fr\\\/filtration-des-cosmetiques\\\/\"]}]},{\"@type\":\"ImageObject\",\"inLanguage\":\"fr-FR\",\"@id\":\"https:\\\/\\\/www.globalfilter.com\\\/fr\\\/filtration-des-cosmetiques\\\/#primaryimage\",\"url\":\"https:\\\/\\\/www.globalfilter.com\\\/wp-content\\\/uploads\\\/2024\\\/05\\\/iStock-1460122345-1-1.jpg\",\"contentUrl\":\"https:\\\/\\\/www.globalfilter.com\\\/wp-content\\\/uploads\\\/2024\\\/05\\\/iStock-1460122345-1-1.jpg\"},{\"@type\":\"BreadcrumbList\",\"@id\":\"https:\\\/\\\/www.globalfilter.com\\\/fr\\\/filtration-des-cosmetiques\\\/#breadcrumb\",\"itemListElement\":[{\"@type\":\"ListItem\",\"position\":1,\"name\":\"home\",\"item\":\"https:\\\/\\\/www.globalfilter.com\\\/fr\\\/\"},{\"@type\":\"ListItem\",\"position\":2,\"name\":\"Filtration des cosm\u00e9tiques\"}]},{\"@type\":\"WebSite\",\"@id\":\"https:\\\/\\\/www.globalfilter.com\\\/fr\\\/#website\",\"url\":\"https:\\\/\\\/www.globalfilter.com\\\/fr\\\/\",\"name\":\"Global Filter\",\"description\":\"Making the World Safer, Healthier and More Productive\",\"publisher\":{\"@id\":\"https:\\\/\\\/www.globalfilter.com\\\/fr\\\/#organization\"},\"potentialAction\":[{\"@type\":\"SearchAction\",\"target\":{\"@type\":\"EntryPoint\",\"urlTemplate\":\"https:\\\/\\\/www.globalfilter.com\\\/fr\\\/?s={search_term_string}\"},\"query-input\":{\"@type\":\"PropertyValueSpecification\",\"valueRequired\":true,\"valueName\":\"search_term_string\"}}],\"inLanguage\":\"fr-FR\"},{\"@type\":\"Organization\",\"@id\":\"https:\\\/\\\/www.globalfilter.com\\\/fr\\\/#organization\",\"name\":\"Global filter\",\"url\":\"https:\\\/\\\/www.globalfilter.com\\\/fr\\\/\",\"logo\":{\"@type\":\"ImageObject\",\"inLanguage\":\"fr-FR\",\"@id\":\"https:\\\/\\\/www.globalfilter.com\\\/fr\\\/#\\\/schema\\\/logo\\\/image\\\/\",\"url\":\"https:\\\/\\\/www.globalfilter.com\\\/wp-content\\\/uploads\\\/2019\\\/06\\\/FGC-logo-1.png\",\"contentUrl\":\"https:\\\/\\\/www.globalfilter.com\\\/wp-content\\\/uploads\\\/2019\\\/06\\\/FGC-logo-1.png\",\"width\":1104,\"height\":224,\"caption\":\"Global filter\"},\"image\":{\"@id\":\"https:\\\/\\\/www.globalfilter.com\\\/fr\\\/#\\\/schema\\\/logo\\\/image\\\/\"},\"sameAs\":[\"https:\\\/\\\/www.linkedin.com\\\/company\\\/global-filter-llc\"]}]}<\/script>\n<!-- \/ Yoast SEO plugin. -->","yoast_head_json":{"title":"Filtration des cosm\u00e9tiques - Global Filter","description":"Global Filter propose des solution de filtration des cosm\u00e9tiques adapt\u00e9es \u00e0 vos exigences de production. Filtration des cosm\u00e9tiques Filtration des cosm\u00e9tiques","robots":{"index":"index","follow":"follow","max-snippet":"max-snippet:-1","max-image-preview":"max-image-preview:large","max-video-preview":"max-video-preview:-1"},"canonical":"https:\/\/www.globalfilter.com\/fr\/filtration-des-cosmetiques\/","og_locale":"fr_FR","og_type":"article","og_title":"Filtration des cosm\u00e9tiques - Global Filter","og_description":"Global Filter propose des solution de filtration des cosm\u00e9tiques adapt\u00e9es \u00e0 vos exigences de production. Filtration des cosm\u00e9tiques Filtration des cosm\u00e9tiques","og_url":"https:\/\/www.globalfilter.com\/fr\/filtration-des-cosmetiques\/","og_site_name":"Global Filter","article_modified_time":"2024-05-15T17:55:15+00:00","og_image":[{"url":"https:\/\/www.globalfilter.com\/wp-content\/uploads\/2024\/05\/iStock-1460122345-1-1.jpg","type":"","width":"","height":""}],"twitter_card":"summary_large_image","twitter_misc":{"Dur\u00e9e de lecture estim\u00e9e":"4 minutes"},"schema":{"@context":"https:\/\/schema.org","@graph":[{"@type":"WebPage","@id":"https:\/\/www.globalfilter.com\/fr\/filtration-des-cosmetiques\/","url":"https:\/\/www.globalfilter.com\/fr\/filtration-des-cosmetiques\/","name":"Filtration des cosm\u00e9tiques - Global Filter","isPartOf":{"@id":"https:\/\/www.globalfilter.com\/fr\/#website"},"primaryImageOfPage":{"@id":"https:\/\/www.globalfilter.com\/fr\/filtration-des-cosmetiques\/#primaryimage"},"image":{"@id":"https:\/\/www.globalfilter.com\/fr\/filtration-des-cosmetiques\/#primaryimage"},"thumbnailUrl":"https:\/\/www.globalfilter.com\/wp-content\/uploads\/2024\/05\/iStock-1460122345-1-1.jpg","datePublished":"2024-05-15T17:55:14+00:00","dateModified":"2024-05-15T17:55:15+00:00","description":"Global Filter propose des solution de filtration des cosm\u00e9tiques adapt\u00e9es \u00e0 vos exigences de production. Filtration des cosm\u00e9tiques Filtration des cosm\u00e9tiques","breadcrumb":{"@id":"https:\/\/www.globalfilter.com\/fr\/filtration-des-cosmetiques\/#breadcrumb"},"inLanguage":"fr-FR","potentialAction":[{"@type":"ReadAction","target":["https:\/\/www.globalfilter.com\/fr\/filtration-des-cosmetiques\/"]}]},{"@type":"ImageObject","inLanguage":"fr-FR","@id":"https:\/\/www.globalfilter.com\/fr\/filtration-des-cosmetiques\/#primaryimage","url":"https:\/\/www.globalfilter.com\/wp-content\/uploads\/2024\/05\/iStock-1460122345-1-1.jpg","contentUrl":"https:\/\/www.globalfilter.com\/wp-content\/uploads\/2024\/05\/iStock-1460122345-1-1.jpg"},{"@type":"BreadcrumbList","@id":"https:\/\/www.globalfilter.com\/fr\/filtration-des-cosmetiques\/#breadcrumb","itemListElement":[{"@type":"ListItem","position":1,"name":"home","item":"https:\/\/www.globalfilter.com\/fr\/"},{"@type":"ListItem","position":2,"name":"Filtration des cosm\u00e9tiques"}]},{"@type":"WebSite","@id":"https:\/\/www.globalfilter.com\/fr\/#website","url":"https:\/\/www.globalfilter.com\/fr\/","name":"Global Filter","description":"Making the World Safer, Healthier and More Productive","publisher":{"@id":"https:\/\/www.globalfilter.com\/fr\/#organization"},"potentialAction":[{"@type":"SearchAction","target":{"@type":"EntryPoint","urlTemplate":"https:\/\/www.globalfilter.com\/fr\/?s={search_term_string}"},"query-input":{"@type":"PropertyValueSpecification","valueRequired":true,"valueName":"search_term_string"}}],"inLanguage":"fr-FR"},{"@type":"Organization","@id":"https:\/\/www.globalfilter.com\/fr\/#organization","name":"Global filter","url":"https:\/\/www.globalfilter.com\/fr\/","logo":{"@type":"ImageObject","inLanguage":"fr-FR","@id":"https:\/\/www.globalfilter.com\/fr\/#\/schema\/logo\/image\/","url":"https:\/\/www.globalfilter.com\/wp-content\/uploads\/2019\/06\/FGC-logo-1.png","contentUrl":"https:\/\/www.globalfilter.com\/wp-content\/uploads\/2019\/06\/FGC-logo-1.png","width":1104,"height":224,"caption":"Global filter"},"image":{"@id":"https:\/\/www.globalfilter.com\/fr\/#\/schema\/logo\/image\/"},"sameAs":["https:\/\/www.linkedin.com\/company\/global-filter-llc"]}]}},"_links":{"self":[{"href":"https:\/\/www.globalfilter.com\/fr\/wp-json\/wp\/v2\/pages\/12222","targetHints":{"allow":["GET"]}}],"collection":[{"href":"https:\/\/www.globalfilter.com\/fr\/wp-json\/wp\/v2\/pages"}],"about":[{"href":"https:\/\/www.globalfilter.com\/fr\/wp-json\/wp\/v2\/types\/page"}],"author":[{"embeddable":true,"href":"https:\/\/www.globalfilter.com\/fr\/wp-json\/wp\/v2\/users\/8"}],"replies":[{"embeddable":true,"href":"https:\/\/www.globalfilter.com\/fr\/wp-json\/wp\/v2\/comments?post=12222"}],"version-history":[{"count":0,"href":"https:\/\/www.globalfilter.com\/fr\/wp-json\/wp\/v2\/pages\/12222\/revisions"}],"wp:attachment":[{"href":"https:\/\/www.globalfilter.com\/fr\/wp-json\/wp\/v2\/media?parent=12222"}],"curies":[{"name":"wp","href":"https:\/\/api.w.org\/{rel}","templated":true}]}}