{"id":13319,"date":"2025-06-27T14:57:12","date_gmt":"2025-06-27T14:57:12","guid":{"rendered":"https:\/\/www.globalfilter.com\/?page_id=13319"},"modified":"2025-06-27T14:57:14","modified_gmt":"2025-06-27T14:57:14","slug":"nucleaire","status":"publish","type":"page","link":"https:\/\/www.globalfilter.com\/fr\/nucleaire\/","title":{"rendered":"Nucl\u00e9aire"},"content":{"rendered":"\n<div class=\"wp-block-cover alignfull is-light\" style=\"min-height:324px;aspect-ratio:unset;\"><img loading=\"lazy\" decoding=\"async\" width=\"2560\" height=\"1962\" class=\"wp-block-cover__image-background wp-image-10899\" alt=\"\" src=\"https:\/\/www.globalfilter.com\/wp-content\/uploads\/2023\/01\/iStock-1060447932-1-1-scaled.jpg\" data-object-fit=\"cover\" srcset=\"https:\/\/www.globalfilter.com\/wp-content\/uploads\/2023\/01\/iStock-1060447932-1-1-scaled.jpg 2560w, https:\/\/www.globalfilter.com\/wp-content\/uploads\/2023\/01\/iStock-1060447932-1-1-300x230.jpg 300w, https:\/\/www.globalfilter.com\/wp-content\/uploads\/2023\/01\/iStock-1060447932-1-1-1024x785.jpg 1024w, https:\/\/www.globalfilter.com\/wp-content\/uploads\/2023\/01\/iStock-1060447932-1-1-768x589.jpg 768w, https:\/\/www.globalfilter.com\/wp-content\/uploads\/2023\/01\/iStock-1060447932-1-1-1536x1177.jpg 1536w, https:\/\/www.globalfilter.com\/wp-content\/uploads\/2023\/01\/iStock-1060447932-1-1-2048x1570.jpg 2048w\" sizes=\"auto, (max-width: 2560px) 100vw, 2560px\" \/><span aria-hidden=\"true\" class=\"wp-block-cover__background has-background-dim\"><\/span><div class=\"wp-block-cover__inner-container is-layout-flow wp-block-cover-is-layout-flow\">\n<h1 class=\"wp-block-heading has-text-align-center has-light-gray-color has-text-color\" id=\"\u201ch\u2014water-treatment\u201d\"><strong>Nucl\u00e9aire <\/strong><\/h1>\n\n\n\n<div class=\"container\"><\/div>\n\n\n\n<p class=\"has-text-align-center has-light-gray-color has-text-color\">Nous concevons et produisons des cartouches filtrantes qui retiennent les nucl\u00e9ides \/ particules irradi\u00e9es contenues dans l&rsquo;eau des piscines des r\u00e9acteurs pour les industries nucl\u00e9aires et du d\u00e9mant\u00e8lement.<\/p>\n<\/div><\/div>\n\n\n\n<h2 class=\"wp-block-heading\">Fabricant fran\u00e7ais d&rsquo;\u00e9l\u00e9ments filtrants pour le nucl\u00e9aire<\/h2>\n\n\n\n<div class=\"wp-block-media-text alignwide is-stacked-on-mobile\"><figure class=\"wp-block-media-text__media\"><img loading=\"lazy\" decoding=\"async\" width=\"1024\" height=\"785\" src=\"https:\/\/www.globalfilter.com\/wp-content\/uploads\/2025\/06\/centrale-nucleaire-1024x785.jpg\" alt=\"\" class=\"wp-image-13326 size-full\" srcset=\"https:\/\/www.globalfilter.com\/wp-content\/uploads\/2025\/06\/centrale-nucleaire-1024x785.jpg 1024w, https:\/\/www.globalfilter.com\/wp-content\/uploads\/2025\/06\/centrale-nucleaire-300x230.jpg 300w, https:\/\/www.globalfilter.com\/wp-content\/uploads\/2025\/06\/centrale-nucleaire-768x589.jpg 768w, https:\/\/www.globalfilter.com\/wp-content\/uploads\/2025\/06\/centrale-nucleaire-1536x1177.jpg 1536w, https:\/\/www.globalfilter.com\/wp-content\/uploads\/2025\/06\/centrale-nucleaire-2048x1570.jpg 2048w\" sizes=\"auto, (max-width: 1024px) 100vw, 1024px\" \/><\/figure><div class=\"wp-block-media-text__content\">\n<p>Filtration Group SAS est un fabricant fran\u00e7ais d&rsquo;\u00e9l\u00e9ments filtrants. Acteur de r\u00e9f\u00e9rence dans la fabrication et la fourniture de filtres nucl\u00e9aires depuis les ann\u00e9es 1970, nous accompagnons les industries du nucl\u00e9aire et du d\u00e9mant\u00e8lement avec des produits standards reconnus pour leur fiabilit\u00e9 et des solutions sur mesure adapt\u00e9es aux besoins sp\u00e9cifiques de ses clients. Gr\u00e2ce \u00e0 notre expertise et \u00e0 notre engagement envers la qualit\u00e9, nous intervenons sur les circuits primaires et secondaires des centrales nucl\u00e9aires en activit\u00e9 pour assurer la purification des circuits d\u2019eau, des circuits de lubrification et des utilit\u00e9s des installations.<\/p>\n<\/div><\/div>\n\n\n\n<div class=\"wp-block-media-text alignwide has-media-on-the-right is-stacked-on-mobile\"><div class=\"wp-block-media-text__content\">\n<p>Nos syst\u00e8mes de filtration jouent un r\u00f4le essentiel dans le maintien de la s\u00fbret\u00e9 op\u00e9rationnelle des installations nucl\u00e9aires, en contribuant \u00e0 r\u00e9duire les risques de contamination et \u00e0 optimiser les performances des \u00e9quipements. Nous proposons une gamme compl\u00e8te de filtres \u00e0 cartouches et paniers con\u00e7us et fabriqu\u00e9s conform\u00e9ment aux normes strictes NFX45 301\/303\/310, afin de garantir une conformit\u00e9 totale avec les exigences r\u00e9glementaires et industrielles.<\/p>\n\n\n\n<p>En compl\u00e9ment, nous mettons \u00e0 disposition une large s\u00e9lection de mat\u00e9riaux pour r\u00e9pondre aux probl\u00e9matiques de compatibilit\u00e9 chimique et thermique, offrant ainsi des solutions adapt\u00e9es aux environnements les plus exigeants. Nos \u00e9quipes techniques travaillent en \u00e9troite collaboration avec nos clients pour d\u00e9velopper des solutions de filtration performantes et durables, tout en garantissant un service de proximit\u00e9 et un accompagnement personnalis\u00e9.<\/p>\n<\/div><figure class=\"wp-block-media-text__media\"><img loading=\"lazy\" decoding=\"async\" width=\"1024\" height=\"644\" src=\"https:\/\/www.globalfilter.com\/wp-content\/uploads\/2025\/06\/centrale-nucleaire-2-1024x644.jpg\" alt=\"\" class=\"wp-image-13332 size-full\" srcset=\"https:\/\/www.globalfilter.com\/wp-content\/uploads\/2025\/06\/centrale-nucleaire-2-1024x644.jpg 1024w, https:\/\/www.globalfilter.com\/wp-content\/uploads\/2025\/06\/centrale-nucleaire-2-300x189.jpg 300w, https:\/\/www.globalfilter.com\/wp-content\/uploads\/2025\/06\/centrale-nucleaire-2-768x483.jpg 768w, https:\/\/www.globalfilter.com\/wp-content\/uploads\/2025\/06\/centrale-nucleaire-2-1536x966.jpg 1536w, https:\/\/www.globalfilter.com\/wp-content\/uploads\/2025\/06\/centrale-nucleaire-2-2048x1288.jpg 2048w\" sizes=\"auto, (max-width: 1024px) 100vw, 1024px\" \/><\/figure><\/div>\n\n\n\n<p><br><\/p>\n\n\n\n<h2 class=\"wp-block-heading\">Nos domaines d&rsquo;expertise dans le nucl\u00e9aire<\/h2>\n\n\n\n<figure class=\"wp-block-image size-large\"><img loading=\"lazy\" decoding=\"async\" width=\"1024\" height=\"514\" src=\"https:\/\/www.globalfilter.com\/wp-content\/uploads\/2025\/06\/schema-Nucleaire-en-francais-1024x514.png\" alt=\"\" class=\"wp-image-13320\" srcset=\"https:\/\/www.globalfilter.com\/wp-content\/uploads\/2025\/06\/schema-Nucleaire-en-francais-1024x514.png 1024w, https:\/\/www.globalfilter.com\/wp-content\/uploads\/2025\/06\/schema-Nucleaire-en-francais-300x150.png 300w, https:\/\/www.globalfilter.com\/wp-content\/uploads\/2025\/06\/schema-Nucleaire-en-francais-768x385.png 768w, https:\/\/www.globalfilter.com\/wp-content\/uploads\/2025\/06\/schema-Nucleaire-en-francais-1536x770.png 1536w, https:\/\/www.globalfilter.com\/wp-content\/uploads\/2025\/06\/schema-Nucleaire-en-francais.png 1581w\" sizes=\"auto, (max-width: 1024px) 100vw, 1024px\" \/><\/figure>\n\n\n\n<div class=\"wp-block-columns is-layout-flex wp-container-core-columns-is-layout-9d6595d7 wp-block-columns-is-layout-flex\">\n<div class=\"wp-block-column is-layout-flow wp-block-column-is-layout-flow\">\n<div class=\"wp-block-columns is-layout-flex wp-container-core-columns-is-layout-9d6595d7 wp-block-columns-is-layout-flex\">\n<div class=\"wp-block-column is-layout-flow wp-block-column-is-layout-flow\">\n<figure class=\"wp-block-image size-full\"><img loading=\"lazy\" decoding=\"async\" width=\"561\" height=\"726\" src=\"https:\/\/www.globalfilter.com\/wp-content\/uploads\/2023\/01\/HFGF-GR-photo-datasheet.png\" alt=\"\" class=\"wp-image-10935\" srcset=\"https:\/\/www.globalfilter.com\/wp-content\/uploads\/2023\/01\/HFGF-GR-photo-datasheet.png 561w, https:\/\/www.globalfilter.com\/wp-content\/uploads\/2023\/01\/HFGF-GR-photo-datasheet-232x300.png 232w\" sizes=\"auto, (max-width: 561px) 100vw, 561px\" \/><\/figure>\n<\/div>\n\n\n\n<div class=\"wp-block-column is-layout-flow wp-block-column-is-layout-flow\">\n<p>Les mono-cartouches HFGF-GR sont utilis\u00e9es pour la clarification et s\u00e9paration particulaire des eaux de piscine de r\u00e9acteur lors des op\u00e9rations de d\u00e9mant\u00e8lement d&rsquo;une centrale nucl\u00e9aire. Elles se d\u00e9clinent en 3 longueurs ( 20&Prime;, 30&Prime; et 40&Prime; ) et couvrent une gamme allant de 1 \u00e0 25 \u00b5m. Elles sont conformes au protocole AFNOR de la s\u00e9rie NFX45300. <\/p>\n\n\n\n<div class=\"wp-block-buttons is-layout-flex wp-block-buttons-is-layout-flex\">\n<div class=\"wp-block-button\"><a class=\"wp-block-button__link has-green-background-color has-background wp-element-button\" href=\"https:\/\/www.globalfilter.com\/wp-content\/uploads\/2023\/01\/HFGF-GR-fiche-technique-06122022.pdf\">Fiche technique HFGF-GR<\/a><\/div>\n<\/div>\n<\/div>\n<\/div>\n<\/div>\n\n\n\n<div class=\"wp-block-column is-layout-flow wp-block-column-is-layout-flow\">\n<div class=\"wp-block-columns is-layout-flex wp-container-core-columns-is-layout-9d6595d7 wp-block-columns-is-layout-flex\">\n<div class=\"wp-block-column is-layout-flow wp-block-column-is-layout-flow\">\n<figure class=\"wp-block-image size-full\"><img loading=\"lazy\" decoding=\"async\" width=\"625\" height=\"879\" src=\"https:\/\/www.globalfilter.com\/wp-content\/uploads\/2025\/06\/2025-06-27-11_22_30-product-overview-Nucleaire-en-francais-PDF-XChange-Editor.png\" alt=\"photo product overview nucl\u00e9aire francais\" class=\"wp-image-13313\" srcset=\"https:\/\/www.globalfilter.com\/wp-content\/uploads\/2025\/06\/2025-06-27-11_22_30-product-overview-Nucleaire-en-francais-PDF-XChange-Editor.png 625w, https:\/\/www.globalfilter.com\/wp-content\/uploads\/2025\/06\/2025-06-27-11_22_30-product-overview-Nucleaire-en-francais-PDF-XChange-Editor-213x300.png 213w\" sizes=\"auto, (max-width: 625px) 100vw, 625px\" \/><\/figure>\n<\/div>\n\n\n\n<div class=\"wp-block-column is-layout-flow wp-block-column-is-layout-flow\">\n<p>Retrouvez notre gamme de solutions filtrantes pour le d\u00e9mant\u00e8lement dans la brochure produits nucl\u00e9aire.<\/p>\n\n\n\n<div class=\"wp-block-buttons is-layout-flex wp-block-buttons-is-layout-flex\">\n<div class=\"wp-block-button\"><a class=\"wp-block-button__link has-green-background-color has-background wp-element-button\" href=\"https:\/\/www.globalfilter.com\/wp-content\/uploads\/2025\/06\/product-overview-Nucleaire-en-francais.pdf\">Brochure produits nucl\u00e9aire<\/a><\/div>\n<\/div>\n<\/div>\n<\/div>\n<\/div>\n\n\n\n<div class=\"wp-block-column is-layout-flow wp-block-column-is-layout-flow\"><\/div>\n<\/div>\n","protected":false},"excerpt":{"rendered":"<p>Fabricant fran\u00e7ais d&rsquo;\u00e9l\u00e9ments filtrants pour le nucl\u00e9aire Filtration Group SAS est un fabricant fran\u00e7ais d&rsquo;\u00e9l\u00e9ments filtrants. Acteur de r\u00e9f\u00e9rence dans la fabrication et la fourniture de filtres nucl\u00e9aires depuis les ann\u00e9es 1970, nous accompagnons les industries du nucl\u00e9aire et du d\u00e9mant\u00e8lement avec des produits standards reconnus pour leur fiabilit\u00e9 et des solutions sur mesure adapt\u00e9es [&hellip;]<\/p>\n","protected":false},"author":8,"featured_media":0,"parent":0,"menu_order":0,"comment_status":"closed","ping_status":"closed","template":"","meta":{"_acf_changed":false,"content-type":"","footnotes":""},"class_list":["post-13319","page","type-page","status-publish","hentry"],"acf":[],"yoast_head":"<!-- This site is optimized with the Yoast SEO plugin v27.3 - https:\/\/yoast.com\/product\/yoast-seo-wordpress\/ -->\n<title>Nucl\u00e9aire - Global Filter<\/title>\n<meta name=\"description\" content=\"Nous produisons des filtres pour l&#039;industrie nucl\u00e9aire et du d\u00e9mant\u00e8lement qui sont conforme aux normes NFX45 301\/303\/310.\" \/>\n<meta name=\"robots\" content=\"index, follow, max-snippet:-1, max-image-preview:large, max-video-preview:-1\" \/>\n<link rel=\"canonical\" href=\"https:\/\/www.globalfilter.com\/fr\/nucleaire\/\" \/>\n<meta property=\"og:locale\" content=\"fr_FR\" \/>\n<meta property=\"og:type\" content=\"article\" \/>\n<meta property=\"og:title\" content=\"Nucl\u00e9aire - Global Filter\" \/>\n<meta property=\"og:description\" content=\"Nous produisons des filtres pour l&#039;industrie nucl\u00e9aire et du d\u00e9mant\u00e8lement qui sont conforme aux normes NFX45 301\/303\/310.\" \/>\n<meta property=\"og:url\" content=\"https:\/\/www.globalfilter.com\/fr\/nucleaire\/\" \/>\n<meta property=\"og:site_name\" content=\"Global Filter\" \/>\n<meta property=\"article:modified_time\" content=\"2025-06-27T14:57:14+00:00\" \/>\n<meta property=\"og:image\" content=\"https:\/\/www.globalfilter.com\/wp-content\/uploads\/2023\/01\/iStock-1060447932-1-1-scaled.jpg\" \/>\n\t<meta property=\"og:image:width\" content=\"2560\" \/>\n\t<meta property=\"og:image:height\" content=\"1962\" \/>\n\t<meta property=\"og:image:type\" content=\"image\/jpeg\" \/>\n<meta name=\"twitter:card\" content=\"summary_large_image\" \/>\n<meta name=\"twitter:label1\" content=\"Dur\u00e9e de lecture estim\u00e9e\" \/>\n\t<meta name=\"twitter:data1\" content=\"3 minutes\" \/>\n<script type=\"application\/ld+json\" class=\"yoast-schema-graph\">{\"@context\":\"https:\\\/\\\/schema.org\",\"@graph\":[{\"@type\":\"WebPage\",\"@id\":\"https:\\\/\\\/www.globalfilter.com\\\/fr\\\/nucleaire\\\/\",\"url\":\"https:\\\/\\\/www.globalfilter.com\\\/fr\\\/nucleaire\\\/\",\"name\":\"Nucl\u00e9aire - Global Filter\",\"isPartOf\":{\"@id\":\"https:\\\/\\\/www.globalfilter.com\\\/fr\\\/#website\"},\"primaryImageOfPage\":{\"@id\":\"https:\\\/\\\/www.globalfilter.com\\\/fr\\\/nucleaire\\\/#primaryimage\"},\"image\":{\"@id\":\"https:\\\/\\\/www.globalfilter.com\\\/fr\\\/nucleaire\\\/#primaryimage\"},\"thumbnailUrl\":\"https:\\\/\\\/www.globalfilter.com\\\/wp-content\\\/uploads\\\/2023\\\/01\\\/iStock-1060447932-1-1-scaled.jpg\",\"datePublished\":\"2025-06-27T14:57:12+00:00\",\"dateModified\":\"2025-06-27T14:57:14+00:00\",\"description\":\"Nous produisons des filtres pour l'industrie nucl\u00e9aire et du d\u00e9mant\u00e8lement qui sont conforme aux normes NFX45 301\\\/303\\\/310.\",\"breadcrumb\":{\"@id\":\"https:\\\/\\\/www.globalfilter.com\\\/fr\\\/nucleaire\\\/#breadcrumb\"},\"inLanguage\":\"fr-FR\",\"potentialAction\":[{\"@type\":\"ReadAction\",\"target\":[\"https:\\\/\\\/www.globalfilter.com\\\/fr\\\/nucleaire\\\/\"]}]},{\"@type\":\"ImageObject\",\"inLanguage\":\"fr-FR\",\"@id\":\"https:\\\/\\\/www.globalfilter.com\\\/fr\\\/nucleaire\\\/#primaryimage\",\"url\":\"https:\\\/\\\/www.globalfilter.com\\\/wp-content\\\/uploads\\\/2023\\\/01\\\/iStock-1060447932-1-1-scaled.jpg\",\"contentUrl\":\"https:\\\/\\\/www.globalfilter.com\\\/wp-content\\\/uploads\\\/2023\\\/01\\\/iStock-1060447932-1-1-scaled.jpg\"},{\"@type\":\"BreadcrumbList\",\"@id\":\"https:\\\/\\\/www.globalfilter.com\\\/fr\\\/nucleaire\\\/#breadcrumb\",\"itemListElement\":[{\"@type\":\"ListItem\",\"position\":1,\"name\":\"home\",\"item\":\"https:\\\/\\\/www.globalfilter.com\\\/fr\\\/\"},{\"@type\":\"ListItem\",\"position\":2,\"name\":\"Nucl\u00e9aire\"}]},{\"@type\":\"WebSite\",\"@id\":\"https:\\\/\\\/www.globalfilter.com\\\/fr\\\/#website\",\"url\":\"https:\\\/\\\/www.globalfilter.com\\\/fr\\\/\",\"name\":\"Global Filter\",\"description\":\"Making the World Safer, Healthier and More Productive\",\"publisher\":{\"@id\":\"https:\\\/\\\/www.globalfilter.com\\\/fr\\\/#organization\"},\"potentialAction\":[{\"@type\":\"SearchAction\",\"target\":{\"@type\":\"EntryPoint\",\"urlTemplate\":\"https:\\\/\\\/www.globalfilter.com\\\/fr\\\/?s={search_term_string}\"},\"query-input\":{\"@type\":\"PropertyValueSpecification\",\"valueRequired\":true,\"valueName\":\"search_term_string\"}}],\"inLanguage\":\"fr-FR\"},{\"@type\":\"Organization\",\"@id\":\"https:\\\/\\\/www.globalfilter.com\\\/fr\\\/#organization\",\"name\":\"Global filter\",\"url\":\"https:\\\/\\\/www.globalfilter.com\\\/fr\\\/\",\"logo\":{\"@type\":\"ImageObject\",\"inLanguage\":\"fr-FR\",\"@id\":\"https:\\\/\\\/www.globalfilter.com\\\/fr\\\/#\\\/schema\\\/logo\\\/image\\\/\",\"url\":\"https:\\\/\\\/www.globalfilter.com\\\/wp-content\\\/uploads\\\/2019\\\/06\\\/FGC-logo-1.png\",\"contentUrl\":\"https:\\\/\\\/www.globalfilter.com\\\/wp-content\\\/uploads\\\/2019\\\/06\\\/FGC-logo-1.png\",\"width\":1104,\"height\":224,\"caption\":\"Global filter\"},\"image\":{\"@id\":\"https:\\\/\\\/www.globalfilter.com\\\/fr\\\/#\\\/schema\\\/logo\\\/image\\\/\"},\"sameAs\":[\"https:\\\/\\\/www.linkedin.com\\\/company\\\/global-filter-llc\"]}]}<\/script>\n<!-- \/ Yoast SEO plugin. -->","yoast_head_json":{"title":"Nucl\u00e9aire - Global Filter","description":"Nous produisons des filtres pour l'industrie nucl\u00e9aire et du d\u00e9mant\u00e8lement qui sont conforme aux normes NFX45 301\/303\/310.","robots":{"index":"index","follow":"follow","max-snippet":"max-snippet:-1","max-image-preview":"max-image-preview:large","max-video-preview":"max-video-preview:-1"},"canonical":"https:\/\/www.globalfilter.com\/fr\/nucleaire\/","og_locale":"fr_FR","og_type":"article","og_title":"Nucl\u00e9aire - Global Filter","og_description":"Nous produisons des filtres pour l'industrie nucl\u00e9aire et du d\u00e9mant\u00e8lement qui sont conforme aux normes NFX45 301\/303\/310.","og_url":"https:\/\/www.globalfilter.com\/fr\/nucleaire\/","og_site_name":"Global Filter","article_modified_time":"2025-06-27T14:57:14+00:00","og_image":[{"width":2560,"height":1962,"url":"https:\/\/www.globalfilter.com\/wp-content\/uploads\/2023\/01\/iStock-1060447932-1-1-scaled.jpg","type":"image\/jpeg"}],"twitter_card":"summary_large_image","twitter_misc":{"Dur\u00e9e de lecture estim\u00e9e":"3 minutes"},"schema":{"@context":"https:\/\/schema.org","@graph":[{"@type":"WebPage","@id":"https:\/\/www.globalfilter.com\/fr\/nucleaire\/","url":"https:\/\/www.globalfilter.com\/fr\/nucleaire\/","name":"Nucl\u00e9aire - Global Filter","isPartOf":{"@id":"https:\/\/www.globalfilter.com\/fr\/#website"},"primaryImageOfPage":{"@id":"https:\/\/www.globalfilter.com\/fr\/nucleaire\/#primaryimage"},"image":{"@id":"https:\/\/www.globalfilter.com\/fr\/nucleaire\/#primaryimage"},"thumbnailUrl":"https:\/\/www.globalfilter.com\/wp-content\/uploads\/2023\/01\/iStock-1060447932-1-1-scaled.jpg","datePublished":"2025-06-27T14:57:12+00:00","dateModified":"2025-06-27T14:57:14+00:00","description":"Nous produisons des filtres pour l'industrie nucl\u00e9aire et du d\u00e9mant\u00e8lement qui sont conforme aux normes NFX45 301\/303\/310.","breadcrumb":{"@id":"https:\/\/www.globalfilter.com\/fr\/nucleaire\/#breadcrumb"},"inLanguage":"fr-FR","potentialAction":[{"@type":"ReadAction","target":["https:\/\/www.globalfilter.com\/fr\/nucleaire\/"]}]},{"@type":"ImageObject","inLanguage":"fr-FR","@id":"https:\/\/www.globalfilter.com\/fr\/nucleaire\/#primaryimage","url":"https:\/\/www.globalfilter.com\/wp-content\/uploads\/2023\/01\/iStock-1060447932-1-1-scaled.jpg","contentUrl":"https:\/\/www.globalfilter.com\/wp-content\/uploads\/2023\/01\/iStock-1060447932-1-1-scaled.jpg"},{"@type":"BreadcrumbList","@id":"https:\/\/www.globalfilter.com\/fr\/nucleaire\/#breadcrumb","itemListElement":[{"@type":"ListItem","position":1,"name":"home","item":"https:\/\/www.globalfilter.com\/fr\/"},{"@type":"ListItem","position":2,"name":"Nucl\u00e9aire"}]},{"@type":"WebSite","@id":"https:\/\/www.globalfilter.com\/fr\/#website","url":"https:\/\/www.globalfilter.com\/fr\/","name":"Global Filter","description":"Making the World Safer, Healthier and More Productive","publisher":{"@id":"https:\/\/www.globalfilter.com\/fr\/#organization"},"potentialAction":[{"@type":"SearchAction","target":{"@type":"EntryPoint","urlTemplate":"https:\/\/www.globalfilter.com\/fr\/?s={search_term_string}"},"query-input":{"@type":"PropertyValueSpecification","valueRequired":true,"valueName":"search_term_string"}}],"inLanguage":"fr-FR"},{"@type":"Organization","@id":"https:\/\/www.globalfilter.com\/fr\/#organization","name":"Global filter","url":"https:\/\/www.globalfilter.com\/fr\/","logo":{"@type":"ImageObject","inLanguage":"fr-FR","@id":"https:\/\/www.globalfilter.com\/fr\/#\/schema\/logo\/image\/","url":"https:\/\/www.globalfilter.com\/wp-content\/uploads\/2019\/06\/FGC-logo-1.png","contentUrl":"https:\/\/www.globalfilter.com\/wp-content\/uploads\/2019\/06\/FGC-logo-1.png","width":1104,"height":224,"caption":"Global filter"},"image":{"@id":"https:\/\/www.globalfilter.com\/fr\/#\/schema\/logo\/image\/"},"sameAs":["https:\/\/www.linkedin.com\/company\/global-filter-llc"]}]}},"_links":{"self":[{"href":"https:\/\/www.globalfilter.com\/fr\/wp-json\/wp\/v2\/pages\/13319","targetHints":{"allow":["GET"]}}],"collection":[{"href":"https:\/\/www.globalfilter.com\/fr\/wp-json\/wp\/v2\/pages"}],"about":[{"href":"https:\/\/www.globalfilter.com\/fr\/wp-json\/wp\/v2\/types\/page"}],"author":[{"embeddable":true,"href":"https:\/\/www.globalfilter.com\/fr\/wp-json\/wp\/v2\/users\/8"}],"replies":[{"embeddable":true,"href":"https:\/\/www.globalfilter.com\/fr\/wp-json\/wp\/v2\/comments?post=13319"}],"version-history":[{"count":0,"href":"https:\/\/www.globalfilter.com\/fr\/wp-json\/wp\/v2\/pages\/13319\/revisions"}],"wp:attachment":[{"href":"https:\/\/www.globalfilter.com\/fr\/wp-json\/wp\/v2\/media?parent=13319"}],"curies":[{"name":"wp","href":"https:\/\/api.w.org\/{rel}","templated":true}]}}