{"id":1357,"date":"2020-01-31T17:57:12","date_gmt":"2020-01-31T17:57:12","guid":{"rendered":"https:\/\/www.globalfilter.com\/chimie\/"},"modified":"2022-11-07T15:16:33","modified_gmt":"2022-11-07T15:16:33","slug":"chimie","status":"publish","type":"page","link":"https:\/\/www.globalfilter.com\/fr\/industries\/chimie\/","title":{"rendered":"Chimie"},"content":{"rendered":"\n<div class=\"wp-block-cover alignfull is-light\" style=\"min-height:231px;aspect-ratio:unset;\"><span aria-hidden=\"true\" class=\"wp-block-cover__background has-background-dim\"><\/span><img loading=\"lazy\" decoding=\"async\" width=\"1920\" height=\"1080\" class=\"wp-block-cover__image-background wp-image-379\" alt=\"\" src=\"https:\/\/www.globalfilter.com\/wp-content\/uploads\/2019\/09\/chemical.jpg\" data-object-fit=\"cover\" srcset=\"https:\/\/www.globalfilter.com\/wp-content\/uploads\/2019\/09\/chemical.jpg 1920w, https:\/\/www.globalfilter.com\/wp-content\/uploads\/2019\/09\/chemical-300x169.jpg 300w, https:\/\/www.globalfilter.com\/wp-content\/uploads\/2019\/09\/chemical-768x432.jpg 768w, https:\/\/www.globalfilter.com\/wp-content\/uploads\/2019\/09\/chemical-1024x576.jpg 1024w\" sizes=\"auto, (max-width: 1920px) 100vw, 1920px\" \/><div class=\"wp-block-cover__inner-container is-layout-flow wp-block-cover-is-layout-flow\">\n<h1 class=\"has-text-align-center wp-block-heading\" id=\"h-chimie\">Chimie<\/h1>\n<\/div><\/div>\n\n\n\n<!--Close-->\t\n<\/div><\/div><\/section>\n<!--Menu-->\n<div class=\"no-top-margin\">\n<div class=\"msb-sticky-bar\">\n<div class=\"container\">\n  <div class=\"row\">\n    <div class=\"col-sm text-center\">\n      <a href=\"https:\/\/www.globalfilter.com\/fr\/nous-contacter\/\" class=\"btn btn-primary solution-trigger\">Contacter un expert<\/a>\n    <\/div>\n  <\/div>\n<\/div>\n<\/div>\n<\/div>\n<!--Open-->\n<section class=\"container\"><div class=\"row\"><div class=\"col-md-12\">\n\n\n\n<figure class=\"wp-block-video aligncenter\"><video height=\"1080\" style=\"aspect-ratio: 1920 \/ 1080;\" width=\"1920\" controls src=\"https:\/\/www.globalfilter.com\/wp-content\/uploads\/2022\/03\/Your-project-15-hd-1-1.mp4\"><\/video><\/figure>\n\n\n\n<h2 class=\"wp-block-heading\" id=\"h-vous-pouvez-compter-sur-nous-pour-r-soudre-vos-probl-mes-sp-cifiques-en-mati-re-de-filtration-dans-l-industrie-chimique\">Vous pouvez compter sur nous pour r\u00e9soudre vos probl\u00e8mes sp\u00e9cifiques en mati\u00e8re de filtration dans l&rsquo;industrie chimique<\/h2>\n\n\n\n<p>Nous comprenons l\u2019impact que peut avoir une filtration impropre sur les produits chimiques que vous produisez, tout comme l\u2019effet n\u00e9gatif qu\u2019une filtration m\u00e9diocre peut avoir sur vos activit\u00e9s.&nbsp; La filtration constitue un \u00e9l\u00e9ment central pour de nombreuses \u00e9tapes de traitement dans la production de tous les produits chimiques et un facteur cl\u00e9 pour parvenir \u00e0 une qualit\u00e9 pouvant accro\u00eetre les revenus. <\/p>\n\n\n\n<p>Avec plus de 50 ans d&rsquo;exp\u00e9rience dans la chimie fine, notre \u00e9quipe de sp\u00e9cialistes de la filtration poss\u00e8de une grande expertise en mati\u00e8re de r\u00e9solution des probl\u00e8matiques propres \u00e0 l&rsquo;industrie chimique. Que vous essayiez d&rsquo;am\u00e9liorer l&rsquo;efficacit\u00e9 de la fabrication, la qualit\u00e9 globale du produit, r\u00e9duire l&rsquo;exposition de vos employ\u00e9s aux produits nocifs , r\u00e9duire vos couts de filtration ou vos d\u00e9chets, l&rsquo;\u00e9quipe de Global Filter s&rsquo;associera \u00e0 vous et tirera parti de nos connaissances techniques en mati\u00e8re de traitement chimique pour vous aider \u00e0 atteindre vos objectifs.<\/p>\n\n\n\n<figure class=\"wp-block-image size-full is-resized\"><img loading=\"lazy\" decoding=\"async\" src=\"https:\/\/www.globalfilter.com\/wp-content\/uploads\/2022\/03\/brochure-chimie-fine-FR-1.png\" alt=\"\" class=\"wp-image-8595\" width=\"290\" height=\"374\" srcset=\"https:\/\/www.globalfilter.com\/wp-content\/uploads\/2022\/03\/brochure-chimie-fine-FR-1.png 506w, https:\/\/www.globalfilter.com\/wp-content\/uploads\/2022\/03\/brochure-chimie-fine-FR-1-232x300.png 232w\" sizes=\"auto, (max-width: 290px) 100vw, 290px\" \/><\/figure>\n\n\n\n<div class=\"wp-block-buttons is-layout-flex wp-block-buttons-is-layout-flex\">\n<div class=\"wp-block-button\"><a class=\"wp-block-button__link has-green-background-color has-background\" href=\"\" target=\"_blank\" rel=\"noreferrer noopener\">T\u00e9l\u00e9charger  la brochure sur la chimie fine<\/a><\/div>\n<\/div>\n\n\n\n<p><br><\/p>\n\n\n\n<h3 class=\"wp-block-heading\" id=\"h-applications\"><strong>Applications&nbsp;:<\/strong><\/h3>\n\n\n\n<ul class=\"wp-block-list\"><li>Agent de blanchiment<\/li><li>Noir de carbone<\/li><li>Colorants<\/li><li>Peroxyde d\u2019hydrog\u00e8ne<\/li><li>Produits interm\u00e9diaires<\/li><li>Mat\u00e9riaux bruts<\/li><li>Potasse<\/li><li>Dioxyde de titane<\/li><\/ul>\n\n\n\n<p>La purification de solutions chimiques fait appel \u00e0 de nombreuses techniques de s\u00e9paration et en particulier \u00e0 la filtration. Global Filter concoit et fabrique des unit\u00e9s de filtration, des corps de filtres et des consommables (cartouches, poches, \u2026) pour l\u2019industrie chimique. Au fils des ann\u00e9es, nous avons \u00e9quip\u00e9 plus de 50 000 unit\u00e9s de filtration \u00e0 travers le monde. Notre expertise nous permet \u00e9galement d\u2019optimiser vos processus de fabrication.<\/p>\n\n\n\n<p>Pour toute question, n&rsquo;h\u00e9sitez pas \u00e0 nous contacter! <\/p>\n","protected":false},"excerpt":{"rendered":"<p>Contacter un expert Vous pouvez compter sur nous pour r\u00e9soudre vos probl\u00e8mes sp\u00e9cifiques en mati\u00e8re de filtration dans l&rsquo;industrie chimique Nous comprenons l\u2019impact que peut avoir une filtration impropre sur les produits chimiques que vous produisez, tout comme l\u2019effet n\u00e9gatif qu\u2019une filtration m\u00e9diocre peut avoir sur vos activit\u00e9s.&nbsp; La filtration constitue un \u00e9l\u00e9ment central pour [&hellip;]<\/p>\n","protected":false},"author":4,"featured_media":0,"parent":1373,"menu_order":0,"comment_status":"closed","ping_status":"closed","template":"","meta":{"_acf_changed":false,"content-type":"","footnotes":""},"class_list":["post-1357","page","type-page","status-publish","hentry"],"acf":[],"yoast_head":"<!-- This site is optimized with the Yoast SEO plugin v27.3 - https:\/\/yoast.com\/product\/yoast-seo-wordpress\/ -->\n<title>Chimie - Global Filter<\/title>\n<meta name=\"description\" content=\"Global Filter concoit et fabrique des corps de filtres et des consommables (cartouches, poches, \u2026) pour l\u2019industrie de la chimie et de la chimie fine.\" \/>\n<meta name=\"robots\" content=\"index, follow, max-snippet:-1, max-image-preview:large, max-video-preview:-1\" \/>\n<link rel=\"canonical\" href=\"https:\/\/www.globalfilter.com\/fr\/industries\/chimie\/\" \/>\n<meta property=\"og:locale\" content=\"fr_FR\" \/>\n<meta property=\"og:type\" content=\"article\" \/>\n<meta property=\"og:title\" content=\"Chimie - Global Filter\" \/>\n<meta property=\"og:description\" content=\"Global Filter concoit et fabrique des corps de filtres et des consommables (cartouches, poches, \u2026) pour l\u2019industrie de la chimie et de la chimie fine.\" \/>\n<meta property=\"og:url\" content=\"https:\/\/www.globalfilter.com\/fr\/industries\/chimie\/\" \/>\n<meta property=\"og:site_name\" content=\"Global Filter\" \/>\n<meta property=\"article:modified_time\" content=\"2022-11-07T15:16:33+00:00\" \/>\n<meta property=\"og:image\" content=\"https:\/\/www.globalfilter.com\/wp-content\/uploads\/2019\/09\/chemical.jpg\" \/>\n<meta name=\"twitter:card\" content=\"summary_large_image\" \/>\n<meta name=\"twitter:label1\" content=\"Dur\u00e9e de lecture estim\u00e9e\" \/>\n\t<meta name=\"twitter:data1\" content=\"2 minutes\" \/>\n<script type=\"application\/ld+json\" class=\"yoast-schema-graph\">{\"@context\":\"https:\\\/\\\/schema.org\",\"@graph\":[{\"@type\":\"WebPage\",\"@id\":\"https:\\\/\\\/www.globalfilter.com\\\/fr\\\/industries\\\/chimie\\\/\",\"url\":\"https:\\\/\\\/www.globalfilter.com\\\/fr\\\/industries\\\/chimie\\\/\",\"name\":\"Chimie - Global Filter\",\"isPartOf\":{\"@id\":\"https:\\\/\\\/www.globalfilter.com\\\/fr\\\/#website\"},\"primaryImageOfPage\":{\"@id\":\"https:\\\/\\\/www.globalfilter.com\\\/fr\\\/industries\\\/chimie\\\/#primaryimage\"},\"image\":{\"@id\":\"https:\\\/\\\/www.globalfilter.com\\\/fr\\\/industries\\\/chimie\\\/#primaryimage\"},\"thumbnailUrl\":\"https:\\\/\\\/www.globalfilter.com\\\/wp-content\\\/uploads\\\/2019\\\/09\\\/chemical.jpg\",\"datePublished\":\"2020-01-31T17:57:12+00:00\",\"dateModified\":\"2022-11-07T15:16:33+00:00\",\"description\":\"Global Filter concoit et fabrique des corps de filtres et des consommables (cartouches, poches, \u2026) pour l\u2019industrie de la chimie et de la chimie fine.\",\"breadcrumb\":{\"@id\":\"https:\\\/\\\/www.globalfilter.com\\\/fr\\\/industries\\\/chimie\\\/#breadcrumb\"},\"inLanguage\":\"fr-FR\",\"potentialAction\":[{\"@type\":\"ReadAction\",\"target\":[\"https:\\\/\\\/www.globalfilter.com\\\/fr\\\/industries\\\/chimie\\\/\"]}]},{\"@type\":\"ImageObject\",\"inLanguage\":\"fr-FR\",\"@id\":\"https:\\\/\\\/www.globalfilter.com\\\/fr\\\/industries\\\/chimie\\\/#primaryimage\",\"url\":\"https:\\\/\\\/www.globalfilter.com\\\/wp-content\\\/uploads\\\/2019\\\/09\\\/chemical.jpg\",\"contentUrl\":\"https:\\\/\\\/www.globalfilter.com\\\/wp-content\\\/uploads\\\/2019\\\/09\\\/chemical.jpg\"},{\"@type\":\"BreadcrumbList\",\"@id\":\"https:\\\/\\\/www.globalfilter.com\\\/fr\\\/industries\\\/chimie\\\/#breadcrumb\",\"itemListElement\":[{\"@type\":\"ListItem\",\"position\":1,\"name\":\"home\",\"item\":\"https:\\\/\\\/www.globalfilter.com\\\/fr\\\/\"},{\"@type\":\"ListItem\",\"position\":2,\"name\":\"Industries\",\"item\":\"https:\\\/\\\/www.globalfilter.com\\\/fr\\\/industries\\\/\"},{\"@type\":\"ListItem\",\"position\":3,\"name\":\"chimie\"}]},{\"@type\":\"WebSite\",\"@id\":\"https:\\\/\\\/www.globalfilter.com\\\/fr\\\/#website\",\"url\":\"https:\\\/\\\/www.globalfilter.com\\\/fr\\\/\",\"name\":\"Global Filter\",\"description\":\"Making the World Safer, Healthier and More Productive\",\"publisher\":{\"@id\":\"https:\\\/\\\/www.globalfilter.com\\\/fr\\\/#organization\"},\"potentialAction\":[{\"@type\":\"SearchAction\",\"target\":{\"@type\":\"EntryPoint\",\"urlTemplate\":\"https:\\\/\\\/www.globalfilter.com\\\/fr\\\/?s={search_term_string}\"},\"query-input\":{\"@type\":\"PropertyValueSpecification\",\"valueRequired\":true,\"valueName\":\"search_term_string\"}}],\"inLanguage\":\"fr-FR\"},{\"@type\":\"Organization\",\"@id\":\"https:\\\/\\\/www.globalfilter.com\\\/fr\\\/#organization\",\"name\":\"Global filter\",\"url\":\"https:\\\/\\\/www.globalfilter.com\\\/fr\\\/\",\"logo\":{\"@type\":\"ImageObject\",\"inLanguage\":\"fr-FR\",\"@id\":\"https:\\\/\\\/www.globalfilter.com\\\/fr\\\/#\\\/schema\\\/logo\\\/image\\\/\",\"url\":\"https:\\\/\\\/www.globalfilter.com\\\/wp-content\\\/uploads\\\/2019\\\/06\\\/FGC-logo-1.png\",\"contentUrl\":\"https:\\\/\\\/www.globalfilter.com\\\/wp-content\\\/uploads\\\/2019\\\/06\\\/FGC-logo-1.png\",\"width\":1104,\"height\":224,\"caption\":\"Global filter\"},\"image\":{\"@id\":\"https:\\\/\\\/www.globalfilter.com\\\/fr\\\/#\\\/schema\\\/logo\\\/image\\\/\"},\"sameAs\":[\"https:\\\/\\\/www.linkedin.com\\\/company\\\/global-filter-llc\"]}]}<\/script>\n<!-- \/ Yoast SEO plugin. -->","yoast_head_json":{"title":"Chimie - Global Filter","description":"Global Filter concoit et fabrique des corps de filtres et des consommables (cartouches, poches, \u2026) pour l\u2019industrie de la chimie et de la chimie fine.","robots":{"index":"index","follow":"follow","max-snippet":"max-snippet:-1","max-image-preview":"max-image-preview:large","max-video-preview":"max-video-preview:-1"},"canonical":"https:\/\/www.globalfilter.com\/fr\/industries\/chimie\/","og_locale":"fr_FR","og_type":"article","og_title":"Chimie - Global Filter","og_description":"Global Filter concoit et fabrique des corps de filtres et des consommables (cartouches, poches, \u2026) pour l\u2019industrie de la chimie et de la chimie fine.","og_url":"https:\/\/www.globalfilter.com\/fr\/industries\/chimie\/","og_site_name":"Global Filter","article_modified_time":"2022-11-07T15:16:33+00:00","og_image":[{"url":"https:\/\/www.globalfilter.com\/wp-content\/uploads\/2019\/09\/chemical.jpg","type":"","width":"","height":""}],"twitter_card":"summary_large_image","twitter_misc":{"Dur\u00e9e de lecture estim\u00e9e":"2 minutes"},"schema":{"@context":"https:\/\/schema.org","@graph":[{"@type":"WebPage","@id":"https:\/\/www.globalfilter.com\/fr\/industries\/chimie\/","url":"https:\/\/www.globalfilter.com\/fr\/industries\/chimie\/","name":"Chimie - Global Filter","isPartOf":{"@id":"https:\/\/www.globalfilter.com\/fr\/#website"},"primaryImageOfPage":{"@id":"https:\/\/www.globalfilter.com\/fr\/industries\/chimie\/#primaryimage"},"image":{"@id":"https:\/\/www.globalfilter.com\/fr\/industries\/chimie\/#primaryimage"},"thumbnailUrl":"https:\/\/www.globalfilter.com\/wp-content\/uploads\/2019\/09\/chemical.jpg","datePublished":"2020-01-31T17:57:12+00:00","dateModified":"2022-11-07T15:16:33+00:00","description":"Global Filter concoit et fabrique des corps de filtres et des consommables (cartouches, poches, \u2026) pour l\u2019industrie de la chimie et de la chimie fine.","breadcrumb":{"@id":"https:\/\/www.globalfilter.com\/fr\/industries\/chimie\/#breadcrumb"},"inLanguage":"fr-FR","potentialAction":[{"@type":"ReadAction","target":["https:\/\/www.globalfilter.com\/fr\/industries\/chimie\/"]}]},{"@type":"ImageObject","inLanguage":"fr-FR","@id":"https:\/\/www.globalfilter.com\/fr\/industries\/chimie\/#primaryimage","url":"https:\/\/www.globalfilter.com\/wp-content\/uploads\/2019\/09\/chemical.jpg","contentUrl":"https:\/\/www.globalfilter.com\/wp-content\/uploads\/2019\/09\/chemical.jpg"},{"@type":"BreadcrumbList","@id":"https:\/\/www.globalfilter.com\/fr\/industries\/chimie\/#breadcrumb","itemListElement":[{"@type":"ListItem","position":1,"name":"home","item":"https:\/\/www.globalfilter.com\/fr\/"},{"@type":"ListItem","position":2,"name":"Industries","item":"https:\/\/www.globalfilter.com\/fr\/industries\/"},{"@type":"ListItem","position":3,"name":"chimie"}]},{"@type":"WebSite","@id":"https:\/\/www.globalfilter.com\/fr\/#website","url":"https:\/\/www.globalfilter.com\/fr\/","name":"Global Filter","description":"Making the World Safer, Healthier and More Productive","publisher":{"@id":"https:\/\/www.globalfilter.com\/fr\/#organization"},"potentialAction":[{"@type":"SearchAction","target":{"@type":"EntryPoint","urlTemplate":"https:\/\/www.globalfilter.com\/fr\/?s={search_term_string}"},"query-input":{"@type":"PropertyValueSpecification","valueRequired":true,"valueName":"search_term_string"}}],"inLanguage":"fr-FR"},{"@type":"Organization","@id":"https:\/\/www.globalfilter.com\/fr\/#organization","name":"Global filter","url":"https:\/\/www.globalfilter.com\/fr\/","logo":{"@type":"ImageObject","inLanguage":"fr-FR","@id":"https:\/\/www.globalfilter.com\/fr\/#\/schema\/logo\/image\/","url":"https:\/\/www.globalfilter.com\/wp-content\/uploads\/2019\/06\/FGC-logo-1.png","contentUrl":"https:\/\/www.globalfilter.com\/wp-content\/uploads\/2019\/06\/FGC-logo-1.png","width":1104,"height":224,"caption":"Global filter"},"image":{"@id":"https:\/\/www.globalfilter.com\/fr\/#\/schema\/logo\/image\/"},"sameAs":["https:\/\/www.linkedin.com\/company\/global-filter-llc"]}]}},"_links":{"self":[{"href":"https:\/\/www.globalfilter.com\/fr\/wp-json\/wp\/v2\/pages\/1357","targetHints":{"allow":["GET"]}}],"collection":[{"href":"https:\/\/www.globalfilter.com\/fr\/wp-json\/wp\/v2\/pages"}],"about":[{"href":"https:\/\/www.globalfilter.com\/fr\/wp-json\/wp\/v2\/types\/page"}],"author":[{"embeddable":true,"href":"https:\/\/www.globalfilter.com\/fr\/wp-json\/wp\/v2\/users\/4"}],"replies":[{"embeddable":true,"href":"https:\/\/www.globalfilter.com\/fr\/wp-json\/wp\/v2\/comments?post=1357"}],"version-history":[{"count":0,"href":"https:\/\/www.globalfilter.com\/fr\/wp-json\/wp\/v2\/pages\/1357\/revisions"}],"up":[{"embeddable":true,"href":"https:\/\/www.globalfilter.com\/fr\/wp-json\/wp\/v2\/pages\/1373"}],"wp:attachment":[{"href":"https:\/\/www.globalfilter.com\/fr\/wp-json\/wp\/v2\/media?parent=1357"}],"curies":[{"name":"wp","href":"https:\/\/api.w.org\/{rel}","templated":true}]}}