{"id":1363,"date":"2020-01-31T17:57:14","date_gmt":"2020-01-31T17:57:14","guid":{"rendered":"https:\/\/www.globalfilter.com\/biosciences\/"},"modified":"2021-08-05T21:10:00","modified_gmt":"2021-08-05T21:10:00","slug":"biosciences","status":"publish","type":"page","link":"https:\/\/www.globalfilter.com\/fr\/industries\/biosciences\/","title":{"rendered":"Biosciences"},"content":{"rendered":"\n<div class=\"wp-block-cover alignfull has-background-dim\" style=\"min-height:371px;aspect-ratio:unset;\"><img loading=\"lazy\" decoding=\"async\" width=\"1920\" height=\"1080\" class=\"wp-block-cover__image-background wp-image-383\" alt=\"\" src=\"https:\/\/www.globalfilter.com\/wp-content\/uploads\/2019\/09\/life-sciences.jpg\" data-object-fit=\"cover\" srcset=\"https:\/\/www.globalfilter.com\/wp-content\/uploads\/2019\/09\/life-sciences.jpg 1920w, https:\/\/www.globalfilter.com\/wp-content\/uploads\/2019\/09\/life-sciences-300x169.jpg 300w, https:\/\/www.globalfilter.com\/wp-content\/uploads\/2019\/09\/life-sciences-768x432.jpg 768w, https:\/\/www.globalfilter.com\/wp-content\/uploads\/2019\/09\/life-sciences-1024x576.jpg 1024w\" sizes=\"auto, (max-width: 1920px) 100vw, 1920px\" \/><div class=\"wp-block-cover__inner-container is-layout-flow wp-block-cover-is-layout-flow\">\n<h1 class=\"has-text-align-center wp-block-heading\" id=\"h-biosciences\">Biosciences<\/h1>\n<\/div><\/div>\n\n\n\n<h2 class=\"wp-block-heading\" id=\"h-fournir-des-solutions-de-filtration-de-haute-puret-pour-les-process-sensibles\">Fournir des solutions de filtration de haute puret\u00e9 pour les process sensibles.<\/h2>\n\n\n\n<p>Global Filter a plus de 20 ans d\u2019exp\u00e9rience en solutions de filtration de haute puret\u00e9 dans l\u2019industrie des biosciences. L\u2019eau \u00e9tant un des principaux &nbsp;composants&nbsp; pour la fabrication de produits pharmaceutiques, biopharmaceutiques et de fractionnement du plasma, nous sommes en mesure de fournir notre expertise technique, d\u2019\u00e9valuer et de d\u00e9velopper une solution de filtration totale pour les points&nbsp; sensibles de votre process. <\/p>\n\n\n\n<p>Avec une vari\u00e9t\u00e9 de produits r\u00e9pondant aux certifications requises par l\u2019industrie, nous comprenons les complexit\u00e9s de l\u2019industrie dans laquelle vous travaillez et combien il est important de respecter les r\u00e9glementations s\u2019appliquant \u00e0 vos activit\u00e9s. <\/p>\n\n\n\n<h3 class=\"wp-block-heading\" id=\"h-applications\">Applications&nbsp;:&nbsp;&nbsp; &nbsp;<\/h3>\n\n\n\n<ul class=\"wp-block-list\"><li>Clarification et pr\u00e9filtration &nbsp;<\/li><li>R\u00e9duction de la charge microbienne et st\u00e9rilisation &nbsp;<\/li><li>\u00c9vacuation et filtration des gaz<br><br><\/li><li>Eau ultra pure et \u00e9quipements sanitaires<\/li><\/ul>\n\n\n\n<div class=\"wp-block-button is-style-fill\"><a class=\"wp-block-button__link\" href=\"\">\u00c9tude de cas Ultrapure<\/a><\/div>\n","protected":false},"excerpt":{"rendered":"<p>Fournir des solutions de filtration de haute puret\u00e9 pour les process sensibles. Global Filter a plus de 20 ans d\u2019exp\u00e9rience en solutions de filtration de haute puret\u00e9 dans l\u2019industrie des biosciences. L\u2019eau \u00e9tant un des principaux &nbsp;composants&nbsp; pour la fabrication de produits pharmaceutiques, biopharmaceutiques et de fractionnement du plasma, nous sommes en mesure de fournir [&hellip;]<\/p>\n","protected":false},"author":4,"featured_media":0,"parent":1373,"menu_order":0,"comment_status":"closed","ping_status":"closed","template":"","meta":{"_acf_changed":false,"content-type":"","footnotes":""},"class_list":["post-1363","page","type-page","status-publish","hentry"],"acf":[],"yoast_head":"<!-- This site is optimized with the Yoast SEO plugin v27.3 - https:\/\/yoast.com\/product\/yoast-seo-wordpress\/ -->\n<title>Biosciences - Global Filter<\/title>\n<meta name=\"description\" content=\"Global Filter a plus de 20 ans d\u2019exp\u00e9rience en filtration de haute puret\u00e9 dans l\u2019industrie des biosciences. L\u2019eau \u00e9tant un\u00a0des principaux composants de la fabrication de produits pharmaceutiques, biopharmaceutiques et de fractionnement du plasma, nous sommes en mesure de fournir notre expertise technique et d\u2019\u00e9valuer et de d\u00e9velopper une solution de filtration totale pour les points les plus sensibles de votre process.\" \/>\n<meta name=\"robots\" content=\"index, follow, max-snippet:-1, max-image-preview:large, max-video-preview:-1\" \/>\n<link rel=\"canonical\" href=\"https:\/\/www.globalfilter.com\/fr\/industries\/biosciences\/\" \/>\n<meta property=\"og:locale\" content=\"fr_FR\" \/>\n<meta property=\"og:type\" content=\"article\" \/>\n<meta property=\"og:title\" content=\"Biosciences - Global Filter\" \/>\n<meta property=\"og:description\" content=\"Global Filter a plus de 20 ans d\u2019exp\u00e9rience en filtration de haute puret\u00e9 dans l\u2019industrie des biosciences. L\u2019eau \u00e9tant un\u00a0des principaux composants de la fabrication de produits pharmaceutiques, biopharmaceutiques et de fractionnement du plasma, nous sommes en mesure de fournir notre expertise technique et d\u2019\u00e9valuer et de d\u00e9velopper une solution de filtration totale pour les points les plus sensibles de votre process.\" \/>\n<meta property=\"og:url\" content=\"https:\/\/www.globalfilter.com\/fr\/industries\/biosciences\/\" \/>\n<meta property=\"og:site_name\" content=\"Global Filter\" \/>\n<meta property=\"article:modified_time\" content=\"2021-08-05T21:10:00+00:00\" \/>\n<meta property=\"og:image\" content=\"https:\/\/www.globalfilter.com\/wp-content\/uploads\/2019\/09\/life-sciences.jpg\" \/>\n<meta name=\"twitter:card\" content=\"summary_large_image\" \/>\n<meta name=\"twitter:label1\" content=\"Dur\u00e9e de lecture estim\u00e9e\" \/>\n\t<meta name=\"twitter:data1\" content=\"1 minute\" \/>\n<script type=\"application\/ld+json\" class=\"yoast-schema-graph\">{\"@context\":\"https:\\\/\\\/schema.org\",\"@graph\":[{\"@type\":\"WebPage\",\"@id\":\"https:\\\/\\\/www.globalfilter.com\\\/fr\\\/industries\\\/biosciences\\\/\",\"url\":\"https:\\\/\\\/www.globalfilter.com\\\/fr\\\/industries\\\/biosciences\\\/\",\"name\":\"Biosciences - Global Filter\",\"isPartOf\":{\"@id\":\"https:\\\/\\\/www.globalfilter.com\\\/fr\\\/#website\"},\"primaryImageOfPage\":{\"@id\":\"https:\\\/\\\/www.globalfilter.com\\\/fr\\\/industries\\\/biosciences\\\/#primaryimage\"},\"image\":{\"@id\":\"https:\\\/\\\/www.globalfilter.com\\\/fr\\\/industries\\\/biosciences\\\/#primaryimage\"},\"thumbnailUrl\":\"https:\\\/\\\/www.globalfilter.com\\\/wp-content\\\/uploads\\\/2019\\\/09\\\/life-sciences.jpg\",\"datePublished\":\"2020-01-31T17:57:14+00:00\",\"dateModified\":\"2021-08-05T21:10:00+00:00\",\"description\":\"Global Filter a plus de 20 ans d\u2019exp\u00e9rience en filtration de haute puret\u00e9 dans l\u2019industrie des biosciences. L\u2019eau \u00e9tant un\u00a0des principaux composants de la fabrication de produits pharmaceutiques, biopharmaceutiques et de fractionnement du plasma, nous sommes en mesure de fournir notre expertise technique et d\u2019\u00e9valuer et de d\u00e9velopper une solution de filtration totale pour les points les plus sensibles de votre process.\",\"breadcrumb\":{\"@id\":\"https:\\\/\\\/www.globalfilter.com\\\/fr\\\/industries\\\/biosciences\\\/#breadcrumb\"},\"inLanguage\":\"fr-FR\",\"potentialAction\":[{\"@type\":\"ReadAction\",\"target\":[\"https:\\\/\\\/www.globalfilter.com\\\/fr\\\/industries\\\/biosciences\\\/\"]}]},{\"@type\":\"ImageObject\",\"inLanguage\":\"fr-FR\",\"@id\":\"https:\\\/\\\/www.globalfilter.com\\\/fr\\\/industries\\\/biosciences\\\/#primaryimage\",\"url\":\"https:\\\/\\\/www.globalfilter.com\\\/wp-content\\\/uploads\\\/2019\\\/09\\\/life-sciences.jpg\",\"contentUrl\":\"https:\\\/\\\/www.globalfilter.com\\\/wp-content\\\/uploads\\\/2019\\\/09\\\/life-sciences.jpg\"},{\"@type\":\"BreadcrumbList\",\"@id\":\"https:\\\/\\\/www.globalfilter.com\\\/fr\\\/industries\\\/biosciences\\\/#breadcrumb\",\"itemListElement\":[{\"@type\":\"ListItem\",\"position\":1,\"name\":\"home\",\"item\":\"https:\\\/\\\/www.globalfilter.com\\\/fr\\\/\"},{\"@type\":\"ListItem\",\"position\":2,\"name\":\"Industries\",\"item\":\"https:\\\/\\\/www.globalfilter.com\\\/fr\\\/industries\\\/\"},{\"@type\":\"ListItem\",\"position\":3,\"name\":\"Biosciences\"}]},{\"@type\":\"WebSite\",\"@id\":\"https:\\\/\\\/www.globalfilter.com\\\/fr\\\/#website\",\"url\":\"https:\\\/\\\/www.globalfilter.com\\\/fr\\\/\",\"name\":\"Global Filter\",\"description\":\"Making the World Safer, Healthier and More Productive\",\"publisher\":{\"@id\":\"https:\\\/\\\/www.globalfilter.com\\\/fr\\\/#organization\"},\"potentialAction\":[{\"@type\":\"SearchAction\",\"target\":{\"@type\":\"EntryPoint\",\"urlTemplate\":\"https:\\\/\\\/www.globalfilter.com\\\/fr\\\/?s={search_term_string}\"},\"query-input\":{\"@type\":\"PropertyValueSpecification\",\"valueRequired\":true,\"valueName\":\"search_term_string\"}}],\"inLanguage\":\"fr-FR\"},{\"@type\":\"Organization\",\"@id\":\"https:\\\/\\\/www.globalfilter.com\\\/fr\\\/#organization\",\"name\":\"Global filter\",\"url\":\"https:\\\/\\\/www.globalfilter.com\\\/fr\\\/\",\"logo\":{\"@type\":\"ImageObject\",\"inLanguage\":\"fr-FR\",\"@id\":\"https:\\\/\\\/www.globalfilter.com\\\/fr\\\/#\\\/schema\\\/logo\\\/image\\\/\",\"url\":\"https:\\\/\\\/www.globalfilter.com\\\/wp-content\\\/uploads\\\/2019\\\/06\\\/FGC-logo-1.png\",\"contentUrl\":\"https:\\\/\\\/www.globalfilter.com\\\/wp-content\\\/uploads\\\/2019\\\/06\\\/FGC-logo-1.png\",\"width\":1104,\"height\":224,\"caption\":\"Global filter\"},\"image\":{\"@id\":\"https:\\\/\\\/www.globalfilter.com\\\/fr\\\/#\\\/schema\\\/logo\\\/image\\\/\"},\"sameAs\":[\"https:\\\/\\\/www.linkedin.com\\\/company\\\/global-filter-llc\"]}]}<\/script>\n<!-- \/ Yoast SEO plugin. -->","yoast_head_json":{"title":"Biosciences - Global Filter","description":"Global Filter a plus de 20 ans d\u2019exp\u00e9rience en filtration de haute puret\u00e9 dans l\u2019industrie des biosciences. L\u2019eau \u00e9tant un\u00a0des principaux composants de la fabrication de produits pharmaceutiques, biopharmaceutiques et de fractionnement du plasma, nous sommes en mesure de fournir notre expertise technique et d\u2019\u00e9valuer et de d\u00e9velopper une solution de filtration totale pour les points les plus sensibles de votre process.","robots":{"index":"index","follow":"follow","max-snippet":"max-snippet:-1","max-image-preview":"max-image-preview:large","max-video-preview":"max-video-preview:-1"},"canonical":"https:\/\/www.globalfilter.com\/fr\/industries\/biosciences\/","og_locale":"fr_FR","og_type":"article","og_title":"Biosciences - Global Filter","og_description":"Global Filter a plus de 20 ans d\u2019exp\u00e9rience en filtration de haute puret\u00e9 dans l\u2019industrie des biosciences. L\u2019eau \u00e9tant un\u00a0des principaux composants de la fabrication de produits pharmaceutiques, biopharmaceutiques et de fractionnement du plasma, nous sommes en mesure de fournir notre expertise technique et d\u2019\u00e9valuer et de d\u00e9velopper une solution de filtration totale pour les points les plus sensibles de votre process.","og_url":"https:\/\/www.globalfilter.com\/fr\/industries\/biosciences\/","og_site_name":"Global Filter","article_modified_time":"2021-08-05T21:10:00+00:00","og_image":[{"url":"https:\/\/www.globalfilter.com\/wp-content\/uploads\/2019\/09\/life-sciences.jpg","type":"","width":"","height":""}],"twitter_card":"summary_large_image","twitter_misc":{"Dur\u00e9e de lecture estim\u00e9e":"1 minute"},"schema":{"@context":"https:\/\/schema.org","@graph":[{"@type":"WebPage","@id":"https:\/\/www.globalfilter.com\/fr\/industries\/biosciences\/","url":"https:\/\/www.globalfilter.com\/fr\/industries\/biosciences\/","name":"Biosciences - Global Filter","isPartOf":{"@id":"https:\/\/www.globalfilter.com\/fr\/#website"},"primaryImageOfPage":{"@id":"https:\/\/www.globalfilter.com\/fr\/industries\/biosciences\/#primaryimage"},"image":{"@id":"https:\/\/www.globalfilter.com\/fr\/industries\/biosciences\/#primaryimage"},"thumbnailUrl":"https:\/\/www.globalfilter.com\/wp-content\/uploads\/2019\/09\/life-sciences.jpg","datePublished":"2020-01-31T17:57:14+00:00","dateModified":"2021-08-05T21:10:00+00:00","description":"Global Filter a plus de 20 ans d\u2019exp\u00e9rience en filtration de haute puret\u00e9 dans l\u2019industrie des biosciences. L\u2019eau \u00e9tant un\u00a0des principaux composants de la fabrication de produits pharmaceutiques, biopharmaceutiques et de fractionnement du plasma, nous sommes en mesure de fournir notre expertise technique et d\u2019\u00e9valuer et de d\u00e9velopper une solution de filtration totale pour les points les plus sensibles de votre process.","breadcrumb":{"@id":"https:\/\/www.globalfilter.com\/fr\/industries\/biosciences\/#breadcrumb"},"inLanguage":"fr-FR","potentialAction":[{"@type":"ReadAction","target":["https:\/\/www.globalfilter.com\/fr\/industries\/biosciences\/"]}]},{"@type":"ImageObject","inLanguage":"fr-FR","@id":"https:\/\/www.globalfilter.com\/fr\/industries\/biosciences\/#primaryimage","url":"https:\/\/www.globalfilter.com\/wp-content\/uploads\/2019\/09\/life-sciences.jpg","contentUrl":"https:\/\/www.globalfilter.com\/wp-content\/uploads\/2019\/09\/life-sciences.jpg"},{"@type":"BreadcrumbList","@id":"https:\/\/www.globalfilter.com\/fr\/industries\/biosciences\/#breadcrumb","itemListElement":[{"@type":"ListItem","position":1,"name":"home","item":"https:\/\/www.globalfilter.com\/fr\/"},{"@type":"ListItem","position":2,"name":"Industries","item":"https:\/\/www.globalfilter.com\/fr\/industries\/"},{"@type":"ListItem","position":3,"name":"Biosciences"}]},{"@type":"WebSite","@id":"https:\/\/www.globalfilter.com\/fr\/#website","url":"https:\/\/www.globalfilter.com\/fr\/","name":"Global Filter","description":"Making the World Safer, Healthier and More Productive","publisher":{"@id":"https:\/\/www.globalfilter.com\/fr\/#organization"},"potentialAction":[{"@type":"SearchAction","target":{"@type":"EntryPoint","urlTemplate":"https:\/\/www.globalfilter.com\/fr\/?s={search_term_string}"},"query-input":{"@type":"PropertyValueSpecification","valueRequired":true,"valueName":"search_term_string"}}],"inLanguage":"fr-FR"},{"@type":"Organization","@id":"https:\/\/www.globalfilter.com\/fr\/#organization","name":"Global filter","url":"https:\/\/www.globalfilter.com\/fr\/","logo":{"@type":"ImageObject","inLanguage":"fr-FR","@id":"https:\/\/www.globalfilter.com\/fr\/#\/schema\/logo\/image\/","url":"https:\/\/www.globalfilter.com\/wp-content\/uploads\/2019\/06\/FGC-logo-1.png","contentUrl":"https:\/\/www.globalfilter.com\/wp-content\/uploads\/2019\/06\/FGC-logo-1.png","width":1104,"height":224,"caption":"Global filter"},"image":{"@id":"https:\/\/www.globalfilter.com\/fr\/#\/schema\/logo\/image\/"},"sameAs":["https:\/\/www.linkedin.com\/company\/global-filter-llc"]}]}},"_links":{"self":[{"href":"https:\/\/www.globalfilter.com\/fr\/wp-json\/wp\/v2\/pages\/1363","targetHints":{"allow":["GET"]}}],"collection":[{"href":"https:\/\/www.globalfilter.com\/fr\/wp-json\/wp\/v2\/pages"}],"about":[{"href":"https:\/\/www.globalfilter.com\/fr\/wp-json\/wp\/v2\/types\/page"}],"author":[{"embeddable":true,"href":"https:\/\/www.globalfilter.com\/fr\/wp-json\/wp\/v2\/users\/4"}],"replies":[{"embeddable":true,"href":"https:\/\/www.globalfilter.com\/fr\/wp-json\/wp\/v2\/comments?post=1363"}],"version-history":[{"count":0,"href":"https:\/\/www.globalfilter.com\/fr\/wp-json\/wp\/v2\/pages\/1363\/revisions"}],"up":[{"embeddable":true,"href":"https:\/\/www.globalfilter.com\/fr\/wp-json\/wp\/v2\/pages\/1373"}],"wp:attachment":[{"href":"https:\/\/www.globalfilter.com\/fr\/wp-json\/wp\/v2\/media?parent=1363"}],"curies":[{"name":"wp","href":"https:\/\/api.w.org\/{rel}","templated":true}]}}