{"id":1364,"date":"2020-01-31T17:57:14","date_gmt":"2020-01-31T17:57:14","guid":{"rendered":"https:\/\/www.globalfilter.com\/ressources\/qualite-des-produits\/"},"modified":"2025-10-03T07:32:45","modified_gmt":"2025-10-03T07:32:45","slug":"qualite-des-produits","status":"publish","type":"page","link":"https:\/\/www.globalfilter.com\/fr\/ressources\/qualite-des-produits\/","title":{"rendered":"Qualit\u00e9 des produits"},"content":{"rendered":"\n<div class=\"wp-block-cover alignfull has-background-dim\" style=\"min-height:200px;aspect-ratio:unset;\"><img loading=\"lazy\" decoding=\"async\" width=\"1920\" height=\"480\" class=\"wp-block-cover__image-background wp-image-1368\" alt=\"\" src=\"https:\/\/www.globalfilter.com\/wp-content\/uploads\/2019\/09\/hd_product-quality.jpg\" data-object-fit=\"cover\" srcset=\"https:\/\/www.globalfilter.com\/wp-content\/uploads\/2019\/09\/hd_product-quality.jpg 1920w, https:\/\/www.globalfilter.com\/wp-content\/uploads\/2019\/09\/hd_product-quality-300x75.jpg 300w, https:\/\/www.globalfilter.com\/wp-content\/uploads\/2019\/09\/hd_product-quality-768x192.jpg 768w, https:\/\/www.globalfilter.com\/wp-content\/uploads\/2019\/09\/hd_product-quality-1024x256.jpg 1024w\" sizes=\"auto, (max-width: 1920px) 100vw, 1920px\" \/><div class=\"wp-block-cover__inner-container is-layout-flow wp-block-cover-is-layout-flow\">\n\n<h1 class=\"has-text-align-center wp-block-heading\" id=\"h-qualit-des-produits\">Qualit\u00e9 des produits<\/h1>\n\n<\/div><\/div>\n\n\n\n<!--Close-->\t\n<\/div><\/div><\/section>\n<!--Menu-->\n<div class=\"no-top-margin\">\n<div class=\"msb-sticky-bar\">\n<div class=\"container\">\n  <div class=\"row\">\n    <div class=\"col-sm text-center\">\n      <a href=\"https:\/\/www.globalfilter.com\/fr\/nous-contacter\/\" class=\"btn btn-primary solution-trigger\">Contacter un expert<\/a>\n    <\/div>\n  <\/div>\n<\/div>\n<\/div>\n<\/div>\n<!--Open-->\n<section class=\"container\"><div class=\"row\"><div class=\"col-md-12\">\n\n\n\n<p>Global Filter s\u2019engage \u00e0 fournir des produits de filtration offrant une valeur exemplaire et un service d\u00e9di\u00e9 satisfaisant constamment nos clients. Afin d\u2019atteindre cet objectif, nous proc\u00e9dons \u00e0 des am\u00e9liorations continues de nos pratiques commerciales et adh\u00e9rons strictement \u00e0 notre syst\u00e8me de gestion de la qualit\u00e9.&nbsp;<\/p>\n\n\n\n<p>Au c\u0153ur de cet engagement se trouvent nos initiatives de politique qualit\u00e9&nbsp;:<\/p>\n\n\n\n<ul class=\"wp-block-list\">\n<li>Maintenir une satisfaction client \u00e9lev\u00e9e gr\u00e2ce \u00e0 une communication efficace et collaborative.<\/li>\n\n\n\n<li>Objectif d\u2019offrir les d\u00e9lais les plus courts de l\u2019industrie.<\/li>\n\n\n\n<li>Adopter la norme ISO 9001 comme fondement de notre syst\u00e8me de gestion de la qualit\u00e9.<\/li>\n\n\n\n<li>Se concentrer sur l\u2019am\u00e9lioration continue de nos produits et processus.<\/li>\n<\/ul>\n\n\n\n<h2 class=\"wp-block-heading has-text-align-center\" id=\"h-nos-partenaires-en-mati-re-de-qualit\">Nos partenaires en mati\u00e8re de qualit\u00e9<\/h2>\n\n\n\n<div class=\"wp-block-columns has-2-columns anm-columns is-layout-flex wp-container-core-columns-is-layout-9d6595d7 wp-block-columns-is-layout-flex\">\n<div class=\"wp-block-column is-layout-flow wp-block-column-is-layout-flow\">\n<h4 class=\"wp-block-heading has-text-align-center\" id=\"h-asme\">ASME<\/h4>\n\n\n\n<p class=\"has-text-align-center\">Global Filter propose des corps de filtre con\u00e7us et fabriqu\u00e9s conform\u00e9ment au Code international des chaudi\u00e8res et appareils \u00e0 pression ASME, garantissant une conception robuste et une utilisation s\u00fbre.<\/p>\n\n\n\n<div class=\"wp-block-button blank aligncenter\"><a class=\"wp-block-button__link has-white-color has-green-background-color has-text-color has-background wp-element-button\" href=\"https:\/\/www.asme.org\/\">Visiter ASME<\/a><\/div>\n<\/div>\n\n\n\n<div class=\"wp-block-column is-layout-flow wp-block-column-is-layout-flow\">\n<h4 class=\"wp-block-heading has-text-align-center\" id=\"h-astm-international\">ASTM International<\/h4>\n\n\n\n<p class=\"has-text-align-center\">L\u2019ASTM d\u00e9veloppe et publie des normes techniques consensuelles pour une large gamme de mat\u00e9riaux et de produits, ceci incluant les m\u00e9thodes de test adopt\u00e9es par Global Filter.<\/p>\n\n\n\n<div class=\"wp-block-button blank aligncenter\"><a class=\"wp-block-button__link has-white-color has-green-background-color has-text-color has-background wp-element-button\" href=\"https:\/\/www.astm.org\/\">Visiter ASTM<\/a><\/div>\n<\/div>\n<\/div>\n\n\n\n<div class=\"wp-block-columns has-2-columns anm-columns is-layout-flex wp-container-core-columns-is-layout-9d6595d7 wp-block-columns-is-layout-flex\">\n<div class=\"wp-block-column is-layout-flow wp-block-column-is-layout-flow\">\n<h4 class=\"wp-block-heading has-text-align-center\" id=\"h-earthkosher\">Kosher (BCKE)<\/h4>\n\n\n\n<p class=\"has-text-align-center\">La certification BCKE (European Kosher Certification Bureau) atteste que nos produits respectent des normes rigoureuses de puret\u00e9 et de conformit\u00e9. Elle garantit que chaque composant est contr\u00f4l\u00e9 avec le plus haut niveau d\u2019int\u00e9grit\u00e9 selon les standards casher internationaux.<\/p>\n\n\n\n<div class=\"wp-block-button blank aligncenter\"><a class=\"wp-block-button__link has-white-color has-green-background-color has-text-color has-background wp-element-button\" href=\"https:\/\/www.kosherlabel.com\/\">Visiter BCKE<\/a><\/div>\n<\/div>\n\n\n\n<div class=\"wp-block-column is-layout-flow wp-block-column-is-layout-flow\">\n<h4 class=\"wp-block-heading has-text-align-center\" id=\"h-islamic-services-of-america\">Halal (HQC Europe)<\/h4>\n\n\n\n<p class=\"has-text-align-center\">La certification d\u00e9livr\u00e9e par HQC Europe (Halal Quality Control), organisme internationalement reconnu, confirme que nos produits respectent strictement les exigences halal. Chaque \u00e9tape, de l\u2019inspection aux contr\u00f4les de conformit\u00e9, est r\u00e9alis\u00e9e selon les normes les plus \u00e9lev\u00e9es afin de garantir une totale confiance.<\/p>\n\n\n\n<div class=\"wp-block-button blank aligncenter\"><a class=\"wp-block-button__link has-white-color has-green-background-color has-text-color has-background wp-element-button\" href=\"https:\/\/www.hqceurope.com\/\">Visiter HQC<\/a><\/div>\n<\/div>\n<\/div>\n\n\n\n<div class=\"wp-block-columns has-2-columns anm-columns is-layout-flex wp-container-core-columns-is-layout-9d6595d7 wp-block-columns-is-layout-flex\">\n<div class=\"wp-block-column is-layout-flow wp-block-column-is-layout-flow\">\n<h4 class=\"wp-block-heading has-text-align-center\" id=\"h-nsf-international\">NSF International<\/h4>\n\n\n\n<p class=\"has-text-align-center\">Global Filter propose plusieurs s\u00e9ries de produits test\u00e9s et certifi\u00e9s par NSF International, le principal d\u00e9veloppeur de normes de sant\u00e9 publique et de programmes de certification aidant \u00e0 prot\u00e9ger la nourriture, l\u2019eau, les produits de consommation et l\u2019environnement dans le monde.<\/p>\n\n\n\n<div class=\"wp-block-button blank aligncenter\"><a class=\"wp-block-button__link has-white-color has-green-background-color has-text-color has-background wp-element-button\" href=\"http:\/\/www.nsf.org\/\">Visiter NSF<\/a><\/div>\n<\/div>\n\n\n\n<div class=\"wp-block-column is-layout-flow wp-block-column-is-layout-flow\">\n<h4 class=\"wp-block-heading has-text-align-center\" id=\"h-food-drug-administration\">Food &amp; Drug Administration<\/h4>\n\n\n\n<p class=\"has-text-align-center\">Les mat\u00e9riaux de construction des produits de haute puret\u00e9 de Global Filter sont conformes aux normes \u00e9tablies par la Food and Drug Administration des \u00c9tats-Unis afin de garantir la puret\u00e9 et une utilisation s\u00fbre des aliments et des boissons destin\u00e9s \u00e0 la consommation humaine.&nbsp;<\/p>\n\n\n\n<div class=\"wp-block-button blank aligncenter\"><a class=\"wp-block-button__link has-white-color has-green-background-color has-text-color has-background wp-element-button\" href=\"https:\/\/www.fda.gov\/\">Visiter FDA<\/a><\/div>\n<\/div>\n<\/div>\n\n\n\n<div class=\"wp-block-columns has-2-columns anm-columns is-layout-flex wp-container-core-columns-is-layout-9d6595d7 wp-block-columns-is-layout-flex\">\n<div class=\"wp-block-column is-layout-flow wp-block-column-is-layout-flow\">\n<h4 class=\"wp-block-heading has-text-align-center\" id=\"h-ue\">UE<\/h4>\n\n\n\n<p class=\"has-text-align-center\">Les mat\u00e9riaux de construction des produits de haute puret\u00e9 de Global Filter sont conformes aux normes \u00e9tablies par l\u2019Union europ\u00e9enne afin de garantir la puret\u00e9 et une utilisation s\u00fbre des aliments et des boissons destin\u00e9s \u00e0 la consommation humaine.<\/p>\n\n\n\n<div class=\"wp-block-button blank aligncenter\"><a class=\"wp-block-button__link has-white-color has-green-background-color has-text-color has-background wp-element-button\" href=\"https:\/\/europa.eu\/european-union\/index_en\">Visiter UE<\/a><\/div>\n<\/div>\n\n\n\n<div class=\"wp-block-column empty-column is-layout-flow wp-block-column-is-layout-flow\">\n<p><\/p>\n<\/div>\n<\/div>\n","protected":false},"excerpt":{"rendered":"<p>Contacter un expert Global Filter s\u2019engage \u00e0 fournir des produits de filtration offrant une valeur exemplaire et un service d\u00e9di\u00e9 satisfaisant constamment nos clients. Afin d\u2019atteindre cet objectif, nous proc\u00e9dons \u00e0 des am\u00e9liorations continues de nos pratiques commerciales et adh\u00e9rons strictement \u00e0 notre syst\u00e8me de gestion de la qualit\u00e9.&nbsp; Au c\u0153ur de cet engagement se [&hellip;]<\/p>\n","protected":false},"author":3,"featured_media":0,"parent":1358,"menu_order":0,"comment_status":"closed","ping_status":"closed","template":"","meta":{"_acf_changed":false,"content-type":"","footnotes":""},"class_list":["post-1364","page","type-page","status-publish","hentry"],"acf":[],"yoast_head":"<!-- This site is optimized with the Yoast SEO plugin v27.3 - https:\/\/yoast.com\/product\/yoast-seo-wordpress\/ -->\n<title>Qualit\u00e9 des produits - Global Filter<\/title>\n<meta name=\"description\" content=\"Global Filter s\u2019engage \u00e0 fournir des produits de filtration offrant une valeur exemplaire et un service d\u00e9di\u00e9 satisfaisant constamment nos clients. Afin d\u2019atteindre cet objectif, nous proc\u00e9dons \u00e0 des am\u00e9liorations continues de nos pratiques commerciales et adh\u00e9rons strictement \u00e0 notre syst\u00e8me de gestion de la qualit\u00e9.\" \/>\n<meta name=\"robots\" content=\"index, follow, max-snippet:-1, max-image-preview:large, max-video-preview:-1\" \/>\n<link rel=\"canonical\" href=\"https:\/\/www.globalfilter.com\/fr\/ressources\/qualite-des-produits\/\" \/>\n<meta property=\"og:locale\" content=\"fr_FR\" \/>\n<meta property=\"og:type\" content=\"article\" \/>\n<meta property=\"og:title\" content=\"Qualit\u00e9 des produits - Global Filter\" \/>\n<meta property=\"og:description\" content=\"Global Filter s\u2019engage \u00e0 fournir des produits de filtration offrant une valeur exemplaire et un service d\u00e9di\u00e9 satisfaisant constamment nos clients. Afin d\u2019atteindre cet objectif, nous proc\u00e9dons \u00e0 des am\u00e9liorations continues de nos pratiques commerciales et adh\u00e9rons strictement \u00e0 notre syst\u00e8me de gestion de la qualit\u00e9.\" \/>\n<meta property=\"og:url\" content=\"https:\/\/www.globalfilter.com\/fr\/ressources\/qualite-des-produits\/\" \/>\n<meta property=\"og:site_name\" content=\"Global Filter\" \/>\n<meta property=\"article:modified_time\" content=\"2025-10-03T07:32:45+00:00\" \/>\n<meta property=\"og:image\" content=\"https:\/\/www.globalfilter.com\/wp-content\/uploads\/2019\/09\/hd_product-quality.jpg\" \/>\n\t<meta property=\"og:image:width\" content=\"1920\" \/>\n\t<meta property=\"og:image:height\" content=\"480\" \/>\n\t<meta property=\"og:image:type\" content=\"image\/jpeg\" \/>\n<meta name=\"twitter:card\" content=\"summary_large_image\" \/>\n<meta name=\"twitter:label1\" content=\"Dur\u00e9e de lecture estim\u00e9e\" \/>\n\t<meta name=\"twitter:data1\" content=\"2 minutes\" \/>\n<script type=\"application\/ld+json\" class=\"yoast-schema-graph\">{\"@context\":\"https:\\\/\\\/schema.org\",\"@graph\":[{\"@type\":\"WebPage\",\"@id\":\"https:\\\/\\\/www.globalfilter.com\\\/fr\\\/ressources\\\/qualite-des-produits\\\/\",\"url\":\"https:\\\/\\\/www.globalfilter.com\\\/fr\\\/ressources\\\/qualite-des-produits\\\/\",\"name\":\"Qualit\u00e9 des produits - Global Filter\",\"isPartOf\":{\"@id\":\"https:\\\/\\\/www.globalfilter.com\\\/fr\\\/#website\"},\"primaryImageOfPage\":{\"@id\":\"https:\\\/\\\/www.globalfilter.com\\\/fr\\\/ressources\\\/qualite-des-produits\\\/#primaryimage\"},\"image\":{\"@id\":\"https:\\\/\\\/www.globalfilter.com\\\/fr\\\/ressources\\\/qualite-des-produits\\\/#primaryimage\"},\"thumbnailUrl\":\"https:\\\/\\\/www.globalfilter.com\\\/wp-content\\\/uploads\\\/2019\\\/09\\\/hd_product-quality.jpg\",\"datePublished\":\"2020-01-31T17:57:14+00:00\",\"dateModified\":\"2025-10-03T07:32:45+00:00\",\"description\":\"Global Filter s\u2019engage \u00e0 fournir des produits de filtration offrant une valeur exemplaire et un service d\u00e9di\u00e9 satisfaisant constamment nos clients. Afin d\u2019atteindre cet objectif, nous proc\u00e9dons \u00e0 des am\u00e9liorations continues de nos pratiques commerciales et adh\u00e9rons strictement \u00e0 notre syst\u00e8me de gestion de la qualit\u00e9.\",\"breadcrumb\":{\"@id\":\"https:\\\/\\\/www.globalfilter.com\\\/fr\\\/ressources\\\/qualite-des-produits\\\/#breadcrumb\"},\"inLanguage\":\"fr-FR\",\"potentialAction\":[{\"@type\":\"ReadAction\",\"target\":[\"https:\\\/\\\/www.globalfilter.com\\\/fr\\\/ressources\\\/qualite-des-produits\\\/\"]}]},{\"@type\":\"ImageObject\",\"inLanguage\":\"fr-FR\",\"@id\":\"https:\\\/\\\/www.globalfilter.com\\\/fr\\\/ressources\\\/qualite-des-produits\\\/#primaryimage\",\"url\":\"https:\\\/\\\/www.globalfilter.com\\\/wp-content\\\/uploads\\\/2019\\\/09\\\/hd_product-quality.jpg\",\"contentUrl\":\"https:\\\/\\\/www.globalfilter.com\\\/wp-content\\\/uploads\\\/2019\\\/09\\\/hd_product-quality.jpg\"},{\"@type\":\"BreadcrumbList\",\"@id\":\"https:\\\/\\\/www.globalfilter.com\\\/fr\\\/ressources\\\/qualite-des-produits\\\/#breadcrumb\",\"itemListElement\":[{\"@type\":\"ListItem\",\"position\":1,\"name\":\"home\",\"item\":\"https:\\\/\\\/www.globalfilter.com\\\/fr\\\/\"},{\"@type\":\"ListItem\",\"position\":2,\"name\":\"Ressources\",\"item\":\"https:\\\/\\\/www.globalfilter.com\\\/fr\\\/ressources\\\/\"},{\"@type\":\"ListItem\",\"position\":3,\"name\":\"Qualit\u00e9 des produits\"}]},{\"@type\":\"WebSite\",\"@id\":\"https:\\\/\\\/www.globalfilter.com\\\/fr\\\/#website\",\"url\":\"https:\\\/\\\/www.globalfilter.com\\\/fr\\\/\",\"name\":\"Global Filter\",\"description\":\"Making the World Safer, Healthier and More Productive\",\"publisher\":{\"@id\":\"https:\\\/\\\/www.globalfilter.com\\\/fr\\\/#organization\"},\"potentialAction\":[{\"@type\":\"SearchAction\",\"target\":{\"@type\":\"EntryPoint\",\"urlTemplate\":\"https:\\\/\\\/www.globalfilter.com\\\/fr\\\/?s={search_term_string}\"},\"query-input\":{\"@type\":\"PropertyValueSpecification\",\"valueRequired\":true,\"valueName\":\"search_term_string\"}}],\"inLanguage\":\"fr-FR\"},{\"@type\":\"Organization\",\"@id\":\"https:\\\/\\\/www.globalfilter.com\\\/fr\\\/#organization\",\"name\":\"Global filter\",\"url\":\"https:\\\/\\\/www.globalfilter.com\\\/fr\\\/\",\"logo\":{\"@type\":\"ImageObject\",\"inLanguage\":\"fr-FR\",\"@id\":\"https:\\\/\\\/www.globalfilter.com\\\/fr\\\/#\\\/schema\\\/logo\\\/image\\\/\",\"url\":\"https:\\\/\\\/www.globalfilter.com\\\/wp-content\\\/uploads\\\/2019\\\/06\\\/FGC-logo-1.png\",\"contentUrl\":\"https:\\\/\\\/www.globalfilter.com\\\/wp-content\\\/uploads\\\/2019\\\/06\\\/FGC-logo-1.png\",\"width\":1104,\"height\":224,\"caption\":\"Global filter\"},\"image\":{\"@id\":\"https:\\\/\\\/www.globalfilter.com\\\/fr\\\/#\\\/schema\\\/logo\\\/image\\\/\"},\"sameAs\":[\"https:\\\/\\\/www.linkedin.com\\\/company\\\/global-filter-llc\"]}]}<\/script>\n<!-- \/ Yoast SEO plugin. -->","yoast_head_json":{"title":"Qualit\u00e9 des produits - Global Filter","description":"Global Filter s\u2019engage \u00e0 fournir des produits de filtration offrant une valeur exemplaire et un service d\u00e9di\u00e9 satisfaisant constamment nos clients. Afin d\u2019atteindre cet objectif, nous proc\u00e9dons \u00e0 des am\u00e9liorations continues de nos pratiques commerciales et adh\u00e9rons strictement \u00e0 notre syst\u00e8me de gestion de la qualit\u00e9.","robots":{"index":"index","follow":"follow","max-snippet":"max-snippet:-1","max-image-preview":"max-image-preview:large","max-video-preview":"max-video-preview:-1"},"canonical":"https:\/\/www.globalfilter.com\/fr\/ressources\/qualite-des-produits\/","og_locale":"fr_FR","og_type":"article","og_title":"Qualit\u00e9 des produits - Global Filter","og_description":"Global Filter s\u2019engage \u00e0 fournir des produits de filtration offrant une valeur exemplaire et un service d\u00e9di\u00e9 satisfaisant constamment nos clients. Afin d\u2019atteindre cet objectif, nous proc\u00e9dons \u00e0 des am\u00e9liorations continues de nos pratiques commerciales et adh\u00e9rons strictement \u00e0 notre syst\u00e8me de gestion de la qualit\u00e9.","og_url":"https:\/\/www.globalfilter.com\/fr\/ressources\/qualite-des-produits\/","og_site_name":"Global Filter","article_modified_time":"2025-10-03T07:32:45+00:00","og_image":[{"width":1920,"height":480,"url":"https:\/\/www.globalfilter.com\/wp-content\/uploads\/2019\/09\/hd_product-quality.jpg","type":"image\/jpeg"}],"twitter_card":"summary_large_image","twitter_misc":{"Dur\u00e9e de lecture estim\u00e9e":"2 minutes"},"schema":{"@context":"https:\/\/schema.org","@graph":[{"@type":"WebPage","@id":"https:\/\/www.globalfilter.com\/fr\/ressources\/qualite-des-produits\/","url":"https:\/\/www.globalfilter.com\/fr\/ressources\/qualite-des-produits\/","name":"Qualit\u00e9 des produits - Global Filter","isPartOf":{"@id":"https:\/\/www.globalfilter.com\/fr\/#website"},"primaryImageOfPage":{"@id":"https:\/\/www.globalfilter.com\/fr\/ressources\/qualite-des-produits\/#primaryimage"},"image":{"@id":"https:\/\/www.globalfilter.com\/fr\/ressources\/qualite-des-produits\/#primaryimage"},"thumbnailUrl":"https:\/\/www.globalfilter.com\/wp-content\/uploads\/2019\/09\/hd_product-quality.jpg","datePublished":"2020-01-31T17:57:14+00:00","dateModified":"2025-10-03T07:32:45+00:00","description":"Global Filter s\u2019engage \u00e0 fournir des produits de filtration offrant une valeur exemplaire et un service d\u00e9di\u00e9 satisfaisant constamment nos clients. Afin d\u2019atteindre cet objectif, nous proc\u00e9dons \u00e0 des am\u00e9liorations continues de nos pratiques commerciales et adh\u00e9rons strictement \u00e0 notre syst\u00e8me de gestion de la qualit\u00e9.","breadcrumb":{"@id":"https:\/\/www.globalfilter.com\/fr\/ressources\/qualite-des-produits\/#breadcrumb"},"inLanguage":"fr-FR","potentialAction":[{"@type":"ReadAction","target":["https:\/\/www.globalfilter.com\/fr\/ressources\/qualite-des-produits\/"]}]},{"@type":"ImageObject","inLanguage":"fr-FR","@id":"https:\/\/www.globalfilter.com\/fr\/ressources\/qualite-des-produits\/#primaryimage","url":"https:\/\/www.globalfilter.com\/wp-content\/uploads\/2019\/09\/hd_product-quality.jpg","contentUrl":"https:\/\/www.globalfilter.com\/wp-content\/uploads\/2019\/09\/hd_product-quality.jpg"},{"@type":"BreadcrumbList","@id":"https:\/\/www.globalfilter.com\/fr\/ressources\/qualite-des-produits\/#breadcrumb","itemListElement":[{"@type":"ListItem","position":1,"name":"home","item":"https:\/\/www.globalfilter.com\/fr\/"},{"@type":"ListItem","position":2,"name":"Ressources","item":"https:\/\/www.globalfilter.com\/fr\/ressources\/"},{"@type":"ListItem","position":3,"name":"Qualit\u00e9 des produits"}]},{"@type":"WebSite","@id":"https:\/\/www.globalfilter.com\/fr\/#website","url":"https:\/\/www.globalfilter.com\/fr\/","name":"Global Filter","description":"Making the World Safer, Healthier and More Productive","publisher":{"@id":"https:\/\/www.globalfilter.com\/fr\/#organization"},"potentialAction":[{"@type":"SearchAction","target":{"@type":"EntryPoint","urlTemplate":"https:\/\/www.globalfilter.com\/fr\/?s={search_term_string}"},"query-input":{"@type":"PropertyValueSpecification","valueRequired":true,"valueName":"search_term_string"}}],"inLanguage":"fr-FR"},{"@type":"Organization","@id":"https:\/\/www.globalfilter.com\/fr\/#organization","name":"Global filter","url":"https:\/\/www.globalfilter.com\/fr\/","logo":{"@type":"ImageObject","inLanguage":"fr-FR","@id":"https:\/\/www.globalfilter.com\/fr\/#\/schema\/logo\/image\/","url":"https:\/\/www.globalfilter.com\/wp-content\/uploads\/2019\/06\/FGC-logo-1.png","contentUrl":"https:\/\/www.globalfilter.com\/wp-content\/uploads\/2019\/06\/FGC-logo-1.png","width":1104,"height":224,"caption":"Global filter"},"image":{"@id":"https:\/\/www.globalfilter.com\/fr\/#\/schema\/logo\/image\/"},"sameAs":["https:\/\/www.linkedin.com\/company\/global-filter-llc"]}]}},"_links":{"self":[{"href":"https:\/\/www.globalfilter.com\/fr\/wp-json\/wp\/v2\/pages\/1364","targetHints":{"allow":["GET"]}}],"collection":[{"href":"https:\/\/www.globalfilter.com\/fr\/wp-json\/wp\/v2\/pages"}],"about":[{"href":"https:\/\/www.globalfilter.com\/fr\/wp-json\/wp\/v2\/types\/page"}],"author":[{"embeddable":true,"href":"https:\/\/www.globalfilter.com\/fr\/wp-json\/wp\/v2\/users\/3"}],"replies":[{"embeddable":true,"href":"https:\/\/www.globalfilter.com\/fr\/wp-json\/wp\/v2\/comments?post=1364"}],"version-history":[{"count":0,"href":"https:\/\/www.globalfilter.com\/fr\/wp-json\/wp\/v2\/pages\/1364\/revisions"}],"up":[{"embeddable":true,"href":"https:\/\/www.globalfilter.com\/fr\/wp-json\/wp\/v2\/pages\/1358"}],"wp:attachment":[{"href":"https:\/\/www.globalfilter.com\/fr\/wp-json\/wp\/v2\/media?parent=1364"}],"curies":[{"name":"wp","href":"https:\/\/api.w.org\/{rel}","templated":true}]}}