{"id":1366,"date":"2020-01-31T17:57:14","date_gmt":"2020-01-31T17:57:14","guid":{"rendered":"https:\/\/www.globalfilter.com\/carrieres\/"},"modified":"2022-09-26T12:45:33","modified_gmt":"2022-09-26T12:45:33","slug":"carrieres","status":"publish","type":"page","link":"https:\/\/www.globalfilter.com\/fr\/a-propos-de-notre-entreprise\/carrieres\/","title":{"rendered":"Carri\u00e8res"},"content":{"rendered":"\n<div class=\"wp-block-cover alignfull is-light has-background-dim\"><span aria-hidden=\"true\" class=\"wp-block-cover__background has-background-dim-0 has-background-dim\"><\/span><img loading=\"lazy\" decoding=\"async\" width=\"1024\" height=\"576\" class=\"wp-block-cover__image-background wp-image-9720\" alt=\"photo equipe GFE\" src=\"https:\/\/www.globalfilter.com\/wp-content\/uploads\/2022\/06\/photo-equipe-GFE.jpg\" data-object-fit=\"cover\" srcset=\"https:\/\/www.globalfilter.com\/wp-content\/uploads\/2022\/06\/photo-equipe-GFE.jpg 1024w, https:\/\/www.globalfilter.com\/wp-content\/uploads\/2022\/06\/photo-equipe-GFE-300x169.jpg 300w, https:\/\/www.globalfilter.com\/wp-content\/uploads\/2022\/06\/photo-equipe-GFE-768x432.jpg 768w\" sizes=\"auto, (max-width: 1024px) 100vw, 1024px\" \/><div class=\"wp-block-cover__inner-container is-layout-flow wp-block-cover-is-layout-flow\">\n<h1 class=\"has-text-align-center has-white-color has-text-color wp-block-heading\" id=\"h-carri-res\">Carri\u00e8res<\/h1>\n<\/div><\/div>\n\n\n\n<div class=\"wp-block-cover alignfull has-light-gray-background-color has-background-dim\" style=\"min-height:50px;aspect-ratio:unset;\"><span aria-hidden=\"true\" class=\"has-light-gray-background-color has-background-dim-100 wp-block-cover__gradient-background has-background-dim\"><\/span><img loading=\"lazy\" decoding=\"async\" width=\"1\" height=\"1\" class=\"wp-block-cover__image-background wp-image-2064\" alt=\"\" src=\"https:\/\/www.globalfilter.com\/wp-content\/uploads\/2019\/09\/blank.png\" data-object-fit=\"cover\" \/><div class=\"wp-block-cover__inner-container is-layout-flow wp-block-cover-is-layout-flow\">\n\n<div class=\"wp-block-button aligncenter is-style-default\"><a class=\"wp-block-button__link has-white-color has-medium-gray-background-color has-text-color has-background\" href=\"https:\/\/www.globalfilter.com\/fr\/nous-contacter\/?utm_source=Web&amp;utm_medium=LP\">Contacter un expert<\/a><\/div>\n\n<\/div><\/div>\n\n\n\n<p>Global Filter est une division de <a href=\"http:\/\/www.filtrationgroup.com\/\">Filtration Group<\/a>, une filiale de <a href=\"http:\/\/www.madison.net\/\">Madison Industries<\/a>, l\u2019une des entreprises priv\u00e9es les plus importantes et les plus prosp\u00e8res au monde. Madison forme des leaders des march\u00e9s de marque, disposant d\u2019un solide esprit d\u2019entreprise et engag\u00e9s \u00e0 rendre le monde plus s\u00fbr, plus sain et plus productif en cr\u00e9ant des solutions innovantes offrant une valeur client exceptionnelle.  Vous aimez les challenges et souhaitez rejoindre une \u00e9quipe dynamique et motiv\u00e9e? N&rsquo;h\u00e9sitez pas \u00e0 postuler \u00e0 l&rsquo;une de nos offres d&#8217;emplois situ\u00e9es ci apr\u00e8s!<\/p>\n\n\n\n<br>\n\n\n\n<h2 class=\"wp-block-heading\" id=\"h-offres-d-emplois\">Offres D&#8217;emplois<\/h2>\n\n\n\n<div class=\"wp-block-buttons is-layout-flex wp-block-buttons-is-layout-flex\">\n<div class=\"wp-block-button\"><a class=\"wp-block-button__link has-medium-gray-background-color has-background\" href=\"https:\/\/www.globalfilter.com\/fr\/offres-demplois-france\/\" target=\"_blank\" rel=\"noreferrer noopener\">OFFRES D&rsquo;EMPLOIS FILTRATION GROUP FRANCE<\/a><\/div>\n<\/div>\n\n\n\n<hr class=\"wp-block-separator has-css-opacity\" \/>\n\n\n\n<div class=\"wp-block-columns has-2-columns is-layout-flex wp-container-core-columns-is-layout-9d6595d7 wp-block-columns-is-layout-flex\">\n<div class=\"wp-block-column is-layout-flow wp-block-column-is-layout-flow\">\n<div class=\"wp-block-button blank btn-full-width\"><a class=\"wp-block-button__link has-white-color has-green-background-color has-text-color has-background\" href=\"https:\/\/careers-filtrationgroupcorp.icims.com\/jobs\/search?ss=1&amp;searchRelation=keyword_all&amp;searchCategory=25347\">OFFRES D&rsquo;EMPLOIS LISTEES SUR LE SITE WEB DU GROUPE DE FILTRATION<\/a><\/div>\n<\/div>\n\n\n\n<div class=\"wp-block-column is-layout-flow wp-block-column-is-layout-flow\">\n<div class=\"wp-block-button blank btn-full-width\"><a class=\"wp-block-button__link has-white-color has-blue-background-color has-text-color has-background\" href=\"https:\/\/www.linkedin.com\/jobs\/search\/?locationId=OTHERS%2Eworldwide&amp;f_C=691913%2C943538%2C434777%2C1113726%2C576810%2C1008282%2C2039640%2C2061571%2C3048315%2C126524%2C1105210%2C73974&amp;trk=companyTopCard_top-card-button\"> OFFRES D&rsquo;EMPLOIS LISTEES SUR LINKEDIN<\/a><\/div>\n<\/div>\n<\/div>\n\n\n\n<p><\/p>\n","protected":false},"excerpt":{"rendered":"<p>Global Filter est une division de Filtration Group, une filiale de Madison Industries, l\u2019une des entreprises priv\u00e9es les plus importantes et les plus prosp\u00e8res au monde. Madison forme des leaders des march\u00e9s de marque, disposant d\u2019un solide esprit d\u2019entreprise et engag\u00e9s \u00e0 rendre le monde plus s\u00fbr, plus sain et plus productif en cr\u00e9ant des [&hellip;]<\/p>\n","protected":false},"author":4,"featured_media":0,"parent":1367,"menu_order":0,"comment_status":"closed","ping_status":"closed","template":"","meta":{"_acf_changed":false,"content-type":"","footnotes":""},"class_list":["post-1366","page","type-page","status-publish","hentry"],"acf":[],"yoast_head":"<!-- This site is optimized with the Yoast SEO plugin v27.3 - https:\/\/yoast.com\/product\/yoast-seo-wordpress\/ -->\n<title>Carri\u00e8res - Global Filter<\/title>\n<meta name=\"description\" content=\"Retrouvez ici les offres d&#039;emplois Global Filter et Filtration Group France pour faire carri\u00e8res chez nous!\" \/>\n<meta name=\"robots\" content=\"index, follow, max-snippet:-1, max-image-preview:large, max-video-preview:-1\" \/>\n<link rel=\"canonical\" href=\"https:\/\/www.globalfilter.com\/fr\/a-propos-de-notre-entreprise\/carrieres\/\" \/>\n<meta property=\"og:locale\" content=\"fr_FR\" \/>\n<meta property=\"og:type\" content=\"article\" \/>\n<meta property=\"og:title\" content=\"Carri\u00e8res - Global Filter\" \/>\n<meta property=\"og:description\" content=\"Retrouvez ici les offres d&#039;emplois Global Filter et Filtration Group France pour faire carri\u00e8res chez nous!\" \/>\n<meta property=\"og:url\" content=\"https:\/\/www.globalfilter.com\/fr\/a-propos-de-notre-entreprise\/carrieres\/\" \/>\n<meta property=\"og:site_name\" content=\"Global Filter\" \/>\n<meta property=\"article:modified_time\" content=\"2022-09-26T12:45:33+00:00\" \/>\n<meta property=\"og:image\" content=\"https:\/\/www.globalfilter.com\/wp-content\/uploads\/2022\/06\/photo-equipe-GFE.jpg\" \/>\n<meta name=\"twitter:card\" content=\"summary_large_image\" \/>\n<meta name=\"twitter:label1\" content=\"Dur\u00e9e de lecture estim\u00e9e\" \/>\n\t<meta name=\"twitter:data1\" content=\"1 minute\" \/>\n<script type=\"application\/ld+json\" class=\"yoast-schema-graph\">{\"@context\":\"https:\\\/\\\/schema.org\",\"@graph\":[{\"@type\":\"WebPage\",\"@id\":\"https:\\\/\\\/www.globalfilter.com\\\/fr\\\/a-propos-de-notre-entreprise\\\/carrieres\\\/\",\"url\":\"https:\\\/\\\/www.globalfilter.com\\\/fr\\\/a-propos-de-notre-entreprise\\\/carrieres\\\/\",\"name\":\"Carri\u00e8res - Global Filter\",\"isPartOf\":{\"@id\":\"https:\\\/\\\/www.globalfilter.com\\\/fr\\\/#website\"},\"primaryImageOfPage\":{\"@id\":\"https:\\\/\\\/www.globalfilter.com\\\/fr\\\/a-propos-de-notre-entreprise\\\/carrieres\\\/#primaryimage\"},\"image\":{\"@id\":\"https:\\\/\\\/www.globalfilter.com\\\/fr\\\/a-propos-de-notre-entreprise\\\/carrieres\\\/#primaryimage\"},\"thumbnailUrl\":\"https:\\\/\\\/www.globalfilter.com\\\/wp-content\\\/uploads\\\/2022\\\/06\\\/photo-equipe-GFE.jpg\",\"datePublished\":\"2020-01-31T17:57:14+00:00\",\"dateModified\":\"2022-09-26T12:45:33+00:00\",\"description\":\"Retrouvez ici les offres d'emplois Global Filter et Filtration Group France pour faire carri\u00e8res chez nous!\",\"breadcrumb\":{\"@id\":\"https:\\\/\\\/www.globalfilter.com\\\/fr\\\/a-propos-de-notre-entreprise\\\/carrieres\\\/#breadcrumb\"},\"inLanguage\":\"fr-FR\",\"potentialAction\":[{\"@type\":\"ReadAction\",\"target\":[\"https:\\\/\\\/www.globalfilter.com\\\/fr\\\/a-propos-de-notre-entreprise\\\/carrieres\\\/\"]}]},{\"@type\":\"ImageObject\",\"inLanguage\":\"fr-FR\",\"@id\":\"https:\\\/\\\/www.globalfilter.com\\\/fr\\\/a-propos-de-notre-entreprise\\\/carrieres\\\/#primaryimage\",\"url\":\"https:\\\/\\\/www.globalfilter.com\\\/wp-content\\\/uploads\\\/2022\\\/06\\\/photo-equipe-GFE.jpg\",\"contentUrl\":\"https:\\\/\\\/www.globalfilter.com\\\/wp-content\\\/uploads\\\/2022\\\/06\\\/photo-equipe-GFE.jpg\"},{\"@type\":\"BreadcrumbList\",\"@id\":\"https:\\\/\\\/www.globalfilter.com\\\/fr\\\/a-propos-de-notre-entreprise\\\/carrieres\\\/#breadcrumb\",\"itemListElement\":[{\"@type\":\"ListItem\",\"position\":1,\"name\":\"home\",\"item\":\"https:\\\/\\\/www.globalfilter.com\\\/fr\\\/\"},{\"@type\":\"ListItem\",\"position\":2,\"name\":\"\u00c0 propos de notre entreprise\",\"item\":\"https:\\\/\\\/www.globalfilter.com\\\/fr\\\/a-propos-de-notre-entreprise\\\/\"},{\"@type\":\"ListItem\",\"position\":3,\"name\":\"Carri\u00e8res\"}]},{\"@type\":\"WebSite\",\"@id\":\"https:\\\/\\\/www.globalfilter.com\\\/fr\\\/#website\",\"url\":\"https:\\\/\\\/www.globalfilter.com\\\/fr\\\/\",\"name\":\"Global Filter\",\"description\":\"Making the World Safer, Healthier and More Productive\",\"publisher\":{\"@id\":\"https:\\\/\\\/www.globalfilter.com\\\/fr\\\/#organization\"},\"potentialAction\":[{\"@type\":\"SearchAction\",\"target\":{\"@type\":\"EntryPoint\",\"urlTemplate\":\"https:\\\/\\\/www.globalfilter.com\\\/fr\\\/?s={search_term_string}\"},\"query-input\":{\"@type\":\"PropertyValueSpecification\",\"valueRequired\":true,\"valueName\":\"search_term_string\"}}],\"inLanguage\":\"fr-FR\"},{\"@type\":\"Organization\",\"@id\":\"https:\\\/\\\/www.globalfilter.com\\\/fr\\\/#organization\",\"name\":\"Global filter\",\"url\":\"https:\\\/\\\/www.globalfilter.com\\\/fr\\\/\",\"logo\":{\"@type\":\"ImageObject\",\"inLanguage\":\"fr-FR\",\"@id\":\"https:\\\/\\\/www.globalfilter.com\\\/fr\\\/#\\\/schema\\\/logo\\\/image\\\/\",\"url\":\"https:\\\/\\\/www.globalfilter.com\\\/wp-content\\\/uploads\\\/2019\\\/06\\\/FGC-logo-1.png\",\"contentUrl\":\"https:\\\/\\\/www.globalfilter.com\\\/wp-content\\\/uploads\\\/2019\\\/06\\\/FGC-logo-1.png\",\"width\":1104,\"height\":224,\"caption\":\"Global filter\"},\"image\":{\"@id\":\"https:\\\/\\\/www.globalfilter.com\\\/fr\\\/#\\\/schema\\\/logo\\\/image\\\/\"},\"sameAs\":[\"https:\\\/\\\/www.linkedin.com\\\/company\\\/global-filter-llc\"]}]}<\/script>\n<!-- \/ Yoast SEO plugin. -->","yoast_head_json":{"title":"Carri\u00e8res - Global Filter","description":"Retrouvez ici les offres d'emplois Global Filter et Filtration Group France pour faire carri\u00e8res chez nous!","robots":{"index":"index","follow":"follow","max-snippet":"max-snippet:-1","max-image-preview":"max-image-preview:large","max-video-preview":"max-video-preview:-1"},"canonical":"https:\/\/www.globalfilter.com\/fr\/a-propos-de-notre-entreprise\/carrieres\/","og_locale":"fr_FR","og_type":"article","og_title":"Carri\u00e8res - Global Filter","og_description":"Retrouvez ici les offres d'emplois Global Filter et Filtration Group France pour faire carri\u00e8res chez nous!","og_url":"https:\/\/www.globalfilter.com\/fr\/a-propos-de-notre-entreprise\/carrieres\/","og_site_name":"Global Filter","article_modified_time":"2022-09-26T12:45:33+00:00","og_image":[{"url":"https:\/\/www.globalfilter.com\/wp-content\/uploads\/2022\/06\/photo-equipe-GFE.jpg","type":"","width":"","height":""}],"twitter_card":"summary_large_image","twitter_misc":{"Dur\u00e9e de lecture estim\u00e9e":"1 minute"},"schema":{"@context":"https:\/\/schema.org","@graph":[{"@type":"WebPage","@id":"https:\/\/www.globalfilter.com\/fr\/a-propos-de-notre-entreprise\/carrieres\/","url":"https:\/\/www.globalfilter.com\/fr\/a-propos-de-notre-entreprise\/carrieres\/","name":"Carri\u00e8res - Global Filter","isPartOf":{"@id":"https:\/\/www.globalfilter.com\/fr\/#website"},"primaryImageOfPage":{"@id":"https:\/\/www.globalfilter.com\/fr\/a-propos-de-notre-entreprise\/carrieres\/#primaryimage"},"image":{"@id":"https:\/\/www.globalfilter.com\/fr\/a-propos-de-notre-entreprise\/carrieres\/#primaryimage"},"thumbnailUrl":"https:\/\/www.globalfilter.com\/wp-content\/uploads\/2022\/06\/photo-equipe-GFE.jpg","datePublished":"2020-01-31T17:57:14+00:00","dateModified":"2022-09-26T12:45:33+00:00","description":"Retrouvez ici les offres d'emplois Global Filter et Filtration Group France pour faire carri\u00e8res chez nous!","breadcrumb":{"@id":"https:\/\/www.globalfilter.com\/fr\/a-propos-de-notre-entreprise\/carrieres\/#breadcrumb"},"inLanguage":"fr-FR","potentialAction":[{"@type":"ReadAction","target":["https:\/\/www.globalfilter.com\/fr\/a-propos-de-notre-entreprise\/carrieres\/"]}]},{"@type":"ImageObject","inLanguage":"fr-FR","@id":"https:\/\/www.globalfilter.com\/fr\/a-propos-de-notre-entreprise\/carrieres\/#primaryimage","url":"https:\/\/www.globalfilter.com\/wp-content\/uploads\/2022\/06\/photo-equipe-GFE.jpg","contentUrl":"https:\/\/www.globalfilter.com\/wp-content\/uploads\/2022\/06\/photo-equipe-GFE.jpg"},{"@type":"BreadcrumbList","@id":"https:\/\/www.globalfilter.com\/fr\/a-propos-de-notre-entreprise\/carrieres\/#breadcrumb","itemListElement":[{"@type":"ListItem","position":1,"name":"home","item":"https:\/\/www.globalfilter.com\/fr\/"},{"@type":"ListItem","position":2,"name":"\u00c0 propos de notre entreprise","item":"https:\/\/www.globalfilter.com\/fr\/a-propos-de-notre-entreprise\/"},{"@type":"ListItem","position":3,"name":"Carri\u00e8res"}]},{"@type":"WebSite","@id":"https:\/\/www.globalfilter.com\/fr\/#website","url":"https:\/\/www.globalfilter.com\/fr\/","name":"Global Filter","description":"Making the World Safer, Healthier and More Productive","publisher":{"@id":"https:\/\/www.globalfilter.com\/fr\/#organization"},"potentialAction":[{"@type":"SearchAction","target":{"@type":"EntryPoint","urlTemplate":"https:\/\/www.globalfilter.com\/fr\/?s={search_term_string}"},"query-input":{"@type":"PropertyValueSpecification","valueRequired":true,"valueName":"search_term_string"}}],"inLanguage":"fr-FR"},{"@type":"Organization","@id":"https:\/\/www.globalfilter.com\/fr\/#organization","name":"Global filter","url":"https:\/\/www.globalfilter.com\/fr\/","logo":{"@type":"ImageObject","inLanguage":"fr-FR","@id":"https:\/\/www.globalfilter.com\/fr\/#\/schema\/logo\/image\/","url":"https:\/\/www.globalfilter.com\/wp-content\/uploads\/2019\/06\/FGC-logo-1.png","contentUrl":"https:\/\/www.globalfilter.com\/wp-content\/uploads\/2019\/06\/FGC-logo-1.png","width":1104,"height":224,"caption":"Global filter"},"image":{"@id":"https:\/\/www.globalfilter.com\/fr\/#\/schema\/logo\/image\/"},"sameAs":["https:\/\/www.linkedin.com\/company\/global-filter-llc"]}]}},"_links":{"self":[{"href":"https:\/\/www.globalfilter.com\/fr\/wp-json\/wp\/v2\/pages\/1366","targetHints":{"allow":["GET"]}}],"collection":[{"href":"https:\/\/www.globalfilter.com\/fr\/wp-json\/wp\/v2\/pages"}],"about":[{"href":"https:\/\/www.globalfilter.com\/fr\/wp-json\/wp\/v2\/types\/page"}],"author":[{"embeddable":true,"href":"https:\/\/www.globalfilter.com\/fr\/wp-json\/wp\/v2\/users\/4"}],"replies":[{"embeddable":true,"href":"https:\/\/www.globalfilter.com\/fr\/wp-json\/wp\/v2\/comments?post=1366"}],"version-history":[{"count":0,"href":"https:\/\/www.globalfilter.com\/fr\/wp-json\/wp\/v2\/pages\/1366\/revisions"}],"up":[{"embeddable":true,"href":"https:\/\/www.globalfilter.com\/fr\/wp-json\/wp\/v2\/pages\/1367"}],"wp:attachment":[{"href":"https:\/\/www.globalfilter.com\/fr\/wp-json\/wp\/v2\/media?parent=1366"}],"curies":[{"name":"wp","href":"https:\/\/api.w.org\/{rel}","templated":true}]}}