{"id":1373,"date":"2020-01-31T17:57:16","date_gmt":"2020-01-31T17:57:16","guid":{"rendered":"https:\/\/www.globalfilter.com\/industries\/"},"modified":"2021-08-05T16:48:34","modified_gmt":"2021-08-05T16:48:34","slug":"industries","status":"publish","type":"page","link":"https:\/\/www.globalfilter.com\/fr\/industries\/","title":{"rendered":"Industries"},"content":{"rendered":"\n<div class=\"wp-block-cover alignfull has-background-dim\" style=\"min-height:324px;aspect-ratio:unset;\"><img decoding=\"async\" class=\"wp-block-cover__image-background wp-image-2265\" alt=\"\" src=\"https:\/\/www.globalfilter.com\/wp-content\/uploads\/2019\/09\/homepage-hero-1_cropped_1.jpg\" data-object-fit=\"cover\" \/><div class=\"wp-block-cover__inner-container is-layout-flow wp-block-cover-is-layout-flow\">\n<h1 class=\"has-text-align-center wp-block-heading\" id=\"h-industries\">Industries<\/h1>\n\n\n\n<div class=\"container\">\n\n\n\n<p class=\"has-text-align-center\"><\/p>\n<\/div><\/div>\n\n\n\n<!--Close-->\t\n<\/div><\/div><\/section>\n<!--Menu-->\n<div class=\"no-top-margin\">\n<div class=\"msb-sticky-bar\">\n<div class=\"container\">\n  <div class=\"row\">\n    <div class=\"col-sm text-center\">\n      <a href=\"https:\/\/www.globalfilter.com\/fr\/nous-contacter\/\" class=\"btn btn-primary solution-trigger\">Contacter un expert<\/a>\n    <\/div>\n  <\/div>\n<\/div>\n<\/div>\n<\/div>\n<!--Open-->\n<section class=\"container\"><div class=\"row\"><div class=\"col-md-12\">\n\n\n\n<p>Nos solutions de filtration ont \u00e9t\u00e9 con\u00e7ues pour r\u00e9pondre aux besoins d\u2019une grande vari\u00e9t\u00e9 d\u2019applications et d\u2019industries pour lesquelles la filtration de liquides est requise.<\/p>\n\n\n\n<div class=\"wp-block-columns has-3-columns anm-columns is-layout-flex wp-container-core-columns-is-layout-9d6595d7 wp-block-columns-is-layout-flex\">\n<div class=\"wp-block-column is-layout-flow wp-block-column-is-layout-flow\">\n<figure class=\"wp-block-image\"><img loading=\"lazy\" decoding=\"async\" width=\"1024\" height=\"577\" src=\"https:\/\/www.globalfilter.com\/wp-content\/uploads\/2019\/09\/food-beverage-1024x577.jpg\" alt=\"Agroalimentaire\" class=\"wp-image-381\" srcset=\"https:\/\/www.globalfilter.com\/wp-content\/uploads\/2019\/09\/food-beverage-1024x577.jpg 1024w, https:\/\/www.globalfilter.com\/wp-content\/uploads\/2019\/09\/food-beverage-300x169.jpg 300w, https:\/\/www.globalfilter.com\/wp-content\/uploads\/2019\/09\/food-beverage-768x432.jpg 768w, https:\/\/www.globalfilter.com\/wp-content\/uploads\/2019\/09\/food-beverage.jpg 1920w\" sizes=\"auto, (max-width: 1024px) 100vw, 1024px\" \/><\/figure>\n\n\n\n<h4 class=\"wp-block-heading\">Agroalimentaire<\/h4>\n\n\n\n<p>Nous sommes heureux de nous distinguer en tant que principal fournisseur de cartouches profondeur, de cartouches pliss\u00e9es, de cartouches membrane et de&nbsp;corps de filtres &nbsp;pour l\u2019industrie agro-alimentaire.<\/p>\n\n\n\n<div class=\"wp-block-button\"><a class=\"wp-block-button__link has-white-color has-green-background-color has-text-color has-background\" href=\"https:\/\/www.globalfilter.com\/fr\/industries\/industrie-agro-alimentaire\/\">En savoir plus<\/a><\/div>\n<\/div>\n\n\n\n<div class=\"wp-block-column is-layout-flow wp-block-column-is-layout-flow\">\n<figure class=\"wp-block-image\"><img loading=\"lazy\" decoding=\"async\" width=\"1024\" height=\"576\" src=\"https:\/\/www.globalfilter.com\/wp-content\/uploads\/2019\/09\/chemical-1024x576.jpg\" alt=\"Chimie\" class=\"wp-image-379\" srcset=\"https:\/\/www.globalfilter.com\/wp-content\/uploads\/2019\/09\/chemical-1024x576.jpg 1024w, https:\/\/www.globalfilter.com\/wp-content\/uploads\/2019\/09\/chemical-300x169.jpg 300w, https:\/\/www.globalfilter.com\/wp-content\/uploads\/2019\/09\/chemical-768x432.jpg 768w, https:\/\/www.globalfilter.com\/wp-content\/uploads\/2019\/09\/chemical.jpg 1920w\" sizes=\"auto, (max-width: 1024px) 100vw, 1024px\" \/><\/figure>\n\n\n\n<h4 class=\"wp-block-heading\">Chimie<\/h4>\n\n\n\n<p>Nous comprenons l\u2019impact que peut avoir une filtration impropre sur les produits chimiques que vous produisez, tout comme les incidences n\u00e9gatives sur vos activit\u00e9s.<\/p>\n\n\n\n<div class=\"wp-block-button\"><a class=\"wp-block-button__link has-white-color has-green-background-color has-text-color has-background\" href=\"https:\/\/www.globalfilter.com\/fr\/industries\/chimie\/\">En savoir plus<\/a><\/div>\n<\/div>\n\n\n\n<div class=\"wp-block-column is-layout-flow wp-block-column-is-layout-flow\">\n<figure class=\"wp-block-image\"><img loading=\"lazy\" decoding=\"async\" width=\"1024\" height=\"576\" src=\"https:\/\/www.globalfilter.com\/wp-content\/uploads\/2019\/09\/life-sciences-1024x576.jpg\" alt=\"Biosciences\" class=\"wp-image-383\" srcset=\"https:\/\/www.globalfilter.com\/wp-content\/uploads\/2019\/09\/life-sciences-1024x576.jpg 1024w, https:\/\/www.globalfilter.com\/wp-content\/uploads\/2019\/09\/life-sciences-300x169.jpg 300w, https:\/\/www.globalfilter.com\/wp-content\/uploads\/2019\/09\/life-sciences-768x432.jpg 768w, https:\/\/www.globalfilter.com\/wp-content\/uploads\/2019\/09\/life-sciences.jpg 1920w\" sizes=\"auto, (max-width: 1024px) 100vw, 1024px\" \/><\/figure>\n\n\n\n<h4 class=\"wp-block-heading\">Biosciences<\/h4>\n\n\n\n<p>Nous offrons \u00e0 nos clients des produits de haute puret\u00e9, efficaces et \u00e9conomiques. Nos produits sont soumis \u00e0 des tests rigoureux et sont certifi\u00e9s dans nos installations de production sanitaires.<\/p>\n\n\n\n<div class=\"wp-block-button\"><a class=\"wp-block-button__link has-white-color has-green-background-color has-text-color has-background\" href=\"https:\/\/www.globalfilter.com\/fr\/industries\/biosciences\/\">En savoir plus<\/a><\/div>\n<\/div>\n<\/div>\n\n\n\n<div class=\"wp-block-columns has-3-columns anm-columns is-layout-flex wp-container-core-columns-is-layout-9d6595d7 wp-block-columns-is-layout-flex\">\n<div class=\"wp-block-column is-layout-flow wp-block-column-is-layout-flow\">\n<figure class=\"wp-block-image\"><img loading=\"lazy\" decoding=\"async\" width=\"1024\" height=\"577\" src=\"https:\/\/www.globalfilter.com\/wp-content\/uploads\/2019\/09\/micro-electronics-1024x577.jpg\" alt=\"Micro\u00e9lectronique\" class=\"wp-image-385\" srcset=\"https:\/\/www.globalfilter.com\/wp-content\/uploads\/2019\/09\/micro-electronics-1024x577.jpg 1024w, https:\/\/www.globalfilter.com\/wp-content\/uploads\/2019\/09\/micro-electronics-300x169.jpg 300w, https:\/\/www.globalfilter.com\/wp-content\/uploads\/2019\/09\/micro-electronics-768x432.jpg 768w, https:\/\/www.globalfilter.com\/wp-content\/uploads\/2019\/09\/micro-electronics.jpg 1920w\" sizes=\"auto, (max-width: 1024px) 100vw, 1024px\" \/><\/figure>\n\n\n\n<h4 class=\"wp-block-heading\">Micro\u00e9lectronique<\/h4>\n\n\n\n<p>Nous proposons des solutions de filtration de qualit\u00e9 sup\u00e9rieure pour la fabrication et le traitement de composants semiconducteurs et de produits de haute puret\u00e9.<\/p>\n\n\n\n<div class=\"wp-block-button\"><a class=\"wp-block-button__link has-white-color has-green-background-color has-text-color has-background\" href=\"https:\/\/www.globalfilter.com\/fr\/industries\/microelectronique\/\">En savoir plus<\/a><\/div>\n<\/div>\n\n\n\n<div class=\"wp-block-column is-layout-flow wp-block-column-is-layout-flow\">\n<figure class=\"wp-block-image\"><img loading=\"lazy\" decoding=\"async\" width=\"1024\" height=\"577\" src=\"https:\/\/www.globalfilter.com\/wp-content\/uploads\/2019\/09\/paints-inks-coatings-1024x577.jpg\" alt=\"Peintures, encres et vernis \" class=\"wp-image-387\" srcset=\"https:\/\/www.globalfilter.com\/wp-content\/uploads\/2019\/09\/paints-inks-coatings-1024x577.jpg 1024w, https:\/\/www.globalfilter.com\/wp-content\/uploads\/2019\/09\/paints-inks-coatings-300x169.jpg 300w, https:\/\/www.globalfilter.com\/wp-content\/uploads\/2019\/09\/paints-inks-coatings-768x432.jpg 768w, https:\/\/www.globalfilter.com\/wp-content\/uploads\/2019\/09\/paints-inks-coatings.jpg 1920w\" sizes=\"auto, (max-width: 1024px) 100vw, 1024px\" \/><\/figure>\n\n\n\n<h4 class=\"wp-block-heading\">Peintures, encres et vernis<\/h4>\n\n\n\n<p>Nous \u0153uvrons \u00e0 l\u2019am\u00e9lioration de la qualit\u00e9 de vos produits et de votre chiffre d\u2019affaires en vous proposant des solutions de filtration qui vous aident \u00e0 atteindre vos objectifs. Des solutions de filtration qui vous aident \u00e0 atteindre vos objectifs.<\/p>\n\n\n\n<div class=\"wp-block-button\"><a class=\"wp-block-button__link has-white-color has-green-background-color has-text-color has-background\" href=\"https:\/\/www.globalfilter.com\/fr\/industries\/peinture-encres-et-enduits\/\">En savoir plus<\/a><\/div>\n<\/div>\n\n\n\n<div class=\"wp-block-column is-layout-flow wp-block-column-is-layout-flow\">\n<figure class=\"wp-block-image\"><img loading=\"lazy\" decoding=\"async\" width=\"1024\" height=\"576\" src=\"https:\/\/www.globalfilter.com\/wp-content\/uploads\/2019\/09\/water-treatment-1024x576.jpg\" alt=\"Traitement de l\u2019eau \" class=\"wp-image-389\" srcset=\"https:\/\/www.globalfilter.com\/wp-content\/uploads\/2019\/09\/water-treatment-1024x576.jpg 1024w, https:\/\/www.globalfilter.com\/wp-content\/uploads\/2019\/09\/water-treatment-300x169.jpg 300w, https:\/\/www.globalfilter.com\/wp-content\/uploads\/2019\/09\/water-treatment-768x432.jpg 768w, https:\/\/www.globalfilter.com\/wp-content\/uploads\/2019\/09\/water-treatment.jpg 1920w\" sizes=\"auto, (max-width: 1024px) 100vw, 1024px\" \/><\/figure>\n\n\n\n<h4 class=\"wp-block-heading\">Traitement de l\u2019eau <\/h4>\n\n\n\n<p>Nous comprenons l\u2019importance et l\u2019impact de l\u2019eau dans notre vie quotidienne ainsi que les subtilit\u00e9s li\u00e9es \u00e0 sa production.<\/p>\n\n\n\n<div class=\"wp-block-button\"><a class=\"wp-block-button__link has-white-color has-green-background-color has-text-color has-background\" href=\"https:\/\/www.globalfilter.com\/fr\/industries\/traitement-de-leau\/\">En savoir plus<\/a><\/div>\n<\/div>\n<\/div>\n","protected":false},"excerpt":{"rendered":"<p>Contacter un expert Nos solutions de filtration ont \u00e9t\u00e9 con\u00e7ues pour r\u00e9pondre aux besoins d\u2019une grande vari\u00e9t\u00e9 d\u2019applications et d\u2019industries pour lesquelles la filtration de liquides est requise. Agroalimentaire Nous sommes heureux de nous distinguer en tant que principal fournisseur de cartouches profondeur, de cartouches pliss\u00e9es, de cartouches membrane et de&nbsp;corps de filtres &nbsp;pour l\u2019industrie [&hellip;]<\/p>\n","protected":false},"author":4,"featured_media":0,"parent":0,"menu_order":0,"comment_status":"closed","ping_status":"closed","template":"","meta":{"_acf_changed":false,"content-type":"","footnotes":""},"class_list":["post-1373","page","type-page","status-publish","hentry"],"acf":[],"yoast_head":"<!-- This site is optimized with the Yoast SEO plugin v27.3 - https:\/\/yoast.com\/product\/yoast-seo-wordpress\/ -->\n<title>Industries - Global Filter<\/title>\n<meta name=\"description\" content=\"Nos solutions de filtration ont \u00e9t\u00e9 con\u00e7ues pour r\u00e9pondre aux besoins d\u2019une grande vari\u00e9t\u00e9 d\u2019applications et d\u2019industries pour lesquelles la filtration de liquides est requise.\" \/>\n<meta name=\"robots\" content=\"index, follow, max-snippet:-1, max-image-preview:large, max-video-preview:-1\" \/>\n<link rel=\"canonical\" href=\"https:\/\/www.globalfilter.com\/fr\/industries\/\" \/>\n<meta property=\"og:locale\" content=\"fr_FR\" \/>\n<meta property=\"og:type\" content=\"article\" \/>\n<meta property=\"og:title\" content=\"Industries - Global Filter\" \/>\n<meta property=\"og:description\" content=\"Nos solutions de filtration ont \u00e9t\u00e9 con\u00e7ues pour r\u00e9pondre aux besoins d\u2019une grande vari\u00e9t\u00e9 d\u2019applications et d\u2019industries pour lesquelles la filtration de liquides est requise.\" \/>\n<meta property=\"og:url\" content=\"https:\/\/www.globalfilter.com\/fr\/industries\/\" \/>\n<meta property=\"og:site_name\" content=\"Global Filter\" \/>\n<meta property=\"article:modified_time\" content=\"2021-08-05T16:48:34+00:00\" \/>\n<meta property=\"og:image\" content=\"https:\/\/www.globalfilter.com\/wp-content\/uploads\/2019\/09\/homepage-hero-1_cropped_1.jpg\" \/>\n<meta name=\"twitter:card\" content=\"summary_large_image\" \/>\n<meta name=\"twitter:label1\" content=\"Dur\u00e9e de lecture estim\u00e9e\" \/>\n\t<meta name=\"twitter:data1\" content=\"3 minutes\" \/>\n<script type=\"application\/ld+json\" class=\"yoast-schema-graph\">{\"@context\":\"https:\\\/\\\/schema.org\",\"@graph\":[{\"@type\":\"WebPage\",\"@id\":\"https:\\\/\\\/www.globalfilter.com\\\/fr\\\/industries\\\/\",\"url\":\"https:\\\/\\\/www.globalfilter.com\\\/fr\\\/industries\\\/\",\"name\":\"Industries - Global Filter\",\"isPartOf\":{\"@id\":\"https:\\\/\\\/www.globalfilter.com\\\/fr\\\/#website\"},\"primaryImageOfPage\":{\"@id\":\"https:\\\/\\\/www.globalfilter.com\\\/fr\\\/industries\\\/#primaryimage\"},\"image\":{\"@id\":\"https:\\\/\\\/www.globalfilter.com\\\/fr\\\/industries\\\/#primaryimage\"},\"thumbnailUrl\":\"https:\\\/\\\/www.globalfilter.com\\\/wp-content\\\/uploads\\\/2019\\\/09\\\/homepage-hero-1_cropped_1.jpg\",\"datePublished\":\"2020-01-31T17:57:16+00:00\",\"dateModified\":\"2021-08-05T16:48:34+00:00\",\"description\":\"Nos solutions de filtration ont \u00e9t\u00e9 con\u00e7ues pour r\u00e9pondre aux besoins d\u2019une grande vari\u00e9t\u00e9 d\u2019applications et d\u2019industries pour lesquelles la filtration de liquides est requise.\",\"breadcrumb\":{\"@id\":\"https:\\\/\\\/www.globalfilter.com\\\/fr\\\/industries\\\/#breadcrumb\"},\"inLanguage\":\"fr-FR\",\"potentialAction\":[{\"@type\":\"ReadAction\",\"target\":[\"https:\\\/\\\/www.globalfilter.com\\\/fr\\\/industries\\\/\"]}]},{\"@type\":\"ImageObject\",\"inLanguage\":\"fr-FR\",\"@id\":\"https:\\\/\\\/www.globalfilter.com\\\/fr\\\/industries\\\/#primaryimage\",\"url\":\"https:\\\/\\\/www.globalfilter.com\\\/wp-content\\\/uploads\\\/2019\\\/09\\\/homepage-hero-1_cropped_1.jpg\",\"contentUrl\":\"https:\\\/\\\/www.globalfilter.com\\\/wp-content\\\/uploads\\\/2019\\\/09\\\/homepage-hero-1_cropped_1.jpg\"},{\"@type\":\"BreadcrumbList\",\"@id\":\"https:\\\/\\\/www.globalfilter.com\\\/fr\\\/industries\\\/#breadcrumb\",\"itemListElement\":[{\"@type\":\"ListItem\",\"position\":1,\"name\":\"home\",\"item\":\"https:\\\/\\\/www.globalfilter.com\\\/fr\\\/\"},{\"@type\":\"ListItem\",\"position\":2,\"name\":\"Industries\"}]},{\"@type\":\"WebSite\",\"@id\":\"https:\\\/\\\/www.globalfilter.com\\\/fr\\\/#website\",\"url\":\"https:\\\/\\\/www.globalfilter.com\\\/fr\\\/\",\"name\":\"Global Filter\",\"description\":\"Making the World Safer, Healthier and More Productive\",\"publisher\":{\"@id\":\"https:\\\/\\\/www.globalfilter.com\\\/fr\\\/#organization\"},\"potentialAction\":[{\"@type\":\"SearchAction\",\"target\":{\"@type\":\"EntryPoint\",\"urlTemplate\":\"https:\\\/\\\/www.globalfilter.com\\\/fr\\\/?s={search_term_string}\"},\"query-input\":{\"@type\":\"PropertyValueSpecification\",\"valueRequired\":true,\"valueName\":\"search_term_string\"}}],\"inLanguage\":\"fr-FR\"},{\"@type\":\"Organization\",\"@id\":\"https:\\\/\\\/www.globalfilter.com\\\/fr\\\/#organization\",\"name\":\"Global filter\",\"url\":\"https:\\\/\\\/www.globalfilter.com\\\/fr\\\/\",\"logo\":{\"@type\":\"ImageObject\",\"inLanguage\":\"fr-FR\",\"@id\":\"https:\\\/\\\/www.globalfilter.com\\\/fr\\\/#\\\/schema\\\/logo\\\/image\\\/\",\"url\":\"https:\\\/\\\/www.globalfilter.com\\\/wp-content\\\/uploads\\\/2019\\\/06\\\/FGC-logo-1.png\",\"contentUrl\":\"https:\\\/\\\/www.globalfilter.com\\\/wp-content\\\/uploads\\\/2019\\\/06\\\/FGC-logo-1.png\",\"width\":1104,\"height\":224,\"caption\":\"Global filter\"},\"image\":{\"@id\":\"https:\\\/\\\/www.globalfilter.com\\\/fr\\\/#\\\/schema\\\/logo\\\/image\\\/\"},\"sameAs\":[\"https:\\\/\\\/www.linkedin.com\\\/company\\\/global-filter-llc\"]}]}<\/script>\n<!-- \/ Yoast SEO plugin. -->","yoast_head_json":{"title":"Industries - Global Filter","description":"Nos solutions de filtration ont \u00e9t\u00e9 con\u00e7ues pour r\u00e9pondre aux besoins d\u2019une grande vari\u00e9t\u00e9 d\u2019applications et d\u2019industries pour lesquelles la filtration de liquides est requise.","robots":{"index":"index","follow":"follow","max-snippet":"max-snippet:-1","max-image-preview":"max-image-preview:large","max-video-preview":"max-video-preview:-1"},"canonical":"https:\/\/www.globalfilter.com\/fr\/industries\/","og_locale":"fr_FR","og_type":"article","og_title":"Industries - Global Filter","og_description":"Nos solutions de filtration ont \u00e9t\u00e9 con\u00e7ues pour r\u00e9pondre aux besoins d\u2019une grande vari\u00e9t\u00e9 d\u2019applications et d\u2019industries pour lesquelles la filtration de liquides est requise.","og_url":"https:\/\/www.globalfilter.com\/fr\/industries\/","og_site_name":"Global Filter","article_modified_time":"2021-08-05T16:48:34+00:00","og_image":[{"url":"https:\/\/www.globalfilter.com\/wp-content\/uploads\/2019\/09\/homepage-hero-1_cropped_1.jpg","type":"","width":"","height":""}],"twitter_card":"summary_large_image","twitter_misc":{"Dur\u00e9e de lecture estim\u00e9e":"3 minutes"},"schema":{"@context":"https:\/\/schema.org","@graph":[{"@type":"WebPage","@id":"https:\/\/www.globalfilter.com\/fr\/industries\/","url":"https:\/\/www.globalfilter.com\/fr\/industries\/","name":"Industries - Global Filter","isPartOf":{"@id":"https:\/\/www.globalfilter.com\/fr\/#website"},"primaryImageOfPage":{"@id":"https:\/\/www.globalfilter.com\/fr\/industries\/#primaryimage"},"image":{"@id":"https:\/\/www.globalfilter.com\/fr\/industries\/#primaryimage"},"thumbnailUrl":"https:\/\/www.globalfilter.com\/wp-content\/uploads\/2019\/09\/homepage-hero-1_cropped_1.jpg","datePublished":"2020-01-31T17:57:16+00:00","dateModified":"2021-08-05T16:48:34+00:00","description":"Nos solutions de filtration ont \u00e9t\u00e9 con\u00e7ues pour r\u00e9pondre aux besoins d\u2019une grande vari\u00e9t\u00e9 d\u2019applications et d\u2019industries pour lesquelles la filtration de liquides est requise.","breadcrumb":{"@id":"https:\/\/www.globalfilter.com\/fr\/industries\/#breadcrumb"},"inLanguage":"fr-FR","potentialAction":[{"@type":"ReadAction","target":["https:\/\/www.globalfilter.com\/fr\/industries\/"]}]},{"@type":"ImageObject","inLanguage":"fr-FR","@id":"https:\/\/www.globalfilter.com\/fr\/industries\/#primaryimage","url":"https:\/\/www.globalfilter.com\/wp-content\/uploads\/2019\/09\/homepage-hero-1_cropped_1.jpg","contentUrl":"https:\/\/www.globalfilter.com\/wp-content\/uploads\/2019\/09\/homepage-hero-1_cropped_1.jpg"},{"@type":"BreadcrumbList","@id":"https:\/\/www.globalfilter.com\/fr\/industries\/#breadcrumb","itemListElement":[{"@type":"ListItem","position":1,"name":"home","item":"https:\/\/www.globalfilter.com\/fr\/"},{"@type":"ListItem","position":2,"name":"Industries"}]},{"@type":"WebSite","@id":"https:\/\/www.globalfilter.com\/fr\/#website","url":"https:\/\/www.globalfilter.com\/fr\/","name":"Global Filter","description":"Making the World Safer, Healthier and More Productive","publisher":{"@id":"https:\/\/www.globalfilter.com\/fr\/#organization"},"potentialAction":[{"@type":"SearchAction","target":{"@type":"EntryPoint","urlTemplate":"https:\/\/www.globalfilter.com\/fr\/?s={search_term_string}"},"query-input":{"@type":"PropertyValueSpecification","valueRequired":true,"valueName":"search_term_string"}}],"inLanguage":"fr-FR"},{"@type":"Organization","@id":"https:\/\/www.globalfilter.com\/fr\/#organization","name":"Global filter","url":"https:\/\/www.globalfilter.com\/fr\/","logo":{"@type":"ImageObject","inLanguage":"fr-FR","@id":"https:\/\/www.globalfilter.com\/fr\/#\/schema\/logo\/image\/","url":"https:\/\/www.globalfilter.com\/wp-content\/uploads\/2019\/06\/FGC-logo-1.png","contentUrl":"https:\/\/www.globalfilter.com\/wp-content\/uploads\/2019\/06\/FGC-logo-1.png","width":1104,"height":224,"caption":"Global filter"},"image":{"@id":"https:\/\/www.globalfilter.com\/fr\/#\/schema\/logo\/image\/"},"sameAs":["https:\/\/www.linkedin.com\/company\/global-filter-llc"]}]}},"_links":{"self":[{"href":"https:\/\/www.globalfilter.com\/fr\/wp-json\/wp\/v2\/pages\/1373","targetHints":{"allow":["GET"]}}],"collection":[{"href":"https:\/\/www.globalfilter.com\/fr\/wp-json\/wp\/v2\/pages"}],"about":[{"href":"https:\/\/www.globalfilter.com\/fr\/wp-json\/wp\/v2\/types\/page"}],"author":[{"embeddable":true,"href":"https:\/\/www.globalfilter.com\/fr\/wp-json\/wp\/v2\/users\/4"}],"replies":[{"embeddable":true,"href":"https:\/\/www.globalfilter.com\/fr\/wp-json\/wp\/v2\/comments?post=1373"}],"version-history":[{"count":0,"href":"https:\/\/www.globalfilter.com\/fr\/wp-json\/wp\/v2\/pages\/1373\/revisions"}],"wp:attachment":[{"href":"https:\/\/www.globalfilter.com\/fr\/wp-json\/wp\/v2\/media?parent=1373"}],"curies":[{"name":"wp","href":"https:\/\/api.w.org\/{rel}","templated":true}]}}