{"id":1375,"date":"2020-01-31T17:57:16","date_gmt":"2020-01-31T17:57:16","guid":{"rendered":"https:\/\/www.globalfilter.com\/a-propos-de-notre-entreprise\/equipe-de-direction\/"},"modified":"2021-08-03T18:53:10","modified_gmt":"2021-08-03T18:53:10","slug":"leadership-team-overview","status":"publish","type":"page","link":"https:\/\/www.globalfilter.com\/fr\/leadership-team-overview\/","title":{"rendered":"\u00c9quipe de direction"},"content":{"rendered":"\n<div class=\"wp-block-cover alignfull has-black-background-color has-background-dim full-width\" style=\"background-image:url(https:\/\/www.globalfilter.com\/wp-content\/uploads\/2019\/09\/hd_leadership.jpg);background-position:50.588235294117645% 57.23529591279871%\"><div class=\"wp-block-cover__inner-container is-layout-flow wp-block-cover-is-layout-flow\">\n<h1 class=\"has-text-align-center headline headline-rule wp-block-heading\">Direction<\/h1>\n<\/div><\/div>\n\n\n\n<div class=\"wp-block-cover alignfull has-light-gray-background-color has-background-dim\" style=\"background-image:url(https:\/\/www.globalfilter.com\/wp-content\/uploads\/2019\/09\/blank.png);min-height:50px;aspect-ratio:unset;\"><div class=\"wp-block-cover__inner-container is-layout-flow wp-block-cover-is-layout-flow\">\n<div class=\"wp-block-button aligncenter is-style-default\"><a class=\"wp-block-button__link has-text-color has-white-color has-background has-medium-gray-background-color\" href=\"https:\/\/www.globalfilter.com\/fr\/nous-contacter\/?utm_source=Web&amp;utm_medium=LP\">Contacter un expert<\/a><\/div>\n<\/div><\/div>\n\n\n\n<h2 class=\"wp-block-heading\">Une culture ax\u00e9e sur le client<\/h2>\n\n\n\n<p><em>Notre engagement \u00e0 exceller dans la propret\u00e9, l\u2019efficacit\u00e9, la qualit\u00e9 et le service est motiv\u00e9 par notre objectif de surpasser les exigences de nos clients. Nous aspirons \u00e0 l\u2019enti\u00e8re satisfaction de notre client\u00e8le, et cela se traduit dans toutes nos r\u00e9alisations.<\/em><\/p>\n","protected":false},"excerpt":{"rendered":"<p>Une culture ax\u00e9e sur le client Notre engagement \u00e0 exceller dans la propret\u00e9, l\u2019efficacit\u00e9, la qualit\u00e9 et le service est motiv\u00e9 par notre objectif de surpasser les exigences de nos clients. Nous aspirons \u00e0 l\u2019enti\u00e8re satisfaction de notre client\u00e8le, et cela se traduit dans toutes nos r\u00e9alisations.<\/p>\n","protected":false},"author":4,"featured_media":0,"parent":0,"menu_order":0,"comment_status":"closed","ping_status":"closed","template":"","meta":{"_acf_changed":false,"content-type":"","footnotes":""},"class_list":["post-1375","page","type-page","status-publish","hentry"],"acf":[],"yoast_head":"<!-- This site is optimized with the Yoast SEO plugin v27.3 - https:\/\/yoast.com\/product\/yoast-seo-wordpress\/ -->\n<title>\u00c9quipe de direction - Global Filter<\/title>\n<meta name=\"robots\" content=\"index, follow, max-snippet:-1, max-image-preview:large, max-video-preview:-1\" \/>\n<link rel=\"canonical\" href=\"https:\/\/www.globalfilter.com\/fr\/leadership-team-overview\/\" \/>\n<meta property=\"og:locale\" content=\"fr_FR\" \/>\n<meta property=\"og:type\" content=\"article\" \/>\n<meta property=\"og:title\" content=\"\u00c9quipe de direction - Global Filter\" \/>\n<meta property=\"og:description\" content=\"Une culture ax\u00e9e sur le client Notre engagement \u00e0 exceller dans la propret\u00e9, l\u2019efficacit\u00e9, la qualit\u00e9 et le service est motiv\u00e9 par notre objectif de surpasser les exigences de nos clients. Nous aspirons \u00e0 l\u2019enti\u00e8re satisfaction de notre client\u00e8le, et cela se traduit dans toutes nos r\u00e9alisations.\" \/>\n<meta property=\"og:url\" content=\"https:\/\/www.globalfilter.com\/fr\/leadership-team-overview\/\" \/>\n<meta property=\"og:site_name\" content=\"Global Filter\" \/>\n<meta property=\"article:modified_time\" content=\"2021-08-03T18:53:10+00:00\" \/>\n<meta name=\"twitter:card\" content=\"summary_large_image\" \/>\n<script type=\"application\/ld+json\" class=\"yoast-schema-graph\">{\"@context\":\"https:\\\/\\\/schema.org\",\"@graph\":[{\"@type\":\"WebPage\",\"@id\":\"https:\\\/\\\/www.globalfilter.com\\\/fr\\\/leadership-team-overview\\\/\",\"url\":\"https:\\\/\\\/www.globalfilter.com\\\/fr\\\/leadership-team-overview\\\/\",\"name\":\"\u00c9quipe de direction - Global Filter\",\"isPartOf\":{\"@id\":\"https:\\\/\\\/www.globalfilter.com\\\/fr\\\/#website\"},\"datePublished\":\"2020-01-31T17:57:16+00:00\",\"dateModified\":\"2021-08-03T18:53:10+00:00\",\"breadcrumb\":{\"@id\":\"https:\\\/\\\/www.globalfilter.com\\\/fr\\\/leadership-team-overview\\\/#breadcrumb\"},\"inLanguage\":\"fr-FR\",\"potentialAction\":[{\"@type\":\"ReadAction\",\"target\":[\"https:\\\/\\\/www.globalfilter.com\\\/fr\\\/leadership-team-overview\\\/\"]}]},{\"@type\":\"BreadcrumbList\",\"@id\":\"https:\\\/\\\/www.globalfilter.com\\\/fr\\\/leadership-team-overview\\\/#breadcrumb\",\"itemListElement\":[{\"@type\":\"ListItem\",\"position\":1,\"name\":\"home\",\"item\":\"https:\\\/\\\/www.globalfilter.com\\\/fr\\\/\"},{\"@type\":\"ListItem\",\"position\":2,\"name\":\"\u00c9quipe de direction\"}]},{\"@type\":\"WebSite\",\"@id\":\"https:\\\/\\\/www.globalfilter.com\\\/fr\\\/#website\",\"url\":\"https:\\\/\\\/www.globalfilter.com\\\/fr\\\/\",\"name\":\"Global Filter\",\"description\":\"Making the World Safer, Healthier and More Productive\",\"publisher\":{\"@id\":\"https:\\\/\\\/www.globalfilter.com\\\/fr\\\/#organization\"},\"potentialAction\":[{\"@type\":\"SearchAction\",\"target\":{\"@type\":\"EntryPoint\",\"urlTemplate\":\"https:\\\/\\\/www.globalfilter.com\\\/fr\\\/?s={search_term_string}\"},\"query-input\":{\"@type\":\"PropertyValueSpecification\",\"valueRequired\":true,\"valueName\":\"search_term_string\"}}],\"inLanguage\":\"fr-FR\"},{\"@type\":\"Organization\",\"@id\":\"https:\\\/\\\/www.globalfilter.com\\\/fr\\\/#organization\",\"name\":\"Global filter\",\"url\":\"https:\\\/\\\/www.globalfilter.com\\\/fr\\\/\",\"logo\":{\"@type\":\"ImageObject\",\"inLanguage\":\"fr-FR\",\"@id\":\"https:\\\/\\\/www.globalfilter.com\\\/fr\\\/#\\\/schema\\\/logo\\\/image\\\/\",\"url\":\"https:\\\/\\\/www.globalfilter.com\\\/wp-content\\\/uploads\\\/2019\\\/06\\\/FGC-logo-1.png\",\"contentUrl\":\"https:\\\/\\\/www.globalfilter.com\\\/wp-content\\\/uploads\\\/2019\\\/06\\\/FGC-logo-1.png\",\"width\":1104,\"height\":224,\"caption\":\"Global filter\"},\"image\":{\"@id\":\"https:\\\/\\\/www.globalfilter.com\\\/fr\\\/#\\\/schema\\\/logo\\\/image\\\/\"},\"sameAs\":[\"https:\\\/\\\/www.linkedin.com\\\/company\\\/global-filter-llc\"]}]}<\/script>\n<!-- \/ Yoast SEO plugin. -->","yoast_head_json":{"title":"\u00c9quipe de direction - Global Filter","robots":{"index":"index","follow":"follow","max-snippet":"max-snippet:-1","max-image-preview":"max-image-preview:large","max-video-preview":"max-video-preview:-1"},"canonical":"https:\/\/www.globalfilter.com\/fr\/leadership-team-overview\/","og_locale":"fr_FR","og_type":"article","og_title":"\u00c9quipe de direction - Global Filter","og_description":"Une culture ax\u00e9e sur le client Notre engagement \u00e0 exceller dans la propret\u00e9, l\u2019efficacit\u00e9, la qualit\u00e9 et le service est motiv\u00e9 par notre objectif de surpasser les exigences de nos clients. Nous aspirons \u00e0 l\u2019enti\u00e8re satisfaction de notre client\u00e8le, et cela se traduit dans toutes nos r\u00e9alisations.","og_url":"https:\/\/www.globalfilter.com\/fr\/leadership-team-overview\/","og_site_name":"Global Filter","article_modified_time":"2021-08-03T18:53:10+00:00","twitter_card":"summary_large_image","schema":{"@context":"https:\/\/schema.org","@graph":[{"@type":"WebPage","@id":"https:\/\/www.globalfilter.com\/fr\/leadership-team-overview\/","url":"https:\/\/www.globalfilter.com\/fr\/leadership-team-overview\/","name":"\u00c9quipe de direction - Global Filter","isPartOf":{"@id":"https:\/\/www.globalfilter.com\/fr\/#website"},"datePublished":"2020-01-31T17:57:16+00:00","dateModified":"2021-08-03T18:53:10+00:00","breadcrumb":{"@id":"https:\/\/www.globalfilter.com\/fr\/leadership-team-overview\/#breadcrumb"},"inLanguage":"fr-FR","potentialAction":[{"@type":"ReadAction","target":["https:\/\/www.globalfilter.com\/fr\/leadership-team-overview\/"]}]},{"@type":"BreadcrumbList","@id":"https:\/\/www.globalfilter.com\/fr\/leadership-team-overview\/#breadcrumb","itemListElement":[{"@type":"ListItem","position":1,"name":"home","item":"https:\/\/www.globalfilter.com\/fr\/"},{"@type":"ListItem","position":2,"name":"\u00c9quipe de direction"}]},{"@type":"WebSite","@id":"https:\/\/www.globalfilter.com\/fr\/#website","url":"https:\/\/www.globalfilter.com\/fr\/","name":"Global Filter","description":"Making the World Safer, Healthier and More Productive","publisher":{"@id":"https:\/\/www.globalfilter.com\/fr\/#organization"},"potentialAction":[{"@type":"SearchAction","target":{"@type":"EntryPoint","urlTemplate":"https:\/\/www.globalfilter.com\/fr\/?s={search_term_string}"},"query-input":{"@type":"PropertyValueSpecification","valueRequired":true,"valueName":"search_term_string"}}],"inLanguage":"fr-FR"},{"@type":"Organization","@id":"https:\/\/www.globalfilter.com\/fr\/#organization","name":"Global filter","url":"https:\/\/www.globalfilter.com\/fr\/","logo":{"@type":"ImageObject","inLanguage":"fr-FR","@id":"https:\/\/www.globalfilter.com\/fr\/#\/schema\/logo\/image\/","url":"https:\/\/www.globalfilter.com\/wp-content\/uploads\/2019\/06\/FGC-logo-1.png","contentUrl":"https:\/\/www.globalfilter.com\/wp-content\/uploads\/2019\/06\/FGC-logo-1.png","width":1104,"height":224,"caption":"Global filter"},"image":{"@id":"https:\/\/www.globalfilter.com\/fr\/#\/schema\/logo\/image\/"},"sameAs":["https:\/\/www.linkedin.com\/company\/global-filter-llc"]}]}},"_links":{"self":[{"href":"https:\/\/www.globalfilter.com\/fr\/wp-json\/wp\/v2\/pages\/1375","targetHints":{"allow":["GET"]}}],"collection":[{"href":"https:\/\/www.globalfilter.com\/fr\/wp-json\/wp\/v2\/pages"}],"about":[{"href":"https:\/\/www.globalfilter.com\/fr\/wp-json\/wp\/v2\/types\/page"}],"author":[{"embeddable":true,"href":"https:\/\/www.globalfilter.com\/fr\/wp-json\/wp\/v2\/users\/4"}],"replies":[{"embeddable":true,"href":"https:\/\/www.globalfilter.com\/fr\/wp-json\/wp\/v2\/comments?post=1375"}],"version-history":[{"count":0,"href":"https:\/\/www.globalfilter.com\/fr\/wp-json\/wp\/v2\/pages\/1375\/revisions"}],"wp:attachment":[{"href":"https:\/\/www.globalfilter.com\/fr\/wp-json\/wp\/v2\/media?parent=1375"}],"curies":[{"name":"wp","href":"https:\/\/api.w.org\/{rel}","templated":true}]}}