{"id":1383,"date":"2020-01-31T17:57:18","date_gmt":"2020-01-31T17:57:18","guid":{"rendered":"https:\/\/www.globalfilter.com\/ressources\/livres-blancs\/"},"modified":"2025-10-13T13:47:45","modified_gmt":"2025-10-13T13:47:45","slug":"livres-blancs","status":"publish","type":"page","link":"https:\/\/www.globalfilter.com\/fr\/ressources\/livres-blancs\/","title":{"rendered":"Livres blancs"},"content":{"rendered":"\n<div class=\"wp-block-cover alignfull has-background-dim\" style=\"min-height:245px;aspect-ratio:unset;\"><img loading=\"lazy\" decoding=\"async\" width=\"1920\" height=\"1080\" class=\"wp-block-cover__image-background wp-image-1391\" alt=\"\" src=\"https:\/\/www.globalfilter.com\/wp-content\/uploads\/2019\/10\/hd_whitepapers.jpg\" data-object-fit=\"cover\" srcset=\"https:\/\/www.globalfilter.com\/wp-content\/uploads\/2019\/10\/hd_whitepapers.jpg 1920w, https:\/\/www.globalfilter.com\/wp-content\/uploads\/2019\/10\/hd_whitepapers-300x169.jpg 300w, https:\/\/www.globalfilter.com\/wp-content\/uploads\/2019\/10\/hd_whitepapers-768x432.jpg 768w, https:\/\/www.globalfilter.com\/wp-content\/uploads\/2019\/10\/hd_whitepapers-1024x576.jpg 1024w\" sizes=\"auto, (max-width: 1920px) 100vw, 1920px\" \/><div class=\"wp-block-cover__inner-container is-layout-flow wp-block-cover-is-layout-flow\">\n\n<h1 class=\"has-text-align-center wp-block-heading\" id=\"h-livres-blancs\">Livres blancs<\/h1>\n\n<\/div><\/div>\n\n\n\n<!--Close-->\t\n<\/div><\/div><\/section>\n<!--Menu-->\n<div class=\"no-top-margin\">\n<div class=\"msb-sticky-bar\">\n<div class=\"container\">\n  <div class=\"row\">\n    <div class=\"col-sm text-center\">\n      <a href=\"https:\/\/www.globalfilter.com\/fr\/nous-contacter\/\" class=\"btn btn-primary solution-trigger\">Contacter un expert<\/a>\n    <\/div>\n  <\/div>\n<\/div>\n<\/div>\n<\/div>\n<!--Open-->\n<section class=\"container\"><div class=\"row\"><div class=\"col-md-12\">\n\n\n\n<p>Nos experts en filtration pr\u00e9sentent les d\u00e9fis actuels rencontr\u00e9s par l\u2019industrie en proposant les meilleures pratiques pour am\u00e9liorer l\u2019efficacit\u00e9 et aider \u00e0 g\u00e9rer les co\u00fbts. <\/p>\n\n\n\n<div class=\"wp-block-columns has-2-columns anm-columns is-layout-flex wp-container-core-columns-is-layout-9d6595d7 wp-block-columns-is-layout-flex\">\n<div class=\"wp-block-column is-layout-flow wp-block-column-is-layout-flow\">\n<figure class=\"wp-block-image size-full is-resized\"><img loading=\"lazy\" decoding=\"async\" width=\"595\" height=\"842\" src=\"https:\/\/www.globalfilter.com\/wp-content\/uploads\/2025\/10\/LIVRE-BLANC-EAU-ULTRA-PURE-VF.jpg\" alt=\"\" class=\"wp-image-15010\" style=\"width:286px;height:auto\" srcset=\"https:\/\/www.globalfilter.com\/wp-content\/uploads\/2025\/10\/LIVRE-BLANC-EAU-ULTRA-PURE-VF.jpg 595w, https:\/\/www.globalfilter.com\/wp-content\/uploads\/2025\/10\/LIVRE-BLANC-EAU-ULTRA-PURE-VF-212x300.jpg 212w\" sizes=\"auto, (max-width: 595px) 100vw, 595px\" \/><\/figure>\n\n\n\n<div class=\"wp-block-file btn-file blank\"><a href=\"https:\/\/www.globalfilter.com\/wp-content\/uploads\/2025\/10\/LIVRE-BLANC-EAU-ULTRA-PURE-GLOBAL-FILTER.pdf\" class=\"wp-block-file__button\">Eau ultra pure<\/a><\/div>\n<\/div>\n\n\n\n<div class=\"wp-block-column is-layout-flow wp-block-column-is-layout-flow\">\n<figure class=\"wp-block-image\"><img loading=\"lazy\" decoding=\"async\" width=\"232\" height=\"300\" src=\"https:\/\/www.globalfilter.com\/wp-content\/uploads\/2019\/10\/Pages-from-Bottled-Water-Whitepaper-Cover-1-232x300.jpg\" alt=\"Livre blanc\" class=\"wp-image-1075\" srcset=\"https:\/\/www.globalfilter.com\/wp-content\/uploads\/2019\/10\/Pages-from-Bottled-Water-Whitepaper-Cover-1-232x300.jpg 232w, https:\/\/www.globalfilter.com\/wp-content\/uploads\/2019\/10\/Pages-from-Bottled-Water-Whitepaper-Cover-1.jpg 640w\" sizes=\"auto, (max-width: 232px) 100vw, 232px\" \/><\/figure>\n\n\n\n<div class=\"wp-block-file btn-file blank\"><a href=\"https:\/\/www.globalfilter.com\/wp-content\/uploads\/2019\/09\/Bottled-Water-Whitepaper-221020.pdf\" class=\"wp-block-file__button\">Eau en bouteille<\/a><\/div>\n<\/div>\n<\/div>\n\n\n\n<div class=\"wp-block-columns has-2-columns anm-columns is-layout-flex wp-container-core-columns-is-layout-9d6595d7 wp-block-columns-is-layout-flex\">\n<div class=\"wp-block-column is-layout-flow wp-block-column-is-layout-flow\">\n<figure class=\"wp-block-image size-full\"><img loading=\"lazy\" decoding=\"async\" width=\"585\" height=\"755\" src=\"https:\/\/www.globalfilter.com\/wp-content\/uploads\/2022\/09\/API-white-paper-FR-picture.png\" alt=\"\" class=\"wp-image-10469\" srcset=\"https:\/\/www.globalfilter.com\/wp-content\/uploads\/2022\/09\/API-white-paper-FR-picture.png 585w, https:\/\/www.globalfilter.com\/wp-content\/uploads\/2022\/09\/API-white-paper-FR-picture-232x300.png 232w\" sizes=\"auto, (max-width: 585px) 100vw, 585px\" \/><\/figure>\n\n\n\n<figure class=\"wp-block-image size-full\"><img loading=\"lazy\" decoding=\"async\" width=\"673\" height=\"785\" src=\"https:\/\/www.globalfilter.com\/wp-content\/uploads\/2023\/05\/whitepaper-agroalimentaire.png\" alt=\"\" class=\"wp-image-11387\" srcset=\"https:\/\/www.globalfilter.com\/wp-content\/uploads\/2023\/05\/whitepaper-agroalimentaire.png 673w, https:\/\/www.globalfilter.com\/wp-content\/uploads\/2023\/05\/whitepaper-agroalimentaire-257x300.png 257w\" sizes=\"auto, (max-width: 673px) 100vw, 673px\" \/><\/figure>\n\n\n\n<div class=\"wp-block-file btn-file blank\"><a href=\"https:\/\/www.globalfilter.com\/wp-content\/uploads\/2023\/05\/Whitepaper-water-filtration-in-food-bev-FR.pdf\" class=\"wp-block-file__button\">Process agroalimentaires<\/a><\/div>\n<\/div>\n\n\n\n<div class=\"wp-block-column is-layout-flow wp-block-column-is-layout-flow\"><\/div>\n<\/div>\n","protected":false},"excerpt":{"rendered":"<p>Contacter un expert Nos experts en filtration pr\u00e9sentent les d\u00e9fis actuels rencontr\u00e9s par l\u2019industrie en proposant les meilleures pratiques pour am\u00e9liorer l\u2019efficacit\u00e9 et aider \u00e0 g\u00e9rer les co\u00fbts. Eau ultra pure Eau en bouteille Process agroalimentaires<\/p>\n","protected":false},"author":3,"featured_media":0,"parent":1358,"menu_order":0,"comment_status":"closed","ping_status":"closed","template":"","meta":{"_acf_changed":false,"content-type":"","footnotes":""},"class_list":["post-1383","page","type-page","status-publish","hentry"],"acf":[],"yoast_head":"<!-- This site is optimized with the Yoast SEO plugin v27.3 - https:\/\/yoast.com\/product\/yoast-seo-wordpress\/ -->\n<title>Livres blancs - Global Filter<\/title>\n<meta name=\"description\" content=\"Les livres blancs r\u00e9dig\u00e9s par nos experts pr\u00e9sentent toutes les informations de l&#039;industrie.\" \/>\n<meta name=\"robots\" content=\"index, follow, max-snippet:-1, max-image-preview:large, max-video-preview:-1\" \/>\n<link rel=\"canonical\" href=\"https:\/\/www.globalfilter.com\/fr\/ressources\/livres-blancs\/\" \/>\n<meta property=\"og:locale\" content=\"fr_FR\" \/>\n<meta property=\"og:type\" content=\"article\" \/>\n<meta property=\"og:title\" content=\"Livres blancs - Global Filter\" \/>\n<meta property=\"og:description\" content=\"Les livres blancs r\u00e9dig\u00e9s par nos experts pr\u00e9sentent toutes les informations de l&#039;industrie.\" \/>\n<meta property=\"og:url\" content=\"https:\/\/www.globalfilter.com\/fr\/ressources\/livres-blancs\/\" \/>\n<meta property=\"og:site_name\" content=\"Global Filter\" \/>\n<meta property=\"article:modified_time\" content=\"2025-10-13T13:47:45+00:00\" \/>\n<meta property=\"og:image\" content=\"https:\/\/www.globalfilter.com\/wp-content\/uploads\/2019\/10\/hd_whitepapers.jpg\" \/>\n\t<meta property=\"og:image:width\" content=\"1920\" \/>\n\t<meta property=\"og:image:height\" content=\"1080\" \/>\n\t<meta property=\"og:image:type\" content=\"image\/jpeg\" \/>\n<meta name=\"twitter:card\" content=\"summary_large_image\" \/>\n<meta name=\"twitter:label1\" content=\"Dur\u00e9e de lecture estim\u00e9e\" \/>\n\t<meta name=\"twitter:data1\" content=\"2 minutes\" \/>\n<script type=\"application\/ld+json\" class=\"yoast-schema-graph\">{\"@context\":\"https:\\\/\\\/schema.org\",\"@graph\":[{\"@type\":\"WebPage\",\"@id\":\"https:\\\/\\\/www.globalfilter.com\\\/fr\\\/ressources\\\/livres-blancs\\\/\",\"url\":\"https:\\\/\\\/www.globalfilter.com\\\/fr\\\/ressources\\\/livres-blancs\\\/\",\"name\":\"Livres blancs - Global Filter\",\"isPartOf\":{\"@id\":\"https:\\\/\\\/www.globalfilter.com\\\/fr\\\/#website\"},\"primaryImageOfPage\":{\"@id\":\"https:\\\/\\\/www.globalfilter.com\\\/fr\\\/ressources\\\/livres-blancs\\\/#primaryimage\"},\"image\":{\"@id\":\"https:\\\/\\\/www.globalfilter.com\\\/fr\\\/ressources\\\/livres-blancs\\\/#primaryimage\"},\"thumbnailUrl\":\"https:\\\/\\\/www.globalfilter.com\\\/wp-content\\\/uploads\\\/2019\\\/10\\\/hd_whitepapers.jpg\",\"datePublished\":\"2020-01-31T17:57:18+00:00\",\"dateModified\":\"2025-10-13T13:47:45+00:00\",\"description\":\"Les livres blancs r\u00e9dig\u00e9s par nos experts pr\u00e9sentent toutes les informations de l'industrie.\",\"breadcrumb\":{\"@id\":\"https:\\\/\\\/www.globalfilter.com\\\/fr\\\/ressources\\\/livres-blancs\\\/#breadcrumb\"},\"inLanguage\":\"fr-FR\",\"potentialAction\":[{\"@type\":\"ReadAction\",\"target\":[\"https:\\\/\\\/www.globalfilter.com\\\/fr\\\/ressources\\\/livres-blancs\\\/\"]}]},{\"@type\":\"ImageObject\",\"inLanguage\":\"fr-FR\",\"@id\":\"https:\\\/\\\/www.globalfilter.com\\\/fr\\\/ressources\\\/livres-blancs\\\/#primaryimage\",\"url\":\"https:\\\/\\\/www.globalfilter.com\\\/wp-content\\\/uploads\\\/2019\\\/10\\\/hd_whitepapers.jpg\",\"contentUrl\":\"https:\\\/\\\/www.globalfilter.com\\\/wp-content\\\/uploads\\\/2019\\\/10\\\/hd_whitepapers.jpg\"},{\"@type\":\"BreadcrumbList\",\"@id\":\"https:\\\/\\\/www.globalfilter.com\\\/fr\\\/ressources\\\/livres-blancs\\\/#breadcrumb\",\"itemListElement\":[{\"@type\":\"ListItem\",\"position\":1,\"name\":\"home\",\"item\":\"https:\\\/\\\/www.globalfilter.com\\\/fr\\\/\"},{\"@type\":\"ListItem\",\"position\":2,\"name\":\"Ressources\",\"item\":\"https:\\\/\\\/www.globalfilter.com\\\/fr\\\/ressources\\\/\"},{\"@type\":\"ListItem\",\"position\":3,\"name\":\"Livres blancs\"}]},{\"@type\":\"WebSite\",\"@id\":\"https:\\\/\\\/www.globalfilter.com\\\/fr\\\/#website\",\"url\":\"https:\\\/\\\/www.globalfilter.com\\\/fr\\\/\",\"name\":\"Global Filter\",\"description\":\"Making the World Safer, Healthier and More Productive\",\"publisher\":{\"@id\":\"https:\\\/\\\/www.globalfilter.com\\\/fr\\\/#organization\"},\"potentialAction\":[{\"@type\":\"SearchAction\",\"target\":{\"@type\":\"EntryPoint\",\"urlTemplate\":\"https:\\\/\\\/www.globalfilter.com\\\/fr\\\/?s={search_term_string}\"},\"query-input\":{\"@type\":\"PropertyValueSpecification\",\"valueRequired\":true,\"valueName\":\"search_term_string\"}}],\"inLanguage\":\"fr-FR\"},{\"@type\":\"Organization\",\"@id\":\"https:\\\/\\\/www.globalfilter.com\\\/fr\\\/#organization\",\"name\":\"Global filter\",\"url\":\"https:\\\/\\\/www.globalfilter.com\\\/fr\\\/\",\"logo\":{\"@type\":\"ImageObject\",\"inLanguage\":\"fr-FR\",\"@id\":\"https:\\\/\\\/www.globalfilter.com\\\/fr\\\/#\\\/schema\\\/logo\\\/image\\\/\",\"url\":\"https:\\\/\\\/www.globalfilter.com\\\/wp-content\\\/uploads\\\/2019\\\/06\\\/FGC-logo-1.png\",\"contentUrl\":\"https:\\\/\\\/www.globalfilter.com\\\/wp-content\\\/uploads\\\/2019\\\/06\\\/FGC-logo-1.png\",\"width\":1104,\"height\":224,\"caption\":\"Global filter\"},\"image\":{\"@id\":\"https:\\\/\\\/www.globalfilter.com\\\/fr\\\/#\\\/schema\\\/logo\\\/image\\\/\"},\"sameAs\":[\"https:\\\/\\\/www.linkedin.com\\\/company\\\/global-filter-llc\"]}]}<\/script>\n<!-- \/ Yoast SEO plugin. -->","yoast_head_json":{"title":"Livres blancs - Global Filter","description":"Les livres blancs r\u00e9dig\u00e9s par nos experts pr\u00e9sentent toutes les informations de l'industrie.","robots":{"index":"index","follow":"follow","max-snippet":"max-snippet:-1","max-image-preview":"max-image-preview:large","max-video-preview":"max-video-preview:-1"},"canonical":"https:\/\/www.globalfilter.com\/fr\/ressources\/livres-blancs\/","og_locale":"fr_FR","og_type":"article","og_title":"Livres blancs - Global Filter","og_description":"Les livres blancs r\u00e9dig\u00e9s par nos experts pr\u00e9sentent toutes les informations de l'industrie.","og_url":"https:\/\/www.globalfilter.com\/fr\/ressources\/livres-blancs\/","og_site_name":"Global Filter","article_modified_time":"2025-10-13T13:47:45+00:00","og_image":[{"width":1920,"height":1080,"url":"https:\/\/www.globalfilter.com\/wp-content\/uploads\/2019\/10\/hd_whitepapers.jpg","type":"image\/jpeg"}],"twitter_card":"summary_large_image","twitter_misc":{"Dur\u00e9e de lecture estim\u00e9e":"2 minutes"},"schema":{"@context":"https:\/\/schema.org","@graph":[{"@type":"WebPage","@id":"https:\/\/www.globalfilter.com\/fr\/ressources\/livres-blancs\/","url":"https:\/\/www.globalfilter.com\/fr\/ressources\/livres-blancs\/","name":"Livres blancs - Global Filter","isPartOf":{"@id":"https:\/\/www.globalfilter.com\/fr\/#website"},"primaryImageOfPage":{"@id":"https:\/\/www.globalfilter.com\/fr\/ressources\/livres-blancs\/#primaryimage"},"image":{"@id":"https:\/\/www.globalfilter.com\/fr\/ressources\/livres-blancs\/#primaryimage"},"thumbnailUrl":"https:\/\/www.globalfilter.com\/wp-content\/uploads\/2019\/10\/hd_whitepapers.jpg","datePublished":"2020-01-31T17:57:18+00:00","dateModified":"2025-10-13T13:47:45+00:00","description":"Les livres blancs r\u00e9dig\u00e9s par nos experts pr\u00e9sentent toutes les informations de l'industrie.","breadcrumb":{"@id":"https:\/\/www.globalfilter.com\/fr\/ressources\/livres-blancs\/#breadcrumb"},"inLanguage":"fr-FR","potentialAction":[{"@type":"ReadAction","target":["https:\/\/www.globalfilter.com\/fr\/ressources\/livres-blancs\/"]}]},{"@type":"ImageObject","inLanguage":"fr-FR","@id":"https:\/\/www.globalfilter.com\/fr\/ressources\/livres-blancs\/#primaryimage","url":"https:\/\/www.globalfilter.com\/wp-content\/uploads\/2019\/10\/hd_whitepapers.jpg","contentUrl":"https:\/\/www.globalfilter.com\/wp-content\/uploads\/2019\/10\/hd_whitepapers.jpg"},{"@type":"BreadcrumbList","@id":"https:\/\/www.globalfilter.com\/fr\/ressources\/livres-blancs\/#breadcrumb","itemListElement":[{"@type":"ListItem","position":1,"name":"home","item":"https:\/\/www.globalfilter.com\/fr\/"},{"@type":"ListItem","position":2,"name":"Ressources","item":"https:\/\/www.globalfilter.com\/fr\/ressources\/"},{"@type":"ListItem","position":3,"name":"Livres blancs"}]},{"@type":"WebSite","@id":"https:\/\/www.globalfilter.com\/fr\/#website","url":"https:\/\/www.globalfilter.com\/fr\/","name":"Global Filter","description":"Making the World Safer, Healthier and More Productive","publisher":{"@id":"https:\/\/www.globalfilter.com\/fr\/#organization"},"potentialAction":[{"@type":"SearchAction","target":{"@type":"EntryPoint","urlTemplate":"https:\/\/www.globalfilter.com\/fr\/?s={search_term_string}"},"query-input":{"@type":"PropertyValueSpecification","valueRequired":true,"valueName":"search_term_string"}}],"inLanguage":"fr-FR"},{"@type":"Organization","@id":"https:\/\/www.globalfilter.com\/fr\/#organization","name":"Global filter","url":"https:\/\/www.globalfilter.com\/fr\/","logo":{"@type":"ImageObject","inLanguage":"fr-FR","@id":"https:\/\/www.globalfilter.com\/fr\/#\/schema\/logo\/image\/","url":"https:\/\/www.globalfilter.com\/wp-content\/uploads\/2019\/06\/FGC-logo-1.png","contentUrl":"https:\/\/www.globalfilter.com\/wp-content\/uploads\/2019\/06\/FGC-logo-1.png","width":1104,"height":224,"caption":"Global filter"},"image":{"@id":"https:\/\/www.globalfilter.com\/fr\/#\/schema\/logo\/image\/"},"sameAs":["https:\/\/www.linkedin.com\/company\/global-filter-llc"]}]}},"_links":{"self":[{"href":"https:\/\/www.globalfilter.com\/fr\/wp-json\/wp\/v2\/pages\/1383","targetHints":{"allow":["GET"]}}],"collection":[{"href":"https:\/\/www.globalfilter.com\/fr\/wp-json\/wp\/v2\/pages"}],"about":[{"href":"https:\/\/www.globalfilter.com\/fr\/wp-json\/wp\/v2\/types\/page"}],"author":[{"embeddable":true,"href":"https:\/\/www.globalfilter.com\/fr\/wp-json\/wp\/v2\/users\/3"}],"replies":[{"embeddable":true,"href":"https:\/\/www.globalfilter.com\/fr\/wp-json\/wp\/v2\/comments?post=1383"}],"version-history":[{"count":0,"href":"https:\/\/www.globalfilter.com\/fr\/wp-json\/wp\/v2\/pages\/1383\/revisions"}],"up":[{"embeddable":true,"href":"https:\/\/www.globalfilter.com\/fr\/wp-json\/wp\/v2\/pages\/1358"}],"wp:attachment":[{"href":"https:\/\/www.globalfilter.com\/fr\/wp-json\/wp\/v2\/media?parent=1383"}],"curies":[{"name":"wp","href":"https:\/\/api.w.org\/{rel}","templated":true}]}}