{"id":1385,"date":"2020-01-31T17:57:18","date_gmt":"2020-01-31T17:57:18","guid":{"rendered":"https:\/\/www.globalfilter.com\/industries\/traitement-de-leau\/"},"modified":"2022-04-05T17:04:08","modified_gmt":"2022-04-05T17:04:08","slug":"traitement-de-leau","status":"publish","type":"page","link":"https:\/\/www.globalfilter.com\/fr\/industries\/traitement-de-leau\/","title":{"rendered":"Traitement de l\u2019eau"},"content":{"rendered":"\n<div class=\"wp-block-cover alignfull is-light\" style=\"min-height:211px;aspect-ratio:unset;\"><span aria-hidden=\"true\" class=\"wp-block-cover__gradient-background has-background-dim\"><\/span><img loading=\"lazy\" decoding=\"async\" width=\"1920\" height=\"1080\" class=\"wp-block-cover__image-background wp-image-389\" alt=\"\" src=\"https:\/\/www.globalfilter.com\/wp-content\/uploads\/2019\/09\/water-treatment.jpg\" data-object-fit=\"cover\" srcset=\"https:\/\/www.globalfilter.com\/wp-content\/uploads\/2019\/09\/water-treatment.jpg 1920w, https:\/\/www.globalfilter.com\/wp-content\/uploads\/2019\/09\/water-treatment-300x169.jpg 300w, https:\/\/www.globalfilter.com\/wp-content\/uploads\/2019\/09\/water-treatment-768x432.jpg 768w, https:\/\/www.globalfilter.com\/wp-content\/uploads\/2019\/09\/water-treatment-1024x576.jpg 1024w\" sizes=\"auto, (max-width: 1920px) 100vw, 1920px\" \/><div class=\"wp-block-cover__inner-container is-layout-flow wp-block-cover-is-layout-flow\">\n<h1 class=\"has-text-align-center has-white-color has-text-color wp-block-heading\" id=\"h-traitement-de-l-eau\">Traitement de l\u2019eau<\/h1>\n<\/div><\/div>\n\n\n\n<!--Close-->\t\n<\/div><\/div><\/section>\n<!--Menu-->\n<div class=\"no-top-margin\">\n<div class=\"msb-sticky-bar\">\n<div class=\"container\">\n  <div class=\"row\">\n    <div class=\"col-sm text-center\">\n      <a href=\"https:\/\/www.globalfilter.com\/fr\/nous-contacter\/\" class=\"btn btn-primary solution-trigger\">Contacter un expert<\/a>\n    <\/div>\n  <\/div>\n<\/div>\n<\/div>\n<\/div>\n<!--Open-->\n<section class=\"container\"><div class=\"row\"><div class=\"col-md-12\">\n\n\n\n<h2 class=\"wp-block-heading\" id=\"h-filtration-eaux-industrielles-fournir-un-produit-de-qualit-chaque-fois\">Filtration eaux industrielles : Fournir un produit de qualit\u00e9 \u00e0 chaque fois.<\/h2>\n\n\n\n<p><\/p>\n\n\n\n<p>L\u2019eau fait partie int\u00e9grante de notre quotidien, que ce soit dans l\u2019eau que nous buvons ou celle contenue dans les produits que nous consommons et utilisons. Le traitement de l&rsquo;eau est crucial dans un grand nombre d&rsquo;applications industrielles. Notre \u00e9quipe comprend l\u2019importance et l\u2019impact que l\u2019eau peut avoir ainsi que les subtilit\u00e9s de sa production. Que vous ayez besoin de filtres \u00e0 particules, de pr\u00e9filtres de syst\u00e8me, de filtres d\u2019\u00e9vent de r\u00e9servoir ou de filtres de contr\u00f4le des bact\u00e9ries, Global Filter dispose d\u2019une solution pour votre processus. Notre \u00e9quipe d\u2019experts en filtration est l\u00e0 pour collaborer avec vous et vous assurer d\u2019atteindre la plus haute efficacit\u00e9 pour vos processus tout en respectant les r\u00e9glementations et les normes de l\u2019industrie.<\/p>\n\n\n\n<p><\/p>\n\n\n\n<h3 class=\"wp-block-heading\" id=\"h-applications\"><strong>Applications&nbsp;:&nbsp;&nbsp; &nbsp;<\/strong><\/h3>\n\n\n\n<ul class=\"wp-block-list\"><li>Eau de process&nbsp;<\/li><li>Pr\u00e9filtration par osmose inverse<\/li><li>Eau ultra pure<\/li><li>Eaux municipales&nbsp;<\/li><li>Eau de production<\/li><li>Eau d\u2019injection<\/li><\/ul>\n\n\n\n<hr class=\"wp-block-separator is-style-wide\" \/>\n\n\n\n<div class=\"wp-block-image is-style-default\"><figure class=\"alignleft size-full is-resized\"><img loading=\"lazy\" decoding=\"async\" src=\"https:\/\/www.globalfilter.com\/wp-content\/uploads\/2022\/03\/brochure-filtration-eau-pure.png\" alt=\"\" class=\"wp-image-8675\" width=\"250\" height=\"355\" srcset=\"https:\/\/www.globalfilter.com\/wp-content\/uploads\/2022\/03\/brochure-filtration-eau-pure.png 500w, https:\/\/www.globalfilter.com\/wp-content\/uploads\/2022\/03\/brochure-filtration-eau-pure-211x300.png 211w\" sizes=\"auto, (max-width: 250px) 100vw, 250px\" \/><figcaption><a href=\"https:\/\/www.globalfilter.com\/wp-content\/uploads\/2022\/03\/brochure-application-eau-pure.pdf\">T\u00e9l\u00e9charger la brochure sur l&rsquo;eau ultra pure<\/a> <\/figcaption><\/figure><\/div>\n\n\n\n<div class=\"wp-block-media-text alignwide has-media-on-the-right is-stacked-on-mobile\" style=\"grid-template-columns:auto 60%\"><figure class=\"wp-block-media-text__media\"><a href=\"https:\/\/www.globalfilter.com\/wp-content\/uploads\/2019\/11\/HP-Infographic.jpg\"><img loading=\"lazy\" decoding=\"async\" width=\"1024\" height=\"444\" src=\"https:\/\/www.globalfilter.com\/wp-content\/uploads\/2022\/04\/optimiser-le-process-deau-pure-1024x444.png\" alt=\"\" class=\"wp-image-9200 size-full\" srcset=\"https:\/\/www.globalfilter.com\/wp-content\/uploads\/2022\/04\/optimiser-le-process-deau-pure-1024x444.png 1024w, https:\/\/www.globalfilter.com\/wp-content\/uploads\/2022\/04\/optimiser-le-process-deau-pure-300x130.png 300w, https:\/\/www.globalfilter.com\/wp-content\/uploads\/2022\/04\/optimiser-le-process-deau-pure-768x333.png 768w, https:\/\/www.globalfilter.com\/wp-content\/uploads\/2022\/04\/optimiser-le-process-deau-pure-1536x666.png 1536w, https:\/\/www.globalfilter.com\/wp-content\/uploads\/2022\/04\/optimiser-le-process-deau-pure.png 1607w\" sizes=\"auto, (max-width: 1024px) 100vw, 1024px\" \/><\/a><\/figure><div class=\"wp-block-media-text__content\">\n<h2 class=\"wp-block-heading\" id=\"h-process-eau-pure\">Process Eau Pure<\/h2>\n\n\n\n<p><strong>Optimiser le process d&rsquo;eau pure<\/strong><\/p>\n\n\n\n<p>Cette infographie d\u00e9finit un processus typique de traitement de l&rsquo;eau, ainsi que les \u00e9tapes de filtration.<\/p>\n<\/div><\/div>\n\n\n\n<hr class=\"wp-block-separator is-style-wide\" \/>\n\n\n\n<p>Global Filter propose une large gamme d&rsquo;\u00e9l\u00e9ments filtrants pour le traitement d&rsquo;eau afin de r\u00e9pondre \u00e0 tous vos besoins.<br>Global Filter offre une gamme compl\u00e8te de solutions de filtration de haute puret\u00e9 pour traiter cette application tout au long du processus de purification de l&rsquo;eau. Global Filter, votre fabricant fran\u00e7ais d&rsquo;\u00e9l\u00e9ments filtrants : Cartouches, poches et corps de filtres. <\/p>\n\n\n\n<hr class=\"wp-block-separator is-style-wide\" \/>\n\n\n<div><ss3-force-full-width data-overflow-x=\"body\" data-horizontal-selector=\"body\"><div class=\"n2-section-smartslider fitvidsignore \" data-ssid=\"51\" tabindex=\"0\" role=\"region\" aria-label=\"Slider\"><div id=\"n2-ss-51-align\" class=\"n2-ss-align\"><div class=\"n2-padding\"><div id=\"n2-ss-51\" data-creator=\"Smart Slider 3\" data-responsive=\"fullwidth\" class=\"n2-ss-slider n2-ow n2-has-hover n2notransition  \"><div class=\"n2-ss-slider-wrapper-outside\" style=\"grid-template-rows:1fr auto\">\n        <div class=\"n2-ss-slider-1 n2_ss__touch_element n2-ow\">\n            <div class=\"n2-ss-slider-2 n2-ow\">\n                                                <div class=\"n2-ss-slider-3 n2-ow\">\n\n                    <div class=\"n2-ss-slide-backgrounds n2-ow-all\"><div class=\"n2-ss-slide-background\" data-public-id=\"1\" data-mode=\"fill\"><div class=\"n2-ss-slide-background-image\" data-blur=\"0\" data-opacity=\"100\" data-x=\"50\" data-y=\"50\" data-alt=\"\" data-title=\"\"><picture class=\"skip-lazy\" data-skip-lazy=\"1\"><img decoding=\"async\" src=\"\/\/www.globalfilter.com\/wp-content\/uploads\/2021\/11\/background-image-website.jpg\" alt=\"\" title=\"\" loading=\"lazy\" class=\"skip-lazy\" data-skip-lazy=\"1\"><\/picture><\/div><div data-gradient=\"horizontal\" data-color-start=\"RGBA(0,0,0,0)\" data-color-end=\"RGBA(0,0,0,0)\" style=\"background:linear-gradient(to right, RGBA(0,0,0,0) 0%,RGBA(0,0,0,0) 100%);\" class=\"n2-ss-slide-background-color\"><\/div><\/div><\/div>                    <div class=\"n2-ss-slider-4 n2-ow\">\n                        <svg xmlns=\"http:\/\/www.w3.org\/2000\/svg\" viewBox=\"0 0 1200 360\" data-related-device=\"desktopPortrait\" class=\"n2-ow n2-ss-preserve-size n2-ss-preserve-size--slider n2-ss-slide-limiter\"><\/svg><div data-first=\"1\" data-slide-duration=\"0\" data-id=\"84\" data-slide-public-id=\"1\" class=\"n2-ss-slide n2-ow  n2-ss-slide-84\"><div role=\"note\" class=\"n2-ss-slide--focus\" tabindex=\"-1\"><\/div><div class=\"n2-ss-layers-container n2-ss-slide-limiter n2-ow\"><div class=\"n2-ss-layer n2-ow n-uc-d72sByoJfDya\" data-sstype=\"slide\" data-pm=\"default\"><div class=\"n2-ss-layer n2-ow n-uc-AJzc0llgLD8w\" data-pm=\"default\" data-sstype=\"content\" data-hasbackground=\"1\"><div class=\"n2-ss-section-main-content n2-ss-layer-with-background n2-ss-layer-content n2-ow n-uc-AJzc0llgLD8w-inner\"><div class=\"n2-ss-layer n2-ow n-uc-xK0HjCDSLPGb\" data-pm=\"absolute\" data-responsiveposition=\"1\" data-desktopportraitleft=\"371\" data-desktopportraittop=\"-247\" data-responsivesize=\"1\" data-desktopportraitwidth=\"1136\" data-desktopportraitheight=\"auto\" data-desktopportraitalign=\"center\" data-desktopportraitvalign=\"middle\" data-parentid=\"\" data-desktopportraitparentalign=\"center\" data-desktopportraitparentvalign=\"middle\" data-sstype=\"layer\"><div id=\"n2-ss-51item1\" class=\"n2-font-1e298f70672208c4ad372f05340addef-hover n2-style-c4f2912fbe32e0189467f648c5a9c02f-heading   n2-ss-item-content n2-ss-text n2-ow\" style=\"display:block;\">GWTB &#8211; Series<\/div><\/div><div class=\"n2-ss-layer n2-ow n-uc-cgkiZ3wm9ceY\" data-pm=\"absolute\" data-responsiveposition=\"1\" data-desktopportraitleft=\"-361\" data-desktopportraittop=\"-17\" data-responsivesize=\"1\" data-desktopportraitwidth=\"287\" data-desktopportraitheight=\"134\" data-desktopportraitalign=\"center\" data-desktopportraitvalign=\"middle\" data-parentid=\"\" data-desktopportraitparentalign=\"center\" data-desktopportraitparentvalign=\"middle\" data-sstype=\"layer\"><div class=\" n2-ss-item-image-content n2-ss-item-content n2-ow-all\"><img loading=\"lazy\" decoding=\"async\" id=\"n2-ss-51item2\" alt=\"\" class=\"skip-lazy\" width=\"300\" height=\"169\" data-skip-lazy=\"1\" src=\"\/\/www.globalfilter.com\/wp-content\/uploads\/2021\/01\/PPE-Series-Pleated-Cartridges-300x169-1-edited.jpg\" \/><\/div><\/div><div class=\"n2-ss-layer n2-ow n-uc-yeHmSGcNucCE\" data-pm=\"absolute\" data-responsiveposition=\"1\" data-desktopportraitleft=\"461\" data-desktopportraittop=\"3\" data-responsivesize=\"1\" data-desktopportraitwidth=\"284\" data-desktopportraitheight=\"175\" data-desktopportraitalign=\"left\" data-desktopportraitvalign=\"middle\" data-parentid=\"\" data-desktopportraitparentalign=\"center\" data-desktopportraitparentvalign=\"middle\" data-sstype=\"layer\"><div class=\" n2-ss-item-image-content n2-ss-item-content n2-ow-all\"><a href=\"https:\/\/www.globalfilter.com\/filtration-products\/depth-filter-cartridges\/\"><img loading=\"lazy\" decoding=\"async\" id=\"n2-ss-51item3\" alt=\"GGPES-Series\" class=\"skip-lazy\" width=\"1920\" height=\"1080\" data-skip-lazy=\"1\" src=\"\/\/www.globalfilter.com\/wp-content\/uploads\/2019\/09\/GGPES-Series.jpg\" \/><\/a><\/div><\/div><div class=\"n2-ss-layer n2-ow n-uc-kbXO1g1WHb3j\" data-pm=\"absolute\" data-responsiveposition=\"1\" data-desktopportraitleft=\"829\" data-desktopportraittop=\"3\" data-responsivesize=\"1\" data-desktopportraitwidth=\"284\" data-desktopportraitheight=\"175\" data-desktopportraitalign=\"left\" data-desktopportraitvalign=\"middle\" data-parentid=\"\" data-desktopportraitparentalign=\"center\" data-desktopportraitparentvalign=\"middle\" data-sstype=\"layer\"><div class=\" n2-ss-item-image-content n2-ss-item-content n2-ow-all\"><a href=\"https:\/\/www.globalfilter.com\/fr\/produits\/cartouches-a-membrane-plissee\/polyethersulfone\/\"><img loading=\"lazy\" decoding=\"async\" id=\"n2-ss-51item4\" alt=\"GGPES-Series\" class=\"skip-lazy\" width=\"1920\" height=\"1080\" data-skip-lazy=\"1\" src=\"\/\/www.globalfilter.com\/wp-content\/uploads\/2019\/09\/GGPES-Series.jpg\" \/><\/a><\/div><\/div><div class=\"n2-ss-layer n2-ow n-uc-0mAuRby8841Y n2-ss-layer--auto\" data-pm=\"absolute\" data-responsiveposition=\"1\" data-desktopportraitleft=\"371\" data-desktopportraittop=\"-22\" data-responsivesize=\"1\" data-desktopportraitwidth=\"571\" data-desktopportraitheight=\"auto\" data-desktopportraitalign=\"center\" data-desktopportraitvalign=\"bottom\" data-parentid=\"\" data-desktopportraitparentalign=\"center\" data-desktopportraitparentvalign=\"middle\" data-sstype=\"layer\"><div class=\"n2-ss-button-container n2-ss-item-content n2-ow n2-font-176464dee0eea5b1ac11b21dab9b24d2-link  n2-ss-nowrap n2-ss-button-container--non-full-width\"><a class=\"n2-style-fe6ca78d08fa4e73e41ee86bfefa1b27-heading  n2-ow \" href=\"https:\/\/www.globalfilter.com\/fr\/produits\/cartouches-a-membrane-plissee\/polysulfone-hydrophobe\/\"><div><div>Membrane PES<\/div><\/div><\/a><\/div><\/div><div class=\"n2-ss-layer n2-ow n-uc-q2JTkgSVBlVG n2-ss-layer--auto\" data-pm=\"absolute\" data-responsiveposition=\"1\" data-desktopportraitleft=\"-378\" data-desktopportraittop=\"-22\" data-responsivesize=\"1\" data-desktopportraitwidth=\"454\" data-desktopportraitheight=\"auto\" data-desktopportraitalign=\"center\" data-desktopportraitvalign=\"bottom\" data-parentid=\"\" data-desktopportraitparentalign=\"center\" data-desktopportraitparentvalign=\"middle\" data-sstype=\"layer\"><div class=\"n2-ss-button-container n2-ss-item-content n2-ow n2-font-b22b6590b1d0109a3ac8466f5692b0e6-link  n2-ss-nowrap n2-ss-button-container--non-full-width\"><a class=\"n2-style-fe6ca78d08fa4e73e41ee86bfefa1b27-heading  n2-ow \" href=\"https:\/\/www.globalfilter.com\/wp-content\/uploads\/2021\/11\/2021-Cartouches-plissees-PP.pdf\"><div><div>S\u00e9rie PP<\/div><\/div><\/a><\/div><\/div><div class=\"n2-ss-layer n2-ow n-uc-tQMliINfBppb n2-ss-layer--auto\" data-pm=\"absolute\" data-responsiveposition=\"1\" data-desktopportraitleft=\"0\" data-desktopportraittop=\"-129\" data-responsivesize=\"1\" data-desktopportraitwidth=\"1181\" data-desktopportraitheight=\"auto\" data-desktopportraitalign=\"center\" data-desktopportraitvalign=\"middle\" data-parentid=\"\" data-desktopportraitparentalign=\"center\" data-desktopportraitparentvalign=\"middle\" data-sstype=\"layer\"><div id=\"n2-ss-51item7\" class=\"n2-font-4ddb8057f6d9c089068405f7d8692335-hover   n2-ss-item-content n2-ss-text n2-ow\" style=\"display:inline-block;\">Produits associ\u00e9s<\/div><\/div><div class=\"n2-ss-layer n2-ow n-uc-wPbnFakzK9Tb n2-ss-layer--auto\" data-pm=\"absolute\" data-responsiveposition=\"1\" data-desktopportraitleft=\"0\" data-desktopportraittop=\"-22\" data-responsivesize=\"1\" data-desktopportraitwidth=\"571\" data-desktopportraitheight=\"41\" data-desktopportraitalign=\"center\" data-desktopportraitvalign=\"bottom\" data-parentid=\"\" data-desktopportraitparentalign=\"center\" data-desktopportraitparentvalign=\"middle\" data-sstype=\"layer\"><div class=\"n2-ss-button-container n2-ss-item-content n2-ow n2-font-176464dee0eea5b1ac11b21dab9b24d2-link  n2-ss-nowrap n2-ss-button-container--non-full-width\"><a class=\"n2-style-fe6ca78d08fa4e73e41ee86bfefa1b27-heading  n2-ow \" href=\"https:\/\/www.globalfilter.com\/fr\/produits\/cartouches-a-membrane-plissee\/ptfe\/\"><div><div>Membrane PTFE<\/div><\/div><\/a><\/div><\/div><\/div><\/div><\/div><\/div><\/div>                    <\/div>\n\n                                    <\/div>\n            <\/div>\n        <\/div>\n        <\/div><\/div><ss3-loader><\/ss3-loader><\/div><\/div><div class=\"n2_clear\"><\/div><\/div><\/ss3-force-full-width><\/div>","protected":false},"excerpt":{"rendered":"<p>Contacter un expert Filtration eaux industrielles : Fournir un produit de qualit\u00e9 \u00e0 chaque fois. L\u2019eau fait partie int\u00e9grante de notre quotidien, que ce soit dans l\u2019eau que nous buvons ou celle contenue dans les produits que nous consommons et utilisons. Le traitement de l&rsquo;eau est crucial dans un grand nombre d&rsquo;applications industrielles. Notre \u00e9quipe [&hellip;]<\/p>\n","protected":false},"author":4,"featured_media":0,"parent":1373,"menu_order":0,"comment_status":"closed","ping_status":"closed","template":"","meta":{"_acf_changed":false,"content-type":"","footnotes":""},"class_list":["post-1385","page","type-page","status-publish","hentry"],"acf":[],"yoast_head":"<!-- This site is optimized with the Yoast SEO plugin v27.3 - https:\/\/yoast.com\/product\/yoast-seo-wordpress\/ -->\n<title>Traitement de l\u2019eau - Global Filter<\/title>\n<meta name=\"description\" content=\"Global Filter d\u00e9veloppe des solutions de filtrations innovantes et efficaces d\u00e9di\u00e9es au traitement de l&#039;eau.\" \/>\n<meta name=\"robots\" content=\"index, follow, max-snippet:-1, max-image-preview:large, max-video-preview:-1\" \/>\n<link rel=\"canonical\" href=\"https:\/\/www.globalfilter.com\/fr\/industries\/traitement-de-leau\/\" \/>\n<meta property=\"og:locale\" content=\"fr_FR\" \/>\n<meta property=\"og:type\" content=\"article\" \/>\n<meta property=\"og:title\" content=\"Traitement de l\u2019eau - Global Filter\" \/>\n<meta property=\"og:description\" content=\"Global Filter d\u00e9veloppe des solutions de filtrations innovantes et efficaces d\u00e9di\u00e9es au traitement de l&#039;eau.\" \/>\n<meta property=\"og:url\" content=\"https:\/\/www.globalfilter.com\/fr\/industries\/traitement-de-leau\/\" \/>\n<meta property=\"og:site_name\" content=\"Global Filter\" \/>\n<meta property=\"article:modified_time\" content=\"2022-04-05T17:04:08+00:00\" \/>\n<meta property=\"og:image\" content=\"https:\/\/www.globalfilter.com\/wp-content\/uploads\/2019\/09\/water-treatment.jpg\" \/>\n<meta name=\"twitter:card\" content=\"summary_large_image\" \/>\n<meta name=\"twitter:label1\" content=\"Dur\u00e9e de lecture estim\u00e9e\" \/>\n\t<meta name=\"twitter:data1\" content=\"2 minutes\" \/>\n<script type=\"application\/ld+json\" class=\"yoast-schema-graph\">{\"@context\":\"https:\\\/\\\/schema.org\",\"@graph\":[{\"@type\":\"WebPage\",\"@id\":\"https:\\\/\\\/www.globalfilter.com\\\/fr\\\/industries\\\/traitement-de-leau\\\/\",\"url\":\"https:\\\/\\\/www.globalfilter.com\\\/fr\\\/industries\\\/traitement-de-leau\\\/\",\"name\":\"Traitement de l\u2019eau - Global Filter\",\"isPartOf\":{\"@id\":\"https:\\\/\\\/www.globalfilter.com\\\/fr\\\/#website\"},\"primaryImageOfPage\":{\"@id\":\"https:\\\/\\\/www.globalfilter.com\\\/fr\\\/industries\\\/traitement-de-leau\\\/#primaryimage\"},\"image\":{\"@id\":\"https:\\\/\\\/www.globalfilter.com\\\/fr\\\/industries\\\/traitement-de-leau\\\/#primaryimage\"},\"thumbnailUrl\":\"https:\\\/\\\/www.globalfilter.com\\\/wp-content\\\/uploads\\\/2019\\\/09\\\/water-treatment.jpg\",\"datePublished\":\"2020-01-31T17:57:18+00:00\",\"dateModified\":\"2022-04-05T17:04:08+00:00\",\"description\":\"Global Filter d\u00e9veloppe des solutions de filtrations innovantes et efficaces d\u00e9di\u00e9es au traitement de l'eau.\",\"breadcrumb\":{\"@id\":\"https:\\\/\\\/www.globalfilter.com\\\/fr\\\/industries\\\/traitement-de-leau\\\/#breadcrumb\"},\"inLanguage\":\"fr-FR\",\"potentialAction\":[{\"@type\":\"ReadAction\",\"target\":[\"https:\\\/\\\/www.globalfilter.com\\\/fr\\\/industries\\\/traitement-de-leau\\\/\"]}]},{\"@type\":\"ImageObject\",\"inLanguage\":\"fr-FR\",\"@id\":\"https:\\\/\\\/www.globalfilter.com\\\/fr\\\/industries\\\/traitement-de-leau\\\/#primaryimage\",\"url\":\"https:\\\/\\\/www.globalfilter.com\\\/wp-content\\\/uploads\\\/2019\\\/09\\\/water-treatment.jpg\",\"contentUrl\":\"https:\\\/\\\/www.globalfilter.com\\\/wp-content\\\/uploads\\\/2019\\\/09\\\/water-treatment.jpg\"},{\"@type\":\"BreadcrumbList\",\"@id\":\"https:\\\/\\\/www.globalfilter.com\\\/fr\\\/industries\\\/traitement-de-leau\\\/#breadcrumb\",\"itemListElement\":[{\"@type\":\"ListItem\",\"position\":1,\"name\":\"home\",\"item\":\"https:\\\/\\\/www.globalfilter.com\\\/fr\\\/\"},{\"@type\":\"ListItem\",\"position\":2,\"name\":\"Industries\",\"item\":\"https:\\\/\\\/www.globalfilter.com\\\/fr\\\/industries\\\/\"},{\"@type\":\"ListItem\",\"position\":3,\"name\":\"Traitement de l\u2019eau\"}]},{\"@type\":\"WebSite\",\"@id\":\"https:\\\/\\\/www.globalfilter.com\\\/fr\\\/#website\",\"url\":\"https:\\\/\\\/www.globalfilter.com\\\/fr\\\/\",\"name\":\"Global Filter\",\"description\":\"Making the World Safer, Healthier and More Productive\",\"publisher\":{\"@id\":\"https:\\\/\\\/www.globalfilter.com\\\/fr\\\/#organization\"},\"potentialAction\":[{\"@type\":\"SearchAction\",\"target\":{\"@type\":\"EntryPoint\",\"urlTemplate\":\"https:\\\/\\\/www.globalfilter.com\\\/fr\\\/?s={search_term_string}\"},\"query-input\":{\"@type\":\"PropertyValueSpecification\",\"valueRequired\":true,\"valueName\":\"search_term_string\"}}],\"inLanguage\":\"fr-FR\"},{\"@type\":\"Organization\",\"@id\":\"https:\\\/\\\/www.globalfilter.com\\\/fr\\\/#organization\",\"name\":\"Global filter\",\"url\":\"https:\\\/\\\/www.globalfilter.com\\\/fr\\\/\",\"logo\":{\"@type\":\"ImageObject\",\"inLanguage\":\"fr-FR\",\"@id\":\"https:\\\/\\\/www.globalfilter.com\\\/fr\\\/#\\\/schema\\\/logo\\\/image\\\/\",\"url\":\"https:\\\/\\\/www.globalfilter.com\\\/wp-content\\\/uploads\\\/2019\\\/06\\\/FGC-logo-1.png\",\"contentUrl\":\"https:\\\/\\\/www.globalfilter.com\\\/wp-content\\\/uploads\\\/2019\\\/06\\\/FGC-logo-1.png\",\"width\":1104,\"height\":224,\"caption\":\"Global filter\"},\"image\":{\"@id\":\"https:\\\/\\\/www.globalfilter.com\\\/fr\\\/#\\\/schema\\\/logo\\\/image\\\/\"},\"sameAs\":[\"https:\\\/\\\/www.linkedin.com\\\/company\\\/global-filter-llc\"]}]}<\/script>\n<!-- \/ Yoast SEO plugin. -->","yoast_head_json":{"title":"Traitement de l\u2019eau - Global Filter","description":"Global Filter d\u00e9veloppe des solutions de filtrations innovantes et efficaces d\u00e9di\u00e9es au traitement de l'eau.","robots":{"index":"index","follow":"follow","max-snippet":"max-snippet:-1","max-image-preview":"max-image-preview:large","max-video-preview":"max-video-preview:-1"},"canonical":"https:\/\/www.globalfilter.com\/fr\/industries\/traitement-de-leau\/","og_locale":"fr_FR","og_type":"article","og_title":"Traitement de l\u2019eau - Global Filter","og_description":"Global Filter d\u00e9veloppe des solutions de filtrations innovantes et efficaces d\u00e9di\u00e9es au traitement de l'eau.","og_url":"https:\/\/www.globalfilter.com\/fr\/industries\/traitement-de-leau\/","og_site_name":"Global Filter","article_modified_time":"2022-04-05T17:04:08+00:00","og_image":[{"url":"https:\/\/www.globalfilter.com\/wp-content\/uploads\/2019\/09\/water-treatment.jpg","type":"","width":"","height":""}],"twitter_card":"summary_large_image","twitter_misc":{"Dur\u00e9e de lecture estim\u00e9e":"2 minutes"},"schema":{"@context":"https:\/\/schema.org","@graph":[{"@type":"WebPage","@id":"https:\/\/www.globalfilter.com\/fr\/industries\/traitement-de-leau\/","url":"https:\/\/www.globalfilter.com\/fr\/industries\/traitement-de-leau\/","name":"Traitement de l\u2019eau - Global Filter","isPartOf":{"@id":"https:\/\/www.globalfilter.com\/fr\/#website"},"primaryImageOfPage":{"@id":"https:\/\/www.globalfilter.com\/fr\/industries\/traitement-de-leau\/#primaryimage"},"image":{"@id":"https:\/\/www.globalfilter.com\/fr\/industries\/traitement-de-leau\/#primaryimage"},"thumbnailUrl":"https:\/\/www.globalfilter.com\/wp-content\/uploads\/2019\/09\/water-treatment.jpg","datePublished":"2020-01-31T17:57:18+00:00","dateModified":"2022-04-05T17:04:08+00:00","description":"Global Filter d\u00e9veloppe des solutions de filtrations innovantes et efficaces d\u00e9di\u00e9es au traitement de l'eau.","breadcrumb":{"@id":"https:\/\/www.globalfilter.com\/fr\/industries\/traitement-de-leau\/#breadcrumb"},"inLanguage":"fr-FR","potentialAction":[{"@type":"ReadAction","target":["https:\/\/www.globalfilter.com\/fr\/industries\/traitement-de-leau\/"]}]},{"@type":"ImageObject","inLanguage":"fr-FR","@id":"https:\/\/www.globalfilter.com\/fr\/industries\/traitement-de-leau\/#primaryimage","url":"https:\/\/www.globalfilter.com\/wp-content\/uploads\/2019\/09\/water-treatment.jpg","contentUrl":"https:\/\/www.globalfilter.com\/wp-content\/uploads\/2019\/09\/water-treatment.jpg"},{"@type":"BreadcrumbList","@id":"https:\/\/www.globalfilter.com\/fr\/industries\/traitement-de-leau\/#breadcrumb","itemListElement":[{"@type":"ListItem","position":1,"name":"home","item":"https:\/\/www.globalfilter.com\/fr\/"},{"@type":"ListItem","position":2,"name":"Industries","item":"https:\/\/www.globalfilter.com\/fr\/industries\/"},{"@type":"ListItem","position":3,"name":"Traitement de l\u2019eau"}]},{"@type":"WebSite","@id":"https:\/\/www.globalfilter.com\/fr\/#website","url":"https:\/\/www.globalfilter.com\/fr\/","name":"Global Filter","description":"Making the World Safer, Healthier and More Productive","publisher":{"@id":"https:\/\/www.globalfilter.com\/fr\/#organization"},"potentialAction":[{"@type":"SearchAction","target":{"@type":"EntryPoint","urlTemplate":"https:\/\/www.globalfilter.com\/fr\/?s={search_term_string}"},"query-input":{"@type":"PropertyValueSpecification","valueRequired":true,"valueName":"search_term_string"}}],"inLanguage":"fr-FR"},{"@type":"Organization","@id":"https:\/\/www.globalfilter.com\/fr\/#organization","name":"Global filter","url":"https:\/\/www.globalfilter.com\/fr\/","logo":{"@type":"ImageObject","inLanguage":"fr-FR","@id":"https:\/\/www.globalfilter.com\/fr\/#\/schema\/logo\/image\/","url":"https:\/\/www.globalfilter.com\/wp-content\/uploads\/2019\/06\/FGC-logo-1.png","contentUrl":"https:\/\/www.globalfilter.com\/wp-content\/uploads\/2019\/06\/FGC-logo-1.png","width":1104,"height":224,"caption":"Global filter"},"image":{"@id":"https:\/\/www.globalfilter.com\/fr\/#\/schema\/logo\/image\/"},"sameAs":["https:\/\/www.linkedin.com\/company\/global-filter-llc"]}]}},"_links":{"self":[{"href":"https:\/\/www.globalfilter.com\/fr\/wp-json\/wp\/v2\/pages\/1385","targetHints":{"allow":["GET"]}}],"collection":[{"href":"https:\/\/www.globalfilter.com\/fr\/wp-json\/wp\/v2\/pages"}],"about":[{"href":"https:\/\/www.globalfilter.com\/fr\/wp-json\/wp\/v2\/types\/page"}],"author":[{"embeddable":true,"href":"https:\/\/www.globalfilter.com\/fr\/wp-json\/wp\/v2\/users\/4"}],"replies":[{"embeddable":true,"href":"https:\/\/www.globalfilter.com\/fr\/wp-json\/wp\/v2\/comments?post=1385"}],"version-history":[{"count":0,"href":"https:\/\/www.globalfilter.com\/fr\/wp-json\/wp\/v2\/pages\/1385\/revisions"}],"up":[{"embeddable":true,"href":"https:\/\/www.globalfilter.com\/fr\/wp-json\/wp\/v2\/pages\/1373"}],"wp:attachment":[{"href":"https:\/\/www.globalfilter.com\/fr\/wp-json\/wp\/v2\/media?parent=1385"}],"curies":[{"name":"wp","href":"https:\/\/api.w.org\/{rel}","templated":true}]}}