{"id":1387,"date":"2020-01-31T17:57:20","date_gmt":"2020-01-31T17:57:20","guid":{"rendered":"https:\/\/www.globalfilter.com\/ressources\/documentation-produit\/"},"modified":"2026-01-21T13:53:11","modified_gmt":"2026-01-21T13:53:11","slug":"documentation-produit","status":"publish","type":"page","link":"https:\/\/www.globalfilter.com\/fr\/ressources\/documentation-produit\/","title":{"rendered":"Brochures Produits"},"content":{"rendered":"\n<div class=\"wp-block-cover alignfull has-background-dim\" style=\"min-height:382px;aspect-ratio:unset;\"><img loading=\"lazy\" decoding=\"async\" width=\"1920\" height=\"1080\" class=\"wp-block-cover__image-background wp-image-1392\" alt=\"\" src=\"https:\/\/www.globalfilter.com\/wp-content\/uploads\/2019\/10\/hd_catalog.jpg\" data-object-fit=\"cover\" srcset=\"https:\/\/www.globalfilter.com\/wp-content\/uploads\/2019\/10\/hd_catalog.jpg 1920w, https:\/\/www.globalfilter.com\/wp-content\/uploads\/2019\/10\/hd_catalog-300x169.jpg 300w, https:\/\/www.globalfilter.com\/wp-content\/uploads\/2019\/10\/hd_catalog-768x432.jpg 768w, https:\/\/www.globalfilter.com\/wp-content\/uploads\/2019\/10\/hd_catalog-1024x576.jpg 1024w\" sizes=\"auto, (max-width: 1920px) 100vw, 1920px\" \/><div class=\"wp-block-cover__inner-container is-layout-flow wp-block-cover-is-layout-flow\">\n\n<h1 class=\"has-text-align-center wp-block-heading\" id=\"h-documentation-produit\">Documentation produit<\/h1>\n\n\n<!--Close-->\t\n<\/div><\/div><\/section>\n<!--Menu-->\n<div class=\"no-top-margin\">\n<div class=\"msb-sticky-bar\">\n<div class=\"container\">\n  <div class=\"row\">\n    <div class=\"col-sm text-center\">\n      <a href=\"https:\/\/www.globalfilter.com\/fr\/nous-contacter\/\" class=\"btn btn-primary solution-trigger\">Contacter un expert<\/a>\n    <\/div>\n  <\/div>\n<\/div>\n<\/div>\n<\/div>\n<!--Open-->\n<section class=\"container\"><div class=\"row\"><div class=\"col-md-12\">\n\n\n<p><\/p>\n\n<\/div><\/div>\n\n\n\n<div class=\"wp-block-columns alignwide has-2-columns anm-columns is-layout-flex wp-container-core-columns-is-layout-9d6595d7 wp-block-columns-is-layout-flex\">\n<div class=\"wp-block-column is-layout-flow wp-block-column-is-layout-flow\"><\/div>\n\n\n\n<div class=\"wp-block-column is-layout-flow wp-block-column-is-layout-flow\"><\/div>\n<\/div>\n\n\n\n<div class=\"wp-block-media-text alignwide is-stacked-on-mobile\"><figure class=\"wp-block-media-text__media\"><img loading=\"lazy\" decoding=\"async\" width=\"480\" height=\"628\" src=\"https:\/\/www.globalfilter.com\/wp-content\/uploads\/2021\/07\/Screen-Shot-2021-07-27-at-1.32.26-PM.png\" alt=\"\" class=\"wp-image-6990 size-full\" srcset=\"https:\/\/www.globalfilter.com\/wp-content\/uploads\/2021\/07\/Screen-Shot-2021-07-27-at-1.32.26-PM.png 480w, https:\/\/www.globalfilter.com\/wp-content\/uploads\/2021\/07\/Screen-Shot-2021-07-27-at-1.32.26-PM-229x300.png 229w\" sizes=\"auto, (max-width: 480px) 100vw, 480px\" \/><\/figure><div class=\"wp-block-media-text__content\">\n<h3 class=\"wp-block-heading\" id=\"h-global-filter-catalogue\"><strong><strong>Global Filter <\/strong>Catalogue <\/strong><\/h3>\n\n\n\n<p>Le catalogue comprend la gamme compl\u00e8te de produits de Global Filter avec leursrespective datasheet.<br><br><a href=\"https:\/\/www.globalfilter.com\/wp-content\/uploads\/2019\/12\/catalogue-Global-Filter-final-franc%CC%A7ais-16-09-2020.pdf73.pdf\">GLOBAL FILTER CATALOGUE<\/a><\/p>\n<\/div><\/div>\n\n\n\n<div style=\"height:38px\" aria-hidden=\"true\" class=\"wp-block-spacer\"><\/div>\n\n\n\n<div class=\"wp-block-media-text alignwide is-stacked-on-mobile\"><figure class=\"wp-block-media-text__media\"><img loading=\"lazy\" decoding=\"async\" width=\"547\" height=\"710\" src=\"https:\/\/www.globalfilter.com\/wp-content\/uploads\/2022\/03\/picture-vessel-brochure.png\" alt=\"\" class=\"wp-image-8602 size-full\" srcset=\"https:\/\/www.globalfilter.com\/wp-content\/uploads\/2022\/03\/picture-vessel-brochure.png 547w, https:\/\/www.globalfilter.com\/wp-content\/uploads\/2022\/03\/picture-vessel-brochure-231x300.png 231w\" sizes=\"auto, (max-width: 547px) 100vw, 547px\" \/><\/figure><div class=\"wp-block-media-text__content\">\n<h3 class=\"wp-block-heading\" id=\"h-brochure-corps-de-filtres\"><strong><strong>Brochure Corps de Filtres<\/strong><\/strong><\/h3>\n\n\n\n<p>Cette brochure liste la gamme de corps de filtre ainsi que leurs accessoires et pi\u00e8ces d\u00e9tach\u00e9es.<br><br><a href=\"https:\/\/4ea61625un9q3qhhc33s2py2-wpengine.netdna-ssl.com\/wp-content\/uploads\/2019\/12\/catalogue-Global-Filter-final-franc%CC%A7ais-16-09-2020.pdf\">GLOBAL <\/a><a href=\"https:\/\/www.globalfilter.com\/wp-content\/uploads\/2026\/01\/Global-Filter-Brochure-Corps-de-filtres-FR.pdf\" target=\"_blank\" rel=\"noreferrer noopener\">FILTER<\/a><a href=\"https:\/\/www.globalfilter.com\/wp-content\/uploads\/2022\/10\/2022-03-02-Global-Filter-Vessel-Brochure-FR.pdf\"><\/a><a href=\"https:\/\/www.globalfilter.com\/wp-content\/uploads\/2026\/01\/Global-Filter-Brochure-Corps-de-filtres-FR.pdf\">BROCHURE CORPS DE FILTRES<\/a><\/p>\n<\/div><\/div>\n\n\n\n<div style=\"height:38px\" aria-hidden=\"true\" class=\"wp-block-spacer\"><\/div>\n\n\n\n<div class=\"wp-block-media-text alignwide is-stacked-on-mobile\"><figure class=\"wp-block-media-text__media\"><a href=\"https:\/\/www.globalfilter.com\/wp-content\/uploads\/2022\/03\/2022-03-15-brochure-cartouches-profondeur.pdf\"><img loading=\"lazy\" decoding=\"async\" width=\"505\" height=\"653\" src=\"https:\/\/www.globalfilter.com\/wp-content\/uploads\/2022\/03\/brochure-meltblown-cartridges-picture.png\" alt=\"brochure cartouches de profondeur meltblown de Global Filter\" class=\"wp-image-8864 size-full\" srcset=\"https:\/\/www.globalfilter.com\/wp-content\/uploads\/2022\/03\/brochure-meltblown-cartridges-picture.png 505w, https:\/\/www.globalfilter.com\/wp-content\/uploads\/2022\/03\/brochure-meltblown-cartridges-picture-232x300.png 232w\" sizes=\"auto, (max-width: 505px) 100vw, 505px\" \/><\/a><\/figure><div class=\"wp-block-media-text__content\">\n<h3 class=\"wp-block-heading\" id=\"h-brochure-cartouches-profondeur\"><strong><strong>Brochure Cartouches Profondeur<\/strong><\/strong><\/h3>\n\n\n\n<p>Cette brochure liste la gamme de cartouches profondeur et les avantages de chaque s\u00e9rie.<br><br><a href=\"https:\/\/4ea61625un9q3qhhc33s2py2-wpengine.netdna-ssl.com\/wp-content\/uploads\/2019\/12\/catalogue-Global-Filter-final-franc%CC%A7ais-16-09-2020.pdf\">GLOBAL <\/a><a href=\"https:\/\/www.globalfilter.com\/wp-content\/uploads\/2022\/03\/2022-03-15-brochure-cartouches-profondeur.pdf\" target=\"_blank\" rel=\"noreferrer noopener\">FILTER<\/a><a href=\"https:\/\/www.globalfilter.com\/wp-content\/uploads\/2022\/03\/2022-03-15-brochure-cartouches-profondeur.pdf\"> BROCHURE CARTOUCHES PROFONDEUR<\/a><\/p>\n<\/div><\/div>\n\n\n\n<div style=\"height:38px\" aria-hidden=\"true\" class=\"wp-block-spacer\"><\/div>\n\n\n\n<div class=\"wp-block-media-text alignwide is-stacked-on-mobile\"><figure class=\"wp-block-media-text__media\"><img loading=\"lazy\" decoding=\"async\" width=\"644\" height=\"833\" src=\"https:\/\/www.globalfilter.com\/wp-content\/uploads\/2020\/09\/Screen-Shot-2020-09-04-at-1.53.59-PM.png\" alt=\"\" class=\"wp-image-3277 size-full\" srcset=\"https:\/\/www.globalfilter.com\/wp-content\/uploads\/2020\/09\/Screen-Shot-2020-09-04-at-1.53.59-PM.png 644w, https:\/\/www.globalfilter.com\/wp-content\/uploads\/2020\/09\/Screen-Shot-2020-09-04-at-1.53.59-PM-232x300.png 232w\" sizes=\"auto, (max-width: 644px) 100vw, 644px\" \/><\/figure><div class=\"wp-block-media-text__content\">\n<h3 class=\"wp-block-heading\" id=\"h-pr-sentation-du-produit\"><strong>Pr\u00e9sentation du produit <\/strong><\/h3>\n\n\n\n<p>Une brochure pr\u00e9sentant la large gamme de produits de Global Filter.<br><br><a href=\"https:\/\/www.globalfilter.com\/wp-content\/uploads\/2024\/10\/product-overview-Global-Filter-en-francais.pdf\">GLOBAL FILTER PR\u00c9SENTATION DES PRODUIT<\/a><br><\/p>\n\n\n\n<p><br><\/p>\n<\/div><\/div>\n\n\n\n<div style=\"height:38px\" aria-hidden=\"true\" class=\"wp-block-spacer\"><\/div>\n\n\n\n<div class=\"wp-block-media-text alignwide is-stacked-on-mobile is-vertically-aligned-center\"><figure class=\"wp-block-media-text__media\"><img loading=\"lazy\" decoding=\"async\" width=\"548\" height=\"708\" src=\"https:\/\/www.globalfilter.com\/wp-content\/uploads\/2022\/03\/brochure-cartouches-plissees-membranes.png\" alt=\"\" class=\"wp-image-8657 size-full\" srcset=\"https:\/\/www.globalfilter.com\/wp-content\/uploads\/2022\/03\/brochure-cartouches-plissees-membranes.png 548w, https:\/\/www.globalfilter.com\/wp-content\/uploads\/2022\/03\/brochure-cartouches-plissees-membranes-232x300.png 232w\" sizes=\"auto, (max-width: 548px) 100vw, 548px\" \/><\/figure><div class=\"wp-block-media-text__content\">\n<h3 class=\"wp-block-heading\" id=\"h-brochure-cartouches-pliss-es-membranes\"><strong>Brochure cartouches pliss\u00e9es &amp; membranes<\/strong><\/h3>\n\n\n\n<p>Une brochure pr\u00e9sentant la gamme de cartouches pliss\u00e9es et membranes et les avantages de chaque s\u00e9rie.<br><br><a href=\"https:\/\/www.globalfilter.com\/wp-content\/uploads\/2022\/04\/2022-03-04-brochure-cartouches-plissees-membranes.pdf\" target=\"_blank\" rel=\"noreferrer noopener\">GLOBAL FILTER BROCHURE CARTOUCHES PLISSEES &amp; MEMBRANES<\/a><br><\/p>\n\n\n\n<p><br><\/p>\n<\/div><\/div>\n\n\n\n<div style=\"height:38px\" aria-hidden=\"true\" class=\"wp-block-spacer\"><\/div>\n","protected":false},"excerpt":{"rendered":"<p>Global Filter Catalogue Le catalogue comprend la gamme compl\u00e8te de produits de Global Filter avec leursrespective datasheet. GLOBAL FILTER CATALOGUE Brochure Corps de Filtres Cette brochure liste la gamme de corps de filtre ainsi que leurs accessoires et pi\u00e8ces d\u00e9tach\u00e9es. GLOBAL FILTERBROCHURE CORPS DE FILTRES Brochure Cartouches Profondeur Cette brochure liste la gamme de cartouches [&hellip;]<\/p>\n","protected":false},"author":3,"featured_media":0,"parent":1358,"menu_order":0,"comment_status":"closed","ping_status":"closed","template":"","meta":{"_acf_changed":false,"content-type":"","footnotes":""},"class_list":["post-1387","page","type-page","status-publish","hentry"],"acf":[],"yoast_head":"<!-- This site is optimized with the Yoast SEO plugin v27.3 - https:\/\/yoast.com\/product\/yoast-seo-wordpress\/ -->\n<title>Brochures Produits - Global Filter<\/title>\n<meta name=\"description\" content=\"Des produits de filtration de haute qualit\u00e9 aux designs innovants r\u00e9pondant \u00e0 toutes les exigences.. D\u00e9couvrez nos catalogues Global Filter\" \/>\n<meta name=\"robots\" content=\"index, follow, max-snippet:-1, max-image-preview:large, max-video-preview:-1\" \/>\n<link rel=\"canonical\" href=\"https:\/\/www.globalfilter.com\/fr\/ressources\/documentation-produit\/\" \/>\n<meta property=\"og:locale\" content=\"fr_FR\" \/>\n<meta property=\"og:type\" content=\"article\" \/>\n<meta property=\"og:title\" content=\"Brochures Produits - Global Filter\" \/>\n<meta property=\"og:description\" content=\"Des produits de filtration de haute qualit\u00e9 aux designs innovants r\u00e9pondant \u00e0 toutes les exigences.. D\u00e9couvrez nos catalogues Global Filter\" \/>\n<meta property=\"og:url\" content=\"https:\/\/www.globalfilter.com\/fr\/ressources\/documentation-produit\/\" \/>\n<meta property=\"og:site_name\" content=\"Global Filter\" \/>\n<meta property=\"article:modified_time\" content=\"2026-01-21T13:53:11+00:00\" \/>\n<meta property=\"og:image\" content=\"https:\/\/www.globalfilter.com\/wp-content\/uploads\/2019\/10\/hd_catalog.jpg\" \/>\n\t<meta property=\"og:image:width\" content=\"1920\" \/>\n\t<meta property=\"og:image:height\" content=\"1080\" \/>\n\t<meta property=\"og:image:type\" content=\"image\/jpeg\" \/>\n<meta name=\"twitter:card\" content=\"summary_large_image\" \/>\n<meta name=\"twitter:label1\" content=\"Dur\u00e9e de lecture estim\u00e9e\" \/>\n\t<meta name=\"twitter:data1\" content=\"2 minutes\" \/>\n<script type=\"application\/ld+json\" class=\"yoast-schema-graph\">{\"@context\":\"https:\\\/\\\/schema.org\",\"@graph\":[{\"@type\":\"WebPage\",\"@id\":\"https:\\\/\\\/www.globalfilter.com\\\/fr\\\/ressources\\\/documentation-produit\\\/\",\"url\":\"https:\\\/\\\/www.globalfilter.com\\\/fr\\\/ressources\\\/documentation-produit\\\/\",\"name\":\"Brochures Produits - Global Filter\",\"isPartOf\":{\"@id\":\"https:\\\/\\\/www.globalfilter.com\\\/fr\\\/#website\"},\"primaryImageOfPage\":{\"@id\":\"https:\\\/\\\/www.globalfilter.com\\\/fr\\\/ressources\\\/documentation-produit\\\/#primaryimage\"},\"image\":{\"@id\":\"https:\\\/\\\/www.globalfilter.com\\\/fr\\\/ressources\\\/documentation-produit\\\/#primaryimage\"},\"thumbnailUrl\":\"https:\\\/\\\/www.globalfilter.com\\\/wp-content\\\/uploads\\\/2019\\\/10\\\/hd_catalog.jpg\",\"datePublished\":\"2020-01-31T17:57:20+00:00\",\"dateModified\":\"2026-01-21T13:53:11+00:00\",\"description\":\"Des produits de filtration de haute qualit\u00e9 aux designs innovants r\u00e9pondant \u00e0 toutes les exigences.. D\u00e9couvrez nos catalogues Global Filter\",\"breadcrumb\":{\"@id\":\"https:\\\/\\\/www.globalfilter.com\\\/fr\\\/ressources\\\/documentation-produit\\\/#breadcrumb\"},\"inLanguage\":\"fr-FR\",\"potentialAction\":[{\"@type\":\"ReadAction\",\"target\":[\"https:\\\/\\\/www.globalfilter.com\\\/fr\\\/ressources\\\/documentation-produit\\\/\"]}]},{\"@type\":\"ImageObject\",\"inLanguage\":\"fr-FR\",\"@id\":\"https:\\\/\\\/www.globalfilter.com\\\/fr\\\/ressources\\\/documentation-produit\\\/#primaryimage\",\"url\":\"https:\\\/\\\/www.globalfilter.com\\\/wp-content\\\/uploads\\\/2019\\\/10\\\/hd_catalog.jpg\",\"contentUrl\":\"https:\\\/\\\/www.globalfilter.com\\\/wp-content\\\/uploads\\\/2019\\\/10\\\/hd_catalog.jpg\"},{\"@type\":\"BreadcrumbList\",\"@id\":\"https:\\\/\\\/www.globalfilter.com\\\/fr\\\/ressources\\\/documentation-produit\\\/#breadcrumb\",\"itemListElement\":[{\"@type\":\"ListItem\",\"position\":1,\"name\":\"home\",\"item\":\"https:\\\/\\\/www.globalfilter.com\\\/fr\\\/\"},{\"@type\":\"ListItem\",\"position\":2,\"name\":\"Ressources\",\"item\":\"https:\\\/\\\/www.globalfilter.com\\\/fr\\\/ressources\\\/\"},{\"@type\":\"ListItem\",\"position\":3,\"name\":\"Brochures Produits\"}]},{\"@type\":\"WebSite\",\"@id\":\"https:\\\/\\\/www.globalfilter.com\\\/fr\\\/#website\",\"url\":\"https:\\\/\\\/www.globalfilter.com\\\/fr\\\/\",\"name\":\"Global Filter\",\"description\":\"Making the World Safer, Healthier and More Productive\",\"publisher\":{\"@id\":\"https:\\\/\\\/www.globalfilter.com\\\/fr\\\/#organization\"},\"potentialAction\":[{\"@type\":\"SearchAction\",\"target\":{\"@type\":\"EntryPoint\",\"urlTemplate\":\"https:\\\/\\\/www.globalfilter.com\\\/fr\\\/?s={search_term_string}\"},\"query-input\":{\"@type\":\"PropertyValueSpecification\",\"valueRequired\":true,\"valueName\":\"search_term_string\"}}],\"inLanguage\":\"fr-FR\"},{\"@type\":\"Organization\",\"@id\":\"https:\\\/\\\/www.globalfilter.com\\\/fr\\\/#organization\",\"name\":\"Global filter\",\"url\":\"https:\\\/\\\/www.globalfilter.com\\\/fr\\\/\",\"logo\":{\"@type\":\"ImageObject\",\"inLanguage\":\"fr-FR\",\"@id\":\"https:\\\/\\\/www.globalfilter.com\\\/fr\\\/#\\\/schema\\\/logo\\\/image\\\/\",\"url\":\"https:\\\/\\\/www.globalfilter.com\\\/wp-content\\\/uploads\\\/2019\\\/06\\\/FGC-logo-1.png\",\"contentUrl\":\"https:\\\/\\\/www.globalfilter.com\\\/wp-content\\\/uploads\\\/2019\\\/06\\\/FGC-logo-1.png\",\"width\":1104,\"height\":224,\"caption\":\"Global filter\"},\"image\":{\"@id\":\"https:\\\/\\\/www.globalfilter.com\\\/fr\\\/#\\\/schema\\\/logo\\\/image\\\/\"},\"sameAs\":[\"https:\\\/\\\/www.linkedin.com\\\/company\\\/global-filter-llc\"]}]}<\/script>\n<!-- \/ Yoast SEO plugin. -->","yoast_head_json":{"title":"Brochures Produits - Global Filter","description":"Des produits de filtration de haute qualit\u00e9 aux designs innovants r\u00e9pondant \u00e0 toutes les exigences.. D\u00e9couvrez nos catalogues Global Filter","robots":{"index":"index","follow":"follow","max-snippet":"max-snippet:-1","max-image-preview":"max-image-preview:large","max-video-preview":"max-video-preview:-1"},"canonical":"https:\/\/www.globalfilter.com\/fr\/ressources\/documentation-produit\/","og_locale":"fr_FR","og_type":"article","og_title":"Brochures Produits - Global Filter","og_description":"Des produits de filtration de haute qualit\u00e9 aux designs innovants r\u00e9pondant \u00e0 toutes les exigences.. D\u00e9couvrez nos catalogues Global Filter","og_url":"https:\/\/www.globalfilter.com\/fr\/ressources\/documentation-produit\/","og_site_name":"Global Filter","article_modified_time":"2026-01-21T13:53:11+00:00","og_image":[{"width":1920,"height":1080,"url":"https:\/\/www.globalfilter.com\/wp-content\/uploads\/2019\/10\/hd_catalog.jpg","type":"image\/jpeg"}],"twitter_card":"summary_large_image","twitter_misc":{"Dur\u00e9e de lecture estim\u00e9e":"2 minutes"},"schema":{"@context":"https:\/\/schema.org","@graph":[{"@type":"WebPage","@id":"https:\/\/www.globalfilter.com\/fr\/ressources\/documentation-produit\/","url":"https:\/\/www.globalfilter.com\/fr\/ressources\/documentation-produit\/","name":"Brochures Produits - Global Filter","isPartOf":{"@id":"https:\/\/www.globalfilter.com\/fr\/#website"},"primaryImageOfPage":{"@id":"https:\/\/www.globalfilter.com\/fr\/ressources\/documentation-produit\/#primaryimage"},"image":{"@id":"https:\/\/www.globalfilter.com\/fr\/ressources\/documentation-produit\/#primaryimage"},"thumbnailUrl":"https:\/\/www.globalfilter.com\/wp-content\/uploads\/2019\/10\/hd_catalog.jpg","datePublished":"2020-01-31T17:57:20+00:00","dateModified":"2026-01-21T13:53:11+00:00","description":"Des produits de filtration de haute qualit\u00e9 aux designs innovants r\u00e9pondant \u00e0 toutes les exigences.. D\u00e9couvrez nos catalogues Global Filter","breadcrumb":{"@id":"https:\/\/www.globalfilter.com\/fr\/ressources\/documentation-produit\/#breadcrumb"},"inLanguage":"fr-FR","potentialAction":[{"@type":"ReadAction","target":["https:\/\/www.globalfilter.com\/fr\/ressources\/documentation-produit\/"]}]},{"@type":"ImageObject","inLanguage":"fr-FR","@id":"https:\/\/www.globalfilter.com\/fr\/ressources\/documentation-produit\/#primaryimage","url":"https:\/\/www.globalfilter.com\/wp-content\/uploads\/2019\/10\/hd_catalog.jpg","contentUrl":"https:\/\/www.globalfilter.com\/wp-content\/uploads\/2019\/10\/hd_catalog.jpg"},{"@type":"BreadcrumbList","@id":"https:\/\/www.globalfilter.com\/fr\/ressources\/documentation-produit\/#breadcrumb","itemListElement":[{"@type":"ListItem","position":1,"name":"home","item":"https:\/\/www.globalfilter.com\/fr\/"},{"@type":"ListItem","position":2,"name":"Ressources","item":"https:\/\/www.globalfilter.com\/fr\/ressources\/"},{"@type":"ListItem","position":3,"name":"Brochures Produits"}]},{"@type":"WebSite","@id":"https:\/\/www.globalfilter.com\/fr\/#website","url":"https:\/\/www.globalfilter.com\/fr\/","name":"Global Filter","description":"Making the World Safer, Healthier and More Productive","publisher":{"@id":"https:\/\/www.globalfilter.com\/fr\/#organization"},"potentialAction":[{"@type":"SearchAction","target":{"@type":"EntryPoint","urlTemplate":"https:\/\/www.globalfilter.com\/fr\/?s={search_term_string}"},"query-input":{"@type":"PropertyValueSpecification","valueRequired":true,"valueName":"search_term_string"}}],"inLanguage":"fr-FR"},{"@type":"Organization","@id":"https:\/\/www.globalfilter.com\/fr\/#organization","name":"Global filter","url":"https:\/\/www.globalfilter.com\/fr\/","logo":{"@type":"ImageObject","inLanguage":"fr-FR","@id":"https:\/\/www.globalfilter.com\/fr\/#\/schema\/logo\/image\/","url":"https:\/\/www.globalfilter.com\/wp-content\/uploads\/2019\/06\/FGC-logo-1.png","contentUrl":"https:\/\/www.globalfilter.com\/wp-content\/uploads\/2019\/06\/FGC-logo-1.png","width":1104,"height":224,"caption":"Global filter"},"image":{"@id":"https:\/\/www.globalfilter.com\/fr\/#\/schema\/logo\/image\/"},"sameAs":["https:\/\/www.linkedin.com\/company\/global-filter-llc"]}]}},"_links":{"self":[{"href":"https:\/\/www.globalfilter.com\/fr\/wp-json\/wp\/v2\/pages\/1387","targetHints":{"allow":["GET"]}}],"collection":[{"href":"https:\/\/www.globalfilter.com\/fr\/wp-json\/wp\/v2\/pages"}],"about":[{"href":"https:\/\/www.globalfilter.com\/fr\/wp-json\/wp\/v2\/types\/page"}],"author":[{"embeddable":true,"href":"https:\/\/www.globalfilter.com\/fr\/wp-json\/wp\/v2\/users\/3"}],"replies":[{"embeddable":true,"href":"https:\/\/www.globalfilter.com\/fr\/wp-json\/wp\/v2\/comments?post=1387"}],"version-history":[{"count":0,"href":"https:\/\/www.globalfilter.com\/fr\/wp-json\/wp\/v2\/pages\/1387\/revisions"}],"up":[{"embeddable":true,"href":"https:\/\/www.globalfilter.com\/fr\/wp-json\/wp\/v2\/pages\/1358"}],"wp:attachment":[{"href":"https:\/\/www.globalfilter.com\/fr\/wp-json\/wp\/v2\/media?parent=1387"}],"curies":[{"name":"wp","href":"https:\/\/api.w.org\/{rel}","templated":true}]}}