{"id":1404,"date":"2020-02-03T17:02:11","date_gmt":"2020-02-03T17:02:11","guid":{"rendered":"https:\/\/www.globalfilter.com\/poches-filtrantes-pour-liquides\/"},"modified":"2025-11-03T12:31:24","modified_gmt":"2025-11-03T12:31:24","slug":"poches-filtrantes-pour-liquides","status":"publish","type":"page","link":"https:\/\/www.globalfilter.com\/fr\/produits\/poches-filtrantes-pour-liquides\/","title":{"rendered":"Poches filtrantes pour liquides"},"content":{"rendered":"\n<div class=\"wp-block-cover alignfull\" style=\"min-height:200px;aspect-ratio:unset;\"><img decoding=\"async\" class=\"wp-block-cover__image-background wp-image-362\" alt=\"\" src=\"https:\/\/www.globalfilter.com\/wp-content\/uploads\/2021\/08\/Gen2-Web-Banner-origional.jpg\" data-object-fit=\"cover\" \/><span aria-hidden=\"true\" class=\"wp-block-cover__background has-blue-background-color has-background-dim\"><\/span><div class=\"wp-block-cover__inner-container is-layout-flow wp-block-cover-is-layout-flow\">\n<h1 class=\"wp-block-heading has-text-align-center\">Poches filtrantes pour liquides<\/h1>\n<\/div><\/div>\n\n\n\n<!--Close-->\t\n<\/div><\/div><\/section>\n<!--Menu-->\n<div class=\"no-top-margin\">\n<div class=\"msb-sticky-bar\">\n<div class=\"container\">\n  <div class=\"row\">\n    <div class=\"col-sm text-center\">\n      <a href=\"https:\/\/www.globalfilter.com\/fr\/nous-contacter\/\" class=\"btn btn-primary solution-trigger\">Contacter un expert<\/a>\n    <\/div>\n  <\/div>\n<\/div>\n<\/div>\n<\/div>\n<!--Open-->\n<section class=\"container\"><div class=\"row\"><div class=\"col-md-12\">\n\n\n\n<p>Adapt\u00e9es \u00e0 une tr\u00e8s large gamme d\u2019applications, les poches filtrantes pour liquides sont disponibles en versions nominales et d\u2019efficacit\u00e9 optimale, avec des s\u00e9lectivit\u00e9s allant de&nbsp;1 \u00e0 1&nbsp;500&nbsp;microns.<\/p>\n\n\n\n<div class=\"wp-block-columns has-2-columns is-layout-flex wp-container-core-columns-is-layout-9d6595d7 wp-block-columns-is-layout-flex\">\n<div class=\"wp-block-column is-layout-flow wp-block-column-is-layout-flow\">\n<figure class=\"wp-block-image\"><img loading=\"lazy\" decoding=\"async\" width=\"1024\" height=\"576\" src=\"https:\/\/www.globalfilter.com\/wp-content\/uploads\/2019\/09\/Standard-Mesh-Liquid-Filter-Bags-1024x576.jpg\" alt=\"Poches filtrantes pour liquides \u00e0 maille standard\" class=\"wp-image-540\" srcset=\"https:\/\/www.globalfilter.com\/wp-content\/uploads\/2019\/09\/Standard-Mesh-Liquid-Filter-Bags-1024x576.jpg 1024w, https:\/\/www.globalfilter.com\/wp-content\/uploads\/2019\/09\/Standard-Mesh-Liquid-Filter-Bags-300x169.jpg 300w, https:\/\/www.globalfilter.com\/wp-content\/uploads\/2019\/09\/Standard-Mesh-Liquid-Filter-Bags-768x432.jpg 768w, https:\/\/www.globalfilter.com\/wp-content\/uploads\/2019\/09\/Standard-Mesh-Liquid-Filter-Bags.jpg 1920w\" sizes=\"auto, (max-width: 1024px) 100vw, 1024px\" \/><\/figure>\n\n\n\n<div class=\"wp-block-file aligncenter btn-file\"><a href=\"https:\/\/www.globalfilter.com\/wp-content\/uploads\/2025\/08\/GPO-Poche-Feutre-PP-D022A-FR.pdf\" class=\"wp-block-file__button\">T\u00e9l\u00e9charger la fiche technique<\/a><\/div>\n\n\n\n<div class=\"wp-block-buttons is-horizontal is-content-justification-center is-layout-flex wp-container-core-buttons-is-layout-499968f5 wp-block-buttons-is-layout-flex\">\n<div class=\"wp-block-button\"><a class=\"wp-block-button__link has-green-background-color has-background wp-element-button\" href=\"https:\/\/www.globalfilter.com\/fr\/poches-filtrantes-en-feutre-polypropylene\/\">En savoir plus<\/a><\/div>\n<\/div>\n<\/div>\n\n\n\n<div class=\"wp-block-column is-layout-flow wp-block-column-is-layout-flow\">\n<h2 class=\"wp-block-heading\">Poches filtrantes en feutre polypropyl\u00e8ne<\/h2>\n\n\n\n<h3 class=\"wp-block-heading\" id=\"StandardMesh\">Sp\u00e9cifications des poches filtrantes pour liquides en feutre polypropyl\u00e8ne<\/h3>\n\n\n\n<p>\u2022 S\u00e9lectivit\u00e9 allant de 1 \u00e0 200&nbsp;microns<br>\u2022 Disponibles dans toutes les dimensions standard<br>de l\u2019industrie.<br>\u2022 Grande compatibilit\u00e9 chimique<br>\u2022 M\u00e9dia \u00e0 haut d\u00e9bit\/faible perte de charge<br>\u2022 Poign\u00e9es standard sur toutes les poches<br>\u2022 Construction soud\u00e9e en standard, cousue en option<br>\u2022 Bride polypropyl\u00e8ne moul\u00e9 en standard, anneau<br>en acier inoxydable en option<\/p>\n\n\n\n<p>\u2022 Les mat\u00e9riaux en polypropyl\u00e8ne sont conformes<br>aux dispositions de la section 177.1520 du formulaire 21&nbsp;CFR des r\u00e8glements FDA et CE1935\/2004 &#8211; EU 10\/2011 relatifs aux produits destin\u00e9s \u00e0 entrer en contact avec les denr\u00e9es alimentaires<br>\u2022 La finition calandr\u00e9e du polypropyl\u00e8ne<br>r\u00e9duit la perte de fibres<br>\u2022 R\u00e9tention des particules solides et g\u00e9latineuses<br>\u2022 Construction sans silicone<br>\u2022 Capacit\u00e9 \u00e9lev\u00e9e de r\u00e9tention d\u2019impuret\u00e9s<\/p>\n\n\n\n<h3 class=\"wp-block-heading\">Applications typiques<\/h3>\n\n\n\n<p>\u2022 Peintures et vernis<br>\u2022 Encres<br>\u2022 Produits chimiques<br>\u2022 Eaux de process<br>\u2022 Boissons<\/p>\n<\/div>\n<\/div>\n\n\n\n<hr class=\"wp-block-separator has-css-opacity is-style-wide\" \/>\n\n\n\n<div class=\"wp-block-columns has-2-columns is-layout-flex wp-container-core-columns-is-layout-9d6595d7 wp-block-columns-is-layout-flex\">\n<div class=\"wp-block-column is-layout-flow wp-block-column-is-layout-flow\">\n<figure class=\"wp-block-image\"><img loading=\"lazy\" decoding=\"async\" width=\"1024\" height=\"576\" src=\"https:\/\/www.globalfilter.com\/wp-content\/uploads\/2019\/09\/Standard-Felt-Liquid-Filter-Bags-1024x576.jpg\" alt=\"Poches filtrantes pour liquides, en feutre standard\" class=\"wp-image-538\" srcset=\"https:\/\/www.globalfilter.com\/wp-content\/uploads\/2019\/09\/Standard-Felt-Liquid-Filter-Bags-1024x576.jpg 1024w, https:\/\/www.globalfilter.com\/wp-content\/uploads\/2019\/09\/Standard-Felt-Liquid-Filter-Bags-300x169.jpg 300w, https:\/\/www.globalfilter.com\/wp-content\/uploads\/2019\/09\/Standard-Felt-Liquid-Filter-Bags-768x432.jpg 768w, https:\/\/www.globalfilter.com\/wp-content\/uploads\/2019\/09\/Standard-Felt-Liquid-Filter-Bags.jpg 1920w\" sizes=\"auto, (max-width: 1024px) 100vw, 1024px\" \/><\/figure>\n\n\n\n<div class=\"wp-block-file aligncenter btn-file\"><a href=\"https:\/\/www.globalfilter.com\/wp-content\/uploads\/2020\/09\/2022-poche-filtrante-feutre-polyester-GPE.pdf\" class=\"wp-block-file__button\">T\u00e9l\u00e9charger la fiche technique<\/a><\/div>\n\n\n\n<div class=\"wp-block-buttons is-horizontal is-content-justification-center is-layout-flex wp-container-core-buttons-is-layout-499968f5 wp-block-buttons-is-layout-flex\">\n<div class=\"wp-block-button\"><a class=\"wp-block-button__link has-green-background-color has-background wp-element-button\" href=\"https:\/\/www.globalfilter.com\/fr\/poches-filtrantes-en-feutre-polyester\/\">En savoir plus<\/a><\/div>\n<\/div>\n<\/div>\n\n\n\n<div class=\"wp-block-column is-layout-flow wp-block-column-is-layout-flow\">\n<h2 class=\"wp-block-heading\">Poches filtrantes en feutre polyester<\/h2>\n\n\n\n<h3 class=\"wp-block-heading\" id=\"StandardFelt\">Poches filtrantes pour liquides, en feutre polyester<\/h3>\n\n\n\n<p>\u2022 S\u00e9lectivit\u00e9 allant de 1 \u00e0 200&nbsp;microns<br>\u2022 Disponibles dans toutes les dimensions standard<br>de l\u2019industrie.<br>\u2022 Grande compatibilit\u00e9 chimique<br>\u2022 M\u00e9dia \u00e0 haut d\u00e9bit\/faible perte de charge<br>\u2022 Poign\u00e9es standard sur toutes les poches<br>\u2022 Construction soud\u00e9e en standard, cousue en option<br>\u2022 Anneau en acier inoxydable en standard, anneau<br>en nylon moul\u00e9 en option<\/p>\n\n\n\n<p>\u2022 Les mat\u00e9riaux en polyester sont conformes<br>aux dispositions de la section 177.1520 du formulaire 21&nbsp;CFR des r\u00e8glements FDA et CE1935\/2004 &#8211; EU 10\/2011 relatifs aux produits destin\u00e9s \u00e0 entrer en contact avec les denr\u00e9es alimentaires<br>\u2022 La finition calandr\u00e9e polyester r\u00e9duit la perte de<br>fibres<br>\u2022 R\u00e9tention des particules solides et g\u00e9latineuses<br>\u2022 Construction sans silicone<br>\u2022 Capacit\u00e9 \u00e9lev\u00e9e de r\u00e9tention d\u2019impuret\u00e9s<\/p>\n\n\n\n<h3 class=\"wp-block-heading\">Applications typiques<\/h3>\n\n\n\n<p>\u2022 Peintures et vernis<br>\u2022 Encres<br>\u2022 Produits chimiques<br>\u2022 Eaux de process<br>\u2022 Boissons<\/p>\n<\/div>\n<\/div>\n\n\n\n<hr class=\"wp-block-separator has-css-opacity is-style-wide\" \/>\n\n\n\n<div class=\"wp-block-columns has-2-columns is-layout-flex wp-container-core-columns-is-layout-9d6595d7 wp-block-columns-is-layout-flex\">\n<div class=\"wp-block-column is-layout-flow wp-block-column-is-layout-flow\"><div class=\"wp-block-image\">\n<figure class=\"aligncenter size-medium is-resized\"><img loading=\"lazy\" decoding=\"async\" width=\"97\" height=\"300\" src=\"https:\/\/www.globalfilter.com\/wp-content\/uploads\/2021\/12\/2021-poche-filtrante-mono-multi-filament-97x300.png\" alt=\"\" class=\"wp-image-8123\" style=\"width:173px;height:535px\" srcset=\"https:\/\/www.globalfilter.com\/wp-content\/uploads\/2021\/12\/2021-poche-filtrante-mono-multi-filament-97x300.png 97w, https:\/\/www.globalfilter.com\/wp-content\/uploads\/2021\/12\/2021-poche-filtrante-mono-multi-filament-331x1024.png 331w, https:\/\/www.globalfilter.com\/wp-content\/uploads\/2021\/12\/2021-poche-filtrante-mono-multi-filament-768x2377.png 768w, https:\/\/www.globalfilter.com\/wp-content\/uploads\/2021\/12\/2021-poche-filtrante-mono-multi-filament-496x1536.png 496w, https:\/\/www.globalfilter.com\/wp-content\/uploads\/2021\/12\/2021-poche-filtrante-mono-multi-filament-662x2048.png 662w, https:\/\/www.globalfilter.com\/wp-content\/uploads\/2021\/12\/2021-poche-filtrante-mono-multi-filament.png 868w\" sizes=\"auto, (max-width: 97px) 100vw, 97px\" \/><\/figure>\n<\/div>\n\n\n<div class=\"wp-block-file aligncenter btn-file\"><a href=\"https:\/\/www.globalfilter.com\/wp-content\/uploads\/2020\/09\/2022-poche-filtrante-mono-filament-GNMO.pdf\" class=\"wp-block-file__button\">T\u00e9l\u00e9charger la fiche technique<\/a><\/div>\n\n\n\n<div class=\"wp-block-buttons is-horizontal is-content-justification-center is-layout-flex wp-container-core-buttons-is-layout-499968f5 wp-block-buttons-is-layout-flex\">\n<div class=\"wp-block-button\"><a class=\"wp-block-button__link has-green-background-color has-background wp-element-button\" href=\"https:\/\/www.globalfilter.com\/fr\/poches-filtrantes-mono-filament-en-nylon\/\">En savoir plus<\/a><\/div>\n<\/div>\n<\/div>\n\n\n\n<div class=\"wp-block-column is-layout-flow wp-block-column-is-layout-flow\">\n<h2 class=\"wp-block-heading\">Poches filtrantes mono-filament en nylon<\/h2>\n\n\n\n<h3 class=\"wp-block-heading\">Poches filtrantes mono-filament en nylon<\/h3>\n\n\n\n<p>\u2022 S\u00e9lectivit\u00e9 allant de 10 \u00e0 1600&nbsp;microns<br>\u2022 Disponibles dans toutes les dimensions standard de<br>l\u2019industrie.<br>\u2022 M\u00e9dia \u00e0 haut d\u00e9bit\/faible perte de charge<br>\u2022 Filtration de surface<br>\u2022 Grande compatibilit\u00e9 chimique<br>\u2022 Construction cousue avec un biais<br>\u2022 Poign\u00e9es standard sur toutes les poches<br>\u2022 Pas de perte de fibres<br>\u2022 Haute capacit\u00e9 de filtration<br>\u2022 Temp\u00e9ratures jusqu\u2019\u00e0 93\u00b0C<br>\u2022 Construction sans silicone<br>\u2022 Solution \u00e9conomique de r\u00e9tention de contaminants<br>ind\u00e9formables<br>\u2022 Anneau d\u2019\u00e9tanch\u00e9it\u00e9 en acier inoxydable ou bride<br>polypropyl\u00e8ne au choix<br>\u2022 Conformes aux dispositions de la section 177.1520<br>du formulaire 21 des r\u00e8glements de la FDA et CE1935\/ 2004 &#8211; EU 10\/2011 relatifs aux produits destin\u00e9s \u00e0 entrer en contact avec les denr\u00e9es alimentaires<\/p>\n\n\n\n<h3 class=\"wp-block-heading\">Applications typiques<\/h3>\n\n\n\n<p>\u2022 Peintures et vernis<br>\u2022 Encres<br>\u2022 Produits chimiques<br>\u2022 Eaux de process<\/p>\n<\/div>\n<\/div>\n","protected":false},"excerpt":{"rendered":"<p>Contacter un expert Adapt\u00e9es \u00e0 une tr\u00e8s large gamme d\u2019applications, les poches filtrantes pour liquides sont disponibles en versions nominales et d\u2019efficacit\u00e9 optimale, avec des s\u00e9lectivit\u00e9s allant de&nbsp;1 \u00e0 1&nbsp;500&nbsp;microns. T\u00e9l\u00e9charger la fiche technique Poches filtrantes en feutre polypropyl\u00e8ne Sp\u00e9cifications des poches filtrantes pour liquides en feutre polypropyl\u00e8ne \u2022 S\u00e9lectivit\u00e9 allant de 1 \u00e0 200&nbsp;microns\u2022 [&hellip;]<\/p>\n","protected":false},"author":3,"featured_media":0,"parent":1411,"menu_order":0,"comment_status":"closed","ping_status":"closed","template":"","meta":{"_acf_changed":false,"content-type":"","footnotes":""},"class_list":["post-1404","page","type-page","status-publish","hentry"],"acf":[],"yoast_head":"<!-- This site is optimized with the Yoast SEO plugin v27.3 - https:\/\/yoast.com\/product\/yoast-seo-wordpress\/ -->\n<title>Poches filtrantes pour liquides - Global Filter<\/title>\n<meta name=\"description\" content=\"Adapt\u00e9es \u00e0 une tr\u00e8s large gamme d\u2019applications, les poches filtrantes pour liquides sont disponibles en versions nominales et de haut rendement, avec des s\u00e9lectivit\u00e9s allant de\u00a01 \u00e0 1\u00a0500\u00a0microns dans divers mat\u00e9riaux. Ces filtres \u00e9conomiques sont disponibles dans toutes les tailles standards de l\u2019industrie ainsi qu\u2019en tailles personnalis\u00e9es.\" \/>\n<meta name=\"robots\" content=\"index, follow, max-snippet:-1, max-image-preview:large, max-video-preview:-1\" \/>\n<link rel=\"canonical\" href=\"https:\/\/www.globalfilter.com\/fr\/produits\/poches-filtrantes-pour-liquides\/\" \/>\n<meta property=\"og:locale\" content=\"fr_FR\" \/>\n<meta property=\"og:type\" content=\"article\" \/>\n<meta property=\"og:title\" content=\"Poches filtrantes pour liquides - Global Filter\" \/>\n<meta property=\"og:description\" content=\"Adapt\u00e9es \u00e0 une tr\u00e8s large gamme d\u2019applications, les poches filtrantes pour liquides sont disponibles en versions nominales et de haut rendement, avec des s\u00e9lectivit\u00e9s allant de\u00a01 \u00e0 1\u00a0500\u00a0microns dans divers mat\u00e9riaux. Ces filtres \u00e9conomiques sont disponibles dans toutes les tailles standards de l\u2019industrie ainsi qu\u2019en tailles personnalis\u00e9es.\" \/>\n<meta property=\"og:url\" content=\"https:\/\/www.globalfilter.com\/fr\/produits\/poches-filtrantes-pour-liquides\/\" \/>\n<meta property=\"og:site_name\" content=\"Global Filter\" \/>\n<meta property=\"article:modified_time\" content=\"2025-11-03T12:31:24+00:00\" \/>\n<meta property=\"og:image\" content=\"https:\/\/www.globalfilter.com\/wp-content\/uploads\/2019\/09\/blank.png\" \/>\n\t<meta property=\"og:image:width\" content=\"1\" \/>\n\t<meta property=\"og:image:height\" content=\"1\" \/>\n\t<meta property=\"og:image:type\" content=\"image\/png\" \/>\n<meta name=\"twitter:card\" content=\"summary_large_image\" \/>\n<meta name=\"twitter:label1\" content=\"Dur\u00e9e de lecture estim\u00e9e\" \/>\n\t<meta name=\"twitter:data1\" content=\"3 minutes\" \/>\n<script type=\"application\/ld+json\" class=\"yoast-schema-graph\">{\"@context\":\"https:\\\/\\\/schema.org\",\"@graph\":[{\"@type\":\"WebPage\",\"@id\":\"https:\\\/\\\/www.globalfilter.com\\\/fr\\\/produits\\\/poches-filtrantes-pour-liquides\\\/\",\"url\":\"https:\\\/\\\/www.globalfilter.com\\\/fr\\\/produits\\\/poches-filtrantes-pour-liquides\\\/\",\"name\":\"Poches filtrantes pour liquides - Global Filter\",\"isPartOf\":{\"@id\":\"https:\\\/\\\/www.globalfilter.com\\\/fr\\\/#website\"},\"primaryImageOfPage\":{\"@id\":\"https:\\\/\\\/www.globalfilter.com\\\/fr\\\/produits\\\/poches-filtrantes-pour-liquides\\\/#primaryimage\"},\"image\":{\"@id\":\"https:\\\/\\\/www.globalfilter.com\\\/fr\\\/produits\\\/poches-filtrantes-pour-liquides\\\/#primaryimage\"},\"thumbnailUrl\":\"https:\\\/\\\/www.globalfilter.com\\\/wp-content\\\/uploads\\\/2021\\\/08\\\/Gen2-Web-Banner-origional.jpg\",\"datePublished\":\"2020-02-03T17:02:11+00:00\",\"dateModified\":\"2025-11-03T12:31:24+00:00\",\"description\":\"Adapt\u00e9es \u00e0 une tr\u00e8s large gamme d\u2019applications, les poches filtrantes pour liquides sont disponibles en versions nominales et de haut rendement, avec des s\u00e9lectivit\u00e9s allant de\u00a01 \u00e0 1\u00a0500\u00a0microns dans divers mat\u00e9riaux. Ces filtres \u00e9conomiques sont disponibles dans toutes les tailles standards de l\u2019industrie ainsi qu\u2019en tailles personnalis\u00e9es.\",\"breadcrumb\":{\"@id\":\"https:\\\/\\\/www.globalfilter.com\\\/fr\\\/produits\\\/poches-filtrantes-pour-liquides\\\/#breadcrumb\"},\"inLanguage\":\"fr-FR\",\"potentialAction\":[{\"@type\":\"ReadAction\",\"target\":[\"https:\\\/\\\/www.globalfilter.com\\\/fr\\\/produits\\\/poches-filtrantes-pour-liquides\\\/\"]}]},{\"@type\":\"ImageObject\",\"inLanguage\":\"fr-FR\",\"@id\":\"https:\\\/\\\/www.globalfilter.com\\\/fr\\\/produits\\\/poches-filtrantes-pour-liquides\\\/#primaryimage\",\"url\":\"https:\\\/\\\/www.globalfilter.com\\\/wp-content\\\/uploads\\\/2021\\\/08\\\/Gen2-Web-Banner-origional.jpg\",\"contentUrl\":\"https:\\\/\\\/www.globalfilter.com\\\/wp-content\\\/uploads\\\/2021\\\/08\\\/Gen2-Web-Banner-origional.jpg\"},{\"@type\":\"BreadcrumbList\",\"@id\":\"https:\\\/\\\/www.globalfilter.com\\\/fr\\\/produits\\\/poches-filtrantes-pour-liquides\\\/#breadcrumb\",\"itemListElement\":[{\"@type\":\"ListItem\",\"position\":1,\"name\":\"home\",\"item\":\"https:\\\/\\\/www.globalfilter.com\\\/fr\\\/\"},{\"@type\":\"ListItem\",\"position\":2,\"name\":\"Produits\",\"item\":\"https:\\\/\\\/www.globalfilter.com\\\/fr\\\/produits\\\/\"},{\"@type\":\"ListItem\",\"position\":3,\"name\":\"Poches filtrantes pour liquides\"}]},{\"@type\":\"WebSite\",\"@id\":\"https:\\\/\\\/www.globalfilter.com\\\/fr\\\/#website\",\"url\":\"https:\\\/\\\/www.globalfilter.com\\\/fr\\\/\",\"name\":\"Global Filter\",\"description\":\"Making the World Safer, Healthier and More Productive\",\"publisher\":{\"@id\":\"https:\\\/\\\/www.globalfilter.com\\\/fr\\\/#organization\"},\"potentialAction\":[{\"@type\":\"SearchAction\",\"target\":{\"@type\":\"EntryPoint\",\"urlTemplate\":\"https:\\\/\\\/www.globalfilter.com\\\/fr\\\/?s={search_term_string}\"},\"query-input\":{\"@type\":\"PropertyValueSpecification\",\"valueRequired\":true,\"valueName\":\"search_term_string\"}}],\"inLanguage\":\"fr-FR\"},{\"@type\":\"Organization\",\"@id\":\"https:\\\/\\\/www.globalfilter.com\\\/fr\\\/#organization\",\"name\":\"Global filter\",\"url\":\"https:\\\/\\\/www.globalfilter.com\\\/fr\\\/\",\"logo\":{\"@type\":\"ImageObject\",\"inLanguage\":\"fr-FR\",\"@id\":\"https:\\\/\\\/www.globalfilter.com\\\/fr\\\/#\\\/schema\\\/logo\\\/image\\\/\",\"url\":\"https:\\\/\\\/www.globalfilter.com\\\/wp-content\\\/uploads\\\/2019\\\/06\\\/FGC-logo-1.png\",\"contentUrl\":\"https:\\\/\\\/www.globalfilter.com\\\/wp-content\\\/uploads\\\/2019\\\/06\\\/FGC-logo-1.png\",\"width\":1104,\"height\":224,\"caption\":\"Global filter\"},\"image\":{\"@id\":\"https:\\\/\\\/www.globalfilter.com\\\/fr\\\/#\\\/schema\\\/logo\\\/image\\\/\"},\"sameAs\":[\"https:\\\/\\\/www.linkedin.com\\\/company\\\/global-filter-llc\"]}]}<\/script>\n<!-- \/ Yoast SEO plugin. -->","yoast_head_json":{"title":"Poches filtrantes pour liquides - Global Filter","description":"Adapt\u00e9es \u00e0 une tr\u00e8s large gamme d\u2019applications, les poches filtrantes pour liquides sont disponibles en versions nominales et de haut rendement, avec des s\u00e9lectivit\u00e9s allant de\u00a01 \u00e0 1\u00a0500\u00a0microns dans divers mat\u00e9riaux. Ces filtres \u00e9conomiques sont disponibles dans toutes les tailles standards de l\u2019industrie ainsi qu\u2019en tailles personnalis\u00e9es.","robots":{"index":"index","follow":"follow","max-snippet":"max-snippet:-1","max-image-preview":"max-image-preview:large","max-video-preview":"max-video-preview:-1"},"canonical":"https:\/\/www.globalfilter.com\/fr\/produits\/poches-filtrantes-pour-liquides\/","og_locale":"fr_FR","og_type":"article","og_title":"Poches filtrantes pour liquides - Global Filter","og_description":"Adapt\u00e9es \u00e0 une tr\u00e8s large gamme d\u2019applications, les poches filtrantes pour liquides sont disponibles en versions nominales et de haut rendement, avec des s\u00e9lectivit\u00e9s allant de\u00a01 \u00e0 1\u00a0500\u00a0microns dans divers mat\u00e9riaux. Ces filtres \u00e9conomiques sont disponibles dans toutes les tailles standards de l\u2019industrie ainsi qu\u2019en tailles personnalis\u00e9es.","og_url":"https:\/\/www.globalfilter.com\/fr\/produits\/poches-filtrantes-pour-liquides\/","og_site_name":"Global Filter","article_modified_time":"2025-11-03T12:31:24+00:00","og_image":[{"width":1,"height":1,"url":"https:\/\/www.globalfilter.com\/wp-content\/uploads\/2019\/09\/blank.png","type":"image\/png"}],"twitter_card":"summary_large_image","twitter_misc":{"Dur\u00e9e de lecture estim\u00e9e":"3 minutes"},"schema":{"@context":"https:\/\/schema.org","@graph":[{"@type":"WebPage","@id":"https:\/\/www.globalfilter.com\/fr\/produits\/poches-filtrantes-pour-liquides\/","url":"https:\/\/www.globalfilter.com\/fr\/produits\/poches-filtrantes-pour-liquides\/","name":"Poches filtrantes pour liquides - Global Filter","isPartOf":{"@id":"https:\/\/www.globalfilter.com\/fr\/#website"},"primaryImageOfPage":{"@id":"https:\/\/www.globalfilter.com\/fr\/produits\/poches-filtrantes-pour-liquides\/#primaryimage"},"image":{"@id":"https:\/\/www.globalfilter.com\/fr\/produits\/poches-filtrantes-pour-liquides\/#primaryimage"},"thumbnailUrl":"https:\/\/www.globalfilter.com\/wp-content\/uploads\/2021\/08\/Gen2-Web-Banner-origional.jpg","datePublished":"2020-02-03T17:02:11+00:00","dateModified":"2025-11-03T12:31:24+00:00","description":"Adapt\u00e9es \u00e0 une tr\u00e8s large gamme d\u2019applications, les poches filtrantes pour liquides sont disponibles en versions nominales et de haut rendement, avec des s\u00e9lectivit\u00e9s allant de\u00a01 \u00e0 1\u00a0500\u00a0microns dans divers mat\u00e9riaux. Ces filtres \u00e9conomiques sont disponibles dans toutes les tailles standards de l\u2019industrie ainsi qu\u2019en tailles personnalis\u00e9es.","breadcrumb":{"@id":"https:\/\/www.globalfilter.com\/fr\/produits\/poches-filtrantes-pour-liquides\/#breadcrumb"},"inLanguage":"fr-FR","potentialAction":[{"@type":"ReadAction","target":["https:\/\/www.globalfilter.com\/fr\/produits\/poches-filtrantes-pour-liquides\/"]}]},{"@type":"ImageObject","inLanguage":"fr-FR","@id":"https:\/\/www.globalfilter.com\/fr\/produits\/poches-filtrantes-pour-liquides\/#primaryimage","url":"https:\/\/www.globalfilter.com\/wp-content\/uploads\/2021\/08\/Gen2-Web-Banner-origional.jpg","contentUrl":"https:\/\/www.globalfilter.com\/wp-content\/uploads\/2021\/08\/Gen2-Web-Banner-origional.jpg"},{"@type":"BreadcrumbList","@id":"https:\/\/www.globalfilter.com\/fr\/produits\/poches-filtrantes-pour-liquides\/#breadcrumb","itemListElement":[{"@type":"ListItem","position":1,"name":"home","item":"https:\/\/www.globalfilter.com\/fr\/"},{"@type":"ListItem","position":2,"name":"Produits","item":"https:\/\/www.globalfilter.com\/fr\/produits\/"},{"@type":"ListItem","position":3,"name":"Poches filtrantes pour liquides"}]},{"@type":"WebSite","@id":"https:\/\/www.globalfilter.com\/fr\/#website","url":"https:\/\/www.globalfilter.com\/fr\/","name":"Global Filter","description":"Making the World Safer, Healthier and More Productive","publisher":{"@id":"https:\/\/www.globalfilter.com\/fr\/#organization"},"potentialAction":[{"@type":"SearchAction","target":{"@type":"EntryPoint","urlTemplate":"https:\/\/www.globalfilter.com\/fr\/?s={search_term_string}"},"query-input":{"@type":"PropertyValueSpecification","valueRequired":true,"valueName":"search_term_string"}}],"inLanguage":"fr-FR"},{"@type":"Organization","@id":"https:\/\/www.globalfilter.com\/fr\/#organization","name":"Global filter","url":"https:\/\/www.globalfilter.com\/fr\/","logo":{"@type":"ImageObject","inLanguage":"fr-FR","@id":"https:\/\/www.globalfilter.com\/fr\/#\/schema\/logo\/image\/","url":"https:\/\/www.globalfilter.com\/wp-content\/uploads\/2019\/06\/FGC-logo-1.png","contentUrl":"https:\/\/www.globalfilter.com\/wp-content\/uploads\/2019\/06\/FGC-logo-1.png","width":1104,"height":224,"caption":"Global filter"},"image":{"@id":"https:\/\/www.globalfilter.com\/fr\/#\/schema\/logo\/image\/"},"sameAs":["https:\/\/www.linkedin.com\/company\/global-filter-llc"]}]}},"_links":{"self":[{"href":"https:\/\/www.globalfilter.com\/fr\/wp-json\/wp\/v2\/pages\/1404","targetHints":{"allow":["GET"]}}],"collection":[{"href":"https:\/\/www.globalfilter.com\/fr\/wp-json\/wp\/v2\/pages"}],"about":[{"href":"https:\/\/www.globalfilter.com\/fr\/wp-json\/wp\/v2\/types\/page"}],"author":[{"embeddable":true,"href":"https:\/\/www.globalfilter.com\/fr\/wp-json\/wp\/v2\/users\/3"}],"replies":[{"embeddable":true,"href":"https:\/\/www.globalfilter.com\/fr\/wp-json\/wp\/v2\/comments?post=1404"}],"version-history":[{"count":0,"href":"https:\/\/www.globalfilter.com\/fr\/wp-json\/wp\/v2\/pages\/1404\/revisions"}],"up":[{"embeddable":true,"href":"https:\/\/www.globalfilter.com\/fr\/wp-json\/wp\/v2\/pages\/1411"}],"wp:attachment":[{"href":"https:\/\/www.globalfilter.com\/fr\/wp-json\/wp\/v2\/media?parent=1404"}],"curies":[{"name":"wp","href":"https:\/\/api.w.org\/{rel}","templated":true}]}}