{"id":1411,"date":"2020-02-03T17:02:12","date_gmt":"2020-02-03T17:02:12","guid":{"rendered":"https:\/\/www.globalfilter.com\/produits\/"},"modified":"2021-12-03T09:26:54","modified_gmt":"2021-12-03T09:26:54","slug":"produits","status":"publish","type":"page","link":"https:\/\/www.globalfilter.com\/fr\/produits\/","title":{"rendered":"Produits"},"content":{"rendered":"\n<div class=\"wp-block-cover alignfull has-background-dim\" style=\"min-height:324px;aspect-ratio:unset;\"><img decoding=\"async\" class=\"wp-block-cover__image-background wp-image-2265\" alt=\"\" src=\"https:\/\/www.globalfilter.com\/wp-content\/uploads\/2019\/09\/homepage-hero-1_cropped_1.jpg\" data-object-fit=\"cover\" \/><div class=\"wp-block-cover__inner-container is-layout-flow wp-block-cover-is-layout-flow\">\n<h1 class=\"has-text-align-center wp-block-heading\" id=\"h-produits\">Produits<\/h1>\n\n\n\n<div class=\"container\">\n\n\n\n<p class=\"has-text-align-center\"><\/p>\n<\/div><\/div>\n\n\n\n<!--Close-->\t\n<\/div><\/div><\/section>\n<!--Menu-->\n<div class=\"no-top-margin\">\n<div class=\"msb-sticky-bar\">\n<div class=\"container\">\n  <div class=\"row\">\n    <div class=\"col-sm text-center\">\n      <a href=\"https:\/\/www.globalfilter.com\/fr\/nous-contacter\/\" class=\"btn btn-primary solution-trigger\">Contacter un expert<\/a>\n    <\/div>\n  <\/div>\n<\/div>\n<\/div>\n<\/div>\n<!--Open-->\n<section class=\"container\"><div class=\"row\"><div class=\"col-md-12\">\n\n\n\n<p>Gr\u00e2ce \u00e0 notre large gamme de produits, les cartouches et les corps de filtre Global Filter peuvent \u00eatre utilis\u00e9s dans une vari\u00e9t\u00e9 d\u2019applications. Notre objectif est d\u2019am\u00e9liorer votre processus et de relever avec succ\u00e8s des d\u00e9fis complexes. Nos ing\u00e9nieurs et techniciens travaillent en \u00e9troite collaboration avec les clients afin d\u2019identifier leurs besoins sp\u00e9cifiques en mati\u00e8re de filtration et d\u2019apporter une assistance en mati\u00e8re de recherche et d\u00e9veloppement dans le cadre des grands projets de filtration. Ceci est r\u00e9alis\u00e9 tout en \u00e9tant attentif aux objectifs de co\u00fbt des produits et d\u2019\u00e9ch\u00e9ancier.<\/p>\n\n\n\n<div class=\"wp-block-columns has-3-columns anm-columns is-layout-flex wp-container-core-columns-is-layout-9d6595d7 wp-block-columns-is-layout-flex\">\n<div class=\"wp-block-column is-layout-flow wp-block-column-is-layout-flow\">\n<figure class=\"wp-block-image size-large\"><img loading=\"lazy\" decoding=\"async\" width=\"300\" height=\"227\" src=\"https:\/\/www.globalfilter.com\/wp-content\/uploads\/2021\/08\/FG-Series-Pleated-Microglass-Media-1.png\" alt=\"\" class=\"wp-image-7544\" \/><\/figure>\n\n\n\n<h4 class=\"wp-block-heading\" id=\"h-cartouches-pliss-es\">Cartouches pliss\u00e9es<\/h4>\n\n\n\n<p>Les diff\u00e9rentes couches d\u2019\u00e9l\u00e9ments filtrants compos\u00e9s de fibres conf\u00e8rent une capacit\u00e9 de charge \u00e9lev\u00e9e pour une \u00e9limination optimale des particules plus petites que le seuil de r\u00e9tention microm\u00e9trique.&nbsp;<\/p>\n\n\n\n<div class=\"wp-block-button is-style-default\"><a class=\"wp-block-button__link has-white-color has-green-background-color has-text-color has-background\" href=\"https:\/\/www.globalfilter.com\/fr\/produits\/cartouches-plissees\/\">En savoir plus<\/a><\/div>\n<\/div>\n\n\n\n<div class=\"wp-block-column is-layout-flow wp-block-column-is-layout-flow\">\n<figure class=\"wp-block-image size-large\"><img loading=\"lazy\" decoding=\"async\" width=\"300\" height=\"230\" src=\"https:\/\/www.globalfilter.com\/wp-content\/uploads\/2021\/08\/Pleated-Membrane-222-and-226.png\" alt=\"\" class=\"wp-image-7548\" \/><\/figure>\n\n\n\n<h4 class=\"wp-block-heading\" id=\"h-cartouches-membrane-pliss-e\">Cartouches \u00e0 membrane pliss\u00e9e<\/h4>\n\n\n\n<p>Offrant les m\u00eames avantages que les cartouches de filtration en profondeur pliss\u00e9es standards, mais avec des m\u00e9dias cibl\u00e9s pour l\u2019\u00e9limination de la contamination particulaire et microbienne, souvent aux fins de filtration finale dans les applications exigeantes.<\/p>\n\n\n\n<div class=\"wp-block-button is-style-default\"><a class=\"wp-block-button__link has-white-color has-green-background-color has-text-color has-background\" href=\"https:\/\/www.globalfilter.com\/fr\/produits\/cartouches-a-membrane-plissee\/\">En savoir plus<\/a><\/div>\n<\/div>\n\n\n\n<div class=\"wp-block-column is-layout-flow wp-block-column-is-layout-flow\">\n<figure class=\"wp-block-image size-large\"><img loading=\"lazy\" decoding=\"async\" width=\"300\" height=\"217\" src=\"https:\/\/www.globalfilter.com\/wp-content\/uploads\/2021\/08\/GF_EHF3_7_2014-no-blue-background.png\" alt=\"\" class=\"wp-image-7552\" \/><\/figure>\n\n\n\n<h4 class=\"wp-block-heading\" id=\"h-cartouches-haut-d-bit\">Cartouches \u00e0 haut d\u00e9bit<\/h4>\n\n\n\n<p>Les filtres \u00e0 haut d\u00e9bit offrent les avantages et l\u2019efficacit\u00e9 des cartouches pliss\u00e9es ainsi que la capacit\u00e9 de s\u2019adapter \u00e0 un large \u00e9ventail d\u2019applications op\u00e9rant \u00e0 des d\u00e9bits plus \u00e9lev\u00e9s. La surface accrue du filtre permet d\u2019augmenter la capacit\u00e9 de d\u00e9bit par filtre et de r\u00e9duire ainsi les co\u00fbts li\u00e9s au remplacement du filtre.<\/p>\n\n\n\n<div class=\"wp-block-button is-style-default\"><a class=\"wp-block-button__link has-white-color has-green-background-color has-text-color has-background\" href=\"https:\/\/www.globalfilter.com\/fr\/produits\/cartouches-a-haut-debit\/\">En savoir plus<\/a><\/div>\n<\/div>\n<\/div>\n\n\n\n<div class=\"wp-block-columns has-3-columns anm-columns is-layout-flex wp-container-core-columns-is-layout-9d6595d7 wp-block-columns-is-layout-flex\">\n<div class=\"wp-block-column is-layout-flow wp-block-column-is-layout-flow\">\n<figure class=\"wp-block-image size-large\"><img loading=\"lazy\" decoding=\"async\" width=\"300\" height=\"164\" src=\"https:\/\/www.globalfilter.com\/wp-content\/uploads\/2021\/08\/meltblown_group-3-1.png\" alt=\"\" class=\"wp-image-7573\" \/><\/figure>\n\n\n\n<h4 class=\"wp-block-heading\" id=\"h-cartouches-de-filtration-en-profondeur\">Cartouches de filtration en profondeur<\/h4>\n\n\n\n<p>Elles sont id\u00e9ales pour la pr\u00e9filtration, la protection des cartouches pliss\u00e9es et \u00e9quipements co\u00fbteux en aval ou comme filtration finale dans une grande vari\u00e9t\u00e9 d\u2019industries et d\u2019applications.<\/p>\n\n\n\n<div class=\"wp-block-button is-style-default\"><a class=\"wp-block-button__link has-white-color has-green-background-color has-text-color has-background\" href=\"https:\/\/www.globalfilter.com\/fr\/produits\/cartouches-de-filtration-en-profondeur\/\">En savoir plus<\/a><\/div>\n<\/div>\n\n\n\n<div class=\"wp-block-column is-layout-flow wp-block-column-is-layout-flow\">\n<div class=\"wp-block-image\"><figure class=\"aligncenter size-large is-resized\"><img loading=\"lazy\" decoding=\"async\" src=\"https:\/\/www.globalfilter.com\/wp-content\/uploads\/2021\/08\/Standard-Felt-Liquid-Filter-Bags-3-edited.png\" alt=\"\" class=\"wp-image-7603\" width=\"157\" height=\"157\" srcset=\"https:\/\/www.globalfilter.com\/wp-content\/uploads\/2021\/08\/Standard-Felt-Liquid-Filter-Bags-3-edited.png 266w, https:\/\/www.globalfilter.com\/wp-content\/uploads\/2021\/08\/Standard-Felt-Liquid-Filter-Bags-3-edited-150x150.png 150w\" sizes=\"auto, (max-width: 157px) 100vw, 157px\" \/><\/figure><\/div>\n\n\n\n<h4 class=\"wp-block-heading\" id=\"h-poches-filtrantes-pour-liquides\">Poches filtrantes pour liquides<\/h4>\n\n\n\n<p>Adapt\u00e9es \u00e0 une tr\u00e8s large gamme d\u2019applications, les poches filtrantes pour liquides sont disponibles en versions nominales et d\u2019efficacit\u00e9 optimale, avec des s\u00e9lectivit\u00e9s allant de&nbsp;1 \u00e0 1&nbsp;500&nbsp;microns. Ces filtres \u00e9conomiques sont polyvalents et r\u00e9pondent aux exigences d\u2019une grande vari\u00e9t\u00e9 de configurations haut d\u00e9bit.<\/p>\n\n\n\n<div class=\"wp-block-button is-style-default\"><a class=\"wp-block-button__link has-white-color has-green-background-color has-text-color has-background\" href=\"https:\/\/www.globalfilter.com\/fr\/produits\/poches-filtrantes-pour-liquides\/\">En savoir plus<\/a><\/div>\n<\/div>\n\n\n\n<div class=\"wp-block-column is-layout-flow wp-block-column-is-layout-flow\">\n<figure class=\"wp-block-image size-large\"><img loading=\"lazy\" decoding=\"async\" width=\"300\" height=\"169\" src=\"https:\/\/www.globalfilter.com\/wp-content\/uploads\/2021\/08\/vessel-housing-group_ANM_homepage.png\" alt=\"\" class=\"wp-image-7565\" \/><\/figure>\n\n\n\n<h4 class=\"wp-block-heading\" id=\"h-corps-de-filtre\"><strong>Corps de filtre<\/strong><\/h4>\n\n\n\n<p>Propos\u00e9s en version avec ou sans code ASME, les corps de filtre de Global&nbsp;Filter r\u00e9pondent aux exigences de nombreuses applications et industries.<\/p>\n\n\n\n<div class=\"wp-block-button is-style-default\"><a class=\"wp-block-button__link has-white-color has-green-background-color has-text-color has-background\" href=\"https:\/\/www.globalfilter.com\/fr\/produits\/corps-de-filtre\/\">En savoir plus<\/a><\/div>\n<\/div>\n<\/div>\n","protected":false},"excerpt":{"rendered":"<p>Contacter un expert Gr\u00e2ce \u00e0 notre large gamme de produits, les cartouches et les corps de filtre Global Filter peuvent \u00eatre utilis\u00e9s dans une vari\u00e9t\u00e9 d\u2019applications. Notre objectif est d\u2019am\u00e9liorer votre processus et de relever avec succ\u00e8s des d\u00e9fis complexes. Nos ing\u00e9nieurs et techniciens travaillent en \u00e9troite collaboration avec les clients afin d\u2019identifier leurs besoins [&hellip;]<\/p>\n","protected":false},"author":4,"featured_media":3445,"parent":0,"menu_order":0,"comment_status":"closed","ping_status":"closed","template":"","meta":{"_acf_changed":false,"content-type":"","footnotes":""},"class_list":["post-1411","page","type-page","status-publish","has-post-thumbnail","hentry"],"acf":[],"yoast_head":"<!-- This site is optimized with the Yoast SEO plugin v27.3 - https:\/\/yoast.com\/product\/yoast-seo-wordpress\/ -->\n<title>Produits - Global Filter<\/title>\n<meta name=\"description\" content=\"Gr\u00e2ce \u00e0 notre large gamme de produits, les cartouches et les corps de filtre Global Filter peuvent \u00eatre utilis\u00e9s dans une vari\u00e9t\u00e9 d\u2019applications. Nos ing\u00e9nieurs et techniciens travaillent en \u00e9troite collaboration avec les clients afin d\u2019identifier leurs besoins sp\u00e9cifiques en mati\u00e8re de filtration et d\u2019apporter une assistance en mati\u00e8re de recherche et d\u00e9veloppement dans le cadre des grands projets de filtration, tout en restant attentifs aux objectifs de co\u00fbts de produit et d\u2019\u00e9ch\u00e9ancier.\" \/>\n<meta name=\"robots\" content=\"index, follow, max-snippet:-1, max-image-preview:large, max-video-preview:-1\" \/>\n<link rel=\"canonical\" href=\"https:\/\/www.globalfilter.com\/fr\/produits\/\" \/>\n<meta property=\"og:locale\" content=\"fr_FR\" \/>\n<meta property=\"og:type\" content=\"article\" \/>\n<meta property=\"og:title\" content=\"Produits - Global Filter\" \/>\n<meta property=\"og:description\" content=\"Gr\u00e2ce \u00e0 notre large gamme de produits, les cartouches et les corps de filtre Global Filter peuvent \u00eatre utilis\u00e9s dans une vari\u00e9t\u00e9 d\u2019applications. Nos ing\u00e9nieurs et techniciens travaillent en \u00e9troite collaboration avec les clients afin d\u2019identifier leurs besoins sp\u00e9cifiques en mati\u00e8re de filtration et d\u2019apporter une assistance en mati\u00e8re de recherche et d\u00e9veloppement dans le cadre des grands projets de filtration, tout en restant attentifs aux objectifs de co\u00fbts de produit et d\u2019\u00e9ch\u00e9ancier.\" \/>\n<meta property=\"og:url\" content=\"https:\/\/www.globalfilter.com\/fr\/produits\/\" \/>\n<meta property=\"og:site_name\" content=\"Global Filter\" \/>\n<meta property=\"article:modified_time\" content=\"2021-12-03T09:26:54+00:00\" \/>\n<meta property=\"og:image\" content=\"https:\/\/www.globalfilter.com\/wp-content\/uploads\/2020\/09\/IMG_Global-Filter-Product-Grouping-e1600118269667.png\" \/>\n\t<meta property=\"og:image:width\" content=\"1200\" \/>\n\t<meta property=\"og:image:height\" content=\"2035\" \/>\n\t<meta property=\"og:image:type\" content=\"image\/png\" \/>\n<meta name=\"twitter:card\" content=\"summary_large_image\" \/>\n<meta name=\"twitter:label1\" content=\"Dur\u00e9e de lecture estim\u00e9e\" \/>\n\t<meta name=\"twitter:data1\" content=\"3 minutes\" \/>\n<script type=\"application\/ld+json\" class=\"yoast-schema-graph\">{\"@context\":\"https:\\\/\\\/schema.org\",\"@graph\":[{\"@type\":\"WebPage\",\"@id\":\"https:\\\/\\\/www.globalfilter.com\\\/fr\\\/produits\\\/\",\"url\":\"https:\\\/\\\/www.globalfilter.com\\\/fr\\\/produits\\\/\",\"name\":\"Produits - Global Filter\",\"isPartOf\":{\"@id\":\"https:\\\/\\\/www.globalfilter.com\\\/fr\\\/#website\"},\"primaryImageOfPage\":{\"@id\":\"https:\\\/\\\/www.globalfilter.com\\\/fr\\\/produits\\\/#primaryimage\"},\"image\":{\"@id\":\"https:\\\/\\\/www.globalfilter.com\\\/fr\\\/produits\\\/#primaryimage\"},\"thumbnailUrl\":\"https:\\\/\\\/www.globalfilter.com\\\/wp-content\\\/uploads\\\/2020\\\/09\\\/IMG_Global-Filter-Product-Grouping-e1600118269667.png\",\"datePublished\":\"2020-02-03T17:02:12+00:00\",\"dateModified\":\"2021-12-03T09:26:54+00:00\",\"description\":\"Gr\u00e2ce \u00e0 notre large gamme de produits, les cartouches et les corps de filtre Global Filter peuvent \u00eatre utilis\u00e9s dans une vari\u00e9t\u00e9 d\u2019applications. Nos ing\u00e9nieurs et techniciens travaillent en \u00e9troite collaboration avec les clients afin d\u2019identifier leurs besoins sp\u00e9cifiques en mati\u00e8re de filtration et d\u2019apporter une assistance en mati\u00e8re de recherche et d\u00e9veloppement dans le cadre des grands projets de filtration, tout en restant attentifs aux objectifs de co\u00fbts de produit et d\u2019\u00e9ch\u00e9ancier.\",\"breadcrumb\":{\"@id\":\"https:\\\/\\\/www.globalfilter.com\\\/fr\\\/produits\\\/#breadcrumb\"},\"inLanguage\":\"fr-FR\",\"potentialAction\":[{\"@type\":\"ReadAction\",\"target\":[\"https:\\\/\\\/www.globalfilter.com\\\/fr\\\/produits\\\/\"]}]},{\"@type\":\"ImageObject\",\"inLanguage\":\"fr-FR\",\"@id\":\"https:\\\/\\\/www.globalfilter.com\\\/fr\\\/produits\\\/#primaryimage\",\"url\":\"https:\\\/\\\/www.globalfilter.com\\\/wp-content\\\/uploads\\\/2020\\\/09\\\/IMG_Global-Filter-Product-Grouping-e1600118269667.png\",\"contentUrl\":\"https:\\\/\\\/www.globalfilter.com\\\/wp-content\\\/uploads\\\/2020\\\/09\\\/IMG_Global-Filter-Product-Grouping-e1600118269667.png\",\"width\":1200,\"height\":2035,\"caption\":\"Global Filter Product Line\"},{\"@type\":\"BreadcrumbList\",\"@id\":\"https:\\\/\\\/www.globalfilter.com\\\/fr\\\/produits\\\/#breadcrumb\",\"itemListElement\":[{\"@type\":\"ListItem\",\"position\":1,\"name\":\"home\",\"item\":\"https:\\\/\\\/www.globalfilter.com\\\/fr\\\/\"},{\"@type\":\"ListItem\",\"position\":2,\"name\":\"Produits\"}]},{\"@type\":\"WebSite\",\"@id\":\"https:\\\/\\\/www.globalfilter.com\\\/fr\\\/#website\",\"url\":\"https:\\\/\\\/www.globalfilter.com\\\/fr\\\/\",\"name\":\"Global Filter\",\"description\":\"Making the World Safer, Healthier and More Productive\",\"publisher\":{\"@id\":\"https:\\\/\\\/www.globalfilter.com\\\/fr\\\/#organization\"},\"potentialAction\":[{\"@type\":\"SearchAction\",\"target\":{\"@type\":\"EntryPoint\",\"urlTemplate\":\"https:\\\/\\\/www.globalfilter.com\\\/fr\\\/?s={search_term_string}\"},\"query-input\":{\"@type\":\"PropertyValueSpecification\",\"valueRequired\":true,\"valueName\":\"search_term_string\"}}],\"inLanguage\":\"fr-FR\"},{\"@type\":\"Organization\",\"@id\":\"https:\\\/\\\/www.globalfilter.com\\\/fr\\\/#organization\",\"name\":\"Global filter\",\"url\":\"https:\\\/\\\/www.globalfilter.com\\\/fr\\\/\",\"logo\":{\"@type\":\"ImageObject\",\"inLanguage\":\"fr-FR\",\"@id\":\"https:\\\/\\\/www.globalfilter.com\\\/fr\\\/#\\\/schema\\\/logo\\\/image\\\/\",\"url\":\"https:\\\/\\\/www.globalfilter.com\\\/wp-content\\\/uploads\\\/2019\\\/06\\\/FGC-logo-1.png\",\"contentUrl\":\"https:\\\/\\\/www.globalfilter.com\\\/wp-content\\\/uploads\\\/2019\\\/06\\\/FGC-logo-1.png\",\"width\":1104,\"height\":224,\"caption\":\"Global filter\"},\"image\":{\"@id\":\"https:\\\/\\\/www.globalfilter.com\\\/fr\\\/#\\\/schema\\\/logo\\\/image\\\/\"},\"sameAs\":[\"https:\\\/\\\/www.linkedin.com\\\/company\\\/global-filter-llc\"]}]}<\/script>\n<!-- \/ Yoast SEO plugin. -->","yoast_head_json":{"title":"Produits - Global Filter","description":"Gr\u00e2ce \u00e0 notre large gamme de produits, les cartouches et les corps de filtre Global Filter peuvent \u00eatre utilis\u00e9s dans une vari\u00e9t\u00e9 d\u2019applications. Nos ing\u00e9nieurs et techniciens travaillent en \u00e9troite collaboration avec les clients afin d\u2019identifier leurs besoins sp\u00e9cifiques en mati\u00e8re de filtration et d\u2019apporter une assistance en mati\u00e8re de recherche et d\u00e9veloppement dans le cadre des grands projets de filtration, tout en restant attentifs aux objectifs de co\u00fbts de produit et d\u2019\u00e9ch\u00e9ancier.","robots":{"index":"index","follow":"follow","max-snippet":"max-snippet:-1","max-image-preview":"max-image-preview:large","max-video-preview":"max-video-preview:-1"},"canonical":"https:\/\/www.globalfilter.com\/fr\/produits\/","og_locale":"fr_FR","og_type":"article","og_title":"Produits - Global Filter","og_description":"Gr\u00e2ce \u00e0 notre large gamme de produits, les cartouches et les corps de filtre Global Filter peuvent \u00eatre utilis\u00e9s dans une vari\u00e9t\u00e9 d\u2019applications. Nos ing\u00e9nieurs et techniciens travaillent en \u00e9troite collaboration avec les clients afin d\u2019identifier leurs besoins sp\u00e9cifiques en mati\u00e8re de filtration et d\u2019apporter une assistance en mati\u00e8re de recherche et d\u00e9veloppement dans le cadre des grands projets de filtration, tout en restant attentifs aux objectifs de co\u00fbts de produit et d\u2019\u00e9ch\u00e9ancier.","og_url":"https:\/\/www.globalfilter.com\/fr\/produits\/","og_site_name":"Global Filter","article_modified_time":"2021-12-03T09:26:54+00:00","og_image":[{"width":1200,"height":2035,"url":"https:\/\/www.globalfilter.com\/wp-content\/uploads\/2020\/09\/IMG_Global-Filter-Product-Grouping-e1600118269667.png","type":"image\/png"}],"twitter_card":"summary_large_image","twitter_misc":{"Dur\u00e9e de lecture estim\u00e9e":"3 minutes"},"schema":{"@context":"https:\/\/schema.org","@graph":[{"@type":"WebPage","@id":"https:\/\/www.globalfilter.com\/fr\/produits\/","url":"https:\/\/www.globalfilter.com\/fr\/produits\/","name":"Produits - Global Filter","isPartOf":{"@id":"https:\/\/www.globalfilter.com\/fr\/#website"},"primaryImageOfPage":{"@id":"https:\/\/www.globalfilter.com\/fr\/produits\/#primaryimage"},"image":{"@id":"https:\/\/www.globalfilter.com\/fr\/produits\/#primaryimage"},"thumbnailUrl":"https:\/\/www.globalfilter.com\/wp-content\/uploads\/2020\/09\/IMG_Global-Filter-Product-Grouping-e1600118269667.png","datePublished":"2020-02-03T17:02:12+00:00","dateModified":"2021-12-03T09:26:54+00:00","description":"Gr\u00e2ce \u00e0 notre large gamme de produits, les cartouches et les corps de filtre Global Filter peuvent \u00eatre utilis\u00e9s dans une vari\u00e9t\u00e9 d\u2019applications. Nos ing\u00e9nieurs et techniciens travaillent en \u00e9troite collaboration avec les clients afin d\u2019identifier leurs besoins sp\u00e9cifiques en mati\u00e8re de filtration et d\u2019apporter une assistance en mati\u00e8re de recherche et d\u00e9veloppement dans le cadre des grands projets de filtration, tout en restant attentifs aux objectifs de co\u00fbts de produit et d\u2019\u00e9ch\u00e9ancier.","breadcrumb":{"@id":"https:\/\/www.globalfilter.com\/fr\/produits\/#breadcrumb"},"inLanguage":"fr-FR","potentialAction":[{"@type":"ReadAction","target":["https:\/\/www.globalfilter.com\/fr\/produits\/"]}]},{"@type":"ImageObject","inLanguage":"fr-FR","@id":"https:\/\/www.globalfilter.com\/fr\/produits\/#primaryimage","url":"https:\/\/www.globalfilter.com\/wp-content\/uploads\/2020\/09\/IMG_Global-Filter-Product-Grouping-e1600118269667.png","contentUrl":"https:\/\/www.globalfilter.com\/wp-content\/uploads\/2020\/09\/IMG_Global-Filter-Product-Grouping-e1600118269667.png","width":1200,"height":2035,"caption":"Global Filter Product Line"},{"@type":"BreadcrumbList","@id":"https:\/\/www.globalfilter.com\/fr\/produits\/#breadcrumb","itemListElement":[{"@type":"ListItem","position":1,"name":"home","item":"https:\/\/www.globalfilter.com\/fr\/"},{"@type":"ListItem","position":2,"name":"Produits"}]},{"@type":"WebSite","@id":"https:\/\/www.globalfilter.com\/fr\/#website","url":"https:\/\/www.globalfilter.com\/fr\/","name":"Global Filter","description":"Making the World Safer, Healthier and More Productive","publisher":{"@id":"https:\/\/www.globalfilter.com\/fr\/#organization"},"potentialAction":[{"@type":"SearchAction","target":{"@type":"EntryPoint","urlTemplate":"https:\/\/www.globalfilter.com\/fr\/?s={search_term_string}"},"query-input":{"@type":"PropertyValueSpecification","valueRequired":true,"valueName":"search_term_string"}}],"inLanguage":"fr-FR"},{"@type":"Organization","@id":"https:\/\/www.globalfilter.com\/fr\/#organization","name":"Global filter","url":"https:\/\/www.globalfilter.com\/fr\/","logo":{"@type":"ImageObject","inLanguage":"fr-FR","@id":"https:\/\/www.globalfilter.com\/fr\/#\/schema\/logo\/image\/","url":"https:\/\/www.globalfilter.com\/wp-content\/uploads\/2019\/06\/FGC-logo-1.png","contentUrl":"https:\/\/www.globalfilter.com\/wp-content\/uploads\/2019\/06\/FGC-logo-1.png","width":1104,"height":224,"caption":"Global filter"},"image":{"@id":"https:\/\/www.globalfilter.com\/fr\/#\/schema\/logo\/image\/"},"sameAs":["https:\/\/www.linkedin.com\/company\/global-filter-llc"]}]}},"_links":{"self":[{"href":"https:\/\/www.globalfilter.com\/fr\/wp-json\/wp\/v2\/pages\/1411","targetHints":{"allow":["GET"]}}],"collection":[{"href":"https:\/\/www.globalfilter.com\/fr\/wp-json\/wp\/v2\/pages"}],"about":[{"href":"https:\/\/www.globalfilter.com\/fr\/wp-json\/wp\/v2\/types\/page"}],"author":[{"embeddable":true,"href":"https:\/\/www.globalfilter.com\/fr\/wp-json\/wp\/v2\/users\/4"}],"replies":[{"embeddable":true,"href":"https:\/\/www.globalfilter.com\/fr\/wp-json\/wp\/v2\/comments?post=1411"}],"version-history":[{"count":0,"href":"https:\/\/www.globalfilter.com\/fr\/wp-json\/wp\/v2\/pages\/1411\/revisions"}],"wp:featuredmedia":[{"embeddable":true,"href":"https:\/\/www.globalfilter.com\/fr\/wp-json\/wp\/v2\/media\/3445"}],"wp:attachment":[{"href":"https:\/\/www.globalfilter.com\/fr\/wp-json\/wp\/v2\/media?parent=1411"}],"curies":[{"name":"wp","href":"https:\/\/api.w.org\/{rel}","templated":true}]}}