{"id":1412,"date":"2020-02-03T17:02:13","date_gmt":"2020-02-03T17:02:13","guid":{"rendered":"https:\/\/www.globalfilter.com\/polysulfone-hydrophile\/"},"modified":"2025-12-16T13:49:51","modified_gmt":"2025-12-16T13:49:51","slug":"polysulfone-hydrophile-2","status":"publish","type":"page","link":"https:\/\/www.globalfilter.com\/fr\/produits\/cartouches-a-membrane-plissee\/polysulfone-hydrophile-2\/","title":{"rendered":"Polysulfone hydrophile"},"content":{"rendered":"\n<div class=\"wp-block-cover alignfull is-light\" style=\"min-height:200px;aspect-ratio:unset;\"><img decoding=\"async\" class=\"wp-block-cover__image-background wp-image-362\" alt=\"\" src=\"https:\/\/www.globalfilter.com\/wp-content\/uploads\/2021\/08\/Gen2-Web-Banner-origional.jpg\" data-object-fit=\"cover\" \/><span aria-hidden=\"true\" class=\"wp-block-cover__background has-blue-background-color has-background-dim\"><\/span><div class=\"wp-block-cover__inner-container is-layout-flow wp-block-cover-is-layout-flow\">\n<h1 class=\"wp-block-heading has-text-align-center\" id=\"h-polysulfone-hydrophile\">Polysulfone hydrophile<\/h1>\n<\/div><\/div>\n\n\n\n<p>Le m\u00e9dia de filtration \u00e0 membrane en polysulfone hydrophile de haute puret\u00e9 offre un d\u00e9bit ainsi qu\u2019une capacit\u00e9 de charge exceptionnels gr\u00e2ce \u00e0 sa structure de pores tr\u00e8s asym\u00e9trique. Ce produit constitue le meilleur choix pour les applications requ\u00e9rant l\u2019efficacit\u00e9 d\u2019une membrane dot\u00e9e d\u2019une excellente dur\u00e9e de vie. La nature hydrophile de la membrane permet un mouillage imm\u00e9diat et maximise l\u2019utilisation de sa surface. De construction thermoli\u00e9e de haute puret\u00e9 qui garantit une propret\u00e9 et une large compatibilit\u00e9, les cartouches peuvent, en option, \u00eatre pr\u00e9rinc\u00e9es rapidement avec une eau charg\u00e9e \u00e0 18&nbsp;m\u00e9gaohms. Ces cartouches sont confectionn\u00e9es en salle blanche pour r\u00e9pondre aux standards \u00e9lev\u00e9s en termes de puret\u00e9 et de propret\u00e9.<\/p>\n\n\n\n<div class=\"wp-block-columns has-2-columns is-layout-flex wp-container-core-columns-is-layout-9d6595d7 wp-block-columns-is-layout-flex\">\n<div class=\"wp-block-column is-layout-flow wp-block-column-is-layout-flow\">\n<figure class=\"wp-block-image\"><img loading=\"lazy\" decoding=\"async\" width=\"1024\" height=\"576\" src=\"https:\/\/www.globalfilter.com\/wp-content\/uploads\/2019\/09\/GHPS-Series-1024x576.jpg\" alt=\"S\u00e9rie\u00a0GHPS\" class=\"wp-image-602\" srcset=\"https:\/\/www.globalfilter.com\/wp-content\/uploads\/2019\/09\/GHPS-Series-1024x576.jpg 1024w, https:\/\/www.globalfilter.com\/wp-content\/uploads\/2019\/09\/GHPS-Series-300x169.jpg 300w, https:\/\/www.globalfilter.com\/wp-content\/uploads\/2019\/09\/GHPS-Series-768x432.jpg 768w, https:\/\/www.globalfilter.com\/wp-content\/uploads\/2019\/09\/GHPS-Series.jpg 1920w\" sizes=\"auto, (max-width: 1024px) 100vw, 1024px\" \/><\/figure>\n\n\n\n<div class=\"wp-block-file aligncenter btn-file\"><a href=\"https:\/\/www.globalfilter.com\/wp-content\/uploads\/2025\/12\/D042A-GHPS-FR-1.pdf\" class=\"wp-block-file__button\">T\u00e9l\u00e9charger la fiche technique<\/a><\/div>\n<\/div>\n\n\n\n<div class=\"wp-block-column is-layout-flow wp-block-column-is-layout-flow\">\n<h2 class=\"wp-block-heading\" id=\"h-s-rie-ghps-en-polysulfone\">S\u00e9rie GHPS, en polysulfone<\/h2>\n\n\n\n<p>Les cartouches de filtration \u00e0 membrane en polysulfone de haute puret\u00e9 de la s\u00e9rie GHPS offrent un d\u00e9bit ainsi qu\u2019une capacit\u00e9 de charge exceptionnels gr\u00e2ce \u00e0 sa structure de pores tr\u00e8s asym\u00e9trique. Ce produit constitue le meilleur choix pour les applications requ\u00e9rant l\u2019efficacit\u00e9 d\u2019une membrane dot\u00e9e d\u2019une excellente dur\u00e9e de vie. La nature hydrophile de la membrane permet un mouillage imm\u00e9diat et maximise l\u2019utilisation de sa surface. De construction thermoli\u00e9e de haute puret\u00e9 qui garantit une propret\u00e9 et une large compatibilit\u00e9, les cartouches peuvent, en option, \u00eatre pr\u00e9rinc\u00e9es rapidement avec une eau charg\u00e9e \u00e0 18&nbsp;m\u00e9gaohms. Ces cartouches sont confectionn\u00e9es en salle blanche pour r\u00e9pondre aux standards \u00e9lev\u00e9s en termes de puret\u00e9 et de propret\u00e9. <\/p>\n\n\n\n<p><strong>Applications courantes<\/strong><\/p>\n\n\n\n<ul class=\"wp-block-list\">\n<li>Syst\u00e8mes de d\u00e9min\u00e9ralisation d\u2019eau<\/li>\n\n\n\n<li>Filtration de l\u2019eau \u00e0 usage courant<\/li>\n\n\n\n<li>Clarification des liquides<\/li>\n\n\n\n<li>Fluides de recirculation<\/li>\n\n\n\n<li>Filtration chimique<\/li>\n<\/ul>\n<\/div>\n<\/div>\n","protected":false},"excerpt":{"rendered":"<p>Le m\u00e9dia de filtration \u00e0 membrane en polysulfone hydrophile de haute puret\u00e9 offre un d\u00e9bit ainsi qu\u2019une capacit\u00e9 de charge exceptionnels gr\u00e2ce \u00e0 sa structure de pores tr\u00e8s asym\u00e9trique. Ce produit constitue le meilleur choix pour les applications requ\u00e9rant l\u2019efficacit\u00e9 d\u2019une membrane dot\u00e9e d\u2019une excellente dur\u00e9e de vie. La nature hydrophile de la membrane permet [&hellip;]<\/p>\n","protected":false},"author":3,"featured_media":5450,"parent":1415,"menu_order":0,"comment_status":"closed","ping_status":"closed","template":"","meta":{"_acf_changed":false,"content-type":"","footnotes":""},"class_list":["post-1412","page","type-page","status-publish","has-post-thumbnail","hentry"],"acf":[],"yoast_head":"<!-- This site is optimized with the Yoast SEO plugin v27.3 - https:\/\/yoast.com\/product\/yoast-seo-wordpress\/ -->\n<title>Polysulfone hydrophile - Global Filter<\/title>\n<meta name=\"robots\" content=\"index, follow, max-snippet:-1, max-image-preview:large, max-video-preview:-1\" \/>\n<link rel=\"canonical\" href=\"https:\/\/www.globalfilter.com\/fr\/produits\/cartouches-a-membrane-plissee\/polysulfone-hydrophile-2\/\" \/>\n<meta property=\"og:locale\" content=\"fr_FR\" \/>\n<meta property=\"og:type\" content=\"article\" \/>\n<meta property=\"og:title\" content=\"Polysulfone hydrophile - Global Filter\" \/>\n<meta property=\"og:description\" content=\"Le m\u00e9dia de filtration \u00e0 membrane en polysulfone hydrophile de haute puret\u00e9 offre un d\u00e9bit ainsi qu\u2019une capacit\u00e9 de charge exceptionnels gr\u00e2ce \u00e0 sa structure de pores tr\u00e8s asym\u00e9trique. Ce produit constitue le meilleur choix pour les applications requ\u00e9rant l\u2019efficacit\u00e9 d\u2019une membrane dot\u00e9e d\u2019une excellente dur\u00e9e de vie. La nature hydrophile de la membrane permet [&hellip;]\" \/>\n<meta property=\"og:url\" content=\"https:\/\/www.globalfilter.com\/fr\/produits\/cartouches-a-membrane-plissee\/polysulfone-hydrophile-2\/\" \/>\n<meta property=\"og:site_name\" content=\"Global Filter\" \/>\n<meta property=\"article:modified_time\" content=\"2025-12-16T13:49:51+00:00\" \/>\n<meta property=\"og:image\" content=\"https:\/\/www.globalfilter.com\/wp-content\/uploads\/2021\/02\/GHPS-Series-1.jpg\" \/>\n\t<meta property=\"og:image:width\" content=\"1920\" \/>\n\t<meta property=\"og:image:height\" content=\"1080\" \/>\n\t<meta property=\"og:image:type\" content=\"image\/jpeg\" \/>\n<meta name=\"twitter:card\" content=\"summary_large_image\" \/>\n<meta name=\"twitter:label1\" content=\"Dur\u00e9e de lecture estim\u00e9e\" \/>\n\t<meta name=\"twitter:data1\" content=\"2 minutes\" \/>\n<script type=\"application\/ld+json\" class=\"yoast-schema-graph\">{\"@context\":\"https:\\\/\\\/schema.org\",\"@graph\":[{\"@type\":\"WebPage\",\"@id\":\"https:\\\/\\\/www.globalfilter.com\\\/fr\\\/produits\\\/cartouches-a-membrane-plissee\\\/polysulfone-hydrophile-2\\\/\",\"url\":\"https:\\\/\\\/www.globalfilter.com\\\/fr\\\/produits\\\/cartouches-a-membrane-plissee\\\/polysulfone-hydrophile-2\\\/\",\"name\":\"Polysulfone hydrophile - Global Filter\",\"isPartOf\":{\"@id\":\"https:\\\/\\\/www.globalfilter.com\\\/fr\\\/#website\"},\"primaryImageOfPage\":{\"@id\":\"https:\\\/\\\/www.globalfilter.com\\\/fr\\\/produits\\\/cartouches-a-membrane-plissee\\\/polysulfone-hydrophile-2\\\/#primaryimage\"},\"image\":{\"@id\":\"https:\\\/\\\/www.globalfilter.com\\\/fr\\\/produits\\\/cartouches-a-membrane-plissee\\\/polysulfone-hydrophile-2\\\/#primaryimage\"},\"thumbnailUrl\":\"https:\\\/\\\/www.globalfilter.com\\\/wp-content\\\/uploads\\\/2021\\\/02\\\/GHPS-Series-1.jpg\",\"datePublished\":\"2020-02-03T17:02:13+00:00\",\"dateModified\":\"2025-12-16T13:49:51+00:00\",\"breadcrumb\":{\"@id\":\"https:\\\/\\\/www.globalfilter.com\\\/fr\\\/produits\\\/cartouches-a-membrane-plissee\\\/polysulfone-hydrophile-2\\\/#breadcrumb\"},\"inLanguage\":\"fr-FR\",\"potentialAction\":[{\"@type\":\"ReadAction\",\"target\":[\"https:\\\/\\\/www.globalfilter.com\\\/fr\\\/produits\\\/cartouches-a-membrane-plissee\\\/polysulfone-hydrophile-2\\\/\"]}]},{\"@type\":\"ImageObject\",\"inLanguage\":\"fr-FR\",\"@id\":\"https:\\\/\\\/www.globalfilter.com\\\/fr\\\/produits\\\/cartouches-a-membrane-plissee\\\/polysulfone-hydrophile-2\\\/#primaryimage\",\"url\":\"https:\\\/\\\/www.globalfilter.com\\\/wp-content\\\/uploads\\\/2021\\\/02\\\/GHPS-Series-1.jpg\",\"contentUrl\":\"https:\\\/\\\/www.globalfilter.com\\\/wp-content\\\/uploads\\\/2021\\\/02\\\/GHPS-Series-1.jpg\",\"width\":1920,\"height\":1080},{\"@type\":\"BreadcrumbList\",\"@id\":\"https:\\\/\\\/www.globalfilter.com\\\/fr\\\/produits\\\/cartouches-a-membrane-plissee\\\/polysulfone-hydrophile-2\\\/#breadcrumb\",\"itemListElement\":[{\"@type\":\"ListItem\",\"position\":1,\"name\":\"home\",\"item\":\"https:\\\/\\\/www.globalfilter.com\\\/fr\\\/\"},{\"@type\":\"ListItem\",\"position\":2,\"name\":\"Produits\",\"item\":\"https:\\\/\\\/www.globalfilter.com\\\/fr\\\/produits\\\/\"},{\"@type\":\"ListItem\",\"position\":3,\"name\":\"Cartouches membranes\",\"item\":\"https:\\\/\\\/www.globalfilter.com\\\/fr\\\/produits\\\/cartouches-a-membrane-plissee\\\/\"},{\"@type\":\"ListItem\",\"position\":4,\"name\":\"Polysulfone hydrophile\"}]},{\"@type\":\"WebSite\",\"@id\":\"https:\\\/\\\/www.globalfilter.com\\\/fr\\\/#website\",\"url\":\"https:\\\/\\\/www.globalfilter.com\\\/fr\\\/\",\"name\":\"Global Filter\",\"description\":\"Making the World Safer, Healthier and More Productive\",\"publisher\":{\"@id\":\"https:\\\/\\\/www.globalfilter.com\\\/fr\\\/#organization\"},\"potentialAction\":[{\"@type\":\"SearchAction\",\"target\":{\"@type\":\"EntryPoint\",\"urlTemplate\":\"https:\\\/\\\/www.globalfilter.com\\\/fr\\\/?s={search_term_string}\"},\"query-input\":{\"@type\":\"PropertyValueSpecification\",\"valueRequired\":true,\"valueName\":\"search_term_string\"}}],\"inLanguage\":\"fr-FR\"},{\"@type\":\"Organization\",\"@id\":\"https:\\\/\\\/www.globalfilter.com\\\/fr\\\/#organization\",\"name\":\"Global filter\",\"url\":\"https:\\\/\\\/www.globalfilter.com\\\/fr\\\/\",\"logo\":{\"@type\":\"ImageObject\",\"inLanguage\":\"fr-FR\",\"@id\":\"https:\\\/\\\/www.globalfilter.com\\\/fr\\\/#\\\/schema\\\/logo\\\/image\\\/\",\"url\":\"https:\\\/\\\/www.globalfilter.com\\\/wp-content\\\/uploads\\\/2019\\\/06\\\/FGC-logo-1.png\",\"contentUrl\":\"https:\\\/\\\/www.globalfilter.com\\\/wp-content\\\/uploads\\\/2019\\\/06\\\/FGC-logo-1.png\",\"width\":1104,\"height\":224,\"caption\":\"Global filter\"},\"image\":{\"@id\":\"https:\\\/\\\/www.globalfilter.com\\\/fr\\\/#\\\/schema\\\/logo\\\/image\\\/\"},\"sameAs\":[\"https:\\\/\\\/www.linkedin.com\\\/company\\\/global-filter-llc\"]}]}<\/script>\n<!-- \/ Yoast SEO plugin. -->","yoast_head_json":{"title":"Polysulfone hydrophile - Global Filter","robots":{"index":"index","follow":"follow","max-snippet":"max-snippet:-1","max-image-preview":"max-image-preview:large","max-video-preview":"max-video-preview:-1"},"canonical":"https:\/\/www.globalfilter.com\/fr\/produits\/cartouches-a-membrane-plissee\/polysulfone-hydrophile-2\/","og_locale":"fr_FR","og_type":"article","og_title":"Polysulfone hydrophile - Global Filter","og_description":"Le m\u00e9dia de filtration \u00e0 membrane en polysulfone hydrophile de haute puret\u00e9 offre un d\u00e9bit ainsi qu\u2019une capacit\u00e9 de charge exceptionnels gr\u00e2ce \u00e0 sa structure de pores tr\u00e8s asym\u00e9trique. Ce produit constitue le meilleur choix pour les applications requ\u00e9rant l\u2019efficacit\u00e9 d\u2019une membrane dot\u00e9e d\u2019une excellente dur\u00e9e de vie. La nature hydrophile de la membrane permet [&hellip;]","og_url":"https:\/\/www.globalfilter.com\/fr\/produits\/cartouches-a-membrane-plissee\/polysulfone-hydrophile-2\/","og_site_name":"Global Filter","article_modified_time":"2025-12-16T13:49:51+00:00","og_image":[{"width":1920,"height":1080,"url":"https:\/\/www.globalfilter.com\/wp-content\/uploads\/2021\/02\/GHPS-Series-1.jpg","type":"image\/jpeg"}],"twitter_card":"summary_large_image","twitter_misc":{"Dur\u00e9e de lecture estim\u00e9e":"2 minutes"},"schema":{"@context":"https:\/\/schema.org","@graph":[{"@type":"WebPage","@id":"https:\/\/www.globalfilter.com\/fr\/produits\/cartouches-a-membrane-plissee\/polysulfone-hydrophile-2\/","url":"https:\/\/www.globalfilter.com\/fr\/produits\/cartouches-a-membrane-plissee\/polysulfone-hydrophile-2\/","name":"Polysulfone hydrophile - Global Filter","isPartOf":{"@id":"https:\/\/www.globalfilter.com\/fr\/#website"},"primaryImageOfPage":{"@id":"https:\/\/www.globalfilter.com\/fr\/produits\/cartouches-a-membrane-plissee\/polysulfone-hydrophile-2\/#primaryimage"},"image":{"@id":"https:\/\/www.globalfilter.com\/fr\/produits\/cartouches-a-membrane-plissee\/polysulfone-hydrophile-2\/#primaryimage"},"thumbnailUrl":"https:\/\/www.globalfilter.com\/wp-content\/uploads\/2021\/02\/GHPS-Series-1.jpg","datePublished":"2020-02-03T17:02:13+00:00","dateModified":"2025-12-16T13:49:51+00:00","breadcrumb":{"@id":"https:\/\/www.globalfilter.com\/fr\/produits\/cartouches-a-membrane-plissee\/polysulfone-hydrophile-2\/#breadcrumb"},"inLanguage":"fr-FR","potentialAction":[{"@type":"ReadAction","target":["https:\/\/www.globalfilter.com\/fr\/produits\/cartouches-a-membrane-plissee\/polysulfone-hydrophile-2\/"]}]},{"@type":"ImageObject","inLanguage":"fr-FR","@id":"https:\/\/www.globalfilter.com\/fr\/produits\/cartouches-a-membrane-plissee\/polysulfone-hydrophile-2\/#primaryimage","url":"https:\/\/www.globalfilter.com\/wp-content\/uploads\/2021\/02\/GHPS-Series-1.jpg","contentUrl":"https:\/\/www.globalfilter.com\/wp-content\/uploads\/2021\/02\/GHPS-Series-1.jpg","width":1920,"height":1080},{"@type":"BreadcrumbList","@id":"https:\/\/www.globalfilter.com\/fr\/produits\/cartouches-a-membrane-plissee\/polysulfone-hydrophile-2\/#breadcrumb","itemListElement":[{"@type":"ListItem","position":1,"name":"home","item":"https:\/\/www.globalfilter.com\/fr\/"},{"@type":"ListItem","position":2,"name":"Produits","item":"https:\/\/www.globalfilter.com\/fr\/produits\/"},{"@type":"ListItem","position":3,"name":"Cartouches membranes","item":"https:\/\/www.globalfilter.com\/fr\/produits\/cartouches-a-membrane-plissee\/"},{"@type":"ListItem","position":4,"name":"Polysulfone hydrophile"}]},{"@type":"WebSite","@id":"https:\/\/www.globalfilter.com\/fr\/#website","url":"https:\/\/www.globalfilter.com\/fr\/","name":"Global Filter","description":"Making the World Safer, Healthier and More Productive","publisher":{"@id":"https:\/\/www.globalfilter.com\/fr\/#organization"},"potentialAction":[{"@type":"SearchAction","target":{"@type":"EntryPoint","urlTemplate":"https:\/\/www.globalfilter.com\/fr\/?s={search_term_string}"},"query-input":{"@type":"PropertyValueSpecification","valueRequired":true,"valueName":"search_term_string"}}],"inLanguage":"fr-FR"},{"@type":"Organization","@id":"https:\/\/www.globalfilter.com\/fr\/#organization","name":"Global filter","url":"https:\/\/www.globalfilter.com\/fr\/","logo":{"@type":"ImageObject","inLanguage":"fr-FR","@id":"https:\/\/www.globalfilter.com\/fr\/#\/schema\/logo\/image\/","url":"https:\/\/www.globalfilter.com\/wp-content\/uploads\/2019\/06\/FGC-logo-1.png","contentUrl":"https:\/\/www.globalfilter.com\/wp-content\/uploads\/2019\/06\/FGC-logo-1.png","width":1104,"height":224,"caption":"Global filter"},"image":{"@id":"https:\/\/www.globalfilter.com\/fr\/#\/schema\/logo\/image\/"},"sameAs":["https:\/\/www.linkedin.com\/company\/global-filter-llc"]}]}},"_links":{"self":[{"href":"https:\/\/www.globalfilter.com\/fr\/wp-json\/wp\/v2\/pages\/1412","targetHints":{"allow":["GET"]}}],"collection":[{"href":"https:\/\/www.globalfilter.com\/fr\/wp-json\/wp\/v2\/pages"}],"about":[{"href":"https:\/\/www.globalfilter.com\/fr\/wp-json\/wp\/v2\/types\/page"}],"author":[{"embeddable":true,"href":"https:\/\/www.globalfilter.com\/fr\/wp-json\/wp\/v2\/users\/3"}],"replies":[{"embeddable":true,"href":"https:\/\/www.globalfilter.com\/fr\/wp-json\/wp\/v2\/comments?post=1412"}],"version-history":[{"count":0,"href":"https:\/\/www.globalfilter.com\/fr\/wp-json\/wp\/v2\/pages\/1412\/revisions"}],"up":[{"embeddable":true,"href":"https:\/\/www.globalfilter.com\/fr\/wp-json\/wp\/v2\/pages\/1415"}],"wp:featuredmedia":[{"embeddable":true,"href":"https:\/\/www.globalfilter.com\/fr\/wp-json\/wp\/v2\/media\/5450"}],"wp:attachment":[{"href":"https:\/\/www.globalfilter.com\/fr\/wp-json\/wp\/v2\/media?parent=1412"}],"curies":[{"name":"wp","href":"https:\/\/api.w.org\/{rel}","templated":true}]}}