{"id":1413,"date":"2020-02-03T17:02:13","date_gmt":"2020-02-03T17:02:13","guid":{"rendered":"https:\/\/www.globalfilter.com\/produits\/corps-de-filtre\/"},"modified":"2026-01-21T14:06:55","modified_gmt":"2026-01-21T14:06:55","slug":"corps-de-filtre","status":"publish","type":"page","link":"https:\/\/www.globalfilter.com\/fr\/produits\/corps-de-filtre\/","title":{"rendered":"Corps de filtre"},"content":{"rendered":"\n<div class=\"wp-block-cover alignfull\" style=\"min-height:200px;aspect-ratio:unset;\"><img decoding=\"async\" class=\"wp-block-cover__image-background wp-image-362\" alt=\"\" src=\"https:\/\/www.globalfilter.com\/wp-content\/uploads\/2021\/08\/Gen2-Web-Banner-origional.jpg\" data-object-fit=\"cover\" \/><span aria-hidden=\"true\" class=\"wp-block-cover__background has-blue-background-color has-background-dim\"><\/span><div class=\"wp-block-cover__inner-container is-layout-flow wp-block-cover-is-layout-flow\">\n<h1 class=\"wp-block-heading has-text-align-center\" id=\"h-corps-de-filtre\">Corps de filtre<\/h1>\n<\/div><\/div>\n\n\n\n<!--Close-->\t\n<\/div><\/div><\/section>\n<!--Menu-->\n<div class=\"no-top-margin\">\n<div class=\"msb-sticky-bar\">\n<div class=\"container\">\n  <div class=\"row\">\n    <div class=\"col-sm text-center\">\n      <a href=\"https:\/\/www.globalfilter.com\/fr\/nous-contacter\/\" class=\"btn btn-primary solution-trigger\">Contacter un expert<\/a>\n    <\/div>\n  <\/div>\n<\/div>\n<\/div>\n<\/div>\n<!--Open-->\n<section class=\"container\"><div class=\"row\"><div class=\"col-md-12\">\n\n\n\n<div class=\"wp-block-buttons is-horizontal is-content-justification-center is-layout-flex wp-container-core-buttons-is-layout-499968f5 wp-block-buttons-is-layout-flex\">\n<div class=\"wp-block-button\"><a class=\"wp-block-button__link has-green-background-color has-background wp-element-button\" href=\"https:\/\/www.globalfilter.com\/wp-content\/uploads\/2022\/01\/Global-Filter-EU_Housing-Stock-list-23-April-2026.pdf\">T\u00e9l\u00e9charger l&rsquo;inventaire des corps de filtres Europe<\/a><\/div>\n<\/div>\n\n\n\n<div class=\"wp-block-columns has-2-columns anm-columns is-layout-flex wp-container-core-columns-is-layout-9d6595d7 wp-block-columns-is-layout-flex\">\n<div class=\"wp-block-column is-layout-flow wp-block-column-is-layout-flow\">\n<figure class=\"wp-block-image\"><img loading=\"lazy\" decoding=\"async\" width=\"918\" height=\"516\" src=\"https:\/\/www.globalfilter.com\/wp-content\/uploads\/2019\/09\/Cartridge-Vessels.jpg\" alt=\"Corps de filtre \u00e0 cartouches\" class=\"wp-image-544\" srcset=\"https:\/\/www.globalfilter.com\/wp-content\/uploads\/2019\/09\/Cartridge-Vessels.jpg 918w, https:\/\/www.globalfilter.com\/wp-content\/uploads\/2019\/09\/Cartridge-Vessels-300x169.jpg 300w, https:\/\/www.globalfilter.com\/wp-content\/uploads\/2019\/09\/Cartridge-Vessels-768x432.jpg 768w\" sizes=\"auto, (max-width: 918px) 100vw, 918px\" \/><\/figure>\n\n\n\n<h4 class=\"wp-block-heading\" id=\"h-corps-de-filtre-cartouches\">Corps de filtre \u00e0 cartouches<\/h4>\n\n\n\n<p>Adaptable et adapt\u00e9 pour l\u2019\u00e9limination des contaminants dans une grande vari\u00e9t\u00e9 d\u2019applications industrielles et commerciales<\/p>\n\n\n\n<div class=\"wp-block-button\"><a class=\"wp-block-button__link has-white-color has-green-background-color has-text-color has-background wp-element-button\" href=\"https:\/\/www.globalfilter.com\/fr\/produits\/corps-de-filtre\/corps-de-filtre-a-cartouches\/\">En savoir plus<\/a><\/div>\n<\/div>\n\n\n\n<div class=\"wp-block-column is-layout-flow wp-block-column-is-layout-flow\">\n<figure class=\"wp-block-image\"><img loading=\"lazy\" decoding=\"async\" width=\"746\" height=\"420\" src=\"https:\/\/www.globalfilter.com\/wp-content\/uploads\/2019\/09\/Bag-Vessels.jpg\" alt=\"Corps de filtre \u00e0 poche\" class=\"wp-image-542\" srcset=\"https:\/\/www.globalfilter.com\/wp-content\/uploads\/2019\/09\/Bag-Vessels.jpg 746w, https:\/\/www.globalfilter.com\/wp-content\/uploads\/2019\/09\/Bag-Vessels-300x169.jpg 300w\" sizes=\"auto, (max-width: 746px) 100vw, 746px\" \/><\/figure>\n\n\n\n<h4 class=\"wp-block-heading\" id=\"h-corps-de-filtre-poche\">Corps de filtre \u00e0 poche<\/h4>\n\n\n\n<p>Adaptable et adapt\u00e9 pour l\u2019\u00e9limination des contaminants dans une grande vari\u00e9t\u00e9 d\u2019applications \u00e0 haut d\u00e9bit industrielles et commerciales<\/p>\n\n\n\n<div class=\"wp-block-button\"><a class=\"wp-block-button__link has-white-color has-green-background-color has-text-color has-background wp-element-button\" href=\"https:\/\/www.globalfilter.com\/fr\/produits\/corps-de-filtre\/corps-de-filtre-a-poche\/\">En savoir plus<\/a><\/div>\n<\/div>\n<\/div>\n\n\n\n<div class=\"wp-block-media-text alignwide is-stacked-on-mobile\"><figure class=\"wp-block-media-text__media\"><img loading=\"lazy\" decoding=\"async\" width=\"547\" height=\"710\" src=\"https:\/\/www.globalfilter.com\/wp-content\/uploads\/2022\/03\/picture-vessel-brochure.png\" alt=\"\" class=\"wp-image-8602 size-full\" srcset=\"https:\/\/www.globalfilter.com\/wp-content\/uploads\/2022\/03\/picture-vessel-brochure.png 547w, https:\/\/www.globalfilter.com\/wp-content\/uploads\/2022\/03\/picture-vessel-brochure-231x300.png 231w\" sizes=\"auto, (max-width: 547px) 100vw, 547px\" \/><\/figure><div class=\"wp-block-media-text__content\">\n<h3 class=\"wp-block-heading\" id=\"h-brochure-corps-de-filtres-et-accessoires\"><strong><strong>Brochure Corps de Filtres<\/strong><\/strong> et accessoires<\/h3>\n\n\n\n<p>Cette brochure liste la gamme de corps de filtre ainsi que leurs accessoires et pi\u00e8ces d\u00e9tach\u00e9es.<br><br><a href=\"https:\/\/4ea61625un9q3qhhc33s2py2-wpengine.netdna-ssl.com\/wp-content\/uploads\/2019\/12\/catalogue-Global-Filter-final-franc%CC%A7ais-16-09-2020.pdf\">GLOBAL <\/a><a href=\"https:\/\/4ea61625un9q3qhhc33s2py2-wpengine.netdna-ssl.com\/wp-content\/uploads\/2019\/12\/catalogue-Global-Filter-final-franc%CC%A7ais-16-09-2020.pdf\" target=\"_blank\" rel=\"noreferrer noopener\">FILTER<\/a><a href=\"https:\/\/www.globalfilter.com\/wp-content\/uploads\/2026\/01\/Global-Filter-Brochure-Corps-de-filtres-FR.pdf\"> BROCHURE CORPS DE FILTRES<\/a><\/p>\n<\/div><\/div>\n","protected":false},"excerpt":{"rendered":"<p>Contacter un expert Corps de filtre \u00e0 cartouches Adaptable et adapt\u00e9 pour l\u2019\u00e9limination des contaminants dans une grande vari\u00e9t\u00e9 d\u2019applications industrielles et commerciales Corps de filtre \u00e0 poche Adaptable et adapt\u00e9 pour l\u2019\u00e9limination des contaminants dans une grande vari\u00e9t\u00e9 d\u2019applications \u00e0 haut d\u00e9bit industrielles et commerciales Brochure Corps de Filtres et accessoires Cette brochure liste [&hellip;]<\/p>\n","protected":false},"author":3,"featured_media":0,"parent":1411,"menu_order":0,"comment_status":"closed","ping_status":"closed","template":"","meta":{"_acf_changed":false,"content-type":"","footnotes":""},"class_list":["post-1413","page","type-page","status-publish","hentry"],"acf":[],"yoast_head":"<!-- This site is optimized with the Yoast SEO plugin v27.3 - https:\/\/yoast.com\/product\/yoast-seo-wordpress\/ -->\n<title>Corps de filtre - Global Filter<\/title>\n<meta name=\"description\" content=\"Propos\u00e9s en version avec ou sans code ASME, les corps de filtre de Global\u00a0Filter r\u00e9pondent aux exigences de nombreuses applications et industries. Construction robuste, disponible en acier inoxydable 304 et 316 et en acier carbone, pour des d\u00e9bits de processus allant de 3 \u00e0 1\u00a0500\u00a0GPM.\" \/>\n<meta name=\"robots\" content=\"index, follow, max-snippet:-1, max-image-preview:large, max-video-preview:-1\" \/>\n<link rel=\"canonical\" href=\"https:\/\/www.globalfilter.com\/fr\/produits\/corps-de-filtre\/\" \/>\n<meta property=\"og:locale\" content=\"fr_FR\" \/>\n<meta property=\"og:type\" content=\"article\" \/>\n<meta property=\"og:title\" content=\"Corps de filtre - Global Filter\" \/>\n<meta property=\"og:description\" content=\"Propos\u00e9s en version avec ou sans code ASME, les corps de filtre de Global\u00a0Filter r\u00e9pondent aux exigences de nombreuses applications et industries. Construction robuste, disponible en acier inoxydable 304 et 316 et en acier carbone, pour des d\u00e9bits de processus allant de 3 \u00e0 1\u00a0500\u00a0GPM.\" \/>\n<meta property=\"og:url\" content=\"https:\/\/www.globalfilter.com\/fr\/produits\/corps-de-filtre\/\" \/>\n<meta property=\"og:site_name\" content=\"Global Filter\" \/>\n<meta property=\"article:modified_time\" content=\"2026-01-21T14:06:55+00:00\" \/>\n<meta property=\"og:image\" content=\"https:\/\/www.globalfilter.com\/wp-content\/uploads\/2019\/09\/blank.png\" \/>\n\t<meta property=\"og:image:width\" content=\"1\" \/>\n\t<meta property=\"og:image:height\" content=\"1\" \/>\n\t<meta property=\"og:image:type\" content=\"image\/png\" \/>\n<meta name=\"twitter:card\" content=\"summary_large_image\" \/>\n<meta name=\"twitter:label1\" content=\"Dur\u00e9e de lecture estim\u00e9e\" \/>\n\t<meta name=\"twitter:data1\" content=\"2 minutes\" \/>\n<script type=\"application\/ld+json\" class=\"yoast-schema-graph\">{\"@context\":\"https:\\\/\\\/schema.org\",\"@graph\":[{\"@type\":\"WebPage\",\"@id\":\"https:\\\/\\\/www.globalfilter.com\\\/fr\\\/produits\\\/corps-de-filtre\\\/\",\"url\":\"https:\\\/\\\/www.globalfilter.com\\\/fr\\\/produits\\\/corps-de-filtre\\\/\",\"name\":\"Corps de filtre - Global Filter\",\"isPartOf\":{\"@id\":\"https:\\\/\\\/www.globalfilter.com\\\/fr\\\/#website\"},\"primaryImageOfPage\":{\"@id\":\"https:\\\/\\\/www.globalfilter.com\\\/fr\\\/produits\\\/corps-de-filtre\\\/#primaryimage\"},\"image\":{\"@id\":\"https:\\\/\\\/www.globalfilter.com\\\/fr\\\/produits\\\/corps-de-filtre\\\/#primaryimage\"},\"thumbnailUrl\":\"https:\\\/\\\/www.globalfilter.com\\\/wp-content\\\/uploads\\\/2021\\\/08\\\/Gen2-Web-Banner-origional.jpg\",\"datePublished\":\"2020-02-03T17:02:13+00:00\",\"dateModified\":\"2026-01-21T14:06:55+00:00\",\"description\":\"Propos\u00e9s en version avec ou sans code ASME, les corps de filtre de Global\u00a0Filter r\u00e9pondent aux exigences de nombreuses applications et industries. Construction robuste, disponible en acier inoxydable 304 et 316 et en acier carbone, pour des d\u00e9bits de processus allant de 3 \u00e0 1\u00a0500\u00a0GPM.\",\"breadcrumb\":{\"@id\":\"https:\\\/\\\/www.globalfilter.com\\\/fr\\\/produits\\\/corps-de-filtre\\\/#breadcrumb\"},\"inLanguage\":\"fr-FR\",\"potentialAction\":[{\"@type\":\"ReadAction\",\"target\":[\"https:\\\/\\\/www.globalfilter.com\\\/fr\\\/produits\\\/corps-de-filtre\\\/\"]}]},{\"@type\":\"ImageObject\",\"inLanguage\":\"fr-FR\",\"@id\":\"https:\\\/\\\/www.globalfilter.com\\\/fr\\\/produits\\\/corps-de-filtre\\\/#primaryimage\",\"url\":\"https:\\\/\\\/www.globalfilter.com\\\/wp-content\\\/uploads\\\/2021\\\/08\\\/Gen2-Web-Banner-origional.jpg\",\"contentUrl\":\"https:\\\/\\\/www.globalfilter.com\\\/wp-content\\\/uploads\\\/2021\\\/08\\\/Gen2-Web-Banner-origional.jpg\"},{\"@type\":\"BreadcrumbList\",\"@id\":\"https:\\\/\\\/www.globalfilter.com\\\/fr\\\/produits\\\/corps-de-filtre\\\/#breadcrumb\",\"itemListElement\":[{\"@type\":\"ListItem\",\"position\":1,\"name\":\"home\",\"item\":\"https:\\\/\\\/www.globalfilter.com\\\/fr\\\/\"},{\"@type\":\"ListItem\",\"position\":2,\"name\":\"Produits\",\"item\":\"https:\\\/\\\/www.globalfilter.com\\\/fr\\\/produits\\\/\"},{\"@type\":\"ListItem\",\"position\":3,\"name\":\"Corps de filtre\"}]},{\"@type\":\"WebSite\",\"@id\":\"https:\\\/\\\/www.globalfilter.com\\\/fr\\\/#website\",\"url\":\"https:\\\/\\\/www.globalfilter.com\\\/fr\\\/\",\"name\":\"Global Filter\",\"description\":\"Making the World Safer, Healthier and More Productive\",\"publisher\":{\"@id\":\"https:\\\/\\\/www.globalfilter.com\\\/fr\\\/#organization\"},\"potentialAction\":[{\"@type\":\"SearchAction\",\"target\":{\"@type\":\"EntryPoint\",\"urlTemplate\":\"https:\\\/\\\/www.globalfilter.com\\\/fr\\\/?s={search_term_string}\"},\"query-input\":{\"@type\":\"PropertyValueSpecification\",\"valueRequired\":true,\"valueName\":\"search_term_string\"}}],\"inLanguage\":\"fr-FR\"},{\"@type\":\"Organization\",\"@id\":\"https:\\\/\\\/www.globalfilter.com\\\/fr\\\/#organization\",\"name\":\"Global filter\",\"url\":\"https:\\\/\\\/www.globalfilter.com\\\/fr\\\/\",\"logo\":{\"@type\":\"ImageObject\",\"inLanguage\":\"fr-FR\",\"@id\":\"https:\\\/\\\/www.globalfilter.com\\\/fr\\\/#\\\/schema\\\/logo\\\/image\\\/\",\"url\":\"https:\\\/\\\/www.globalfilter.com\\\/wp-content\\\/uploads\\\/2019\\\/06\\\/FGC-logo-1.png\",\"contentUrl\":\"https:\\\/\\\/www.globalfilter.com\\\/wp-content\\\/uploads\\\/2019\\\/06\\\/FGC-logo-1.png\",\"width\":1104,\"height\":224,\"caption\":\"Global filter\"},\"image\":{\"@id\":\"https:\\\/\\\/www.globalfilter.com\\\/fr\\\/#\\\/schema\\\/logo\\\/image\\\/\"},\"sameAs\":[\"https:\\\/\\\/www.linkedin.com\\\/company\\\/global-filter-llc\"]}]}<\/script>\n<!-- \/ Yoast SEO plugin. -->","yoast_head_json":{"title":"Corps de filtre - Global Filter","description":"Propos\u00e9s en version avec ou sans code ASME, les corps de filtre de Global\u00a0Filter r\u00e9pondent aux exigences de nombreuses applications et industries. Construction robuste, disponible en acier inoxydable 304 et 316 et en acier carbone, pour des d\u00e9bits de processus allant de 3 \u00e0 1\u00a0500\u00a0GPM.","robots":{"index":"index","follow":"follow","max-snippet":"max-snippet:-1","max-image-preview":"max-image-preview:large","max-video-preview":"max-video-preview:-1"},"canonical":"https:\/\/www.globalfilter.com\/fr\/produits\/corps-de-filtre\/","og_locale":"fr_FR","og_type":"article","og_title":"Corps de filtre - Global Filter","og_description":"Propos\u00e9s en version avec ou sans code ASME, les corps de filtre de Global\u00a0Filter r\u00e9pondent aux exigences de nombreuses applications et industries. Construction robuste, disponible en acier inoxydable 304 et 316 et en acier carbone, pour des d\u00e9bits de processus allant de 3 \u00e0 1\u00a0500\u00a0GPM.","og_url":"https:\/\/www.globalfilter.com\/fr\/produits\/corps-de-filtre\/","og_site_name":"Global Filter","article_modified_time":"2026-01-21T14:06:55+00:00","og_image":[{"width":1,"height":1,"url":"https:\/\/www.globalfilter.com\/wp-content\/uploads\/2019\/09\/blank.png","type":"image\/png"}],"twitter_card":"summary_large_image","twitter_misc":{"Dur\u00e9e de lecture estim\u00e9e":"2 minutes"},"schema":{"@context":"https:\/\/schema.org","@graph":[{"@type":"WebPage","@id":"https:\/\/www.globalfilter.com\/fr\/produits\/corps-de-filtre\/","url":"https:\/\/www.globalfilter.com\/fr\/produits\/corps-de-filtre\/","name":"Corps de filtre - Global Filter","isPartOf":{"@id":"https:\/\/www.globalfilter.com\/fr\/#website"},"primaryImageOfPage":{"@id":"https:\/\/www.globalfilter.com\/fr\/produits\/corps-de-filtre\/#primaryimage"},"image":{"@id":"https:\/\/www.globalfilter.com\/fr\/produits\/corps-de-filtre\/#primaryimage"},"thumbnailUrl":"https:\/\/www.globalfilter.com\/wp-content\/uploads\/2021\/08\/Gen2-Web-Banner-origional.jpg","datePublished":"2020-02-03T17:02:13+00:00","dateModified":"2026-01-21T14:06:55+00:00","description":"Propos\u00e9s en version avec ou sans code ASME, les corps de filtre de Global\u00a0Filter r\u00e9pondent aux exigences de nombreuses applications et industries. Construction robuste, disponible en acier inoxydable 304 et 316 et en acier carbone, pour des d\u00e9bits de processus allant de 3 \u00e0 1\u00a0500\u00a0GPM.","breadcrumb":{"@id":"https:\/\/www.globalfilter.com\/fr\/produits\/corps-de-filtre\/#breadcrumb"},"inLanguage":"fr-FR","potentialAction":[{"@type":"ReadAction","target":["https:\/\/www.globalfilter.com\/fr\/produits\/corps-de-filtre\/"]}]},{"@type":"ImageObject","inLanguage":"fr-FR","@id":"https:\/\/www.globalfilter.com\/fr\/produits\/corps-de-filtre\/#primaryimage","url":"https:\/\/www.globalfilter.com\/wp-content\/uploads\/2021\/08\/Gen2-Web-Banner-origional.jpg","contentUrl":"https:\/\/www.globalfilter.com\/wp-content\/uploads\/2021\/08\/Gen2-Web-Banner-origional.jpg"},{"@type":"BreadcrumbList","@id":"https:\/\/www.globalfilter.com\/fr\/produits\/corps-de-filtre\/#breadcrumb","itemListElement":[{"@type":"ListItem","position":1,"name":"home","item":"https:\/\/www.globalfilter.com\/fr\/"},{"@type":"ListItem","position":2,"name":"Produits","item":"https:\/\/www.globalfilter.com\/fr\/produits\/"},{"@type":"ListItem","position":3,"name":"Corps de filtre"}]},{"@type":"WebSite","@id":"https:\/\/www.globalfilter.com\/fr\/#website","url":"https:\/\/www.globalfilter.com\/fr\/","name":"Global Filter","description":"Making the World Safer, Healthier and More Productive","publisher":{"@id":"https:\/\/www.globalfilter.com\/fr\/#organization"},"potentialAction":[{"@type":"SearchAction","target":{"@type":"EntryPoint","urlTemplate":"https:\/\/www.globalfilter.com\/fr\/?s={search_term_string}"},"query-input":{"@type":"PropertyValueSpecification","valueRequired":true,"valueName":"search_term_string"}}],"inLanguage":"fr-FR"},{"@type":"Organization","@id":"https:\/\/www.globalfilter.com\/fr\/#organization","name":"Global filter","url":"https:\/\/www.globalfilter.com\/fr\/","logo":{"@type":"ImageObject","inLanguage":"fr-FR","@id":"https:\/\/www.globalfilter.com\/fr\/#\/schema\/logo\/image\/","url":"https:\/\/www.globalfilter.com\/wp-content\/uploads\/2019\/06\/FGC-logo-1.png","contentUrl":"https:\/\/www.globalfilter.com\/wp-content\/uploads\/2019\/06\/FGC-logo-1.png","width":1104,"height":224,"caption":"Global filter"},"image":{"@id":"https:\/\/www.globalfilter.com\/fr\/#\/schema\/logo\/image\/"},"sameAs":["https:\/\/www.linkedin.com\/company\/global-filter-llc"]}]}},"_links":{"self":[{"href":"https:\/\/www.globalfilter.com\/fr\/wp-json\/wp\/v2\/pages\/1413","targetHints":{"allow":["GET"]}}],"collection":[{"href":"https:\/\/www.globalfilter.com\/fr\/wp-json\/wp\/v2\/pages"}],"about":[{"href":"https:\/\/www.globalfilter.com\/fr\/wp-json\/wp\/v2\/types\/page"}],"author":[{"embeddable":true,"href":"https:\/\/www.globalfilter.com\/fr\/wp-json\/wp\/v2\/users\/3"}],"replies":[{"embeddable":true,"href":"https:\/\/www.globalfilter.com\/fr\/wp-json\/wp\/v2\/comments?post=1413"}],"version-history":[{"count":0,"href":"https:\/\/www.globalfilter.com\/fr\/wp-json\/wp\/v2\/pages\/1413\/revisions"}],"up":[{"embeddable":true,"href":"https:\/\/www.globalfilter.com\/fr\/wp-json\/wp\/v2\/pages\/1411"}],"wp:attachment":[{"href":"https:\/\/www.globalfilter.com\/fr\/wp-json\/wp\/v2\/media?parent=1413"}],"curies":[{"name":"wp","href":"https:\/\/api.w.org\/{rel}","templated":true}]}}